{"id":4801,"date":"2018-11-15T21:35:11","date_gmt":"2018-11-15T20:35:11","guid":{"rendered":"http:\/\/www.presstourism.ch\/WP_ALEX\/?page_id=4801"},"modified":"2024-04-10T17:02:15","modified_gmt":"2024-04-10T15:02:15","slug":"periple-dun-autre-temps-a-la-furka","status":"publish","type":"page","link":"http:\/\/www.presstourism.ch\/?page_id=4801","title":{"rendered":"P\u00e9riple d&rsquo;un autre temps \u00e0 la Furka"},"content":{"rendered":"<div id=\"attachment_4802\" style=\"width: 650px\" class=\"wp-caption alignnone\"><a href=\"https:\/\/i0.wp.com\/www.presstourism.ch\/WP_ALEX\/wp-content\/uploads\/2018\/11\/1TrainFurkaConches-Largeur-max.-1024-Hauteur-max.-768.jpg\"><img aria-describedby=\"caption-attachment-4802\" loading=\"lazy\" class=\"size-large wp-image-4802\" src=\"https:\/\/i2.wp.com\/www.presstourism.ch\/WP_ALEX\/wp-content\/uploads\/2018\/11\/1TrainFurkaConches-Largeur-max.-1024-Hauteur-max.-768-1024x682.jpg?resize=584%2C389\" alt=\"\" width=\"584\" height=\"389\" srcset=\"https:\/\/i0.wp.com\/www.presstourism.ch\/wp-content\/uploads\/2018\/11\/1TrainFurkaConches-Largeur-max.-1024-Hauteur-max.-768.jpg?w=1024 1024w, https:\/\/i0.wp.com\/www.presstourism.ch\/wp-content\/uploads\/2018\/11\/1TrainFurkaConches-Largeur-max.-1024-Hauteur-max.-768.jpg?resize=300%2C200 300w, https:\/\/i0.wp.com\/www.presstourism.ch\/wp-content\/uploads\/2018\/11\/1TrainFurkaConches-Largeur-max.-1024-Hauteur-max.-768.jpg?resize=768%2C512 768w, https:\/\/i0.wp.com\/www.presstourism.ch\/wp-content\/uploads\/2018\/11\/1TrainFurkaConches-Largeur-max.-1024-Hauteur-max.-768.jpg?resize=600%2C400 600w\" sizes=\"(max-width: 584px) 100vw, 584px\" data-recalc-dims=\"1\" \/><\/a><p id=\"caption-attachment-4802\" class=\"wp-caption-text\">Le petit train \u00e0 vapeur de la Furka pour un voyage \u00e0 la vapeur nostalgique, combin\u00e9 avec un chef-d\u2019\u0153uvre technique du trac\u00e9 ferroviaire.<\/p><\/div>\n<p>HAUT-VALAIS &#8211; Depuis la vall\u00e9e de Conches, le petit train \u00e0 vapeur le plus haut d&rsquo;Europe s&rsquo;\u00e9lance jusqu&rsquo;au pied du glacier du Rh\u00f4ne puis \u00e0 la Furka, avant de rejoindre le canton d&rsquo;Uri. Avec des paysages grandioses \u00e0 la cl\u00e9 et une pl\u00e9iade de circuits pour les marcheurs.<\/p>\n<div id=\"attachment_4803\" style=\"width: 650px\" class=\"wp-caption alignnone\"><a href=\"https:\/\/i1.wp.com\/www.presstourism.ch\/WP_ALEX\/wp-content\/uploads\/2018\/11\/2TrainFurka-Largeur-max.-1024-Hauteur-max.-768.jpg\"><img aria-describedby=\"caption-attachment-4803\" loading=\"lazy\" class=\"size-large wp-image-4803\" src=\"https:\/\/i0.wp.com\/www.presstourism.ch\/WP_ALEX\/wp-content\/uploads\/2018\/11\/2TrainFurka-Largeur-max.-1024-Hauteur-max.-768-1024x682.jpg?resize=584%2C389\" alt=\"\" width=\"584\" height=\"389\" srcset=\"https:\/\/i0.wp.com\/www.presstourism.ch\/wp-content\/uploads\/2018\/11\/2TrainFurka-Largeur-max.-1024-Hauteur-max.-768.jpg?w=1024 1024w, https:\/\/i0.wp.com\/www.presstourism.ch\/wp-content\/uploads\/2018\/11\/2TrainFurka-Largeur-max.-1024-Hauteur-max.-768.jpg?resize=300%2C200 300w, https:\/\/i0.wp.com\/www.presstourism.ch\/wp-content\/uploads\/2018\/11\/2TrainFurka-Largeur-max.-1024-Hauteur-max.-768.jpg?resize=768%2C512 768w, https:\/\/i0.wp.com\/www.presstourism.ch\/wp-content\/uploads\/2018\/11\/2TrainFurka-Largeur-max.-1024-Hauteur-max.-768.jpg?resize=600%2C400 600w\" sizes=\"(max-width: 584px) 100vw, 584px\" data-recalc-dims=\"1\" \/><\/a><p id=\"caption-attachment-4803\" class=\"wp-caption-text\">Une des locomotives \u00ab\u00a0Gletschorn\u00a0\u00bb, construite en 1913-1914, ici au pied du col du Grimsel.<\/p><\/div>\n<p>Durant la belle saison, plus de 30&nbsp;000 passagers empruntent le petit train \u00e0 vapeur de la Furka. Il circule entre Oberwald (1368&nbsp;m d&rsquo;altitude), dans la vall\u00e9e de Conches (VS), et Realp (1420&nbsp;m), dans le canton d&rsquo;Uri, o\u00f9 se trouvent sa station de base et le d\u00e9p\u00f4t. Il traverse le col de la Furka dans un tunnel sommital \u00e0 2120 m. C&rsquo;est l&rsquo;occasion de revivre la Belle Epoque dans une ambiance nostalgique.<\/p>\n<div id=\"attachment_4804\" style=\"width: 650px\" class=\"wp-caption alignnone\"><a href=\"https:\/\/i2.wp.com\/www.presstourism.ch\/WP_ALEX\/wp-content\/uploads\/2018\/11\/3GletschGlacier-Largeur-max.-1024-Hauteur-max.-768.jpg\"><img aria-describedby=\"caption-attachment-4804\" loading=\"lazy\" class=\"size-large wp-image-4804\" src=\"https:\/\/i0.wp.com\/www.presstourism.ch\/WP_ALEX\/wp-content\/uploads\/2018\/11\/3GletschGlacier-Largeur-max.-1024-Hauteur-max.-768-1024x682.jpg?resize=584%2C389\" alt=\"\" width=\"584\" height=\"389\" srcset=\"https:\/\/i0.wp.com\/www.presstourism.ch\/wp-content\/uploads\/2018\/11\/3GletschGlacier-Largeur-max.-1024-Hauteur-max.-768.jpg?w=1024 1024w, https:\/\/i0.wp.com\/www.presstourism.ch\/wp-content\/uploads\/2018\/11\/3GletschGlacier-Largeur-max.-1024-Hauteur-max.-768.jpg?resize=300%2C200 300w, https:\/\/i0.wp.com\/www.presstourism.ch\/wp-content\/uploads\/2018\/11\/3GletschGlacier-Largeur-max.-1024-Hauteur-max.-768.jpg?resize=768%2C512 768w, https:\/\/i0.wp.com\/www.presstourism.ch\/wp-content\/uploads\/2018\/11\/3GletschGlacier-Largeur-max.-1024-Hauteur-max.-768.jpg?resize=600%2C400 600w\" sizes=\"(max-width: 584px) 100vw, 584px\" data-recalc-dims=\"1\" \/><\/a><p id=\"caption-attachment-4804\" class=\"wp-caption-text\">Le village de Gletsch avec, au fond, les rochers du&#8230; glacier ainsi que la Furka et, \u00e0 gauche, l&rsquo;H\u00f4tel Glacier du Rh\u00f4ne.<\/p><\/div>\n<p>La balade dans les wagons historiques s\u2019arr\u00eate une&nbsp;premi\u00e8re fois \u00e0 Gletsch, au pied des cols de la Furka et du Grimsel, ainsi que du glacier du Rh\u00f4ne, ou plut\u00f4t ce qu&rsquo;il en reste. Car le r\u00e9chauffement climatique ne l&rsquo;a pas \u00e9pargn\u00e9. L\u2019H\u00f4tel Glacier du Rh\u00f4ne est justement un t\u00e9moin de l\u2019apog\u00e9e du tourisme&nbsp;pr\u00e9curseur dans les Alpes, quand le glacier, qu&rsquo;on peut rejoindre via un sentier-nature, arrivait \u00e0 un jet de pierre de l&rsquo;\u00e9tablissement.<\/p>\n<div id=\"attachment_4805\" style=\"width: 650px\" class=\"wp-caption alignnone\"><a href=\"https:\/\/i1.wp.com\/www.presstourism.ch\/WP_ALEX\/wp-content\/uploads\/2018\/11\/4ConchesNiederwald-Largeur-max.-1024-Hauteur-max.-768.jpg\"><img aria-describedby=\"caption-attachment-4805\" loading=\"lazy\" class=\"size-large wp-image-4805\" src=\"https:\/\/i0.wp.com\/www.presstourism.ch\/WP_ALEX\/wp-content\/uploads\/2018\/11\/4ConchesNiederwald-Largeur-max.-1024-Hauteur-max.-768-1024x682.jpg?resize=584%2C389\" alt=\"\" width=\"584\" height=\"389\" srcset=\"https:\/\/i1.wp.com\/www.presstourism.ch\/wp-content\/uploads\/2018\/11\/4ConchesNiederwald-Largeur-max.-1024-Hauteur-max.-768.jpg?w=1024 1024w, https:\/\/i1.wp.com\/www.presstourism.ch\/wp-content\/uploads\/2018\/11\/4ConchesNiederwald-Largeur-max.-1024-Hauteur-max.-768.jpg?resize=300%2C200 300w, https:\/\/i1.wp.com\/www.presstourism.ch\/wp-content\/uploads\/2018\/11\/4ConchesNiederwald-Largeur-max.-1024-Hauteur-max.-768.jpg?resize=768%2C512 768w, https:\/\/i1.wp.com\/www.presstourism.ch\/wp-content\/uploads\/2018\/11\/4ConchesNiederwald-Largeur-max.-1024-Hauteur-max.-768.jpg?resize=600%2C400 600w\" sizes=\"(max-width: 584px) 100vw, 584px\" data-recalc-dims=\"1\" \/><\/a><p id=\"caption-attachment-4805\" class=\"wp-caption-text\">Le village de Niederwald, dans la vall\u00e9e de Conches, o\u00f9 est n\u00e9 C\u00e9sar Ritz, qui fut \u00ab\u00a0l&rsquo;h\u00f4telier des rois\u00a0\u00bb, avant de devenir \u00ab\u00a0le roi des h\u00f4teliers\u00a0\u00bb.<\/p><\/div>\n<p>Sur les versants valaisans et uranais du col de la Furka, il y a de nombreux chemins de randonn\u00e9es, qui sont facilement accessibles gr\u00e2ce au petit train \u00e0 vapeur. Comme c&rsquo;est le cas aussi dans la vall\u00e9e de Conches, qui s&rsquo;\u00e9tend sur plus de 50&nbsp;km de Brigue \u00e0 Gletch. Les trains du MG-Bahn et du Glacier Express la traversent. Ses villages rec\u00e8lent de tr\u00e9sors culturels: quelque 70 \u00e9glises et chapelles baroques avec leurs clochers blancs, mais aussi d\u2019anciennes maisons et \u00e9tables en bois de style valaisan.<\/p>\n<div id=\"attachment_4807\" style=\"width: 650px\" class=\"wp-caption alignnone\"><a href=\"https:\/\/i2.wp.com\/www.presstourism.ch\/WP_ALEX\/wp-content\/uploads\/2018\/11\/6ChaletsM\u00fcnster-Largeur-max.-1024-Hauteur-max.-768.jpg\"><img aria-describedby=\"caption-attachment-4807\" loading=\"lazy\" class=\"size-large wp-image-4807\" src=\"https:\/\/i0.wp.com\/www.presstourism.ch\/WP_ALEX\/wp-content\/uploads\/2018\/11\/6ChaletsM\u00fcnster-Largeur-max.-1024-Hauteur-max.-768-1024x768.jpg?resize=584%2C438\" alt=\"\" width=\"584\" height=\"438\" srcset=\"https:\/\/i0.wp.com\/www.presstourism.ch\/wp-content\/uploads\/2018\/11\/6ChaletsM\u00fcnster-Largeur-max.-1024-Hauteur-max.-768.jpg?w=1024 1024w, https:\/\/i0.wp.com\/www.presstourism.ch\/wp-content\/uploads\/2018\/11\/6ChaletsM\u00fcnster-Largeur-max.-1024-Hauteur-max.-768.jpg?resize=300%2C225 300w, https:\/\/i0.wp.com\/www.presstourism.ch\/wp-content\/uploads\/2018\/11\/6ChaletsM\u00fcnster-Largeur-max.-1024-Hauteur-max.-768.jpg?resize=768%2C576 768w, https:\/\/i0.wp.com\/www.presstourism.ch\/wp-content\/uploads\/2018\/11\/6ChaletsM\u00fcnster-Largeur-max.-1024-Hauteur-max.-768.jpg?resize=600%2C450 600w\" sizes=\"(max-width: 584px) 100vw, 584px\" data-recalc-dims=\"1\" \/><\/a><p id=\"caption-attachment-4807\" class=\"wp-caption-text\">Des jolis chalets historiques valaisans \u00e0 M\u00fcnster, chef-lieu r\u00e9gional, qui abrite aussi deux superbes \u00e9glises.<\/p><\/div>\n<p>Tel M\u00fcnster, chef-lieu r\u00e9gional, dont l&rsquo;architecture, les deux \u00e9glises et les oeuvres d&rsquo;art t\u00e9moignent de sa grandeur pass\u00e9e. Et Niederwald avec ses maisons qui remontent au XIVe si\u00e8cle. C&rsquo;est l\u00e0 que C\u00e9sar Ritz, un roi de l&rsquo;h\u00f4tellerie, a vu le jour en 1850, et un monument rappele son souvenir. Enfin, pour ceux qui n&rsquo;ont pas le vertige, c&rsquo;est grisant de traverser le nouveau pont suspendu au-dessus du Rh\u00f4ne (92&nbsp;m), inaugur\u00e9 en 2015 et qui permet de disposer d\u2019un acc\u00e8s direct de F\u00fcrgangen au village de M\u00fchlebach.<\/p>\n<div id=\"attachment_4806\" style=\"width: 650px\" class=\"wp-caption alignnone\"><a href=\"https:\/\/i2.wp.com\/www.presstourism.ch\/WP_ALEX\/wp-content\/uploads\/2018\/11\/5FurkaPontSuspendu-Largeur-max.-1024-Hauteur-max.-768.jpg\"><img aria-describedby=\"caption-attachment-4806\" loading=\"lazy\" class=\"size-large wp-image-4806\" src=\"https:\/\/i2.wp.com\/www.presstourism.ch\/WP_ALEX\/wp-content\/uploads\/2018\/11\/5FurkaPontSuspendu-Largeur-max.-1024-Hauteur-max.-768-1024x682.jpg?resize=584%2C389\" alt=\"\" width=\"584\" height=\"389\" srcset=\"https:\/\/i2.wp.com\/www.presstourism.ch\/wp-content\/uploads\/2018\/11\/5FurkaPontSuspendu-Largeur-max.-1024-Hauteur-max.-768.jpg?w=1024 1024w, https:\/\/i2.wp.com\/www.presstourism.ch\/wp-content\/uploads\/2018\/11\/5FurkaPontSuspendu-Largeur-max.-1024-Hauteur-max.-768.jpg?resize=300%2C200 300w, https:\/\/i2.wp.com\/www.presstourism.ch\/wp-content\/uploads\/2018\/11\/5FurkaPontSuspendu-Largeur-max.-1024-Hauteur-max.-768.jpg?resize=768%2C512 768w, https:\/\/i2.wp.com\/www.presstourism.ch\/wp-content\/uploads\/2018\/11\/5FurkaPontSuspendu-Largeur-max.-1024-Hauteur-max.-768.jpg?resize=600%2C400 600w\" sizes=\"(max-width: 584px) 100vw, 584px\" data-recalc-dims=\"1\" \/><\/a><p id=\"caption-attachment-4806\" class=\"wp-caption-text\">Frissons garantis sur le pont suspendu d&rsquo;Ernen, \u00e0 92 m\u00e8tres de hauteur et qui a une longueur de 280 m\u00e8tres.<\/p><\/div>\n<p><strong>Textes et photos: Roger Juillerat<\/strong><\/p>\n<hr>\n<p><strong>Infos pratiques<\/strong><\/p>\n<p><strong>Y aller:<\/strong> train CFF jusqu&rsquo;\u00e0 Brigue, puis monter dans la vall\u00e9e de Conches avec le MG-Bahn ou le Glacier Express (arr\u00eats dans chaque village). Pour le train \u00e0 vapeur de la Furka, r\u00e9servation obligatoire pour les groupes et recommand\u00e9e en individuel, <a href=\"http:\/\/www.dfb.ch\">www.dfb.ch<\/a><\/p>\n<p><strong>Couettes et couverts:<\/strong> l&rsquo;h\u00f4tel-restaurant Landhaus, \u00e0 M\u00fcnster, avec l&rsquo;accueil de la famille Weger et une bonne cuisine du terroir, <a href=\"http:\/\/www.landhaus-obergoms.ch\">www.landhaus-obergoms.ch<\/a>. Les planchettes de viande et de fromage r\u00e9gionaux lors de l&rsquo;arr\u00eat \u00e0 la station Furka (2160 m), avec une vue magnifique en prime.<\/p>\n<p><strong>Excursions:<\/strong> les villages de la vall\u00e9e de Conches sont reli\u00e9s par un r\u00e9seau de 700 km de sentiers p\u00e9destres, de parcours VTT et de voies cyclables, dans un paysage situ\u00e9 entre 1200 m et 4000 m d\u2019altitude.<\/p>\n<p><strong>S&rsquo;informer:<\/strong> <a href=\"http:\/\/www.valais.ch\/fr\/lieux\/vallee-de-conches\">www.valais.ch\/fr\/lieux\/vallee-de-conches<\/a>, <a href=\"http:\/\/www.myswitzerland.com\">www.myswitzerland.com<\/a> pour le col de la Furka, le glacier du Rh\u00f4ne, etc.<\/p>\n<div id=\"attachment_4808\" style=\"width: 650px\" class=\"wp-caption alignnone\"><a href=\"https:\/\/i2.wp.com\/www.presstourism.ch\/WP_ALEX\/wp-content\/uploads\/2018\/11\/7TrainFurka-Largeur-max.-1024-Hauteur-max.-768.jpg\"><img aria-describedby=\"caption-attachment-4808\" loading=\"lazy\" class=\"size-large wp-image-4808\" src=\"https:\/\/i1.wp.com\/www.presstourism.ch\/WP_ALEX\/wp-content\/uploads\/2018\/11\/7TrainFurka-Largeur-max.-1024-Hauteur-max.-768-1024x682.jpg?resize=584%2C389\" alt=\"\" width=\"584\" height=\"389\" srcset=\"https:\/\/i1.wp.com\/www.presstourism.ch\/wp-content\/uploads\/2018\/11\/7TrainFurka-Largeur-max.-1024-Hauteur-max.-768.jpg?w=1024 1024w, https:\/\/i1.wp.com\/www.presstourism.ch\/wp-content\/uploads\/2018\/11\/7TrainFurka-Largeur-max.-1024-Hauteur-max.-768.jpg?resize=300%2C200 300w, https:\/\/i1.wp.com\/www.presstourism.ch\/wp-content\/uploads\/2018\/11\/7TrainFurka-Largeur-max.-1024-Hauteur-max.-768.jpg?resize=768%2C512 768w, https:\/\/i1.wp.com\/www.presstourism.ch\/wp-content\/uploads\/2018\/11\/7TrainFurka-Largeur-max.-1024-Hauteur-max.-768.jpg?resize=600%2C400 600w\" sizes=\"(max-width: 584px) 100vw, 584px\" data-recalc-dims=\"1\" \/><\/a><p id=\"caption-attachment-4808\" class=\"wp-caption-text\">La descente vers Realp (Uri) avec le petit train \u00e0 vapeur de la Furka, apr\u00e8s avoir travers\u00e9 des paysages magnifiques.<\/p><\/div>\n<p><a href=\"http:\/\/www.presstourism.ch\/wp-content\/uploads\/2018\/11\/NVT_100818x-BaladeFurka.pdf\">Lire ou t\u00e9l\u00e9charger l&rsquo;article de presse&#8230;<\/a><\/p>\n","protected":false},"excerpt":{"rendered":"<p>HAUT-VALAIS &#8211; Depuis la vall\u00e9e de Conches, le petit train \u00e0 vapeur le plus haut d&rsquo;Europe s&rsquo;\u00e9lance jusqu&rsquo;au pied du glacier du Rh\u00f4ne puis \u00e0 la Furka, avant de rejoindre le canton d&rsquo;Uri. Avec des paysages grandioses \u00e0 la cl\u00e9 &hellip; <a href=\"http:\/\/www.presstourism.ch\/?page_id=4801\">Continuer la lecture <span class=\"meta-nav\">&rarr;<\/span><\/a><\/p>\n","protected":false},"author":1540,"featured_media":0,"parent":341,"menu_order":0,"comment_status":"closed","ping_status":"closed","template":"","meta":{"ngg_post_thumbnail":0,"spay_email":""},"jetpack_sharing_enabled":true,"jetpack_shortlink":"https:\/\/wp.me\/P468TV-1fr","_links":{"self":[{"href":"http:\/\/www.presstourism.ch\/index.php?rest_route=\/wp\/v2\/pages\/4801"}],"collection":[{"href":"http:\/\/www.presstourism.ch\/index.php?rest_route=\/wp\/v2\/pages"}],"about":[{"href":"http:\/\/www.presstourism.ch\/index.php?rest_route=\/wp\/v2\/types\/page"}],"author":[{"embeddable":true,"href":"http:\/\/www.presstourism.ch\/index.php?rest_route=\/wp\/v2\/users\/1540"}],"replies":[{"embeddable":true,"href":"http:\/\/www.presstourism.ch\/index.php?rest_route=%2Fwp%2Fv2%2Fcomments&post=4801"}],"version-history":[{"count":2,"href":"http:\/\/www.presstourism.ch\/index.php?rest_route=\/wp\/v2\/pages\/4801\/revisions"}],"predecessor-version":[{"id":9274,"href":"http:\/\/www.presstourism.ch\/index.php?rest_route=\/wp\/v2\/pages\/4801\/revisions\/9274"}],"up":[{"embeddable":true,"href":"http:\/\/www.presstourism.ch\/index.php?rest_route=\/wp\/v2\/pages\/341"}],"wp:attachment":[{"href":"http:\/\/www.presstourism.ch\/index.php?rest_route=%2Fwp%2Fv2%2Fmedia&parent=4801"}],"curies":[{"name":"wp","href":"https:\/\/api.w.org\/{rel}","templated":true}]}}