{"id":4783,"date":"2018-11-15T19:53:20","date_gmt":"2018-11-15T18:53:20","guid":{"rendered":"http:\/\/www.presstourism.ch\/WP_ALEX\/?page_id=4783"},"modified":"2024-04-10T17:03:52","modified_gmt":"2024-04-10T15:03:52","slug":"charmante-orthez-sur-le-chemin-de-saint-jacques","status":"publish","type":"page","link":"http:\/\/www.presstourism.ch\/?page_id=4783","title":{"rendered":"Charmante Orthez sur le chemin de Saint-Jacques"},"content":{"rendered":"<div id=\"attachment_4786\" style=\"width: 650px\" class=\"wp-caption alignnone\"><a href=\"https:\/\/i0.wp.com\/www.presstourism.ch\/WP_ALEX\/wp-content\/uploads\/2018\/11\/3OrthezdepuisDonjon-Largeur-max.-1024-Hauteur-max.-768.jpg\"><img aria-describedby=\"caption-attachment-4786\" loading=\"lazy\" class=\"size-large wp-image-4786\" src=\"https:\/\/i0.wp.com\/www.presstourism.ch\/WP_ALEX\/wp-content\/uploads\/2018\/11\/3OrthezdepuisDonjon-Largeur-max.-1024-Hauteur-max.-768-1024x682.jpg?resize=584%2C389\" alt=\"\" width=\"584\" height=\"389\" srcset=\"https:\/\/i2.wp.com\/www.presstourism.ch\/wp-content\/uploads\/2018\/11\/3OrthezdepuisDonjon-Largeur-max.-1024-Hauteur-max.-768.jpg?w=1024 1024w, https:\/\/i2.wp.com\/www.presstourism.ch\/wp-content\/uploads\/2018\/11\/3OrthezdepuisDonjon-Largeur-max.-1024-Hauteur-max.-768.jpg?resize=300%2C200 300w, https:\/\/i2.wp.com\/www.presstourism.ch\/wp-content\/uploads\/2018\/11\/3OrthezdepuisDonjon-Largeur-max.-1024-Hauteur-max.-768.jpg?resize=768%2C512 768w, https:\/\/i2.wp.com\/www.presstourism.ch\/wp-content\/uploads\/2018\/11\/3OrthezdepuisDonjon-Largeur-max.-1024-Hauteur-max.-768.jpg?resize=600%2C400 600w\" sizes=\"(max-width: 584px) 100vw, 584px\" data-recalc-dims=\"1\" \/><\/a><p id=\"caption-attachment-4786\" class=\"wp-caption-text\">Orthez avec son centre-ville autour de l&rsquo;\u00e9glise St-Pierre et qui offre de nombreuses activit\u00e9s touristiques.<\/p><\/div>\n<p>AQUITAINE &#8211; Dans le B\u00e9arn, entre le Pays Basque et les Pyr\u00e9n\u00e9es, la petite ville poss\u00e8de un patrimoine historique exceptionnel et un terroir premier cr\u00fb. Comme les villages qui m\u00e8nent jusqu&rsquo;\u00e0 St-Jean-Pied-de-Port.<\/p>\n<div id=\"attachment_4785\" style=\"width: 522px\" class=\"wp-caption aligncenter\"><a href=\"https:\/\/i2.wp.com\/www.presstourism.ch\/WP_ALEX\/wp-content\/uploads\/2018\/11\/2_MoncadeOrthez-Largeur-max.-1024-Hauteur-max.-768.jpg\"><img aria-describedby=\"caption-attachment-4785\" loading=\"lazy\" class=\"size-full wp-image-4785\" src=\"https:\/\/i2.wp.com\/www.presstourism.ch\/WP_ALEX\/wp-content\/uploads\/2018\/11\/2_MoncadeOrthez-Largeur-max.-1024-Hauteur-max.-768.jpg?resize=512%2C768\" alt=\"\" width=\"512\" height=\"768\" srcset=\"https:\/\/i2.wp.com\/www.presstourism.ch\/wp-content\/uploads\/2018\/11\/2_MoncadeOrthez-Largeur-max.-1024-Hauteur-max.-768.jpg?w=512 512w, https:\/\/i2.wp.com\/www.presstourism.ch\/wp-content\/uploads\/2018\/11\/2_MoncadeOrthez-Largeur-max.-1024-Hauteur-max.-768.jpg?resize=200%2C300 200w\" sizes=\"(max-width: 512px) 100vw, 512px\" data-recalc-dims=\"1\" \/><\/a><p id=\"caption-attachment-4785\" class=\"wp-caption-text\">Le donjon du ch\u00e2teau Moncade, haut de 33 m. et sur une butte culminant \u00e0 100 m. d&rsquo;altitude.<\/p><\/div>\n<p>Impossible de ne pas tomber sous le charme d&rsquo;Orthez dont le ch\u00e2teau Moncade, \u00e9difi\u00e9 sur une butte entre le XIIIe et le XIVe si\u00e8cle, est une des richesses du patrimoine b\u00e9arnais. Du sommet de son donjon, la vue est d&rsquo;ailleurs imprenable sur toute la contr\u00e9e et en particulier sur l&rsquo;\u00e9crin des toits s&rsquo;\u00e9tirant en cascade jusqu&rsquo;au gave de Pau.<\/p>\n<div id=\"attachment_4784\" style=\"width: 522px\" class=\"wp-caption aligncenter\"><a href=\"https:\/\/i2.wp.com\/www.presstourism.ch\/WP_ALEX\/wp-content\/uploads\/2018\/11\/1A_OrthezPontVieux-Largeur-max.-1024-Hauteur-max.-768.jpg\"><img aria-describedby=\"caption-attachment-4784\" loading=\"lazy\" class=\"size-full wp-image-4784\" src=\"https:\/\/i2.wp.com\/www.presstourism.ch\/WP_ALEX\/wp-content\/uploads\/2018\/11\/1A_OrthezPontVieux-Largeur-max.-1024-Hauteur-max.-768.jpg?resize=512%2C768\" alt=\"\" width=\"512\" height=\"768\" srcset=\"https:\/\/i2.wp.com\/www.presstourism.ch\/wp-content\/uploads\/2018\/11\/1A_OrthezPontVieux-Largeur-max.-1024-Hauteur-max.-768.jpg?w=512 512w, https:\/\/i2.wp.com\/www.presstourism.ch\/wp-content\/uploads\/2018\/11\/1A_OrthezPontVieux-Largeur-max.-1024-Hauteur-max.-768.jpg?resize=200%2C300 200w\" sizes=\"(max-width: 512px) 100vw, 512px\" data-recalc-dims=\"1\" \/><\/a><p id=\"caption-attachment-4784\" class=\"wp-caption-text\">Le Pont-Vieux (XIIIe si\u00e8cle), un des plus beaux monuments historiques du sud-ouest de la France.<\/p><\/div>\n<p>C&rsquo;est au bord de cette rivi\u00e8re qu&rsquo;on d\u00e9couvre l&rsquo;autre monument star de la petite ville de 11&nbsp;000 habitants: le Pont-Vieux. Surnomm\u00e9 \u00ab\u00a0bijou de r\u00eave\u00a0\u00bb, ce dernier avait r\u00e9sist\u00e9 aux charges de poudre lors de la fameuse bataille d&rsquo;Orthez (27 f\u00e9vrier 1814), qui sonna le d\u00e9but du d\u00e9clin des arm\u00e9es napol\u00e9oniennes face aux alli\u00e9s. Ceux-ci \u00e9taient command\u00e9s par le g\u00e9n\u00e9ral anglais Wellington, qui a vaincu ensuite l&#8217;empereur \u00e0 Waterloo. La maison Jeanne d&rsquo;Albret, l&rsquo;\u00e9glise Saint-Pierre et l&rsquo;H\u00f4tel de la Lune valent aussi le d\u00e9tour dans cette cit\u00e9 m\u00e9di\u00e9vale, qui sert de point de d\u00e9part \u00e0 de nombreux circuits p\u00e9destres et de VTT.<\/p>\n<div id=\"attachment_4787\" style=\"width: 522px\" class=\"wp-caption aligncenter\"><a href=\"https:\/\/i0.wp.com\/www.presstourism.ch\/WP_ALEX\/wp-content\/uploads\/2018\/11\/4_PorteStJacquesStJPP-Largeur-max.-1024-Hauteur-max.-768.jpg\"><img aria-describedby=\"caption-attachment-4787\" loading=\"lazy\" class=\"wp-image-4787 size-full\" src=\"https:\/\/i0.wp.com\/www.presstourism.ch\/WP_ALEX\/wp-content\/uploads\/2018\/11\/4_PorteStJacquesStJPP-Largeur-max.-1024-Hauteur-max.-768.jpg?resize=512%2C768\" alt=\"\" width=\"512\" height=\"768\" srcset=\"https:\/\/i2.wp.com\/www.presstourism.ch\/wp-content\/uploads\/2018\/11\/4_PorteStJacquesStJPP-Largeur-max.-1024-Hauteur-max.-768.jpg?w=512 512w, https:\/\/i2.wp.com\/www.presstourism.ch\/wp-content\/uploads\/2018\/11\/4_PorteStJacquesStJPP-Largeur-max.-1024-Hauteur-max.-768.jpg?resize=200%2C300 200w\" sizes=\"(max-width: 512px) 100vw, 512px\" data-recalc-dims=\"1\" \/><\/a><p id=\"caption-attachment-4787\" class=\"wp-caption-text\">La porte de Saint-Jacques sur le chemin du m\u00eame nom \u00e0 Saint-Jean-Pied-de-Port.<\/p><\/div>\n<p>Et puis Orthez et sa r\u00e9gion, qui comptent quelques bonnes tables et bistrots sympas, est une \u00e9tape incontournable sur la voie V\u00e9zelay des chemins de Saint-Jacques de Compostelle. L&rsquo;occasion d&rsquo;y rencontrer des p\u00e8lerins arrivant de Saint-Sever avec son abbatiale romane et son clo\u00eetre, ainsi que Hagetnau, qui abrite la magnifique crypte de Saint-Girons.<\/p>\n<div id=\"attachment_4789\" style=\"width: 650px\" class=\"wp-caption alignnone\"><a href=\"https:\/\/i1.wp.com\/www.presstourism.ch\/WP_ALEX\/wp-content\/uploads\/2018\/11\/6_SaintSeverClo\u00eetre-Largeur-max.-1024-Hauteur-max.-768.jpg\"><img aria-describedby=\"caption-attachment-4789\" loading=\"lazy\" class=\"size-large wp-image-4789\" src=\"https:\/\/i0.wp.com\/www.presstourism.ch\/WP_ALEX\/wp-content\/uploads\/2018\/11\/6_SaintSeverClo\u00eetre-Largeur-max.-1024-Hauteur-max.-768-1024x682.jpg?resize=584%2C389\" alt=\"\" width=\"584\" height=\"389\" srcset=\"https:\/\/i2.wp.com\/www.presstourism.ch\/wp-content\/uploads\/2018\/11\/6_SaintSeverClo\u00eetre-Largeur-max.-1024-Hauteur-max.-768.jpg?w=1024 1024w, https:\/\/i2.wp.com\/www.presstourism.ch\/wp-content\/uploads\/2018\/11\/6_SaintSeverClo\u00eetre-Largeur-max.-1024-Hauteur-max.-768.jpg?resize=300%2C200 300w, https:\/\/i2.wp.com\/www.presstourism.ch\/wp-content\/uploads\/2018\/11\/6_SaintSeverClo\u00eetre-Largeur-max.-1024-Hauteur-max.-768.jpg?resize=768%2C512 768w, https:\/\/i2.wp.com\/www.presstourism.ch\/wp-content\/uploads\/2018\/11\/6_SaintSeverClo\u00eetre-Largeur-max.-1024-Hauteur-max.-768.jpg?resize=600%2C400 600w\" sizes=\"(max-width: 584px) 100vw, 584px\" data-recalc-dims=\"1\" \/><\/a><p id=\"caption-attachment-4789\" class=\"wp-caption-text\">A Saint-Sever, l&rsquo;abbatiale et son clo\u00eetre sont inscrits au patrimoine de l&rsquo;Unesco.<\/p><\/div>\n<p><strong>La chanson de Roland<\/strong><\/p>\n<p>Le chemin se poursuit en direction de l&rsquo;Espagne via la place forte de Sauveterre-de-B\u00e9arn et Saint-Jean-Pied-de-Port. O\u00f9 il faut prendre le temps de parcourir les rues pav\u00e9es, d&rsquo;entrer dans les boutiques et ateliers des artistes et artisans, et monter jusqu&rsquo;\u00e0 sa citadelle de Vauban. Derni\u00e8re \u00e9tape des voyageurs le col de Roncevaux o\u00f9, le 15 ao\u00fbt 778, le chevalier franc Roland Le Preux, neveu de Charlemagne, mourut dans une autre c\u00e9l\u00e8bre bataille et donna son nom \u00e0 la chanson de Roland.<\/p>\n<div id=\"attachment_4791\" style=\"width: 522px\" class=\"wp-caption aligncenter\"><a href=\"https:\/\/i1.wp.com\/www.presstourism.ch\/WP_ALEX\/wp-content\/uploads\/2018\/11\/8ClairdeLuneOrthez-Largeur-max.-1024-Hauteur-max.-768.jpg\"><img aria-describedby=\"caption-attachment-4791\" loading=\"lazy\" class=\"size-full wp-image-4791\" src=\"https:\/\/i1.wp.com\/www.presstourism.ch\/WP_ALEX\/wp-content\/uploads\/2018\/11\/8ClairdeLuneOrthez-Largeur-max.-1024-Hauteur-max.-768.jpg?resize=512%2C768\" alt=\"\" width=\"512\" height=\"768\" srcset=\"https:\/\/i1.wp.com\/www.presstourism.ch\/wp-content\/uploads\/2018\/11\/8ClairdeLuneOrthez-Largeur-max.-1024-Hauteur-max.-768.jpg?w=512 512w, https:\/\/i1.wp.com\/www.presstourism.ch\/wp-content\/uploads\/2018\/11\/8ClairdeLuneOrthez-Largeur-max.-1024-Hauteur-max.-768.jpg?resize=200%2C300 200w\" sizes=\"(max-width: 512px) 100vw, 512px\" data-recalc-dims=\"1\" \/><\/a><p id=\"caption-attachment-4791\" class=\"wp-caption-text\">L&rsquo;H\u00f4tel de la Lune, un relais de Saint-Jacques avec sa tour.<\/p><\/div>\n<p><strong>Textes et photos: Roger Juillerat<\/strong><\/p>\n<hr>\n<p><strong>Infos pratiques<\/strong><\/p>\n<p><strong>Y aller:<\/strong> C&rsquo;est le train qui est plus pratique en passant par Montpellier, Toulouse puis Orthez, avec des beaux paysages en prime. M\u00eame cheminement pour y aller en voiture. Ou se d\u00e9cider \u00e0 faire la voie V\u00e9zelay du chemin de St-Jacques.<\/p>\n<p><strong>Couettes et couverts:<\/strong> \u00ab\u00a0Au temps de la reine Jeanne\u00a0\u00bb, \u00e0 Orthez, un accueillant h\u00f4tel avec un d\u00e9cor raffin\u00e9, <a href=\"http:\/\/www.inter-hotel.com\/hotel\/aquitaine\/orthez\/la-reine-jeanne\">www.inter-hotel.com\/hotel\/aquitaine\/orthez\/la-reine-jeanne<\/a>. Le Domaine du ch\u00e2teau de B\u00e9touzet et ses jolies chambres d&rsquo;h\u00f4tes, \u00e0 Andrein, pas loin d&rsquo;Orthez, t\u00e9l. 00335 59 38 91 40.<\/p>\n<div id=\"attachment_4788\" style=\"width: 650px\" class=\"wp-caption alignnone\"><a href=\"https:\/\/i2.wp.com\/www.presstourism.ch\/WP_ALEX\/wp-content\/uploads\/2018\/11\/5_B\u00e9arnGastro-Largeur-max.-1024-Hauteur-max.-768.jpg\"><img aria-describedby=\"caption-attachment-4788\" loading=\"lazy\" class=\"size-large wp-image-4788\" src=\"https:\/\/i0.wp.com\/www.presstourism.ch\/WP_ALEX\/wp-content\/uploads\/2018\/11\/5_B\u00e9arnGastro-Largeur-max.-1024-Hauteur-max.-768-1024x685.jpg?resize=584%2C391\" alt=\"\" width=\"584\" height=\"391\" srcset=\"https:\/\/i0.wp.com\/www.presstourism.ch\/wp-content\/uploads\/2018\/11\/5_B\u00e9arnGastro-Largeur-max.-1024-Hauteur-max.-768.jpg?w=1024 1024w, https:\/\/i0.wp.com\/www.presstourism.ch\/wp-content\/uploads\/2018\/11\/5_B\u00e9arnGastro-Largeur-max.-1024-Hauteur-max.-768.jpg?resize=300%2C201 300w, https:\/\/i0.wp.com\/www.presstourism.ch\/wp-content\/uploads\/2018\/11\/5_B\u00e9arnGastro-Largeur-max.-1024-Hauteur-max.-768.jpg?resize=768%2C514 768w, https:\/\/i0.wp.com\/www.presstourism.ch\/wp-content\/uploads\/2018\/11\/5_B\u00e9arnGastro-Largeur-max.-1024-Hauteur-max.-768.jpg?resize=600%2C401 600w\" sizes=\"(max-width: 584px) 100vw, 584px\" data-recalc-dims=\"1\" \/><\/a><p id=\"caption-attachment-4788\" class=\"wp-caption-text\">Dans la campagne du B\u00e9arn, les oies sont reines et elles d\u00e9filent en rang pour une image&#8230;<\/p><\/div>\n<p><strong>Gastronomie: <\/strong>le B\u00e9arn vous invite \u00e0 d\u00e9couvrir ses produits du terroir au fil des saisons dont la c\u00e9l\u00e8bre poule au pot, la garbure, les truites, le foie gras, accompagn\u00e9 d&rsquo;un bon verre de madiran, rouge cors\u00e9, ou d&rsquo;un juran\u00e7on moelleux.<\/p>\n<p><strong>S&rsquo;informer:<\/strong> Atout France \u00e0 Zurich, <a href=\"http:\/\/www.atout-france.fr\">atout-france.fr<\/a>, <a href=\"http:\/\/www.tourisme-bearn-gaves.com\">www.tourisme-bearn-gaves.com<\/a>, <a href=\"http:\/\/www.mairie-orthez.fr\">www.mairie-orthez.fr<\/a><\/p>\n<div id=\"attachment_4790\" style=\"width: 650px\" class=\"wp-caption alignnone\"><a href=\"https:\/\/i0.wp.com\/www.presstourism.ch\/WP_ALEX\/wp-content\/uploads\/2018\/11\/7_B\u00e9arnMaisonH\u00f4tes-Largeur-max.-1024-Hauteur-max.-768.jpg\"><img aria-describedby=\"caption-attachment-4790\" loading=\"lazy\" class=\"size-large wp-image-4790\" src=\"https:\/\/i0.wp.com\/www.presstourism.ch\/WP_ALEX\/wp-content\/uploads\/2018\/11\/7_B\u00e9arnMaisonH\u00f4tes-Largeur-max.-1024-Hauteur-max.-768-1024x682.jpg?resize=584%2C389\" alt=\"\" width=\"584\" height=\"389\" srcset=\"https:\/\/i1.wp.com\/www.presstourism.ch\/wp-content\/uploads\/2018\/11\/7_B\u00e9arnMaisonH\u00f4tes-Largeur-max.-1024-Hauteur-max.-768.jpg?w=1024 1024w, https:\/\/i1.wp.com\/www.presstourism.ch\/wp-content\/uploads\/2018\/11\/7_B\u00e9arnMaisonH\u00f4tes-Largeur-max.-1024-Hauteur-max.-768.jpg?resize=300%2C200 300w, https:\/\/i1.wp.com\/www.presstourism.ch\/wp-content\/uploads\/2018\/11\/7_B\u00e9arnMaisonH\u00f4tes-Largeur-max.-1024-Hauteur-max.-768.jpg?resize=768%2C512 768w, https:\/\/i1.wp.com\/www.presstourism.ch\/wp-content\/uploads\/2018\/11\/7_B\u00e9arnMaisonH\u00f4tes-Largeur-max.-1024-Hauteur-max.-768.jpg?resize=600%2C400 600w\" sizes=\"(max-width: 584px) 100vw, 584px\" data-recalc-dims=\"1\" \/><\/a><p id=\"caption-attachment-4790\" class=\"wp-caption-text\">Le domaine du ch\u00e2teau de B\u00e9touzet, une maison d&rsquo;h\u00f4te accueillante \u00e0 Andrein.<\/p><\/div>\n<p><a href=\"http:\/\/www.presstourism.ch\/wp-content\/uploads\/2018\/11\/NVT_210918-BaladeOrthez5.pdf\">Lire ou t\u00e9l\u00e9charger l&rsquo;article de presse<\/a><\/p>\n","protected":false},"excerpt":{"rendered":"<p>AQUITAINE &#8211; Dans le B\u00e9arn, entre le Pays Basque et les Pyr\u00e9n\u00e9es, la petite ville poss\u00e8de un patrimoine historique exceptionnel et un terroir premier cr\u00fb. Comme les villages qui m\u00e8nent jusqu&rsquo;\u00e0 St-Jean-Pied-de-Port. Impossible de ne pas tomber sous le charme &hellip; <a href=\"http:\/\/www.presstourism.ch\/?page_id=4783\">Continuer la lecture <span class=\"meta-nav\">&rarr;<\/span><\/a><\/p>\n","protected":false},"author":1,"featured_media":0,"parent":4795,"menu_order":0,"comment_status":"closed","ping_status":"closed","template":"","meta":{"ngg_post_thumbnail":0,"spay_email":""},"jetpack_sharing_enabled":true,"jetpack_shortlink":"https:\/\/wp.me\/P468TV-1f9","_links":{"self":[{"href":"http:\/\/www.presstourism.ch\/index.php?rest_route=\/wp\/v2\/pages\/4783"}],"collection":[{"href":"http:\/\/www.presstourism.ch\/index.php?rest_route=\/wp\/v2\/pages"}],"about":[{"href":"http:\/\/www.presstourism.ch\/index.php?rest_route=\/wp\/v2\/types\/page"}],"author":[{"embeddable":true,"href":"http:\/\/www.presstourism.ch\/index.php?rest_route=\/wp\/v2\/users\/1"}],"replies":[{"embeddable":true,"href":"http:\/\/www.presstourism.ch\/index.php?rest_route=%2Fwp%2Fv2%2Fcomments&post=4783"}],"version-history":[{"count":4,"href":"http:\/\/www.presstourism.ch\/index.php?rest_route=\/wp\/v2\/pages\/4783\/revisions"}],"predecessor-version":[{"id":9275,"href":"http:\/\/www.presstourism.ch\/index.php?rest_route=\/wp\/v2\/pages\/4783\/revisions\/9275"}],"up":[{"embeddable":true,"href":"http:\/\/www.presstourism.ch\/index.php?rest_route=\/wp\/v2\/pages\/4795"}],"wp:attachment":[{"href":"http:\/\/www.presstourism.ch\/index.php?rest_route=%2Fwp%2Fv2%2Fmedia&parent=4783"}],"curies":[{"name":"wp","href":"https:\/\/api.w.org\/{rel}","templated":true}]}}