{"id":4768,"date":"2018-11-15T19:24:37","date_gmt":"2018-11-15T18:24:37","guid":{"rendered":"http:\/\/www.presstourism.ch\/WP_ALEX\/?page_id=4768"},"modified":"2024-04-10T17:05:16","modified_gmt":"2024-04-10T15:05:16","slug":"pontarlier-lamie-cest-juste-a-cote","status":"publish","type":"page","link":"http:\/\/www.presstourism.ch\/?page_id=4768","title":{"rendered":"Pontarlier l&rsquo;amie, c&rsquo;est juste \u00e0 c\u00f4t\u00e9"},"content":{"rendered":"<div id=\"attachment_4770\" style=\"width: 650px\" class=\"wp-caption alignnone\"><a href=\"https:\/\/i2.wp.com\/www.presstourism.ch\/WP_ALEX\/wp-content\/uploads\/2018\/11\/2PontarlierVue-Largeur-max.-1024-Hauteur-max.-768.jpg\"><img aria-describedby=\"caption-attachment-4770\" loading=\"lazy\" class=\"size-large wp-image-4770\" src=\"https:\/\/i0.wp.com\/www.presstourism.ch\/WP_ALEX\/wp-content\/uploads\/2018\/11\/2PontarlierVue-Largeur-max.-1024-Hauteur-max.-768-1024x682.jpg?resize=584%2C389\" alt=\"\" width=\"584\" height=\"389\" srcset=\"https:\/\/i0.wp.com\/www.presstourism.ch\/wp-content\/uploads\/2018\/11\/2PontarlierVue-Largeur-max.-1024-Hauteur-max.-768.jpg?w=1024 1024w, https:\/\/i0.wp.com\/www.presstourism.ch\/wp-content\/uploads\/2018\/11\/2PontarlierVue-Largeur-max.-1024-Hauteur-max.-768.jpg?resize=300%2C200 300w, https:\/\/i0.wp.com\/www.presstourism.ch\/wp-content\/uploads\/2018\/11\/2PontarlierVue-Largeur-max.-1024-Hauteur-max.-768.jpg?resize=768%2C512 768w, https:\/\/i0.wp.com\/www.presstourism.ch\/wp-content\/uploads\/2018\/11\/2PontarlierVue-Largeur-max.-1024-Hauteur-max.-768.jpg?resize=600%2C400 600w\" sizes=\"(max-width: 584px) 100vw, 584px\" data-recalc-dims=\"1\" \/><\/a><p id=\"caption-attachment-4770\" class=\"wp-caption-text\">Panorama sur Pontarlier depuis la chapelle de l&rsquo;Esp\u00e9rance.<\/p><\/div>\n<p>FRANCE VOISINE &#8211; Ayant scell\u00e9 une charte d&rsquo;amiti\u00e9 en 2003 avec Yverdon-les-Bains, la capitale du Haut-Doubs fait preuve de beaucoup de dynamisme et se d\u00e9couvre avec des circuits th\u00e9matiques mettant en exergue son patrimoine historique et culturel.<\/p>\n<div id=\"attachment_4769\" style=\"width: 522px\" class=\"wp-caption aligncenter\"><a href=\"https:\/\/i1.wp.com\/www.presstourism.ch\/WP_ALEX\/wp-content\/uploads\/2018\/11\/1PontarlierPorteStPierre-Largeur-max.-1024-Hauteur-max.-768.jpg\"><img aria-describedby=\"caption-attachment-4769\" loading=\"lazy\" class=\"size-full wp-image-4769\" src=\"https:\/\/i1.wp.com\/www.presstourism.ch\/WP_ALEX\/wp-content\/uploads\/2018\/11\/1PontarlierPorteStPierre-Largeur-max.-1024-Hauteur-max.-768.jpg?resize=512%2C768\" alt=\"\" width=\"512\" height=\"768\" srcset=\"https:\/\/i2.wp.com\/www.presstourism.ch\/wp-content\/uploads\/2018\/11\/1PontarlierPorteStPierre-Largeur-max.-1024-Hauteur-max.-768.jpg?w=512 512w, https:\/\/i2.wp.com\/www.presstourism.ch\/wp-content\/uploads\/2018\/11\/1PontarlierPorteStPierre-Largeur-max.-1024-Hauteur-max.-768.jpg?resize=200%2C300 200w\" sizes=\"(max-width: 512px) 100vw, 512px\" data-recalc-dims=\"1\" \/><\/a><p id=\"caption-attachment-4769\" class=\"wp-caption-text\">La Porte Saint-Pierre, monument embl\u00e9matique de la cit\u00e9.<\/p><\/div>\n<p>Si Yverdon-les-Bains est jumel\u00e9e avec les villes de Winterthour et de Nogent-sur-Marne, elle a aussi tiss\u00e9 des liens \u00e9troits avec Pontarlier, la ville fran\u00e7aise la plus proche de chez nous. Parfois un peu oubli\u00e9e par rapport \u00e0 ses voisines de l&rsquo;Arc jurassien, cette derni\u00e8re a pourtant de nombreux atouts \u00e0 faire valoir et elle est aussi un point de d\u00e9part id\u00e9al pour des excursions vers le lac de Saint-Point ou les montagnes du Pays comtois.<\/p>\n<div id=\"attachment_4773\" style=\"width: 650px\" class=\"wp-caption alignnone\"><a href=\"https:\/\/i0.wp.com\/www.presstourism.ch\/WP_ALEX\/wp-content\/uploads\/2018\/11\/5PontarlierGare-Largeur-max.-1024-Hauteur-max.-768.jpg\"><img aria-describedby=\"caption-attachment-4773\" loading=\"lazy\" class=\"size-large wp-image-4773\" src=\"https:\/\/i1.wp.com\/www.presstourism.ch\/WP_ALEX\/wp-content\/uploads\/2018\/11\/5PontarlierGare-Largeur-max.-1024-Hauteur-max.-768-1024x682.jpg?resize=584%2C389\" alt=\"\" width=\"584\" height=\"389\" srcset=\"https:\/\/i2.wp.com\/www.presstourism.ch\/wp-content\/uploads\/2018\/11\/5PontarlierGare-Largeur-max.-1024-Hauteur-max.-768.jpg?w=1024 1024w, https:\/\/i2.wp.com\/www.presstourism.ch\/wp-content\/uploads\/2018\/11\/5PontarlierGare-Largeur-max.-1024-Hauteur-max.-768.jpg?resize=300%2C200 300w, https:\/\/i2.wp.com\/www.presstourism.ch\/wp-content\/uploads\/2018\/11\/5PontarlierGare-Largeur-max.-1024-Hauteur-max.-768.jpg?resize=768%2C512 768w, https:\/\/i2.wp.com\/www.presstourism.ch\/wp-content\/uploads\/2018\/11\/5PontarlierGare-Largeur-max.-1024-Hauteur-max.-768.jpg?resize=600%2C400 600w\" sizes=\"(max-width: 584px) 100vw, 584px\" data-recalc-dims=\"1\" \/><\/a><p id=\"caption-attachment-4773\" class=\"wp-caption-text\">La Gare, qui a \u00e9t\u00e9 r\u00e9nov\u00e9e, comme la place et le rond-point qui la c\u00f4toient.<\/p><\/div>\n<p>Le plus simple pour partir \u00e0 la d\u00e9couverte de la cit\u00e9 des Pontissaliens, c&rsquo;est de s&rsquo;\u00e9lancer depuis la gare, qui a un joli cachet, et se diriger vers la rue de la R\u00e9publique pour rejoindre la fameuse Porte Saint-Pierre et ses fortifications (18e si\u00e8cle).<\/p>\n<div id=\"attachment_4772\" style=\"width: 650px\" class=\"wp-caption alignnone\"><a href=\"https:\/\/i2.wp.com\/www.presstourism.ch\/WP_ALEX\/wp-content\/uploads\/2018\/11\/4PontarlierPlaceArcon-Largeur-max.-1024-Hauteur-max.-768.jpg\"><img aria-describedby=\"caption-attachment-4772\" loading=\"lazy\" class=\"size-large wp-image-4772\" src=\"https:\/\/i2.wp.com\/www.presstourism.ch\/WP_ALEX\/wp-content\/uploads\/2018\/11\/4PontarlierPlaceArcon-Largeur-max.-1024-Hauteur-max.-768-1024x682.jpg?resize=584%2C389\" alt=\"\" width=\"584\" height=\"389\" srcset=\"https:\/\/i0.wp.com\/www.presstourism.ch\/wp-content\/uploads\/2018\/11\/4PontarlierPlaceArcon-Largeur-max.-1024-Hauteur-max.-768.jpg?w=1024 1024w, https:\/\/i0.wp.com\/www.presstourism.ch\/wp-content\/uploads\/2018\/11\/4PontarlierPlaceArcon-Largeur-max.-1024-Hauteur-max.-768.jpg?resize=300%2C200 300w, https:\/\/i0.wp.com\/www.presstourism.ch\/wp-content\/uploads\/2018\/11\/4PontarlierPlaceArcon-Largeur-max.-1024-Hauteur-max.-768.jpg?resize=768%2C512 768w, https:\/\/i0.wp.com\/www.presstourism.ch\/wp-content\/uploads\/2018\/11\/4PontarlierPlaceArcon-Largeur-max.-1024-Hauteur-max.-768.jpg?resize=600%2C400 600w\" sizes=\"(max-width: 584px) 100vw, 584px\" data-recalc-dims=\"1\" \/><\/a><p id=\"caption-attachment-4772\" class=\"wp-caption-text\">La place d&rsquo;Ar\u00e7on et l&rsquo;H\u00f4tel de Ville dans un quartier riche du patrimoine local.<\/p><\/div>\n<p>Peu avant, on trouve l&rsquo;H\u00f4tel de Ville, b\u00e2timent typique du Haut-Doubs du 19e, la jolie place d&rsquo;Ar\u00e7on, ainsi que le mus\u00e9e d&rsquo;art et d&rsquo;histoire, o\u00f9 a lieu r\u00e9guli\u00e8rement des expositions. En face, voil\u00e0 la chapelle des Annonciades avec son magnifique portail et, rue de la Halle, le Th\u00e9\u00e2tre Bernard Blier, du nom du c\u00e9l\u00e8bre acteur. C&rsquo;est dans les anciennes halles qu&rsquo;il a \u00e9t\u00e9 construit, puis r\u00e9am\u00e9nag\u00e9 \u00e0 diff\u00e9rentes \u00e9poques. La culture est d&rsquo;ailleurs souvent \u00e0 l&rsquo;honneur \u00e0 Pontarlier, dont il faut notamment citer son fameux Festival de cin\u00e9ma, qui a lieu chaque printemps.<\/p>\n<p><strong>La gar\u00e7onni\u00e8re de Mirabeau<\/strong><\/p>\n<div id=\"attachment_4774\" style=\"width: 650px\" class=\"wp-caption alignnone\"><a href=\"https:\/\/i2.wp.com\/www.presstourism.ch\/WP_ALEX\/wp-content\/uploads\/2018\/11\/6ChapelleEsp\u00e9rance-Largeur-max.-1024-Hauteur-max.-768.jpg\"><img aria-describedby=\"caption-attachment-4774\" loading=\"lazy\" class=\"size-large wp-image-4774\" src=\"https:\/\/i2.wp.com\/www.presstourism.ch\/WP_ALEX\/wp-content\/uploads\/2018\/11\/6ChapelleEsp\u00e9rance-Largeur-max.-1024-Hauteur-max.-768-1024x682.jpg?resize=584%2C389\" alt=\"\" width=\"584\" height=\"389\" srcset=\"https:\/\/i0.wp.com\/www.presstourism.ch\/wp-content\/uploads\/2018\/11\/6ChapelleEsp\u00e9rance-Largeur-max.-1024-Hauteur-max.-768.jpg?w=1024 1024w, https:\/\/i0.wp.com\/www.presstourism.ch\/wp-content\/uploads\/2018\/11\/6ChapelleEsp\u00e9rance-Largeur-max.-1024-Hauteur-max.-768.jpg?resize=300%2C200 300w, https:\/\/i0.wp.com\/www.presstourism.ch\/wp-content\/uploads\/2018\/11\/6ChapelleEsp\u00e9rance-Largeur-max.-1024-Hauteur-max.-768.jpg?resize=768%2C512 768w, https:\/\/i0.wp.com\/www.presstourism.ch\/wp-content\/uploads\/2018\/11\/6ChapelleEsp\u00e9rance-Largeur-max.-1024-Hauteur-max.-768.jpg?resize=600%2C400 600w\" sizes=\"(max-width: 584px) 100vw, 584px\" data-recalc-dims=\"1\" \/><\/a><p id=\"caption-attachment-4774\" class=\"wp-caption-text\">La chapelle de l&rsquo;Esp\u00e9rance perch\u00e9e sur sa colline au-dessus de la ville.<\/p><\/div>\n<p>La balade peut ensuite se poursuivre vers d&rsquo;autres lieux int\u00e9ressants, notamment le vieux ch\u00e2teau, les casernes Marguet, l&rsquo;\u00e9glise Saint-B\u00e9nigne et ses vitraux du peintre Manessier et, un peu plus loin, perch\u00e9 sur une colline, la Chapelle de l&rsquo;Esp\u00e9rance. Ou encore la gar\u00e7onni\u00e8re de Mirabeau, homme politique, figure de la R\u00e9volution fran\u00e7aise et \u00e9crivain.<\/p>\n<div id=\"attachment_4775\" style=\"width: 650px\" class=\"wp-caption alignnone\"><a href=\"https:\/\/i1.wp.com\/www.presstourism.ch\/WP_ALEX\/wp-content\/uploads\/2018\/11\/7Ch\u00e2teauJoux-Largeur-max.-1024-Hauteur-max.-768.jpg\"><img aria-describedby=\"caption-attachment-4775\" loading=\"lazy\" class=\"size-large wp-image-4775\" src=\"https:\/\/i0.wp.com\/www.presstourism.ch\/WP_ALEX\/wp-content\/uploads\/2018\/11\/7Ch\u00e2teauJoux-Largeur-max.-1024-Hauteur-max.-768-1024x682.jpg?resize=584%2C389\" alt=\"\" width=\"584\" height=\"389\" srcset=\"https:\/\/i1.wp.com\/www.presstourism.ch\/wp-content\/uploads\/2018\/11\/7Ch\u00e2teauJoux-Largeur-max.-1024-Hauteur-max.-768.jpg?w=1024 1024w, https:\/\/i1.wp.com\/www.presstourism.ch\/wp-content\/uploads\/2018\/11\/7Ch\u00e2teauJoux-Largeur-max.-1024-Hauteur-max.-768.jpg?resize=300%2C200 300w, https:\/\/i1.wp.com\/www.presstourism.ch\/wp-content\/uploads\/2018\/11\/7Ch\u00e2teauJoux-Largeur-max.-1024-Hauteur-max.-768.jpg?resize=768%2C512 768w, https:\/\/i1.wp.com\/www.presstourism.ch\/wp-content\/uploads\/2018\/11\/7Ch\u00e2teauJoux-Largeur-max.-1024-Hauteur-max.-768.jpg?resize=600%2C400 600w\" sizes=\"(max-width: 584px) 100vw, 584px\" data-recalc-dims=\"1\" \/><\/a><p id=\"caption-attachment-4775\" class=\"wp-caption-text\">Le ch\u00e2teau de Joux domine La Cluse-et-Mijoux et son \u00e9glise au clocher comtois.<\/p><\/div>\n<p>En allant ou en revenant de Pontarlier, ne pas manquer la visite du ch\u00e2teau de Joux, perch\u00e9 sur son rocher dans la commune limitrophe de La Cluse-et-Mijoux. C&rsquo;est l&rsquo;un des hauts lieux de l&rsquo;histoire f\u00e9odale et militaire du Haut-Doubs.<\/p>\n<p><strong>Textes et photos: Roger Juillerat<\/strong><\/p>\n<hr>\n<div id=\"attachment_4771\" style=\"width: 522px\" class=\"wp-caption aligncenter\"><a href=\"https:\/\/i0.wp.com\/www.presstourism.ch\/WP_ALEX\/wp-content\/uploads\/2018\/11\/3PontarlierDistillGuy-Largeur-max.-1024-Hauteur-max.-768.jpg\"><img aria-describedby=\"caption-attachment-4771\" loading=\"lazy\" class=\"size-full wp-image-4771\" src=\"https:\/\/i0.wp.com\/www.presstourism.ch\/WP_ALEX\/wp-content\/uploads\/2018\/11\/3PontarlierDistillGuy-Largeur-max.-1024-Hauteur-max.-768.jpg?resize=512%2C768\" alt=\"\" width=\"512\" height=\"768\" srcset=\"https:\/\/i0.wp.com\/www.presstourism.ch\/wp-content\/uploads\/2018\/11\/3PontarlierDistillGuy-Largeur-max.-1024-Hauteur-max.-768.jpg?w=512 512w, https:\/\/i0.wp.com\/www.presstourism.ch\/wp-content\/uploads\/2018\/11\/3PontarlierDistillGuy-Largeur-max.-1024-Hauteur-max.-768.jpg?resize=200%2C300 200w\" sizes=\"(max-width: 512px) 100vw, 512px\" data-recalc-dims=\"1\" \/><\/a><p id=\"caption-attachment-4771\" class=\"wp-caption-text\">La Distillerie d&rsquo;absinthe Guy avec une fabrication dans la pure tradition.<\/p><\/div>\n<p><strong>Infos pratiques<\/strong><\/p>\n<p><strong>Y aller:<\/strong> via la semi-autoroute A9B Yverdon-Vallorbe, puis suivre Pontarlier.<\/p>\n<p><strong>Mais aussi:<\/strong> une balade avec le Coni&rsquo;Fer, petit train touristique entre les gares des H\u00f4pitaux-Neufs et de Fontaine Ronde, <a href=\"http:\/\/www.coni-fer.org\">www.coni-fer.org<\/a>. La visite de la Maison Guy, derni\u00e8re distillerie d&rsquo;absinthe de Pontarlier, <a href=\"http:\/\/www.pontarlier-anis.com\">www.pontarlier-anis.com<\/a>. Les bons Comt\u00e9 et autres fromages r\u00e9gionaux de Chez Badoz, rue Eiffel 4, <a href=\"http:\/\/www.fromagerie-badoz.com\">www.fromagerie-badoz.com<\/a><\/p>\n<p><strong>Couverts:<\/strong> la bonne cuisine du terroir de la Pinte Comtoise, rue Jeanne-d&rsquo;Arc 4, dont un exquis \u00ab\u00a0Supr\u00eame de pintade au Comt\u00e9, sauce Savagnin\u00a0\u00bb, <a href=\"http:\/\/www.lapintecomtoise.fr\">www.lapintecomtoise.fr<\/a>. Un joli cadre et des bons petits plats \u00e0 la Brasserie de la Poste, une institution pontissalienne, <a href=\"http:\/\/www.laposte-pontarlier.fr\">www.laposte-pontarlier.fr<\/a><\/p>\n<p><strong>S&rsquo;informer:<\/strong> <a href=\"http:\/\/www.pontarlier.org\">www.pontarlier.org<\/a>: site de l&rsquo;Office du tourisme, rue de la Gare 14. <a href=\"http:\/\/www.ville-pontarlier.fr\">www.ville-pontarlier.fr<\/a>, <a href=\"http:\/\/www.chateaudejoux.com\">www.chateaudejoux.com<\/a><\/p>\n<div id=\"attachment_4776\" style=\"width: 650px\" class=\"wp-caption alignnone\"><a href=\"https:\/\/i0.wp.com\/www.presstourism.ch\/WP_ALEX\/wp-content\/uploads\/2018\/11\/8ConiferH\u00f4pitaux-Largeur-max.-1024-Hauteur-max.-768.jpg\"><img aria-describedby=\"caption-attachment-4776\" loading=\"lazy\" class=\"size-large wp-image-4776\" src=\"https:\/\/i2.wp.com\/www.presstourism.ch\/WP_ALEX\/wp-content\/uploads\/2018\/11\/8ConiferH\u00f4pitaux-Largeur-max.-1024-Hauteur-max.-768-1024x682.jpg?resize=584%2C389\" alt=\"\" width=\"584\" height=\"389\" srcset=\"https:\/\/i0.wp.com\/www.presstourism.ch\/wp-content\/uploads\/2018\/11\/8ConiferH\u00f4pitaux-Largeur-max.-1024-Hauteur-max.-768.jpg?w=1024 1024w, https:\/\/i0.wp.com\/www.presstourism.ch\/wp-content\/uploads\/2018\/11\/8ConiferH\u00f4pitaux-Largeur-max.-1024-Hauteur-max.-768.jpg?resize=300%2C200 300w, https:\/\/i0.wp.com\/www.presstourism.ch\/wp-content\/uploads\/2018\/11\/8ConiferH\u00f4pitaux-Largeur-max.-1024-Hauteur-max.-768.jpg?resize=768%2C512 768w, https:\/\/i0.wp.com\/www.presstourism.ch\/wp-content\/uploads\/2018\/11\/8ConiferH\u00f4pitaux-Largeur-max.-1024-Hauteur-max.-768.jpg?resize=600%2C400 600w\" sizes=\"(max-width: 584px) 100vw, 584px\" data-recalc-dims=\"1\" \/><\/a><p id=\"caption-attachment-4776\" class=\"wp-caption-text\">Un petit air d&rsquo;Orient-Express \u00e0 la gare du Coni&rsquo;Fer, aux H\u00f4pitaux-Neufs.<\/p><\/div>\n<p><a href=\"http:\/\/www.presstourism.ch\/wp-content\/uploads\/2018\/11\/PontarlierBalade-Ao\u00fbt2018-copie.docx\">Lire ou t\u00e9l\u00e9charger l&rsquo;article de presse&#8230;<\/a><\/p>\n","protected":false},"excerpt":{"rendered":"<p>FRANCE VOISINE &#8211; Ayant scell\u00e9 une charte d&rsquo;amiti\u00e9 en 2003 avec Yverdon-les-Bains, la capitale du Haut-Doubs fait preuve de beaucoup de dynamisme et se d\u00e9couvre avec des circuits th\u00e9matiques mettant en exergue son patrimoine historique et culturel. Si Yverdon-les-Bains est &hellip; <a href=\"http:\/\/www.presstourism.ch\/?page_id=4768\">Continuer la lecture <span class=\"meta-nav\">&rarr;<\/span><\/a><\/p>\n","protected":false},"author":1,"featured_media":0,"parent":287,"menu_order":0,"comment_status":"closed","ping_status":"closed","template":"","meta":{"ngg_post_thumbnail":0,"spay_email":""},"jetpack_sharing_enabled":true,"jetpack_shortlink":"https:\/\/wp.me\/P468TV-1eU","_links":{"self":[{"href":"http:\/\/www.presstourism.ch\/index.php?rest_route=\/wp\/v2\/pages\/4768"}],"collection":[{"href":"http:\/\/www.presstourism.ch\/index.php?rest_route=\/wp\/v2\/pages"}],"about":[{"href":"http:\/\/www.presstourism.ch\/index.php?rest_route=\/wp\/v2\/types\/page"}],"author":[{"embeddable":true,"href":"http:\/\/www.presstourism.ch\/index.php?rest_route=\/wp\/v2\/users\/1"}],"replies":[{"embeddable":true,"href":"http:\/\/www.presstourism.ch\/index.php?rest_route=%2Fwp%2Fv2%2Fcomments&post=4768"}],"version-history":[{"count":2,"href":"http:\/\/www.presstourism.ch\/index.php?rest_route=\/wp\/v2\/pages\/4768\/revisions"}],"predecessor-version":[{"id":9276,"href":"http:\/\/www.presstourism.ch\/index.php?rest_route=\/wp\/v2\/pages\/4768\/revisions\/9276"}],"up":[{"embeddable":true,"href":"http:\/\/www.presstourism.ch\/index.php?rest_route=\/wp\/v2\/pages\/287"}],"wp:attachment":[{"href":"http:\/\/www.presstourism.ch\/index.php?rest_route=%2Fwp%2Fv2%2Fmedia&parent=4768"}],"curies":[{"name":"wp","href":"https:\/\/api.w.org\/{rel}","templated":true}]}}