{"id":4754,"date":"2018-11-15T18:59:08","date_gmt":"2018-11-15T17:59:08","guid":{"rendered":"http:\/\/www.presstourism.ch\/WP_ALEX\/?page_id=4754"},"modified":"2024-04-11T08:26:39","modified_gmt":"2024-04-11T06:26:39","slug":"jura-au-pays-du-cheval-et-des-grands-espaces","status":"publish","type":"page","link":"http:\/\/www.presstourism.ch\/?page_id=4754","title":{"rendered":"Jura: Au pays du cheval et des grands espaces"},"content":{"rendered":"<div id=\"attachment_4760\" style=\"width: 522px\" class=\"wp-caption aligncenter\"><a href=\"https:\/\/i1.wp.com\/www.presstourism.ch\/WP_ALEX\/wp-content\/uploads\/2018\/11\/6FermesFrMtgnes-Largeur-max.-1024-Hauteur-max.-768.jpg\"><img aria-describedby=\"caption-attachment-4760\" loading=\"lazy\" class=\"size-full wp-image-4760\" src=\"https:\/\/i1.wp.com\/www.presstourism.ch\/WP_ALEX\/wp-content\/uploads\/2018\/11\/6FermesFrMtgnes-Largeur-max.-1024-Hauteur-max.-768.jpg?resize=512%2C768\" alt=\"\" width=\"512\" height=\"768\" srcset=\"https:\/\/i1.wp.com\/www.presstourism.ch\/wp-content\/uploads\/2018\/11\/6FermesFrMtgnes-Largeur-max.-1024-Hauteur-max.-768.jpg?w=512 512w, https:\/\/i1.wp.com\/www.presstourism.ch\/wp-content\/uploads\/2018\/11\/6FermesFrMtgnes-Largeur-max.-1024-Hauteur-max.-768.jpg?resize=200%2C300 200w\" sizes=\"(max-width: 512px) 100vw, 512px\" data-recalc-dims=\"1\" \/><\/a><p id=\"caption-attachment-4760\" class=\"wp-caption-text\">Partout des jolies fermes jurassiennes au milieu des sapins et des p\u00e2turages comme ici pr\u00e8s du hameau des Rouges-Terres.<\/p><\/div>\n<p>Les Franches-Montagnes sont id\u00e9ales pour les loisirs de l&rsquo;automne et notamment les promenades \u00e0 pied, \u00e0 cheval ou \u00e0 VTT. Comme celle qu&rsquo;il faut faire absolument autour de l&rsquo;\u00e9tang de la Gru\u00e8re et son petit voisin des Royes.<\/p>\n<div id=\"attachment_4756\" style=\"width: 650px\" class=\"wp-caption alignnone\"><a href=\"https:\/\/i1.wp.com\/www.presstourism.ch\/WP_ALEX\/wp-content\/uploads\/2018\/11\/2PromenadeChevalFrM-Largeur-max.-1024-Hauteur-max.-768.jpg\"><img aria-describedby=\"caption-attachment-4756\" loading=\"lazy\" class=\"size-large wp-image-4756\" src=\"https:\/\/i0.wp.com\/www.presstourism.ch\/WP_ALEX\/wp-content\/uploads\/2018\/11\/2PromenadeChevalFrM-Largeur-max.-1024-Hauteur-max.-768-1024x682.jpg?resize=584%2C389\" alt=\"\" width=\"584\" height=\"389\" srcset=\"https:\/\/i1.wp.com\/www.presstourism.ch\/wp-content\/uploads\/2018\/11\/2PromenadeChevalFrM-Largeur-max.-1024-Hauteur-max.-768.jpg?w=1024 1024w, https:\/\/i1.wp.com\/www.presstourism.ch\/wp-content\/uploads\/2018\/11\/2PromenadeChevalFrM-Largeur-max.-1024-Hauteur-max.-768.jpg?resize=300%2C200 300w, https:\/\/i1.wp.com\/www.presstourism.ch\/wp-content\/uploads\/2018\/11\/2PromenadeChevalFrM-Largeur-max.-1024-Hauteur-max.-768.jpg?resize=768%2C512 768w, https:\/\/i1.wp.com\/www.presstourism.ch\/wp-content\/uploads\/2018\/11\/2PromenadeChevalFrM-Largeur-max.-1024-Hauteur-max.-768.jpg?resize=600%2C400 600w\" sizes=\"(max-width: 584px) 100vw, 584px\" data-recalc-dims=\"1\" \/><\/a><p id=\"caption-attachment-4756\" class=\"wp-caption-text\">Faire une petite promenade \u00e0 cheval au milieu des grands p\u00e2turages et des sapins typiques de la r\u00e9gion.<\/p><\/div>\n<p>La r\u00e9gion a donn\u00e9 son nom \u00e0 l&rsquo;unique race de chevaux indig\u00e8nes de Suisse, le Franches-Montagnes. Elle est aussi un v\u00e9ritable paradis d\u2019activit\u00e9s en plein air avec ses grands p\u00e2turages bois\u00e9s, ses tourbi\u00e8res et ses \u00e9tangs. Le plus connu est celui de la Gru\u00e8re, o\u00f9 les marcheurs se rendent en masse lors des beaux week-ends de l&rsquo;automne dont, il faut le souligner, une majorit\u00e9 de Suisses al\u00e9maniques.<\/p>\n<div id=\"attachment_4755\" style=\"width: 650px\" class=\"wp-caption alignnone\"><a href=\"https:\/\/i1.wp.com\/www.presstourism.ch\/WP_ALEX\/wp-content\/uploads\/2018\/11\/1Gru\u00e8reFrMtgnes-Largeur-max.-1024-Hauteur-max.-768.jpg\"><img aria-describedby=\"caption-attachment-4755\" loading=\"lazy\" class=\"size-large wp-image-4755\" src=\"https:\/\/i0.wp.com\/www.presstourism.ch\/WP_ALEX\/wp-content\/uploads\/2018\/11\/1Gru\u00e8reFrMtgnes-Largeur-max.-1024-Hauteur-max.-768-1024x682.jpg?resize=584%2C389\" alt=\"\" width=\"584\" height=\"389\" srcset=\"https:\/\/i2.wp.com\/www.presstourism.ch\/wp-content\/uploads\/2018\/11\/1Gru\u00e8reFrMtgnes-Largeur-max.-1024-Hauteur-max.-768.jpg?w=1024 1024w, https:\/\/i2.wp.com\/www.presstourism.ch\/wp-content\/uploads\/2018\/11\/1Gru\u00e8reFrMtgnes-Largeur-max.-1024-Hauteur-max.-768.jpg?resize=300%2C200 300w, https:\/\/i2.wp.com\/www.presstourism.ch\/wp-content\/uploads\/2018\/11\/1Gru\u00e8reFrMtgnes-Largeur-max.-1024-Hauteur-max.-768.jpg?resize=768%2C512 768w, https:\/\/i2.wp.com\/www.presstourism.ch\/wp-content\/uploads\/2018\/11\/1Gru\u00e8reFrMtgnes-Largeur-max.-1024-Hauteur-max.-768.jpg?resize=600%2C400 600w\" sizes=\"(max-width: 584px) 100vw, 584px\" data-recalc-dims=\"1\" \/><\/a><p id=\"caption-attachment-4755\" class=\"wp-caption-text\">Il faut compter un peu plus d&rsquo;une heure pour faire le tour de l\u2019\u00e9tang de la Gru\u00e8re et de sa r\u00e9serve naturelle.<\/p><\/div>\n<p>Un sentier bien entretenu fait le tour de ce site naturel et, en ce moment, on peut admirer la flore sauvage \u00e0 proximit\u00e9 de ses rives et au-del\u00e0 de ses petits ponts, avec parfois des surprises: un \u00e9cureuil qui s&#8217;empresse de monter sur un sapin ou m\u00eame un li\u00e8vre qui sort d&rsquo;un taillis et s&rsquo;enfuit sur votre passage. Les amoureux de l&rsquo;endroit le comparent volontiers \u00e0 un lac qu\u00e9b\u00e9cois ou finlandais. Il y a aussi, pas loin de Montfaucon et des Rouges Terres, l&rsquo;\u00e9tang des Royes. Il est plus petit et un chemin balis\u00e9 vous y conduit avec des panneaux d\u2019informations sur les origines de ce lieu entour\u00e9 de tourbi\u00e8res.<\/p>\n<p><strong>Jusqu&rsquo;au chef-lieu<\/strong><\/p>\n<div id=\"attachment_4761\" style=\"width: 650px\" class=\"wp-caption alignnone\"><a href=\"https:\/\/i1.wp.com\/www.presstourism.ch\/WP_ALEX\/wp-content\/uploads\/2018\/11\/7March\u00e9Concours-Largeur-max.-1024-Hauteur-max.-768.jpg\"><img aria-describedby=\"caption-attachment-4761\" loading=\"lazy\" class=\"size-large wp-image-4761\" src=\"https:\/\/i2.wp.com\/www.presstourism.ch\/WP_ALEX\/wp-content\/uploads\/2018\/11\/7March\u00e9Concours-Largeur-max.-1024-Hauteur-max.-768-1024x624.jpg?resize=584%2C356\" alt=\"\" width=\"584\" height=\"356\" srcset=\"https:\/\/i0.wp.com\/www.presstourism.ch\/wp-content\/uploads\/2018\/11\/7March\u00e9Concours-Largeur-max.-1024-Hauteur-max.-768.jpg?w=1024 1024w, https:\/\/i0.wp.com\/www.presstourism.ch\/wp-content\/uploads\/2018\/11\/7March\u00e9Concours-Largeur-max.-1024-Hauteur-max.-768.jpg?resize=300%2C183 300w, https:\/\/i0.wp.com\/www.presstourism.ch\/wp-content\/uploads\/2018\/11\/7March\u00e9Concours-Largeur-max.-1024-Hauteur-max.-768.jpg?resize=768%2C468 768w, https:\/\/i0.wp.com\/www.presstourism.ch\/wp-content\/uploads\/2018\/11\/7March\u00e9Concours-Largeur-max.-1024-Hauteur-max.-768.jpg?resize=600%2C366 600w\" sizes=\"(max-width: 584px) 100vw, 584px\" data-recalc-dims=\"1\" \/><\/a><p id=\"caption-attachment-4761\" class=\"wp-caption-text\">Chaque ann\u00e9e au mois d&rsquo;ao\u00fbt, Saignel\u00e9gier organise son fameux March\u00e9-Concours avec les courses et d\u00e9fil\u00e9s.<\/p><\/div>\n<p>Apr\u00e8s la visite de <a href=\"http:\/\/www.presstourism.ch\/WP_ALEX\/?page_id=4738\">Del\u00e9mont<\/a>, le passage s&rsquo;imposait donc tout naturellement dans ces Franches-Montagnes. O\u00f9 il faut, bien entendu, faire un d\u00e9tour \u00e0 Saignel\u00e9gier, le chef-lieu r\u00e9gional, ses halles et sa grande place du March\u00e9-Concours. Son centre sportif aussi, ses restos sympas et d&rsquo;autres atouts. Et pourquoi pas, si vous avez les bases n\u00e9cessaires, faire un petit tour \u00e0 cheval ou bien en roulottes, en cal\u00e8ches et chars attel\u00e9s. C&rsquo;est magnifique! Sans oublier de passer \u00e0 la Fondation du Roselet, sur la commune des Breuleux, o\u00f9 se trouve une maison de retraite des chevaux, puis rendre visite \u00e0 un \u00e9leveur, par exemple Denis Boichat, au Peu-P\u00e9quignot.<\/p>\n<div id=\"attachment_4758\" style=\"width: 650px\" class=\"wp-caption alignnone\"><a href=\"https:\/\/i0.wp.com\/www.presstourism.ch\/WP_ALEX\/wp-content\/uploads\/2018\/11\/4.Priorit\u00e9Chevauxjpg-Largeur-max.-1024-Hauteur-max.-768.jpg\"><img aria-describedby=\"caption-attachment-4758\" loading=\"lazy\" class=\"size-large wp-image-4758\" src=\"https:\/\/i2.wp.com\/www.presstourism.ch\/WP_ALEX\/wp-content\/uploads\/2018\/11\/4.Priorit\u00e9Chevauxjpg-Largeur-max.-1024-Hauteur-max.-768-1024x768.jpg?resize=584%2C438\" alt=\"\" width=\"584\" height=\"438\" srcset=\"https:\/\/i2.wp.com\/www.presstourism.ch\/wp-content\/uploads\/2018\/11\/4.Priorit\u00e9Chevauxjpg-Largeur-max.-1024-Hauteur-max.-768.jpg?w=1024 1024w, https:\/\/i2.wp.com\/www.presstourism.ch\/wp-content\/uploads\/2018\/11\/4.Priorit\u00e9Chevauxjpg-Largeur-max.-1024-Hauteur-max.-768.jpg?resize=300%2C225 300w, https:\/\/i2.wp.com\/www.presstourism.ch\/wp-content\/uploads\/2018\/11\/4.Priorit\u00e9Chevauxjpg-Largeur-max.-1024-Hauteur-max.-768.jpg?resize=768%2C576 768w, https:\/\/i2.wp.com\/www.presstourism.ch\/wp-content\/uploads\/2018\/11\/4.Priorit\u00e9Chevauxjpg-Largeur-max.-1024-Hauteur-max.-768.jpg?resize=600%2C450 600w\" sizes=\"(max-width: 584px) 100vw, 584px\" data-recalc-dims=\"1\" \/><\/a><p id=\"caption-attachment-4758\" class=\"wp-caption-text\">Ces chevaux ont d&rsquo;ailleurs la priorit\u00e9, m\u00eame dans les parkings des restaurants&#8230;<\/p><\/div>\n<p>Mais rassurez-vous, \u00e0 pied, \u00e0 v\u00e9lo, en voiture ou m\u00eame avec les Chemins de fer du Jura (CJ), les Franches-Montagnes vous raviront aussi.<\/p>\n<div id=\"attachment_4759\" style=\"width: 650px\" class=\"wp-caption alignnone\"><a href=\"https:\/\/i0.wp.com\/www.presstourism.ch\/WP_ALEX\/wp-content\/uploads\/2018\/11\/5RestoVoyageursFrMt-Largeur-max.-1024-Hauteur-max.-768.jpg\"><img aria-describedby=\"caption-attachment-4759\" loading=\"lazy\" class=\"size-large wp-image-4759\" src=\"https:\/\/i1.wp.com\/www.presstourism.ch\/WP_ALEX\/wp-content\/uploads\/2018\/11\/5RestoVoyageursFrMt-Largeur-max.-1024-Hauteur-max.-768-1024x768.jpg?resize=584%2C438\" alt=\"\" width=\"584\" height=\"438\" srcset=\"https:\/\/i2.wp.com\/www.presstourism.ch\/wp-content\/uploads\/2018\/11\/5RestoVoyageursFrMt-Largeur-max.-1024-Hauteur-max.-768.jpg?w=1024 1024w, https:\/\/i2.wp.com\/www.presstourism.ch\/wp-content\/uploads\/2018\/11\/5RestoVoyageursFrMt-Largeur-max.-1024-Hauteur-max.-768.jpg?resize=300%2C225 300w, https:\/\/i2.wp.com\/www.presstourism.ch\/wp-content\/uploads\/2018\/11\/5RestoVoyageursFrMt-Largeur-max.-1024-Hauteur-max.-768.jpg?resize=768%2C576 768w, https:\/\/i2.wp.com\/www.presstourism.ch\/wp-content\/uploads\/2018\/11\/5RestoVoyageursFrMt-Largeur-max.-1024-Hauteur-max.-768.jpg?resize=600%2C450 600w\" sizes=\"(max-width: 584px) 100vw, 584px\" data-recalc-dims=\"1\" \/><\/a><p id=\"caption-attachment-4759\" class=\"wp-caption-text\">Le restaurant des Voyageurs, au Bois-Derri\u00e8re, dans un joli cadre franc-montagnard.<\/p><\/div>\n<p><strong>Textes et photos: Roger Juillerat<\/strong><\/p>\n<hr>\n<p><strong>Infos pratiques<\/strong><\/p>\n<p><strong>Y aller:<\/strong> En voiture ou en train, on arrive aux Franches-Montagnes via Neuch\u00e2tel-Bienne-Tavannes-Tramelan, ou par Neuch\u00e2tel-La Chaux-de-Fonds puis Saignel\u00e9gier (env. 1 h 30 depuis Yverdon).<\/p>\n<p><strong>Couettes et couverts:<\/strong> Le chef \u00e9toil\u00e9 Georges Wenger remettra son restaurant et h\u00f4tel du Noirmont \u00e0 la fin de l&rsquo;ann\u00e9e. Il transmettra le t\u00e9moin \u00e0 J\u00e9r\u00e9my Desbraux, second en cuisine \u00e0 l&rsquo;H\u00f4tel de Ville de Crissier, <a href=\"http:\/\/www.georges-wenger.ch\">www.georges-wenger.ch<\/a>. Les menus gourmands du restaurant de la Poste \u00e0 Saignel\u00e9gier, <a href=\"http:\/\/www.cafe-restaurant-poste.ch\">www.cafe-restaurant-poste.ch<\/a>. Les plats du terroir du restaurant des Voyageurs, au Bois-Derri\u00e8re, Montfaucon, <a href=\"http:\/\/www.voyageursboisderriere.ch\">www.voyageursboisderriere.ch<\/a><\/p>\n<p><strong>Mais aussi:<\/strong> le mus\u00e9e de la Bo\u00eete de Montre au Noirmont, <a href=\"http:\/\/www.museedelaboitedemontre.ch\">www.museedelaboitedemontre.ch<\/a>, et l&rsquo;Espace Paysan Horloger au Bo\u00e9chet, <a href=\"http:\/\/www.paysan-horloger.ch\">www.paysan-horloger.ch<\/a>, l&rsquo;horlogerie \u00e9tant aussi un patrimoine industriel du Jura.<\/p>\n<p><strong>S&rsquo;informer: <\/strong><a href=\"http:\/\/www.juratourisme.ch\">www.juratourisme.ch<\/a>, <a href=\"http:\/\/www.chevaux-jura.ch\">www.chevaux-jura.ch<\/a> et <a href=\"http:\/\/www.jura-cheval.ch\">www.jura-cheval.ch<\/a><\/p>\n<div id=\"attachment_4757\" style=\"width: 650px\" class=\"wp-caption alignnone\"><a href=\"https:\/\/i1.wp.com\/www.presstourism.ch\/WP_ALEX\/wp-content\/uploads\/2018\/11\/3ChevauxFrMtgnes-Largeur-max.-1024-Hauteur-max.-768.jpg\"><img aria-describedby=\"caption-attachment-4757\" loading=\"lazy\" class=\"size-large wp-image-4757\" src=\"https:\/\/i1.wp.com\/www.presstourism.ch\/WP_ALEX\/wp-content\/uploads\/2018\/11\/3ChevauxFrMtgnes-Largeur-max.-1024-Hauteur-max.-768-1024x768.jpg?resize=584%2C438\" alt=\"\" width=\"584\" height=\"438\" srcset=\"https:\/\/i0.wp.com\/www.presstourism.ch\/wp-content\/uploads\/2018\/11\/3ChevauxFrMtgnes-Largeur-max.-1024-Hauteur-max.-768.jpg?w=1024 1024w, https:\/\/i0.wp.com\/www.presstourism.ch\/wp-content\/uploads\/2018\/11\/3ChevauxFrMtgnes-Largeur-max.-1024-Hauteur-max.-768.jpg?resize=300%2C225 300w, https:\/\/i0.wp.com\/www.presstourism.ch\/wp-content\/uploads\/2018\/11\/3ChevauxFrMtgnes-Largeur-max.-1024-Hauteur-max.-768.jpg?resize=768%2C576 768w, https:\/\/i0.wp.com\/www.presstourism.ch\/wp-content\/uploads\/2018\/11\/3ChevauxFrMtgnes-Largeur-max.-1024-Hauteur-max.-768.jpg?resize=600%2C450 600w\" sizes=\"(max-width: 584px) 100vw, 584px\" data-recalc-dims=\"1\" \/><\/a><p id=\"caption-attachment-4757\" class=\"wp-caption-text\">Le bonheur de rencontrer les chevaux en libert\u00e9 et plut\u00f4t affables, ici pr\u00e8s de Montfaucon.<\/p><\/div>\n<p><a href=\"http:\/\/www.presstourism.ch\/wp-content\/uploads\/2018\/11\/NVT_191018-BaladeFrMtgnes.pdf\">Lire ou t\u00e9l\u00e9charger l&rsquo;article de 18 octobre 2018<\/a><\/p>\n","protected":false},"excerpt":{"rendered":"<p>Les Franches-Montagnes sont id\u00e9ales pour les loisirs de l&rsquo;automne et notamment les promenades \u00e0 pied, \u00e0 cheval ou \u00e0 VTT. Comme celle qu&rsquo;il faut faire absolument autour de l&rsquo;\u00e9tang de la Gru\u00e8re et son petit voisin des Royes. La r\u00e9gion &hellip; <a href=\"http:\/\/www.presstourism.ch\/?page_id=4754\">Continuer la lecture <span class=\"meta-nav\">&rarr;<\/span><\/a><\/p>\n","protected":false},"author":1,"featured_media":0,"parent":341,"menu_order":0,"comment_status":"closed","ping_status":"closed","template":"","meta":{"ngg_post_thumbnail":0,"spay_email":""},"jetpack_sharing_enabled":true,"jetpack_shortlink":"https:\/\/wp.me\/P468TV-1eG","_links":{"self":[{"href":"http:\/\/www.presstourism.ch\/index.php?rest_route=\/wp\/v2\/pages\/4754"}],"collection":[{"href":"http:\/\/www.presstourism.ch\/index.php?rest_route=\/wp\/v2\/pages"}],"about":[{"href":"http:\/\/www.presstourism.ch\/index.php?rest_route=\/wp\/v2\/types\/page"}],"author":[{"embeddable":true,"href":"http:\/\/www.presstourism.ch\/index.php?rest_route=\/wp\/v2\/users\/1"}],"replies":[{"embeddable":true,"href":"http:\/\/www.presstourism.ch\/index.php?rest_route=%2Fwp%2Fv2%2Fcomments&post=4754"}],"version-history":[{"count":3,"href":"http:\/\/www.presstourism.ch\/index.php?rest_route=\/wp\/v2\/pages\/4754\/revisions"}],"predecessor-version":[{"id":9282,"href":"http:\/\/www.presstourism.ch\/index.php?rest_route=\/wp\/v2\/pages\/4754\/revisions\/9282"}],"up":[{"embeddable":true,"href":"http:\/\/www.presstourism.ch\/index.php?rest_route=\/wp\/v2\/pages\/341"}],"wp:attachment":[{"href":"http:\/\/www.presstourism.ch\/index.php?rest_route=%2Fwp%2Fv2%2Fmedia&parent=4754"}],"curies":[{"name":"wp","href":"https:\/\/api.w.org\/{rel}","templated":true}]}}