{"id":4707,"date":"2018-11-15T13:13:07","date_gmt":"2018-11-15T12:13:07","guid":{"rendered":"http:\/\/www.presstourism.ch\/WP_ALEX\/?page_id=4707"},"modified":"2024-04-12T19:44:24","modified_gmt":"2024-04-12T17:44:24","slug":"la-sarraz-un-chateau-des-vignes-et-la-cite-romaine","status":"publish","type":"page","link":"http:\/\/www.presstourism.ch\/?page_id=4707","title":{"rendered":"La Sarraz: Un ch\u00e2teau, des vignes et la cit\u00e9 romaine"},"content":{"rendered":"<div id=\"attachment_4708\" style=\"width: 650px\" class=\"wp-caption alignnone\"><a href=\"https:\/\/i1.wp.com\/www.presstourism.ch\/WP_ALEX\/wp-content\/uploads\/2018\/11\/1LaSarrazCh\u00e2teau-Largeur-max.-1024-Hauteur-max.-768.jpg\"><img aria-describedby=\"caption-attachment-4708\" loading=\"lazy\" class=\"size-large wp-image-4708\" src=\"https:\/\/i1.wp.com\/www.presstourism.ch\/WP_ALEX\/wp-content\/uploads\/2018\/11\/1LaSarrazCh\u00e2teau-Largeur-max.-1024-Hauteur-max.-768-1024x682.jpg?resize=584%2C389\" alt=\"\" width=\"584\" height=\"389\" srcset=\"https:\/\/i0.wp.com\/www.presstourism.ch\/wp-content\/uploads\/2018\/11\/1LaSarrazCh\u00e2teau-Largeur-max.-1024-Hauteur-max.-768.jpg?w=1024 1024w, https:\/\/i0.wp.com\/www.presstourism.ch\/wp-content\/uploads\/2018\/11\/1LaSarrazCh\u00e2teau-Largeur-max.-1024-Hauteur-max.-768.jpg?resize=300%2C200 300w, https:\/\/i0.wp.com\/www.presstourism.ch\/wp-content\/uploads\/2018\/11\/1LaSarrazCh\u00e2teau-Largeur-max.-1024-Hauteur-max.-768.jpg?resize=768%2C512 768w, https:\/\/i0.wp.com\/www.presstourism.ch\/wp-content\/uploads\/2018\/11\/1LaSarrazCh\u00e2teau-Largeur-max.-1024-Hauteur-max.-768.jpg?resize=600%2C400 600w\" sizes=\"(max-width: 584px) 100vw, 584px\" data-recalc-dims=\"1\" \/><\/a><p id=\"caption-attachment-4708\" class=\"wp-caption-text\">Edifi\u00e9 en 1409, le Ch\u00e2teau de La Sarraz a toujours \u00e9t\u00e9 la r\u00e9sidence des barons du lieu et abrite r\u00e9guli\u00e8rement des expositions.<\/p><\/div>\n<p>PAYS VAUDOIS &#8211; Du ch\u00e2teau de La Sarraz et son mus\u00e9e du cheval jusqu&rsquo;\u00e0 Orbe et sa tour ronde, en passant par le vignoble d&rsquo;Arnex, l&rsquo;excursion est plut\u00f4t facile et offre un panorama in\u00e9dit sur la plaine.<\/p>\n<div id=\"attachment_4710\" style=\"width: 650px\" class=\"wp-caption alignnone\"><a href=\"https:\/\/i0.wp.com\/www.presstourism.ch\/WP_ALEX\/wp-content\/uploads\/2018\/11\/3ArnexVignoble-Largeur-max.-1024-Hauteur-max.-768.jpg\"><img aria-describedby=\"caption-attachment-4710\" loading=\"lazy\" class=\"size-large wp-image-4710\" src=\"https:\/\/i0.wp.com\/www.presstourism.ch\/WP_ALEX\/wp-content\/uploads\/2018\/11\/3ArnexVignoble-Largeur-max.-1024-Hauteur-max.-768-1024x682.jpg?resize=584%2C389\" alt=\"\" width=\"584\" height=\"389\" srcset=\"https:\/\/i0.wp.com\/www.presstourism.ch\/wp-content\/uploads\/2018\/11\/3ArnexVignoble-Largeur-max.-1024-Hauteur-max.-768.jpg?w=1024 1024w, https:\/\/i0.wp.com\/www.presstourism.ch\/wp-content\/uploads\/2018\/11\/3ArnexVignoble-Largeur-max.-1024-Hauteur-max.-768.jpg?resize=300%2C200 300w, https:\/\/i0.wp.com\/www.presstourism.ch\/wp-content\/uploads\/2018\/11\/3ArnexVignoble-Largeur-max.-1024-Hauteur-max.-768.jpg?resize=768%2C512 768w, https:\/\/i0.wp.com\/www.presstourism.ch\/wp-content\/uploads\/2018\/11\/3ArnexVignoble-Largeur-max.-1024-Hauteur-max.-768.jpg?resize=600%2C400 600w\" sizes=\"(max-width: 584px) 100vw, 584px\" data-recalc-dims=\"1\" \/><\/a><p id=\"caption-attachment-4710\" class=\"wp-caption-text\">Dans les vignes d&rsquo;Arnex-sur-Orbe, qui offrent des parcours balade et un joli panorama sur la plaine.<\/p><\/div>\n<p>Alors que les vacances sont bel et bien termin\u00e9es, il fait bon retrouver certains circuits p\u00e9destres dans le Nord vaudois ou juste au-del\u00e0. Apr\u00e8s une visite du ch\u00e2teau de La Sarraz et de son mus\u00e9e du cheval, on peut par exemple rejoindre Orbe par les cr\u00eates et faire quelques d\u00e9couvertes insoup\u00e7onn\u00e9es.<\/p>\n<div id=\"attachment_4709\" style=\"width: 650px\" class=\"wp-caption alignnone\"><a href=\"https:\/\/i2.wp.com\/www.presstourism.ch\/WP_ALEX\/wp-content\/uploads\/2018\/11\/2StLoupPompaples-Largeur-max.-1024-Hauteur-max.-768.jpg\"><img aria-describedby=\"caption-attachment-4709\" loading=\"lazy\" class=\"size-large wp-image-4709\" src=\"https:\/\/i0.wp.com\/www.presstourism.ch\/WP_ALEX\/wp-content\/uploads\/2018\/11\/2StLoupPompaples-Largeur-max.-1024-Hauteur-max.-768-1024x682.jpg?resize=584%2C389\" alt=\"\" width=\"584\" height=\"389\" srcset=\"https:\/\/i0.wp.com\/www.presstourism.ch\/wp-content\/uploads\/2018\/11\/2StLoupPompaples-Largeur-max.-1024-Hauteur-max.-768.jpg?w=1024 1024w, https:\/\/i0.wp.com\/www.presstourism.ch\/wp-content\/uploads\/2018\/11\/2StLoupPompaples-Largeur-max.-1024-Hauteur-max.-768.jpg?resize=300%2C200 300w, https:\/\/i0.wp.com\/www.presstourism.ch\/wp-content\/uploads\/2018\/11\/2StLoupPompaples-Largeur-max.-1024-Hauteur-max.-768.jpg?resize=768%2C512 768w, https:\/\/i0.wp.com\/www.presstourism.ch\/wp-content\/uploads\/2018\/11\/2StLoupPompaples-Largeur-max.-1024-Hauteur-max.-768.jpg?resize=600%2C400 600w\" sizes=\"(max-width: 584px) 100vw, 584px\" data-recalc-dims=\"1\" \/><\/a><p id=\"caption-attachment-4709\" class=\"wp-caption-text\">Avec ses tombes bien align\u00e9es, le cimeti\u00e8re des diaconesses de Saint-Loup \u00e0 Pompaples, le village du Milieu du Monde.<\/p><\/div>\n<p>Tel le cimeti\u00e8re o\u00f9 reposent les soeurs de Saint-Loup, au passage \u00e0 Pompaples. Avec ses tombes align\u00e9es, il a des petits airs de ceux qu&rsquo;on voit en Normandie ou dans la Marne, o\u00f9 sont enterr\u00e9s les soldats am\u00e9ricains de la derni\u00e8re Guerre mondiale. Cette commune est surnomm\u00e9e \u00abLe milieu du Monde\u00bb, car les eaux du Nozon se partagent au \u00abMoulin Bornu\u00bb et vont se jeter d&rsquo;un c\u00f4t\u00e9 dans l&rsquo;Orbe, puis le Rhin et la Mer du Nord, de l&rsquo;autre dans la Venoge, puis le Rh\u00f4ne direction la Mer M\u00e9diterran\u00e9e. Cette particularit\u00e9 est cit\u00e9e dans le po\u00e8me \u00ab\u00a0La Venoge\u00a0\u00bb de Jean Villard-Gilles.<\/p>\n<div id=\"attachment_4711\" style=\"width: 522px\" class=\"wp-caption aligncenter\"><a href=\"https:\/\/i0.wp.com\/www.presstourism.ch\/WP_ALEX\/wp-content\/uploads\/2018\/11\/4ArnexVillage-Largeur-max.-1024-Hauteur-max.-768.jpg\"><img aria-describedby=\"caption-attachment-4711\" loading=\"lazy\" class=\"size-full wp-image-4711\" src=\"https:\/\/i0.wp.com\/www.presstourism.ch\/WP_ALEX\/wp-content\/uploads\/2018\/11\/4ArnexVillage-Largeur-max.-1024-Hauteur-max.-768.jpg?resize=512%2C768\" alt=\"\" width=\"512\" height=\"768\" srcset=\"https:\/\/i0.wp.com\/www.presstourism.ch\/wp-content\/uploads\/2018\/11\/4ArnexVillage-Largeur-max.-1024-Hauteur-max.-768.jpg?w=512 512w, https:\/\/i0.wp.com\/www.presstourism.ch\/wp-content\/uploads\/2018\/11\/4ArnexVillage-Largeur-max.-1024-Hauteur-max.-768.jpg?resize=200%2C300 200w\" sizes=\"(max-width: 512px) 100vw, 512px\" data-recalc-dims=\"1\" \/><\/a><p id=\"caption-attachment-4711\" class=\"wp-caption-text\">La Tour de l&rsquo;Horloge ou clocher d&rsquo;Arnex donne l&rsquo;heure depuis 1740 aux habitants.<\/p><\/div>\n<p>On rejoint ensuite facilement Arnex, jolie bourgade avec, entre autres, sa Tour de l&rsquo;Horloge et de belles maisons de ma\u00eetre, avant de traverser une partie du vignoble des C\u00f4tes de l&rsquo;Orbe. En haut du village, un panneau donne toutes les indications pour se promener dans les vignes. Deux itin\u00e9raires fl\u00e9ch\u00e9s, plus ou moins longs, vous guident le long d&rsquo;un parcours s&rsquo;ouvrant sur le panorama de la plaine de l&rsquo;Orbe et de la cha\u00eene des Alpes.<\/p>\n<div id=\"attachment_4712\" style=\"width: 650px\" class=\"wp-caption alignnone\"><a href=\"https:\/\/i1.wp.com\/www.presstourism.ch\/WP_ALEX\/wp-content\/uploads\/2018\/11\/5OrbeMoulinet-Largeur-max.-1024-Hauteur-max.-768.jpg\"><img aria-describedby=\"caption-attachment-4712\" loading=\"lazy\" class=\"size-large wp-image-4712\" src=\"https:\/\/i2.wp.com\/www.presstourism.ch\/WP_ALEX\/wp-content\/uploads\/2018\/11\/5OrbeMoulinet-Largeur-max.-1024-Hauteur-max.-768-1024x682.jpg?resize=584%2C389\" alt=\"\" width=\"584\" height=\"389\" srcset=\"https:\/\/i0.wp.com\/www.presstourism.ch\/wp-content\/uploads\/2018\/11\/5OrbeMoulinet-Largeur-max.-1024-Hauteur-max.-768.jpg?w=1024 1024w, https:\/\/i0.wp.com\/www.presstourism.ch\/wp-content\/uploads\/2018\/11\/5OrbeMoulinet-Largeur-max.-1024-Hauteur-max.-768.jpg?resize=300%2C200 300w, https:\/\/i0.wp.com\/www.presstourism.ch\/wp-content\/uploads\/2018\/11\/5OrbeMoulinet-Largeur-max.-1024-Hauteur-max.-768.jpg?resize=768%2C512 768w, https:\/\/i0.wp.com\/www.presstourism.ch\/wp-content\/uploads\/2018\/11\/5OrbeMoulinet-Largeur-max.-1024-Hauteur-max.-768.jpg?resize=600%2C400 600w\" sizes=\"(max-width: 584px) 100vw, 584px\" data-recalc-dims=\"1\" \/><\/a><p id=\"caption-attachment-4712\" class=\"wp-caption-text\">La jolie rue color\u00e9e du Moulinet \u00e0 Orbe avec le Vieux Pont du m\u00eame nom et le th\u00e9\u00e2tre de La Tournelle \u00e0 ses extr\u00e9mit\u00e9s.<\/p><\/div>\n<p>La balade se poursuit en direction de la Cit\u00e9 urbig\u00e8ne, qui poss\u00e8de un riche patrimoine auquel <em>La R\u00e9gion<\/em> avait consacr\u00e9 une de ses balades en 2016. Ne pas manquer le Vieux Pont, construit en 1424 et, dans la foul\u00e9e, la rue color\u00e9e des Moulinets, qui conduit jusqu&rsquo;au Th\u00e9\u00e2tre de la Tournelle. L&rsquo;Esplanade du ch\u00e2teau aussi, o\u00f9 il faut monter sur la Tour Ronde, afin d&rsquo;avoir un super coup d&rsquo;oeil sur la ville et sa r\u00e9gion, dans laquelle se trouvent les fameuses mosa\u00efques romaines d&rsquo;Urba dont les horaires d&rsquo;ouverture sont malheureusement r\u00e9duits.<\/p>\n<div id=\"attachment_4713\" style=\"width: 522px\" class=\"wp-caption aligncenter\"><a href=\"https:\/\/i2.wp.com\/www.presstourism.ch\/WP_ALEX\/wp-content\/uploads\/2018\/11\/6OrbeTourRonde-Largeur-max.-1024-Hauteur-max.-768.jpg\"><img aria-describedby=\"caption-attachment-4713\" loading=\"lazy\" class=\"size-full wp-image-4713\" src=\"https:\/\/i2.wp.com\/www.presstourism.ch\/WP_ALEX\/wp-content\/uploads\/2018\/11\/6OrbeTourRonde-Largeur-max.-1024-Hauteur-max.-768.jpg?resize=512%2C768\" alt=\"\" width=\"512\" height=\"768\" srcset=\"https:\/\/i2.wp.com\/www.presstourism.ch\/wp-content\/uploads\/2018\/11\/6OrbeTourRonde-Largeur-max.-1024-Hauteur-max.-768.jpg?w=512 512w, https:\/\/i2.wp.com\/www.presstourism.ch\/wp-content\/uploads\/2018\/11\/6OrbeTourRonde-Largeur-max.-1024-Hauteur-max.-768.jpg?resize=200%2C300 200w\" sizes=\"(max-width: 512px) 100vw, 512px\" data-recalc-dims=\"1\" \/><\/a><p id=\"caption-attachment-4713\" class=\"wp-caption-text\">Il faut monter sur la Tour Ronde, dans la cit\u00e9 urbig\u00e8ne, pour avoir une superbe vue sur la ville et sa r\u00e9gion.<\/p><\/div>\n<p>&nbsp;<\/p>\n<p><strong>Textes et photos: Roger Juillerat<\/strong><\/p>\n<div id=\"attachment_4714\" style=\"width: 650px\" class=\"wp-caption alignnone\"><a href=\"https:\/\/i0.wp.com\/www.presstourism.ch\/WP_ALEX\/wp-content\/uploads\/2018\/11\/7TravailChamps-Largeur-max.-1024-Hauteur-max.-768.jpg\"><img aria-describedby=\"caption-attachment-4714\" loading=\"lazy\" class=\"size-large wp-image-4714\" src=\"https:\/\/i1.wp.com\/www.presstourism.ch\/WP_ALEX\/wp-content\/uploads\/2018\/11\/7TravailChamps-Largeur-max.-1024-Hauteur-max.-768-1024x682.jpg?resize=584%2C389\" alt=\"\" width=\"584\" height=\"389\" srcset=\"https:\/\/i1.wp.com\/www.presstourism.ch\/wp-content\/uploads\/2018\/11\/7TravailChamps-Largeur-max.-1024-Hauteur-max.-768.jpg?w=1024 1024w, https:\/\/i1.wp.com\/www.presstourism.ch\/wp-content\/uploads\/2018\/11\/7TravailChamps-Largeur-max.-1024-Hauteur-max.-768.jpg?resize=300%2C200 300w, https:\/\/i1.wp.com\/www.presstourism.ch\/wp-content\/uploads\/2018\/11\/7TravailChamps-Largeur-max.-1024-Hauteur-max.-768.jpg?resize=768%2C512 768w, https:\/\/i1.wp.com\/www.presstourism.ch\/wp-content\/uploads\/2018\/11\/7TravailChamps-Largeur-max.-1024-Hauteur-max.-768.jpg?resize=600%2C400 600w\" sizes=\"(max-width: 584px) 100vw, 584px\" data-recalc-dims=\"1\" \/><\/a><p id=\"caption-attachment-4714\" class=\"wp-caption-text\">En septembre, le travail des champs bat son plein.<\/p><\/div>\n<p><strong>Infos pratiques<\/strong><\/p>\n<p><strong>A La Sarraz:<\/strong> le ch\u00e2teau pr\u00e9sente actuellement une exposition qui invite les visiteurs \u00e0 partir \u00e0 la d\u00e9couverte de l\u2019incroyable carri\u00e8re de Madame H\u00e9l\u00e8ne de Mandrot dont les diverses activit\u00e9s, notamment en qualit\u00e9 de m\u00e9c\u00e8ne, ont fait la notori\u00e9t\u00e9 de l&rsquo;\u00e9difice, www.chateau-lasarraz.ch<\/p>\n<p><strong>Vignes et couverts:<\/strong> lorsque les vendanges approchent, c&rsquo;est le bon moment pour se rendre dans les caveaux des vignerons d&rsquo;Arnex-sur-Orbe. Ils sont pr\u00e9sents parmi les stands mont\u00e9s pour le semi-marathon des C\u00f4tes de l&rsquo;Orbe, ainsi que lors de la balade gourmande qui a lieu dans le vignoble. Au restaurant Le Toucan \u00e0 Arnex, Olivier et Agneta proposent une cuisine de saison soign\u00e9e, agr\u00e9ment\u00e9e de desserts maison.<\/p>\n<p><strong>S&rsquo;informer:<\/strong> <a href=\"http:\/\/www.cotes-de-lorbe.ch\">www.cotes-de-lorbe.ch<\/a>, <a href=\"http:\/\/www.pompaples.ch\">www.pompaples.ch<\/a>, <a href=\"http:\/\/www.yverdonlesbainsregion.ch\">www.yverdonlesbainsregion.ch<\/a><\/p>\n<p>&nbsp;<\/p>\n<hr>\n<p><a href=\"http:\/\/www.presstourism.ch\/wp-content\/uploads\/2018\/11\/NVT_070918BaladeSarraz-ArnexOrbe-copie.pdf\">Lire l&rsquo;article du 7 septembre 2018<\/a><\/p>\n<hr>\n<p>&nbsp;<\/p>\n","protected":false},"excerpt":{"rendered":"<p>PAYS VAUDOIS &#8211; Du ch\u00e2teau de La Sarraz et son mus\u00e9e du cheval jusqu&rsquo;\u00e0 Orbe et sa tour ronde, en passant par le vignoble d&rsquo;Arnex, l&rsquo;excursion est plut\u00f4t facile et offre un panorama in\u00e9dit sur la plaine. Alors que les &hellip; <a href=\"http:\/\/www.presstourism.ch\/?page_id=4707\">Continuer la lecture <span class=\"meta-nav\">&rarr;<\/span><\/a><\/p>\n","protected":false},"author":1,"featured_media":0,"parent":341,"menu_order":0,"comment_status":"closed","ping_status":"closed","template":"","meta":{"ngg_post_thumbnail":0,"spay_email":""},"jetpack_sharing_enabled":true,"jetpack_shortlink":"https:\/\/wp.me\/P468TV-1dV","_links":{"self":[{"href":"http:\/\/www.presstourism.ch\/index.php?rest_route=\/wp\/v2\/pages\/4707"}],"collection":[{"href":"http:\/\/www.presstourism.ch\/index.php?rest_route=\/wp\/v2\/pages"}],"about":[{"href":"http:\/\/www.presstourism.ch\/index.php?rest_route=\/wp\/v2\/types\/page"}],"author":[{"embeddable":true,"href":"http:\/\/www.presstourism.ch\/index.php?rest_route=\/wp\/v2\/users\/1"}],"replies":[{"embeddable":true,"href":"http:\/\/www.presstourism.ch\/index.php?rest_route=%2Fwp%2Fv2%2Fcomments&post=4707"}],"version-history":[{"count":4,"href":"http:\/\/www.presstourism.ch\/index.php?rest_route=\/wp\/v2\/pages\/4707\/revisions"}],"predecessor-version":[{"id":9328,"href":"http:\/\/www.presstourism.ch\/index.php?rest_route=\/wp\/v2\/pages\/4707\/revisions\/9328"}],"up":[{"embeddable":true,"href":"http:\/\/www.presstourism.ch\/index.php?rest_route=\/wp\/v2\/pages\/341"}],"wp:attachment":[{"href":"http:\/\/www.presstourism.ch\/index.php?rest_route=%2Fwp%2Fv2%2Fmedia&parent=4707"}],"curies":[{"name":"wp","href":"https:\/\/api.w.org\/{rel}","templated":true}]}}