{"id":4681,"date":"2018-09-21T06:50:21","date_gmt":"2018-09-21T05:50:21","guid":{"rendered":"http:\/\/www.presstourism.ch\/WP_ALEX\/?page_id=4681"},"modified":"2018-09-21T07:10:02","modified_gmt":"2018-09-21T06:10:02","slug":"pisco-la-boisson-nationale-peruvienne","status":"publish","type":"page","link":"http:\/\/www.presstourism.ch\/?page_id=4681","title":{"rendered":"Pisco\u00a0: la boisson nationale p\u00e9ruvienne"},"content":{"rendered":"<table style=\"height: 1180px;\" width=\"1376\">\n<tbody>\n<tr>\n<td width=\"643\"><strong><em><a href=\"https:\/\/i1.wp.com\/www.presstourism.ch\/WP_ALEX\/wp-content\/uploads\/2018\/09\/image019.jpg\"><img loading=\"lazy\" class=\"alignnone size-full wp-image-4685\" src=\"https:\/\/i1.wp.com\/www.presstourism.ch\/WP_ALEX\/wp-content\/uploads\/2018\/09\/image019.jpg?resize=584%2C390\" alt=\"image019\" width=\"584\" height=\"390\" srcset=\"https:\/\/i1.wp.com\/www.presstourism.ch\/wp-content\/uploads\/2018\/09\/image019.jpg?w=666 666w, https:\/\/i1.wp.com\/www.presstourism.ch\/wp-content\/uploads\/2018\/09\/image019.jpg?resize=300%2C200 300w, https:\/\/i1.wp.com\/www.presstourism.ch\/wp-content\/uploads\/2018\/09\/image019.jpg?resize=600%2C401 600w\" sizes=\"(max-width: 584px) 100vw, 584px\" data-recalc-dims=\"1\" \/><\/a>Inscrit au\u00a0<\/em><\/strong><strong><em>Patrimoine Culturel\u00a0<\/em><\/strong><strong><em>national du P\u00e9rou, le Pisco, une eau de vie obtenue par distillation du raisin, est la boisson traditionnelle du pays.<\/em><\/strong><strong>\u00a0<\/strong><\/td>\n<\/tr>\n<tr>\n<td width=\"643\"><strong>Pisco, boisson typique du P\u00e9rou<\/strong><\/p>\n<p>Le Pisco est une boisson alcoolis\u00e9e obtenue par distillation du raisin. \u00c0 la diff\u00e9rence du brandy et du cognac, pr\u00e9par\u00e9s avec les restes des grappes, dont le mo\u00fbt est extrait pour la fabrication du vin, le Pisco est le r\u00e9sultat de la distillation de la grappe enti\u00e8re. Tr\u00e8s sucr\u00e9, le Pisco oscille autour des 42\u00b0.<\/p>\n<p>Produit dans plusieurs r\u00e9gions du P\u00e9rou, au sein de pr\u00e8s de 200 domaines viticoles, le Pisco\u00a0b\u00e9n\u00e9ficie d\u2019une reconnaissance AOC \u2013 Appellation d\u2019origine contr\u00f4l\u00e9e \u2013 aupr\u00e8s de l\u2019Union Europ\u00e9enne, lorsque celui-ci provient de la province de Pisco, situ\u00e9e \u00e0 290 km au sud de Lima, dans la r\u00e9gion c\u00f4ti\u00e8re d\u2019Ica.<\/td>\n<\/tr>\n<tr>\n<td width=\"643\"><strong>\u00a0<a href=\"https:\/\/i0.wp.com\/www.presstourism.ch\/WP_ALEX\/wp-content\/uploads\/2018\/09\/image015.jpg\"><img loading=\"lazy\" class=\"size-full wp-image-4684 aligncenter\" src=\"https:\/\/i0.wp.com\/www.presstourism.ch\/WP_ALEX\/wp-content\/uploads\/2018\/09\/image015.jpg?resize=300%2C451\" alt=\"image015\" width=\"300\" height=\"451\" srcset=\"https:\/\/i1.wp.com\/www.presstourism.ch\/wp-content\/uploads\/2018\/09\/image015.jpg?w=300 300w, https:\/\/i1.wp.com\/www.presstourism.ch\/wp-content\/uploads\/2018\/09\/image015.jpg?resize=200%2C300 200w\" sizes=\"(max-width: 300px) 100vw, 300px\" data-recalc-dims=\"1\" \/><\/a><\/strong><\/p>\n<p><strong>Un h\u00e9ritage culturel issu de 400 ans d\u2019Histoire<\/strong><\/p>\n<p>Savour\u00e9 par le Capitaine Haddock dans l\u2019album\u00a0<em>Le Temple du Soleil<\/em>\u00a0des Aventures de Tintin, le Pisco fait aujourd\u2019hui partie prenante du Patrimoine Culturel p\u00e9ruvien, fond\u00e9 sur la Convention pour la sauvegarde du patrimoine culturel immat\u00e9riel de l&rsquo;UNESCO. Des d\u00e9gustations et concours sont r\u00e9alis\u00e9s lors de la Journ\u00e9e nationale du Pisco, le 4 juillet.<\/p>\n<p>Sur place, il est possible de visiter des domaines viticoles pour en apprendre plus sur la boisson et partager un moment avec les vignerons. La r\u00e9colte se fait g\u00e9n\u00e9ralement de fin f\u00e9vrier \u00e0 fin mars.<\/p>\n<p><strong><a href=\"https:\/\/i1.wp.com\/www.presstourism.ch\/WP_ALEX\/wp-content\/uploads\/2018\/09\/image017.jpg\"><img loading=\"lazy\" class=\"size-full wp-image-4686 aligncenter\" src=\"https:\/\/i1.wp.com\/www.presstourism.ch\/WP_ALEX\/wp-content\/uploads\/2018\/09\/image017.jpg?resize=467%2C463\" alt=\"image017\" width=\"467\" height=\"463\" srcset=\"https:\/\/i1.wp.com\/www.presstourism.ch\/wp-content\/uploads\/2018\/09\/image017.jpg?w=467 467w, https:\/\/i1.wp.com\/www.presstourism.ch\/wp-content\/uploads\/2018\/09\/image017.jpg?resize=150%2C150 150w, https:\/\/i1.wp.com\/www.presstourism.ch\/wp-content\/uploads\/2018\/09\/image017.jpg?resize=300%2C297 300w\" sizes=\"(max-width: 467px) 100vw, 467px\" data-recalc-dims=\"1\" \/><\/a><\/strong><\/p>\n<p><strong>Une boisson \u00e0 savourer pure ou en cocktail<\/strong><\/p>\n<p>Facile \u00e0 faire, rafra\u00eechissant et d\u00e9licieux, le Pisco Sour est le cocktail le plus connu fait \u00e0 base de Pisco\u00a0:<\/p>\n<p>1 dose de citron vert, 1 blanc d\u2019\u0153uf, 2 doses de sucre de canne, 3 doses de Pisco pur, un peu de glace, et le tour est jou\u00e9\u00a0!<\/p>\n<p style=\"font-weight: 400;\">Le Chilcano est le deuxi\u00e8me cocktail le plus r\u00e9pandu, \u00e9galement r\u00e9alis\u00e9 \u00e0 base de Pisco. Cette boisson rafra\u00eechissante est constitu\u00e9e de Pisco, d\u2019une boisson gazeuse au gingembre, de jus de citron et d\u2019Angostura, une liqueur brune faite \u00e0 base de rhum, de gentiane et d\u2019aromates.<\/p>\n<p style=\"font-weight: 400;\">Source: Promperu\u00a0<a href=\"https:\/\/www.peru.travel\/fr\/\" data-saferedirecturl=\"https:\/\/www.google.com\/url?q=https:\/\/www.peru.travel\/fr\/&amp;source=gmail&amp;ust=1537594594783000&amp;usg=AFQjCNFKYbg3Ge8R8SDeTEKiciOUBcmyXA\">https:\/\/www.peru.travel\/fr\/<\/a><\/p>\n<\/td>\n<\/tr>\n<\/tbody>\n<\/table>\n","protected":false},"excerpt":{"rendered":"<p>Inscrit au\u00a0Patrimoine Culturel\u00a0national du P\u00e9rou, le Pisco, une eau de vie obtenue par distillation du raisin, est la boisson traditionnelle du pays.\u00a0 Pisco, boisson typique du P\u00e9rou Le Pisco est une boisson alcoolis\u00e9e obtenue par distillation du raisin. \u00c0 la &hellip; <a href=\"http:\/\/www.presstourism.ch\/?page_id=4681\">Continuer la lecture <span class=\"meta-nav\">&rarr;<\/span><\/a><\/p>\n","protected":false},"author":1,"featured_media":0,"parent":2755,"menu_order":0,"comment_status":"closed","ping_status":"closed","template":"","meta":{"ngg_post_thumbnail":0,"spay_email":""},"jetpack_sharing_enabled":true,"jetpack_shortlink":"https:\/\/wp.me\/P468TV-1dv","_links":{"self":[{"href":"http:\/\/www.presstourism.ch\/index.php?rest_route=\/wp\/v2\/pages\/4681"}],"collection":[{"href":"http:\/\/www.presstourism.ch\/index.php?rest_route=\/wp\/v2\/pages"}],"about":[{"href":"http:\/\/www.presstourism.ch\/index.php?rest_route=\/wp\/v2\/types\/page"}],"author":[{"embeddable":true,"href":"http:\/\/www.presstourism.ch\/index.php?rest_route=\/wp\/v2\/users\/1"}],"replies":[{"embeddable":true,"href":"http:\/\/www.presstourism.ch\/index.php?rest_route=%2Fwp%2Fv2%2Fcomments&post=4681"}],"version-history":[{"count":3,"href":"http:\/\/www.presstourism.ch\/index.php?rest_route=\/wp\/v2\/pages\/4681\/revisions"}],"predecessor-version":[{"id":4687,"href":"http:\/\/www.presstourism.ch\/index.php?rest_route=\/wp\/v2\/pages\/4681\/revisions\/4687"}],"up":[{"embeddable":true,"href":"http:\/\/www.presstourism.ch\/index.php?rest_route=\/wp\/v2\/pages\/2755"}],"wp:attachment":[{"href":"http:\/\/www.presstourism.ch\/index.php?rest_route=%2Fwp%2Fv2%2Fmedia&parent=4681"}],"curies":[{"name":"wp","href":"https:\/\/api.w.org\/{rel}","templated":true}]}}