{"id":4633,"date":"2018-07-22T19:24:02","date_gmt":"2018-07-22T18:24:02","guid":{"rendered":"http:\/\/www.presstourism.ch\/WP_ALEX\/?page_id=4633"},"modified":"2018-07-22T20:04:44","modified_gmt":"2018-07-22T19:04:44","slug":"rwanda-les-tresors-du-pays-des-mille-collines","status":"publish","type":"page","link":"http:\/\/www.presstourism.ch\/?page_id=4633","title":{"rendered":"Rwanda: Les tr\u00e9sors du pays des mille collines"},"content":{"rendered":"<div id=\"attachment_4634\" style=\"width: 650px\" class=\"wp-caption alignnone\"><a href=\"https:\/\/i2.wp.com\/www.presstourism.ch\/WP_ALEX\/wp-content\/uploads\/2018\/07\/1RwandaRteDeSake-Largeur-max.-640-Hauteur-max.-480.jpg\"><img aria-describedby=\"caption-attachment-4634\" loading=\"lazy\" class=\"size-full wp-image-4634\" src=\"https:\/\/i2.wp.com\/www.presstourism.ch\/WP_ALEX\/wp-content\/uploads\/2018\/07\/1RwandaRteDeSake-Largeur-max.-640-Hauteur-max.-480.jpg?resize=584%2C389\" alt=\"Sur la route de Sake et son lac, dans une r\u00e9gion o\u00f9 on r\u00e9colte beaucoup de fruits et l\u00e9gumes.\" width=\"584\" height=\"389\" srcset=\"https:\/\/i2.wp.com\/www.presstourism.ch\/wp-content\/uploads\/2018\/07\/1RwandaRteDeSake-Largeur-max.-640-Hauteur-max.-480.jpg?w=640 640w, https:\/\/i2.wp.com\/www.presstourism.ch\/wp-content\/uploads\/2018\/07\/1RwandaRteDeSake-Largeur-max.-640-Hauteur-max.-480.jpg?resize=300%2C200 300w, https:\/\/i2.wp.com\/www.presstourism.ch\/wp-content\/uploads\/2018\/07\/1RwandaRteDeSake-Largeur-max.-640-Hauteur-max.-480.jpg?resize=600%2C399 600w\" sizes=\"(max-width: 584px) 100vw, 584px\" data-recalc-dims=\"1\" \/><\/a><p id=\"caption-attachment-4634\" class=\"wp-caption-text\">Sur la route de Sake et son lac, dans une r\u00e9gion o\u00f9 on r\u00e9colte beaucoup de fruits et l\u00e9gumes.<\/p><\/div>\n<p>Avec une population accueillante et une nature abondante, cette nation attachante a plusieurs atouts touristiques \u00e0 son arc dont ses fameux gorilles, ainsi que la r\u00e9serve sauvage de l&rsquo;Akagera, o\u00f9 il est possible de voir tous animaux d&rsquo;Afrique.<\/p>\n<div id=\"attachment_4645\" style=\"width: 650px\" class=\"wp-caption alignnone\"><a href=\"https:\/\/i2.wp.com\/www.presstourism.ch\/WP_ALEX\/wp-content\/uploads\/2018\/07\/5RwandaPaysCollines-Largeur-max.-640-Hauteur-max.-480.jpg\"><img aria-describedby=\"caption-attachment-4645\" loading=\"lazy\" class=\"size-full wp-image-4645\" src=\"https:\/\/i2.wp.com\/www.presstourism.ch\/WP_ALEX\/wp-content\/uploads\/2018\/07\/5RwandaPaysCollines-Largeur-max.-640-Hauteur-max.-480.jpg?resize=584%2C389\" alt=\"Le pays des mille collines avec des villages adoss\u00e9s \u00e0 ces derni\u00e8res et la culture des bananes et du th\u00e9.\" width=\"584\" height=\"389\" srcset=\"https:\/\/i1.wp.com\/www.presstourism.ch\/wp-content\/uploads\/2018\/07\/5RwandaPaysCollines-Largeur-max.-640-Hauteur-max.-480.jpg?w=640 640w, https:\/\/i1.wp.com\/www.presstourism.ch\/wp-content\/uploads\/2018\/07\/5RwandaPaysCollines-Largeur-max.-640-Hauteur-max.-480.jpg?resize=300%2C200 300w, https:\/\/i1.wp.com\/www.presstourism.ch\/wp-content\/uploads\/2018\/07\/5RwandaPaysCollines-Largeur-max.-640-Hauteur-max.-480.jpg?resize=600%2C399 600w\" sizes=\"(max-width: 584px) 100vw, 584px\" data-recalc-dims=\"1\" \/><\/a><p id=\"caption-attachment-4645\" class=\"wp-caption-text\">Le pays des mille collines avec des villages adoss\u00e9s \u00e0 ces derni\u00e8res et la culture des bananes et du th\u00e9.<\/p><\/div>\n<p>Souvent surnomm\u00e9 la Suisse de l&rsquo;Afrique, mais surtout le pays des mille collines, le Rwanda poss\u00e8de une nature superbe et parfaitement conserv\u00e9e. Y passer une dizaine de jours permet d&rsquo;en d\u00e9couvrir l&rsquo;essentiel, car le pays n&rsquo;est pas trop grand puisqu&rsquo;il a une surface de 26\u00a0338 km2 contre 41 285 pour la Suisse. Ayant v\u00e9cu une horrible page d&rsquo;histoire avec son g\u00e9nocide de 1994, il a radicalement chang\u00e9 et a vraiment d\u00e9cid\u00e9 d&rsquo;effacer le virus des divisions ethniques.<\/p>\n<div id=\"attachment_4641\" style=\"width: 370px\" class=\"wp-caption aligncenter\"><a href=\"https:\/\/i2.wp.com\/www.presstourism.ch\/WP_ALEX\/wp-content\/uploads\/2018\/07\/13H\u00f4telAmaris-Largeur-max.-640-Hauteur-max.-480.jpg\"><img aria-describedby=\"caption-attachment-4641\" loading=\"lazy\" class=\"size-full wp-image-4641\" src=\"https:\/\/i2.wp.com\/www.presstourism.ch\/WP_ALEX\/wp-content\/uploads\/2018\/07\/13H\u00f4telAmaris-Largeur-max.-640-Hauteur-max.-480.jpg?resize=360%2C480\" alt=\"Sous les balcons de l'accueillant h\u00f4tel Amaris dans le quartier r\u00e9sidentiel de Kimihurura, \u00e0 Kigali.\" width=\"360\" height=\"480\" srcset=\"https:\/\/i2.wp.com\/www.presstourism.ch\/wp-content\/uploads\/2018\/07\/13H\u00f4telAmaris-Largeur-max.-640-Hauteur-max.-480.jpg?w=360 360w, https:\/\/i2.wp.com\/www.presstourism.ch\/wp-content\/uploads\/2018\/07\/13H\u00f4telAmaris-Largeur-max.-640-Hauteur-max.-480.jpg?resize=225%2C300 225w\" sizes=\"(max-width: 360px) 100vw, 360px\" data-recalc-dims=\"1\" \/><\/a><p id=\"caption-attachment-4641\" class=\"wp-caption-text\">Sous les balcons de l&rsquo;accueillant h\u00f4tel Amaris dans le quartier r\u00e9sidentiel de Kimihurura, \u00e0 Kigali.<\/p><\/div>\n<p>Il offre d\u00e9sormais une vision optimiste et conna\u00eet un fort d\u00e9veloppement touristique, tant il est vrai qu&rsquo;il peut s&rsquo;appuyer sur de nombreuses p\u00e9pites: la bouillonnante capitale de Kigali, les gorilles des montagnes, le lac Kivu, qui fait la fronti\u00e8re avec la R\u00e9publique du Congo et qui est particuli\u00e8rement beau \u00e0 Gisenyi et Kibuye, le parc national de Nyungwe, plus grande for\u00eat de montagne en Afrique (ouest), ainsi que la r\u00e9serve sauvage de l&rsquo;Akagera (est).<\/p>\n<div id=\"attachment_4642\" style=\"width: 650px\" class=\"wp-caption alignnone\"><a href=\"https:\/\/i0.wp.com\/www.presstourism.ch\/WP_ALEX\/wp-content\/uploads\/2018\/07\/2RwandaAkajeraGirafes-Largeur-max.-640-Hauteur-max.-480.jpg\"><img aria-describedby=\"caption-attachment-4642\" loading=\"lazy\" class=\"size-full wp-image-4642\" src=\"https:\/\/i0.wp.com\/www.presstourism.ch\/WP_ALEX\/wp-content\/uploads\/2018\/07\/2RwandaAkajeraGirafes-Largeur-max.-640-Hauteur-max.-480.jpg?resize=584%2C418\" alt=\"A la rencontre des girafes et d'autres animaux d'Afrique dans la r\u00e9serve sauvage de l'Akagera.\" width=\"584\" height=\"418\" srcset=\"https:\/\/i1.wp.com\/www.presstourism.ch\/wp-content\/uploads\/2018\/07\/2RwandaAkajeraGirafes-Largeur-max.-640-Hauteur-max.-480.jpg?w=640 640w, https:\/\/i1.wp.com\/www.presstourism.ch\/wp-content\/uploads\/2018\/07\/2RwandaAkajeraGirafes-Largeur-max.-640-Hauteur-max.-480.jpg?resize=300%2C215 300w, https:\/\/i1.wp.com\/www.presstourism.ch\/wp-content\/uploads\/2018\/07\/2RwandaAkajeraGirafes-Largeur-max.-640-Hauteur-max.-480.jpg?resize=600%2C429 600w\" sizes=\"(max-width: 584px) 100vw, 584px\" data-recalc-dims=\"1\" \/><\/a><p id=\"caption-attachment-4642\" class=\"wp-caption-text\">A la rencontre des girafes et d&rsquo;autres animaux d&rsquo;Afrique dans la r\u00e9serve sauvage de l&rsquo;Akagera.<\/p><\/div>\n<p>Il faut compter une bonne journ\u00e9e pour parcourir cette derni\u00e8re, qui respire calme et beaut\u00e9. Au milieu de massifs arbor\u00e9s, de marais et de lacs, on peut voir facilement des lions, \u00e9l\u00e9phants, z\u00e8bres, girafes, antilopes, hippopotames, impalas, etc. Il y a aussi quelque 540 esp\u00e8ces d&rsquo;oiseaux dont des rares comme le bec-en-sabot du Nil, fleuve qui prend sa source au Rwanda.<\/p>\n<div id=\"attachment_4644\" style=\"width: 650px\" class=\"wp-caption alignnone\"><a href=\"https:\/\/i0.wp.com\/www.presstourism.ch\/WP_ALEX\/wp-content\/uploads\/2018\/07\/4GorillesRwanda-Largeur-max.-640-Hauteur-max.-480.jpg\"><img aria-describedby=\"caption-attachment-4644\" loading=\"lazy\" class=\"size-full wp-image-4644\" src=\"https:\/\/i0.wp.com\/www.presstourism.ch\/WP_ALEX\/wp-content\/uploads\/2018\/07\/4GorillesRwanda-Largeur-max.-640-Hauteur-max.-480.jpg?resize=584%2C343\" alt=\"Les gorilles du Rwanda forment une esp\u00e8ce diff\u00e9rente de leurs cousins des plaines.\" width=\"584\" height=\"343\" srcset=\"https:\/\/i0.wp.com\/www.presstourism.ch\/wp-content\/uploads\/2018\/07\/4GorillesRwanda-Largeur-max.-640-Hauteur-max.-480.jpg?w=640 640w, https:\/\/i0.wp.com\/www.presstourism.ch\/wp-content\/uploads\/2018\/07\/4GorillesRwanda-Largeur-max.-640-Hauteur-max.-480.jpg?resize=300%2C176 300w, https:\/\/i0.wp.com\/www.presstourism.ch\/wp-content\/uploads\/2018\/07\/4GorillesRwanda-Largeur-max.-640-Hauteur-max.-480.jpg?resize=600%2C353 600w\" sizes=\"(max-width: 584px) 100vw, 584px\" data-recalc-dims=\"1\" \/><\/a><p id=\"caption-attachment-4644\" class=\"wp-caption-text\">Les gorilles du Rwanda forment une esp\u00e8ce diff\u00e9rente de leurs cousins des plaines.<\/p><\/div>\n<p><strong>Gr\u00e2ce \u00e0 Dian Fossey<\/strong><\/p>\n<p>Mais les stars, ce sont les gorilles dans le parc des volcans (nord). La primatologue am\u00e9ricaine Dian Fossey, sur laquelle on a tourn\u00e9 un film \u00e0 succ\u00e8s, \u00ab\u00a0Gorilles dans la brume\u00a0\u00bb (1988), les a fait conna\u00eetre mondialement quand elle \u00e9tudiait leur vie sociale et les prot\u00e9geait. Elle a \u00e9t\u00e9 tu\u00e9e par des braconniers \u00e0 l&rsquo;\u00e2ge de 53 ans et repose dans la for\u00eat aux c\u00f4t\u00e9s de Digit, un gorille au dos argent\u00e9 qu&rsquo;elle ch\u00e9rissait particuli\u00e8rement. La rencontre avec ces gorilles est un moment intense et inoubliable.<\/p>\n<p><strong>Textes et photos: Roger Juillerat<\/strong><\/p>\n<hr \/>\n<p><strong>Infos pratiques<\/strong><\/p>\n<div id=\"attachment_4636\" style=\"width: 650px\" class=\"wp-caption alignnone\"><a href=\"https:\/\/i1.wp.com\/www.presstourism.ch\/WP_ALEX\/wp-content\/uploads\/2018\/07\/8RwandaTh\u00e9-Largeur-max.-640-Hauteur-max.-480.jpg\"><img aria-describedby=\"caption-attachment-4636\" loading=\"lazy\" class=\"size-full wp-image-4636\" src=\"https:\/\/i1.wp.com\/www.presstourism.ch\/WP_ALEX\/wp-content\/uploads\/2018\/07\/8RwandaTh\u00e9-Largeur-max.-640-Hauteur-max.-480.jpg?resize=584%2C389\" alt=\"Les cultures du th\u00e9 dans le nord-ouest du pays, pr\u00e8s de Kibuye.\" width=\"584\" height=\"389\" srcset=\"https:\/\/i0.wp.com\/www.presstourism.ch\/wp-content\/uploads\/2018\/07\/8RwandaTh\u00e9-Largeur-max.-640-Hauteur-max.-480.jpg?w=640 640w, https:\/\/i0.wp.com\/www.presstourism.ch\/wp-content\/uploads\/2018\/07\/8RwandaTh\u00e9-Largeur-max.-640-Hauteur-max.-480.jpg?resize=300%2C200 300w, https:\/\/i0.wp.com\/www.presstourism.ch\/wp-content\/uploads\/2018\/07\/8RwandaTh\u00e9-Largeur-max.-640-Hauteur-max.-480.jpg?resize=600%2C399 600w\" sizes=\"(max-width: 584px) 100vw, 584px\" data-recalc-dims=\"1\" \/><\/a><p id=\"caption-attachment-4636\" class=\"wp-caption-text\">Les cultures du th\u00e9 dans le nord-ouest du pays, pr\u00e8s de Kibuye.<\/p><\/div>\n<p><strong>Y aller:<\/strong> Turkish Airlines assure des vols depuis Gen\u00e8ve et il faut compter environ 15\u00a0h via Istanbul. Sur place, des guides assurent les visites des sites.<\/p>\n<p><strong>Couettes:<\/strong> l&rsquo;h\u00f4tel Amaris \u00e0 Kigali, accueillant, dans un endroit calme et bien situ\u00e9 pour rayonner dans la capitale. Superbe vue depuis la terrasse et restaurant, qui propose des plats vari\u00e9s, <a href=\"http:\/\/www.amarishotelrwanda.com\">www.amarishotelrwanda.com<\/a><\/p>\n<p><strong>Il faut savoir:<\/strong> les routes qui conduisent dans les sites principaux sont bonnes, mais il faut aussi prendre quelques pistes pour bien vivre le pays et rejoindre des villages typiques. Visiter le centre de la Fondation Dian Fossey \u00e0 Muzance (nord) pour tout savoir sur sa vie et sur les gorilles.<\/p>\n<p><strong>S&rsquo;informer:<\/strong> le guide du Petit Fut\u00e9 sur le Rwanda renseigne parfaitement sur chaque province, les villes, les sites et les id\u00e9es de s\u00e9jour, <a href=\"http:\/\/www.petitfute.com\">www.petitfute.com<\/a><\/p>\n<div id=\"attachment_4637\" style=\"width: 370px\" class=\"wp-caption aligncenter\"><a href=\"https:\/\/i1.wp.com\/www.presstourism.ch\/WP_ALEX\/wp-content\/uploads\/2018\/07\/9RwandaChuteUrutare-Largeur-max.-640-Hauteur-max.-480.jpg\"><img aria-describedby=\"caption-attachment-4637\" loading=\"lazy\" class=\"size-full wp-image-4637\" src=\"https:\/\/i1.wp.com\/www.presstourism.ch\/WP_ALEX\/wp-content\/uploads\/2018\/07\/9RwandaChuteUrutare-Largeur-max.-640-Hauteur-max.-480.jpg?resize=360%2C480\" alt=\"La chute et la grotte d'Urutare Wandaba (Nyanza)...\" width=\"360\" height=\"480\" srcset=\"https:\/\/i0.wp.com\/www.presstourism.ch\/wp-content\/uploads\/2018\/07\/9RwandaChuteUrutare-Largeur-max.-640-Hauteur-max.-480.jpg?w=360 360w, https:\/\/i0.wp.com\/www.presstourism.ch\/wp-content\/uploads\/2018\/07\/9RwandaChuteUrutare-Largeur-max.-640-Hauteur-max.-480.jpg?resize=225%2C300 225w\" sizes=\"(max-width: 360px) 100vw, 360px\" data-recalc-dims=\"1\" \/><\/a><p id=\"caption-attachment-4637\" class=\"wp-caption-text\">La chute et la grotte d&rsquo;Urutare Wandaba (Nyanza)&#8230;<\/p><\/div>\n<div id=\"attachment_4638\" style=\"width: 585px\" class=\"wp-caption alignnone\"><a href=\"https:\/\/i1.wp.com\/www.presstourism.ch\/WP_ALEX\/wp-content\/uploads\/2018\/07\/10RwandaChuteL\u00e9gende-Largeur-max.-640-Hauteur-max.-480.jpg\"><img aria-describedby=\"caption-attachment-4638\" loading=\"lazy\" class=\"size-full wp-image-4638\" src=\"https:\/\/i1.wp.com\/www.presstourism.ch\/WP_ALEX\/wp-content\/uploads\/2018\/07\/10RwandaChuteL\u00e9gende-Largeur-max.-640-Hauteur-max.-480.jpg?resize=575%2C480\" alt=\"... dont ces deux enfants vous chantent la l\u00e9gende... \" width=\"575\" height=\"480\" srcset=\"https:\/\/i0.wp.com\/www.presstourism.ch\/wp-content\/uploads\/2018\/07\/10RwandaChuteL\u00e9gende-Largeur-max.-640-Hauteur-max.-480.jpg?w=575 575w, https:\/\/i0.wp.com\/www.presstourism.ch\/wp-content\/uploads\/2018\/07\/10RwandaChuteL\u00e9gende-Largeur-max.-640-Hauteur-max.-480.jpg?resize=300%2C250 300w\" sizes=\"(max-width: 575px) 100vw, 575px\" data-recalc-dims=\"1\" \/><\/a><p id=\"caption-attachment-4638\" class=\"wp-caption-text\">&#8230; dont ces deux enfants vous chantent la l\u00e9gende&#8230;<\/p><\/div>\n<div id=\"attachment_4639\" style=\"width: 650px\" class=\"wp-caption alignnone\"><a href=\"https:\/\/i2.wp.com\/www.presstourism.ch\/WP_ALEX\/wp-content\/uploads\/2018\/07\/11VillageLuvavuKivuLac-Largeur-max.-640-Hauteur-max.-480.jpg\"><img aria-describedby=\"caption-attachment-4639\" loading=\"lazy\" class=\"size-full wp-image-4639\" src=\"https:\/\/i2.wp.com\/www.presstourism.ch\/WP_ALEX\/wp-content\/uploads\/2018\/07\/11VillageLuvavuKivuLac-Largeur-max.-640-Hauteur-max.-480.jpg?resize=584%2C389\" alt=\"Un petit village typique au bord du lac Kivu pr\u00e8s de la source sulfureuse de Mashyusa...\" width=\"584\" height=\"389\" srcset=\"https:\/\/i1.wp.com\/www.presstourism.ch\/wp-content\/uploads\/2018\/07\/11VillageLuvavuKivuLac-Largeur-max.-640-Hauteur-max.-480.jpg?w=640 640w, https:\/\/i1.wp.com\/www.presstourism.ch\/wp-content\/uploads\/2018\/07\/11VillageLuvavuKivuLac-Largeur-max.-640-Hauteur-max.-480.jpg?resize=300%2C200 300w, https:\/\/i1.wp.com\/www.presstourism.ch\/wp-content\/uploads\/2018\/07\/11VillageLuvavuKivuLac-Largeur-max.-640-Hauteur-max.-480.jpg?resize=600%2C399 600w\" sizes=\"(max-width: 584px) 100vw, 584px\" data-recalc-dims=\"1\" \/><\/a><p id=\"caption-attachment-4639\" class=\"wp-caption-text\">Un petit village typique au bord du lac Kivu pr\u00e8s de la source sulfureuse de Mashyusa&#8230;<\/p><\/div>\n<div id=\"attachment_4640\" style=\"width: 650px\" class=\"wp-caption alignnone\"><a href=\"https:\/\/i0.wp.com\/www.presstourism.ch\/WP_ALEX\/wp-content\/uploads\/2018\/07\/12EauSulfureuse-Largeur-max.-640-Hauteur-max.-480.jpg\"><img aria-describedby=\"caption-attachment-4640\" loading=\"lazy\" class=\"size-full wp-image-4640\" src=\"https:\/\/i0.wp.com\/www.presstourism.ch\/WP_ALEX\/wp-content\/uploads\/2018\/07\/12EauSulfureuse-Largeur-max.-640-Hauteur-max.-480.jpg?resize=584%2C438\" alt=\"... o\u00f9 les habitants et touristes aiment se retrouver pour se faire soigner.\" width=\"584\" height=\"438\" srcset=\"https:\/\/i1.wp.com\/www.presstourism.ch\/wp-content\/uploads\/2018\/07\/12EauSulfureuse-Largeur-max.-640-Hauteur-max.-480.jpg?w=640 640w, https:\/\/i1.wp.com\/www.presstourism.ch\/wp-content\/uploads\/2018\/07\/12EauSulfureuse-Largeur-max.-640-Hauteur-max.-480.jpg?resize=300%2C225 300w, https:\/\/i1.wp.com\/www.presstourism.ch\/wp-content\/uploads\/2018\/07\/12EauSulfureuse-Largeur-max.-640-Hauteur-max.-480.jpg?resize=600%2C450 600w\" sizes=\"(max-width: 584px) 100vw, 584px\" data-recalc-dims=\"1\" \/><\/a><p id=\"caption-attachment-4640\" class=\"wp-caption-text\">&#8230; o\u00f9 les habitants et touristes aiment se retrouver pour se faire soigner.<\/p><\/div>\n<div id=\"attachment_4646\" style=\"width: 650px\" class=\"wp-caption alignnone\"><a href=\"https:\/\/i1.wp.com\/www.presstourism.ch\/WP_ALEX\/wp-content\/uploads\/2018\/07\/6RwandaFootMondial-Largeur-max.-640-Hauteur-max.-480.jpg\"><img aria-describedby=\"caption-attachment-4646\" loading=\"lazy\" class=\"size-full wp-image-4646\" src=\"https:\/\/i1.wp.com\/www.presstourism.ch\/WP_ALEX\/wp-content\/uploads\/2018\/07\/6RwandaFootMondial-Largeur-max.-640-Hauteur-max.-480.jpg?resize=584%2C378\" alt=\"D\u00e8s la fin de l'\u00e9cole, les enfants vont jouer au football avant de suivre ensemble le Mondial \u00e0 la t\u00e9l\u00e9.\" width=\"584\" height=\"378\" srcset=\"https:\/\/i2.wp.com\/www.presstourism.ch\/wp-content\/uploads\/2018\/07\/6RwandaFootMondial-Largeur-max.-640-Hauteur-max.-480.jpg?w=640 640w, https:\/\/i2.wp.com\/www.presstourism.ch\/wp-content\/uploads\/2018\/07\/6RwandaFootMondial-Largeur-max.-640-Hauteur-max.-480.jpg?resize=300%2C194 300w, https:\/\/i2.wp.com\/www.presstourism.ch\/wp-content\/uploads\/2018\/07\/6RwandaFootMondial-Largeur-max.-640-Hauteur-max.-480.jpg?resize=600%2C388 600w\" sizes=\"(max-width: 584px) 100vw, 584px\" data-recalc-dims=\"1\" \/><\/a><p id=\"caption-attachment-4646\" class=\"wp-caption-text\">D\u00e8s la fin de l&rsquo;\u00e9cole, les enfants vont jouer au football avant de suivre ensemble le Mondial \u00e0 la t\u00e9l\u00e9.<\/p><\/div>\n<div id=\"attachment_4643\" style=\"width: 650px\" class=\"wp-caption alignnone\"><a href=\"https:\/\/i0.wp.com\/www.presstourism.ch\/WP_ALEX\/wp-content\/uploads\/2018\/07\/3ParcAkajeraHippo1-Largeur-max.-640-Hauteur-max.-480.jpg\"><img aria-describedby=\"caption-attachment-4643\" loading=\"lazy\" class=\"size-full wp-image-4643\" src=\"https:\/\/i0.wp.com\/www.presstourism.ch\/WP_ALEX\/wp-content\/uploads\/2018\/07\/3ParcAkajeraHippo1-Largeur-max.-640-Hauteur-max.-480.jpg?resize=584%2C391\" alt=\"L'hippopotame prend son bain pas loin de la plage qui porte d'ailleurs le nom du mammif\u00e8re.\" width=\"584\" height=\"391\" srcset=\"https:\/\/i2.wp.com\/www.presstourism.ch\/wp-content\/uploads\/2018\/07\/3ParcAkajeraHippo1-Largeur-max.-640-Hauteur-max.-480.jpg?w=640 640w, https:\/\/i2.wp.com\/www.presstourism.ch\/wp-content\/uploads\/2018\/07\/3ParcAkajeraHippo1-Largeur-max.-640-Hauteur-max.-480.jpg?resize=300%2C201 300w, https:\/\/i2.wp.com\/www.presstourism.ch\/wp-content\/uploads\/2018\/07\/3ParcAkajeraHippo1-Largeur-max.-640-Hauteur-max.-480.jpg?resize=600%2C401 600w\" sizes=\"(max-width: 584px) 100vw, 584px\" data-recalc-dims=\"1\" \/><\/a><p id=\"caption-attachment-4643\" class=\"wp-caption-text\">L&rsquo;hippopotame prend son bain pas loin de la plage qui porte d&rsquo;ailleurs le nom du mammif\u00e8re.<\/p><\/div>\n<div id=\"attachment_4647\" style=\"width: 650px\" class=\"wp-caption alignnone\"><a href=\"https:\/\/i2.wp.com\/www.presstourism.ch\/WP_ALEX\/wp-content\/uploads\/2018\/07\/7RwandaAkageraBabouin-Largeur-max.-640-Hauteur-max.-480.jpg\"><img aria-describedby=\"caption-attachment-4647\" loading=\"lazy\" class=\"size-full wp-image-4647\" src=\"https:\/\/i2.wp.com\/www.presstourism.ch\/WP_ALEX\/wp-content\/uploads\/2018\/07\/7RwandaAkageraBabouin-Largeur-max.-640-Hauteur-max.-480.jpg?resize=584%2C389\" alt=\"Un babouin passe son chemin sans m\u00eame \u00eatre effray\u00e9 par votre pr\u00e9sence.\" width=\"584\" height=\"389\" srcset=\"https:\/\/i2.wp.com\/www.presstourism.ch\/wp-content\/uploads\/2018\/07\/7RwandaAkageraBabouin-Largeur-max.-640-Hauteur-max.-480.jpg?w=640 640w, https:\/\/i2.wp.com\/www.presstourism.ch\/wp-content\/uploads\/2018\/07\/7RwandaAkageraBabouin-Largeur-max.-640-Hauteur-max.-480.jpg?resize=300%2C200 300w, https:\/\/i2.wp.com\/www.presstourism.ch\/wp-content\/uploads\/2018\/07\/7RwandaAkageraBabouin-Largeur-max.-640-Hauteur-max.-480.jpg?resize=600%2C399 600w\" sizes=\"(max-width: 584px) 100vw, 584px\" data-recalc-dims=\"1\" \/><\/a><p id=\"caption-attachment-4647\" class=\"wp-caption-text\">Un babouin passe son chemin sans m\u00eame \u00eatre effray\u00e9 par votre pr\u00e9sence.<\/p><\/div>\n<p>&nbsp;<\/p>\n<p style=\"text-align: center;\"><a href=\"http:\/\/www.presstourism.ch\/WP_ALEX\/wp-content\/uploads\/2018\/07\/NVT_290618-1rePageRwanda3-copie.pdf\">Lire ou t\u00e9l\u00e9charger l&rsquo;article de presse&#8230;<\/a><\/p>\n<p>&nbsp;<\/p>\n","protected":false},"excerpt":{"rendered":"<p>Avec une population accueillante et une nature abondante, cette nation attachante a plusieurs atouts touristiques \u00e0 son arc dont ses fameux gorilles, ainsi que la r\u00e9serve sauvage de l&rsquo;Akagera, o\u00f9 il est possible de voir tous animaux d&rsquo;Afrique. Souvent surnomm\u00e9 &hellip; <a href=\"http:\/\/www.presstourism.ch\/?page_id=4633\">Continuer la lecture <span class=\"meta-nav\">&rarr;<\/span><\/a><\/p>\n","protected":false},"author":1,"featured_media":0,"parent":4651,"menu_order":0,"comment_status":"closed","ping_status":"closed","template":"","meta":{"ngg_post_thumbnail":0,"spay_email":""},"jetpack_sharing_enabled":true,"jetpack_shortlink":"https:\/\/wp.me\/P468TV-1cJ","_links":{"self":[{"href":"http:\/\/www.presstourism.ch\/index.php?rest_route=\/wp\/v2\/pages\/4633"}],"collection":[{"href":"http:\/\/www.presstourism.ch\/index.php?rest_route=\/wp\/v2\/pages"}],"about":[{"href":"http:\/\/www.presstourism.ch\/index.php?rest_route=\/wp\/v2\/types\/page"}],"author":[{"embeddable":true,"href":"http:\/\/www.presstourism.ch\/index.php?rest_route=\/wp\/v2\/users\/1"}],"replies":[{"embeddable":true,"href":"http:\/\/www.presstourism.ch\/index.php?rest_route=%2Fwp%2Fv2%2Fcomments&post=4633"}],"version-history":[{"count":4,"href":"http:\/\/www.presstourism.ch\/index.php?rest_route=\/wp\/v2\/pages\/4633\/revisions"}],"predecessor-version":[{"id":4679,"href":"http:\/\/www.presstourism.ch\/index.php?rest_route=\/wp\/v2\/pages\/4633\/revisions\/4679"}],"up":[{"embeddable":true,"href":"http:\/\/www.presstourism.ch\/index.php?rest_route=\/wp\/v2\/pages\/4651"}],"wp:attachment":[{"href":"http:\/\/www.presstourism.ch\/index.php?rest_route=%2Fwp%2Fv2%2Fmedia&parent=4633"}],"curies":[{"name":"wp","href":"https:\/\/api.w.org\/{rel}","templated":true}]}}