{"id":4443,"date":"2018-03-06T16:04:57","date_gmt":"2018-03-06T15:04:57","guid":{"rendered":"http:\/\/www.presstourism.ch\/WP_ALEX\/?page_id=4443"},"modified":"2024-04-10T09:33:09","modified_gmt":"2024-04-10T07:33:09","slug":"petit-air-de-printemps-dans-le-salento","status":"publish","type":"page","link":"http:\/\/www.presstourism.ch\/?page_id=4443","title":{"rendered":"Petit air de printemps dans le Salento"},"content":{"rendered":"<p><div id=\"attachment_4444\" style=\"width: 650px\" class=\"wp-caption alignnone\"><a href=\"https:\/\/i0.wp.com\/www.presstourism.ch\/WP_ALEX\/wp-content\/uploads\/2018\/03\/1_GallipoliPe\u0302cheurs-Largeur-max.-1024-Hauteur-max.-768.jpg\"><img aria-describedby=\"caption-attachment-4444\" loading=\"lazy\" class=\"wp-image-4444 size-large\" src=\"https:\/\/i2.wp.com\/www.presstourism.ch\/WP_ALEX\/wp-content\/uploads\/2018\/03\/1_GallipoliPe\u0302cheurs-Largeur-max.-1024-Hauteur-max.-768-1024x682.jpg?resize=584%2C389\" alt=\"1_GallipoliPe\u0302cheurs [Largeur max. 1024 Hauteur max. 768]\" width=\"584\" height=\"389\" srcset=\"https:\/\/i1.wp.com\/www.presstourism.ch\/wp-content\/uploads\/2018\/03\/1_GallipoliPe\u0302cheurs-Largeur-max.-1024-Hauteur-max.-768.jpg?w=1024 1024w, https:\/\/i1.wp.com\/www.presstourism.ch\/wp-content\/uploads\/2018\/03\/1_GallipoliPe\u0302cheurs-Largeur-max.-1024-Hauteur-max.-768.jpg?resize=300%2C200 300w, https:\/\/i1.wp.com\/www.presstourism.ch\/wp-content\/uploads\/2018\/03\/1_GallipoliPe\u0302cheurs-Largeur-max.-1024-Hauteur-max.-768.jpg?resize=768%2C512 768w, https:\/\/i1.wp.com\/www.presstourism.ch\/wp-content\/uploads\/2018\/03\/1_GallipoliPe\u0302cheurs-Largeur-max.-1024-Hauteur-max.-768.jpg?resize=600%2C400 600w\" sizes=\"(max-width: 584px) 100vw, 584px\" data-recalc-dims=\"1\" \/><\/a><p id=\"caption-attachment-4444\" class=\"wp-caption-text\">Pr\u00e8s du ch\u00e2teau de Gallipoli, les p\u00eacheurs pr\u00e9parent leur filet pour le lendemain matin.<\/p><\/div>LES POUILLES &#8211; A l&rsquo;extr\u00e9mit\u00e9 sud-est de l&rsquo;Italie, Gallipoli et Otranto sont deux petites villes pleines de charme et charg\u00e9es d&rsquo;histoire. La premi\u00e8re au bord de la mer ionienne et la seconde sur l&rsquo;Adriatique.<\/p>\n<p><div id=\"attachment_4445\" style=\"width: 650px\" class=\"wp-caption alignnone\"><a href=\"https:\/\/i2.wp.com\/www.presstourism.ch\/WP_ALEX\/wp-content\/uploads\/2018\/03\/3_OtrantoCathe\u0301drale-Largeur-max.-1024-Hauteur-max.-768.jpg\"><img aria-describedby=\"caption-attachment-4445\" loading=\"lazy\" class=\"wp-image-4445 size-large\" src=\"https:\/\/i0.wp.com\/www.presstourism.ch\/WP_ALEX\/wp-content\/uploads\/2018\/03\/3_OtrantoCathe\u0301drale-Largeur-max.-1024-Hauteur-max.-768-1024x682.jpg?resize=584%2C389\" alt=\"3_OtrantoCathe\u0301drale [Largeur max. 1024 Hauteur max. 768]\" width=\"584\" height=\"389\" srcset=\"https:\/\/i2.wp.com\/www.presstourism.ch\/wp-content\/uploads\/2018\/03\/3_OtrantoCathe\u0301drale-Largeur-max.-1024-Hauteur-max.-768.jpg?w=1024 1024w, https:\/\/i2.wp.com\/www.presstourism.ch\/wp-content\/uploads\/2018\/03\/3_OtrantoCathe\u0301drale-Largeur-max.-1024-Hauteur-max.-768.jpg?resize=300%2C200 300w, https:\/\/i2.wp.com\/www.presstourism.ch\/wp-content\/uploads\/2018\/03\/3_OtrantoCathe\u0301drale-Largeur-max.-1024-Hauteur-max.-768.jpg?resize=768%2C512 768w, https:\/\/i2.wp.com\/www.presstourism.ch\/wp-content\/uploads\/2018\/03\/3_OtrantoCathe\u0301drale-Largeur-max.-1024-Hauteur-max.-768.jpg?resize=600%2C400 600w\" sizes=\"(max-width: 584px) 100vw, 584px\" data-recalc-dims=\"1\" \/><\/a><p id=\"caption-attachment-4445\" class=\"wp-caption-text\">La fa\u00e7ade de la cath\u00e9drale d&rsquo;Otranto avec sa rosace Renaissance et qui abrite la plus grande c\u00e9ramique d&rsquo;Europe.<\/p><\/div>La meilleure p\u00e9riode pour s&rsquo;y rendre, c&rsquo;est du mois de mars jusqu&rsquo;\u00e0 fin octobre. Mais il fait d\u00e9j\u00e0 r\u00e9guli\u00e8rement entre 15 et 18 degr\u00e9s \u00e0 fin f\u00e9vrier dans le Salento, cette jolie r\u00e9gion du sud de l&rsquo;Italie, tout au bout du talon de la botte lorsqu&rsquo;on se penche sur une carte. Lecce en est le chef-lieu, alors que Gallipoli et Otranto en sont deux petits joyaux, tous deux en bord de mer, mais pas la m\u00eame.<\/p>\n<p><div id=\"attachment_4447\" style=\"width: 650px\" class=\"wp-caption alignnone\"><a href=\"https:\/\/i1.wp.com\/www.presstourism.ch\/WP_ALEX\/wp-content\/uploads\/2018\/03\/2_EchoppesGallipoli-Largeur-max.-1024-Hauteur-max.-768.jpg\"><img aria-describedby=\"caption-attachment-4447\" loading=\"lazy\" class=\"wp-image-4447 size-large\" src=\"https:\/\/i2.wp.com\/www.presstourism.ch\/WP_ALEX\/wp-content\/uploads\/2018\/03\/2_EchoppesGallipoli-Largeur-max.-1024-Hauteur-max.-768-1024x682.jpg?resize=584%2C389\" alt=\"2_EchoppesGallipoli [Largeur max. 1024 Hauteur max. 768]\" width=\"584\" height=\"389\" srcset=\"https:\/\/i1.wp.com\/www.presstourism.ch\/wp-content\/uploads\/2018\/03\/2_EchoppesGallipoli-Largeur-max.-1024-Hauteur-max.-768.jpg?w=1024 1024w, https:\/\/i1.wp.com\/www.presstourism.ch\/wp-content\/uploads\/2018\/03\/2_EchoppesGallipoli-Largeur-max.-1024-Hauteur-max.-768.jpg?resize=300%2C200 300w, https:\/\/i1.wp.com\/www.presstourism.ch\/wp-content\/uploads\/2018\/03\/2_EchoppesGallipoli-Largeur-max.-1024-Hauteur-max.-768.jpg?resize=768%2C512 768w, https:\/\/i1.wp.com\/www.presstourism.ch\/wp-content\/uploads\/2018\/03\/2_EchoppesGallipoli-Largeur-max.-1024-Hauteur-max.-768.jpg?resize=600%2C400 600w\" sizes=\"(max-width: 584px) 100vw, 584px\" data-recalc-dims=\"1\" \/><\/a><p id=\"caption-attachment-4447\" class=\"wp-caption-text\">Les \u00e9choppes avec des produits de la mer et de l&rsquo;artisanat r\u00e9gional \u00e0 Gallipoli.<\/p><\/div>Baign\u00e9e par la mer ionienne, la premi\u00e8re localit\u00e9 porte bien son nom grec de kal\u00e8 polis, \u00abbelle ville\u00bb, donn\u00e9 par les Spartiates au 8e si\u00e8cle. Un pont relie le bourg moderne aux quartiers historiques, b\u00e2tis sur une \u00eele. Sentinelle contr\u00f4lant le port, le ch\u00e2teau-fort est \u00e0 quelques pas des autres sites d&rsquo;int\u00e9r\u00eat de la ville: la cath\u00e9drale baroque du 17e si\u00e8cle et la fontaine hell\u00e9nique, pour n&rsquo;en citer que deux. Mais ce qu&rsquo;il ne faut pas manquer \u00e0 Gallipoli, c&rsquo;est le pittoresque march\u00e9 aux poissons et les nombreuses \u00e9choppes. Connue pour avoir \u00e9t\u00e9 la premi\u00e8re exportatrice d\u2019huile d\u2019olive de l\u2019Europe, la ville cache aussi un moulin souterrain du 17e si\u00e8cle, qui permet de se faire une bonne id\u00e9e des techniques de la fabrication d&rsquo;antan du pr\u00e9cieux \u00ab\u00a0combustible\u00a0\u00bb.<\/p>\n<p><strong>Un livre d&rsquo;histoire<\/strong><\/p>\n<p><div id=\"attachment_4448\" style=\"width: 650px\" class=\"wp-caption alignnone\"><a href=\"https:\/\/i2.wp.com\/www.presstourism.ch\/WP_ALEX\/wp-content\/uploads\/2018\/03\/4Cathe\u0301Ho\u0302telMartyrs-Largeur-max.-1024-Hauteur-max.-768.jpg\"><img aria-describedby=\"caption-attachment-4448\" loading=\"lazy\" class=\"wp-image-4448 size-large\" src=\"https:\/\/i0.wp.com\/www.presstourism.ch\/WP_ALEX\/wp-content\/uploads\/2018\/03\/4Cathe\u0301Ho\u0302telMartyrs-Largeur-max.-1024-Hauteur-max.-768-1024x682.jpg?resize=584%2C389\" alt=\"4Cathe\u0301Ho\u0302telMartyrs [Largeur max. 1024 Hauteur max. 768]\" width=\"584\" height=\"389\" srcset=\"https:\/\/i2.wp.com\/www.presstourism.ch\/wp-content\/uploads\/2018\/03\/4Cathe\u0301Ho\u0302telMartyrs-Largeur-max.-1024-Hauteur-max.-768.jpg?w=1024 1024w, https:\/\/i2.wp.com\/www.presstourism.ch\/wp-content\/uploads\/2018\/03\/4Cathe\u0301Ho\u0302telMartyrs-Largeur-max.-1024-Hauteur-max.-768.jpg?resize=300%2C200 300w, https:\/\/i2.wp.com\/www.presstourism.ch\/wp-content\/uploads\/2018\/03\/4Cathe\u0301Ho\u0302telMartyrs-Largeur-max.-1024-Hauteur-max.-768.jpg?resize=768%2C512 768w, https:\/\/i2.wp.com\/www.presstourism.ch\/wp-content\/uploads\/2018\/03\/4Cathe\u0301Ho\u0302telMartyrs-Largeur-max.-1024-Hauteur-max.-768.jpg?resize=600%2C400 600w\" sizes=\"(max-width: 584px) 100vw, 584px\" data-recalc-dims=\"1\" \/><\/a><p id=\"caption-attachment-4448\" class=\"wp-caption-text\">Les reliques des martyrs dans une chapelle de la cath\u00e9drale d&rsquo;Otranto.<\/p><\/div>Lorsqu&rsquo;on arrive \u00e0 Otranto, on plonge en quelque sorte dans le Moyen-\u00c2ge, car la vieille ville est un v\u00e9ritable livre d&rsquo;histoire \u00e0 ciel ouvert. En vedette la cath\u00e9drale, qui renferme la plus grande mosa\u00efque d&rsquo;Europe et les fameuses reliques des Martyrs. Les remparts aussi, le ch\u00e2teau et les ruelles pav\u00e9es qui conduisent, entre autres, \u00e0 la petite \u00e9glise San Pietro, un des plus importants monuments de l&rsquo;art byzantin en Italie. Caress\u00e9e par l&rsquo;Adriatique, Otranto est enfin une station baln\u00e9aire accueillante et rec\u00e8le de nombreux tr\u00e9sors naturels et architecturaux dans ses alentours.<\/p>\n<p><strong>Texte et photos: Roger Juillerat<\/strong><\/p>\n<p><div id=\"attachment_4449\" style=\"width: 650px\" class=\"wp-caption alignnone\"><a href=\"https:\/\/i0.wp.com\/www.presstourism.ch\/WP_ALEX\/wp-content\/uploads\/2018\/03\/5OtrantoSanPietro-Largeur-max.-1024-Hauteur-max.-768.jpg\"><img aria-describedby=\"caption-attachment-4449\" loading=\"lazy\" class=\"wp-image-4449 size-large\" src=\"https:\/\/i1.wp.com\/www.presstourism.ch\/WP_ALEX\/wp-content\/uploads\/2018\/03\/5OtrantoSanPietro-Largeur-max.-1024-Hauteur-max.-768-1024x682.jpg?resize=584%2C389\" alt=\"5OtrantoSanPietro [Largeur max. 1024 Hauteur max. 768]\" width=\"584\" height=\"389\" srcset=\"https:\/\/i0.wp.com\/www.presstourism.ch\/wp-content\/uploads\/2018\/03\/5OtrantoSanPietro-Largeur-max.-1024-Hauteur-max.-768.jpg?w=1024 1024w, https:\/\/i0.wp.com\/www.presstourism.ch\/wp-content\/uploads\/2018\/03\/5OtrantoSanPietro-Largeur-max.-1024-Hauteur-max.-768.jpg?resize=300%2C200 300w, https:\/\/i0.wp.com\/www.presstourism.ch\/wp-content\/uploads\/2018\/03\/5OtrantoSanPietro-Largeur-max.-1024-Hauteur-max.-768.jpg?resize=768%2C512 768w, https:\/\/i0.wp.com\/www.presstourism.ch\/wp-content\/uploads\/2018\/03\/5OtrantoSanPietro-Largeur-max.-1024-Hauteur-max.-768.jpg?resize=600%2C400 600w\" sizes=\"(max-width: 584px) 100vw, 584px\" data-recalc-dims=\"1\" \/><\/a><p id=\"caption-attachment-4449\" class=\"wp-caption-text\">L&rsquo;Eglise byzantine de San Pietro date du 9e si\u00e8cle. A l&rsquo;int\u00e9rieur, les parois sont recouvertes de fresques.<\/p><\/div><strong>Infos pratiques<\/strong><\/p>\n<p><div id=\"attachment_4450\" style=\"width: 550px\" class=\"wp-caption aligncenter\"><a href=\"https:\/\/i0.wp.com\/www.presstourism.ch\/WP_ALEX\/wp-content\/uploads\/2018\/03\/7_EauCritallineSalento-Largeur-max.-1024-Hauteur-max.-768.jpg\"><img aria-describedby=\"caption-attachment-4450\" loading=\"lazy\" class=\"wp-image-4450 size-full\" src=\"https:\/\/i0.wp.com\/www.presstourism.ch\/WP_ALEX\/wp-content\/uploads\/2018\/03\/7_EauCritallineSalento-Largeur-max.-1024-Hauteur-max.-768.jpg?resize=540%2C768\" alt=\"7_EauCritallineSalento [Largeur max. 1024 Hauteur max. 768]\" width=\"540\" height=\"768\" srcset=\"https:\/\/i2.wp.com\/www.presstourism.ch\/wp-content\/uploads\/2018\/03\/7_EauCritallineSalento-Largeur-max.-1024-Hauteur-max.-768.jpg?w=540 540w, https:\/\/i2.wp.com\/www.presstourism.ch\/wp-content\/uploads\/2018\/03\/7_EauCritallineSalento-Largeur-max.-1024-Hauteur-max.-768.jpg?resize=211%2C300 211w\" sizes=\"(max-width: 540px) 100vw, 540px\" data-recalc-dims=\"1\" \/><\/a><p id=\"caption-attachment-4450\" class=\"wp-caption-text\">Les eaux cristallines des bords de mer, ici sur l&rsquo;Adriatique.<\/p><\/div><strong>Y aller:<\/strong> Easyjet assure une liaison entre Gen\u00e8ve et Brindisi, d&rsquo;o\u00f9 il est facile de rejoindre Lecce puis Gallipoli et Otranto avec les transports publics ou une voiture de location, <a href=\"http:\/\/www.easyjet.com\">www.easyjet.com<\/a><\/p>\n<p><div id=\"attachment_4451\" style=\"width: 562px\" class=\"wp-caption aligncenter\"><a href=\"https:\/\/i0.wp.com\/www.presstourism.ch\/WP_ALEX\/wp-content\/uploads\/2018\/03\/8_SalentoBalades-Largeur-max.-1024-Hauteur-max.-768.jpg\"><img aria-describedby=\"caption-attachment-4451\" loading=\"lazy\" class=\"wp-image-4451 size-full\" src=\"https:\/\/i0.wp.com\/www.presstourism.ch\/WP_ALEX\/wp-content\/uploads\/2018\/03\/8_SalentoBalades-Largeur-max.-1024-Hauteur-max.-768.jpg?resize=552%2C768\" alt=\"8_SalentoBalades [Largeur max. 1024 Hauteur max. 768]\" width=\"552\" height=\"768\" srcset=\"https:\/\/i1.wp.com\/www.presstourism.ch\/wp-content\/uploads\/2018\/03\/8_SalentoBalades-Largeur-max.-1024-Hauteur-max.-768.jpg?w=552 552w, https:\/\/i1.wp.com\/www.presstourism.ch\/wp-content\/uploads\/2018\/03\/8_SalentoBalades-Largeur-max.-1024-Hauteur-max.-768.jpg?resize=216%2C300 216w\" sizes=\"(max-width: 552px) 100vw, 552px\" data-recalc-dims=\"1\" \/><\/a><p id=\"caption-attachment-4451\" class=\"wp-caption-text\">Il est possible de faire de nombreuses balades au milieu des oliviers et d&rsquo;autres esp\u00e8ces.<\/p><\/div><strong>Mais aussi:<\/strong> Lecce, capitale de la Province, avec son centre historique et sa piazza del duomo. Le joli village de Salve, si\u00e8ge de l&rsquo;Office du Tourisme du Salento, <a href=\"http:\/\/www.salveturismo.it\">www.salveturismo.it<\/a>, qui propose des balades dans la campagne ou \u00e0 la d\u00e9couverte du patrimoine.<\/p>\n<p><div id=\"attachment_4452\" style=\"width: 650px\" class=\"wp-caption alignnone\"><a href=\"https:\/\/i0.wp.com\/www.presstourism.ch\/WP_ALEX\/wp-content\/uploads\/2018\/03\/10SalentoRestoCozza-Largeur-max.-1024-Hauteur-max.-768.jpg\"><img aria-describedby=\"caption-attachment-4452\" loading=\"lazy\" class=\"wp-image-4452 size-large\" src=\"https:\/\/i0.wp.com\/www.presstourism.ch\/WP_ALEX\/wp-content\/uploads\/2018\/03\/10SalentoRestoCozza-Largeur-max.-1024-Hauteur-max.-768-1024x682.jpg?resize=584%2C389\" alt=\"10SalentoRestoCozza [Largeur max. 1024 Hauteur max. 768]\" width=\"584\" height=\"389\" srcset=\"https:\/\/i1.wp.com\/www.presstourism.ch\/wp-content\/uploads\/2018\/03\/10SalentoRestoCozza-Largeur-max.-1024-Hauteur-max.-768.jpg?w=1024 1024w, https:\/\/i1.wp.com\/www.presstourism.ch\/wp-content\/uploads\/2018\/03\/10SalentoRestoCozza-Largeur-max.-1024-Hauteur-max.-768.jpg?resize=300%2C200 300w, https:\/\/i1.wp.com\/www.presstourism.ch\/wp-content\/uploads\/2018\/03\/10SalentoRestoCozza-Largeur-max.-1024-Hauteur-max.-768.jpg?resize=768%2C512 768w, https:\/\/i1.wp.com\/www.presstourism.ch\/wp-content\/uploads\/2018\/03\/10SalentoRestoCozza-Largeur-max.-1024-Hauteur-max.-768.jpg?resize=600%2C400 600w\" sizes=\"(max-width: 584px) 100vw, 584px\" data-recalc-dims=\"1\" \/><\/a><p id=\"caption-attachment-4452\" class=\"wp-caption-text\">Les plages du Salento, ici depuis la terrasse du restaurant La Cozza, \u00e0 Posto Vecchio.<\/p><\/div><strong>Couettes et<\/strong> <strong>couverts:<\/strong> La cuisine du terroir de la trattoria Salentina Jameson, \u00e0 Salve, rue don Minzoni 7. Le carpaccio de poulpe et les raviolis farcis sur la terrasse du Dolce Vita, \u00e0 Gallipoli, avec vue sur la mer, corso Roma 143. Une glace dans un des Martinucci, le glacier star du Salento. La chaleur de l&rsquo;accueil au B&amp;B \u00ab\u00a0Anticadimora dei Pepe\u00a0\u00bb, \u00e0 Salve, <a href=\"http:\/\/www.anticadimorapepe.it\">www.anticadimorapepe.it<\/a><\/p>\n<p><div id=\"attachment_4453\" style=\"width: 650px\" class=\"wp-caption alignnone\"><a href=\"https:\/\/i2.wp.com\/www.presstourism.ch\/WP_ALEX\/wp-content\/uploads\/2018\/03\/9_LacbeauxiteCava-Largeur-max.-1024-Hauteur-max.-768.jpg\"><img aria-describedby=\"caption-attachment-4453\" loading=\"lazy\" class=\"wp-image-4453 size-large\" src=\"https:\/\/i2.wp.com\/www.presstourism.ch\/WP_ALEX\/wp-content\/uploads\/2018\/03\/9_LacbeauxiteCava-Largeur-max.-1024-Hauteur-max.-768-1024x682.jpg?resize=584%2C389\" alt=\"9_LacbeauxiteCava [Largeur max. 1024 Hauteur max. 768]\" width=\"584\" height=\"389\" srcset=\"https:\/\/i0.wp.com\/www.presstourism.ch\/wp-content\/uploads\/2018\/03\/9_LacbeauxiteCava-Largeur-max.-1024-Hauteur-max.-768.jpg?w=1024 1024w, https:\/\/i0.wp.com\/www.presstourism.ch\/wp-content\/uploads\/2018\/03\/9_LacbeauxiteCava-Largeur-max.-1024-Hauteur-max.-768.jpg?resize=300%2C200 300w, https:\/\/i0.wp.com\/www.presstourism.ch\/wp-content\/uploads\/2018\/03\/9_LacbeauxiteCava-Largeur-max.-1024-Hauteur-max.-768.jpg?resize=768%2C512 768w, https:\/\/i0.wp.com\/www.presstourism.ch\/wp-content\/uploads\/2018\/03\/9_LacbeauxiteCava-Largeur-max.-1024-Hauteur-max.-768.jpg?resize=600%2C400 600w\" sizes=\"(max-width: 584px) 100vw, 584px\" data-recalc-dims=\"1\" \/><\/a><p id=\"caption-attachment-4453\" class=\"wp-caption-text\">Le lac de bauxite d&rsquo;Otranto aux couleurs surr\u00e9alistes et laissant un peu penser au d\u00e9sert australien.<\/p><\/div><i><a href=\"http:\/\/www.presstourism.ch\/wp-content\/uploads\/2018\/03\/NVT160218_w-BaladeSalento2.pdf\">Voir l&rsquo;article de presse<\/a><\/i><\/p>\n","protected":false},"excerpt":{"rendered":"<p>LES POUILLES &#8211; A l&rsquo;extr\u00e9mit\u00e9 sud-est de l&rsquo;Italie, Gallipoli et Otranto sont deux petites villes pleines de charme et charg\u00e9es d&rsquo;histoire. La premi\u00e8re au bord de la mer ionienne et la seconde sur l&rsquo;Adriatique. La meilleure p\u00e9riode pour s&rsquo;y rendre, &hellip; <a href=\"http:\/\/www.presstourism.ch\/?page_id=4443\">Continuer la lecture <span class=\"meta-nav\">&rarr;<\/span><\/a><\/p>\n","protected":false},"author":1,"featured_media":0,"parent":302,"menu_order":0,"comment_status":"closed","ping_status":"closed","template":"","meta":{"ngg_post_thumbnail":0,"spay_email":""},"jetpack_sharing_enabled":true,"jetpack_shortlink":"https:\/\/wp.me\/P468TV-19F","_links":{"self":[{"href":"http:\/\/www.presstourism.ch\/index.php?rest_route=\/wp\/v2\/pages\/4443"}],"collection":[{"href":"http:\/\/www.presstourism.ch\/index.php?rest_route=\/wp\/v2\/pages"}],"about":[{"href":"http:\/\/www.presstourism.ch\/index.php?rest_route=\/wp\/v2\/types\/page"}],"author":[{"embeddable":true,"href":"http:\/\/www.presstourism.ch\/index.php?rest_route=\/wp\/v2\/users\/1"}],"replies":[{"embeddable":true,"href":"http:\/\/www.presstourism.ch\/index.php?rest_route=%2Fwp%2Fv2%2Fcomments&post=4443"}],"version-history":[{"count":3,"href":"http:\/\/www.presstourism.ch\/index.php?rest_route=\/wp\/v2\/pages\/4443\/revisions"}],"predecessor-version":[{"id":9258,"href":"http:\/\/www.presstourism.ch\/index.php?rest_route=\/wp\/v2\/pages\/4443\/revisions\/9258"}],"up":[{"embeddable":true,"href":"http:\/\/www.presstourism.ch\/index.php?rest_route=\/wp\/v2\/pages\/302"}],"wp:attachment":[{"href":"http:\/\/www.presstourism.ch\/index.php?rest_route=%2Fwp%2Fv2%2Fmedia&parent=4443"}],"curies":[{"name":"wp","href":"https:\/\/api.w.org\/{rel}","templated":true}]}}