{"id":4363,"date":"2018-02-18T21:52:03","date_gmt":"2018-02-18T20:52:03","guid":{"rendered":"http:\/\/www.presstourism.ch\/WP_ALEX\/?page_id=4363"},"modified":"2024-04-12T19:45:57","modified_gmt":"2024-04-12T17:45:57","slug":"soleure-petite-perle-touristique-au-bord-de-laar","status":"publish","type":"page","link":"http:\/\/www.presstourism.ch\/?page_id=4363","title":{"rendered":"Soleure, petite perle touristique au bord de l&rsquo;Aar"},"content":{"rendered":"<div id=\"attachment_4379\" style=\"width: 522px\" class=\"wp-caption aligncenter\"><a href=\"https:\/\/i2.wp.com\/www.presstourism.ch\/WP_ALEX\/wp-content\/uploads\/2018\/02\/4SolothurnBordAar3-Largeur-max.-1024-Hauteur-max.-768.jpg\"><img aria-describedby=\"caption-attachment-4379\" loading=\"lazy\" class=\"size-full wp-image-4379\" src=\"https:\/\/i2.wp.com\/www.presstourism.ch\/WP_ALEX\/wp-content\/uploads\/2018\/02\/4SolothurnBordAar3-Largeur-max.-1024-Hauteur-max.-768.jpg?resize=512%2C768\" alt=\"Au bord d'un des m\u00e9andres paresseux de l'Aar, \u00e0 proximit\u00e9 des belles maisons du Landhaus et du Th\u00e9\u00e2tre.\" width=\"512\" height=\"768\" srcset=\"https:\/\/i2.wp.com\/www.presstourism.ch\/wp-content\/uploads\/2018\/02\/4SolothurnBordAar3-Largeur-max.-1024-Hauteur-max.-768.jpg?w=512 512w, https:\/\/i2.wp.com\/www.presstourism.ch\/wp-content\/uploads\/2018\/02\/4SolothurnBordAar3-Largeur-max.-1024-Hauteur-max.-768.jpg?resize=200%2C300 200w\" sizes=\"(max-width: 512px) 100vw, 512px\" data-recalc-dims=\"1\" \/><\/a><p id=\"caption-attachment-4379\" class=\"wp-caption-text\">Au bord d&rsquo;un des m\u00e9andres paresseux de l&rsquo;Aar, \u00e0 proximit\u00e9 des belles maisons du Landhaus et du Th\u00e9\u00e2tre.<\/p><\/div>\n<p>Un charme imm\u00e9diat, des animations culturelles, un centre historique bien conserv\u00e9, des mus\u00e9es captivants et d&rsquo;\u00e9l\u00e9gantes boutiques : un bonheur de se promener dans la plus belle ville baroque de Suisse.<\/p>\n<div id=\"attachment_4374\" style=\"width: 650px\" class=\"wp-caption alignnone\"><a href=\"https:\/\/i1.wp.com\/www.presstourism.ch\/WP_ALEX\/wp-content\/uploads\/2018\/02\/9SolothurnPorteBienne-Largeur-max.-1024-Hauteur-max.-768.jpg\"><img aria-describedby=\"caption-attachment-4374\" loading=\"lazy\" class=\"size-large wp-image-4374\" src=\"https:\/\/i1.wp.com\/www.presstourism.ch\/WP_ALEX\/wp-content\/uploads\/2018\/02\/9SolothurnPorteBienne-Largeur-max.-1024-Hauteur-max.-768-1024x682.jpg?resize=584%2C389\" alt=\"La Gurzelngasse conduit \u00e0 la Porte de Berne et \u00e0 la tour ronde de Burri dans un pan des remparts.\" width=\"584\" height=\"389\" srcset=\"https:\/\/i0.wp.com\/www.presstourism.ch\/wp-content\/uploads\/2018\/02\/9SolothurnPorteBienne-Largeur-max.-1024-Hauteur-max.-768.jpg?w=1024 1024w, https:\/\/i0.wp.com\/www.presstourism.ch\/wp-content\/uploads\/2018\/02\/9SolothurnPorteBienne-Largeur-max.-1024-Hauteur-max.-768.jpg?resize=300%2C200 300w, https:\/\/i0.wp.com\/www.presstourism.ch\/wp-content\/uploads\/2018\/02\/9SolothurnPorteBienne-Largeur-max.-1024-Hauteur-max.-768.jpg?resize=768%2C512 768w, https:\/\/i0.wp.com\/www.presstourism.ch\/wp-content\/uploads\/2018\/02\/9SolothurnPorteBienne-Largeur-max.-1024-Hauteur-max.-768.jpg?resize=600%2C400 600w\" sizes=\"(max-width: 584px) 100vw, 584px\" data-recalc-dims=\"1\" \/><\/a><p id=\"caption-attachment-4374\" class=\"wp-caption-text\">La Gurzelngasse conduit \u00e0 la Porte de Berne et \u00e0 la tour ronde de Burri dans un pan des remparts.<\/p><\/div>\n<p>Il faut voir ou revoir Soleure. Au fil de ses ruelles pav\u00e9es, impossible de ne pas \u00eatre captiv\u00e9 par cette ville, qui vient de conna\u00eetre durant un peu plus d&rsquo;une semaine une grande animation avec ses fameuses Journ\u00e9es cin\u00e9matographiques. Le festival est \u00e0 la fois le carburant du cin\u00e9ma suisse et le lieu de rencontre du public et des cin\u00e9astes.<\/p>\n<div id=\"attachment_4380\" style=\"width: 522px\" class=\"wp-caption aligncenter\"><a href=\"https:\/\/i0.wp.com\/www.presstourism.ch\/WP_ALEX\/wp-content\/uploads\/2018\/02\/5Journ\u00e9esSoleure-Largeur-max.-1024-Hauteur-max.-768.jpg\"><img aria-describedby=\"caption-attachment-4380\" loading=\"lazy\" class=\"size-full wp-image-4380\" src=\"https:\/\/i0.wp.com\/www.presstourism.ch\/WP_ALEX\/wp-content\/uploads\/2018\/02\/5Journ\u00e9esSoleure-Largeur-max.-1024-Hauteur-max.-768.jpg?resize=512%2C768\" alt=\"Les journ\u00e9es cin\u00e9matographiques viennent d'accueillir un nombreux public pendant une semaine.\" width=\"512\" height=\"768\" srcset=\"https:\/\/i1.wp.com\/www.presstourism.ch\/wp-content\/uploads\/2018\/02\/5Journ\u00e9esSoleure-Largeur-max.-1024-Hauteur-max.-768.jpg?w=512 512w, https:\/\/i1.wp.com\/www.presstourism.ch\/wp-content\/uploads\/2018\/02\/5Journ\u00e9esSoleure-Largeur-max.-1024-Hauteur-max.-768.jpg?resize=200%2C300 200w\" sizes=\"(max-width: 512px) 100vw, 512px\" data-recalc-dims=\"1\" \/><\/a><p id=\"caption-attachment-4380\" class=\"wp-caption-text\">Les journ\u00e9es cin\u00e9matographiques viennent d&rsquo;accueillir un nombreux public pendant une semaine.<\/p><\/div>\n<p>Il occupe d&rsquo;ailleurs plusieurs b\u00e2timents du centre historique, un joyau avec ses magnifiques b\u00e2tisses baroques et Renaissance telles que le noble Palais Besenval, ainsi que ses somptueux \u00e9difices sacr\u00e9s. La vieille ville compte en effet onze \u00e9glises et chapelles, dont l&rsquo;imposante cath\u00e9drale St-Urs, et autant de fontaines et de tours. H\u00f4tels particuliers et \u00e9difices fortifi\u00e9s alternent avec de nombreuses boutiques et de petites auberges, tandis que les restaurants avec terrasse attirent les promeneurs sur les berges de l\u2019Aar.<\/p>\n<div id=\"attachment_4383\" style=\"width: 650px\" class=\"wp-caption alignnone\"><a href=\"https:\/\/i0.wp.com\/www.presstourism.ch\/WP_ALEX\/wp-content\/uploads\/2018\/02\/8Mus\u00e9eHistNatCath\u00e9-Largeur-max.-1024-Hauteur-max.-768.jpg\"><img aria-describedby=\"caption-attachment-4383\" loading=\"lazy\" class=\"size-large wp-image-4383\" src=\"https:\/\/i0.wp.com\/www.presstourism.ch\/WP_ALEX\/wp-content\/uploads\/2018\/02\/8Mus\u00e9eHistNatCath\u00e9-Largeur-max.-1024-Hauteur-max.-768-1024x682.jpg?resize=584%2C389\" alt=\"Le Mus\u00e9e d'histoire naturelle, de renomm\u00e9e internationale, et au fond la cath\u00e9drale St-Urs.\" width=\"584\" height=\"389\" srcset=\"https:\/\/i0.wp.com\/www.presstourism.ch\/wp-content\/uploads\/2018\/02\/8Mus\u00e9eHistNatCath\u00e9-Largeur-max.-1024-Hauteur-max.-768.jpg?w=1024 1024w, https:\/\/i0.wp.com\/www.presstourism.ch\/wp-content\/uploads\/2018\/02\/8Mus\u00e9eHistNatCath\u00e9-Largeur-max.-1024-Hauteur-max.-768.jpg?resize=300%2C200 300w, https:\/\/i0.wp.com\/www.presstourism.ch\/wp-content\/uploads\/2018\/02\/8Mus\u00e9eHistNatCath\u00e9-Largeur-max.-1024-Hauteur-max.-768.jpg?resize=768%2C512 768w, https:\/\/i0.wp.com\/www.presstourism.ch\/wp-content\/uploads\/2018\/02\/8Mus\u00e9eHistNatCath\u00e9-Largeur-max.-1024-Hauteur-max.-768.jpg?resize=600%2C400 600w\" sizes=\"(max-width: 584px) 100vw, 584px\" data-recalc-dims=\"1\" \/><\/a><p id=\"caption-attachment-4383\" class=\"wp-caption-text\">Le Mus\u00e9e d&rsquo;histoire naturelle, de renomm\u00e9e internationale, et au fond la cath\u00e9drale St-Urs.<\/p><\/div>\n<p>De la Porte de Bienne au Mus\u00e9e d&rsquo;Histoire naturelle, un des plus renomm\u00e9s d&rsquo;Europe, en passant par la Tour de l&rsquo;Horloge, celle de Riedholz, la Porte de B\u00e2le, le Th\u00e9\u00e2tre de la Ville et les fontaines, le visiteur est g\u00e2t\u00e9. On passe aussi sous les pignons des maisons des corporations, aujourd&rsquo;hui des petites boutiques, pour imaginer le quotidien d&rsquo;une autre \u00e9poque. Et puis Soleure a aussi un petit c\u00f4t\u00e9 francophone car, pendant 250 ans, les ambassadeurs du roi de France y ont r\u00e9sid\u00e9: une pr\u00e9sence qu&rsquo;on ressent et qui a justement influenc\u00e9 l&rsquo;architecture locale.<\/p>\n<div id=\"attachment_4375\" style=\"width: 650px\" class=\"wp-caption alignnone\"><a href=\"https:\/\/i1.wp.com\/www.presstourism.ch\/WP_ALEX\/wp-content\/uploads\/2018\/02\/10SolothurnRestoStephan-Largeur-max.-1024-Hauteur-max.-768.jpg\"><img aria-describedby=\"caption-attachment-4375\" loading=\"lazy\" class=\"size-large wp-image-4375\" src=\"https:\/\/i0.wp.com\/www.presstourism.ch\/WP_ALEX\/wp-content\/uploads\/2018\/02\/10SolothurnRestoStephan-Largeur-max.-1024-Hauteur-max.-768-1024x682.jpg?resize=584%2C389\" alt=\"Le beau b\u00e2timent du restaurant Zum alten Stephan, sur la Friedhofplatz.\" width=\"584\" height=\"389\" srcset=\"https:\/\/i0.wp.com\/www.presstourism.ch\/wp-content\/uploads\/2018\/02\/10SolothurnRestoStephan-Largeur-max.-1024-Hauteur-max.-768.jpg?w=1024 1024w, https:\/\/i0.wp.com\/www.presstourism.ch\/wp-content\/uploads\/2018\/02\/10SolothurnRestoStephan-Largeur-max.-1024-Hauteur-max.-768.jpg?resize=300%2C200 300w, https:\/\/i0.wp.com\/www.presstourism.ch\/wp-content\/uploads\/2018\/02\/10SolothurnRestoStephan-Largeur-max.-1024-Hauteur-max.-768.jpg?resize=768%2C512 768w, https:\/\/i0.wp.com\/www.presstourism.ch\/wp-content\/uploads\/2018\/02\/10SolothurnRestoStephan-Largeur-max.-1024-Hauteur-max.-768.jpg?resize=600%2C400 600w\" sizes=\"(max-width: 584px) 100vw, 584px\" data-recalc-dims=\"1\" \/><\/a><p id=\"caption-attachment-4375\" class=\"wp-caption-text\">Le beau b\u00e2timent du restaurant Zum alten Stephan, sur la Friedhofplatz.<\/p><\/div>\n<p>Mais impossible de parler de cette cit\u00e9 sans rappeler l&rsquo;expression \u00ab\u00a0\u00eatre sur Soleure\u00a0\u00bb. Elle date du XVIe si\u00e8cle quand des bateliers \u00e9taient charg\u00e9s d&rsquo;y transporter sur l&rsquo;Aar des tonneaux de vin en provenance des C\u00f4tes de l&rsquo;Orbe. Les bateliers avaient alors tendance \u00e0 abuser du contenu. Ainsi, lorsqu\u2019ils arrivaient \u00e0 Soleure, ils avaient trop bu et \u00e9taient so\u00fbls&#8230;<\/p>\n<p><strong>Texte et photos: Roger Juillerat<\/strong><\/p>\n<div id=\"attachment_4376\" style=\"width: 650px\" class=\"wp-caption aligncenter\"><a href=\"https:\/\/i2.wp.com\/www.presstourism.ch\/WP_ALEX\/wp-content\/uploads\/2018\/02\/1SolothurnBesenval-Largeur-max.-1024-Hauteur-max.-768.jpg\"><img aria-describedby=\"caption-attachment-4376\" loading=\"lazy\" class=\"size-large wp-image-4376\" src=\"https:\/\/i1.wp.com\/www.presstourism.ch\/WP_ALEX\/wp-content\/uploads\/2018\/02\/1SolothurnBesenval-Largeur-max.-1024-Hauteur-max.-768-1024x682.jpg?resize=584%2C389\" alt=\"Le Palais Besenval, de style Renaissance, depuis le pont Kreuzacker, en arrivant de la gare.\" width=\"584\" height=\"389\" srcset=\"https:\/\/i0.wp.com\/www.presstourism.ch\/wp-content\/uploads\/2018\/02\/1SolothurnBesenval-Largeur-max.-1024-Hauteur-max.-768.jpg?w=1024 1024w, https:\/\/i0.wp.com\/www.presstourism.ch\/wp-content\/uploads\/2018\/02\/1SolothurnBesenval-Largeur-max.-1024-Hauteur-max.-768.jpg?resize=300%2C200 300w, https:\/\/i0.wp.com\/www.presstourism.ch\/wp-content\/uploads\/2018\/02\/1SolothurnBesenval-Largeur-max.-1024-Hauteur-max.-768.jpg?resize=768%2C512 768w, https:\/\/i0.wp.com\/www.presstourism.ch\/wp-content\/uploads\/2018\/02\/1SolothurnBesenval-Largeur-max.-1024-Hauteur-max.-768.jpg?resize=600%2C400 600w\" sizes=\"(max-width: 584px) 100vw, 584px\" data-recalc-dims=\"1\" \/><\/a><p id=\"caption-attachment-4376\" class=\"wp-caption-text\">Le Palais Besenval, de style Renaissance, depuis le pont Kreuzacker, en arrivant de la gare.<\/p><\/div>\n<hr>\n<p>Infos pratiques<\/p>\n<p><strong>Y aller:<\/strong> il faut compter une heure en Intercity depuis Yverdon-les-Bains, deux depuis Gen\u00e8ve via Neuch\u00e2tel et Bienne.<\/p>\n<p><strong>Couettes et couverts:<\/strong>&nbsp;l\u2019H\u00f4tel an der Aare, bien situ\u00e9 au bord du fleuve,&nbsp;<a href=\"http:\/\/www.hotelaare.ch\/\">www.hotelaare.ch<\/a>. Les bons menus brasserie du Genossenshaft Kreuz,&nbsp;<a href=\"http:\/\/www.kreuz-solthurn.ch\/\">www.kreuz-solothurn.ch<\/a>, o\u00f9 la carte est renouvel\u00e9e chaque jour. Le magnifique cadre de l\u2019ancienne salle de la corporation \u00abWirthen Zunfthaus\u00bb,&nbsp;<a href=\"http:\/\/www.wirthen.ch\/\">www.wirthen.ch<\/a>, avec ses menus du terroir.<\/p>\n<p><strong>Mais aussi:<\/strong> dans la vielle ville, le centre culturel Kofmehl, Kofmehlweg&nbsp;1, incontournable pour ses concerts et d&rsquo;autres \u00e9v\u00e9nements passionnants. L&rsquo;Absinthe Bar Gr\u00fcne Fee, Kronengasse 11, avec 40 sortes d&rsquo;absinthe en provenance du Val-de-Travers. L&rsquo;Uferbau, Ritterquai 8, un lieu de rencontre sympa avec bar-resto appel\u00e9 Solheure, un cin\u00e9ma et un espace culturel. Au printemps, les gorges et l&rsquo;ermitage de Sainte-V\u00e9r\u00e8ne, au nord de la cit\u00e9.<\/p>\n<p><strong>Se renseigner:<\/strong> Office du tourisme, Hauptgasse 69, au pied de la cath\u00e9drale St-Urs, 032&nbsp;626&nbsp;46&nbsp;46, <a href=\"mailto:info@solothurn-city.ch\">info@solothurn-city.ch<\/a>, www.solothurn-city.ch<\/p>\n<div id=\"attachment_4377\" style=\"width: 522px\" class=\"wp-caption aligncenter\"><a href=\"https:\/\/i2.wp.com\/www.presstourism.ch\/WP_ALEX\/wp-content\/uploads\/2018\/02\/2SolothurnTourHorloge-Largeur-max.-1024-Hauteur-max.-768.jpg\"><img aria-describedby=\"caption-attachment-4377\" loading=\"lazy\" class=\"size-full wp-image-4377\" src=\"https:\/\/i2.wp.com\/www.presstourism.ch\/WP_ALEX\/wp-content\/uploads\/2018\/02\/2SolothurnTourHorloge-Largeur-max.-1024-Hauteur-max.-768.jpg?resize=512%2C768\" alt=\"Sur la place du march\u00e9, la tour de l'Horloge (XIIIe) est un des plus beaux t\u00e9moins du pass\u00e9 de la cit\u00e9.\" width=\"512\" height=\"768\" srcset=\"https:\/\/i2.wp.com\/www.presstourism.ch\/wp-content\/uploads\/2018\/02\/2SolothurnTourHorloge-Largeur-max.-1024-Hauteur-max.-768.jpg?w=512 512w, https:\/\/i2.wp.com\/www.presstourism.ch\/wp-content\/uploads\/2018\/02\/2SolothurnTourHorloge-Largeur-max.-1024-Hauteur-max.-768.jpg?resize=200%2C300 200w\" sizes=\"(max-width: 512px) 100vw, 512px\" data-recalc-dims=\"1\" \/><\/a><p id=\"caption-attachment-4377\" class=\"wp-caption-text\">Sur la place du march\u00e9, la tour de l&rsquo;Horloge (XIIIe) est un des plus beaux t\u00e9moins du pass\u00e9 de la cit\u00e9.<\/p><\/div>\n<div id=\"attachment_4378\" style=\"width: 522px\" class=\"wp-caption aligncenter\"><a href=\"https:\/\/i1.wp.com\/www.presstourism.ch\/WP_ALEX\/wp-content\/uploads\/2018\/02\/3HorlogeD\u00e9tails-Largeur-max.-1024-Hauteur-max.-768.jpg\"><img aria-describedby=\"caption-attachment-4378\" loading=\"lazy\" class=\"size-full wp-image-4378\" src=\"https:\/\/i1.wp.com\/www.presstourism.ch\/WP_ALEX\/wp-content\/uploads\/2018\/02\/3HorlogeD\u00e9tails-Largeur-max.-1024-Hauteur-max.-768.jpg?resize=512%2C768\" alt=\"Avec les d\u00e9tails de cette horloge.\" width=\"512\" height=\"768\" srcset=\"https:\/\/i2.wp.com\/www.presstourism.ch\/wp-content\/uploads\/2018\/02\/3HorlogeD\u00e9tails-Largeur-max.-1024-Hauteur-max.-768.jpg?w=512 512w, https:\/\/i2.wp.com\/www.presstourism.ch\/wp-content\/uploads\/2018\/02\/3HorlogeD\u00e9tails-Largeur-max.-1024-Hauteur-max.-768.jpg?resize=200%2C300 200w\" sizes=\"(max-width: 512px) 100vw, 512px\" data-recalc-dims=\"1\" \/><\/a><p id=\"caption-attachment-4378\" class=\"wp-caption-text\">Avec les d\u00e9tails de cette horloge.<\/p><\/div>\n<div id=\"attachment_4382\" style=\"width: 650px\" class=\"wp-caption alignnone\"><a href=\"https:\/\/i2.wp.com\/www.presstourism.ch\/WP_ALEX\/wp-content\/uploads\/2018\/02\/7SolothurnFontJustice-Largeur-max.-1024-Hauteur-max.-768.jpg\"><img aria-describedby=\"caption-attachment-4382\" loading=\"lazy\" class=\"size-large wp-image-4382\" src=\"https:\/\/i0.wp.com\/www.presstourism.ch\/WP_ALEX\/wp-content\/uploads\/2018\/02\/7SolothurnFontJustice-Largeur-max.-1024-Hauteur-max.-768-1024x682.jpg?resize=584%2C389\" alt=\"La fontaine de la Justice dans une ville qui en compte onze, soit le plus grand nombre en Suisse.\" width=\"584\" height=\"389\" srcset=\"https:\/\/i0.wp.com\/www.presstourism.ch\/wp-content\/uploads\/2018\/02\/7SolothurnFontJustice-Largeur-max.-1024-Hauteur-max.-768.jpg?w=1024 1024w, https:\/\/i0.wp.com\/www.presstourism.ch\/wp-content\/uploads\/2018\/02\/7SolothurnFontJustice-Largeur-max.-1024-Hauteur-max.-768.jpg?resize=300%2C200 300w, https:\/\/i0.wp.com\/www.presstourism.ch\/wp-content\/uploads\/2018\/02\/7SolothurnFontJustice-Largeur-max.-1024-Hauteur-max.-768.jpg?resize=768%2C512 768w, https:\/\/i0.wp.com\/www.presstourism.ch\/wp-content\/uploads\/2018\/02\/7SolothurnFontJustice-Largeur-max.-1024-Hauteur-max.-768.jpg?resize=600%2C400 600w\" sizes=\"(max-width: 584px) 100vw, 584px\" data-recalc-dims=\"1\" \/><\/a><p id=\"caption-attachment-4382\" class=\"wp-caption-text\">La fontaine de la Justice dans une ville qui en compte onze, soit le plus grand nombre en Suisse.<\/p><\/div>\n<div id=\"attachment_4381\" style=\"width: 650px\" class=\"wp-caption alignnone\"><a href=\"https:\/\/i2.wp.com\/www.presstourism.ch\/WP_ALEX\/wp-content\/uploads\/2018\/02\/6SolothurnStUrsCath\u00e9-Largeur-max.-1024-Hauteur-max.-768.jpg\"><img aria-describedby=\"caption-attachment-4381\" loading=\"lazy\" class=\"size-large wp-image-4381\" src=\"https:\/\/i0.wp.com\/www.presstourism.ch\/WP_ALEX\/wp-content\/uploads\/2018\/02\/6SolothurnStUrsCath\u00e9-Largeur-max.-1024-Hauteur-max.-768-1024x682.jpg?resize=584%2C389\" alt=\"L'imposante cath\u00e9drale St-Urs, dont l\u2019int\u00e9rieur est agr\u00e9ment\u00e9 d\u2019un stucage baroque des plus raffin\u00e9s.\" width=\"584\" height=\"389\" srcset=\"https:\/\/i0.wp.com\/www.presstourism.ch\/wp-content\/uploads\/2018\/02\/6SolothurnStUrsCath\u00e9-Largeur-max.-1024-Hauteur-max.-768.jpg?w=1024 1024w, https:\/\/i0.wp.com\/www.presstourism.ch\/wp-content\/uploads\/2018\/02\/6SolothurnStUrsCath\u00e9-Largeur-max.-1024-Hauteur-max.-768.jpg?resize=300%2C200 300w, https:\/\/i0.wp.com\/www.presstourism.ch\/wp-content\/uploads\/2018\/02\/6SolothurnStUrsCath\u00e9-Largeur-max.-1024-Hauteur-max.-768.jpg?resize=768%2C512 768w, https:\/\/i0.wp.com\/www.presstourism.ch\/wp-content\/uploads\/2018\/02\/6SolothurnStUrsCath\u00e9-Largeur-max.-1024-Hauteur-max.-768.jpg?resize=600%2C400 600w\" sizes=\"(max-width: 584px) 100vw, 584px\" data-recalc-dims=\"1\" \/><\/a><p id=\"caption-attachment-4381\" class=\"wp-caption-text\">L&rsquo;imposante cath\u00e9drale St-Urs, dont l\u2019int\u00e9rieur est agr\u00e9ment\u00e9 d\u2019un stucage baroque des plus raffin\u00e9s.<\/p><\/div>\n<p><a href=\"http:\/\/www.presstourism.ch\/wp-content\/uploads\/2018\/02\/NVT_Vendredi020218_w-BaladeSoleure2.pdf\">Lire ou t\u00e9l\u00e9charger l&rsquo;article de presse<\/a><\/p>\n","protected":false},"excerpt":{"rendered":"<p>Un charme imm\u00e9diat, des animations culturelles, un centre historique bien conserv\u00e9, des mus\u00e9es captivants et d&rsquo;\u00e9l\u00e9gantes boutiques : un bonheur de se promener dans la plus belle ville baroque de Suisse. Il faut voir ou revoir Soleure. Au fil de &hellip; <a href=\"http:\/\/www.presstourism.ch\/?page_id=4363\">Continuer la lecture <span class=\"meta-nav\">&rarr;<\/span><\/a><\/p>\n","protected":false},"author":1,"featured_media":0,"parent":341,"menu_order":0,"comment_status":"closed","ping_status":"closed","template":"","meta":{"ngg_post_thumbnail":0,"spay_email":""},"jetpack_sharing_enabled":true,"jetpack_shortlink":"https:\/\/wp.me\/P468TV-18n","_links":{"self":[{"href":"http:\/\/www.presstourism.ch\/index.php?rest_route=\/wp\/v2\/pages\/4363"}],"collection":[{"href":"http:\/\/www.presstourism.ch\/index.php?rest_route=\/wp\/v2\/pages"}],"about":[{"href":"http:\/\/www.presstourism.ch\/index.php?rest_route=\/wp\/v2\/types\/page"}],"author":[{"embeddable":true,"href":"http:\/\/www.presstourism.ch\/index.php?rest_route=\/wp\/v2\/users\/1"}],"replies":[{"embeddable":true,"href":"http:\/\/www.presstourism.ch\/index.php?rest_route=%2Fwp%2Fv2%2Fcomments&post=4363"}],"version-history":[{"count":4,"href":"http:\/\/www.presstourism.ch\/index.php?rest_route=\/wp\/v2\/pages\/4363\/revisions"}],"predecessor-version":[{"id":9329,"href":"http:\/\/www.presstourism.ch\/index.php?rest_route=\/wp\/v2\/pages\/4363\/revisions\/9329"}],"up":[{"embeddable":true,"href":"http:\/\/www.presstourism.ch\/index.php?rest_route=\/wp\/v2\/pages\/341"}],"wp:attachment":[{"href":"http:\/\/www.presstourism.ch\/index.php?rest_route=%2Fwp%2Fv2%2Fmedia&parent=4363"}],"curies":[{"name":"wp","href":"https:\/\/api.w.org\/{rel}","templated":true}]}}