{"id":4326,"date":"2017-11-22T12:22:01","date_gmt":"2017-11-22T11:22:01","guid":{"rendered":"http:\/\/www.presstourism.ch\/WP_ALEX\/?page_id=4326"},"modified":"2024-04-12T19:47:31","modified_gmt":"2024-04-12T17:47:31","slug":"magie-de-la-moselle-et-du-rhin-romantique","status":"publish","type":"page","link":"http:\/\/www.presstourism.ch\/?page_id=4326","title":{"rendered":"Magie de la Moselle et du Rhin romantique"},"content":{"rendered":"<div id=\"attachment_4332\" style=\"width: 650px\" class=\"wp-caption alignnone\"><a href=\"https:\/\/i0.wp.com\/www.presstourism.ch\/WP_ALEX\/wp-content\/uploads\/2017\/11\/3MoselleRhinChateaujpg-Largeur-max.-1024-Hauteur-max.-768.jpg\"><img aria-describedby=\"caption-attachment-4332\" loading=\"lazy\" class=\"size-large wp-image-4332\" src=\"https:\/\/i2.wp.com\/www.presstourism.ch\/WP_ALEX\/wp-content\/uploads\/2017\/11\/3MoselleRhinChateaujpg-Largeur-max.-1024-Hauteur-max.-768-1024x682.jpg?resize=584%2C389\" alt=\"Sur le Rhin romantique, les ch\u00e2teaux forts se succ\u00e8dent sur les c\u00f4teaux et m\u00eame dans l'eau.\" width=\"584\" height=\"389\" srcset=\"https:\/\/i0.wp.com\/www.presstourism.ch\/wp-content\/uploads\/2017\/11\/3MoselleRhinChateaujpg-Largeur-max.-1024-Hauteur-max.-768.jpg?w=1024 1024w, https:\/\/i0.wp.com\/www.presstourism.ch\/wp-content\/uploads\/2017\/11\/3MoselleRhinChateaujpg-Largeur-max.-1024-Hauteur-max.-768.jpg?resize=300%2C200 300w, https:\/\/i0.wp.com\/www.presstourism.ch\/wp-content\/uploads\/2017\/11\/3MoselleRhinChateaujpg-Largeur-max.-1024-Hauteur-max.-768.jpg?resize=768%2C512 768w, https:\/\/i0.wp.com\/www.presstourism.ch\/wp-content\/uploads\/2017\/11\/3MoselleRhinChateaujpg-Largeur-max.-1024-Hauteur-max.-768.jpg?resize=600%2C400 600w\" sizes=\"(max-width: 584px) 100vw, 584px\" data-recalc-dims=\"1\" \/><\/a><p id=\"caption-attachment-4332\" class=\"wp-caption-text\">Sur le Rhin romantique, les ch\u00e2teaux forts se succ\u00e8dent sur les c\u00f4teaux et m\u00eame dans l&rsquo;eau.<\/p><\/div>\n<p>ALLEMAGNE &#8211; La navigation sur les deux fleuves de Rh\u00e9nanie-Palatinat offre une succession de paysages f\u00e9\u00e9riques, ponctu\u00e9e de nombreux&nbsp;ch\u00e2teaux<strong>,<\/strong>&nbsp;vignobles&nbsp;et villages pittoresques.<\/p>\n<div id=\"attachment_4327\" style=\"width: 650px\" class=\"wp-caption alignnone\"><a href=\"https:\/\/i0.wp.com\/www.presstourism.ch\/WP_ALEX\/wp-content\/uploads\/2017\/11\/6VignesBordRhin-Largeur-max.-1024-Hauteur-max.-768.jpg\"><img aria-describedby=\"caption-attachment-4327\" loading=\"lazy\" class=\"size-large wp-image-4327\" src=\"https:\/\/i1.wp.com\/www.presstourism.ch\/WP_ALEX\/wp-content\/uploads\/2017\/11\/6VignesBordRhin-Largeur-max.-1024-Hauteur-max.-768-1024x682.jpg?resize=584%2C389\" alt=\"La vigne est pr\u00e9sente tout au long des deux fleuves, ici avec ses couleurs de l'automne.\" width=\"584\" height=\"389\" srcset=\"https:\/\/i2.wp.com\/www.presstourism.ch\/wp-content\/uploads\/2017\/11\/6VignesBordRhin-Largeur-max.-1024-Hauteur-max.-768.jpg?w=1024 1024w, https:\/\/i2.wp.com\/www.presstourism.ch\/wp-content\/uploads\/2017\/11\/6VignesBordRhin-Largeur-max.-1024-Hauteur-max.-768.jpg?resize=300%2C200 300w, https:\/\/i2.wp.com\/www.presstourism.ch\/wp-content\/uploads\/2017\/11\/6VignesBordRhin-Largeur-max.-1024-Hauteur-max.-768.jpg?resize=768%2C512 768w, https:\/\/i2.wp.com\/www.presstourism.ch\/wp-content\/uploads\/2017\/11\/6VignesBordRhin-Largeur-max.-1024-Hauteur-max.-768.jpg?resize=600%2C400 600w\" sizes=\"(max-width: 584px) 100vw, 584px\" data-recalc-dims=\"1\" \/><\/a><p id=\"caption-attachment-4327\" class=\"wp-caption-text\">La vigne est pr\u00e9sente tout au long des deux fleuves, ici avec ses couleurs de l&rsquo;automne.<\/p><\/div>\n<p>Apr\u00e8s la visite de Mayence, berceau de l&rsquo;imprimerie avec son fameux mus\u00e9e Gutenberg (La R\u00e9gion du vendredi 3 novembre), continuons aujourd&rsquo;hui la balade au fil de l&rsquo;eau en suivant la Moselle, au d\u00e9part de Cochem. Cette ville est situ\u00e9e dans un site remarquable, caract\u00e9ris\u00e9 par son ch\u00e2teau imp\u00e9rial, qui couronne une butte plant\u00e9e de vignes. C&rsquo;est d&rsquo;ailleurs un centre viticole important du terroir Moselle-Sarre-Ruwer.<\/p>\n<div id=\"attachment_4330\" style=\"width: 650px\" class=\"wp-caption alignnone\"><a href=\"https:\/\/i1.wp.com\/www.presstourism.ch\/WP_ALEX\/wp-content\/uploads\/2017\/11\/1.MoselleRhinCochemjpg-Largeur-max.-1024-Hauteur-max.-768.jpg\"><img aria-describedby=\"caption-attachment-4330\" loading=\"lazy\" class=\"size-large wp-image-4330\" src=\"https:\/\/i2.wp.com\/www.presstourism.ch\/WP_ALEX\/wp-content\/uploads\/2017\/11\/1.MoselleRhinCochemjpg-Largeur-max.-1024-Hauteur-max.-768-1024x682.jpg?resize=584%2C389\" alt=\"La Moselle et la ville de Cochem depuis son ch\u00e2teau imp\u00e9rial, au milieu des vignes.\" width=\"584\" height=\"389\" srcset=\"https:\/\/i2.wp.com\/www.presstourism.ch\/wp-content\/uploads\/2017\/11\/1.MoselleRhinCochemjpg-Largeur-max.-1024-Hauteur-max.-768.jpg?w=1024 1024w, https:\/\/i2.wp.com\/www.presstourism.ch\/wp-content\/uploads\/2017\/11\/1.MoselleRhinCochemjpg-Largeur-max.-1024-Hauteur-max.-768.jpg?resize=300%2C200 300w, https:\/\/i2.wp.com\/www.presstourism.ch\/wp-content\/uploads\/2017\/11\/1.MoselleRhinCochemjpg-Largeur-max.-1024-Hauteur-max.-768.jpg?resize=768%2C512 768w, https:\/\/i2.wp.com\/www.presstourism.ch\/wp-content\/uploads\/2017\/11\/1.MoselleRhinCochemjpg-Largeur-max.-1024-Hauteur-max.-768.jpg?resize=600%2C400 600w\" sizes=\"(max-width: 584px) 100vw, 584px\" data-recalc-dims=\"1\" \/><\/a><p id=\"caption-attachment-4330\" class=\"wp-caption-text\">La Moselle et la ville de Cochem depuis son ch\u00e2teau imp\u00e9rial, au milieu des vignes.<\/p><\/div>\n<p>S&rsquo;il est pr\u00e9f\u00e9rable de monter jusqu&rsquo;\u00e0 l&rsquo;\u00e9difice en bus pour d\u00e9couvrir en particulier sa salle des chevaliers et avoir un splendide panorama, la descente est facile et offre de nombreux coups d&rsquo;oeil jusqu&rsquo;au centre-ville avec ses maisons \u00e0 colombages et ses ruelles m\u00e9di\u00e9vales. Le bateau poursuit ensuite sa navigation dans les m\u00e9andres du fleuve, entour\u00e9 de superbes paysages, pour rejoindre Coblence puis remonter le Rhin romantique.<\/p>\n<p>C&rsquo;est alors une succession de ch\u00e2teaux forts, une bonne trentaine, qui se d\u00e9voilent derri\u00e8re chaque coude du fleuve. Ils s\u2019associent aux villages et coteaux color\u00e9s et au rocher de la Lorelei, dont la l\u00e9gende raconte qu&rsquo;une jolie jeune femme s\u00e9duisait les bateliers depuis le sommet (132 m) et que ces derniers ne ma\u00eetrisaient plus leurs bateaux, qui allaient se briser contre les rochers.<\/p>\n<div id=\"attachment_4334\" style=\"width: 650px\" class=\"wp-caption alignnone\"><a href=\"https:\/\/i0.wp.com\/www.presstourism.ch\/WP_ALEX\/wp-content\/uploads\/2017\/11\/5R\u00fcdesheimBMusique-Largeur-max.-1024-Hauteur-max.-768.jpg\"><img aria-describedby=\"caption-attachment-4334\" loading=\"lazy\" class=\"size-large wp-image-4334\" src=\"https:\/\/i2.wp.com\/www.presstourism.ch\/WP_ALEX\/wp-content\/uploads\/2017\/11\/5R\u00fcdesheimBMusique-Largeur-max.-1024-Hauteur-max.-768-1024x768.jpg?resize=584%2C438\" alt=\"Dans une des salles du mus\u00e9e des instrument set bo\u00eetes \u00e0 musique de R\u00fcdesheim.\" width=\"584\" height=\"438\" srcset=\"https:\/\/i2.wp.com\/www.presstourism.ch\/wp-content\/uploads\/2017\/11\/5R\u00fcdesheimBMusique-Largeur-max.-1024-Hauteur-max.-768.jpg?w=1024 1024w, https:\/\/i2.wp.com\/www.presstourism.ch\/wp-content\/uploads\/2017\/11\/5R\u00fcdesheimBMusique-Largeur-max.-1024-Hauteur-max.-768.jpg?resize=300%2C225 300w, https:\/\/i2.wp.com\/www.presstourism.ch\/wp-content\/uploads\/2017\/11\/5R\u00fcdesheimBMusique-Largeur-max.-1024-Hauteur-max.-768.jpg?resize=768%2C576 768w, https:\/\/i2.wp.com\/www.presstourism.ch\/wp-content\/uploads\/2017\/11\/5R\u00fcdesheimBMusique-Largeur-max.-1024-Hauteur-max.-768.jpg?resize=600%2C450 600w\" sizes=\"(max-width: 584px) 100vw, 584px\" data-recalc-dims=\"1\" \/><\/a><p id=\"caption-attachment-4334\" class=\"wp-caption-text\">Dans une des salles du mus\u00e9e des instrument set bo\u00eetes \u00e0 musique de R\u00fcdesheim.<\/p><\/div>\n<p>A R\u00fcdesheim, la balade \u00e0 pied s&rsquo;impose pour aller visiter le mus\u00e9e des instruments de musique m\u00e9canique et automates, ainsi que la Drosselgasse et ses Weinstube, qui servent les vins du terroir. L&rsquo;autre petite ville qu&rsquo;il ne faut pas manquer lors de la croisi\u00e8re, c&rsquo;est Spire, inscrite au patrimoine mondiale de l&rsquo;Unesco, avec sa cath\u00e9drale et son mus\u00e9e, qui pr\u00e9sente la plus grande exposition d&rsquo;avions et astronautique d&rsquo;Europe. Vraiment, les bords de la Moselle et du Rhin rec\u00e8lent d&rsquo;innombrables tr\u00e9sors naturels, ainsi qu&rsquo;un riche patrimoine historique et culturel.<\/p>\n<p><strong>Texte et photos: Roger Juillerat<\/strong><\/p>\n<div id=\"attachment_4333\" style=\"width: 650px\" class=\"wp-caption alignnone\"><a href=\"https:\/\/i2.wp.com\/www.presstourism.ch\/WP_ALEX\/wp-content\/uploads\/2017\/11\/4RhinMonastBonhofen-Largeur-max.-1024-Hauteur-max.-768.jpg\"><img aria-describedby=\"caption-attachment-4333\" loading=\"lazy\" class=\"size-large wp-image-4333\" src=\"https:\/\/i2.wp.com\/www.presstourism.ch\/WP_ALEX\/wp-content\/uploads\/2017\/11\/4RhinMonastBonhofen-Largeur-max.-1024-Hauteur-max.-768-1024x682.jpg?resize=584%2C389\" alt=\"Le monast\u00e8re et couvent franciscain de Kamp Bonhofen dont l'\u00e9glise renferme des tr\u00e9sors artistiques.\" width=\"584\" height=\"389\" srcset=\"https:\/\/i2.wp.com\/www.presstourism.ch\/wp-content\/uploads\/2017\/11\/4RhinMonastBonhofen-Largeur-max.-1024-Hauteur-max.-768.jpg?w=1024 1024w, https:\/\/i2.wp.com\/www.presstourism.ch\/wp-content\/uploads\/2017\/11\/4RhinMonastBonhofen-Largeur-max.-1024-Hauteur-max.-768.jpg?resize=300%2C200 300w, https:\/\/i2.wp.com\/www.presstourism.ch\/wp-content\/uploads\/2017\/11\/4RhinMonastBonhofen-Largeur-max.-1024-Hauteur-max.-768.jpg?resize=768%2C512 768w, https:\/\/i2.wp.com\/www.presstourism.ch\/wp-content\/uploads\/2017\/11\/4RhinMonastBonhofen-Largeur-max.-1024-Hauteur-max.-768.jpg?resize=600%2C400 600w\" sizes=\"(max-width: 584px) 100vw, 584px\" data-recalc-dims=\"1\" \/><\/a><p id=\"caption-attachment-4333\" class=\"wp-caption-text\">Le monast\u00e8re et couvent franciscain de Kamp Bonhofen dont l&rsquo;\u00e9glise renferme des tr\u00e9sors artistiques.<\/p><\/div>\n<hr>\n<p><strong>Infos pratiques<\/strong><\/p>\n<div id=\"attachment_4329\" style=\"width: 650px\" class=\"wp-caption alignnone\"><a href=\"https:\/\/i2.wp.com\/www.presstourism.ch\/WP_ALEX\/wp-content\/uploads\/2017\/11\/8DouceFranceCroisi-Largeur-max.-1024-Hauteur-max.-768.jpg\"><img aria-describedby=\"caption-attachment-4329\" loading=\"lazy\" class=\"size-large wp-image-4329\" src=\"https:\/\/i2.wp.com\/www.presstourism.ch\/WP_ALEX\/wp-content\/uploads\/2017\/11\/8DouceFranceCroisi-Largeur-max.-1024-Hauteur-max.-768-1024x682.jpg?resize=584%2C389\" alt=\"Le bateau Douce France de CroisiEurope, ici \u00e0 Cochem. Il permet de faire des belles d\u00e9couvertes au bord de la Moselle et du Rhin. \" width=\"584\" height=\"389\" srcset=\"https:\/\/i1.wp.com\/www.presstourism.ch\/wp-content\/uploads\/2017\/11\/8DouceFranceCroisi-Largeur-max.-1024-Hauteur-max.-768.jpg?w=1024 1024w, https:\/\/i1.wp.com\/www.presstourism.ch\/wp-content\/uploads\/2017\/11\/8DouceFranceCroisi-Largeur-max.-1024-Hauteur-max.-768.jpg?resize=300%2C200 300w, https:\/\/i1.wp.com\/www.presstourism.ch\/wp-content\/uploads\/2017\/11\/8DouceFranceCroisi-Largeur-max.-1024-Hauteur-max.-768.jpg?resize=768%2C512 768w, https:\/\/i1.wp.com\/www.presstourism.ch\/wp-content\/uploads\/2017\/11\/8DouceFranceCroisi-Largeur-max.-1024-Hauteur-max.-768.jpg?resize=600%2C400 600w\" sizes=\"(max-width: 584px) 100vw, 584px\" data-recalc-dims=\"1\" \/><\/a><p id=\"caption-attachment-4329\" class=\"wp-caption-text\">Le bateau Douce France de CroisiEurope, ici \u00e0 Cochem. Il permet de faire des belles d\u00e9couvertes au bord de la Moselle et du Rhin.<\/p><\/div>\n<p><strong>Y aller:<\/strong> avec l&rsquo;une des croisi\u00e8res de CroisiEurope depuis Strasbourg, <a href=\"http:\/\/www.croisieurope.ch\">www.croisieurope.ch<\/a>. Informations aupr\u00e8s du bureau suisse de la compagnie \u00e0 Lausanne, avenue de la Gare 50, 021 320 72 35.<\/p>\n<p><strong>Mais aussi:<\/strong> avec des guides, il est aussi possible de visiter d&rsquo;autres villes sur le Rhin et la Moselle ou encore le Neckar, suivant la croisi\u00e8re que vous choisissez. Par exemple Tr\u00e8ves, Cologne, Coblence et Heidelberg.<\/p>\n<div id=\"attachment_4328\" style=\"width: 586px\" class=\"wp-caption alignnone\"><a href=\"https:\/\/i2.wp.com\/www.presstourism.ch\/WP_ALEX\/wp-content\/uploads\/2017\/11\/7RocherLorelei-Largeur-max.-1024-Hauteur-max.-768.jpg\"><img aria-describedby=\"caption-attachment-4328\" loading=\"lazy\" class=\"size-full wp-image-4328\" src=\"https:\/\/i2.wp.com\/www.presstourism.ch\/WP_ALEX\/wp-content\/uploads\/2017\/11\/7RocherLorelei-Largeur-max.-1024-Hauteur-max.-768.jpg?resize=576%2C768\" alt=\"Le rocher de la Lorelei est un site touristique tr\u00e8s fr\u00e9quent\u00e9, tant pour la beaut\u00e9 des lieux que pour la l\u00e9gende qui l\u2019entoure.\" width=\"576\" height=\"768\" srcset=\"https:\/\/i0.wp.com\/www.presstourism.ch\/wp-content\/uploads\/2017\/11\/7RocherLorelei-Largeur-max.-1024-Hauteur-max.-768.jpg?w=576 576w, https:\/\/i0.wp.com\/www.presstourism.ch\/wp-content\/uploads\/2017\/11\/7RocherLorelei-Largeur-max.-1024-Hauteur-max.-768.jpg?resize=225%2C300 225w\" sizes=\"(max-width: 576px) 100vw, 576px\" data-recalc-dims=\"1\" \/><\/a><p id=\"caption-attachment-4328\" class=\"wp-caption-text\">Le rocher de la Lorelei est un site touristique tr\u00e8s fr\u00e9quent\u00e9, tant pour la beaut\u00e9 des lieux que pour la l\u00e9gende qui l\u2019entoure.<\/p><\/div>\n<p><strong>G\u00e9ographie:<\/strong> rappelons que le Rhin prend sa source dans les Grisons et se jette 1350&nbsp;km plus loin dans la mer du Nord, en Hollande. C&rsquo;est un fleuve fronti\u00e8re entre la Suisse et l&rsquo;Autriche, la Suisse et l&rsquo;Allemagne et entre la France et l&rsquo;Allemagne.<\/p>\n<p><strong>Se renseigner:<\/strong> Le Guide&nbsp;Rh\u00e9nanie-Palatinat du Petit Fut\u00e9&nbsp;propose les meilleures adresses et les endroits immanquables \u00e0 visiter, <a href=\"http:\/\/www.petitfute.com\">www.petitfute.com<\/a><\/p>\n<div id=\"attachment_4331\" style=\"width: 586px\" class=\"wp-caption alignnone\"><a href=\"https:\/\/i1.wp.com\/www.presstourism.ch\/WP_ALEX\/wp-content\/uploads\/2017\/11\/2RhinVisiteSpire-Largeur-max.-1024-Hauteur-max.-768.jpg\"><img aria-describedby=\"caption-attachment-4331\" loading=\"lazy\" class=\"size-full wp-image-4331\" src=\"https:\/\/i1.wp.com\/www.presstourism.ch\/WP_ALEX\/wp-content\/uploads\/2017\/11\/2RhinVisiteSpire-Largeur-max.-1024-Hauteur-max.-768.jpg?resize=576%2C768\" alt=\"La statue honorant un p\u00e8lerin \u00e0 Spire, sur un des chemins de St-Jacques de Compostelle.\" width=\"576\" height=\"768\" srcset=\"https:\/\/i1.wp.com\/www.presstourism.ch\/wp-content\/uploads\/2017\/11\/2RhinVisiteSpire-Largeur-max.-1024-Hauteur-max.-768.jpg?w=576 576w, https:\/\/i1.wp.com\/www.presstourism.ch\/wp-content\/uploads\/2017\/11\/2RhinVisiteSpire-Largeur-max.-1024-Hauteur-max.-768.jpg?resize=225%2C300 225w\" sizes=\"(max-width: 576px) 100vw, 576px\" data-recalc-dims=\"1\" \/><\/a><p id=\"caption-attachment-4331\" class=\"wp-caption-text\">La statue honorant un p\u00e8lerin \u00e0 Spire, sur un des chemins de St-Jacques de Compostelle.<\/p><\/div>\n<hr>\n<p><a href=\"http:\/\/www.presstourism.ch\/wp-content\/uploads\/2017\/11\/NVT_171117_w-gliss\u00e9es-2-copie-2.pdf\">Lire ou t\u00e9l\u00e9charger l&rsquo;article de presse<\/a><\/p>\n<hr>\n<p><a href=\"http:\/\/www.presstourism.ch\/?page_id=122\">D\u00e9couvrir d&rsquo;autres reportages de Roger Juillerat<\/a><\/p>\n","protected":false},"excerpt":{"rendered":"<p>ALLEMAGNE &#8211; La navigation sur les deux fleuves de Rh\u00e9nanie-Palatinat offre une succession de paysages f\u00e9\u00e9riques, ponctu\u00e9e de nombreux&nbsp;ch\u00e2teaux,&nbsp;vignobles&nbsp;et villages pittoresques. Apr\u00e8s la visite de Mayence, berceau de l&rsquo;imprimerie avec son fameux mus\u00e9e Gutenberg (La R\u00e9gion du vendredi 3 novembre), &hellip; <a href=\"http:\/\/www.presstourism.ch\/?page_id=4326\">Continuer la lecture <span class=\"meta-nav\">&rarr;<\/span><\/a><\/p>\n","protected":false},"author":1,"featured_media":0,"parent":166,"menu_order":0,"comment_status":"closed","ping_status":"closed","template":"","meta":{"ngg_post_thumbnail":0,"spay_email":""},"jetpack_sharing_enabled":true,"jetpack_shortlink":"https:\/\/wp.me\/P468TV-17M","_links":{"self":[{"href":"http:\/\/www.presstourism.ch\/index.php?rest_route=\/wp\/v2\/pages\/4326"}],"collection":[{"href":"http:\/\/www.presstourism.ch\/index.php?rest_route=\/wp\/v2\/pages"}],"about":[{"href":"http:\/\/www.presstourism.ch\/index.php?rest_route=\/wp\/v2\/types\/page"}],"author":[{"embeddable":true,"href":"http:\/\/www.presstourism.ch\/index.php?rest_route=\/wp\/v2\/users\/1"}],"replies":[{"embeddable":true,"href":"http:\/\/www.presstourism.ch\/index.php?rest_route=%2Fwp%2Fv2%2Fcomments&post=4326"}],"version-history":[{"count":4,"href":"http:\/\/www.presstourism.ch\/index.php?rest_route=\/wp\/v2\/pages\/4326\/revisions"}],"predecessor-version":[{"id":9330,"href":"http:\/\/www.presstourism.ch\/index.php?rest_route=\/wp\/v2\/pages\/4326\/revisions\/9330"}],"up":[{"embeddable":true,"href":"http:\/\/www.presstourism.ch\/index.php?rest_route=\/wp\/v2\/pages\/166"}],"wp:attachment":[{"href":"http:\/\/www.presstourism.ch\/index.php?rest_route=%2Fwp%2Fv2%2Fmedia&parent=4326"}],"curies":[{"name":"wp","href":"https:\/\/api.w.org\/{rel}","templated":true}]}}