{"id":4238,"date":"2017-11-03T09:25:04","date_gmt":"2017-11-03T08:25:04","guid":{"rendered":"http:\/\/www.presstourism.ch\/WP_ALEX\/?page_id=4238"},"modified":"2024-04-12T19:58:22","modified_gmt":"2024-04-12T17:58:22","slug":"dans-le-berceau-de-limprimerie-a-mayence","status":"publish","type":"page","link":"http:\/\/www.presstourism.ch\/?page_id=4238","title":{"rendered":"Dans le berceau de l&rsquo;imprimerie \u00e0 Mayence"},"content":{"rendered":"<div id=\"attachment_4239\" style=\"width: 650px\" class=\"wp-caption alignnone\"><a href=\"https:\/\/i2.wp.com\/www.presstourism.ch\/WP_ALEX\/wp-content\/uploads\/2017\/11\/1MayenceGutenberg-Largeur-max.-1024-Hauteur-max.-768.jpg\"><img aria-describedby=\"caption-attachment-4239\" loading=\"lazy\" class=\"size-large wp-image-4239\" src=\"https:\/\/i1.wp.com\/www.presstourism.ch\/WP_ALEX\/wp-content\/uploads\/2017\/11\/1MayenceGutenberg-Largeur-max.-1024-Hauteur-max.-768-1024x682.jpg?resize=584%2C389\" alt=\"L'entr\u00e9e du mus\u00e9e Gutenberg avec le buste de l'enfant du pays, inventeur de l'imprimerie.\" width=\"584\" height=\"389\" srcset=\"https:\/\/i1.wp.com\/www.presstourism.ch\/wp-content\/uploads\/2017\/11\/1MayenceGutenberg-Largeur-max.-1024-Hauteur-max.-768.jpg?w=1024 1024w, https:\/\/i1.wp.com\/www.presstourism.ch\/wp-content\/uploads\/2017\/11\/1MayenceGutenberg-Largeur-max.-1024-Hauteur-max.-768.jpg?resize=300%2C200 300w, https:\/\/i1.wp.com\/www.presstourism.ch\/wp-content\/uploads\/2017\/11\/1MayenceGutenberg-Largeur-max.-1024-Hauteur-max.-768.jpg?resize=768%2C512 768w, https:\/\/i1.wp.com\/www.presstourism.ch\/wp-content\/uploads\/2017\/11\/1MayenceGutenberg-Largeur-max.-1024-Hauteur-max.-768.jpg?resize=600%2C400 600w\" sizes=\"(max-width: 584px) 100vw, 584px\" data-recalc-dims=\"1\" \/><\/a><p id=\"caption-attachment-4239\" class=\"wp-caption-text\">L&rsquo;entr\u00e9e du mus\u00e9e Gutenberg avec le buste de l&rsquo;enfant du pays, inventeur de l&rsquo;imprimerie.<\/p><\/div>\n<p>ALLEMAGNE &#8211; C\u2019est au milieu du XVe si\u00e8cle qu\u2019apparut \u00e0 Mayence l\u2019invention de Gutenberg qui allait r\u00e9volutionner l\u2019histoire du livre dans le monde. Un mus\u00e9e vivant est d\u00e9di\u00e9 \u00e0 ce grand inventeur et la ville se targue de bien d&rsquo;autres tr\u00e9sors.<\/p>\n<div id=\"attachment_4240\" style=\"width: 650px\" class=\"wp-caption alignnone\"><a href=\"https:\/\/i1.wp.com\/www.presstourism.ch\/WP_ALEX\/wp-content\/uploads\/2017\/11\/2MayenceGutenberg-Largeur-max.-1024-Hauteur-max.-768.jpg\"><img aria-describedby=\"caption-attachment-4240\" loading=\"lazy\" class=\"size-large wp-image-4240\" src=\"https:\/\/i2.wp.com\/www.presstourism.ch\/WP_ALEX\/wp-content\/uploads\/2017\/11\/2MayenceGutenberg-Largeur-max.-1024-Hauteur-max.-768-1024x687.jpg?resize=584%2C391\" alt=\"Achev\u00e9e en 1455, la Bible de Gutenberg est le premier ouvrage imprim\u00e9 au moyen de caract\u00e8res mobiles en plomb.\" width=\"584\" height=\"391\" srcset=\"https:\/\/i1.wp.com\/www.presstourism.ch\/wp-content\/uploads\/2017\/11\/2MayenceGutenberg-Largeur-max.-1024-Hauteur-max.-768.jpg?w=1024 1024w, https:\/\/i1.wp.com\/www.presstourism.ch\/wp-content\/uploads\/2017\/11\/2MayenceGutenberg-Largeur-max.-1024-Hauteur-max.-768.jpg?resize=300%2C201 300w, https:\/\/i1.wp.com\/www.presstourism.ch\/wp-content\/uploads\/2017\/11\/2MayenceGutenberg-Largeur-max.-1024-Hauteur-max.-768.jpg?resize=768%2C515 768w, https:\/\/i1.wp.com\/www.presstourism.ch\/wp-content\/uploads\/2017\/11\/2MayenceGutenberg-Largeur-max.-1024-Hauteur-max.-768.jpg?resize=600%2C403 600w\" sizes=\"(max-width: 584px) 100vw, 584px\" data-recalc-dims=\"1\" \/><\/a><p id=\"caption-attachment-4240\" class=\"wp-caption-text\">Achev\u00e9e en 1455, la Bible de Gutenberg est le premier ouvrage imprim\u00e9 au moyen de caract\u00e8res mobiles en plomb.<\/p><\/div>\n<p>Ville \u00e9ternelle des universit\u00e9s, des entreprises m\u00e9diatiques de t\u00e9l\u00e9vision et de radio, Mayence s&rsquo;enorgueillit de la majestueuse cath\u00e9drale Saint-Martin, du mus\u00e9e Gutenberg, l&rsquo;inventeur de l&rsquo;imprimerie, et du carnaval rh\u00e9nan. Forte d&rsquo;un peu plus de 200&nbsp;000 habitants, elle est situ\u00e9e \u00e0 une quarantaine de kilom\u00e8tres de Francfort et elle poss\u00e8de un riche patrimoine historique et culturel.<\/p>\n<p><div id=\"attachment_4242\" style=\"width: 650px\" class=\"wp-caption alignnone\"><a href=\"https:\/\/i0.wp.com\/www.presstourism.ch\/WP_ALEX\/wp-content\/uploads\/2017\/11\/5MayenceGutenberg-Largeur-max.-1024-Hauteur-max.-768.jpg\"><img aria-describedby=\"caption-attachment-4242\" loading=\"lazy\" class=\"wp-image-4242 size-large\" src=\"https:\/\/i1.wp.com\/www.presstourism.ch\/WP_ALEX\/wp-content\/uploads\/2017\/11\/5MayenceGutenberg-Largeur-max.-1024-Hauteur-max.-768-1024x682.jpg?resize=584%2C389\" alt=\"5MayenceGutenberg [Largeur max. 1024 Hauteur max. 768]\" width=\"584\" height=\"389\" srcset=\"https:\/\/i0.wp.com\/www.presstourism.ch\/wp-content\/uploads\/2017\/11\/5MayenceGutenberg-Largeur-max.-1024-Hauteur-max.-768.jpg?w=1024 1024w, https:\/\/i0.wp.com\/www.presstourism.ch\/wp-content\/uploads\/2017\/11\/5MayenceGutenberg-Largeur-max.-1024-Hauteur-max.-768.jpg?resize=300%2C200 300w, https:\/\/i0.wp.com\/www.presstourism.ch\/wp-content\/uploads\/2017\/11\/5MayenceGutenberg-Largeur-max.-1024-Hauteur-max.-768.jpg?resize=768%2C512 768w, https:\/\/i0.wp.com\/www.presstourism.ch\/wp-content\/uploads\/2017\/11\/5MayenceGutenberg-Largeur-max.-1024-Hauteur-max.-768.jpg?resize=600%2C400 600w\" sizes=\"(max-width: 584px) 100vw, 584px\" data-recalc-dims=\"1\" \/><\/a><p id=\"caption-attachment-4242\" class=\"wp-caption-text\">Au mus\u00e9e, les visiteurs peuvent revivre les techniques de l&rsquo;impression dans un atelier du XVe si\u00e8cle reconstitu\u00e9.<\/p><\/div>Comme elle est marqu\u00e9e par la culture du vin, elle constitue le point de d\u00e9part id\u00e9al pour d\u00e9couvrir les vignes avoisinantes, ainsi que la vall\u00e9e du Rhin. De nombreux bateaux de tourisme accostent au port du fleuve rh\u00e9nan, d&rsquo;o\u00f9 il est facile de rejoindre \u00e0 pied le mus\u00e9e Gutenberg, point d&rsquo;orgue de la cit\u00e9. Il renferme dans une chambre forte deux exemplaires de la Bible qui porte son nom, premier livre imprim\u00e9 en Europe \u00e0 l&rsquo;aide de caract\u00e8res mobiles entre 1452 et 1455, et anc\u00eatre \u00e9galement de nos bouquins et de nos journaux. La reconstitution d&rsquo;un atelier d&rsquo;imprimerie du 15<sup>e<\/sup>&nbsp;si\u00e8cle donne par ailleurs un aper\u00e7u de l&rsquo;\u00e9volution des techniques. La visite est captivante.<\/p>\n<div id=\"attachment_4241\" style=\"width: 650px\" class=\"wp-caption alignnone\"><a href=\"https:\/\/i0.wp.com\/www.presstourism.ch\/WP_ALEX\/wp-content\/uploads\/2017\/11\/3_MayenceCath\u00e9drale-Largeur-max.-1024-Hauteur-max.-768.jpg\"><img aria-describedby=\"caption-attachment-4241\" loading=\"lazy\" class=\"wp-image-4241 size-large\" src=\"https:\/\/i0.wp.com\/www.presstourism.ch\/WP_ALEX\/wp-content\/uploads\/2017\/11\/3_MayenceCath\u00e9drale-Largeur-max.-1024-Hauteur-max.-768-1024x682.jpg?resize=584%2C389\" alt=\"Au mus\u00e9e, les visiteurs peuvent revivre les techniques de l'impression dans un atelier du XVe si\u00e8cle reconstitu\u00e9.\" width=\"584\" height=\"389\" srcset=\"https:\/\/i1.wp.com\/www.presstourism.ch\/wp-content\/uploads\/2017\/11\/3_MayenceCath\u00e9drale-Largeur-max.-1024-Hauteur-max.-768.jpg?w=1024 1024w, https:\/\/i1.wp.com\/www.presstourism.ch\/wp-content\/uploads\/2017\/11\/3_MayenceCath\u00e9drale-Largeur-max.-1024-Hauteur-max.-768.jpg?resize=300%2C200 300w, https:\/\/i1.wp.com\/www.presstourism.ch\/wp-content\/uploads\/2017\/11\/3_MayenceCath\u00e9drale-Largeur-max.-1024-Hauteur-max.-768.jpg?resize=768%2C512 768w, https:\/\/i1.wp.com\/www.presstourism.ch\/wp-content\/uploads\/2017\/11\/3_MayenceCath\u00e9drale-Largeur-max.-1024-Hauteur-max.-768.jpg?resize=600%2C400 600w\" sizes=\"(max-width: 584px) 100vw, 584px\" data-recalc-dims=\"1\" \/><\/a><p id=\"caption-attachment-4241\" class=\"wp-caption-text\">La cath\u00e9drale est l&rsquo;un des \u00e9difices religieux majeurs du pays et a connu les sacres des rois et des empereurs.<\/p><\/div>\n<p>La cath\u00e9drale, un des \u00e9difices religieux majeurs de l&rsquo;Allemagne, repr\u00e9sente une fusion originale de plusieurs styles d\u2019architecture, romain, gothique et baroque. \u00c0 ses pieds s&rsquo;\u00e9tend le Mayence m\u00e9di\u00e9val. La vie bat son plein dans les ruelles sinueuses qui portent des noms pittoresques comme la Naseng\u00e4sschen (ruelle des nez) ou la Heringsbrunnengasse (ruelle de la Fontaine aux harengs) avec les caf\u00e9s, petites boutiques et maisons anciennes abritant des artisans.<\/p>\n<p><div id=\"attachment_4243\" style=\"width: 650px\" class=\"wp-caption alignnone\"><a href=\"https:\/\/i2.wp.com\/www.presstourism.ch\/WP_ALEX\/wp-content\/uploads\/2017\/11\/7MayencePontRhin-Largeur-max.-1024-Hauteur-max.-768.jpg\"><img aria-describedby=\"caption-attachment-4243\" loading=\"lazy\" class=\"wp-image-4243 size-large\" src=\"https:\/\/i0.wp.com\/www.presstourism.ch\/WP_ALEX\/wp-content\/uploads\/2017\/11\/7MayencePontRhin-Largeur-max.-1024-Hauteur-max.-768-1024x682.jpg?resize=584%2C389\" alt=\"7MayencePontRhin [Largeur max. 1024 Hauteur max. 768]\" width=\"584\" height=\"389\" srcset=\"https:\/\/i0.wp.com\/www.presstourism.ch\/wp-content\/uploads\/2017\/11\/7MayencePontRhin-Largeur-max.-1024-Hauteur-max.-768.jpg?w=1024 1024w, https:\/\/i0.wp.com\/www.presstourism.ch\/wp-content\/uploads\/2017\/11\/7MayencePontRhin-Largeur-max.-1024-Hauteur-max.-768.jpg?resize=300%2C200 300w, https:\/\/i0.wp.com\/www.presstourism.ch\/wp-content\/uploads\/2017\/11\/7MayencePontRhin-Largeur-max.-1024-Hauteur-max.-768.jpg?resize=768%2C512 768w, https:\/\/i0.wp.com\/www.presstourism.ch\/wp-content\/uploads\/2017\/11\/7MayencePontRhin-Largeur-max.-1024-Hauteur-max.-768.jpg?resize=600%2C400 600w\" sizes=\"(max-width: 584px) 100vw, 584px\" data-recalc-dims=\"1\" \/><\/a><p id=\"caption-attachment-4243\" class=\"wp-caption-text\">Le pont Theodor-Heuss traverse le Rhin entre Cassel, un quartier de Wiesbaden, et la vieille ville de Mayence (sur la rive gauche)<\/p><\/div>La cit\u00e9 poss\u00e8de bien d&rsquo;autres tr\u00e9sors dont un mus\u00e9e de la navigation antique, des vitraux de Chagall en l&rsquo;\u00e9glise St-St\u00e9phane et de superbes parcs et jardins, o\u00f9 il fait bon se promener, comme c&rsquo;est le cas aussi au bord du Rhin.<\/p>\n<p><strong>Texte et photos: Roger Juillerat<\/strong><\/p>\n<p><div id=\"attachment_4245\" style=\"width: 650px\" class=\"wp-caption alignnone\"><a href=\"https:\/\/i2.wp.com\/www.presstourism.ch\/WP_ALEX\/wp-content\/uploads\/2017\/11\/8H\u00f4teldeVille-Largeur-max.-1024-Hauteur-max.-768.jpg\"><img aria-describedby=\"caption-attachment-4245\" loading=\"lazy\" class=\"wp-image-4245 size-large\" src=\"https:\/\/i1.wp.com\/www.presstourism.ch\/WP_ALEX\/wp-content\/uploads\/2017\/11\/8H\u00f4teldeVille-Largeur-max.-1024-Hauteur-max.-768-1024x682.jpg?resize=584%2C389\" alt=\"8H\u00f4teldeVille [Largeur max. 1024 Hauteur max. 768]\" width=\"584\" height=\"389\" srcset=\"https:\/\/i2.wp.com\/www.presstourism.ch\/wp-content\/uploads\/2017\/11\/8H\u00f4teldeVille-Largeur-max.-1024-Hauteur-max.-768.jpg?w=1024 1024w, https:\/\/i2.wp.com\/www.presstourism.ch\/wp-content\/uploads\/2017\/11\/8H\u00f4teldeVille-Largeur-max.-1024-Hauteur-max.-768.jpg?resize=300%2C200 300w, https:\/\/i2.wp.com\/www.presstourism.ch\/wp-content\/uploads\/2017\/11\/8H\u00f4teldeVille-Largeur-max.-1024-Hauteur-max.-768.jpg?resize=768%2C512 768w, https:\/\/i2.wp.com\/www.presstourism.ch\/wp-content\/uploads\/2017\/11\/8H\u00f4teldeVille-Largeur-max.-1024-Hauteur-max.-768.jpg?resize=600%2C400 600w\" sizes=\"(max-width: 584px) 100vw, 584px\" data-recalc-dims=\"1\" \/><\/a><p id=\"caption-attachment-4245\" class=\"wp-caption-text\">L&rsquo;H\u00f4tel de Ville au bord du Rhin avec des clins d&rsquo;oeil pour d&rsquo;autres villes dans le monde.<\/p><\/div><strong>Y aller:<\/strong> lors de sa croisi\u00e8re sur le Rhin et la Moselle (362&nbsp;km), la compagnie de navigation CroisiEurope organise des excursions guid\u00e9es \u00e0 Mayence, Coblence, R\u00fcdesheim et Worms. Le bateau \u00ab\u00a0Douce France\u00a0\u00bb traverse six \u00e9cluses et rejoint Strasbourg lors de son \u00e9tape finale. Restaur\u00e9 cette ann\u00e9e, il compte 55 cabines et peut accueillir 106 passagers, <a href=\"http:\/\/www.croisieurope.ch\">www.croisieurope.ch<\/a><\/p>\n<p><div id=\"attachment_4244\" style=\"width: 650px\" class=\"wp-caption alignnone\"><a href=\"https:\/\/i2.wp.com\/www.presstourism.ch\/WP_ALEX\/wp-content\/uploads\/2017\/11\/4MayenceDouceFR-Largeur-max.-1024-Hauteur-max.-768.jpg\"><img aria-describedby=\"caption-attachment-4244\" loading=\"lazy\" class=\"wp-image-4244 size-large\" src=\"https:\/\/i0.wp.com\/www.presstourism.ch\/WP_ALEX\/wp-content\/uploads\/2017\/11\/4MayenceDouceFR-Largeur-max.-1024-Hauteur-max.-768-1024x682.jpg?resize=584%2C389\" alt=\"4MayenceDouceFR [Largeur max. 1024 Hauteur max. 768]\" width=\"584\" height=\"389\" srcset=\"https:\/\/i1.wp.com\/www.presstourism.ch\/wp-content\/uploads\/2017\/11\/4MayenceDouceFR-Largeur-max.-1024-Hauteur-max.-768.jpg?w=1024 1024w, https:\/\/i1.wp.com\/www.presstourism.ch\/wp-content\/uploads\/2017\/11\/4MayenceDouceFR-Largeur-max.-1024-Hauteur-max.-768.jpg?resize=300%2C200 300w, https:\/\/i1.wp.com\/www.presstourism.ch\/wp-content\/uploads\/2017\/11\/4MayenceDouceFR-Largeur-max.-1024-Hauteur-max.-768.jpg?resize=768%2C512 768w, https:\/\/i1.wp.com\/www.presstourism.ch\/wp-content\/uploads\/2017\/11\/4MayenceDouceFR-Largeur-max.-1024-Hauteur-max.-768.jpg?resize=600%2C400 600w\" sizes=\"(max-width: 584px) 100vw, 584px\" data-recalc-dims=\"1\" \/><\/a><p id=\"caption-attachment-4244\" class=\"wp-caption-text\">Les croisi\u00e8res sur le Rhin, ici avec le \u00ab\u00a0Douce France\u00a0\u00bb, permettent de rejoindre rapidement le centre-ville de Mayence.<\/p><\/div><strong>Mais aussi:<\/strong> le Rhin est la voie fluviale la plus fr\u00e9quent\u00e9e d&rsquo;Europe et sa vall\u00e9e \u00e9volue entre de multiples ch\u00e2teaux forts, vignes et massifs rocheux, dont celui de la fameuse Lorelei, cette sir\u00e8ne dont la l\u00e9gende raconte qu&rsquo;elle s\u00e9duisait les bateliers et que leurs bateaux allaient se briser sur les rochers.<\/p>\n<p><a href=\"http:\/\/www.presstourism.ch\/wp-content\/uploads\/2017\/11\/NVT_031117_w-BaladeMayence3.pdf\">Lire ou t\u00e9l\u00e9charger l&rsquo;article de presse<\/a><\/p>\n<hr>\n<p><strong>PS: Si vous avez aim\u00e9 cet article, partagez-le sur vos propres r\u00e9seaux sociaux !<\/strong><\/p>\n","protected":false},"excerpt":{"rendered":"<p>ALLEMAGNE &#8211; C\u2019est au milieu du XVe si\u00e8cle qu\u2019apparut \u00e0 Mayence l\u2019invention de Gutenberg qui allait r\u00e9volutionner l\u2019histoire du livre dans le monde. Un mus\u00e9e vivant est d\u00e9di\u00e9 \u00e0 ce grand inventeur et la ville se targue de bien d&rsquo;autres &hellip; <a href=\"http:\/\/www.presstourism.ch\/?page_id=4238\">Continuer la lecture <span class=\"meta-nav\">&rarr;<\/span><\/a><\/p>\n","protected":false},"author":1,"featured_media":0,"parent":166,"menu_order":0,"comment_status":"closed","ping_status":"closed","template":"","meta":{"ngg_post_thumbnail":0,"spay_email":""},"jetpack_sharing_enabled":true,"jetpack_shortlink":"https:\/\/wp.me\/P468TV-16m","_links":{"self":[{"href":"http:\/\/www.presstourism.ch\/index.php?rest_route=\/wp\/v2\/pages\/4238"}],"collection":[{"href":"http:\/\/www.presstourism.ch\/index.php?rest_route=\/wp\/v2\/pages"}],"about":[{"href":"http:\/\/www.presstourism.ch\/index.php?rest_route=\/wp\/v2\/types\/page"}],"author":[{"embeddable":true,"href":"http:\/\/www.presstourism.ch\/index.php?rest_route=\/wp\/v2\/users\/1"}],"replies":[{"embeddable":true,"href":"http:\/\/www.presstourism.ch\/index.php?rest_route=%2Fwp%2Fv2%2Fcomments&post=4238"}],"version-history":[{"count":4,"href":"http:\/\/www.presstourism.ch\/index.php?rest_route=\/wp\/v2\/pages\/4238\/revisions"}],"predecessor-version":[{"id":9338,"href":"http:\/\/www.presstourism.ch\/index.php?rest_route=\/wp\/v2\/pages\/4238\/revisions\/9338"}],"up":[{"embeddable":true,"href":"http:\/\/www.presstourism.ch\/index.php?rest_route=\/wp\/v2\/pages\/166"}],"wp:attachment":[{"href":"http:\/\/www.presstourism.ch\/index.php?rest_route=%2Fwp%2Fv2%2Fmedia&parent=4238"}],"curies":[{"name":"wp","href":"https:\/\/api.w.org\/{rel}","templated":true}]}}