{"id":4224,"date":"2017-10-05T05:39:22","date_gmt":"2017-10-05T04:39:22","guid":{"rendered":"http:\/\/www.presstourism.ch\/WP_ALEX\/?page_id=4224"},"modified":"2024-04-12T20:01:58","modified_gmt":"2024-04-12T18:01:58","slug":"bordeaux-a-vraiment-le-vent-en-poupe","status":"publish","type":"page","link":"http:\/\/www.presstourism.ch\/?page_id=4224","title":{"rendered":"Bordeaux a vraiment le vent en poupe"},"content":{"rendered":"<div id=\"attachment_4228\" style=\"width: 650px\" class=\"wp-caption alignnone\"><a href=\"https:\/\/i1.wp.com\/www.presstourism.ch\/WP_ALEX\/wp-content\/uploads\/2017\/10\/1BordeauxMiroirEau-Largeur-max.-1024-Hauteur-max.-768.jpg\"><img aria-describedby=\"caption-attachment-4228\" loading=\"lazy\" class=\"size-large wp-image-4228\" src=\"https:\/\/i2.wp.com\/www.presstourism.ch\/WP_ALEX\/wp-content\/uploads\/2017\/10\/1BordeauxMiroirEau-Largeur-max.-1024-Hauteur-max.-768-1024x682.jpg?resize=584%2C389\" alt=\"Avec son spectacle de brume, le Miroir d'eau accueille des milliers de personnes en face de la place de la Bourse.\" width=\"584\" height=\"389\" srcset=\"https:\/\/i0.wp.com\/www.presstourism.ch\/wp-content\/uploads\/2017\/10\/1BordeauxMiroirEau-Largeur-max.-1024-Hauteur-max.-768.jpg?w=1024 1024w, https:\/\/i0.wp.com\/www.presstourism.ch\/wp-content\/uploads\/2017\/10\/1BordeauxMiroirEau-Largeur-max.-1024-Hauteur-max.-768.jpg?resize=300%2C200 300w, https:\/\/i0.wp.com\/www.presstourism.ch\/wp-content\/uploads\/2017\/10\/1BordeauxMiroirEau-Largeur-max.-1024-Hauteur-max.-768.jpg?resize=768%2C512 768w, https:\/\/i0.wp.com\/www.presstourism.ch\/wp-content\/uploads\/2017\/10\/1BordeauxMiroirEau-Largeur-max.-1024-Hauteur-max.-768.jpg?resize=600%2C400 600w\" sizes=\"(max-width: 584px) 100vw, 584px\" data-recalc-dims=\"1\" \/><\/a><p id=\"caption-attachment-4228\" class=\"wp-caption-text\">Avec son spectacle de brume, le Miroir d&rsquo;eau accueille des milliers de personnes en face de la place de la Bourse.<\/p><\/div>\n<p>GIRONDE &#8211; La ville du sud-ouest de la France a \u00e9t\u00e9 choisie comme la plus attractive au monde pour 2017, un prix venu conforter son rayonnement international. Il est vrai qu&rsquo;elle a tout pour plaire et m\u00e9rite vraiment le d\u00e9tour.<\/p>\n<div id=\"attachment_4226\" style=\"width: 650px\" class=\"wp-caption alignnone\"><a href=\"https:\/\/i0.wp.com\/www.presstourism.ch\/WP_ALEX\/wp-content\/uploads\/2017\/10\/3BordeauxPontChaban.jpg\"><img aria-describedby=\"caption-attachment-4226\" loading=\"lazy\" class=\"size-large wp-image-4226\" src=\"https:\/\/i0.wp.com\/www.presstourism.ch\/WP_ALEX\/wp-content\/uploads\/2017\/10\/3BordeauxPontChaban-1024x768.jpg?resize=584%2C438\" alt=\"Le pont Jacques Chaban-Delmas est modulable pour laisser passer les bateaux.\" width=\"584\" height=\"438\" srcset=\"https:\/\/i1.wp.com\/www.presstourism.ch\/wp-content\/uploads\/2017\/10\/3BordeauxPontChaban.jpg?resize=1024%2C768 1024w, https:\/\/i1.wp.com\/www.presstourism.ch\/wp-content\/uploads\/2017\/10\/3BordeauxPontChaban.jpg?resize=300%2C225 300w, https:\/\/i1.wp.com\/www.presstourism.ch\/wp-content\/uploads\/2017\/10\/3BordeauxPontChaban.jpg?resize=768%2C576 768w, https:\/\/i1.wp.com\/www.presstourism.ch\/wp-content\/uploads\/2017\/10\/3BordeauxPontChaban.jpg?resize=600%2C450 600w, https:\/\/i1.wp.com\/www.presstourism.ch\/wp-content\/uploads\/2017\/10\/3BordeauxPontChaban.jpg?w=1168 1168w, https:\/\/i1.wp.com\/www.presstourism.ch\/wp-content\/uploads\/2017\/10\/3BordeauxPontChaban.jpg?w=1752 1752w\" sizes=\"(max-width: 584px) 100vw, 584px\" data-recalc-dims=\"1\" \/><\/a><p id=\"caption-attachment-4226\" class=\"wp-caption-text\">Le pont Jacques Chaban-Delmas est modulable pour laisser passer les bateaux.<\/p><\/div>\n<p>Bordeaux fait un v\u00e9ritable tabac depuis trois ans. D\u00e9sign\u00e9e en 2015 comme la meilleure destination europ\u00e9enne, l\u00e0 voil\u00e0 qui a re\u00e7u r\u00e9cemment le titre de ville la plus attractive du monde pour 2017. C&rsquo;est dire s&rsquo;il vaut la peine d&rsquo;aller y passer un long week-end, ou m\u00eame un peu plus. Tant ses attraits architecturaux, historiques et culturels, son patrimoine moderne, les activit\u00e9s et les animations qu&rsquo;elle offre, sa gastronomie et ses fameux vins sont autant de th\u00e8mes \u00e0 d\u00e9couvrir selon les go\u00fbts de chacun.<\/p>\n<div id=\"attachment_4229\" style=\"width: 650px\" class=\"wp-caption alignnone\"><a href=\"https:\/\/i0.wp.com\/www.presstourism.ch\/WP_ALEX\/wp-content\/uploads\/2017\/10\/5BordeauxPlaceTh\u00e9\u00e2tre-Largeur-max.-1024-Hauteur-max.-768.jpg\"><img aria-describedby=\"caption-attachment-4229\" loading=\"lazy\" class=\"size-large wp-image-4229\" src=\"https:\/\/i2.wp.com\/www.presstourism.ch\/WP_ALEX\/wp-content\/uploads\/2017\/10\/5BordeauxPlaceTh\u00e9\u00e2tre-Largeur-max.-1024-Hauteur-max.-768-1024x682.jpg?resize=584%2C389\" alt=\"Au fond, le Monument aux Girondins sur la place des Quinconces depuis celle de Tourny et son arr\u00eat de trams.\" width=\"584\" height=\"389\" srcset=\"https:\/\/i0.wp.com\/www.presstourism.ch\/wp-content\/uploads\/2017\/10\/5BordeauxPlaceTh\u00e9\u00e2tre-Largeur-max.-1024-Hauteur-max.-768.jpg?w=1024 1024w, https:\/\/i0.wp.com\/www.presstourism.ch\/wp-content\/uploads\/2017\/10\/5BordeauxPlaceTh\u00e9\u00e2tre-Largeur-max.-1024-Hauteur-max.-768.jpg?resize=300%2C200 300w, https:\/\/i0.wp.com\/www.presstourism.ch\/wp-content\/uploads\/2017\/10\/5BordeauxPlaceTh\u00e9\u00e2tre-Largeur-max.-1024-Hauteur-max.-768.jpg?resize=768%2C512 768w, https:\/\/i0.wp.com\/www.presstourism.ch\/wp-content\/uploads\/2017\/10\/5BordeauxPlaceTh\u00e9\u00e2tre-Largeur-max.-1024-Hauteur-max.-768.jpg?resize=600%2C400 600w\" sizes=\"(max-width: 584px) 100vw, 584px\" data-recalc-dims=\"1\" \/><\/a><p id=\"caption-attachment-4229\" class=\"wp-caption-text\">Au fond, le Monument aux Girondins sur la place des Quinconces depuis celle de Tourny et son arr\u00eat de trams.<\/p><\/div>\n<p>Les trams sont tr\u00e8s pratiques pour rejoindre certains sites. Mais la d\u00e9couverte \u00e0 pied reste la meilleure solution pour vivre intens\u00e9ment l&rsquo;atmosph\u00e8re d\u00e9gag\u00e9e dans les rues du centre, faire du shopping et suivre les rives de la Garonne. Au nord, les Chartrons, ancien fief des n\u00e9gociants en vin, est devenu celui des brocanteurs, antiquaires et boutiques design.<\/p>\n<div id=\"attachment_4230\" style=\"width: 650px\" class=\"wp-caption alignnone\"><a href=\"https:\/\/i1.wp.com\/www.presstourism.ch\/WP_ALEX\/wp-content\/uploads\/2017\/10\/2VieuxBordeauxGalerie-Largeur-max.-1024-Hauteur-max.-768.jpg\"><img aria-describedby=\"caption-attachment-4230\" loading=\"lazy\" class=\"size-large wp-image-4230\" src=\"https:\/\/i1.wp.com\/www.presstourism.ch\/WP_ALEX\/wp-content\/uploads\/2017\/10\/2VieuxBordeauxGalerie-Largeur-max.-1024-Hauteur-max.-768-1024x768.jpg?resize=584%2C438\" alt=\"La Galerie Bordelaise (XIXe si\u00e8cle), un des deux seuls passages couverts de la ville avec son d\u00e9cor qui visite l'antique.\" width=\"584\" height=\"438\" srcset=\"https:\/\/i0.wp.com\/www.presstourism.ch\/wp-content\/uploads\/2017\/10\/2VieuxBordeauxGalerie-Largeur-max.-1024-Hauteur-max.-768.jpg?w=1024 1024w, https:\/\/i0.wp.com\/www.presstourism.ch\/wp-content\/uploads\/2017\/10\/2VieuxBordeauxGalerie-Largeur-max.-1024-Hauteur-max.-768.jpg?resize=300%2C225 300w, https:\/\/i0.wp.com\/www.presstourism.ch\/wp-content\/uploads\/2017\/10\/2VieuxBordeauxGalerie-Largeur-max.-1024-Hauteur-max.-768.jpg?resize=768%2C576 768w, https:\/\/i0.wp.com\/www.presstourism.ch\/wp-content\/uploads\/2017\/10\/2VieuxBordeauxGalerie-Largeur-max.-1024-Hauteur-max.-768.jpg?resize=600%2C450 600w\" sizes=\"(max-width: 584px) 100vw, 584px\" data-recalc-dims=\"1\" \/><\/a><p id=\"caption-attachment-4230\" class=\"wp-caption-text\">La Galerie Bordelaise (XIXe si\u00e8cle), un des deux seuls passages couverts de la ville avec son d\u00e9cor qui visite l&rsquo;antique.<\/p><\/div>\n<p><strong>Jeune et branch\u00e9e<\/strong><\/p>\n<p>La vaste place des Quinconces jouxte quasiment le Quartier des Grands Hommes (hommage aux penseurs Montaigne et Diderot), avec le Grand Th\u00e9\u00e2tre. Puis voil\u00e0 le Vieux Bordeaux: Saint-Pierre, quartier jeune, branch\u00e9 et gourmand avec ses bonnes tables et terrasses au fil des places et ruelles. Avant de rejoindre, endroit le plus pris\u00e9, la place de la Bourse et ses majestueuses fa\u00e7ades du XIIIe si\u00e8cle, qui font la joie des visiteurs. Comme le Miroir d&rsquo;eau qui lui fait face et \u00e9merveille avec son spectacle de brume.<\/p>\n<div id=\"attachment_4231\" style=\"width: 538px\" class=\"wp-caption aligncenter\"><a href=\"https:\/\/i0.wp.com\/www.presstourism.ch\/WP_ALEX\/wp-content\/uploads\/2017\/10\/4BordeauxCath\u00e9Garonne-Largeur-max.-1024-Hauteur-max.-768.jpg\"><img aria-describedby=\"caption-attachment-4231\" loading=\"lazy\" class=\"wp-image-4231 size-full\" src=\"https:\/\/i0.wp.com\/www.presstourism.ch\/WP_ALEX\/wp-content\/uploads\/2017\/10\/4BordeauxCath\u00e9Garonne-Largeur-max.-1024-Hauteur-max.-768.jpg?resize=528%2C768\" alt=\"Ces derni\u00e8res ann\u00e9es, Bordeaux s'est aussi mis au vert sur ses quais, entre la Garonne et le centre historique.\" width=\"528\" height=\"768\" srcset=\"https:\/\/i0.wp.com\/www.presstourism.ch\/wp-content\/uploads\/2017\/10\/4BordeauxCath\u00e9Garonne-Largeur-max.-1024-Hauteur-max.-768.jpg?w=528 528w, https:\/\/i0.wp.com\/www.presstourism.ch\/wp-content\/uploads\/2017\/10\/4BordeauxCath\u00e9Garonne-Largeur-max.-1024-Hauteur-max.-768.jpg?resize=206%2C300 206w\" sizes=\"(max-width: 528px) 100vw, 528px\" data-recalc-dims=\"1\" \/><\/a><p id=\"caption-attachment-4231\" class=\"wp-caption-text\">Ces derni\u00e8res ann\u00e9es, Bordeaux s&rsquo;est aussi mis au vert sur ses quais, entre la Garonne et le centre historique.<\/p><\/div>\n<p>La place Berland aussi, la cath\u00e9drale Saint-Andr\u00e9 et le palais Rohan, actuel H\u00f4tel de Ville. Sans oublier, au sud, la porte Cailhauet, le quartier Saint-Michel avec ses odeurs d&rsquo;\u00e9pices, ainsi que le march\u00e9 des Capucins. Enfin, Bordeaux s&rsquo;affirme encore comme \u00ab\u00a0t\u00eate de ligne\u00a0\u00bb de la navigation fluviale sur la Garonne et la Dordogne.<\/p>\n<p><strong>Textes et photos: Roger Juillerat<\/strong><\/p>\n<hr>\n<div id=\"attachment_4232\" style=\"width: 650px\" class=\"wp-caption alignnone\"><a href=\"https:\/\/i0.wp.com\/www.presstourism.ch\/WP_ALEX\/wp-content\/uploads\/2017\/10\/6BordeauxMathilde-Largeur-max.-1024-Hauteur-max.-768.jpg\"><img aria-describedby=\"caption-attachment-4232\" loading=\"lazy\" class=\"size-large wp-image-4232\" src=\"https:\/\/i0.wp.com\/www.presstourism.ch\/WP_ALEX\/wp-content\/uploads\/2017\/10\/6BordeauxMathilde-Largeur-max.-1024-Hauteur-max.-768-1024x768.jpg?resize=584%2C438\" alt=\"Quelques sp\u00e9cialit\u00e9s typiques de la Gironde dans ce magasin, qui a gard\u00e9 sa fa\u00e7ade d'autrefois. \" width=\"584\" height=\"438\" srcset=\"https:\/\/i2.wp.com\/www.presstourism.ch\/wp-content\/uploads\/2017\/10\/6BordeauxMathilde-Largeur-max.-1024-Hauteur-max.-768.jpg?w=1024 1024w, https:\/\/i2.wp.com\/www.presstourism.ch\/wp-content\/uploads\/2017\/10\/6BordeauxMathilde-Largeur-max.-1024-Hauteur-max.-768.jpg?resize=300%2C225 300w, https:\/\/i2.wp.com\/www.presstourism.ch\/wp-content\/uploads\/2017\/10\/6BordeauxMathilde-Largeur-max.-1024-Hauteur-max.-768.jpg?resize=768%2C576 768w, https:\/\/i2.wp.com\/www.presstourism.ch\/wp-content\/uploads\/2017\/10\/6BordeauxMathilde-Largeur-max.-1024-Hauteur-max.-768.jpg?resize=600%2C450 600w\" sizes=\"(max-width: 584px) 100vw, 584px\" data-recalc-dims=\"1\" \/><\/a><p id=\"caption-attachment-4232\" class=\"wp-caption-text\">Quelques sp\u00e9cialit\u00e9s typiques de la Gironde dans ce magasin, qui a gard\u00e9 sa fa\u00e7ade d&rsquo;autrefois.<\/p><\/div>\n<p><strong>Infos pratiques<\/strong><\/p>\n<p><strong>Y aller:<\/strong> le plus pratique depuis la Suisse, c&rsquo;est l&rsquo;avion, EasyJet assurant une ligne depuis Gen\u00e8ve.<\/p>\n<p><strong>Couettes et couverts:<\/strong> le Seek&rsquo;oo, sur les quais, a ouvert la voie des h\u00f4tels concept avec son design futuriste, <a href=\"http:\/\/www.seekoo-hotel.com\">www.seekoo-hotel.com<\/a>. Pr\u00e8s de 130 chambres d&rsquo;h\u00f4tes dans l&rsquo;agglom\u00e9ration. Sympa au bord de la Garonne, le Makila Kaf\u00e9, ses petits plats et sa terrasse, www.<a href=\"http:\/\/makilakafe.com\">makilakafe.com<\/a><\/p>\n<p><strong>Mais aussi:<\/strong> la Cit\u00e9 du Vin, nouveau lieu d\u00e9di\u00e9 au nectars r\u00e9gionaux et \u00e0 ne pas manquer. Dans la foul\u00e9e, les vignes et ch\u00e2teaux des vins de Bordeaux (Graves, M\u00e9doc, Saint-Emilion, etc.). Les lieux et espaces culturels ainsi que les sc\u00e8nes rock, pop et \u00e9lectro.<\/p>\n<p><strong>S&rsquo;informer:<\/strong> <a href=\"http:\/\/www.bordeaux-tourisme.com\">www.bordeaux-tourisme.com<\/a>, <a href=\"http:\/\/www.laciteduvin.com\">www.laciteduvin.com<\/a><\/p>\n<hr>\n<p><a href=\"http:\/\/www.presstourism.ch\/wp-content\/uploads\/2017\/10\/NVT_250817_w-BaladeBordeaux1.pdf\">Lire ou t\u00e9l\u00e9charger l&rsquo;article de presse<\/a><\/p>\n","protected":false},"excerpt":{"rendered":"<p>GIRONDE &#8211; La ville du sud-ouest de la France a \u00e9t\u00e9 choisie comme la plus attractive au monde pour 2017, un prix venu conforter son rayonnement international. Il est vrai qu&rsquo;elle a tout pour plaire et m\u00e9rite vraiment le d\u00e9tour. &hellip; <a href=\"http:\/\/www.presstourism.ch\/?page_id=4224\">Continuer la lecture <span class=\"meta-nav\">&rarr;<\/span><\/a><\/p>\n","protected":false},"author":1,"featured_media":0,"parent":594,"menu_order":0,"comment_status":"closed","ping_status":"closed","template":"","meta":{"ngg_post_thumbnail":0,"spay_email":""},"jetpack_sharing_enabled":true,"jetpack_shortlink":"https:\/\/wp.me\/P468TV-168","_links":{"self":[{"href":"http:\/\/www.presstourism.ch\/index.php?rest_route=\/wp\/v2\/pages\/4224"}],"collection":[{"href":"http:\/\/www.presstourism.ch\/index.php?rest_route=\/wp\/v2\/pages"}],"about":[{"href":"http:\/\/www.presstourism.ch\/index.php?rest_route=\/wp\/v2\/types\/page"}],"author":[{"embeddable":true,"href":"http:\/\/www.presstourism.ch\/index.php?rest_route=\/wp\/v2\/users\/1"}],"replies":[{"embeddable":true,"href":"http:\/\/www.presstourism.ch\/index.php?rest_route=%2Fwp%2Fv2%2Fcomments&post=4224"}],"version-history":[{"count":2,"href":"http:\/\/www.presstourism.ch\/index.php?rest_route=\/wp\/v2\/pages\/4224\/revisions"}],"predecessor-version":[{"id":9340,"href":"http:\/\/www.presstourism.ch\/index.php?rest_route=\/wp\/v2\/pages\/4224\/revisions\/9340"}],"up":[{"embeddable":true,"href":"http:\/\/www.presstourism.ch\/index.php?rest_route=\/wp\/v2\/pages\/594"}],"wp:attachment":[{"href":"http:\/\/www.presstourism.ch\/index.php?rest_route=%2Fwp%2Fv2%2Fmedia&parent=4224"}],"curies":[{"name":"wp","href":"https:\/\/api.w.org\/{rel}","templated":true}]}}