{"id":4190,"date":"2017-09-06T18:52:33","date_gmt":"2017-09-06T17:52:33","guid":{"rendered":"http:\/\/www.presstourism.ch\/WP_ALEX\/?page_id=4190"},"modified":"2017-09-06T18:56:19","modified_gmt":"2017-09-06T17:56:19","slug":"la-suisse-a-pied-novo-monde","status":"publish","type":"page","link":"http:\/\/www.presstourism.ch\/?page_id=4190","title":{"rendered":"La Suisse \u00e0 pied \/ Novo-Monde"},"content":{"rendered":"<p><a href=\"https:\/\/i1.wp.com\/www.presstourism.ch\/WP_ALEX\/wp-content\/uploads\/2017\/09\/Benoit-Fabienne.jpg\"><img loading=\"lazy\" class=\"size-full wp-image-4194 aligncenter\" src=\"https:\/\/i1.wp.com\/www.presstourism.ch\/WP_ALEX\/wp-content\/uploads\/2017\/09\/Benoit-Fabienne.jpg?resize=300%2C239\" alt=\"Benoit Fabienne\" width=\"300\" height=\"239\" data-recalc-dims=\"1\" \/><\/a>Nous suivons r\u00e9guli\u00e8rement les aventures de Fabienne et Benoit (<a href=\"https:\/\/www.novo-monde.com\/\">Novo-Monde<\/a>) autour de la plan\u00e8te&#8230; et en Suisse. Voici leur derni\u00e8re lettre d&rsquo;information. Vous pouvez aussi la d\u00e9couvrir ou la t\u00e9l\u00e9charger, avec toutes les photos <a href=\"http:\/\/www.presstourism.ch\/WP_ALEX\/wp-content\/uploads\/2017\/09\/Novo-Monde-Suisse.pdf\">en cliquant ici.<\/a><\/p>\n<table width=\"100%\">\n<tbody>\n<tr>\n<td><\/td>\n<td>\n<table width=\"95%\">\n<tbody>\n<tr>\n<td>Salut,<\/p>\n<p>Comment vas-tu? Tu te rappelles, lors de notre derni\u00e8re Newsletter, on te parlait de notre <a href=\"http:\/\/post.spmailtechnolo.com\/f\/a\/lIjRzZOU7X3WA3FBjR2Wrg~~\/AAGNsgA~\/RgRbkSn9P0EIACzS2wX7JJ5XA3NwY1gEAAAAAFkGc2hhcmVkYQlnZW5lcmFsXzNgDTUyLjM4LjIzNS4xMzJCCgAAffavWeEEys9SEWRlY290dGVAZ21haWwuY29tCVEEAAAAAEQ4aHR0cHM6Ly93d3cubm92by1tb25kZS5jb20vcG91cnF1b2ktZmFpcmUtbGEtdmlhLWFscGluYS9HAnt9\">projet de traverser la Suisse \u00e0 pied par les Alpes<\/a> en suivant le trac\u00e9 de la Via Alpina&#8230; Eh bien on l&rsquo;a fait!!! On vient tout juste de marcher les 380 kms qui s\u00e9parent le village de Sargans (fronti\u00e8re est de la Suisse) \u00e0 la ville de Montreux au bord du lac L\u00e9man. Alors certes, si tu regardes sur une carte, le trajet est plus ou moins en ligne droite, mais il est loin d&rsquo;\u00eatre plat. On a gravi pas moins de 15 cols \u00e0 plus de 2.000m avec plus de 25.000m de d\u00e9nivel\u00e9 positif cumul\u00e9 sur 19 jours de marche. Mais on a surtout v\u00e9cu une magnifique aventure avec des moments qu&rsquo;on n&rsquo;est pas pr\u00e8s d&rsquo;oublier!<\/p>\n<p>Allez, on te fait un petit r\u00e9sum\u00e9 de notre petite balade sur les sentiers suisses<\/p>\n<h2>Une 1\u00e8re semaine pleine de questions&#8230; et sous la pluie<\/h2>\n<p>On ne te cachera pas qu&rsquo;avant de partir, on se posait quand m\u00eame pas mal de questions. Il faut dire que marcher autant de kms \u00e9tait une exp\u00e9rience toute nouvelle pour nous et qu&rsquo;on se demandait comment on allait supporter le poids des sacs, si nos jambes allaient tenir la distance etc&#8230;<\/p>\n<p>Eh bien si \u00e7a s&rsquo;est plut\u00f4t bien pass\u00e9 du c\u00f4t\u00e9 de nos jambes et sacs \u00e0 dos pendant cette 1\u00e8re semaine, le probl\u00e8me est plut\u00f4t venu de la m\u00e9t\u00e9o qui s&rsquo;est r\u00e9v\u00e9l\u00e9e assez capricieuse pour commencer. On a essuy\u00e9 2 jours de pluie non stop avec la neige qui est descendu jusqu&rsquo;\u00e0 2000m! \u00c7a nous aura demand\u00e9 un peu d&rsquo;organisation pour \u00e9viter la neige mais surtout on a essay\u00e9 de garder le sourire malgr\u00e9 la m\u00e9t\u00e9o&#8230; Car si en plus d&rsquo;\u00eatre tremp\u00e9 jusqu&rsquo;aux os on avait \u00e9t\u00e9 de mauvaise humeur, on aurait vite abandonn\u00e9 cette Via Alpina \ud83d\ude09<\/p>\n<p>Pour finir, on aura quand m\u00eame v\u00e9cu une chouette 1\u00e8re semaine avec quelques belles \u00e9claircies (comme lorsque nous sommes pass\u00e9s au-dessus des nuages au col de Richetli) et de jolies rencontres. Pour plus de d\u00e9tails sur nos 1ers jours sur la Via Alpina, tu peux passer jeter un \u0153il \u00e0 <a href=\"http:\/\/post.spmailtechnolo.com\/f\/a\/u6UCu6eE_HU6zRhE2ZEeiA~~\/AAGNsgA~\/RgRbkSn9P0EIACzS2wX7JJ5XA3NwY1gEAAAAAFkGc2hhcmVkYQlnZW5lcmFsXzNgDTUyLjM4LjIzNS4xMzJCCgAAffavWeEEys9SEWRlY290dGVAZ21haWwuY29tCVEEAAAAAEQ4aHR0cHM6Ly93d3cubm92by1tb25kZS5jb20vdmlhLWFscGluYS1zYXJnYW5zLWVuZ2VsYmVyZy9HAnt9\">notre article<\/a> ou encore mieux, regarder notre <a href=\"http:\/\/post.spmailtechnolo.com\/f\/a\/ZdhE76HGVuJIHmteDNMM2w~~\/AAGNsgA~\/RgRbkSn9P0EIACzS2wX7JJ5XA3NwY1gEAAAAAFkGc2hhcmVkYQlnZW5lcmFsXzNgDTUyLjM4LjIzNS4xMzJCCgAAffavWeEEys9SEWRlY290dGVAZ21haWwuY29tCVEEAAAAAEQcaHR0cHM6Ly95b3V0dS5iZS85eTJOR3FpdkdPUUcCe30~\">petite vid\u00e9o sur ces premiers jours<\/a>. &#8211;&gt; <a href=\"https:\/\/youtu.be\/9y2NGqivGOQ\">https:\/\/youtu.be\/9y2NGqivGOQ<\/a><\/p>\n<h2>Une semaine sous le soleil \u00e0 marcher au pied des g\u00e9ants suisses<\/h2>\n<p>Si la m\u00e9t\u00e9o n&rsquo;avait pas \u00e9t\u00e9 avec nous pour commencer, le soleil ne nous a ensuite plus quitt\u00e9 jusqu&rsquo;au bout de l&rsquo;aventure (oui oui 15 jours de soleil!!!). Quel bonheur de sortir de la tente le matin avec le soleil qui pointe le bout de son nez, de pouvoir admirer les paysages d\u00e9gag\u00e9s&#8230; Il faut avouer que c&rsquo;est une toute autre exp\u00e9rience.<\/p>\n<p>Et des beaux paysages on en aura vu pendant cette deuxi\u00e8me semaine. Entre le lac d&rsquo;Engstlen au dessus d&rsquo;Engelberg, <a href=\"http:\/\/post.spmailtechnolo.com\/f\/a\/Ue-HGN5GHO1NWXdsTlDjEg~~\/AAGNsgA~\/RgRbkSn9P0EIACzS2wX7JJ5XA3NwY1gEAAAAAFkGc2hhcmVkYQlnZW5lcmFsXzNgDTUyLjM4LjIzNS4xMzJCCgAAffavWeEEys9SEWRlY290dGVAZ21haWwuY29tCVEEAAAAAERKaHR0cHM6Ly93d3cubm92by1tb25kZS5jb20vdmlhLWFscGluYS1lbmdlbGJlcmctZ3JpbmRlbHdhbGQtbGF1dGVyYnJ1bm5lbi9HAnt9\">l&rsquo;arriv\u00e9e \u00e0 Grindelwald<\/a> avec la face nord de l&rsquo;Eiger au-dessus de nos t\u00eates ou encore le passage des <a href=\"http:\/\/post.spmailtechnolo.com\/f\/a\/pe3SjbYyQYf-EBdmtctlNg~~\/AAGNsgA~\/RgRbkSn9P0EIACzS2wX7JJ5XA3NwY1gEAAAAAFkGc2hhcmVkYQlnZW5lcmFsXzNgDTUyLjM4LjIzNS4xMzJCCgAAffavWeEEys9SEWRlY290dGVAZ21haWwuY29tCVEEAAAAAERCaHR0cHM6Ly93d3cubm92by1tb25kZS5jb20vdmlhLWFscGluYS1jb2wtc2VmaW5lbmZ1cmdnZS1ob2h0dWVybGkvRwJ7fQ~~\">2 plus hauts cols de cette Via Alpina<\/a>, on en aura vraiment pris plein les mirettes!<\/p>\n<p>A la place de t&rsquo;expliquer en d\u00e9tail et par \u00e9crit cette 2\u00e8me semaine sur la Via Alpina, passes plut\u00f4t regarder nos petits montages vid\u00e9os sur nos <a href=\"http:\/\/post.spmailtechnolo.com\/f\/a\/go8l5Y1YkNeukSXE3MiUbQ~~\/AAGNsgA~\/RgRbkSn9P0EIACzS2wX7JJ5XA3NwY1gEAAAAAFkGc2hhcmVkYQlnZW5lcmFsXzNgDTUyLjM4LjIzNS4xMzJCCgAAffavWeEEys9SEWRlY290dGVAZ21haWwuY29tCVEEAAAAAEQcaHR0cHM6Ly95b3V0dS5iZS82bnhwOW14SlRiQUcCe30~\">4 jours entre Engelberg et Lauterbrunnen<\/a> (<a href=\"https:\/\/youtu.be\/6nxp9mxJTbA\">https:\/\/youtu.be\/6nxp9mxJTbA<\/a>) et le r\u00e9cit de notre passage sur <a href=\"http:\/\/post.spmailtechnolo.com\/f\/a\/yCxy_p-MTEn8AG6oknOGHQ~~\/AAGNsgA~\/RgRbkSn9P0EIACzS2wX7JJ5XA3NwY1gEAAAAAFkGc2hhcmVkYQlnZW5lcmFsXzNgDTUyLjM4LjIzNS4xMzJCCgAAffavWeEEys9SEWRlY290dGVAZ21haWwuY29tCVEEAAAAAEQcaHR0cHM6Ly95b3V0dS5iZS9UT3BoZzFjd0YzOEcCe30~\">les 2 plus hautes cols de cette randonn\u00e9e<\/a> (<a href=\"https:\/\/youtu.be\/TOphg1cwF38\">https:\/\/youtu.be\/TOphg1cwF38<\/a>).<\/p>\n<h2>Derni\u00e8re semaine de randonn\u00e9e entre amis<\/h2>\n<p>La m\u00e9t\u00e9o est toujours au beau fixe pour cette derni\u00e8re semaine et nos jambes nous portent encore. On a la chance de partager ces derniers jours de randonn\u00e9es avec des amis, copains blogueurs ou lecteurs du blog qui nous on rejoint pour quelques heures\/jours de marche. M\u00eame si on adore marcher les deux, c&rsquo;est aussi g\u00e9nial de partager ces instants avec plus de monde. On a v\u00e9cu des moments de franche rigolade, de jolis bivouacs, des parties de cartes endiabl\u00e9es et j&rsquo;en passe&#8230; que du bonheur!<\/p>\n<p>Et finalement, apr\u00e8s 19 jours de marche on aper\u00e7oit enfin le lac L\u00e9man, signe que la fin de l&rsquo;aventure est proche. On termine cette randonn\u00e9e accueilli par des amis aux Rochers de Naye, avec une vue imprenable sur tout le lac L\u00e9man et les montagnes alentours. Que demander de plus ? (notre article sur cette derni\u00e8re semaine de rando est <a href=\"http:\/\/post.spmailtechnolo.com\/f\/a\/m7oUkG8xfESBttMPRUraUQ~~\/AAGNsgA~\/RgRbkSn9P0EIACzS2wX7JJ5XA3NwY1gEAAAAAFkGc2hhcmVkYQlnZW5lcmFsXzNgDTUyLjM4LjIzNS4xMzJCCgAAffavWeEEys9SEWRlY290dGVAZ21haWwuY29tCVEEAAAAAEQ6aHR0cHM6Ly93d3cubm92by1tb25kZS5jb20vdmlhLWFscGluYS1rYW5kZXJzdGVnLW1vbnRyZXV4L0cCe30~\">par ici<\/a>)<\/p>\n<h2>La photo de cette Via Alpina<\/h2>\n<p>Il y a beaucoup d&rsquo;images qui nous ont marqu\u00e9es pendant cette aventure, mais je crois que cette photo du lac d&rsquo;Oeschinen reste notre pr\u00e9f\u00e9r\u00e9e. Apr\u00e8s avoir pass\u00e9 le Hoht\u00fcrli (plus haut col de la Via Alpina \u00e0 plus de 2700m), on redescend sur Kandersteg quand on arrive au-dessus de ce lac d&rsquo;une couleur hallucinante. Et c&rsquo;est ce moment qu&rsquo;un troupeau de mouton \u00e0 choisi pour nous pousser hors du sentier afin de rentrer pour la nuit (je pr\u00e9sume). Un moment dr\u00f4le et magique comme on en vit pas assez souvent.<\/p>\n<p>Et si tu aimes bien nos photos, n&rsquo;oublie pas de t&rsquo;abonner \u00e0 notre <a href=\"http:\/\/post.spmailtechnolo.com\/f\/a\/P9SOdelx5qihj0RD007TxA~~\/AAGNsgA~\/RgRbkSn9P0EIACzS2wX7JJ5XA3NwY1gEAAAAAFkGc2hhcmVkYQlnZW5lcmFsXzNgDTUyLjM4LjIzNS4xMzJCCgAAffavWeEEys9SEWRlY290dGVAZ21haWwuY29tCVEEAAAAAEQkaHR0cHM6Ly93d3cuaW5zdGFncmFtLmNvbS9ub3ZvbW9uZGUvRwJ7fQ~~\">compte Instagram<\/a> si ce n&rsquo;est pas encore fait \ud83d\ude09<\/p>\n<h2>Petit bilan de cette Via Alpina<\/h2>\n<p>Comme Fabienne te l&rsquo;expliquait dans <a href=\"http:\/\/post.spmailtechnolo.com\/f\/a\/xUGHZy1QMAENpJDjyP8GoA~~\/AAGNsgA~\/RgRbkSn9P0EIACzS2wX7JJ5XA3NwY1gEAAAAAFkGc2hhcmVkYQlnZW5lcmFsXzNgDTUyLjM4LjIzNS4xMzJCCgAAffavWeEEys9SEWRlY290dGVAZ21haWwuY29tCVEEAAAAAEQzaHR0cHM6Ly93d3cubm92by1tb25kZS5jb20vdmlhLWFscGluYS1zdWlzc2UtYmlsYW4vRwJ7fQ~~\">son petit bilan \u00e0 chaud<\/a>, cette aventure a \u00e9t\u00e9 \u00e0 200% positive! On a d\u00e9couvert <a href=\"http:\/\/post.spmailtechnolo.com\/f\/a\/TvGYz04KHQSGdiVMiyZpHQ~~\/AAGNsgA~\/RgRbkSn9P0EIACzS2wX7JJ5XA3NwY1gEAAAAAFkGc2hhcmVkYQlnZW5lcmFsXzNgDTUyLjM4LjIzNS4xMzJCCgAAffavWeEEys9SEWRlY290dGVAZ21haWwuY29tCVEEAAAAAEQiaHR0cHM6Ly93d3cubm92by1tb25kZS5jb20vc3Vpc3NlL0cCe30~\">notre belle Suisse<\/a> comme jamais auparavant, on s&rsquo;est d\u00e9pass\u00e9 physiquement et mentalement, mais surtout on revient avec des souvenirs qui resteront \u00e0 jamais grav\u00e9s dans nos m\u00e9moires et c&rsquo;est probablement \u00e7a le plus important<\/p>\n<p>On esp\u00e8re aussi avoir montr\u00e9 que de telles randonn\u00e9es ne sont pas seulement accessibles aux sportifs de hauts niveau et que la Suisse peut aussi se visiter avec un budget raisonnable (plus sur le budget de cette Via Alpina bient\u00f4t&#8230; tu seras peut-\u00eatre surpris).<\/p>\n<p>Voil\u00e0, c&rsquo;est d\u00e9j\u00e0 la fin de cette Newsletter. Comme toujours, si tu as des questions, des id\u00e9es, des remarques ou que tu veux simplement nous dire coucou, n&rsquo;h\u00e9site surtout pas \u00e0 r\u00e9pondre \u00e0 cet e-mail&#8230; On adore recevoir tes messages et on se fera un plaisir de te r\u00e9pondre!<\/p>\n<p>Voyageusement<\/p>\n<p>Fabienne et Benoit<\/p>\n<h2>Pour nous suivre sur les r\u00e9seaux sociaux:<\/h2>\n<p><a href=\"http:\/\/post.spmailtechnolo.com\/f\/a\/Ul3PFgYFz-LPGJdGPQY3xA~~\/AAGNsgA~\/RgRbkSn9P0EIACzS2wX7JJ5XA3NwY1gEAAAAAFkGc2hhcmVkYQlnZW5lcmFsXzNgDTUyLjM4LjIzNS4xMzJCCgAAffavWeEEys9SEWRlY290dGVAZ21haWwuY29tCVEEAAAAAEQjaHR0cHM6Ly93d3cuZmFjZWJvb2suY29tL25vdm9tb25kZS9HAnt9\">Facebook<\/a><br \/>\n<a href=\"http:\/\/post.spmailtechnolo.com\/f\/a\/P9SOdelx5qihj0RD007TxA~~\/AAGNsgA~\/RgRbkSn9P0EIACzS2wX7JJ5XA3NwY1gEAAAAAFkGc2hhcmVkYQlnZW5lcmFsXzNgDTUyLjM4LjIzNS4xMzJCCgAAffavWeEEys9SEWRlY290dGVAZ21haWwuY29tCVEEAAAAAEQkaHR0cHM6Ly93d3cuaW5zdGFncmFtLmNvbS9ub3ZvbW9uZGUvRwJ7fQ~~\">Instagram<\/a><br \/>\n<a href=\"http:\/\/post.spmailtechnolo.com\/f\/a\/RGeqCyoelQBtlga8ctmjQw~~\/AAGNsgA~\/RgRbkSn9P0EIACzS2wX7JJ5XA3NwY1gEAAAAAFkGc2hhcmVkYQlnZW5lcmFsXzNgDTUyLjM4LjIzNS4xMzJCCgAAffavWeEEys9SEWRlY290dGVAZ21haWwuY29tCVEEAAAAAEQraHR0cHM6Ly93d3cueW91dHViZS5jb20vdXNlci9ub3ZvbW9uZGV2aWRlb0cCe30~\">Youtube<\/a><br \/>\n<a href=\"http:\/\/post.spmailtechnolo.com\/f\/a\/7rHl9QgNLGdhyqm2kkw5Mg~~\/AAGNsgA~\/RgRbkSn9P0EIACzS2wX7JJ5XA3NwY1gEAAAAAFkGc2hhcmVkYQlnZW5lcmFsXzNgDTUyLjM4LjIzNS4xMzJCCgAAffavWeEEys9SEWRlY290dGVAZ21haWwuY29tCVEEAAAAAEQdaHR0cHM6Ly90d2l0dGVyLmNvbS9ub3ZvbW9uZGVHAnt9\">Twitter<\/a><\/td>\n<\/tr>\n<tr>\n<td><\/td>\n<\/tr>\n<\/tbody>\n<\/table>\n<\/td>\n<\/tr>\n<\/tbody>\n<\/table>\n<p>&nbsp;<\/p>\n","protected":false},"excerpt":{"rendered":"<p>Nous suivons r\u00e9guli\u00e8rement les aventures de Fabienne et Benoit (Novo-Monde) autour de la plan\u00e8te&#8230; et en Suisse. Voici leur derni\u00e8re lettre d&rsquo;information. Vous pouvez aussi la d\u00e9couvrir ou la t\u00e9l\u00e9charger, avec toutes les photos en cliquant ici. Salut, Comment vas-tu? &hellip; <a href=\"http:\/\/www.presstourism.ch\/?page_id=4190\">Continuer la lecture <span class=\"meta-nav\">&rarr;<\/span><\/a><\/p>\n","protected":false},"author":1,"featured_media":0,"parent":341,"menu_order":0,"comment_status":"closed","ping_status":"closed","template":"","meta":{"ngg_post_thumbnail":0,"spay_email":""},"jetpack_sharing_enabled":true,"jetpack_shortlink":"https:\/\/wp.me\/P468TV-15A","_links":{"self":[{"href":"http:\/\/www.presstourism.ch\/index.php?rest_route=\/wp\/v2\/pages\/4190"}],"collection":[{"href":"http:\/\/www.presstourism.ch\/index.php?rest_route=\/wp\/v2\/pages"}],"about":[{"href":"http:\/\/www.presstourism.ch\/index.php?rest_route=\/wp\/v2\/types\/page"}],"author":[{"embeddable":true,"href":"http:\/\/www.presstourism.ch\/index.php?rest_route=\/wp\/v2\/users\/1"}],"replies":[{"embeddable":true,"href":"http:\/\/www.presstourism.ch\/index.php?rest_route=%2Fwp%2Fv2%2Fcomments&post=4190"}],"version-history":[{"count":3,"href":"http:\/\/www.presstourism.ch\/index.php?rest_route=\/wp\/v2\/pages\/4190\/revisions"}],"predecessor-version":[{"id":4195,"href":"http:\/\/www.presstourism.ch\/index.php?rest_route=\/wp\/v2\/pages\/4190\/revisions\/4195"}],"up":[{"embeddable":true,"href":"http:\/\/www.presstourism.ch\/index.php?rest_route=\/wp\/v2\/pages\/341"}],"wp:attachment":[{"href":"http:\/\/www.presstourism.ch\/index.php?rest_route=%2Fwp%2Fv2%2Fmedia&parent=4190"}],"curies":[{"name":"wp","href":"https:\/\/api.w.org\/{rel}","templated":true}]}}