{"id":4161,"date":"2017-09-04T18:33:11","date_gmt":"2017-09-04T17:33:11","guid":{"rendered":"http:\/\/www.presstourism.ch\/WP_ALEX\/?page_id=4161"},"modified":"2024-04-12T20:04:20","modified_gmt":"2024-04-12T18:04:20","slug":"decor-de-reve-en-montant-sur-les-cretes","status":"publish","type":"page","link":"http:\/\/www.presstourism.ch\/?page_id=4161","title":{"rendered":"D\u00e9cor de r\u00eave en montant sur les cr\u00eates"},"content":{"rendered":"<p><div id=\"attachment_4162\" style=\"width: 650px\" class=\"wp-caption aligncenter\"><a href=\"https:\/\/i0.wp.com\/www.presstourism.ch\/WP_ALEX\/wp-content\/uploads\/2017\/09\/1LeSuchetSommet-Largeur-max.-1024-Hauteur-max.-768.jpg\"><img aria-describedby=\"caption-attachment-4162\" loading=\"lazy\" class=\"wp-image-4162 size-large\" src=\"https:\/\/i2.wp.com\/www.presstourism.ch\/WP_ALEX\/wp-content\/uploads\/2017\/09\/1LeSuchetSommet-Largeur-max.-1024-Hauteur-max.-768-1024x682.jpg?resize=584%2C389\" alt=\"1LeSuchetSommet [Largeur max. 1024 Hauteur max. 768]\" width=\"584\" height=\"389\" srcset=\"https:\/\/i0.wp.com\/www.presstourism.ch\/wp-content\/uploads\/2017\/09\/1LeSuchetSommet-Largeur-max.-1024-Hauteur-max.-768.jpg?w=1024 1024w, https:\/\/i0.wp.com\/www.presstourism.ch\/wp-content\/uploads\/2017\/09\/1LeSuchetSommet-Largeur-max.-1024-Hauteur-max.-768.jpg?resize=300%2C200 300w, https:\/\/i0.wp.com\/www.presstourism.ch\/wp-content\/uploads\/2017\/09\/1LeSuchetSommet-Largeur-max.-1024-Hauteur-max.-768.jpg?resize=768%2C512 768w, https:\/\/i0.wp.com\/www.presstourism.ch\/wp-content\/uploads\/2017\/09\/1LeSuchetSommet-Largeur-max.-1024-Hauteur-max.-768.jpg?resize=600%2C400 600w\" sizes=\"(max-width: 584px) 100vw, 584px\" data-recalc-dims=\"1\" \/><\/a><p id=\"caption-attachment-4162\" class=\"wp-caption-text\">Le sommet du Suchet avec le chemin qui y conduit en pente plut\u00f4t douce, \u00e0 moins de prendre des raccourcis plus abruptes.<\/p><\/div>JURA NORD VAUDOIS &#8211; C&rsquo;est le bon moment pour rejoindre le sommet du Suchet et se lancer dans l&rsquo;une ou l&rsquo;autre escapade alentour, avec de superbes panoramas \u00e0 la cl\u00e9 et un d\u00e9paysement total assur\u00e9.<\/p>\n<p><div id=\"attachment_4165\" style=\"width: 650px\" class=\"wp-caption aligncenter\"><a href=\"https:\/\/i2.wp.com\/www.presstourism.ch\/WP_ALEX\/wp-content\/uploads\/2017\/09\/2LeSuchetPanorama-Largeur-max.-1024-Hauteur-max.-768.jpg\"><img aria-describedby=\"caption-attachment-4165\" loading=\"lazy\" class=\"wp-image-4165 size-large\" src=\"https:\/\/i0.wp.com\/www.presstourism.ch\/WP_ALEX\/wp-content\/uploads\/2017\/09\/2LeSuchetPanorama-Largeur-max.-1024-Hauteur-max.-768-1024x682.jpg?resize=584%2C389\" alt=\"2LeSuchetPanorama [Largeur max. 1024 Hauteur max. 768]\" width=\"584\" height=\"389\" srcset=\"https:\/\/i0.wp.com\/www.presstourism.ch\/wp-content\/uploads\/2017\/09\/2LeSuchetPanorama-Largeur-max.-1024-Hauteur-max.-768.jpg?w=1024 1024w, https:\/\/i0.wp.com\/www.presstourism.ch\/wp-content\/uploads\/2017\/09\/2LeSuchetPanorama-Largeur-max.-1024-Hauteur-max.-768.jpg?resize=300%2C200 300w, https:\/\/i0.wp.com\/www.presstourism.ch\/wp-content\/uploads\/2017\/09\/2LeSuchetPanorama-Largeur-max.-1024-Hauteur-max.-768.jpg?resize=768%2C512 768w, https:\/\/i0.wp.com\/www.presstourism.ch\/wp-content\/uploads\/2017\/09\/2LeSuchetPanorama-Largeur-max.-1024-Hauteur-max.-768.jpg?resize=600%2C400 600w\" sizes=\"(max-width: 584px) 100vw, 584px\" data-recalc-dims=\"1\" \/><\/a><p id=\"caption-attachment-4165\" class=\"wp-caption-text\">Le chalet-restaurant pr\u00e8s du sommet avec le panorama sur la plaine en direction des Trois-Lacs lors d&rsquo;un jour un peu brumeux.<\/p><\/div>Pour les marcheurs plus ou moins confirm\u00e9s, il y a de nombreuses randonn\u00e9es possibles autour du Suchet, ce sommet du Jura Nord vaudois qui culmine \u00e0&nbsp;1588 m\u00e8tres d&rsquo;altitude et est situ\u00e9 sur la commune de&nbsp;Rances. En rejoignant son chalet-restaurant, on se retrouve \u00e0 quelque vingt cinq minutes du point culminant, qui offre un panorama \u00e0 360 degr\u00e9s sur le Plateau, les Alpes, les lacs L\u00e9man, de Neuch\u00e2tel et de Morat, ainsi que les Aiguilles de Baulmes. Mais il faut aussi se rendre de l&rsquo;autre c\u00f4t\u00e9 jusqu&rsquo;\u00e0 la croix&nbsp;ornant l&rsquo;ant\u00e9cime (1553m) pour mieux scruter la Dent de Vaulion et la Vall\u00e9e de Joux.<\/p>\n<div id=\"attachment_4167\" style=\"width: 650px\" class=\"wp-caption alignnone\"><a href=\"https:\/\/i0.wp.com\/www.presstourism.ch\/WP_ALEX\/wp-content\/uploads\/2017\/09\/3LeSuchetPhotos-Largeur-max.-1024-Hauteur-max.-768.jpg\"><img aria-describedby=\"caption-attachment-4167\" loading=\"lazy\" class=\"size-large wp-image-4167\" src=\"https:\/\/i2.wp.com\/www.presstourism.ch\/WP_ALEX\/wp-content\/uploads\/2017\/09\/3LeSuchetPhotos-Largeur-max.-1024-Hauteur-max.-768-1024x682.jpg?resize=584%2C389\" alt=\"Quelques photos de Dominique Rochat, qui tient la buvette avec sa famille et gouvernent pas moins de 100 t\u00eates de b\u00e9tail.\" width=\"584\" height=\"389\" srcset=\"https:\/\/i2.wp.com\/www.presstourism.ch\/wp-content\/uploads\/2017\/09\/3LeSuchetPhotos-Largeur-max.-1024-Hauteur-max.-768.jpg?w=1024 1024w, https:\/\/i2.wp.com\/www.presstourism.ch\/wp-content\/uploads\/2017\/09\/3LeSuchetPhotos-Largeur-max.-1024-Hauteur-max.-768.jpg?resize=300%2C200 300w, https:\/\/i2.wp.com\/www.presstourism.ch\/wp-content\/uploads\/2017\/09\/3LeSuchetPhotos-Largeur-max.-1024-Hauteur-max.-768.jpg?resize=768%2C512 768w, https:\/\/i2.wp.com\/www.presstourism.ch\/wp-content\/uploads\/2017\/09\/3LeSuchetPhotos-Largeur-max.-1024-Hauteur-max.-768.jpg?resize=600%2C400 600w\" sizes=\"(max-width: 584px) 100vw, 584px\" data-recalc-dims=\"1\" \/><\/a><p id=\"caption-attachment-4167\" class=\"wp-caption-text\">Quelques photos de Dominique Rochat, qui tient la buvette avec sa famille et gouverne pas moins de 100 t\u00eates de b\u00e9tail.<\/p><\/div>\n<p>A vos pieds la plaine, o\u00f9 on peut s&rsquo;amuser \u00e0 trouver les noms des villages: Sergey, Rances et Valeyres-sous-Rances directement en contrebas, ou encore Orbe et Chavornay qui se chevauchent un peu plus loin. Tout \u00e0 l&rsquo;horizon, voil\u00e0 Evian sur la rive fran\u00e7aise du L\u00e9man, bien visible notamment avec ses lumi\u00e8res de la nuit. Et d&rsquo;aucuns affirment qu&rsquo;il est m\u00eame possible de voir le jet de Gen\u00e8ve. Alors&#8230;<\/p>\n<p><div id=\"attachment_4168\" style=\"width: 650px\" class=\"wp-caption aligncenter\"><a href=\"https:\/\/i1.wp.com\/www.presstourism.ch\/WP_ALEX\/wp-content\/uploads\/2017\/09\/4LeSuchetVaches-Largeur-max.-1024-Hauteur-max.-768.jpg\"><img aria-describedby=\"caption-attachment-4168\" loading=\"lazy\" class=\"wp-image-4168 size-large\" src=\"https:\/\/i2.wp.com\/www.presstourism.ch\/WP_ALEX\/wp-content\/uploads\/2017\/09\/4LeSuchetVaches-Largeur-max.-1024-Hauteur-max.-768-1024x682.jpg?resize=584%2C389\" alt=\"4LeSuchetVaches [Largeur max. 1024 Hauteur max. 768]\" width=\"584\" height=\"389\" srcset=\"https:\/\/i0.wp.com\/www.presstourism.ch\/wp-content\/uploads\/2017\/09\/4LeSuchetVaches-Largeur-max.-1024-Hauteur-max.-768.jpg?w=1024 1024w, https:\/\/i0.wp.com\/www.presstourism.ch\/wp-content\/uploads\/2017\/09\/4LeSuchetVaches-Largeur-max.-1024-Hauteur-max.-768.jpg?resize=300%2C200 300w, https:\/\/i0.wp.com\/www.presstourism.ch\/wp-content\/uploads\/2017\/09\/4LeSuchetVaches-Largeur-max.-1024-Hauteur-max.-768.jpg?resize=768%2C512 768w, https:\/\/i0.wp.com\/www.presstourism.ch\/wp-content\/uploads\/2017\/09\/4LeSuchetVaches-Largeur-max.-1024-Hauteur-max.-768.jpg?resize=600%2C400 600w\" sizes=\"(max-width: 584px) 100vw, 584px\" data-recalc-dims=\"1\" \/><\/a><p id=\"caption-attachment-4168\" class=\"wp-caption-text\">Chemin en contour et troupeau de vaches en contrebas, dans la direction de la France.<\/p><\/div>Depuis le Suchet, dont la qui\u00e9tude des lieux est un autre atout, les marcheurs plus aguerris peuvent rallier d&rsquo;autres sentiers p\u00e9destres. Comme celui qui arrive au chalet-restaurant de Grange-neuve, sur la commune de Baulmes et au pied de ses fameuses Aiguilles. La promenade est superbe et elle emprunte un chemin o\u00f9 s&rsquo;\u00e9panouit une flore magnifique.<\/p>\n<p><div id=\"attachment_4169\" style=\"width: 522px\" class=\"wp-caption aligncenter\"><a href=\"https:\/\/i1.wp.com\/www.presstourism.ch\/WP_ALEX\/wp-content\/uploads\/2017\/09\/5LeSuchetCroix-Largeur-max.-1024-Hauteur-max.-768.jpg\"><img aria-describedby=\"caption-attachment-4169\" loading=\"lazy\" class=\"wp-image-4169 size-full\" src=\"https:\/\/i1.wp.com\/www.presstourism.ch\/WP_ALEX\/wp-content\/uploads\/2017\/09\/5LeSuchetCroix-Largeur-max.-1024-Hauteur-max.-768.jpg?resize=512%2C768\" alt=\"5LeSuchetCroix [Largeur max. 1024 Hauteur max. 768]\" width=\"512\" height=\"768\" srcset=\"https:\/\/i2.wp.com\/www.presstourism.ch\/wp-content\/uploads\/2017\/09\/5LeSuchetCroix-Largeur-max.-1024-Hauteur-max.-768.jpg?w=512 512w, https:\/\/i2.wp.com\/www.presstourism.ch\/wp-content\/uploads\/2017\/09\/5LeSuchetCroix-Largeur-max.-1024-Hauteur-max.-768.jpg?resize=200%2C300 200w\" sizes=\"(max-width: 512px) 100vw, 512px\" data-recalc-dims=\"1\" \/><\/a><p id=\"caption-attachment-4169\" class=\"wp-caption-text\">La croix du Suchet sur son ant\u00e9cime.<\/p><\/div>\u00ab\u00a0Techniquement simple et dans un paysage fantastique: c&rsquo;est ainsi que se pr\u00e9sente la boucle de Vallorbe, qui monte au Suchet et retourne \u00e0 Vallorbe\u00a0\u00bb, indique Suisse Tourisme pour les adeptes de VTT, mettant en exergue une autre possibilit\u00e9 d&rsquo;atteindre la montagne. Sur un itin\u00e9raire qui peut, bien entendu, se faire aussi \u00e0 la marche, comme c&rsquo;est aussi possible depuis Entre-les-Fourgs, en France voisine.<\/p>\n<p><div id=\"attachment_4170\" style=\"width: 650px\" class=\"wp-caption aligncenter\"><a href=\"https:\/\/i1.wp.com\/www.presstourism.ch\/WP_ALEX\/wp-content\/uploads\/2017\/09\/6SuchetDtVaulion-Largeur-max.-1024-Hauteur-max.-768.jpg\"><img aria-describedby=\"caption-attachment-4170\" loading=\"lazy\" class=\"wp-image-4170 size-large\" src=\"https:\/\/i2.wp.com\/www.presstourism.ch\/WP_ALEX\/wp-content\/uploads\/2017\/09\/6SuchetDtVaulion-Largeur-max.-1024-Hauteur-max.-768-1024x682.jpg?resize=584%2C389\" alt=\"6SuchetDtVaulion [Largeur max. 1024 Hauteur max. 768]\" width=\"584\" height=\"389\" srcset=\"https:\/\/i0.wp.com\/www.presstourism.ch\/wp-content\/uploads\/2017\/09\/6SuchetDtVaulion-Largeur-max.-1024-Hauteur-max.-768.jpg?w=1024 1024w, https:\/\/i0.wp.com\/www.presstourism.ch\/wp-content\/uploads\/2017\/09\/6SuchetDtVaulion-Largeur-max.-1024-Hauteur-max.-768.jpg?resize=300%2C200 300w, https:\/\/i0.wp.com\/www.presstourism.ch\/wp-content\/uploads\/2017\/09\/6SuchetDtVaulion-Largeur-max.-1024-Hauteur-max.-768.jpg?resize=768%2C512 768w, https:\/\/i0.wp.com\/www.presstourism.ch\/wp-content\/uploads\/2017\/09\/6SuchetDtVaulion-Largeur-max.-1024-Hauteur-max.-768.jpg?resize=600%2C400 600w\" sizes=\"(max-width: 584px) 100vw, 584px\" data-recalc-dims=\"1\" \/><\/a><p id=\"caption-attachment-4170\" class=\"wp-caption-text\">Au fond, la Dent-de-Vaulion et Vallorbe sur un autre versant de ce d\u00e9cor de r\u00eave offert par la montagne.<\/p><\/div><strong>Textes et photos: Roger Juillerat<\/strong><\/p>\n<div id=\"attachment_4171\" style=\"width: 650px\" class=\"wp-caption aligncenter\"><a href=\"https:\/\/i2.wp.com\/www.presstourism.ch\/WP_ALEX\/wp-content\/uploads\/2017\/09\/7SuchetAiguillesBaulmes-Largeur-max.-1024-Hauteur-max.-768.jpg\"><img aria-describedby=\"caption-attachment-4171\" loading=\"lazy\" class=\"wp-image-4171 size-large\" src=\"https:\/\/i1.wp.com\/www.presstourism.ch\/WP_ALEX\/wp-content\/uploads\/2017\/09\/7SuchetAiguillesBaulmes-Largeur-max.-1024-Hauteur-max.-768-1024x682.jpg?resize=584%2C389\" alt=\"7SuchetAiguillesBaulmes [Largeur max. 1024 Hauteur max. 768]\" width=\"584\" height=\"389\" srcset=\"https:\/\/i1.wp.com\/www.presstourism.ch\/wp-content\/uploads\/2017\/09\/7SuchetAiguillesBaulmes-Largeur-max.-1024-Hauteur-max.-768.jpg?w=1024 1024w, https:\/\/i1.wp.com\/www.presstourism.ch\/wp-content\/uploads\/2017\/09\/7SuchetAiguillesBaulmes-Largeur-max.-1024-Hauteur-max.-768.jpg?resize=300%2C200 300w, https:\/\/i1.wp.com\/www.presstourism.ch\/wp-content\/uploads\/2017\/09\/7SuchetAiguillesBaulmes-Largeur-max.-1024-Hauteur-max.-768.jpg?resize=768%2C512 768w, https:\/\/i1.wp.com\/www.presstourism.ch\/wp-content\/uploads\/2017\/09\/7SuchetAiguillesBaulmes-Largeur-max.-1024-Hauteur-max.-768.jpg?resize=600%2C400 600w\" sizes=\"(max-width: 584px) 100vw, 584px\" data-recalc-dims=\"1\" \/><\/a><p id=\"caption-attachment-4171\" class=\"wp-caption-text\">Du c\u00f4t\u00e9 des Aiguilles de Baulmes et ses rochers caract\u00e9ristiques du Jura vaudois.<\/p><\/div>\n<p style=\"text-align: center;\"><strong>Infos pratiques<\/strong><\/p>\n<p><strong>Y aller:<\/strong> rejoindre Baulmes et prendre la direction de L&rsquo;Abergement pour trouver les panneaux qui signalent le Suchet et la Mathoulaz. L&rsquo;Auberson-Excursions organise en \u00e9t\u00e9 des courses jusqu&rsquo;au restaurant d&rsquo;alpage du Suchet, <a href=\"http:\/\/www.autocarexcursions.ch\">www.autocarexcursions.ch<\/a>, 024 454 35 25.<\/p>\n<p><strong>Couverts:<\/strong> le chalet-restaurant du Suchet (024&nbsp;441 01 43) avec sa terrasse qui offre un super panorama. Sur les parcours, ceux de la Mathoulaz (024&nbsp;441&nbsp;01&nbsp;14) et de Grange-neuve (024&nbsp;459&nbsp;11&nbsp;81). Tous les trois avec leurs sp\u00e9cialit\u00e9s de fromage (exquises fondues), les assiettes de viande froide et des fameux desserts.<\/p>\n<p><strong>S&rsquo;informer:<\/strong> Office du tourisme d&rsquo;Yverdon-les-Bains et R\u00e9gion, <a href=\"http:\/\/www.yverdonlesbainsregion.ch\">www.yverdonlesbainsregion.ch<\/a>, <a href=\"mailto:info@yverdon-les-bains.ch\">info@yverdon-les-bains.ch<\/a>, 024&nbsp;424&nbsp;61&nbsp;01, ou aux bureaux de Sainte-Croix, d&rsquo;Orbe et de Vallorbe.<\/p>\n<p><div id=\"attachment_4172\" style=\"width: 586px\" class=\"wp-caption aligncenter\"><a href=\"https:\/\/i2.wp.com\/www.presstourism.ch\/WP_ALEX\/wp-content\/uploads\/2017\/09\/8SuchetOrageValle\u0301e-Largeur-max.-1024-Hauteur-max.-768.jpg\"><img aria-describedby=\"caption-attachment-4172\" loading=\"lazy\" class=\"wp-image-4172 size-full\" src=\"https:\/\/i2.wp.com\/www.presstourism.ch\/WP_ALEX\/wp-content\/uploads\/2017\/09\/8SuchetOrageValle\u0301e-Largeur-max.-1024-Hauteur-max.-768.jpg?resize=576%2C768\" alt=\"8SuchetOrageValle\u0301e [Largeur max. 1024 Hauteur max. 768]\" width=\"576\" height=\"768\" srcset=\"https:\/\/i1.wp.com\/www.presstourism.ch\/wp-content\/uploads\/2017\/09\/8SuchetOrageValle\u0301e-Largeur-max.-1024-Hauteur-max.-768.jpg?w=576 576w, https:\/\/i1.wp.com\/www.presstourism.ch\/wp-content\/uploads\/2017\/09\/8SuchetOrageValle\u0301e-Largeur-max.-1024-Hauteur-max.-768.jpg?resize=225%2C300 225w\" sizes=\"(max-width: 576px) 100vw, 576px\" data-recalc-dims=\"1\" \/><\/a><p id=\"caption-attachment-4172\" class=\"wp-caption-text\">Quand l&rsquo;orage se met \u00e0 gronder et la pluie \u00e0 tomber.<\/p><\/div><a href=\"http:\/\/www.presstourism.ch\/wp-content\/uploads\/2017\/09\/NVT_280717_w-BaladeSuchet-copie-2.pdf\">Lire ou t\u00e9l\u00e9charger l&rsquo;article de presse&#8230;<\/a><\/p>\n","protected":false},"excerpt":{"rendered":"<p>JURA NORD VAUDOIS &#8211; C&rsquo;est le bon moment pour rejoindre le sommet du Suchet et se lancer dans l&rsquo;une ou l&rsquo;autre escapade alentour, avec de superbes panoramas \u00e0 la cl\u00e9 et un d\u00e9paysement total assur\u00e9. Pour les marcheurs plus ou &hellip; <a href=\"http:\/\/www.presstourism.ch\/?page_id=4161\">Continuer la lecture <span class=\"meta-nav\">&rarr;<\/span><\/a><\/p>\n","protected":false},"author":1,"featured_media":0,"parent":341,"menu_order":0,"comment_status":"closed","ping_status":"closed","template":"","meta":{"ngg_post_thumbnail":0,"spay_email":""},"jetpack_sharing_enabled":true,"jetpack_shortlink":"https:\/\/wp.me\/P468TV-157","_links":{"self":[{"href":"http:\/\/www.presstourism.ch\/index.php?rest_route=\/wp\/v2\/pages\/4161"}],"collection":[{"href":"http:\/\/www.presstourism.ch\/index.php?rest_route=\/wp\/v2\/pages"}],"about":[{"href":"http:\/\/www.presstourism.ch\/index.php?rest_route=\/wp\/v2\/types\/page"}],"author":[{"embeddable":true,"href":"http:\/\/www.presstourism.ch\/index.php?rest_route=\/wp\/v2\/users\/1"}],"replies":[{"embeddable":true,"href":"http:\/\/www.presstourism.ch\/index.php?rest_route=%2Fwp%2Fv2%2Fcomments&post=4161"}],"version-history":[{"count":3,"href":"http:\/\/www.presstourism.ch\/index.php?rest_route=\/wp\/v2\/pages\/4161\/revisions"}],"predecessor-version":[{"id":9341,"href":"http:\/\/www.presstourism.ch\/index.php?rest_route=\/wp\/v2\/pages\/4161\/revisions\/9341"}],"up":[{"embeddable":true,"href":"http:\/\/www.presstourism.ch\/index.php?rest_route=\/wp\/v2\/pages\/341"}],"wp:attachment":[{"href":"http:\/\/www.presstourism.ch\/index.php?rest_route=%2Fwp%2Fv2%2Fmedia&parent=4161"}],"curies":[{"name":"wp","href":"https:\/\/api.w.org\/{rel}","templated":true}]}}