{"id":4155,"date":"2017-08-19T14:57:22","date_gmt":"2017-08-19T13:57:22","guid":{"rendered":"http:\/\/www.presstourism.ch\/WP_ALEX\/?page_id=4155"},"modified":"2017-08-19T15:06:12","modified_gmt":"2017-08-19T14:06:12","slug":"le-pays-et-les-couleurs-de-paul-cezanne","status":"publish","type":"page","link":"http:\/\/www.presstourism.ch\/?page_id=4155","title":{"rendered":"Le pays et les couleurs de Paul C\u00e9zanne"},"content":{"rendered":"<div id=\"attachment_4149\" style=\"width: 650px\" class=\"wp-caption alignnone\"><a href=\"https:\/\/i1.wp.com\/www.presstourism.ch\/WP_ALEX\/wp-content\/uploads\/2017\/08\/4AixSteVictoire-Largeur-max.-1024-Hauteur-max.-768.jpg\"><img aria-describedby=\"caption-attachment-4149\" loading=\"lazy\" class=\"size-large wp-image-4149\" src=\"https:\/\/i0.wp.com\/www.presstourism.ch\/WP_ALEX\/wp-content\/uploads\/2017\/08\/4AixSteVictoire-Largeur-max.-1024-Hauteur-max.-768-1024x701.jpg?resize=584%2C400\" alt=\"La montagne Sainte-Victoire, source d'inspiration du grand peintre, depuis le Tholonet.\" width=\"584\" height=\"400\" srcset=\"https:\/\/i2.wp.com\/www.presstourism.ch\/wp-content\/uploads\/2017\/08\/4AixSteVictoire-Largeur-max.-1024-Hauteur-max.-768.jpg?w=1024 1024w, https:\/\/i2.wp.com\/www.presstourism.ch\/wp-content\/uploads\/2017\/08\/4AixSteVictoire-Largeur-max.-1024-Hauteur-max.-768.jpg?resize=300%2C205 300w, https:\/\/i2.wp.com\/www.presstourism.ch\/wp-content\/uploads\/2017\/08\/4AixSteVictoire-Largeur-max.-1024-Hauteur-max.-768.jpg?resize=768%2C526 768w, https:\/\/i2.wp.com\/www.presstourism.ch\/wp-content\/uploads\/2017\/08\/4AixSteVictoire-Largeur-max.-1024-Hauteur-max.-768.jpg?resize=600%2C411 600w\" sizes=\"(max-width: 584px) 100vw, 584px\" data-recalc-dims=\"1\" \/><\/a><p id=\"caption-attachment-4149\" class=\"wp-caption-text\">La montagne Sainte-Victoire, source d&rsquo;inspiration du grand peintre, depuis le Tholonet.<\/p><\/div>\n<p>AIX-EN-PROVENCE &#8211; Ville d&rsquo;\u00e9l\u00e9gance, elle se r\u00e9v\u00e8le au fil de ses rues et ses places toujours anim\u00e9es avec, en toile de fond, cette superbe r\u00e9gion et la montagne Sainte-Victoire qui ont inspir\u00e9 le grand peintre.<\/p>\n<div id=\"attachment_4146\" style=\"width: 522px\" class=\"wp-caption aligncenter\"><a href=\"https:\/\/i2.wp.com\/www.presstourism.ch\/WP_ALEX\/wp-content\/uploads\/2017\/08\/1AixTourHorlogeVVille-Largeur-max.-1024-Hauteur-max.-768.jpg\"><img aria-describedby=\"caption-attachment-4146\" loading=\"lazy\" class=\"size-full wp-image-4146\" src=\"https:\/\/i2.wp.com\/www.presstourism.ch\/WP_ALEX\/wp-content\/uploads\/2017\/08\/1AixTourHorlogeVVille-Largeur-max.-1024-Hauteur-max.-768.jpg?resize=512%2C768\" alt=\"L'H\u00f4tel de Ville et la Tour de l'horloge au milieu d'un riche patrimoine.\" width=\"512\" height=\"768\" srcset=\"https:\/\/i0.wp.com\/www.presstourism.ch\/wp-content\/uploads\/2017\/08\/1AixTourHorlogeVVille-Largeur-max.-1024-Hauteur-max.-768.jpg?w=512 512w, https:\/\/i0.wp.com\/www.presstourism.ch\/wp-content\/uploads\/2017\/08\/1AixTourHorlogeVVille-Largeur-max.-1024-Hauteur-max.-768.jpg?resize=200%2C300 200w\" sizes=\"(max-width: 512px) 100vw, 512px\" data-recalc-dims=\"1\" \/><\/a><p id=\"caption-attachment-4146\" class=\"wp-caption-text\">L&rsquo;H\u00f4tel de Ville et la Tour de l&rsquo;horloge au milieu d&rsquo;un riche patrimoine.<\/p><\/div>\n<p>La Fondation Pierre-Granada expose actuellement quatre-vingts toiles et une vingtaine d&rsquo;aquarelles et de dessins de Paul C\u00e9zanne. S&rsquo;il vaut donc la peine de se rendre \u00e0 Martigny, il est aussi indiqu\u00e9 d&rsquo;aller visiter une fois la ville de naissance de ce grand artiste (1839-1906) et ses environs, pour s&rsquo;impr\u00e9gner de cette lumi\u00e8re et des couleurs qui ont guid\u00e9 son oeuvre.<\/p>\n<div id=\"attachment_4148\" style=\"width: 650px\" class=\"wp-caption alignnone\"><a href=\"https:\/\/i0.wp.com\/www.presstourism.ch\/WP_ALEX\/wp-content\/uploads\/2017\/08\/3AixAtelierCe\u0301zanne-Largeur-max.-1024-Hauteur-max.-768.jpg\"><img aria-describedby=\"caption-attachment-4148\" loading=\"lazy\" class=\"size-large wp-image-4148\" src=\"https:\/\/i1.wp.com\/www.presstourism.ch\/WP_ALEX\/wp-content\/uploads\/2017\/08\/3AixAtelierCe\u0301zanne-Largeur-max.-1024-Hauteur-max.-768-1024x768.jpg?resize=584%2C438\" alt=\"Dans l'atelier de Paul C\u00e9zanne avec le souvenir de ses ultimes natures mortes.\" width=\"584\" height=\"438\" srcset=\"https:\/\/i1.wp.com\/www.presstourism.ch\/wp-content\/uploads\/2017\/08\/3AixAtelierCe\u0301zanne-Largeur-max.-1024-Hauteur-max.-768.jpg?w=1024 1024w, https:\/\/i1.wp.com\/www.presstourism.ch\/wp-content\/uploads\/2017\/08\/3AixAtelierCe\u0301zanne-Largeur-max.-1024-Hauteur-max.-768.jpg?resize=300%2C225 300w, https:\/\/i1.wp.com\/www.presstourism.ch\/wp-content\/uploads\/2017\/08\/3AixAtelierCe\u0301zanne-Largeur-max.-1024-Hauteur-max.-768.jpg?resize=768%2C576 768w, https:\/\/i1.wp.com\/www.presstourism.ch\/wp-content\/uploads\/2017\/08\/3AixAtelierCe\u0301zanne-Largeur-max.-1024-Hauteur-max.-768.jpg?resize=600%2C450 600w\" sizes=\"(max-width: 584px) 100vw, 584px\" data-recalc-dims=\"1\" \/><\/a><p id=\"caption-attachment-4148\" class=\"wp-caption-text\">Dans l&rsquo;atelier de Paul C\u00e9zanne avec le souvenir de ses ultimes natures mortes.<\/p><\/div>\n<p>Visiter l&rsquo;atelier de C\u00e9zanne, sur l&rsquo;ancienne colline des Lauves, ou explorer les carri\u00e8res de Bib\u00e9mus, c&rsquo;est autant d&rsquo;incursions dans l&rsquo;univers du peintre. Dans la cit\u00e9, on peut marcher sur ses pas en suivant un itin\u00e9raire p\u00e9destre balis\u00e9 qui permet de d\u00e9couvrir les lieux marquants, les adresses de ses proches, les caf\u00e9s o\u00f9 il retrouvait ses amis et d&rsquo;autres artistes. Avant d&rsquo;aller voir la montagne Sainte-Victoire, qui domine l&rsquo;oeuvre du ma\u00eetre et se d\u00e9voile sur la \u00ab\u00a0Route C\u00e9zanne\u00a0\u00bb. Sans oublier le \u00ab\u00a0Terrain des Peintres\u00a0\u00bb et la \u00ab\u00a0Bastide du Jas de Bouffan\u00a0\u00bb, qui fut le th\u00e9\u00e2tre de ses premi\u00e8res oeuvres.<\/p>\n<div id=\"attachment_4150\" style=\"width: 650px\" class=\"wp-caption alignnone\"><a href=\"https:\/\/i2.wp.com\/www.presstourism.ch\/WP_ALEX\/wp-content\/uploads\/2017\/08\/5AixCoursMirabeau-Largeur-max.-1024-Hauteur-max.-768.jpg\"><img aria-describedby=\"caption-attachment-4150\" loading=\"lazy\" class=\"size-large wp-image-4150\" src=\"https:\/\/i1.wp.com\/www.presstourism.ch\/WP_ALEX\/wp-content\/uploads\/2017\/08\/5AixCoursMirabeau-Largeur-max.-1024-Hauteur-max.-768-1024x682.jpg?resize=584%2C389\" alt=\"Le Cours Mirabeau o\u00f9 il fait bon fl\u00e2ner avant de gagner la vielle ville.\" width=\"584\" height=\"389\" srcset=\"https:\/\/i2.wp.com\/www.presstourism.ch\/wp-content\/uploads\/2017\/08\/5AixCoursMirabeau-Largeur-max.-1024-Hauteur-max.-768.jpg?w=1024 1024w, https:\/\/i2.wp.com\/www.presstourism.ch\/wp-content\/uploads\/2017\/08\/5AixCoursMirabeau-Largeur-max.-1024-Hauteur-max.-768.jpg?resize=300%2C200 300w, https:\/\/i2.wp.com\/www.presstourism.ch\/wp-content\/uploads\/2017\/08\/5AixCoursMirabeau-Largeur-max.-1024-Hauteur-max.-768.jpg?resize=768%2C512 768w, https:\/\/i2.wp.com\/www.presstourism.ch\/wp-content\/uploads\/2017\/08\/5AixCoursMirabeau-Largeur-max.-1024-Hauteur-max.-768.jpg?resize=600%2C400 600w\" sizes=\"(max-width: 584px) 100vw, 584px\" data-recalc-dims=\"1\" \/><\/a><p id=\"caption-attachment-4150\" class=\"wp-caption-text\">Le Cours Mirabeau o\u00f9 il fait bon fl\u00e2ner avant de gagner la vielle ville.<\/p><\/div>\n<p>A Aix-en-Provence, on fait automatiquement un bon tour de ville en partant sur les pas de C\u00e9zanne. Mais il est aussi possible de raccourcir sa balade en partant de l&rsquo;Office du tourisme, situ\u00e9 vers la Place du G\u00e9n\u00e9ral de Gaulle et sa grande fontaine, pour traverser le Cours Mirabeau, lieu d&rsquo;histoire et de fl\u00e2nerie, puis rejoindre facilement la vieille ville, o\u00f9 se marient la noblesse du patrimoine et les plaisirs du shopping.<\/p>\n<div id=\"attachment_4147\" style=\"width: 650px\" class=\"wp-caption alignnone\"><a href=\"https:\/\/i1.wp.com\/www.presstourism.ch\/WP_ALEX\/wp-content\/uploads\/2017\/08\/2PlaceAlbertasAix-Largeur-max.-1024-Hauteur-max.-768.jpg\"><img aria-describedby=\"caption-attachment-4147\" loading=\"lazy\" class=\"size-large wp-image-4147\" src=\"https:\/\/i2.wp.com\/www.presstourism.ch\/WP_ALEX\/wp-content\/uploads\/2017\/08\/2PlaceAlbertasAix-Largeur-max.-1024-Hauteur-max.-768-1024x682.jpg?resize=584%2C389\" alt=\"La place Albertas et sa fontaine, entour\u00e9es d'anciens h\u00f4tels particuliers.\" width=\"584\" height=\"389\" srcset=\"https:\/\/i1.wp.com\/www.presstourism.ch\/wp-content\/uploads\/2017\/08\/2PlaceAlbertasAix-Largeur-max.-1024-Hauteur-max.-768.jpg?w=1024 1024w, https:\/\/i1.wp.com\/www.presstourism.ch\/wp-content\/uploads\/2017\/08\/2PlaceAlbertasAix-Largeur-max.-1024-Hauteur-max.-768.jpg?resize=300%2C200 300w, https:\/\/i1.wp.com\/www.presstourism.ch\/wp-content\/uploads\/2017\/08\/2PlaceAlbertasAix-Largeur-max.-1024-Hauteur-max.-768.jpg?resize=768%2C512 768w, https:\/\/i1.wp.com\/www.presstourism.ch\/wp-content\/uploads\/2017\/08\/2PlaceAlbertasAix-Largeur-max.-1024-Hauteur-max.-768.jpg?resize=600%2C400 600w\" sizes=\"(max-width: 584px) 100vw, 584px\" data-recalc-dims=\"1\" \/><\/a><p id=\"caption-attachment-4147\" class=\"wp-caption-text\">La place Albertas et sa fontaine, entour\u00e9es d&rsquo;anciens h\u00f4tels particuliers.<\/p><\/div>\n<p>Au coeur du quartier Mazarin, vous trouverez le mus\u00e9e Granet, class\u00e9 parmi les plus beaux de France. Avec des toiles de C\u00e9zanne bien s\u00fbr, Rembrandt, des sculptures de Giacometti et, dans la chapelle des P\u00e9nitents Blancs qui en fait partie (\u00e0 200 m\u00e8tres), quelque 300 peintures de Renoir, Monet, Van Gogh, Degas, Picasso, Dufy, Klee, etc. Plus de doute, l&rsquo;art est un roi \u00e0 Aix-les-Bains.<\/p>\n<p><strong>Texte et photos: Roger Juillerat<\/strong><\/p>\n<div id=\"attachment_4145\" style=\"width: 650px\" class=\"wp-caption alignnone\"><a href=\"https:\/\/i0.wp.com\/www.presstourism.ch\/WP_ALEX\/wp-content\/uploads\/2017\/08\/8AixProvenceCalissons-Largeur-max.-1024-Hauteur-max.-768.jpg\"><img aria-describedby=\"caption-attachment-4145\" loading=\"lazy\" class=\"size-large wp-image-4145\" src=\"https:\/\/i0.wp.com\/www.presstourism.ch\/WP_ALEX\/wp-content\/uploads\/2017\/08\/8AixProvenceCalissons-Largeur-max.-1024-Hauteur-max.-768-1024x682.jpg?resize=584%2C389\" alt=\"Les fameux calissons d'Aix, ici ceux de L\u00e9onard Parli, originaire des Grisons.\" width=\"584\" height=\"389\" srcset=\"https:\/\/i2.wp.com\/www.presstourism.ch\/wp-content\/uploads\/2017\/08\/8AixProvenceCalissons-Largeur-max.-1024-Hauteur-max.-768.jpg?w=1024 1024w, https:\/\/i2.wp.com\/www.presstourism.ch\/wp-content\/uploads\/2017\/08\/8AixProvenceCalissons-Largeur-max.-1024-Hauteur-max.-768.jpg?resize=300%2C200 300w, https:\/\/i2.wp.com\/www.presstourism.ch\/wp-content\/uploads\/2017\/08\/8AixProvenceCalissons-Largeur-max.-1024-Hauteur-max.-768.jpg?resize=768%2C512 768w, https:\/\/i2.wp.com\/www.presstourism.ch\/wp-content\/uploads\/2017\/08\/8AixProvenceCalissons-Largeur-max.-1024-Hauteur-max.-768.jpg?resize=600%2C400 600w\" sizes=\"(max-width: 584px) 100vw, 584px\" data-recalc-dims=\"1\" \/><\/a><p id=\"caption-attachment-4145\" class=\"wp-caption-text\">Les fameux calissons d&rsquo;Aix, ici ceux de L\u00e9onard Parli, originaire des Grisons.<\/p><\/div>\n<p><strong>Infos pratiques<\/strong><\/p>\n<p><strong>Y aller:<\/strong> easyJet a ouvert une ligne Gen\u00e8ve-Marseille et l\u2019a\u00e9roport est id\u00e9alement situ\u00e9 entre Aix-en-Provence et la cit\u00e9 phoc\u00e9enne (notre balade du 30 juin dernier).<\/p>\n<p><strong>Couettes et couverts:<\/strong> l\u2019h\u00f4tel C\u00e9zanne, <a href=\"http:\/\/www.hotel-cezanne.fr\">www.hotel-cezanne.fr<\/a>, proche du centre et de la gare.\u2028 Les bonnes tables du Pigonnet, <a href=\"http:\/\/www.hotelpigonnet.com\">www.hotelpigonnet.com<\/a>, et du Saint-Est\u00e8ve, <a href=\"http:\/\/www.leslodgessaintevictoire.com\">www.leslodgessaintevictoire.com<\/a>, avec la vue sur la montagne Sainte-Victoire.<\/p>\n<p><strong>Mais aussi:<\/strong> les richesses du terroir, dont les fameux calissons d\u2019Aix. Se rendre au Roy Ren\u00e9 ou \u00e0 la \u00abFabrique des calissons\u00bb de L\u00e9onard Parli, originaire des Grisons et ayant fait fortune dans la divine confiserie (en face de l&rsquo;h\u00f4tel C\u00e9zanne).<\/p>\n<p><strong>S&rsquo;informer:<\/strong> Office du tourisme, Avenue Giuseppe Verdi 300, <a href=\"http:\/\/aixenprovencetourism.com\">aixenprovencetourism.com<\/a><\/p>\n<div id=\"attachment_4143\" style=\"width: 522px\" class=\"wp-caption aligncenter\"><a href=\"https:\/\/i0.wp.com\/www.presstourism.ch\/WP_ALEX\/wp-content\/uploads\/2017\/08\/6AixProvencePigonnet-Largeur-max.-1024-Hauteur-max.-768.jpg\"><img aria-describedby=\"caption-attachment-4143\" loading=\"lazy\" class=\"size-full wp-image-4143\" src=\"https:\/\/i0.wp.com\/www.presstourism.ch\/WP_ALEX\/wp-content\/uploads\/2017\/08\/6AixProvencePigonnet-Largeur-max.-1024-Hauteur-max.-768.jpg?resize=512%2C768\" alt=\"Couleurs et saveurs d'Aix-en-Provence dans le jardin du Pigonnet.\" width=\"512\" height=\"768\" srcset=\"https:\/\/i1.wp.com\/www.presstourism.ch\/wp-content\/uploads\/2017\/08\/6AixProvencePigonnet-Largeur-max.-1024-Hauteur-max.-768.jpg?w=512 512w, https:\/\/i1.wp.com\/www.presstourism.ch\/wp-content\/uploads\/2017\/08\/6AixProvencePigonnet-Largeur-max.-1024-Hauteur-max.-768.jpg?resize=200%2C300 200w\" sizes=\"(max-width: 512px) 100vw, 512px\" data-recalc-dims=\"1\" \/><\/a><p id=\"caption-attachment-4143\" class=\"wp-caption-text\">Couleurs et saveurs d&rsquo;Aix-en-Provence dans le jardin du Pigonnet.<\/p><\/div>\n","protected":false},"excerpt":{"rendered":"<p>AIX-EN-PROVENCE &#8211; Ville d&rsquo;\u00e9l\u00e9gance, elle se r\u00e9v\u00e8le au fil de ses rues et ses places toujours anim\u00e9es avec, en toile de fond, cette superbe r\u00e9gion et la montagne Sainte-Victoire qui ont inspir\u00e9 le grand peintre. La Fondation Pierre-Granada expose actuellement &hellip; <a href=\"http:\/\/www.presstourism.ch\/?page_id=4155\">Continuer la lecture <span class=\"meta-nav\">&rarr;<\/span><\/a><\/p>\n","protected":false},"author":1,"featured_media":0,"parent":2494,"menu_order":0,"comment_status":"closed","ping_status":"closed","template":"","meta":{"ngg_post_thumbnail":0,"spay_email":""},"jetpack_sharing_enabled":true,"jetpack_shortlink":"https:\/\/wp.me\/P468TV-151","_links":{"self":[{"href":"http:\/\/www.presstourism.ch\/index.php?rest_route=\/wp\/v2\/pages\/4155"}],"collection":[{"href":"http:\/\/www.presstourism.ch\/index.php?rest_route=\/wp\/v2\/pages"}],"about":[{"href":"http:\/\/www.presstourism.ch\/index.php?rest_route=\/wp\/v2\/types\/page"}],"author":[{"embeddable":true,"href":"http:\/\/www.presstourism.ch\/index.php?rest_route=\/wp\/v2\/users\/1"}],"replies":[{"embeddable":true,"href":"http:\/\/www.presstourism.ch\/index.php?rest_route=%2Fwp%2Fv2%2Fcomments&post=4155"}],"version-history":[{"count":2,"href":"http:\/\/www.presstourism.ch\/index.php?rest_route=\/wp\/v2\/pages\/4155\/revisions"}],"predecessor-version":[{"id":4159,"href":"http:\/\/www.presstourism.ch\/index.php?rest_route=\/wp\/v2\/pages\/4155\/revisions\/4159"}],"up":[{"embeddable":true,"href":"http:\/\/www.presstourism.ch\/index.php?rest_route=\/wp\/v2\/pages\/2494"}],"wp:attachment":[{"href":"http:\/\/www.presstourism.ch\/index.php?rest_route=%2Fwp%2Fv2%2Fmedia&parent=4155"}],"curies":[{"name":"wp","href":"https:\/\/api.w.org\/{rel}","templated":true}]}}