{"id":4127,"date":"2017-08-19T12:59:02","date_gmt":"2017-08-19T11:59:02","guid":{"rendered":"http:\/\/www.presstourism.ch\/WP_ALEX\/?page_id=4127"},"modified":"2017-08-19T12:59:02","modified_gmt":"2017-08-19T11:59:02","slug":"hommage-au-photographe-suisse-du-desert","status":"publish","type":"page","link":"http:\/\/www.presstourism.ch\/?page_id=4127","title":{"rendered":"Hommage au photographe suisse du d\u00e9sert"},"content":{"rendered":"<p><strong><a href=\"https:\/\/i2.wp.com\/www.presstourism.ch\/WP_ALEX\/wp-content\/uploads\/2017\/08\/MB-priv\u00e9-voyages_0013-Largeur-max.-1024-Hauteur-max.-768.jpg\"><img loading=\"lazy\" class=\"alignnone size-full wp-image-4135\" src=\"https:\/\/i2.wp.com\/www.presstourism.ch\/WP_ALEX\/wp-content\/uploads\/2017\/08\/MB-priv\u00e9-voyages_0013-Largeur-max.-1024-Hauteur-max.-768.jpg?resize=584%2C389\" alt=\"MB priv\u00e9 voyages_0013 [Largeur max. 1024 Hauteur max. 768]\" width=\"584\" height=\"389\" srcset=\"https:\/\/i2.wp.com\/www.presstourism.ch\/wp-content\/uploads\/2017\/08\/MB-priv\u00e9-voyages_0013-Largeur-max.-1024-Hauteur-max.-768.jpg?w=1010 1010w, https:\/\/i2.wp.com\/www.presstourism.ch\/wp-content\/uploads\/2017\/08\/MB-priv\u00e9-voyages_0013-Largeur-max.-1024-Hauteur-max.-768.jpg?resize=300%2C200 300w, https:\/\/i2.wp.com\/www.presstourism.ch\/wp-content\/uploads\/2017\/08\/MB-priv\u00e9-voyages_0013-Largeur-max.-1024-Hauteur-max.-768.jpg?resize=768%2C512 768w, https:\/\/i2.wp.com\/www.presstourism.ch\/wp-content\/uploads\/2017\/08\/MB-priv\u00e9-voyages_0013-Largeur-max.-1024-Hauteur-max.-768.jpg?resize=600%2C400 600w\" sizes=\"(max-width: 584px) 100vw, 584px\" data-recalc-dims=\"1\" \/><\/a>Le Suisse Maximilien Bruggmann a arpent\u00e9 le Sahara en long et en large pendant des ann\u00e9es pour r\u00e9v\u00e9ler par l\u2019image les myst\u00e8res cach\u00e9s du d\u00e9sert. Le guide saharien Jean-Claude Bourgeon l\u2019a plusieurs fois accompagn\u00e9.<\/strong><\/p>\n<p><a href=\"https:\/\/i2.wp.com\/www.presstourism.ch\/WP_ALEX\/wp-content\/uploads\/2017\/08\/47-J-03-n-90501-001-Largeur-max.-1024-Hauteur-max.-768-3.jpg\"><img loading=\"lazy\" class=\"size-large wp-image-4133\" src=\"https:\/\/i1.wp.com\/www.presstourism.ch\/WP_ALEX\/wp-content\/uploads\/2017\/08\/47-J-03-n-90501-001-Largeur-max.-1024-Hauteur-max.-768-3-1024x682.jpg?resize=584%2C389\" alt=\"Le regard d\u2019Abakaoua. Dans sa tenue indigo, le chef Abakaoua ag Kanom, symbole de la r\u00e9sistance obstin\u00e9e du peuple targui Kel T\u00e9d\u00e9l\u00e9, porte fi\u00e8rement ses 72 ans et souligne d\u2019un trait de khol la volont\u00e9 tenace de son regard. (R\u00e9gion de l\u2019A\u00efr, Niger)\" width=\"584\" height=\"389\" srcset=\"https:\/\/i0.wp.com\/www.presstourism.ch\/wp-content\/uploads\/2017\/08\/47-J-03-n-90501-001-Largeur-max.-1024-Hauteur-max.-768-3.jpg?w=1024 1024w, https:\/\/i0.wp.com\/www.presstourism.ch\/wp-content\/uploads\/2017\/08\/47-J-03-n-90501-001-Largeur-max.-1024-Hauteur-max.-768-3.jpg?resize=300%2C200 300w, https:\/\/i0.wp.com\/www.presstourism.ch\/wp-content\/uploads\/2017\/08\/47-J-03-n-90501-001-Largeur-max.-1024-Hauteur-max.-768-3.jpg?resize=768%2C512 768w, https:\/\/i0.wp.com\/www.presstourism.ch\/wp-content\/uploads\/2017\/08\/47-J-03-n-90501-001-Largeur-max.-1024-Hauteur-max.-768-3.jpg?resize=600%2C400 600w\" sizes=\"(max-width: 584px) 100vw, 584px\" data-recalc-dims=\"1\" \/><\/a><\/p>\n<p>Sous son ch\u00e8che indigo, le regard du chef Abakaoua, soulign\u00e9 d\u2019un trait de kh\u00f4l, r\u00e9v\u00e8le toute la fiert\u00e9 touareg. Le vieil homme a \u00e9t\u00e9 photographi\u00e9 dans la r\u00e9gion de l\u2019A\u00efr, au Niger, par le Suisse Maximilien Bruggmann, d\u00e9c\u00e9d\u00e9 en ao\u00fbt 2016. Le reporter globe-trotteur aux 100\u2009000 diapositives et soixante ouvrages illustr\u00e9s (notamment aux Editions Silva) est actuellement \u00e0 l\u2019honneur au Mus\u00e9e saharien, \u00e0 Montpellier. Grand passionn\u00e9 du d\u00e9sert, il se rendait fr\u00e9quemment dans les lieux les plus recul\u00e9s du Sahara \u00e0 la rencontre de ses amis nomades ou \u00e0 la recherche de gravures rupestres.<\/p>\n<div id=\"attachment_4128\" style=\"width: 650px\" class=\"wp-caption alignnone\"><a href=\"https:\/\/i0.wp.com\/www.presstourism.ch\/WP_ALEX\/wp-content\/uploads\/2017\/08\/09H-P14-001sm-Largeur-max.-1024-Hauteur-max.-768.jpg\"><img aria-describedby=\"caption-attachment-4128\" loading=\"lazy\" class=\"size-large wp-image-4128\" src=\"https:\/\/i1.wp.com\/www.presstourism.ch\/WP_ALEX\/wp-content\/uploads\/2017\/08\/09H-P14-001sm-Largeur-max.-1024-Hauteur-max.-768-1024x682.jpg?resize=584%2C389\" alt=\" Oued Mathendous. In Habeter III. \u2014 L'\u00e9quipe de Maximilien Bruggmann devant le c\u00e9l\u00e8bre crocodile de Mathendous. De g. \u00e0 dr: Dr Philippe Roullet, Jean-Claude Bourgeon, Eva Bruggmann, l chien Zumri, Jean Garzoni, Maximilien Bruggmann. Mission Blaka, 1968.\" width=\"584\" height=\"389\" srcset=\"https:\/\/i1.wp.com\/www.presstourism.ch\/wp-content\/uploads\/2017\/08\/09H-P14-001sm-Largeur-max.-1024-Hauteur-max.-768.jpg?w=1024 1024w, https:\/\/i1.wp.com\/www.presstourism.ch\/wp-content\/uploads\/2017\/08\/09H-P14-001sm-Largeur-max.-1024-Hauteur-max.-768.jpg?resize=300%2C200 300w, https:\/\/i1.wp.com\/www.presstourism.ch\/wp-content\/uploads\/2017\/08\/09H-P14-001sm-Largeur-max.-1024-Hauteur-max.-768.jpg?resize=768%2C512 768w, https:\/\/i1.wp.com\/www.presstourism.ch\/wp-content\/uploads\/2017\/08\/09H-P14-001sm-Largeur-max.-1024-Hauteur-max.-768.jpg?resize=600%2C400 600w\" sizes=\"(max-width: 584px) 100vw, 584px\" data-recalc-dims=\"1\" \/><\/a><p id=\"caption-attachment-4128\" class=\"wp-caption-text\">L&rsquo;\u00e9quipe de Maximilien Bruggmann devant le c\u00e9l\u00e8bre crocodile de l&rsquo;Oued Mathendous. De g. \u00e0 dr: Philippe Roullet, Jean-Claude Bourgeon, Eva Bruggmann, le chien Zumri, Jean Garzoni, Maximilien Bruggmann. Mission Blaka, 1968.<\/p><\/div>\n<p>\u00abLe chef Abakaoua participait aux missions fran\u00e7aises du Centre d\u2019\u00e9ducation renforc\u00e9 (CER), qui ont \u00e9t\u00e9 men\u00e9es deux fois par an entre 2000 et 2006 dans le Sahara. Il portait la sagesse de la caravane\u00bb, se souvient le guide Jean-Claude Bourgeon, qui a plusieurs fois accompagn\u00e9 le photographe dans le d\u00e9sert. Chaque mission du CER \u00e9tait destin\u00e9e \u00e0 une quinzaine de mineurs d\u00e9linquants multir\u00e9cidivistes, auxquels la justice fran\u00e7aise proposait un d\u00e9paysement total de trois mois pour \u00abcasser leurs rep\u00e8res\u00bb et leur permettre de \u00abd\u00e9couvrir d\u2019autres valeurs\u00bb en vivant aupr\u00e8s des Touareg.<\/p>\n<div id=\"attachment_4134\" style=\"width: 650px\" class=\"wp-caption alignnone\"><a href=\"https:\/\/i0.wp.com\/www.presstourism.ch\/WP_ALEX\/wp-content\/uploads\/2017\/08\/Amis-col-14-Largeur-max.-1024-Hauteur-max.-768.jpg\"><img aria-describedby=\"caption-attachment-4134\" loading=\"lazy\" class=\"size-large wp-image-4134\" src=\"https:\/\/i0.wp.com\/www.presstourism.ch\/WP_ALEX\/wp-content\/uploads\/2017\/08\/Amis-col-14-Largeur-max.-1024-Hauteur-max.-768-1024x694.jpg?resize=584%2C396\" alt=\"Avec les jeunes du Lien au campement de l'am\u00e9nokal. Au premier rang: Rita Valenza, l'Am\u00e9nokal El Hadj Bouki, Jean-Claude Bourgeon. Au deuxi\u00e8me rang, trois des jeunes gens ayant particip\u00e9 \u00e0 la mission. Photo Maximilien Bruggmann.\" width=\"584\" height=\"396\" srcset=\"https:\/\/i1.wp.com\/www.presstourism.ch\/wp-content\/uploads\/2017\/08\/Amis-col-14-Largeur-max.-1024-Hauteur-max.-768.jpg?w=1024 1024w, https:\/\/i1.wp.com\/www.presstourism.ch\/wp-content\/uploads\/2017\/08\/Amis-col-14-Largeur-max.-1024-Hauteur-max.-768.jpg?resize=300%2C203 300w, https:\/\/i1.wp.com\/www.presstourism.ch\/wp-content\/uploads\/2017\/08\/Amis-col-14-Largeur-max.-1024-Hauteur-max.-768.jpg?resize=768%2C521 768w, https:\/\/i1.wp.com\/www.presstourism.ch\/wp-content\/uploads\/2017\/08\/Amis-col-14-Largeur-max.-1024-Hauteur-max.-768.jpg?resize=600%2C407 600w\" sizes=\"(max-width: 584px) 100vw, 584px\" data-recalc-dims=\"1\" \/><\/a><p id=\"caption-attachment-4134\" class=\"wp-caption-text\">Avec les jeunes du Lien au campement de l&rsquo;am\u00e9nokal. Au premier rang: Rita Valenza, l&rsquo;Am\u00e9nokal El Hadj Bouki, Jean-Claude Bourgeon. Au deuxi\u00e8me rang, trois des jeunes gens ayant particip\u00e9 \u00e0 la mission. Photo Maximilien Bruggmann.<\/p><\/div>\n<p>Le Suisse Maximilien Bruggmann a particip\u00e9 aux exp\u00e9riences hivernales. Il en a ramen\u00e9 les superbes et \u00e9mouvantes photographies actuellement \u00e0 voir au Mus\u00e9e saharien. Une vitrine permanente lui sera consacr\u00e9e d\u00e8s l\u2019an prochain.<\/p>\n<p>Pascal Fleury \/ Photos: Les Amis de Maximilien Bruggmann <a href=\"http:\/\/blog.les-amis-de-maximilien.org\/\">http:\/\/blog.les-amis-de-maximilien.org<\/a> et <a href=\"http:\/\/maximilienbruggmann.com\">http:\/\/maximilienbruggmann.com<\/a><\/p>\n<p><a href=\"http:\/\/www.presstourism.ch\/WP_ALEX\/wp-content\/uploads\/2017\/08\/p023-HV-du-18.pdf\">Voir l&rsquo;article de presse&#8230; <\/a><\/p>\n<p><a href=\"http:\/\/www.presstourism.ch\/WP_ALEX\/?page_id=4099\">Voir l&rsquo;article consacr\u00e9 au Mus\u00e9e saharien&#8230;<\/a><\/p>\n<p><a href=\"http:\/\/www.presstourism.ch\/WP_ALEX\/?page_id=3823\">Voir les autres articles de Pascal Fleury&#8230;<\/a><\/p>\n<p>&nbsp;<\/p>\n","protected":false},"excerpt":{"rendered":"<p>Le Suisse Maximilien Bruggmann a arpent\u00e9 le Sahara en long et en large pendant des ann\u00e9es pour r\u00e9v\u00e9ler par l\u2019image les myst\u00e8res cach\u00e9s du d\u00e9sert. Le guide saharien Jean-Claude Bourgeon l\u2019a plusieurs fois accompagn\u00e9. Sous son ch\u00e8che indigo, le regard &hellip; <a href=\"http:\/\/www.presstourism.ch\/?page_id=4127\">Continuer la lecture <span class=\"meta-nav\">&rarr;<\/span><\/a><\/p>\n","protected":false},"author":1,"featured_media":0,"parent":341,"menu_order":0,"comment_status":"closed","ping_status":"closed","template":"","meta":{"ngg_post_thumbnail":0,"spay_email":""},"jetpack_sharing_enabled":true,"jetpack_shortlink":"https:\/\/wp.me\/P468TV-14z","_links":{"self":[{"href":"http:\/\/www.presstourism.ch\/index.php?rest_route=\/wp\/v2\/pages\/4127"}],"collection":[{"href":"http:\/\/www.presstourism.ch\/index.php?rest_route=\/wp\/v2\/pages"}],"about":[{"href":"http:\/\/www.presstourism.ch\/index.php?rest_route=\/wp\/v2\/types\/page"}],"author":[{"embeddable":true,"href":"http:\/\/www.presstourism.ch\/index.php?rest_route=\/wp\/v2\/users\/1"}],"replies":[{"embeddable":true,"href":"http:\/\/www.presstourism.ch\/index.php?rest_route=%2Fwp%2Fv2%2Fcomments&post=4127"}],"version-history":[{"count":1,"href":"http:\/\/www.presstourism.ch\/index.php?rest_route=\/wp\/v2\/pages\/4127\/revisions"}],"predecessor-version":[{"id":4136,"href":"http:\/\/www.presstourism.ch\/index.php?rest_route=\/wp\/v2\/pages\/4127\/revisions\/4136"}],"up":[{"embeddable":true,"href":"http:\/\/www.presstourism.ch\/index.php?rest_route=\/wp\/v2\/pages\/341"}],"wp:attachment":[{"href":"http:\/\/www.presstourism.ch\/index.php?rest_route=%2Fwp%2Fv2%2Fmedia&parent=4127"}],"curies":[{"name":"wp","href":"https:\/\/api.w.org\/{rel}","templated":true}]}}