{"id":4090,"date":"2017-08-17T15:05:41","date_gmt":"2017-08-17T14:05:41","guid":{"rendered":"http:\/\/www.presstourism.ch\/WP_ALEX\/?page_id=4090"},"modified":"2017-08-17T15:06:30","modified_gmt":"2017-08-17T14:06:30","slug":"croisieurope-la-passe-de-cinq-sur-le-douro","status":"publish","type":"page","link":"http:\/\/www.presstourism.ch\/?page_id=4090","title":{"rendered":"CroisiEurope: la passe de cinq sur le Douro"},"content":{"rendered":"<p><div id=\"attachment_4091\" style=\"width: 650px\" class=\"wp-caption alignnone\"><a href=\"https:\/\/i2.wp.com\/www.presstourism.ch\/WP_ALEX\/wp-content\/uploads\/2017\/08\/Miguel.Torga_.5-Largeur-max.-1024-Hauteur-max.-768.jpg\"><img aria-describedby=\"caption-attachment-4091\" loading=\"lazy\" class=\"wp-image-4091 size-large\" src=\"https:\/\/i1.wp.com\/www.presstourism.ch\/WP_ALEX\/wp-content\/uploads\/2017\/08\/Miguel.Torga_.5-Largeur-max.-1024-Hauteur-max.-768-1024x680.jpg?resize=584%2C388\" alt=\"Miguel.Torga.5 [Largeur max. 1024 Hauteur max. 768]\" width=\"584\" height=\"388\" srcset=\"https:\/\/i0.wp.com\/www.presstourism.ch\/wp-content\/uploads\/2017\/08\/Miguel.Torga_.5-Largeur-max.-1024-Hauteur-max.-768.jpg?w=1024 1024w, https:\/\/i0.wp.com\/www.presstourism.ch\/wp-content\/uploads\/2017\/08\/Miguel.Torga_.5-Largeur-max.-1024-Hauteur-max.-768.jpg?resize=300%2C199 300w, https:\/\/i0.wp.com\/www.presstourism.ch\/wp-content\/uploads\/2017\/08\/Miguel.Torga_.5-Largeur-max.-1024-Hauteur-max.-768.jpg?resize=768%2C510 768w, https:\/\/i0.wp.com\/www.presstourism.ch\/wp-content\/uploads\/2017\/08\/Miguel.Torga_.5-Largeur-max.-1024-Hauteur-max.-768.jpg?resize=600%2C398 600w\" sizes=\"(max-width: 584px) 100vw, 584px\" data-recalc-dims=\"1\" \/><\/a><p id=\"caption-attachment-4091\" class=\"wp-caption-text\">Le MS Miguel Torga peut accueillir 132 passagers dans 66 cabines doubles.<\/p><\/div><strong>Par Didier Walzer<\/strong><\/p>\n<hr \/>\n<p><strong>La compagnie fran\u00e7aise de croisi\u00e8res fluviales, qui dispose d\u2019une antenne suisse \u00e0 Lausanne, a baptis\u00e9 son cinqui\u00e8me bateau, le MS Miguel Torga, sur le fleuve portugais. <\/strong><\/p>\n<p>Et de 52 pour la premi\u00e8re compagnie europ\u00e9enne de croisi\u00e8res fluviales, CroisiEurope, dont le si\u00e8ge est \u00e0 Strasbourg.<\/p>\n<p>Il y a quelque temps, elle a baptis\u00e9, \u00e0 Porto, le dernier-n\u00e9 de sa flotte, le MS Miguel Torga, du nom d\u2019un c\u00e9l\u00e8bre po\u00e8te et romancier portugais, justement originaire de la r\u00e9gion de Porto.<\/p>\n<p>Les caract\u00e9ristiques de ce magnifique b\u00e2timent \u00e0 trois ponts, construit l\u2019an dernier au chantier Sambre et Meuse \u00e0 Namur, en Belgique: 80 m de long pour une largeur de 11,40 m; une capacit\u00e9 de 132 passagers dans 66 cabines doubles (4 suites), individuellement climatis\u00e9es et avec vue ext\u00e9rieure; un salon ouvert sur les paysages; un restaurant panoramique; un pont soleil \u00e9quip\u00e9 de transats et d\u2019une piscine de 24 m2, etc. L\u2019\u00e9quipage compte en outre 32 membres.<\/p>\n<p>La famille Schmitter, propri\u00e9taire de CroisiEurope, dont le directeur g\u00e9n\u00e9ral Christian et sa s\u0153ur Anne-Marie, \u00e9taient bien s\u00fbr \u00e0 Porto pour baptiser le nouveau fleuron, en compagnie de la marraine, Isabel Ferreira de Castro, directrice de l\u2019Office de tourisme de Porto et Nord Portugal, et du parrain, Domingos Carvas, maire de la ville de Sabrosa.<\/p>\n<p><div id=\"attachment_4092\" style=\"width: 650px\" class=\"wp-caption aligncenter\"><a href=\"https:\/\/i2.wp.com\/www.presstourism.ch\/WP_ALEX\/wp-content\/uploads\/2017\/08\/Miguel.Torga_.4-Largeur-max.-1024-Hauteur-max.-768.jpg\"><img aria-describedby=\"caption-attachment-4092\" loading=\"lazy\" class=\"wp-image-4092 size-large\" src=\"https:\/\/i2.wp.com\/www.presstourism.ch\/WP_ALEX\/wp-content\/uploads\/2017\/08\/Miguel.Torga_.4-Largeur-max.-1024-Hauteur-max.-768-1024x682.jpg?resize=584%2C389\" alt=\"Miguel.Torga.4 [Largeur max. 1024 Hauteur max. 768]\" width=\"584\" height=\"389\" srcset=\"https:\/\/i1.wp.com\/www.presstourism.ch\/wp-content\/uploads\/2017\/08\/Miguel.Torga_.4-Largeur-max.-1024-Hauteur-max.-768.jpg?w=1024 1024w, https:\/\/i1.wp.com\/www.presstourism.ch\/wp-content\/uploads\/2017\/08\/Miguel.Torga_.4-Largeur-max.-1024-Hauteur-max.-768.jpg?resize=300%2C200 300w, https:\/\/i1.wp.com\/www.presstourism.ch\/wp-content\/uploads\/2017\/08\/Miguel.Torga_.4-Largeur-max.-1024-Hauteur-max.-768.jpg?resize=768%2C512 768w, https:\/\/i1.wp.com\/www.presstourism.ch\/wp-content\/uploads\/2017\/08\/Miguel.Torga_.4-Largeur-max.-1024-Hauteur-max.-768.jpg?resize=600%2C400 600w\" sizes=\"(max-width: 584px) 100vw, 584px\" data-recalc-dims=\"1\" \/><\/a><p id=\"caption-attachment-4092\" class=\"wp-caption-text\">Lors de l\u2019inauguration du bateau, on reconna\u00eet la marraine, Isabel Ferreira de Castro, directrice de l\u2019Office de tourisme de Porto et Nord Portugal et marraine du bateau (deuxi\u00e8me depuis la gauche); juste \u00e0 c\u00f4t\u00e9, Christian Schmitter (au centre), directeur g\u00e9n\u00e9ral de CroisiEurope, sa s\u0153ur Anne-Marie, et des repr\u00e9sentants de la troisi\u00e8me g\u00e9n\u00e9ration de la famille Schmitter, dont Lucas (barbe).<\/p><\/div><strong>Un sixi\u00e8me bateau pr\u00e9vu sur le Douro<\/strong><\/p>\n<p>Ce navire est le cinqui\u00e8me de la compagnie maritimo-fluviale \u2013 et le deuxi\u00e8me arborant 5 ancres \u2013 \u00e0 \u00eatre positionn\u00e9 sur le Douro. C\u2019est dire le succ\u00e8s remport\u00e9 par le fleuve portugais (la vall\u00e9e qui l\u2019abrite figure au patrimoine mondial de l\u2019UNESCO).<\/p>\n<p>En 2016, CroisiEurope y a fait voyager quelque 17&rsquo;000 passagers (500 Suisses) et les dirigeants de la compagnie \u00e9mettent d\u2019ores et d\u00e9j\u00e0 l\u2019id\u00e9e de construire un sixi\u00e8me bateau pour le Douro, qui serait mis en service en 2019.<\/p>\n<p>L\u2019ann\u00e9e derni\u00e8re, la compagnie a transport\u00e9 202&rsquo;000 clients (+6%) \u2013 3500 Helv\u00e8tes. Les Fran\u00e7ais en repr\u00e9sentent logiquement la majorit\u00e9 (55%). \u00abPour l\u2019ensemble de 2017, nous pr\u00e9voyons une augmentation de nos ventes de 10% en Suisse\u00bb, souligne Marcel Vallotton, responsable de l\u2019antenne helv\u00e9tique de CroisiEurope, \u00e0 Lausanne.<\/p>\n<p><div id=\"attachment_4093\" style=\"width: 650px\" class=\"wp-caption alignnone\"><a href=\"https:\/\/i2.wp.com\/www.presstourism.ch\/WP_ALEX\/wp-content\/uploads\/2017\/08\/Miguel.Torga_.6-Largeur-max.-1024-Hauteur-max.-768.jpg\"><img aria-describedby=\"caption-attachment-4093\" loading=\"lazy\" class=\"wp-image-4093 size-large\" src=\"https:\/\/i0.wp.com\/www.presstourism.ch\/WP_ALEX\/wp-content\/uploads\/2017\/08\/Miguel.Torga_.6-Largeur-max.-1024-Hauteur-max.-768-1024x683.jpg?resize=584%2C390\" alt=\"Miguel.Torga.6 [Largeur max. 1024 Hauteur max. 768]\" width=\"584\" height=\"390\" srcset=\"https:\/\/i1.wp.com\/www.presstourism.ch\/wp-content\/uploads\/2017\/08\/Miguel.Torga_.6-Largeur-max.-1024-Hauteur-max.-768.jpg?w=1024 1024w, https:\/\/i1.wp.com\/www.presstourism.ch\/wp-content\/uploads\/2017\/08\/Miguel.Torga_.6-Largeur-max.-1024-Hauteur-max.-768.jpg?resize=300%2C200 300w, https:\/\/i1.wp.com\/www.presstourism.ch\/wp-content\/uploads\/2017\/08\/Miguel.Torga_.6-Largeur-max.-1024-Hauteur-max.-768.jpg?resize=768%2C512 768w, https:\/\/i1.wp.com\/www.presstourism.ch\/wp-content\/uploads\/2017\/08\/Miguel.Torga_.6-Largeur-max.-1024-Hauteur-max.-768.jpg?resize=600%2C400 600w\" sizes=\"(max-width: 584px) 100vw, 584px\" data-recalc-dims=\"1\" \/><\/a><p id=\"caption-attachment-4093\" class=\"wp-caption-text\">Une piscine de 24 m2 sur le pont soleil.<\/p><\/div><strong>Le cap vers d\u2019autres horizons aussi<\/strong><\/p>\n<p>En d\u00e9cembre, CroisiEurope s\u2019attaquera \u00e0 l\u2019Afrique australe avec le RV African Dream, une unit\u00e9 de 8 cabines proposant des croisi\u00e8res exclusives de 11 jours\/9 nuits \u00e0 cheval entre la Namibie, le Botswana et la Zambie agr\u00e9ment\u00e9es d\u2019un s\u00e9jour dans un lodge.<\/p>\n<p>Plus t\u00f4t, en septembre, un cinqui\u00e8me bateau va \u00eatre inaugur\u00e9 sur le M\u00e9kong, le RV Indochine II.<\/p>\n<p>Parmi les projets, citons la navigation sur le Saint-Laurent, au Qu\u00e9bec. La d\u00e9cision sera prise prochainement. En cas de oui, les op\u00e9rations pourraient commencer dans deux ans.<\/p>\n<p>Il est certain qu\u2019avec un nombre de repeaters d\u00e9passant les 50%, la compagnie se doit d\u2019innover sans cesse. C\u2019est ainsi qu\u2019un nouveau navire \u00e0 roues \u00e0 aubes agrandira la flotte en 2018.<\/p>\n<p>Parall\u00e8lement, CroisiEurope va r\u00e9nover les MS Symphonie II (Danube), Douce France (Rhin) courant 2017 avant d\u2019en faire de m\u00eame l\u2019ann\u00e9e prochaine avec les MS Renoir et Van Gogh sur la Seine et le Rh\u00f4ne\/la Sa\u00f4ne.<\/p>\n","protected":false},"excerpt":{"rendered":"<p>Par Didier Walzer La compagnie fran\u00e7aise de croisi\u00e8res fluviales, qui dispose d\u2019une antenne suisse \u00e0 Lausanne, a baptis\u00e9 son cinqui\u00e8me bateau, le MS Miguel Torga, sur le fleuve portugais. Et de 52 pour la premi\u00e8re compagnie europ\u00e9enne de croisi\u00e8res fluviales, &hellip; <a href=\"http:\/\/www.presstourism.ch\/?page_id=4090\">Continuer la lecture <span class=\"meta-nav\">&rarr;<\/span><\/a><\/p>\n","protected":false},"author":1,"featured_media":0,"parent":325,"menu_order":0,"comment_status":"closed","ping_status":"closed","template":"","meta":{"ngg_post_thumbnail":0,"spay_email":""},"jetpack_sharing_enabled":true,"jetpack_shortlink":"https:\/\/wp.me\/P468TV-13Y","_links":{"self":[{"href":"http:\/\/www.presstourism.ch\/index.php?rest_route=\/wp\/v2\/pages\/4090"}],"collection":[{"href":"http:\/\/www.presstourism.ch\/index.php?rest_route=\/wp\/v2\/pages"}],"about":[{"href":"http:\/\/www.presstourism.ch\/index.php?rest_route=\/wp\/v2\/types\/page"}],"author":[{"embeddable":true,"href":"http:\/\/www.presstourism.ch\/index.php?rest_route=\/wp\/v2\/users\/1"}],"replies":[{"embeddable":true,"href":"http:\/\/www.presstourism.ch\/index.php?rest_route=%2Fwp%2Fv2%2Fcomments&post=4090"}],"version-history":[{"count":1,"href":"http:\/\/www.presstourism.ch\/index.php?rest_route=\/wp\/v2\/pages\/4090\/revisions"}],"predecessor-version":[{"id":4094,"href":"http:\/\/www.presstourism.ch\/index.php?rest_route=\/wp\/v2\/pages\/4090\/revisions\/4094"}],"up":[{"embeddable":true,"href":"http:\/\/www.presstourism.ch\/index.php?rest_route=\/wp\/v2\/pages\/325"}],"wp:attachment":[{"href":"http:\/\/www.presstourism.ch\/index.php?rest_route=%2Fwp%2Fv2%2Fmedia&parent=4090"}],"curies":[{"name":"wp","href":"https:\/\/api.w.org\/{rel}","templated":true}]}}