{"id":4081,"date":"2017-07-28T14:33:23","date_gmt":"2017-07-28T13:33:23","guid":{"rendered":"http:\/\/www.presstourism.ch\/WP_ALEX\/?page_id=4081"},"modified":"2017-07-28T14:39:59","modified_gmt":"2017-07-28T13:39:59","slug":"les-montgolfiades-de-rocamadour","status":"publish","type":"page","link":"http:\/\/www.presstourism.ch\/?page_id=4081","title":{"rendered":"Les Montgolfiades de Rocamadour"},"content":{"rendered":"<div class=\"page-header\">\n<div class=\"page-header-titles\">\n<div id=\"attachment_4082\" style=\"width: 650px\" class=\"wp-caption alignnone\"><a href=\"https:\/\/i0.wp.com\/www.presstourism.ch\/WP_ALEX\/wp-content\/uploads\/2017\/07\/Montgolfiades-2016-Rocamadour-Lot-Tourisme-C.-Novello-72-dpi.jpg\"><img aria-describedby=\"caption-attachment-4082\" loading=\"lazy\" class=\"wp-image-4082 size-large\" src=\"https:\/\/i0.wp.com\/www.presstourism.ch\/WP_ALEX\/wp-content\/uploads\/2017\/07\/Montgolfiades-2016-Rocamadour-Lot-Tourisme-C.-Novello-72-dpi-1024x683.jpg?resize=584%2C390\" alt=\"Montgolfiades 2016 - Rocamadour\" width=\"584\" height=\"390\" srcset=\"https:\/\/i0.wp.com\/www.presstourism.ch\/wp-content\/uploads\/2017\/07\/Montgolfiades-2016-Rocamadour-Lot-Tourisme-C.-Novello-72-dpi.jpg?resize=1024%2C683 1024w, https:\/\/i0.wp.com\/www.presstourism.ch\/wp-content\/uploads\/2017\/07\/Montgolfiades-2016-Rocamadour-Lot-Tourisme-C.-Novello-72-dpi.jpg?resize=300%2C200 300w, https:\/\/i0.wp.com\/www.presstourism.ch\/wp-content\/uploads\/2017\/07\/Montgolfiades-2016-Rocamadour-Lot-Tourisme-C.-Novello-72-dpi.jpg?resize=768%2C512 768w, https:\/\/i0.wp.com\/www.presstourism.ch\/wp-content\/uploads\/2017\/07\/Montgolfiades-2016-Rocamadour-Lot-Tourisme-C.-Novello-72-dpi.jpg?resize=600%2C400 600w, https:\/\/i0.wp.com\/www.presstourism.ch\/wp-content\/uploads\/2017\/07\/Montgolfiades-2016-Rocamadour-Lot-Tourisme-C.-Novello-72-dpi.jpg?w=1536 1536w, https:\/\/i0.wp.com\/www.presstourism.ch\/wp-content\/uploads\/2017\/07\/Montgolfiades-2016-Rocamadour-Lot-Tourisme-C.-Novello-72-dpi.jpg?w=1168 1168w\" sizes=\"(max-width: 584px) 100vw, 584px\" data-recalc-dims=\"1\" \/><\/a><p id=\"caption-attachment-4082\" class=\"wp-caption-text\">Un rassemblement europ\u00e9en de montgolfi\u00e8res dans un site vertigineux, \u00e0 Rocamadour<\/p><\/div>\n<\/div>\n<\/div>\n<div class=\"contenu\">\n<div class=\"region region-content\">\n<div id=\"block-system-main\" class=\"block block-system\">\n<div class=\"content\">\n<div id=\"node-66\" class=\"node node-page node-full clearfix\">\n<div class=\"node-inner\">\n<div class=\"content\">\n<div class=\"field-collection\">\n<div class=\"field-collection-0 field-collection-item type-text \">\n<div class=\"markup\">\n<p>Le quatri\u00e8me week-end de septembre est depuis 30 ans un rendez-vous incontournable \u00e0 Rocamadour, pour observer ce majestueux rassemblement de montgolfi\u00e8res unique en Europe.<\/p>\n<p>Si la m\u00e9t\u00e9o est cl\u00e9mente, on peut vivre ces instants magiques o\u00f9 seul le bruit des br\u00fbleurs trouble le silence des lieux et o\u00f9 ces grandes ampoules color\u00e9es animent les fa\u00e7ades de la cit\u00e9 sacr\u00e9e.<\/p>\n<p>C\u2019est \u00e0 l\u2019aube et au cr\u00e9puscule que l\u2019on peut assister au spectacle de ces dizaines de ballons flirtant avec les falaises et les fa\u00e7ades de la Cit\u00e9 de Rocamadour.<\/p>\n<p>Pour les photographes, il faut se lever t\u00f4t pour capter les meilleures images. L\u2019id\u00e9al est de venir se poster au lever du soleil au sommet des falaises du canyon de l\u2019Alzou, face \u00e0 la cit\u00e9.<\/p>\n<p>L\u2019apr\u00e8s-midi, la foule est souvent au rendez-vous\u00a0; le stationnement est organis\u00e9 aux abords du site d\u2019envol et sur le plateau \u00e0 l\u2019Hospitalet, pour garantir \u00e0 tous un acc\u00e8s au spectacle.<br \/>\nEn cas de conditions m\u00e9t\u00e9orologiques incompatibles avec nos objectifs de s\u00e9curit\u00e9, les vols peuvent \u00eatre reportes ou annul\u00e9s, les horaires sont \u00e0 titre indicatif et peuvent \u00eatre modifi\u00e9s.<\/p>\n<p><a href=\"https:\/\/i1.wp.com\/www.presstourism.ch\/WP_ALEX\/wp-content\/uploads\/2017\/07\/Au-depart-des-Montgolfiades-a-Rocamadour-Lot-Tourisme-C.-Novello-72-dpi.jpg\"><img loading=\"lazy\" class=\"alignnone size-large wp-image-4083\" src=\"https:\/\/i0.wp.com\/www.presstourism.ch\/WP_ALEX\/wp-content\/uploads\/2017\/07\/Au-depart-des-Montgolfiades-a-Rocamadour-Lot-Tourisme-C.-Novello-72-dpi-1024x683.jpg?resize=584%2C390\" alt=\"Au d\u00e9part des Montgolfiades \u00e0 Rocamadour\" width=\"584\" height=\"390\" srcset=\"https:\/\/i0.wp.com\/www.presstourism.ch\/wp-content\/uploads\/2017\/07\/Au-depart-des-Montgolfiades-a-Rocamadour-Lot-Tourisme-C.-Novello-72-dpi.jpg?resize=1024%2C683 1024w, https:\/\/i0.wp.com\/www.presstourism.ch\/wp-content\/uploads\/2017\/07\/Au-depart-des-Montgolfiades-a-Rocamadour-Lot-Tourisme-C.-Novello-72-dpi.jpg?resize=300%2C200 300w, https:\/\/i0.wp.com\/www.presstourism.ch\/wp-content\/uploads\/2017\/07\/Au-depart-des-Montgolfiades-a-Rocamadour-Lot-Tourisme-C.-Novello-72-dpi.jpg?resize=768%2C512 768w, https:\/\/i0.wp.com\/www.presstourism.ch\/wp-content\/uploads\/2017\/07\/Au-depart-des-Montgolfiades-a-Rocamadour-Lot-Tourisme-C.-Novello-72-dpi.jpg?resize=600%2C400 600w, https:\/\/i0.wp.com\/www.presstourism.ch\/wp-content\/uploads\/2017\/07\/Au-depart-des-Montgolfiades-a-Rocamadour-Lot-Tourisme-C.-Novello-72-dpi.jpg?w=1536 1536w, https:\/\/i0.wp.com\/www.presstourism.ch\/wp-content\/uploads\/2017\/07\/Au-depart-des-Montgolfiades-a-Rocamadour-Lot-Tourisme-C.-Novello-72-dpi.jpg?w=1168 1168w\" sizes=\"(max-width: 584px) 100vw, 584px\" data-recalc-dims=\"1\" \/><\/a><\/p>\n<\/div>\n<\/div>\n<\/div>\n<\/div>\n<\/div>\n<\/div>\n<\/div>\n<\/div>\n<\/div>\n<\/div>\n<hr \/>\n<p><strong>Programme 2017:<\/strong><\/p>\n<p><span style=\"text-decoration: underline;\">SAMEDI 23 SEPTEMBRE 2017 \/ ROCAMADOUR \/ Canyon de l\u2019Alzou<\/span><\/p>\n<p>&#8211; 8 HEURES : ENVOL DES 30 MONTGOLFIERES du canyon de l\u2019Alzou<\/p>\n<p>&#8211; 17 HEURES : ENVOL DES 30 MONTGOLFIERES<\/p>\n<p><span style=\"text-decoration: underline;\">DIMANCHE 24 SEPTEMBRE 2017\/ ROCAMADOUR \/ Canyon de l\u2019Alzou<\/span><\/p>\n<p>&#8211; 8 HEURES : ENVOL DES 30 MONTGOLFIERES<\/p>\n<p>&#8211; De 8 h \u00e0 17h : BROCANTE (route du ch\u00e2teau)<\/p>\n<p>&#8211; 17 h 18 h : ENVOL DES 30 MONTGOLFIERES<\/p>\n<hr \/>\n<p>Entr\u00e9e gratuite &#8211; Parkings gratuits<\/p>\n<hr \/>\n<p>En cas de conditions m\u00e9t\u00e9orologiques incompatibles avec les objectifs de s\u00e9curit\u00e9, les vols peuvent \u00eatre reportes ou annul\u00e9s. Les horaires sont donn\u00e9s \u00e0 titre indicatif et peuvent \u00eatre modifi\u00e9s.<\/p>\n<div id=\"attachment_4084\" style=\"width: 650px\" class=\"wp-caption alignnone\"><a href=\"https:\/\/i1.wp.com\/www.presstourism.ch\/WP_ALEX\/wp-content\/uploads\/2017\/07\/Montgolfiades-a-Rocamadour-Lot-Tourisme-C.-Novello-72-dpi.jpg\"><img aria-describedby=\"caption-attachment-4084\" loading=\"lazy\" class=\"size-large wp-image-4084\" src=\"https:\/\/i2.wp.com\/www.presstourism.ch\/WP_ALEX\/wp-content\/uploads\/2017\/07\/Montgolfiades-a-Rocamadour-Lot-Tourisme-C.-Novello-72-dpi-1024x635.jpg?resize=584%2C362\" alt=\"\u00a9 Lot Tourisme - C. Novello www.tourisme-lot.com\" width=\"584\" height=\"362\" srcset=\"https:\/\/i1.wp.com\/www.presstourism.ch\/wp-content\/uploads\/2017\/07\/Montgolfiades-a-Rocamadour-Lot-Tourisme-C.-Novello-72-dpi.jpg?resize=1024%2C635 1024w, https:\/\/i1.wp.com\/www.presstourism.ch\/wp-content\/uploads\/2017\/07\/Montgolfiades-a-Rocamadour-Lot-Tourisme-C.-Novello-72-dpi.jpg?resize=300%2C186 300w, https:\/\/i1.wp.com\/www.presstourism.ch\/wp-content\/uploads\/2017\/07\/Montgolfiades-a-Rocamadour-Lot-Tourisme-C.-Novello-72-dpi.jpg?resize=768%2C476 768w, https:\/\/i1.wp.com\/www.presstourism.ch\/wp-content\/uploads\/2017\/07\/Montgolfiades-a-Rocamadour-Lot-Tourisme-C.-Novello-72-dpi.jpg?resize=600%2C372 600w, https:\/\/i1.wp.com\/www.presstourism.ch\/wp-content\/uploads\/2017\/07\/Montgolfiades-a-Rocamadour-Lot-Tourisme-C.-Novello-72-dpi.jpg?w=1651 1651w, https:\/\/i1.wp.com\/www.presstourism.ch\/wp-content\/uploads\/2017\/07\/Montgolfiades-a-Rocamadour-Lot-Tourisme-C.-Novello-72-dpi.jpg?w=1168 1168w\" sizes=\"(max-width: 584px) 100vw, 584px\" data-recalc-dims=\"1\" \/><\/a><p id=\"caption-attachment-4084\" class=\"wp-caption-text\">\u00a9 Lot Tourisme &#8211; C. Novello www.tourisme-lot.com<\/p><\/div>\n<p><a href=\"http:\/\/www.tourisme-lot.com\/voir-faire\/agenda-des-manifestations\/les-montgolfiades-a-rocamadour-832684\">Autres photos et informations&#8230;<\/a><\/p>\n","protected":false},"excerpt":{"rendered":"<p>Le quatri\u00e8me week-end de septembre est depuis 30 ans un rendez-vous incontournable \u00e0 Rocamadour, pour observer ce majestueux rassemblement de montgolfi\u00e8res unique en Europe. Si la m\u00e9t\u00e9o est cl\u00e9mente, on peut vivre ces instants magiques o\u00f9 seul le bruit des &hellip; <a href=\"http:\/\/www.presstourism.ch\/?page_id=4081\">Continuer la lecture <span class=\"meta-nav\">&rarr;<\/span><\/a><\/p>\n","protected":false},"author":1,"featured_media":0,"parent":298,"menu_order":0,"comment_status":"closed","ping_status":"closed","template":"","meta":{"ngg_post_thumbnail":0,"spay_email":""},"jetpack_sharing_enabled":true,"jetpack_shortlink":"https:\/\/wp.me\/P468TV-13P","_links":{"self":[{"href":"http:\/\/www.presstourism.ch\/index.php?rest_route=\/wp\/v2\/pages\/4081"}],"collection":[{"href":"http:\/\/www.presstourism.ch\/index.php?rest_route=\/wp\/v2\/pages"}],"about":[{"href":"http:\/\/www.presstourism.ch\/index.php?rest_route=\/wp\/v2\/types\/page"}],"author":[{"embeddable":true,"href":"http:\/\/www.presstourism.ch\/index.php?rest_route=\/wp\/v2\/users\/1"}],"replies":[{"embeddable":true,"href":"http:\/\/www.presstourism.ch\/index.php?rest_route=%2Fwp%2Fv2%2Fcomments&post=4081"}],"version-history":[{"count":2,"href":"http:\/\/www.presstourism.ch\/index.php?rest_route=\/wp\/v2\/pages\/4081\/revisions"}],"predecessor-version":[{"id":4088,"href":"http:\/\/www.presstourism.ch\/index.php?rest_route=\/wp\/v2\/pages\/4081\/revisions\/4088"}],"up":[{"embeddable":true,"href":"http:\/\/www.presstourism.ch\/index.php?rest_route=\/wp\/v2\/pages\/298"}],"wp:attachment":[{"href":"http:\/\/www.presstourism.ch\/index.php?rest_route=%2Fwp%2Fv2%2Fmedia&parent=4081"}],"curies":[{"name":"wp","href":"https:\/\/api.w.org\/{rel}","templated":true}]}}