{"id":4077,"date":"2017-07-27T15:12:11","date_gmt":"2017-07-27T14:12:11","guid":{"rendered":"http:\/\/www.presstourism.ch\/WP_ALEX\/?page_id=4077"},"modified":"2018-12-22T23:34:50","modified_gmt":"2018-12-22T22:34:50","slug":"le-ciel-et-mon-coeur-pleurent-a-port-au-prince","status":"publish","type":"page","link":"http:\/\/www.presstourism.ch\/?page_id=4077","title":{"rendered":"Le ciel et mon c\u0153ur pleurent \u00e0 Port-au-Prince"},"content":{"rendered":"<p><strong><em>Curieuse voyageuse \/ Episode 5 de mon journal de bord en Ha\u00efti.<\/em><\/strong><\/p>\n<div class=\"text-content\">\n<p>Nous quittons la r\u00e9gion de Jacmel pour rentrer \u00e0 la capitale. Je l\u2019avais d\u00e9j\u00e0 oubli\u00e9, la route est mauvaise. Nous traversons les mornes de zigzags en lacets \u2013 la route ne cesse de tourner pendant une heure.<\/p>\n<p><img loading=\"lazy\" class=\"aligncenter size-large wp-image-19414\" src=\"https:\/\/i2.wp.com\/www.curieusevoyageuse.com\/wp-content\/uploads\/2017\/04\/Haiti-Port-au-prince-600x400.jpg?resize=584%2C389\" sizes=\"(max-width: 600px) 100vw, 600px\" srcset=\"https:\/\/i2.wp.com\/www.curieusevoyageuse.com\/wp-content\/uploads\/2017\/04\/Haiti-Port-au-prince-600x400.jpg?resize=584%2C389 600w, http:\/\/www.curieusevoyageuse.com\/wp-content\/uploads\/2017\/04\/Haiti-Port-au-prince-300x200.jpg 300w, http:\/\/www.curieusevoyageuse.com\/wp-content\/uploads\/2017\/04\/Haiti-Port-au-prince.jpg 1200w\" alt=\"\" width=\"584\" height=\"389\"  data-recalc-dims=\"1\"><\/p>\n<p>J\u2019arrive sur la cote \u00e0 l\u2019Ouest de Port au Prince le ventre retourn\u00e9. Il nous faut encore une bonne heure pour arriver au Parc de Martissant. Ce parc est un bol d\u2019air frais au c\u0153ur de quartiers aussi populaires que serr\u00e9s\u2026 Notre guide partage sa passion pour les plantes v\u00e9g\u00e9tales et m\u00e9dicinales, mais la visite est abr\u00e9g\u00e9e par une pluie qui ne veut pas cesser\u2026<\/p>\n<p><img loading=\"lazy\" class=\"aligncenter size-large wp-image-19415\" src=\"https:\/\/i2.wp.com\/www.curieusevoyageuse.com\/wp-content\/uploads\/2017\/04\/Haiti-Port-au-prince2-600x400.jpg?resize=584%2C389\" sizes=\"(max-width: 600px) 100vw, 600px\" srcset=\"https:\/\/i2.wp.com\/www.curieusevoyageuse.com\/wp-content\/uploads\/2017\/04\/Haiti-Port-au-prince2-600x400.jpg?resize=584%2C389 600w, http:\/\/www.curieusevoyageuse.com\/wp-content\/uploads\/2017\/04\/Haiti-Port-au-prince2-300x200.jpg 300w, http:\/\/www.curieusevoyageuse.com\/wp-content\/uploads\/2017\/04\/Haiti-Port-au-prince2.jpg 1200w\" alt=\"\" width=\"584\" height=\"389\"  data-recalc-dims=\"1\"><\/p>\n<p>J\u2019apprends pendant le d\u00e9jeuner les r\u00e9sultats du premier tour des \u00e9lections pr\u00e9sidentielles fran\u00e7aises. Stupeur. Heureusement, nous sommes entre personnes ayant le m\u00eame point de vue et nous pouvons partager nos \u00e9motions.<br \/>\nNous reprenons la route, et arrivons dans le centre-ville de Port au Prince. A nouveau je suis marqu\u00e9e par la salet\u00e9 de la ville. J\u2019en discute avec Rudy, notre accompagnateur en ce jour :<\/p>\n<blockquote><p>Si tu ne connais pas l\u2019enfer, Port au Prince t\u2019en donne une id\u00e9e\u2026<\/p>\n<p><a href=\"http:\/\/www.curieusevoyageuse.com\/le-ciel-et-mon-coeur-pleurent-a-port-au-prince\/\">Lire la suite&#8230;<\/a><\/p><\/blockquote>\n<\/div>\n","protected":false},"excerpt":{"rendered":"<p>Curieuse voyageuse \/ Episode 5 de mon journal de bord en Ha\u00efti. Nous quittons la r\u00e9gion de Jacmel pour rentrer \u00e0 la capitale. Je l\u2019avais d\u00e9j\u00e0 oubli\u00e9, la route est mauvaise. Nous traversons les mornes de zigzags en lacets \u2013 &hellip; <a href=\"http:\/\/www.presstourism.ch\/?page_id=4077\">Continuer la lecture <span class=\"meta-nav\">&rarr;<\/span><\/a><\/p>\n","protected":false},"author":1,"featured_media":0,"parent":4904,"menu_order":0,"comment_status":"closed","ping_status":"closed","template":"","meta":{"ngg_post_thumbnail":0,"spay_email":""},"jetpack_sharing_enabled":true,"jetpack_shortlink":"https:\/\/wp.me\/P468TV-13L","_links":{"self":[{"href":"http:\/\/www.presstourism.ch\/index.php?rest_route=\/wp\/v2\/pages\/4077"}],"collection":[{"href":"http:\/\/www.presstourism.ch\/index.php?rest_route=\/wp\/v2\/pages"}],"about":[{"href":"http:\/\/www.presstourism.ch\/index.php?rest_route=\/wp\/v2\/types\/page"}],"author":[{"embeddable":true,"href":"http:\/\/www.presstourism.ch\/index.php?rest_route=\/wp\/v2\/users\/1"}],"replies":[{"embeddable":true,"href":"http:\/\/www.presstourism.ch\/index.php?rest_route=%2Fwp%2Fv2%2Fcomments&post=4077"}],"version-history":[{"count":2,"href":"http:\/\/www.presstourism.ch\/index.php?rest_route=\/wp\/v2\/pages\/4077\/revisions"}],"predecessor-version":[{"id":4907,"href":"http:\/\/www.presstourism.ch\/index.php?rest_route=\/wp\/v2\/pages\/4077\/revisions\/4907"}],"up":[{"embeddable":true,"href":"http:\/\/www.presstourism.ch\/index.php?rest_route=\/wp\/v2\/pages\/4904"}],"wp:attachment":[{"href":"http:\/\/www.presstourism.ch\/index.php?rest_route=%2Fwp%2Fv2%2Fmedia&parent=4077"}],"curies":[{"name":"wp","href":"https:\/\/api.w.org\/{rel}","templated":true}]}}