{"id":4057,"date":"2017-07-27T14:18:24","date_gmt":"2017-07-27T13:18:24","guid":{"rendered":"http:\/\/www.presstourism.ch\/WP_ALEX\/?page_id=4057"},"modified":"2024-04-11T08:43:03","modified_gmt":"2024-04-11T06:43:03","slug":"un-emmental-bon-a-manger-et-a-visiter","status":"publish","type":"page","link":"http:\/\/www.presstourism.ch\/?page_id=4057","title":{"rendered":"Un Emmental bon \u00e0 manger et \u00e0 visiter"},"content":{"rendered":"<div id=\"attachment_4059\" style=\"width: 650px\" class=\"wp-caption alignnone\"><a href=\"https:\/\/i2.wp.com\/www.presstourism.ch\/WP_ALEX\/wp-content\/uploads\/2017\/07\/1EmmentalBerthoud-Largeur-max.-1024-Hauteur-max.-768.jpg\"><img aria-describedby=\"caption-attachment-4059\" loading=\"lazy\" class=\"size-large wp-image-4059\" src=\"https:\/\/i0.wp.com\/www.presstourism.ch\/WP_ALEX\/wp-content\/uploads\/2017\/07\/1EmmentalBerthoud-Largeur-max.-1024-Hauteur-max.-768-1024x682.jpg?resize=584%2C389\" alt=\"Berthoud avec son ch\u00e2teau, la vieille ville et au fond les Alpes bernoises depuis le hameau de Gierisberg.\" width=\"584\" height=\"389\" srcset=\"https:\/\/i2.wp.com\/www.presstourism.ch\/wp-content\/uploads\/2017\/07\/1EmmentalBerthoud-Largeur-max.-1024-Hauteur-max.-768.jpg?w=1024 1024w, https:\/\/i2.wp.com\/www.presstourism.ch\/wp-content\/uploads\/2017\/07\/1EmmentalBerthoud-Largeur-max.-1024-Hauteur-max.-768.jpg?resize=300%2C200 300w, https:\/\/i2.wp.com\/www.presstourism.ch\/wp-content\/uploads\/2017\/07\/1EmmentalBerthoud-Largeur-max.-1024-Hauteur-max.-768.jpg?resize=768%2C512 768w, https:\/\/i2.wp.com\/www.presstourism.ch\/wp-content\/uploads\/2017\/07\/1EmmentalBerthoud-Largeur-max.-1024-Hauteur-max.-768.jpg?resize=600%2C400 600w\" sizes=\"(max-width: 584px) 100vw, 584px\" data-recalc-dims=\"1\" \/><\/a><p id=\"caption-attachment-4059\" class=\"wp-caption-text\">Berthoud avec son ch\u00e2teau, la vieille ville et au fond les Alpes bernoises depuis le hameau de Gierisberg.<\/p><\/div>\n<p>BERTHOUD &#8211; Depuis sa porte d&rsquo;entr\u00e9e, il fait bon traverser cette r\u00e9gion bernoise avec ses villages accueillants, ses fermes fleuries, ses champs d&rsquo;un vert intensif, ses collines et ses sommets bois\u00e9s. Sans oublier la richesse de son terroir.<\/p>\n<p><div id=\"attachment_4058\" style=\"width: 650px\" class=\"wp-caption alignnone\"><a href=\"https:\/\/i2.wp.com\/www.presstourism.ch\/WP_ALEX\/wp-content\/uploads\/2017\/07\/2EmmentalChateau-Berthoud-Largeur-max.-1024-Hauteur-max.-768.jpg\"><img aria-describedby=\"caption-attachment-4058\" loading=\"lazy\" class=\"wp-image-4058 size-large\" src=\"https:\/\/i1.wp.com\/www.presstourism.ch\/WP_ALEX\/wp-content\/uploads\/2017\/07\/2EmmentalChateau-Berthoud-Largeur-max.-1024-Hauteur-max.-768-1024x682.jpg?resize=584%2C389\" alt=\"2EmmentalChateau Berthoud [Largeur max. 1024 Hauteur max. 768]\" width=\"584\" height=\"389\" srcset=\"https:\/\/i0.wp.com\/www.presstourism.ch\/wp-content\/uploads\/2017\/07\/2EmmentalChateau-Berthoud-Largeur-max.-1024-Hauteur-max.-768.jpg?w=1024 1024w, https:\/\/i0.wp.com\/www.presstourism.ch\/wp-content\/uploads\/2017\/07\/2EmmentalChateau-Berthoud-Largeur-max.-1024-Hauteur-max.-768.jpg?resize=300%2C200 300w, https:\/\/i0.wp.com\/www.presstourism.ch\/wp-content\/uploads\/2017\/07\/2EmmentalChateau-Berthoud-Largeur-max.-1024-Hauteur-max.-768.jpg?resize=768%2C512 768w, https:\/\/i0.wp.com\/www.presstourism.ch\/wp-content\/uploads\/2017\/07\/2EmmentalChateau-Berthoud-Largeur-max.-1024-Hauteur-max.-768.jpg?resize=600%2C400 600w\" sizes=\"(max-width: 584px) 100vw, 584px\" data-recalc-dims=\"1\" \/><\/a><p id=\"caption-attachment-4058\" class=\"wp-caption-text\">Le ch\u00e2teau sous un autre angle depuis le pied de son \u00e9peron rocheux. C&rsquo;est l&rsquo;un des plus grands et des mieux conserv\u00e9s de Suisse.<\/p><\/div>Qu&rsquo;il est beau cet Emmental quand on prend le temps d&rsquo;y faire des balades \u00e0 pied ou \u00e0 VTT, de s&rsquo;arr\u00eater pour d\u00e9guster ses produits r\u00e9gionaux et d&rsquo;admirer un paysage valonn\u00e9 o\u00f9 les fermes cossues sont de v\u00e9ritables reines de beaut\u00e9. Ch\u00e2teaux, ponts de bois sur l&rsquo;Emme, sentiers \u00e0 th\u00e8mes, fabricants de cor des alpes et fonderie de cloches sont aussi au rendez-vous.<\/p>\n<p><div id=\"attachment_4060\" style=\"width: 650px\" class=\"wp-caption alignnone\"><a href=\"https:\/\/i1.wp.com\/www.presstourism.ch\/WP_ALEX\/wp-content\/uploads\/2017\/07\/3EmmentalFabrication-Largeur-max.-1024-Hauteur-max.-768.jpg\"><img aria-describedby=\"caption-attachment-4060\" loading=\"lazy\" class=\"wp-image-4060 size-large\" src=\"https:\/\/i2.wp.com\/www.presstourism.ch\/WP_ALEX\/wp-content\/uploads\/2017\/07\/3EmmentalFabrication-Largeur-max.-1024-Hauteur-max.-768-1024x682.jpg?resize=584%2C389\" alt=\"3EmmentalFabrication [Largeur max. 1024 Hauteur max. 768]\" width=\"584\" height=\"389\" srcset=\"https:\/\/i1.wp.com\/www.presstourism.ch\/wp-content\/uploads\/2017\/07\/3EmmentalFabrication-Largeur-max.-1024-Hauteur-max.-768.jpg?w=1024 1024w, https:\/\/i1.wp.com\/www.presstourism.ch\/wp-content\/uploads\/2017\/07\/3EmmentalFabrication-Largeur-max.-1024-Hauteur-max.-768.jpg?resize=300%2C200 300w, https:\/\/i1.wp.com\/www.presstourism.ch\/wp-content\/uploads\/2017\/07\/3EmmentalFabrication-Largeur-max.-1024-Hauteur-max.-768.jpg?resize=768%2C512 768w, https:\/\/i1.wp.com\/www.presstourism.ch\/wp-content\/uploads\/2017\/07\/3EmmentalFabrication-Largeur-max.-1024-Hauteur-max.-768.jpg?resize=600%2C400 600w\" sizes=\"(max-width: 584px) 100vw, 584px\" data-recalc-dims=\"1\" \/><\/a><p id=\"caption-attachment-4060\" class=\"wp-caption-text\">La fabrication de l&rsquo;Emmental dans la fromagerie de d\u00e9monstration d&rsquo;Affoltern, qui accueille plus de 300 000 visiteurs chaque ann\u00e9e&#8230;<\/p><\/div>Mais si les fermes sont les reines de l&rsquo;Emmental, le roi, c&rsquo;est son fromage. Pour vraiment en d\u00e9couvrir toutes les facettes et le d\u00e9guster \u2013 du plus jeune \u00e0 ceux qui ont plus de go\u00fbt et de saveur\u00ad \u00ad\u2013, il faut se rendre \u00e0 la fromagerie de d\u00e9monstration d&rsquo;Affoltern. Vous exp\u00e9rimenterez aussi bien la production moderne que la traditionnelle et sa pr\u00e9paration d&rsquo;antan dans les maisons paysannes qui entourent le b\u00e2timent principal. Au d\u00e9part de Berthoud, une route du fromage \u00e0 parcourir en v\u00e9lo \u00e9lectrique constitue aussi un circuit th\u00e9matique qui vous emm\u00e8ne dans 21 sites touristiques.<\/p>\n<p><div id=\"attachment_4061\" style=\"width: 650px\" class=\"wp-caption alignnone\"><a href=\"https:\/\/i2.wp.com\/www.presstourism.ch\/WP_ALEX\/wp-content\/uploads\/2017\/07\/4EmmentalAffoltern-Largeur-max.-1024-Hauteur-max.-768.jpg\"><img aria-describedby=\"caption-attachment-4061\" loading=\"lazy\" class=\"wp-image-4061 size-large\" src=\"https:\/\/i0.wp.com\/www.presstourism.ch\/WP_ALEX\/wp-content\/uploads\/2017\/07\/4EmmentalAffoltern-Largeur-max.-1024-Hauteur-max.-768-1024x682.jpg?resize=584%2C389\" alt=\"4EmmentalAffoltern [Largeur max. 1024 Hauteur max. 768]\" width=\"584\" height=\"389\" srcset=\"https:\/\/i2.wp.com\/www.presstourism.ch\/wp-content\/uploads\/2017\/07\/4EmmentalAffoltern-Largeur-max.-1024-Hauteur-max.-768.jpg?w=1024 1024w, https:\/\/i2.wp.com\/www.presstourism.ch\/wp-content\/uploads\/2017\/07\/4EmmentalAffoltern-Largeur-max.-1024-Hauteur-max.-768.jpg?resize=300%2C200 300w, https:\/\/i2.wp.com\/www.presstourism.ch\/wp-content\/uploads\/2017\/07\/4EmmentalAffoltern-Largeur-max.-1024-Hauteur-max.-768.jpg?resize=768%2C512 768w, https:\/\/i2.wp.com\/www.presstourism.ch\/wp-content\/uploads\/2017\/07\/4EmmentalAffoltern-Largeur-max.-1024-Hauteur-max.-768.jpg?resize=600%2C400 600w\" sizes=\"(max-width: 584px) 100vw, 584px\" data-recalc-dims=\"1\" \/><\/a><p id=\"caption-attachment-4061\" class=\"wp-caption-text\">&#8230; et l&rsquo;Emmental pour tous les go\u00fbts dans la boutique de la fromagerie, qui end aussi les autres sp\u00e9cialit\u00e9s du terroir r\u00e9gional.<\/p><\/div>A Berthoud, il faut monter au ch\u00e2teau des Z\u00e4hringen, un des plus grands et des mieux conserv\u00e9s du pays, et se promener dans la vieille ville, un joyau de l&rsquo;urbanisme m\u00e9di\u00e9val. A L\u00fctzelfl\u00fce, le Centre Jeremias Gotthelf permet de s\u2019impr\u00e9gner de l&rsquo;oeuvre du grand penseur et \u00e9crivain (1797-1854), dont les textes ont fait le tout du monde.<\/p>\n<p><div id=\"attachment_4062\" style=\"width: 650px\" class=\"wp-caption alignnone\"><a href=\"https:\/\/i1.wp.com\/www.presstourism.ch\/WP_ALEX\/wp-content\/uploads\/2017\/07\/5EmmentalCollineFoin-Largeur-max.-1024-Hauteur-max.-768.jpg\"><img aria-describedby=\"caption-attachment-4062\" loading=\"lazy\" class=\"wp-image-4062 size-large\" src=\"https:\/\/i1.wp.com\/www.presstourism.ch\/WP_ALEX\/wp-content\/uploads\/2017\/07\/5EmmentalCollineFoin-Largeur-max.-1024-Hauteur-max.-768-1024x682.jpg?resize=584%2C389\" alt=\"5EmmentalCollineFoin [Largeur max. 1024 Hauteur max. 768]\" width=\"584\" height=\"389\" srcset=\"https:\/\/i0.wp.com\/www.presstourism.ch\/wp-content\/uploads\/2017\/07\/5EmmentalCollineFoin-Largeur-max.-1024-Hauteur-max.-768.jpg?w=1024 1024w, https:\/\/i0.wp.com\/www.presstourism.ch\/wp-content\/uploads\/2017\/07\/5EmmentalCollineFoin-Largeur-max.-1024-Hauteur-max.-768.jpg?resize=300%2C200 300w, https:\/\/i0.wp.com\/www.presstourism.ch\/wp-content\/uploads\/2017\/07\/5EmmentalCollineFoin-Largeur-max.-1024-Hauteur-max.-768.jpg?resize=768%2C512 768w, https:\/\/i0.wp.com\/www.presstourism.ch\/wp-content\/uploads\/2017\/07\/5EmmentalCollineFoin-Largeur-max.-1024-Hauteur-max.-768.jpg?resize=600%2C400 600w\" sizes=\"(max-width: 584px) 100vw, 584px\" data-recalc-dims=\"1\" \/><\/a><p id=\"caption-attachment-4062\" class=\"wp-caption-text\">Un agriculteur r\u00e9colte le foin sur une colline pentue pr\u00e8s de D\u00fcrrenroth, un joli village dont le centre est class\u00e9.<\/p><\/div>Quant \u00e0 la petite ville de Langnau, bien connue pour son club de hockey sur glace, elle est aussi r\u00e9put\u00e9e pour ses march\u00e9s et elle propose bon nombre d&rsquo;animations culturelles, tant dans le domaine des arts que de la musique. Comme prochainement ses nuits du jazz (25 au 29 juillet). Enfin et parmi les plus belles randonn\u00e9es en Emmental, il y a celle qui suit le chemin de cr\u00eate de la montagne du Napf par un sentier p\u00e9destre.<\/p>\n<div id=\"attachment_4063\" style=\"width: 650px\" class=\"wp-caption alignnone\"><a href=\"https:\/\/i0.wp.com\/www.presstourism.ch\/WP_ALEX\/wp-content\/uploads\/2017\/07\/6EmmentalFerme-Largeur-max.-1024-Hauteur-max.-768.jpg\"><img aria-describedby=\"caption-attachment-4063\" loading=\"lazy\" class=\"wp-image-4063 size-large\" src=\"https:\/\/i1.wp.com\/www.presstourism.ch\/WP_ALEX\/wp-content\/uploads\/2017\/07\/6EmmentalFerme-Largeur-max.-1024-Hauteur-max.-768-1024x682.jpg?resize=584%2C389\" alt=\"6EmmentalFerme [Largeur max. 1024 Hauteur max. 768]\" width=\"584\" height=\"389\" srcset=\"https:\/\/i2.wp.com\/www.presstourism.ch\/wp-content\/uploads\/2017\/07\/6EmmentalFerme-Largeur-max.-1024-Hauteur-max.-768.jpg?w=1024 1024w, https:\/\/i2.wp.com\/www.presstourism.ch\/wp-content\/uploads\/2017\/07\/6EmmentalFerme-Largeur-max.-1024-Hauteur-max.-768.jpg?resize=300%2C200 300w, https:\/\/i2.wp.com\/www.presstourism.ch\/wp-content\/uploads\/2017\/07\/6EmmentalFerme-Largeur-max.-1024-Hauteur-max.-768.jpg?resize=768%2C512 768w, https:\/\/i2.wp.com\/www.presstourism.ch\/wp-content\/uploads\/2017\/07\/6EmmentalFerme-Largeur-max.-1024-Hauteur-max.-768.jpg?resize=600%2C400 600w\" sizes=\"(max-width: 584px) 100vw, 584px\" data-recalc-dims=\"1\" \/><\/a><p id=\"caption-attachment-4063\" class=\"wp-caption-text\">Pr\u00e8s de Langnau, une ferme en bois typique de la r\u00e9gion avec son petit \u00ab\u00a0St\u00f6ckli\u00a0\u00bb bien fleuri (\u00e0 dr.).<\/p><\/div>\n<p style=\"text-align: right;\"><strong>Roger Juillerat<\/strong><\/p>\n<hr>\n<p><div id=\"attachment_4064\" style=\"width: 650px\" class=\"wp-caption alignnone\"><a href=\"https:\/\/i1.wp.com\/www.presstourism.ch\/WP_ALEX\/wp-content\/uploads\/2017\/07\/7EmmentsalHuttwil-Largeur-max.-1024-Hauteur-max.-768.jpg\"><img aria-describedby=\"caption-attachment-4064\" loading=\"lazy\" class=\"wp-image-4064 size-large\" src=\"https:\/\/i2.wp.com\/www.presstourism.ch\/WP_ALEX\/wp-content\/uploads\/2017\/07\/7EmmentsalHuttwil-Largeur-max.-1024-Hauteur-max.-768-1024x682.jpg?resize=584%2C389\" alt=\"7EmmentsalHuttwil [Largeur max. 1024 Hauteur max. 768]\" width=\"584\" height=\"389\" srcset=\"https:\/\/i0.wp.com\/www.presstourism.ch\/wp-content\/uploads\/2017\/07\/7EmmentsalHuttwil-Largeur-max.-1024-Hauteur-max.-768.jpg?w=1024 1024w, https:\/\/i0.wp.com\/www.presstourism.ch\/wp-content\/uploads\/2017\/07\/7EmmentsalHuttwil-Largeur-max.-1024-Hauteur-max.-768.jpg?resize=300%2C200 300w, https:\/\/i0.wp.com\/www.presstourism.ch\/wp-content\/uploads\/2017\/07\/7EmmentsalHuttwil-Largeur-max.-1024-Hauteur-max.-768.jpg?resize=768%2C512 768w, https:\/\/i0.wp.com\/www.presstourism.ch\/wp-content\/uploads\/2017\/07\/7EmmentsalHuttwil-Largeur-max.-1024-Hauteur-max.-768.jpg?resize=600%2C400 600w\" sizes=\"(max-width: 584px) 100vw, 584px\" data-recalc-dims=\"1\" \/><\/a><p id=\"caption-attachment-4064\" class=\"wp-caption-text\">Le village d&rsquo;Huttwil, o\u00f9 passe le \u00ab\u00a0chemin de fer de l&rsquo;Emmental\u00a0\u00bb, point de d\u00e9part d&rsquo;une ancienne voie ferr\u00e9e jusqu&rsquo;\u00e0 Sumiswald.<\/p><\/div><strong>Infos pratiques<\/strong><\/p>\n<p><strong>Y aller:<\/strong> l&rsquo;Emmental est bien desservi par les trains r\u00e9gionaux et les bus. Berthoud est \u00e0 15 minutes de Berne en train et \u00e0 20 minutes en voiture par l\u2019A1.<\/p>\n<p><strong>Couettes et couverts:<\/strong> plusieurs auberges de tradition et de d\u00e9licieuses sp\u00e9cialit\u00e9s du terroir, comme c\u2019est le cas \u00e0 l\u2019h\u00f4tel-restaurant B\u00e4ren, D\u00fcrrenroth, <a href=\"http:\/\/www.baeren-duerrenroth.ch\">www.baeren-duerrenroth.ch<\/a> . Visiter la Fromagerie d\u2019Affoltern im E, <a href=\"http:\/\/www.emmentaler-schaukaeserei.ch\">www.emmentaler-schaukaeserei.ch<\/a>&nbsp; et la fabrique de biscuits Kambly, \u00e0 Trubschachen (pr\u00e8s de Langnau), avec son centre d&rsquo;accueil et de d\u00e9gustation, <a href=\"http:\/\/www.kambly.ch\">www.kambly.ch<\/a><\/p>\n<p><strong>Tout savoir:<\/strong> Office du tourisme de l\u2019Emmental \u00e0 Berthoud, rue de la Gare Bahnhofstrasse 44\u2028, 034 402&nbsp;42&nbsp;52, <a href=\"mailto:info@emmental.ch\">info@emmental.ch<\/a>, <a href=\"http:\/\/www.emmental.ch\">www.emmental.ch<\/a> . Bonnes infos aussi sur <a href=\"http:\/\/www.myswitzerland.com\">www.myswitzerland.com<\/a><\/p>\n<p><div id=\"attachment_4065\" style=\"width: 522px\" class=\"wp-caption aligncenter\"><a href=\"https:\/\/i2.wp.com\/www.presstourism.ch\/WP_ALEX\/wp-content\/uploads\/2017\/07\/8EmmentalFermeFleurs-Largeur-max.-1024-Hauteur-max.-768.jpg\"><img aria-describedby=\"caption-attachment-4065\" loading=\"lazy\" class=\"wp-image-4065 size-full\" src=\"https:\/\/i2.wp.com\/www.presstourism.ch\/WP_ALEX\/wp-content\/uploads\/2017\/07\/8EmmentalFermeFleurs-Largeur-max.-1024-Hauteur-max.-768.jpg?resize=512%2C768\" alt=\"8EmmentalFermeFleurs [Largeur max. 1024 Hauteur max. 768]\" width=\"512\" height=\"768\" srcset=\"https:\/\/i2.wp.com\/www.presstourism.ch\/wp-content\/uploads\/2017\/07\/8EmmentalFermeFleurs-Largeur-max.-1024-Hauteur-max.-768.jpg?w=512 512w, https:\/\/i2.wp.com\/www.presstourism.ch\/wp-content\/uploads\/2017\/07\/8EmmentalFermeFleurs-Largeur-max.-1024-Hauteur-max.-768.jpg?resize=200%2C300 200w\" sizes=\"(max-width: 512px) 100vw, 512px\" data-recalc-dims=\"1\" \/><\/a><p id=\"caption-attachment-4065\" class=\"wp-caption-text\">Une ferme cossue, fleurie et caract\u00e9ristique de cette belle r\u00e9gion.<\/p><\/div><a href=\"http:\/\/www.presstourism.ch\/wp-content\/uploads\/2017\/07\/NVT_140717_w-BaladeEmmental-copie-2.pdf\" data-wplink-edit=\"true\">Lire ou t\u00e9l\u00e9charger l&rsquo;article de presse<\/a><\/p>\n","protected":false},"excerpt":{"rendered":"<p>BERTHOUD &#8211; Depuis sa porte d&rsquo;entr\u00e9e, il fait bon traverser cette r\u00e9gion bernoise avec ses villages accueillants, ses fermes fleuries, ses champs d&rsquo;un vert intensif, ses collines et ses sommets bois\u00e9s. Sans oublier la richesse de son terroir. Qu&rsquo;il est &hellip; <a href=\"http:\/\/www.presstourism.ch\/?page_id=4057\">Continuer la lecture <span class=\"meta-nav\">&rarr;<\/span><\/a><\/p>\n","protected":false},"author":1,"featured_media":0,"parent":341,"menu_order":0,"comment_status":"closed","ping_status":"closed","template":"","meta":{"ngg_post_thumbnail":0,"spay_email":""},"jetpack_sharing_enabled":true,"jetpack_shortlink":"https:\/\/wp.me\/P468TV-13r","_links":{"self":[{"href":"http:\/\/www.presstourism.ch\/index.php?rest_route=\/wp\/v2\/pages\/4057"}],"collection":[{"href":"http:\/\/www.presstourism.ch\/index.php?rest_route=\/wp\/v2\/pages"}],"about":[{"href":"http:\/\/www.presstourism.ch\/index.php?rest_route=\/wp\/v2\/types\/page"}],"author":[{"embeddable":true,"href":"http:\/\/www.presstourism.ch\/index.php?rest_route=\/wp\/v2\/users\/1"}],"replies":[{"embeddable":true,"href":"http:\/\/www.presstourism.ch\/index.php?rest_route=%2Fwp%2Fv2%2Fcomments&post=4057"}],"version-history":[{"count":3,"href":"http:\/\/www.presstourism.ch\/index.php?rest_route=\/wp\/v2\/pages\/4057\/revisions"}],"predecessor-version":[{"id":9286,"href":"http:\/\/www.presstourism.ch\/index.php?rest_route=\/wp\/v2\/pages\/4057\/revisions\/9286"}],"up":[{"embeddable":true,"href":"http:\/\/www.presstourism.ch\/index.php?rest_route=\/wp\/v2\/pages\/341"}],"wp:attachment":[{"href":"http:\/\/www.presstourism.ch\/index.php?rest_route=%2Fwp%2Fv2%2Fmedia&parent=4057"}],"curies":[{"name":"wp","href":"https:\/\/api.w.org\/{rel}","templated":true}]}}