{"id":4047,"date":"2017-07-26T19:01:53","date_gmt":"2017-07-26T18:01:53","guid":{"rendered":"http:\/\/www.presstourism.ch\/WP_ALEX\/?page_id=4047"},"modified":"2019-08-10T14:25:49","modified_gmt":"2019-08-10T13:25:49","slug":"hadorn-werner","status":"publish","type":"page","link":"http:\/\/www.presstourism.ch\/?page_id=4047","title":{"rendered":"Hadorn Werner"},"content":{"rendered":"<p><a href=\"https:\/\/i0.wp.com\/www.presstourism.ch\/WP_ALEX\/wp-content\/uploads\/2017\/07\/IMG_0040.jpg\"><img loading=\"lazy\" class=\"alignnone wp-image-4048\" src=\"https:\/\/i0.wp.com\/www.presstourism.ch\/WP_ALEX\/wp-content\/uploads\/2017\/07\/IMG_0040.jpg?resize=136%2C186\" alt=\"IMG_0040\" width=\"136\" height=\"186\" srcset=\"https:\/\/i0.wp.com\/www.presstourism.ch\/wp-content\/uploads\/2017\/07\/IMG_0040.jpg?w=369 369w, https:\/\/i0.wp.com\/www.presstourism.ch\/wp-content\/uploads\/2017\/07\/IMG_0040.jpg?resize=220%2C300 220w\" sizes=\"(max-width: 136px) 100vw, 136px\" data-recalc-dims=\"1\" \/><\/a><\/p>\n<p>Werner Hadorn nous a quitt\u00e9s le 31 juillet 2019 \u00e0 l&rsquo;\u00e2ge de 78 ans. Le plus bel hommage est sans doute celui d&rsquo;un autre grand journaliste, Mario Cortesi, dont il \u00e9tait l&rsquo;ami et\u00a0 l&rsquo;associ\u00e9 au sein du \u00ab\u00a0B\u00fcro Cortesi\u00a0\u00bb.<\/p>\n<section id=\"page-zones__main-widgets__responsivecolumns29-zones__column1\" class=\"bk-zone column columns-two-right\" data-uniqueid=\"page-zones__main-widgets__responsivecolumns29-zones__column1\" data-parentuniqueid=\"\">\n<div id=\"page-zones__main-widgets__responsivecolumns29-zones__column1-widgets__content\" class=\"widget content\" data-uniqueid=\"page-zones__main-widgets__responsivecolumns29-zones__column1-widgets__content\" data-parentuniqueid=\"\">\n<div class=\"bk-content-text js-text-content wysihtml-editor-content\">\n<p><strong>Publications<\/strong><\/p>\n<p><a href=\"https:\/\/www.youtube.com\/watch?v=0a2cQqtPgWc\">Andorra 2017 (Voyage de presse \/ vid\u00e9o)<\/a><\/p>\n<hr \/>\n<p>E-Mail: <a href=\"mailto:werner.hadorn@bluewin.ch\">werner.hadorn@bluewin.ch<br \/>\n<\/a>Funktion: Redaktor BR<br \/>\nMedien: Biel Bienne, Time for Students<br \/>\nSprachen: Deutsch, Franz\u00f6sisch, EnglischBurgunderweg 13 , 2505 Biel\/Bienne<\/p>\n<p>Tel. 032 327 12 59, Fax 032 3223 12 58, Mobile: 079 300 53 01<\/p>\n<\/div>\n<\/div>\n<\/section>\n","protected":false},"excerpt":{"rendered":"<p>Werner Hadorn nous a quitt\u00e9s le 31 juillet 2019 \u00e0 l&rsquo;\u00e2ge de 78 ans. Le plus bel hommage est sans doute celui d&rsquo;un autre grand journaliste, Mario Cortesi, dont il \u00e9tait l&rsquo;ami et\u00a0 l&rsquo;associ\u00e9 au sein du \u00ab\u00a0B\u00fcro Cortesi\u00a0\u00bb. Publications &hellip; <a href=\"http:\/\/www.presstourism.ch\/?page_id=4047\">Continuer la lecture <span class=\"meta-nav\">&rarr;<\/span><\/a><\/p>\n","protected":false},"author":1,"featured_media":0,"parent":76,"menu_order":0,"comment_status":"closed","ping_status":"closed","template":"","meta":{"ngg_post_thumbnail":0,"spay_email":""},"jetpack_sharing_enabled":true,"jetpack_shortlink":"https:\/\/wp.me\/P468TV-13h","_links":{"self":[{"href":"http:\/\/www.presstourism.ch\/index.php?rest_route=\/wp\/v2\/pages\/4047"}],"collection":[{"href":"http:\/\/www.presstourism.ch\/index.php?rest_route=\/wp\/v2\/pages"}],"about":[{"href":"http:\/\/www.presstourism.ch\/index.php?rest_route=\/wp\/v2\/types\/page"}],"author":[{"embeddable":true,"href":"http:\/\/www.presstourism.ch\/index.php?rest_route=\/wp\/v2\/users\/1"}],"replies":[{"embeddable":true,"href":"http:\/\/www.presstourism.ch\/index.php?rest_route=%2Fwp%2Fv2%2Fcomments&post=4047"}],"version-history":[{"count":3,"href":"http:\/\/www.presstourism.ch\/index.php?rest_route=\/wp\/v2\/pages\/4047\/revisions"}],"predecessor-version":[{"id":6223,"href":"http:\/\/www.presstourism.ch\/index.php?rest_route=\/wp\/v2\/pages\/4047\/revisions\/6223"}],"up":[{"embeddable":true,"href":"http:\/\/www.presstourism.ch\/index.php?rest_route=\/wp\/v2\/pages\/76"}],"wp:attachment":[{"href":"http:\/\/www.presstourism.ch\/index.php?rest_route=%2Fwp%2Fv2%2Fmedia&parent=4047"}],"curies":[{"name":"wp","href":"https:\/\/api.w.org\/{rel}","templated":true}]}}