{"id":4032,"date":"2017-07-25T15:46:36","date_gmt":"2017-07-25T14:46:36","guid":{"rendered":"http:\/\/www.presstourism.ch\/WP_ALEX\/?page_id=4032"},"modified":"2017-07-25T15:55:45","modified_gmt":"2017-07-25T14:55:45","slug":"legypte-a-repris-sa-marche-en-avant","status":"publish","type":"page","link":"http:\/\/www.presstourism.ch\/?page_id=4032","title":{"rendered":"L\u2019Egypte a repris sa marche en avant"},"content":{"rendered":"<p><a href=\"https:\/\/i2.wp.com\/www.presstourism.ch\/WP_ALEX\/wp-content\/uploads\/2017\/07\/Pyramides.jpg\"><img loading=\"lazy\" class=\"aligncenter wp-image-4033 size-full\" src=\"https:\/\/i2.wp.com\/www.presstourism.ch\/WP_ALEX\/wp-content\/uploads\/2017\/07\/Pyramides.jpg?resize=268%2C188\" alt=\"Pyramides\" width=\"268\" height=\"188\" data-recalc-dims=\"1\" \/><\/a><\/p>\n<p style=\"text-align: right;\">Juillet 2017<\/p>\n<p>La confiance est de retour chez les touristes, m\u00eame si la Suisse reste en retrait. Rencontre exclusive avec Hisham El Demery, chairman Egyptian Tourism Promotion Board.<\/p>\n<div id=\"attachment_4034\" style=\"width: 310px\" class=\"wp-caption aligncenter\"><a href=\"https:\/\/i2.wp.com\/www.presstourism.ch\/WP_ALEX\/wp-content\/uploads\/2017\/07\/IMG_3823.jpg\"><img aria-describedby=\"caption-attachment-4034\" loading=\"lazy\" class=\"wp-image-4034 size-medium\" src=\"https:\/\/i2.wp.com\/www.presstourism.ch\/WP_ALEX\/wp-content\/uploads\/2017\/07\/IMG_3823-300x225.jpg?resize=300%2C225\" alt=\"IMG_3823\" width=\"300\" height=\"225\" srcset=\"https:\/\/i1.wp.com\/www.presstourism.ch\/wp-content\/uploads\/2017\/07\/IMG_3823.jpg?resize=300%2C225 300w, https:\/\/i1.wp.com\/www.presstourism.ch\/wp-content\/uploads\/2017\/07\/IMG_3823.jpg?resize=768%2C576 768w, https:\/\/i1.wp.com\/www.presstourism.ch\/wp-content\/uploads\/2017\/07\/IMG_3823.jpg?resize=1024%2C768 1024w, https:\/\/i1.wp.com\/www.presstourism.ch\/wp-content\/uploads\/2017\/07\/IMG_3823.jpg?resize=600%2C450 600w, https:\/\/i1.wp.com\/www.presstourism.ch\/wp-content\/uploads\/2017\/07\/IMG_3823.jpg?w=1599 1599w, https:\/\/i1.wp.com\/www.presstourism.ch\/wp-content\/uploads\/2017\/07\/IMG_3823.jpg?w=1168 1168w\" sizes=\"(max-width: 300px) 100vw, 300px\" data-recalc-dims=\"1\" \/><\/a><p id=\"caption-attachment-4034\" class=\"wp-caption-text\">Sameh Agha, managing director de South Sinai Travel (SST) et Hisham El Demery, chairman Egyptian Tourism Promotion Board.<\/p><\/div>\n<p><strong>Apr\u00e8s plusieurs ann\u00e9es difficiles post-r\u00e9volution sur le front du tourisme, quelle est la situation aujourd\u2019hui?<\/strong><\/p>\n<p>L\u2019an dernier, nous avons accueilli 5,3 millions de visiteurs. Et, en 2017, nous en attendons entre 7 et 9 millions. L\u2019aspect positif, c\u2019est que, sur les six premiers mois de l\u2019exercice en cours et par rapport \u00e0 la p\u00e9riode correspondante de 2016, le nombre de visiteurs a \u00e9t\u00e9 en augmentation de 52%. Bref, l\u2019on assiste \u00e0 un retour progressif \u00e0 la normale au niveau du tourisme.<\/p>\n<p><strong>Quid des march\u00e9s \u00e9metteurs europ\u00e9ens?<\/strong><\/p>\n<p>L\u2019Allemagne et l\u2019Italie sont clairement de retour. Plus pr\u00e8s de chez nous, les pays arabes font \u00e9galement une perc\u00e9e remarqu\u00e9e. Cela s\u2019explique parce que les services sp\u00e9cialis\u00e9s, dans les pays respectifs, n\u2019incitent plus leurs ressortissants \u00e0 \u00e9viter l\u2019Egypte. Ce n\u2019est que justice, car notre pays est compl\u00e8tement s\u00fbr pour les visiteurs.<\/p>\n<p><a href=\"https:\/\/i2.wp.com\/www.presstourism.ch\/WP_ALEX\/wp-content\/uploads\/2017\/07\/Felouque.jpg\"><img loading=\"lazy\" class=\"size-full wp-image-4037 aligncenter\" src=\"https:\/\/i2.wp.com\/www.presstourism.ch\/WP_ALEX\/wp-content\/uploads\/2017\/07\/Felouque.jpg?resize=275%2C183\" alt=\"Felouque\" width=\"275\" height=\"183\" data-recalc-dims=\"1\" \/><\/a><\/p>\n<p><strong>Et la Suisse?<\/strong><\/p>\n<p>M\u00eame s\u2019il s\u2019agit d\u2019un march\u00e9 de niche en termes de volume, il a toujours \u00e9t\u00e9 important pour nous. Toutefois, il reste nettement en retrait par rapport \u00e0 d\u2019autres destinations \u2013 c\u2019\u00e9tait d\u00e9j\u00e0 le cas avant la r\u00e9volution. C\u2019est une client\u00e8le qui n\u00e9cessite un niveau de service \u00e9lev\u00e9, ce que nous sommes d\u00e9sormais en mesure de lui offrir. Les autorit\u00e9s \u00e9gyptiennes comp\u00e9tentes collaborent \u00e9troitement avec des investisseurs \u00e9trangers, \u00e0 la fois pour am\u00e9liorer les infrastructures d\u2019accueil ici \u2013 \u00e0 ce propos, 5000 km2 sont en ce moment remis \u00e0 niveau partout dans le pays \u2013, et pour la formation du personnel amen\u00e9 \u00e0 y travailler.<\/p>\n<p><strong><a href=\"https:\/\/i1.wp.com\/www.presstourism.ch\/WP_ALEX\/wp-content\/uploads\/2017\/07\/luxor-caleche.jpg\"><img loading=\"lazy\" class=\"aligncenter wp-image-4038 size-medium\" src=\"https:\/\/i2.wp.com\/www.presstourism.ch\/WP_ALEX\/wp-content\/uploads\/2017\/07\/luxor-caleche-300x225.jpg?resize=300%2C225\" alt=\"luxor-caleche\" width=\"300\" height=\"225\" srcset=\"https:\/\/i1.wp.com\/www.presstourism.ch\/wp-content\/uploads\/2017\/07\/luxor-caleche.jpg?resize=300%2C225 300w, https:\/\/i1.wp.com\/www.presstourism.ch\/wp-content\/uploads\/2017\/07\/luxor-caleche.jpg?resize=600%2C450 600w, https:\/\/i1.wp.com\/www.presstourism.ch\/wp-content\/uploads\/2017\/07\/luxor-caleche.jpg?w=700 700w\" sizes=\"(max-width: 300px) 100vw, 300px\" data-recalc-dims=\"1\" \/><\/a><\/strong><\/p>\n<p><strong>Un mot sur les nouveaux march\u00e9s?<\/strong><\/p>\n<p>Pr\u00e9cisons, tout d\u2019abord, qu\u2019il faut 5 \u00e0 7 ans pour s\u2019y implanter. Nous visons explicitement l\u2019Europe de l\u2019Est, dont la Pologne, la R\u00e9publique tch\u00e8que et l\u2019Ukraine. Mais, \u00e0 partir de l\u00e0, comme pour la Chine et l\u2019Inde, dont, soit dit en passant, les ressortissants sont en augmentation, c\u2019est le nombre de vols \u2013 directs \u2013 qui suscite l\u2019int\u00e9r\u00eat des clients potentiellement int\u00e9ress\u00e9s par l\u2019Egypte.<\/p>\n<p><a href=\"https:\/\/i1.wp.com\/www.presstourism.ch\/WP_ALEX\/wp-content\/uploads\/2017\/07\/Charm-el-Cheikh.jpg\"><img loading=\"lazy\" class=\"size-full wp-image-4036 aligncenter\" src=\"https:\/\/i1.wp.com\/www.presstourism.ch\/WP_ALEX\/wp-content\/uploads\/2017\/07\/Charm-el-Cheikh.jpg?resize=276%2C183\" alt=\"Charm el Cheikh\" width=\"276\" height=\"183\" data-recalc-dims=\"1\" \/><\/a><\/p>\n<p><strong>A ce propos, que peut-on dire de la station baln\u00e9aire de Charm el-Cheikh?<\/strong><\/p>\n<p>Nous allons b\u00e9n\u00e9ficier de davantage de fonds pour la promouvoir et inciter les tour-op\u00e9rateurs \u00e0 y affr\u00e9ter de nouveau des vols charters. C\u2019est le probl\u00e8me en ce moment, il n\u2019y en a pas assez.<\/p>\n<p><strong><a href=\"https:\/\/i0.wp.com\/www.presstourism.ch\/WP_ALEX\/wp-content\/uploads\/2017\/07\/Assouan-Egypte-Temple-de-Philae-Relief-dIsis.jpg\"><img loading=\"lazy\" class=\"aligncenter wp-image-4039 size-medium\" src=\"https:\/\/i0.wp.com\/www.presstourism.ch\/WP_ALEX\/wp-content\/uploads\/2017\/07\/Assouan-Egypte-Temple-de-Philae-Relief-dIsis-300x192.jpg?resize=300%2C192\" alt=\"Assouan (Egypte) - Temple de Philae - Relief d'Isis\" width=\"300\" height=\"192\" srcset=\"https:\/\/i1.wp.com\/www.presstourism.ch\/wp-content\/uploads\/2017\/07\/Assouan-Egypte-Temple-de-Philae-Relief-dIsis.jpg?resize=300%2C192 300w, https:\/\/i1.wp.com\/www.presstourism.ch\/wp-content\/uploads\/2017\/07\/Assouan-Egypte-Temple-de-Philae-Relief-dIsis.jpg?resize=768%2C492 768w, https:\/\/i1.wp.com\/www.presstourism.ch\/wp-content\/uploads\/2017\/07\/Assouan-Egypte-Temple-de-Philae-Relief-dIsis.jpg?resize=1024%2C655 1024w, https:\/\/i1.wp.com\/www.presstourism.ch\/wp-content\/uploads\/2017\/07\/Assouan-Egypte-Temple-de-Philae-Relief-dIsis.jpg?resize=600%2C384 600w, https:\/\/i1.wp.com\/www.presstourism.ch\/wp-content\/uploads\/2017\/07\/Assouan-Egypte-Temple-de-Philae-Relief-dIsis.jpg?w=1200 1200w\" sizes=\"(max-width: 300px) 100vw, 300px\" data-recalc-dims=\"1\" \/><\/a>Concernant la promotion, justement, vous innovez.<\/strong><\/p>\n<p>En effet, nous invitons des c\u00e9l\u00e9brit\u00e9s en Egypte \u2013 l\u2019acteur am\u00e9ricain Will Smith, les footballeurs Ronaldo et sa famille, Messi, etc. \u2013, qui sont souvent suivis par des dizaines de millions de fans sur les r\u00e9seaux sociaux. Et lorsque ces stars postent divers photos et commentaires de leur s\u00e9jour sous nos latitudes, cela fait souvent mouche aupr\u00e8s des followers. Ca leur donne aussi confiance que de telles vedettes parlent en bien de notre pays. Ce sont en fait de v\u00e9ritables ambassadeurs.<\/p>\n<p>Sameh Agha: &#8211; Cela contribue \u00e9galement \u00e0 rafra\u00eechir l\u2019image de l\u2019Egypte.<\/p>\n<div id=\"attachment_4035\" style=\"width: 310px\" class=\"wp-caption aligncenter\"><a href=\"https:\/\/i2.wp.com\/www.presstourism.ch\/WP_ALEX\/wp-content\/uploads\/2017\/07\/La-fa\u00e7ade-du-mus\u00e9e-\u00a9-Studio-d\u2019architecture-Heneghan-Peng-Largeur-max.-1024-Hauteur-max.-768.jpg\"><img aria-describedby=\"caption-attachment-4035\" loading=\"lazy\" class=\"wp-image-4035 size-medium\" src=\"https:\/\/i1.wp.com\/www.presstourism.ch\/WP_ALEX\/wp-content\/uploads\/2017\/07\/La-fa\u00e7ade-du-mus\u00e9e-\u00a9-Studio-d\u2019architecture-Heneghan-Peng-Largeur-max.-1024-Hauteur-max.-768-300x150.jpg?resize=300%2C150\" alt=\"La fa\u00e7ade du mus\u00e9e \u00a9 Studio d\u2019architecture Heneghan-Peng\" width=\"300\" height=\"150\" srcset=\"https:\/\/i2.wp.com\/www.presstourism.ch\/wp-content\/uploads\/2017\/07\/La-fa\u00e7ade-du-mus\u00e9e-\u00a9-Studio-d\u2019architecture-Heneghan-Peng-Largeur-max.-1024-Hauteur-max.-768.jpg?resize=300%2C150 300w, https:\/\/i2.wp.com\/www.presstourism.ch\/wp-content\/uploads\/2017\/07\/La-fa\u00e7ade-du-mus\u00e9e-\u00a9-Studio-d\u2019architecture-Heneghan-Peng-Largeur-max.-1024-Hauteur-max.-768.jpg?resize=768%2C384 768w, https:\/\/i2.wp.com\/www.presstourism.ch\/wp-content\/uploads\/2017\/07\/La-fa\u00e7ade-du-mus\u00e9e-\u00a9-Studio-d\u2019architecture-Heneghan-Peng-Largeur-max.-1024-Hauteur-max.-768.jpg?w=1024 1024w, https:\/\/i2.wp.com\/www.presstourism.ch\/wp-content\/uploads\/2017\/07\/La-fa\u00e7ade-du-mus\u00e9e-\u00a9-Studio-d\u2019architecture-Heneghan-Peng-Largeur-max.-1024-Hauteur-max.-768.jpg?resize=600%2C300 600w\" sizes=\"(max-width: 300px) 100vw, 300px\" data-recalc-dims=\"1\" \/><\/a><p id=\"caption-attachment-4035\" class=\"wp-caption-text\">La fa\u00e7ade du mus\u00e9e \u00a9 Studio d\u2019architecture Heneghan-Peng<\/p><\/div>\n<p><strong>Parmi les points forts tr\u00e8s attendus, le nouveau mus\u00e9e du Caire, au pied des pyramides. O\u00f9 en est-on? <\/strong><\/p>\n<p>Rappelons, tout d\u2019abord, qu\u2019il sera le plus grand mus\u00e9e arch\u00e9ologique au monde, qui comprendra, outre des milliers de vestiges et d\u2019objets divers, des salles de conf\u00e9rences, des outlets, etc. La premi\u00e8re partie de l\u2019\u00e9difice devrait ouvrir en avril-mai 2018.<\/p>\n<p style=\"text-align: right;\"><strong>Propos recueillis par Didier Walzer<\/strong><\/p>\n<p>&nbsp;<\/p>\n","protected":false},"excerpt":{"rendered":"<p>Juillet 2017 La confiance est de retour chez les touristes, m\u00eame si la Suisse reste en retrait. Rencontre exclusive avec Hisham El Demery, chairman Egyptian Tourism Promotion Board. Apr\u00e8s plusieurs ann\u00e9es difficiles post-r\u00e9volution sur le front du tourisme, quelle est &hellip; <a href=\"http:\/\/www.presstourism.ch\/?page_id=4032\">Continuer la lecture <span class=\"meta-nav\">&rarr;<\/span><\/a><\/p>\n","protected":false},"author":1,"featured_media":0,"parent":4042,"menu_order":0,"comment_status":"closed","ping_status":"closed","template":"","meta":{"ngg_post_thumbnail":0,"spay_email":""},"jetpack_sharing_enabled":true,"jetpack_shortlink":"https:\/\/wp.me\/P468TV-132","_links":{"self":[{"href":"http:\/\/www.presstourism.ch\/index.php?rest_route=\/wp\/v2\/pages\/4032"}],"collection":[{"href":"http:\/\/www.presstourism.ch\/index.php?rest_route=\/wp\/v2\/pages"}],"about":[{"href":"http:\/\/www.presstourism.ch\/index.php?rest_route=\/wp\/v2\/types\/page"}],"author":[{"embeddable":true,"href":"http:\/\/www.presstourism.ch\/index.php?rest_route=\/wp\/v2\/users\/1"}],"replies":[{"embeddable":true,"href":"http:\/\/www.presstourism.ch\/index.php?rest_route=%2Fwp%2Fv2%2Fcomments&post=4032"}],"version-history":[{"count":1,"href":"http:\/\/www.presstourism.ch\/index.php?rest_route=\/wp\/v2\/pages\/4032\/revisions"}],"predecessor-version":[{"id":4041,"href":"http:\/\/www.presstourism.ch\/index.php?rest_route=\/wp\/v2\/pages\/4032\/revisions\/4041"}],"up":[{"embeddable":true,"href":"http:\/\/www.presstourism.ch\/index.php?rest_route=\/wp\/v2\/pages\/4042"}],"wp:attachment":[{"href":"http:\/\/www.presstourism.ch\/index.php?rest_route=%2Fwp%2Fv2%2Fmedia&parent=4032"}],"curies":[{"name":"wp","href":"https:\/\/api.w.org\/{rel}","templated":true}]}}