{"id":4008,"date":"2017-07-25T14:58:14","date_gmt":"2017-07-25T13:58:14","guid":{"rendered":"http:\/\/www.presstourism.ch\/WP_ALEX\/?page_id=4008"},"modified":"2024-04-12T20:07:35","modified_gmt":"2024-04-12T18:07:35","slug":"le-soleil-brille-toujours-sur-le-vieux-port","status":"publish","type":"page","link":"http:\/\/www.presstourism.ch\/?page_id=4008","title":{"rendered":"Le soleil brille toujours sur le Vieux-Port"},"content":{"rendered":"<div id=\"attachment_4013\" style=\"width: 650px\" class=\"wp-caption alignnone\"><a href=\"https:\/\/i1.wp.com\/www.presstourism.ch\/WP_ALEX\/wp-content\/uploads\/2017\/07\/1MarseilleBaladeVieux-PortNDGarde-Largeur-max.-1024-Hauteur-max.-768.jpg\"><img aria-describedby=\"caption-attachment-4013\" loading=\"lazy\" class=\"size-large wp-image-4013\" src=\"https:\/\/i1.wp.com\/www.presstourism.ch\/WP_ALEX\/wp-content\/uploads\/2017\/07\/1MarseilleBaladeVieux-PortNDGarde-Largeur-max.-1024-Hauteur-max.-768-1024x682.jpg?resize=584%2C389\" alt=\"Marseille, son Vieux-Port et la basilique de Notre-Dame de la Garde, d'o\u00f9 il y a un superbe panorama sur la cit\u00e9.\" width=\"584\" height=\"389\" srcset=\"https:\/\/i0.wp.com\/www.presstourism.ch\/wp-content\/uploads\/2017\/07\/1MarseilleBaladeVieux-PortNDGarde-Largeur-max.-1024-Hauteur-max.-768.jpg?w=1024 1024w, https:\/\/i0.wp.com\/www.presstourism.ch\/wp-content\/uploads\/2017\/07\/1MarseilleBaladeVieux-PortNDGarde-Largeur-max.-1024-Hauteur-max.-768.jpg?resize=300%2C200 300w, https:\/\/i0.wp.com\/www.presstourism.ch\/wp-content\/uploads\/2017\/07\/1MarseilleBaladeVieux-PortNDGarde-Largeur-max.-1024-Hauteur-max.-768.jpg?resize=768%2C512 768w, https:\/\/i0.wp.com\/www.presstourism.ch\/wp-content\/uploads\/2017\/07\/1MarseilleBaladeVieux-PortNDGarde-Largeur-max.-1024-Hauteur-max.-768.jpg?resize=600%2C400 600w\" sizes=\"(max-width: 584px) 100vw, 584px\" data-recalc-dims=\"1\" \/><\/a><p id=\"caption-attachment-4013\" class=\"wp-caption-text\">Marseille, son Vieux-Port et la basilique de Notre-Dame de la Garde, d&rsquo;o\u00f9 il y a un superbe panorama sur la cit\u00e9.<\/p><\/div>\n<p>MARSEILLE &#8211; Attractive et dynamique, la cit\u00e9 phoc\u00e9enne s&rsquo;impose aujourd&rsquo;hui comme une destination touristique incontournable entre la beaut\u00e9 de son patrimoine urbain et ses nouvelles richesses architecturales.<\/p>\n<div id=\"attachment_4014\" style=\"width: 650px\" class=\"wp-caption alignnone\"><a href=\"https:\/\/i1.wp.com\/www.presstourism.ch\/WP_ALEX\/wp-content\/uploads\/2017\/07\/2MarseilleMUCEM-NewsQuartier-Largeur-max.-1024-Hauteur-max.-768.jpg\"><img aria-describedby=\"caption-attachment-4014\" loading=\"lazy\" class=\"size-large wp-image-4014\" src=\"https:\/\/i2.wp.com\/www.presstourism.ch\/WP_ALEX\/wp-content\/uploads\/2017\/07\/2MarseilleMUCEM-NewsQuartier-Largeur-max.-1024-Hauteur-max.-768-1024x682.jpg?resize=584%2C389\" alt=\"Dans les couloirs ext\u00e9rieurs du Mus\u00e9e des civilisations de l'Europe et de la M\u00e9diterran\u00e9e (MUCEM)...\" width=\"584\" height=\"389\" srcset=\"https:\/\/i2.wp.com\/www.presstourism.ch\/wp-content\/uploads\/2017\/07\/2MarseilleMUCEM-NewsQuartier-Largeur-max.-1024-Hauteur-max.-768.jpg?w=1024 1024w, https:\/\/i2.wp.com\/www.presstourism.ch\/wp-content\/uploads\/2017\/07\/2MarseilleMUCEM-NewsQuartier-Largeur-max.-1024-Hauteur-max.-768.jpg?resize=300%2C200 300w, https:\/\/i2.wp.com\/www.presstourism.ch\/wp-content\/uploads\/2017\/07\/2MarseilleMUCEM-NewsQuartier-Largeur-max.-1024-Hauteur-max.-768.jpg?resize=768%2C512 768w, https:\/\/i2.wp.com\/www.presstourism.ch\/wp-content\/uploads\/2017\/07\/2MarseilleMUCEM-NewsQuartier-Largeur-max.-1024-Hauteur-max.-768.jpg?resize=600%2C400 600w\" sizes=\"(max-width: 584px) 100vw, 584px\" data-recalc-dims=\"1\" \/><\/a><p id=\"caption-attachment-4014\" class=\"wp-caption-text\">Dans les couloirs ext\u00e9rieurs du Mus\u00e9e des civilisations de l&rsquo;Europe et de la M\u00e9diterran\u00e9e (MUCEM)&#8230;<\/p><\/div>\n<div id=\"attachment_4015\" style=\"width: 650px\" class=\"wp-caption alignnone\"><a href=\"https:\/\/i2.wp.com\/www.presstourism.ch\/WP_ALEX\/wp-content\/uploads\/2017\/07\/3MarseilleMUCEM-Largeur-max.-1024-Hauteur-max.-768.jpg\"><img aria-describedby=\"caption-attachment-4015\" loading=\"lazy\" class=\"size-large wp-image-4015\" src=\"https:\/\/i1.wp.com\/www.presstourism.ch\/WP_ALEX\/wp-content\/uploads\/2017\/07\/3MarseilleMUCEM-Largeur-max.-1024-Hauteur-max.-768-1024x768.jpg?resize=584%2C438\" alt=\"... et une vue de l'ext\u00e9rieur depuis la passerelle qui conduit au Fort Saint-Jean.\" width=\"584\" height=\"438\" srcset=\"https:\/\/i0.wp.com\/www.presstourism.ch\/wp-content\/uploads\/2017\/07\/3MarseilleMUCEM-Largeur-max.-1024-Hauteur-max.-768.jpg?w=1024 1024w, https:\/\/i0.wp.com\/www.presstourism.ch\/wp-content\/uploads\/2017\/07\/3MarseilleMUCEM-Largeur-max.-1024-Hauteur-max.-768.jpg?resize=300%2C225 300w, https:\/\/i0.wp.com\/www.presstourism.ch\/wp-content\/uploads\/2017\/07\/3MarseilleMUCEM-Largeur-max.-1024-Hauteur-max.-768.jpg?resize=768%2C576 768w, https:\/\/i0.wp.com\/www.presstourism.ch\/wp-content\/uploads\/2017\/07\/3MarseilleMUCEM-Largeur-max.-1024-Hauteur-max.-768.jpg?resize=600%2C450 600w\" sizes=\"(max-width: 584px) 100vw, 584px\" data-recalc-dims=\"1\" \/><\/a><p id=\"caption-attachment-4015\" class=\"wp-caption-text\">&#8230; et une vue de l&rsquo;ext\u00e9rieur depuis la passerelle qui conduit au Fort Saint-Jean.<\/p><\/div>\n<p>S&rsquo;il y a d\u00e9j\u00e0 un certain temps que vous n&rsquo;\u00eates pas retourn\u00e9s \u00e0 Marseille, pr\u00e9cipitez-vous! Depuis qu&rsquo;elle a \u00e9t\u00e9 Capitale europ\u00e9enne de la Culture en 2013 et sous l&rsquo;impulsion d&rsquo;Eurom\u00e9diterran\u00e9e, plus grande op\u00e9ration de r\u00e9novation urbaine d&rsquo;Europe du Sud, la cit\u00e9 a connu une profonde mutation et a vu pousser plusieurs sites, b\u00e2timents et espaces publics \u00e0 l&rsquo;architecture futuriste.<\/p>\n<div id=\"attachment_4016\" style=\"width: 650px\" class=\"wp-caption alignnone\"><a href=\"https:\/\/i0.wp.com\/www.presstourism.ch\/WP_ALEX\/wp-content\/uploads\/2017\/07\/7MarseilleQuartier-VieuxPanier-Largeur-max.-1024-Hauteur-max.-768.jpg\"><img aria-describedby=\"caption-attachment-4016\" loading=\"lazy\" class=\"size-large wp-image-4016\" src=\"https:\/\/i0.wp.com\/www.presstourism.ch\/WP_ALEX\/wp-content\/uploads\/2017\/07\/7MarseilleQuartier-VieuxPanier-Largeur-max.-1024-Hauteur-max.-768-1024x682.jpg?resize=584%2C389\" alt=\"Il fait bon fl\u00e2ner dans les vieux quartiers, ici dans celui du Panier avec un magasin de brocante.\" width=\"584\" height=\"389\" srcset=\"https:\/\/i2.wp.com\/www.presstourism.ch\/wp-content\/uploads\/2017\/07\/7MarseilleQuartier-VieuxPanier-Largeur-max.-1024-Hauteur-max.-768.jpg?w=1024 1024w, https:\/\/i2.wp.com\/www.presstourism.ch\/wp-content\/uploads\/2017\/07\/7MarseilleQuartier-VieuxPanier-Largeur-max.-1024-Hauteur-max.-768.jpg?resize=300%2C200 300w, https:\/\/i2.wp.com\/www.presstourism.ch\/wp-content\/uploads\/2017\/07\/7MarseilleQuartier-VieuxPanier-Largeur-max.-1024-Hauteur-max.-768.jpg?resize=768%2C512 768w, https:\/\/i2.wp.com\/www.presstourism.ch\/wp-content\/uploads\/2017\/07\/7MarseilleQuartier-VieuxPanier-Largeur-max.-1024-Hauteur-max.-768.jpg?resize=600%2C400 600w\" sizes=\"(max-width: 584px) 100vw, 584px\" data-recalc-dims=\"1\" \/><\/a><p id=\"caption-attachment-4016\" class=\"wp-caption-text\">Il fait bon fl\u00e2ner dans les vieux quartiers, ici dans celui du Panier avec un magasin de brocante.<\/p><\/div>\n<p>Mais elle a aussi su garder son cachet plus ancien autour du Vieux-Port et dans ses fameux quartiers de la Cannebi\u00e8re, du Panier, quasiment un village historique, de Saint-Victor ou encore de sa \u00ab\u00a0rue des arts\u00a0\u00bb, du c\u00f4t\u00e9 de Saint-Charles, etc. Les balades \u00e0 pied s&rsquo;imposent sauf pour monter \u00e0 Notre-Dame-de-la-Garde, surnomm\u00e9 \u00ab\u00a0La Bonne M\u00e8re\u00a0\u00bb, monument le plus c\u00e9l\u00e8bre de la cit\u00e9 phoc\u00e9enne et aussi le plus \u00e9lev\u00e9 (154 m.), o\u00f9 le bus est recommand\u00e9.<\/p>\n<div id=\"attachment_4017\" style=\"width: 650px\" class=\"wp-caption alignnone\"><a href=\"https:\/\/i0.wp.com\/www.presstourism.ch\/WP_ALEX\/wp-content\/uploads\/2017\/07\/5MarseilleStade-Velodrome-Largeur-max.-1024-Hauteur-max.-768.jpg\"><img aria-describedby=\"caption-attachment-4017\" loading=\"lazy\" class=\"size-large wp-image-4017\" src=\"https:\/\/i1.wp.com\/www.presstourism.ch\/WP_ALEX\/wp-content\/uploads\/2017\/07\/5MarseilleStade-Velodrome-Largeur-max.-1024-Hauteur-max.-768-1024x682.jpg?resize=584%2C389\" alt=\"Un autre b\u00e2timent &quot;sacr\u00e9&quot; de la Cit\u00e9 phoc\u00e9enne: le Stade V\u00e9lodrome de l'Olympique de Marseille.\" width=\"584\" height=\"389\" srcset=\"https:\/\/i2.wp.com\/www.presstourism.ch\/wp-content\/uploads\/2017\/07\/5MarseilleStade-Velodrome-Largeur-max.-1024-Hauteur-max.-768.jpg?w=1024 1024w, https:\/\/i2.wp.com\/www.presstourism.ch\/wp-content\/uploads\/2017\/07\/5MarseilleStade-Velodrome-Largeur-max.-1024-Hauteur-max.-768.jpg?resize=300%2C200 300w, https:\/\/i2.wp.com\/www.presstourism.ch\/wp-content\/uploads\/2017\/07\/5MarseilleStade-Velodrome-Largeur-max.-1024-Hauteur-max.-768.jpg?resize=768%2C512 768w, https:\/\/i2.wp.com\/www.presstourism.ch\/wp-content\/uploads\/2017\/07\/5MarseilleStade-Velodrome-Largeur-max.-1024-Hauteur-max.-768.jpg?resize=600%2C400 600w\" sizes=\"(max-width: 584px) 100vw, 584px\" data-recalc-dims=\"1\" \/><\/a><p id=\"caption-attachment-4017\" class=\"wp-caption-text\">Un autre b\u00e2timent \u00ab\u00a0sacr\u00e9\u00a0\u00bb de la Cit\u00e9 phoc\u00e9enne: le Stade V\u00e9lodrome de l&rsquo;Olympique de Marseille.<\/p><\/div>\n<p>On la voit de partout, cette basilique, et c&rsquo;est le premier endroit o\u00f9 il faut se rendre. Pour profiter d&rsquo;une vue incroyable \u00e0 360 degr\u00e9s, qui permet de situer les divers quartiers, depuis la C\u00f4te Bleue jusqu&rsquo;aux Calanques, en passant par le Stade V\u00e9lodrome de l&rsquo;OM \u2013 lui aussi sacr\u00e9 \u2013, la Cit\u00e9 Radieuse de Le Corbusier, la Pointe Rouge et les \u00eeles du Frioul. Dont celle du ch\u00e2teau d&rsquo;If, cette forteresse qui a abrit\u00e9&nbsp;Edmond Dant\u00e8s, le h\u00e9ros imaginaire du roman d&rsquo;Alexandre Dumas, \u00ab\u00a0Le Comte de Monte-Cristo\u00a0\u00bb.<\/p>\n<div id=\"attachment_4018\" style=\"width: 650px\" class=\"wp-caption alignnone\"><a href=\"https:\/\/i2.wp.com\/www.presstourism.ch\/WP_ALEX\/wp-content\/uploads\/2017\/07\/8MarseilleCh\u00e2teauIf-Largeur-max.-1024-Hauteur-max.-768.jpg\"><img aria-describedby=\"caption-attachment-4018\" loading=\"lazy\" class=\"size-large wp-image-4018\" src=\"https:\/\/i1.wp.com\/www.presstourism.ch\/WP_ALEX\/wp-content\/uploads\/2017\/07\/8MarseilleCh\u00e2teauIf-Largeur-max.-1024-Hauteur-max.-768-1024x682.jpg?resize=584%2C389\" alt=\"Le ch\u00e2teau d'If, parmi les \u00eeles du Frioul, o\u00f9 fut emprisonn\u00e9 Edmond Dant\u00e8s, comte de Monte-Cristo, h\u00e9ros du roman d'Alexandre Dumas.\" width=\"584\" height=\"389\" srcset=\"https:\/\/i0.wp.com\/www.presstourism.ch\/wp-content\/uploads\/2017\/07\/8MarseilleCh\u00e2teauIf-Largeur-max.-1024-Hauteur-max.-768.jpg?w=1024 1024w, https:\/\/i0.wp.com\/www.presstourism.ch\/wp-content\/uploads\/2017\/07\/8MarseilleCh\u00e2teauIf-Largeur-max.-1024-Hauteur-max.-768.jpg?resize=300%2C200 300w, https:\/\/i0.wp.com\/www.presstourism.ch\/wp-content\/uploads\/2017\/07\/8MarseilleCh\u00e2teauIf-Largeur-max.-1024-Hauteur-max.-768.jpg?resize=768%2C512 768w, https:\/\/i0.wp.com\/www.presstourism.ch\/wp-content\/uploads\/2017\/07\/8MarseilleCh\u00e2teauIf-Largeur-max.-1024-Hauteur-max.-768.jpg?resize=600%2C400 600w\" sizes=\"(max-width: 584px) 100vw, 584px\" data-recalc-dims=\"1\" \/><\/a><p id=\"caption-attachment-4018\" class=\"wp-caption-text\">Le ch\u00e2teau d&rsquo;If, parmi les \u00eeles du Frioul, o\u00f9 fut emprisonn\u00e9 Edmond Dant\u00e8s, comte de Monte-Cristo, h\u00e9ros du roman d&rsquo;Alexandre Dumas.<\/p><\/div>\n<p>Vous visiterez ensuite, \u00e0 votre go\u00fbt, l&rsquo;un ou l&rsquo;autre de ces lieux anciens ou modernes. Avant, pourquoi pas, de programmer une croisi\u00e8re dans les Calanques, qui s&rsquo;\u00e9tendent sur 20&nbsp;km du littoral entre Marseille et Cassis. On peut aussi les parcourir \u00e0 pied et elles offrent d&rsquo;infinies d\u00e9couvertes parmi lesquelles garrigue sauvage et criques secr\u00e8tes. C&rsquo;est un magnifique spectacle, \u00e0 l&rsquo;image d&rsquo;une ville exceptionnelle et tellement belle.<\/p>\n<div id=\"attachment_4019\" style=\"width: 650px\" class=\"wp-caption alignnone\"><a href=\"https:\/\/i1.wp.com\/www.presstourism.ch\/WP_ALEX\/wp-content\/uploads\/2017\/07\/4MarseilleCalanques-RochesBlanches-Largeur-max.-1024-Hauteur-max.-768.jpg\"><img aria-describedby=\"caption-attachment-4019\" loading=\"lazy\" class=\"size-large wp-image-4019\" src=\"https:\/\/i0.wp.com\/www.presstourism.ch\/WP_ALEX\/wp-content\/uploads\/2017\/07\/4MarseilleCalanques-RochesBlanches-Largeur-max.-1024-Hauteur-max.-768-1024x682.jpg?resize=584%2C389\" alt=\"Une balade dans les calanques s'impose avec ses roches blanches parfois vertigineuses.\" width=\"584\" height=\"389\" srcset=\"https:\/\/i0.wp.com\/www.presstourism.ch\/wp-content\/uploads\/2017\/07\/4MarseilleCalanques-RochesBlanches-Largeur-max.-1024-Hauteur-max.-768.jpg?w=1024 1024w, https:\/\/i0.wp.com\/www.presstourism.ch\/wp-content\/uploads\/2017\/07\/4MarseilleCalanques-RochesBlanches-Largeur-max.-1024-Hauteur-max.-768.jpg?resize=300%2C200 300w, https:\/\/i0.wp.com\/www.presstourism.ch\/wp-content\/uploads\/2017\/07\/4MarseilleCalanques-RochesBlanches-Largeur-max.-1024-Hauteur-max.-768.jpg?resize=768%2C512 768w, https:\/\/i0.wp.com\/www.presstourism.ch\/wp-content\/uploads\/2017\/07\/4MarseilleCalanques-RochesBlanches-Largeur-max.-1024-Hauteur-max.-768.jpg?resize=600%2C400 600w\" sizes=\"(max-width: 584px) 100vw, 584px\" data-recalc-dims=\"1\" \/><\/a><p id=\"caption-attachment-4019\" class=\"wp-caption-text\">Une balade dans les calanques s&rsquo;impose avec ses roches blanches parfois vertigineuses.<\/p><\/div>\n<p><strong>Textes et photos: Roger Juillerat<\/strong><\/p>\n<div id=\"attachment_4020\" style=\"width: 650px\" class=\"wp-caption alignnone\"><a href=\"https:\/\/i1.wp.com\/www.presstourism.ch\/WP_ALEX\/wp-content\/uploads\/2017\/07\/6MarseilleDauphins-LargeIlesFrioul-Largeur-max.-1024-Hauteur-max.-768.jpg\"><img aria-describedby=\"caption-attachment-4020\" loading=\"lazy\" class=\"size-large wp-image-4020\" src=\"https:\/\/i0.wp.com\/www.presstourism.ch\/WP_ALEX\/wp-content\/uploads\/2017\/07\/6MarseilleDauphins-LargeIlesFrioul-Largeur-max.-1024-Hauteur-max.-768-1024x682.jpg?resize=584%2C389\" alt=\"Le bonheur de rencontrer parfois des familles de dauphins au large des \u00eeles du Frioul.\" width=\"584\" height=\"389\" srcset=\"https:\/\/i2.wp.com\/www.presstourism.ch\/wp-content\/uploads\/2017\/07\/6MarseilleDauphins-LargeIlesFrioul-Largeur-max.-1024-Hauteur-max.-768.jpg?w=1024 1024w, https:\/\/i2.wp.com\/www.presstourism.ch\/wp-content\/uploads\/2017\/07\/6MarseilleDauphins-LargeIlesFrioul-Largeur-max.-1024-Hauteur-max.-768.jpg?resize=300%2C200 300w, https:\/\/i2.wp.com\/www.presstourism.ch\/wp-content\/uploads\/2017\/07\/6MarseilleDauphins-LargeIlesFrioul-Largeur-max.-1024-Hauteur-max.-768.jpg?resize=768%2C512 768w, https:\/\/i2.wp.com\/www.presstourism.ch\/wp-content\/uploads\/2017\/07\/6MarseilleDauphins-LargeIlesFrioul-Largeur-max.-1024-Hauteur-max.-768.jpg?resize=600%2C400 600w\" sizes=\"(max-width: 584px) 100vw, 584px\" data-recalc-dims=\"1\" \/><\/a><p id=\"caption-attachment-4020\" class=\"wp-caption-text\">Le bonheur de rencontrer parfois des familles de dauphins au large des \u00eeles du Frioul.<\/p><\/div>\n<p><em>&nbsp;<\/em><\/p>\n<hr>\n<p><strong>Infos pratiques<\/strong><\/p>\n<p><strong>&nbsp;<\/strong><\/p>\n<div id=\"attachment_4021\" style=\"width: 650px\" class=\"wp-caption alignnone\"><a href=\"https:\/\/i2.wp.com\/www.presstourism.ch\/WP_ALEX\/wp-content\/uploads\/2017\/07\/9MarseilleFort-StJeanEgliseGarde-Largeur-max.-1024-Hauteur-max.-768.jpg\"><img aria-describedby=\"caption-attachment-4021\" loading=\"lazy\" class=\"size-large wp-image-4021\" src=\"https:\/\/i1.wp.com\/www.presstourism.ch\/WP_ALEX\/wp-content\/uploads\/2017\/07\/9MarseilleFort-StJeanEgliseGarde-Largeur-max.-1024-Hauteur-max.-768-1024x682.jpg?resize=584%2C389\" alt=\"La Tour du Fort Saint Jean et la basilique de Notre Dame de la Garde.\" width=\"584\" height=\"389\" srcset=\"https:\/\/i1.wp.com\/www.presstourism.ch\/wp-content\/uploads\/2017\/07\/9MarseilleFort-StJeanEgliseGarde-Largeur-max.-1024-Hauteur-max.-768.jpg?w=1024 1024w, https:\/\/i1.wp.com\/www.presstourism.ch\/wp-content\/uploads\/2017\/07\/9MarseilleFort-StJeanEgliseGarde-Largeur-max.-1024-Hauteur-max.-768.jpg?resize=300%2C200 300w, https:\/\/i1.wp.com\/www.presstourism.ch\/wp-content\/uploads\/2017\/07\/9MarseilleFort-StJeanEgliseGarde-Largeur-max.-1024-Hauteur-max.-768.jpg?resize=768%2C512 768w, https:\/\/i1.wp.com\/www.presstourism.ch\/wp-content\/uploads\/2017\/07\/9MarseilleFort-StJeanEgliseGarde-Largeur-max.-1024-Hauteur-max.-768.jpg?resize=600%2C400 600w\" sizes=\"(max-width: 584px) 100vw, 584px\" data-recalc-dims=\"1\" \/><\/a><p id=\"caption-attachment-4021\" class=\"wp-caption-text\">La Tour du Fort Saint Jean et la basilique de Notre Dame de la Garde.<\/p><\/div>\n<p><strong>Y aller:<\/strong> Easyjet, <a href=\"http:\/\/www.easyjet.ch\">www.easyjet.ch<\/a>, assure des vols directs de moins d&rsquo;une heure depuis Gen\u00e8ve. Pour rejoindre le centre-ville, prendre la Navette Marseille.<\/p>\n<div id=\"attachment_4022\" style=\"width: 650px\" class=\"wp-caption alignnone\"><a href=\"https:\/\/i2.wp.com\/www.presstourism.ch\/WP_ALEX\/wp-content\/uploads\/2017\/07\/10MarseilleAccoules-BiscuitNavette-Largeur-max.-1024-Hauteur-max.-768.jpg\"><img aria-describedby=\"caption-attachment-4022\" loading=\"lazy\" class=\"size-large wp-image-4022\" src=\"https:\/\/i2.wp.com\/www.presstourism.ch\/WP_ALEX\/wp-content\/uploads\/2017\/07\/10MarseilleAccoules-BiscuitNavette-Largeur-max.-1024-Hauteur-max.-768-1024x682.jpg?resize=584%2C389\" alt=\"Chez Jos\u00e9 Orsini, aux portes du quartier du Panier, on trouve l'authentique Navettes des Accoules, le traditionnel biscuit marseillais.\" width=\"584\" height=\"389\" srcset=\"https:\/\/i1.wp.com\/www.presstourism.ch\/wp-content\/uploads\/2017\/07\/10MarseilleAccoules-BiscuitNavette-Largeur-max.-1024-Hauteur-max.-768.jpg?w=1024 1024w, https:\/\/i1.wp.com\/www.presstourism.ch\/wp-content\/uploads\/2017\/07\/10MarseilleAccoules-BiscuitNavette-Largeur-max.-1024-Hauteur-max.-768.jpg?resize=300%2C200 300w, https:\/\/i1.wp.com\/www.presstourism.ch\/wp-content\/uploads\/2017\/07\/10MarseilleAccoules-BiscuitNavette-Largeur-max.-1024-Hauteur-max.-768.jpg?resize=768%2C512 768w, https:\/\/i1.wp.com\/www.presstourism.ch\/wp-content\/uploads\/2017\/07\/10MarseilleAccoules-BiscuitNavette-Largeur-max.-1024-Hauteur-max.-768.jpg?resize=600%2C400 600w\" sizes=\"(max-width: 584px) 100vw, 584px\" data-recalc-dims=\"1\" \/><\/a><p id=\"caption-attachment-4022\" class=\"wp-caption-text\">Chez Jos\u00e9 Orsini, aux portes du quartier du Panier, on trouve l&rsquo;authentique Navettes des Accoules, le traditionnel biscuit marseillais.<\/p><\/div>\n<p><strong>Couettes et couverts:<\/strong> h\u00f4tel la R\u00e9sidence du Vieux Port, <a href=\"http:\/\/www.hotel-residence-marseille.com\">www.hotel-residence-marseille.com<\/a>, particuli\u00e8rement bien situ\u00e9. Un d\u00eener bouillabaisse chez Fonfon, au Vallon des Auffes, c&rsquo;est excellent, <a href=\"http:\/\/www.chez-fonfon.com\">www.chez-fonfon.com<\/a><\/p>\n<div id=\"attachment_4023\" style=\"width: 650px\" class=\"wp-caption alignnone\"><a href=\"https:\/\/i0.wp.com\/www.presstourism.ch\/WP_ALEX\/wp-content\/uploads\/2017\/07\/12MarseilleGrande-Savonnerie-Largeur-max.-1024-Hauteur-max.-768.jpg\"><img aria-describedby=\"caption-attachment-4023\" loading=\"lazy\" class=\"size-large wp-image-4023\" src=\"https:\/\/i2.wp.com\/www.presstourism.ch\/WP_ALEX\/wp-content\/uploads\/2017\/07\/12MarseilleGrande-Savonnerie-Largeur-max.-1024-Hauteur-max.-768-1024x682.jpg?resize=584%2C389\" alt=\"A la Grande Savonnerie (Grand rue 36), Jean-Baptiste Jaussaud donne toutes les infos sur la fabrication du fameux Savon de Marseille, le vrai.\" width=\"584\" height=\"389\" srcset=\"https:\/\/i0.wp.com\/www.presstourism.ch\/wp-content\/uploads\/2017\/07\/12MarseilleGrande-Savonnerie-Largeur-max.-1024-Hauteur-max.-768.jpg?w=1024 1024w, https:\/\/i0.wp.com\/www.presstourism.ch\/wp-content\/uploads\/2017\/07\/12MarseilleGrande-Savonnerie-Largeur-max.-1024-Hauteur-max.-768.jpg?resize=300%2C200 300w, https:\/\/i0.wp.com\/www.presstourism.ch\/wp-content\/uploads\/2017\/07\/12MarseilleGrande-Savonnerie-Largeur-max.-1024-Hauteur-max.-768.jpg?resize=768%2C512 768w, https:\/\/i0.wp.com\/www.presstourism.ch\/wp-content\/uploads\/2017\/07\/12MarseilleGrande-Savonnerie-Largeur-max.-1024-Hauteur-max.-768.jpg?resize=600%2C400 600w\" sizes=\"(max-width: 584px) 100vw, 584px\" data-recalc-dims=\"1\" \/><\/a><p id=\"caption-attachment-4023\" class=\"wp-caption-text\">A la Grande Savonnerie (Grand rue 36), Jean-Baptiste Jaussaud donne toutes les infos sur la fabrication du fameux Savon de Marseille, le vrai.<\/p><\/div>\n<p><strong>Culture:<\/strong> ne pas manquer le Mucem, <a href=\"http:\/\/www.mucem.org\">www.mucem.org<\/a>, le mus\u00e9e des civilisations de l&rsquo;Europe et de la M\u00e9diterran\u00e9e, nouvelle fiert\u00e9 de la ville. Et emprunter sa passerelle qui conduit au Fort St-Jean, avec des belles vues sur la ville et la mer. Regards de Provence, <a href=\"http:\/\/www.museeregardsdeprovence.com\">www.museeregardsdeprovence.com<\/a><\/p>\n<hr>\n<p><strong>S&rsquo;informer:<\/strong> <a href=\"http:\/\/www.marseille-tourisme.com\">www.marseille-tourisme.com<\/a> et <a href=\"http:\/\/www.resmarseille.com\">www.resmarseille.com<\/a> pour les visites guid\u00e9es.<\/p>\n<hr>\n<p><a href=\"http:\/\/www.presstourism.ch\/wp-content\/uploads\/2017\/07\/NVT_300617_w-BaladeMarseille2.pdf\">Lire ou t\u00e9l\u00e9charger l&rsquo;article de presse<\/a><\/p>\n<hr>\n<p>&nbsp;<\/p>\n","protected":false},"excerpt":{"rendered":"<p>MARSEILLE &#8211; Attractive et dynamique, la cit\u00e9 phoc\u00e9enne s&rsquo;impose aujourd&rsquo;hui comme une destination touristique incontournable entre la beaut\u00e9 de son patrimoine urbain et ses nouvelles richesses architecturales. S&rsquo;il y a d\u00e9j\u00e0 un certain temps que vous n&rsquo;\u00eates pas retourn\u00e9s \u00e0 &hellip; <a href=\"http:\/\/www.presstourism.ch\/?page_id=4008\">Continuer la lecture <span class=\"meta-nav\">&rarr;<\/span><\/a><\/p>\n","protected":false},"author":1,"featured_media":0,"parent":295,"menu_order":0,"comment_status":"closed","ping_status":"closed","template":"","meta":{"ngg_post_thumbnail":0,"spay_email":""},"jetpack_sharing_enabled":true,"jetpack_shortlink":"https:\/\/wp.me\/P468TV-12E","_links":{"self":[{"href":"http:\/\/www.presstourism.ch\/index.php?rest_route=\/wp\/v2\/pages\/4008"}],"collection":[{"href":"http:\/\/www.presstourism.ch\/index.php?rest_route=\/wp\/v2\/pages"}],"about":[{"href":"http:\/\/www.presstourism.ch\/index.php?rest_route=\/wp\/v2\/types\/page"}],"author":[{"embeddable":true,"href":"http:\/\/www.presstourism.ch\/index.php?rest_route=\/wp\/v2\/users\/1"}],"replies":[{"embeddable":true,"href":"http:\/\/www.presstourism.ch\/index.php?rest_route=%2Fwp%2Fv2%2Fcomments&post=4008"}],"version-history":[{"count":2,"href":"http:\/\/www.presstourism.ch\/index.php?rest_route=\/wp\/v2\/pages\/4008\/revisions"}],"predecessor-version":[{"id":9342,"href":"http:\/\/www.presstourism.ch\/index.php?rest_route=\/wp\/v2\/pages\/4008\/revisions\/9342"}],"up":[{"embeddable":true,"href":"http:\/\/www.presstourism.ch\/index.php?rest_route=\/wp\/v2\/pages\/295"}],"wp:attachment":[{"href":"http:\/\/www.presstourism.ch\/index.php?rest_route=%2Fwp%2Fv2%2Fmedia&parent=4008"}],"curies":[{"name":"wp","href":"https:\/\/api.w.org\/{rel}","templated":true}]}}