{"id":4002,"date":"2017-07-23T15:35:37","date_gmt":"2017-07-23T14:35:37","guid":{"rendered":"http:\/\/www.presstourism.ch\/WP_ALEX\/?page_id=4002"},"modified":"2017-07-23T15:35:37","modified_gmt":"2017-07-23T14:35:37","slug":"1974-le-tourisme-suisse-en-crise","status":"publish","type":"page","link":"http:\/\/www.presstourism.ch\/?page_id=4002","title":{"rendered":"1974: Le tourisme suisse en crise"},"content":{"rendered":"<p>La crise \u00e9conomique, d\u00e9j\u00e0. Le franc trop fort, d\u00e9j\u00e0. Les touristes allemands traversent la Suisse pour se rendre en Provence mais se contentent de faire le plein d&rsquo;essence et d&rsquo;acheter une tablette de chocolat. Voil\u00e0 pr\u00e8s d&rsquo;un semi-si\u00e8cle, la Suisse \u00e9tait d\u00e9j\u00e0 un pays cher, trop cher&#8230; Un reportage de Jean-Claude Diserens et Alex D\u00e9cotte pour la T\u00e9l\u00e9vision suisse romande.<a href=\"https:\/\/www.rts.ch\/archives\/tv\/information\/affaires-publiques\/3440355-le-tourisme-en-crise.html\"><img loading=\"lazy\" class=\"size-full wp-image-4003 aligncenter\" src=\"https:\/\/i0.wp.com\/www.presstourism.ch\/WP_ALEX\/wp-content\/uploads\/2017\/07\/Tourisme-en-crise.jpg?resize=315%2C463\" alt=\"Tourisme en crise\" width=\"315\" height=\"463\" srcset=\"https:\/\/i0.wp.com\/www.presstourism.ch\/wp-content\/uploads\/2017\/07\/Tourisme-en-crise.jpg?w=315 315w, https:\/\/i0.wp.com\/www.presstourism.ch\/wp-content\/uploads\/2017\/07\/Tourisme-en-crise.jpg?resize=204%2C300 204w\" sizes=\"(max-width: 315px) 100vw, 315px\" data-recalc-dims=\"1\" \/><\/a><\/p>\n","protected":false},"excerpt":{"rendered":"<p>La crise \u00e9conomique, d\u00e9j\u00e0. Le franc trop fort, d\u00e9j\u00e0. Les touristes allemands traversent la Suisse pour se rendre en Provence mais se contentent de faire le plein d&rsquo;essence et d&rsquo;acheter une tablette de chocolat. Voil\u00e0 pr\u00e8s d&rsquo;un semi-si\u00e8cle, la Suisse &hellip; <a href=\"http:\/\/www.presstourism.ch\/?page_id=4002\">Continuer la lecture <span class=\"meta-nav\">&rarr;<\/span><\/a><\/p>\n","protected":false},"author":1,"featured_media":0,"parent":3983,"menu_order":0,"comment_status":"closed","ping_status":"closed","template":"","meta":{"ngg_post_thumbnail":0,"spay_email":""},"jetpack_sharing_enabled":true,"jetpack_shortlink":"https:\/\/wp.me\/P468TV-12y","_links":{"self":[{"href":"http:\/\/www.presstourism.ch\/index.php?rest_route=\/wp\/v2\/pages\/4002"}],"collection":[{"href":"http:\/\/www.presstourism.ch\/index.php?rest_route=\/wp\/v2\/pages"}],"about":[{"href":"http:\/\/www.presstourism.ch\/index.php?rest_route=\/wp\/v2\/types\/page"}],"author":[{"embeddable":true,"href":"http:\/\/www.presstourism.ch\/index.php?rest_route=\/wp\/v2\/users\/1"}],"replies":[{"embeddable":true,"href":"http:\/\/www.presstourism.ch\/index.php?rest_route=%2Fwp%2Fv2%2Fcomments&post=4002"}],"version-history":[{"count":1,"href":"http:\/\/www.presstourism.ch\/index.php?rest_route=\/wp\/v2\/pages\/4002\/revisions"}],"predecessor-version":[{"id":4004,"href":"http:\/\/www.presstourism.ch\/index.php?rest_route=\/wp\/v2\/pages\/4002\/revisions\/4004"}],"up":[{"embeddable":true,"href":"http:\/\/www.presstourism.ch\/index.php?rest_route=\/wp\/v2\/pages\/3983"}],"wp:attachment":[{"href":"http:\/\/www.presstourism.ch\/index.php?rest_route=%2Fwp%2Fv2%2Fmedia&parent=4002"}],"curies":[{"name":"wp","href":"https:\/\/api.w.org\/{rel}","templated":true}]}}