{"id":400,"date":"2013-11-16T18:52:08","date_gmt":"2013-11-16T17:52:08","guid":{"rendered":"http:\/\/www.presstourism.ch\/WP_ALEX\/?page_id=400"},"modified":"2016-03-03T16:36:00","modified_gmt":"2016-03-03T15:36:00","slug":"irlande","status":"publish","type":"page","link":"http:\/\/www.presstourism.ch\/?page_id=400","title":{"rendered":"Irlande"},"content":{"rendered":"<p><a> <img class=\"aligncenter\" style=\"display: block;\" title=\"Plan Irlande : cliquez sur la carte Irlande pour l'agrandir\" src=\"https:\/\/i0.wp.com\/www.routard.com\/images_contenu\/partir\/destination\/irlande\/carte\/irlande.gif?w=584\" alt=\"Plan Irlande : cliquez sur la carte Irlande pour l'agrandir\" border=\"0\" data-recalc-dims=\"1\" \/><\/a><\/p>\n<h2>Sous les cieux moutonn\u00e9s de l&rsquo;Irlande du Nord<\/h2>\n<p><span style=\"text-decoration: underline;\">Par Sonya Mermoud<\/span><\/p>\n<p><img loading=\"lazy\" class=\"alignnone size-medium wp-image-970 aligncenter\" src=\"https:\/\/i2.wp.com\/www.presstourism.ch\/WP_ALEX\/wp-content\/uploads\/2013\/11\/Dunluce-castle_T0175-300x199.jpg?resize=300%2C199\" alt=\"Dunluce castle_T0175\" width=\"300\" height=\"199\" srcset=\"https:\/\/i2.wp.com\/www.presstourism.ch\/wp-content\/uploads\/2013\/11\/Dunluce-castle_T0175.jpg?resize=300%2C199 300w, https:\/\/i2.wp.com\/www.presstourism.ch\/wp-content\/uploads\/2013\/11\/Dunluce-castle_T0175.jpg?resize=600%2C398 600w, https:\/\/i2.wp.com\/www.presstourism.ch\/wp-content\/uploads\/2013\/11\/Dunluce-castle_T0175.jpg?w=850 850w\" sizes=\"(max-width: 300px) 100vw, 300px\" data-recalc-dims=\"1\" \/><\/p>\n<p>Marqu\u00e9e par des d\u00e9cennies de violence entre r\u00e9publicains, dont une majorit\u00e9\u00a0de catholiques, et unionistes, principalement protestants, l\u2019Irlande du Nord\u00a0cherche aujourd\u2019hui \u00e0 reconqu\u00e9rir des visiteurs. Avec, comme atouts, des paysages et sites po\u00e9tiques, des villes jeunes et dynamiques \u00e0 l\u2019image de Belfast ou de Derry, ou encore des contes et l\u00e9gendes propres \u00e0 nourrir l\u2019imaginaire des voyageurs. De Newcastle \u00e0 Derry, balade le\u00a0long d\u2019une superbe route c\u00f4ti\u00e8re\u00a0et incursions urbaines charg\u00e9es d\u2019histoire.<\/p>\n<p><a href=\"http:\/\/www.presstourism.ch\/WP_ALEX\/wp-content\/uploads\/2013\/11\/Mermoud-Irlande.pdf\">Lire la suite&#8230;<\/a><\/p>\n<h2>Belfast, architecture victorienne et Rock&rsquo;n roll<\/h2>\n<p><span style=\"text-decoration: underline;\">Par Marguerite Martinoli<\/span><\/p>\n<p><a href=\"https:\/\/i0.wp.com\/www.presstourism.ch\/WP_ALEX\/wp-content\/uploads\/2013\/11\/Belfast.jpg\"><img loading=\"lazy\" class=\"size-medium wp-image-973 aligncenter\" src=\"https:\/\/i1.wp.com\/www.presstourism.ch\/WP_ALEX\/wp-content\/uploads\/2013\/11\/Belfast-300x126.jpg?resize=300%2C126\" alt=\"Belfast\" width=\"300\" height=\"126\" srcset=\"https:\/\/i2.wp.com\/www.presstourism.ch\/wp-content\/uploads\/2013\/11\/Belfast.jpg?resize=300%2C126 300w, https:\/\/i2.wp.com\/www.presstourism.ch\/wp-content\/uploads\/2013\/11\/Belfast.jpg?resize=600%2C253 600w, https:\/\/i2.wp.com\/www.presstourism.ch\/wp-content\/uploads\/2013\/11\/Belfast.jpg?w=935 935w\" sizes=\"(max-width: 300px) 100vw, 300px\" data-recalc-dims=\"1\" \/><\/a><a href=\"http:\/\/sb4-1.infomaniak.ch\/sites\/c4\/c493c95f91125629724acfd1fee9774f\/attachments\/File\/MartignoliBelfast.pdf\">Lire la suite&#8230;<\/a><\/p>\n<h2>Belfast: la seconde vie du Titanic<\/h2>\n<p>Par Marguerite Martinoli<\/p>\n<p><a href=\"https:\/\/i0.wp.com\/www.presstourism.ch\/WP_ALEX\/wp-content\/uploads\/2013\/11\/Titanic.jpg\"><img loading=\"lazy\" class=\"size-medium wp-image-975 aligncenter\" src=\"https:\/\/i0.wp.com\/www.presstourism.ch\/WP_ALEX\/wp-content\/uploads\/2013\/11\/Titanic-300x145.jpg?resize=300%2C145\" alt=\"Titanic\" width=\"300\" height=\"145\" srcset=\"https:\/\/i0.wp.com\/www.presstourism.ch\/wp-content\/uploads\/2013\/11\/Titanic.jpg?resize=300%2C145 300w, https:\/\/i0.wp.com\/www.presstourism.ch\/wp-content\/uploads\/2013\/11\/Titanic.jpg?resize=1024%2C496 1024w, https:\/\/i0.wp.com\/www.presstourism.ch\/wp-content\/uploads\/2013\/11\/Titanic.jpg?resize=600%2C290 600w, https:\/\/i0.wp.com\/www.presstourism.ch\/wp-content\/uploads\/2013\/11\/Titanic.jpg?w=1187 1187w\" sizes=\"(max-width: 300px) 100vw, 300px\" data-recalc-dims=\"1\" \/><\/a><\/p>\n<p><a href=\"http:\/\/sb4-1.infomaniak.ch\/sites\/c4\/c493c95f91125629724acfd1fee9774f\/attachments\/File\/MartignoliLife_Titanic.pdf\">Lire la suite&#8230; <\/a><\/p>\n<hr \/>\n<p>Et aussi:<\/p>\n<p><a href=\"http:\/\/www.presstourism.ch\/WP_ALEX\/wp-content\/uploads\/2013\/11\/NVT_Vendredi030715-IrlandeAuBordEau2.pdf\">L\u2019Irlande au bord de l\u2019eau<\/a><\/p>\n<p><a href=\"http:\/\/www.presstourism.ch\/WP_ALEX\/wp-content\/uploads\/2013\/11\/NVT_Mercredi150715-DublinIrlande2.pdf\">Voyage \u00e0 Dublin<\/a><\/p>\n<p><a href=\"http:\/\/www.presstourism.ch\/WP_ALEX\/wp-content\/uploads\/2013\/11\/NVT_Mercredi080715-IrlandeHistoire2.pdf\">Irlande: Tr\u00e9sors de l\u2019Ile d\u2019Emeraude<\/a><\/p>\n<p><a href=\"http:\/\/www.presstourism.ch\/WP_ALEX\/wp-content\/uploads\/2013\/11\/NVT_Mardi230615-Re%CC%81myJugementIrlande-copie.pdf\">Le \u00ab\u00a0ma\u00eetre\u00a0\u00bb de Gossens en Irlande<\/a><\/p>\n<p><a href=\"http:\/\/www.presstourism.ch\/WP_ALEX\/?page_id=1956\">L\u2019Irlande en hiver<\/a><\/p>\n<p>&nbsp;<\/p>\n","protected":false},"excerpt":{"rendered":"<p>Sous les cieux moutonn\u00e9s de l&rsquo;Irlande du Nord Par Sonya Mermoud Marqu\u00e9e par des d\u00e9cennies de violence entre r\u00e9publicains, dont une majorit\u00e9\u00a0de catholiques, et unionistes, principalement protestants, l\u2019Irlande du Nord\u00a0cherche aujourd\u2019hui \u00e0 reconqu\u00e9rir des visiteurs. Avec, comme atouts, des paysages &hellip; <a href=\"http:\/\/www.presstourism.ch\/?page_id=400\">Continuer la lecture <span class=\"meta-nav\">&rarr;<\/span><\/a><\/p>\n","protected":false},"author":1,"featured_media":0,"parent":2161,"menu_order":0,"comment_status":"open","ping_status":"open","template":"","meta":{"ngg_post_thumbnail":0,"spay_email":""},"jetpack_sharing_enabled":true,"jetpack_shortlink":"https:\/\/wp.me\/P468TV-6s","_links":{"self":[{"href":"http:\/\/www.presstourism.ch\/index.php?rest_route=\/wp\/v2\/pages\/400"}],"collection":[{"href":"http:\/\/www.presstourism.ch\/index.php?rest_route=\/wp\/v2\/pages"}],"about":[{"href":"http:\/\/www.presstourism.ch\/index.php?rest_route=\/wp\/v2\/types\/page"}],"author":[{"embeddable":true,"href":"http:\/\/www.presstourism.ch\/index.php?rest_route=\/wp\/v2\/users\/1"}],"replies":[{"embeddable":true,"href":"http:\/\/www.presstourism.ch\/index.php?rest_route=%2Fwp%2Fv2%2Fcomments&post=400"}],"version-history":[{"count":5,"href":"http:\/\/www.presstourism.ch\/index.php?rest_route=\/wp\/v2\/pages\/400\/revisions"}],"predecessor-version":[{"id":1975,"href":"http:\/\/www.presstourism.ch\/index.php?rest_route=\/wp\/v2\/pages\/400\/revisions\/1975"}],"up":[{"embeddable":true,"href":"http:\/\/www.presstourism.ch\/index.php?rest_route=\/wp\/v2\/pages\/2161"}],"wp:attachment":[{"href":"http:\/\/www.presstourism.ch\/index.php?rest_route=%2Fwp%2Fv2%2Fmedia&parent=400"}],"curies":[{"name":"wp","href":"https:\/\/api.w.org\/{rel}","templated":true}]}}