{"id":3996,"date":"2017-07-23T15:14:23","date_gmt":"2017-07-23T14:14:23","guid":{"rendered":"http:\/\/www.presstourism.ch\/WP_ALEX\/?page_id=3996"},"modified":"2017-07-23T15:14:23","modified_gmt":"2017-07-23T14:14:23","slug":"1982-camping-a-la-ferme","status":"publish","type":"page","link":"http:\/\/www.presstourism.ch\/?page_id=3996","title":{"rendered":"1982: Camping \u00e0 la ferme"},"content":{"rendered":"<p>Ce qui est devenu habituel relevait alors quasiment de l&rsquo;aventure. Passer tout ou partie de ses vacances \u00e0 la ferme. Les conditions \u00e9taient encore un rien spartiates mail l&rsquo;accueil \u00e9tait, d\u00e9j\u00e0, des plus chaleureux. Un reportage de la T\u00e9l\u00e9vision suisse romane (A Bon Entendeur) sign\u00e9 Michel Perrenoud et Alex D\u00e9cotte&#8230;<\/p>\n<p><a href=\"https:\/\/www.rts.ch\/archives\/tv\/information\/abe\/3164983-le-camping-a-la-ferme.html\"><img loading=\"lazy\" class=\"size-full wp-image-3997 aligncenter\" src=\"https:\/\/i2.wp.com\/www.presstourism.ch\/WP_ALEX\/wp-content\/uploads\/2017\/07\/Camping-\u00e0-la-ferme.jpg?resize=323%2C431\" alt=\"Camping \u00e0 la ferme\" width=\"323\" height=\"431\" srcset=\"https:\/\/i1.wp.com\/www.presstourism.ch\/wp-content\/uploads\/2017\/07\/Camping-\u00e0-la-ferme.jpg?w=323 323w, https:\/\/i1.wp.com\/www.presstourism.ch\/wp-content\/uploads\/2017\/07\/Camping-\u00e0-la-ferme.jpg?resize=225%2C300 225w\" sizes=\"(max-width: 323px) 100vw, 323px\" data-recalc-dims=\"1\" \/><\/a><\/p>\n","protected":false},"excerpt":{"rendered":"<p>Ce qui est devenu habituel relevait alors quasiment de l&rsquo;aventure. Passer tout ou partie de ses vacances \u00e0 la ferme. Les conditions \u00e9taient encore un rien spartiates mail l&rsquo;accueil \u00e9tait, d\u00e9j\u00e0, des plus chaleureux. Un reportage de la T\u00e9l\u00e9vision suisse &hellip; <a href=\"http:\/\/www.presstourism.ch\/?page_id=3996\">Continuer la lecture <span class=\"meta-nav\">&rarr;<\/span><\/a><\/p>\n","protected":false},"author":1,"featured_media":0,"parent":3983,"menu_order":0,"comment_status":"closed","ping_status":"closed","template":"","meta":{"ngg_post_thumbnail":0,"spay_email":""},"jetpack_sharing_enabled":true,"jetpack_shortlink":"https:\/\/wp.me\/P468TV-12s","_links":{"self":[{"href":"http:\/\/www.presstourism.ch\/index.php?rest_route=\/wp\/v2\/pages\/3996"}],"collection":[{"href":"http:\/\/www.presstourism.ch\/index.php?rest_route=\/wp\/v2\/pages"}],"about":[{"href":"http:\/\/www.presstourism.ch\/index.php?rest_route=\/wp\/v2\/types\/page"}],"author":[{"embeddable":true,"href":"http:\/\/www.presstourism.ch\/index.php?rest_route=\/wp\/v2\/users\/1"}],"replies":[{"embeddable":true,"href":"http:\/\/www.presstourism.ch\/index.php?rest_route=%2Fwp%2Fv2%2Fcomments&post=3996"}],"version-history":[{"count":1,"href":"http:\/\/www.presstourism.ch\/index.php?rest_route=\/wp\/v2\/pages\/3996\/revisions"}],"predecessor-version":[{"id":3998,"href":"http:\/\/www.presstourism.ch\/index.php?rest_route=\/wp\/v2\/pages\/3996\/revisions\/3998"}],"up":[{"embeddable":true,"href":"http:\/\/www.presstourism.ch\/index.php?rest_route=\/wp\/v2\/pages\/3983"}],"wp:attachment":[{"href":"http:\/\/www.presstourism.ch\/index.php?rest_route=%2Fwp%2Fv2%2Fmedia&parent=3996"}],"curies":[{"name":"wp","href":"https:\/\/api.w.org\/{rel}","templated":true}]}}