{"id":3989,"date":"2017-07-23T14:51:33","date_gmt":"2017-07-23T13:51:33","guid":{"rendered":"http:\/\/www.presstourism.ch\/WP_ALEX\/?page_id=3989"},"modified":"2017-07-23T14:57:28","modified_gmt":"2017-07-23T13:57:28","slug":"1982-lenfer-du-tourisme-deja","status":"publish","type":"page","link":"http:\/\/www.presstourism.ch\/?page_id=3989","title":{"rendered":"1982: L&rsquo;enfer des vacances, d\u00e9j\u00e0&#8230;"},"content":{"rendered":"<p>C&rsquo;\u00e9tait voil\u00e0 35 ans et c&rsquo;est quasiment aujourd&rsquo;hui ! Vous avez sans doute, d\u00e9sormais, internet dans votre bungalow, votre camping-car ou, pourquoi pas, votre modeste tente. Alors, jetez un oeil sur ce reportage tourn\u00e9 pour la T\u00e9l\u00e9vision suisse, en 1982, par Michel Perrenoud et Alex D\u00e9cotte&#8230;<\/p>\n<p><a href=\"https:\/\/www.rts.ch\/archives\/tv\/information\/abe\/3438215-l-enfer-du-camping.html\"><img loading=\"lazy\" class=\"size-full wp-image-3990 aligncenter\" src=\"https:\/\/i2.wp.com\/www.presstourism.ch\/WP_ALEX\/wp-content\/uploads\/2017\/07\/Enfer-du-camping.jpg?resize=318%2C434\" alt=\"Enfer du camping\" width=\"318\" height=\"434\" srcset=\"https:\/\/i0.wp.com\/www.presstourism.ch\/wp-content\/uploads\/2017\/07\/Enfer-du-camping.jpg?w=318 318w, https:\/\/i0.wp.com\/www.presstourism.ch\/wp-content\/uploads\/2017\/07\/Enfer-du-camping.jpg?resize=220%2C300 220w\" sizes=\"(max-width: 318px) 100vw, 318px\" data-recalc-dims=\"1\" \/><\/a><\/p>\n<p>Et bonnes vacances tout de m\u00eame !<\/p>\n","protected":false},"excerpt":{"rendered":"<p>C&rsquo;\u00e9tait voil\u00e0 35 ans et c&rsquo;est quasiment aujourd&rsquo;hui ! Vous avez sans doute, d\u00e9sormais, internet dans votre bungalow, votre camping-car ou, pourquoi pas, votre modeste tente. Alors, jetez un oeil sur ce reportage tourn\u00e9 pour la T\u00e9l\u00e9vision suisse, en 1982, &hellip; <a href=\"http:\/\/www.presstourism.ch\/?page_id=3989\">Continuer la lecture <span class=\"meta-nav\">&rarr;<\/span><\/a><\/p>\n","protected":false},"author":1,"featured_media":0,"parent":3983,"menu_order":0,"comment_status":"closed","ping_status":"closed","template":"","meta":{"ngg_post_thumbnail":0,"spay_email":""},"jetpack_sharing_enabled":true,"jetpack_shortlink":"https:\/\/wp.me\/P468TV-12l","_links":{"self":[{"href":"http:\/\/www.presstourism.ch\/index.php?rest_route=\/wp\/v2\/pages\/3989"}],"collection":[{"href":"http:\/\/www.presstourism.ch\/index.php?rest_route=\/wp\/v2\/pages"}],"about":[{"href":"http:\/\/www.presstourism.ch\/index.php?rest_route=\/wp\/v2\/types\/page"}],"author":[{"embeddable":true,"href":"http:\/\/www.presstourism.ch\/index.php?rest_route=\/wp\/v2\/users\/1"}],"replies":[{"embeddable":true,"href":"http:\/\/www.presstourism.ch\/index.php?rest_route=%2Fwp%2Fv2%2Fcomments&post=3989"}],"version-history":[{"count":3,"href":"http:\/\/www.presstourism.ch\/index.php?rest_route=\/wp\/v2\/pages\/3989\/revisions"}],"predecessor-version":[{"id":3995,"href":"http:\/\/www.presstourism.ch\/index.php?rest_route=\/wp\/v2\/pages\/3989\/revisions\/3995"}],"up":[{"embeddable":true,"href":"http:\/\/www.presstourism.ch\/index.php?rest_route=\/wp\/v2\/pages\/3983"}],"wp:attachment":[{"href":"http:\/\/www.presstourism.ch\/index.php?rest_route=%2Fwp%2Fv2%2Fmedia&parent=3989"}],"curies":[{"name":"wp","href":"https:\/\/api.w.org\/{rel}","templated":true}]}}