{"id":3938,"date":"2017-06-29T06:29:13","date_gmt":"2017-06-29T05:29:13","guid":{"rendered":"http:\/\/www.presstourism.ch\/WP_ALEX\/?page_id=3938"},"modified":"2017-06-29T06:29:13","modified_gmt":"2017-06-29T05:29:13","slug":"avec-voltaire-a-saint-petersbourg","status":"publish","type":"page","link":"http:\/\/www.presstourism.ch\/?page_id=3938","title":{"rendered":"Avec Voltaire \u00e0 Saint-P\u00e9tersbourg"},"content":{"rendered":"<div id=\"main\">\n<div id=\"container\">\n<div id=\"content\">\n<div id=\"post-6410\" class=\"post-6410 post type-post status-publish format-standard hentry category-non-classe\">\n<div class=\"entry-content\">\n<div class=\"entry-content\">\n<div id=\"attachment_6379\" class=\"wp-caption aligncenter\">\n<p><img loading=\"lazy\" class=\"wp-image-6379 size-large\" src=\"https:\/\/i0.wp.com\/s169196779.onlinehome.fr\/wp-content\/uploads\/2017\/05\/20170516_101129-Largeur-max.-1024-Hauteur-max.-768-1.jpg?resize=640%2C435\" sizes=\"(max-width: 640px) 100vw, 640px\" srcset=\"https:\/\/i0.wp.com\/s169196779.onlinehome.fr\/wp-content\/uploads\/2017\/05\/20170516_101129-Largeur-max.-1024-Hauteur-max.-768-1.jpg?w=1024 1024w, https:\/\/i0.wp.com\/s169196779.onlinehome.fr\/wp-content\/uploads\/2017\/05\/20170516_101129-Largeur-max.-1024-Hauteur-max.-768-1.jpg?resize=300%2C204 300w, https:\/\/i0.wp.com\/s169196779.onlinehome.fr\/wp-content\/uploads\/2017\/05\/20170516_101129-Largeur-max.-1024-Hauteur-max.-768-1.jpg?resize=768%2C522 768w, https:\/\/i0.wp.com\/s169196779.onlinehome.fr\/wp-content\/uploads\/2017\/05\/20170516_101129-Largeur-max.-1024-Hauteur-max.-768-1.jpg?resize=600%2C408 600w\" alt=\"\" width=\"622\" height=\"423\" data-attachment-id=\"6379\" data-permalink=\"http:\/\/s169196779.onlinehome.fr\/?attachment_id=6379\" data-orig-file=\"https:\/\/i0.wp.com\/s169196779.onlinehome.fr\/wp-content\/uploads\/2017\/05\/20170516_101129-Largeur-max.-1024-Hauteur-max.-768-1.jpg?fit=1024%2C696\" data-orig-size=\"1024,696\" data-comments-opened=\"1\" data-image-meta=\"{&quot;aperture&quot;:&quot;0&quot;,&quot;credit&quot;:&quot;&quot;,&quot;camera&quot;:&quot;&quot;,&quot;caption&quot;:&quot;&quot;,&quot;created_timestamp&quot;:&quot;0&quot;,&quot;copyright&quot;:&quot;&quot;,&quot;focal_length&quot;:&quot;0&quot;,&quot;iso&quot;:&quot;0&quot;,&quot;shutter_speed&quot;:&quot;0&quot;,&quot;title&quot;:&quot;&quot;,&quot;orientation&quot;:&quot;0&quot;}\" data-image-title=\"20170516_101129 [Largeur max. 1024 Hauteur max. 768]\" data-image-description=\"\" data-medium-file=\"https:\/\/i0.wp.com\/s169196779.onlinehome.fr\/wp-content\/uploads\/2017\/05\/20170516_101129-Largeur-max.-1024-Hauteur-max.-768-1.jpg?fit=300%2C204\" data-large-file=\"https:\/\/i0.wp.com\/s169196779.onlinehome.fr\/wp-content\/uploads\/2017\/05\/20170516_101129-Largeur-max.-1024-Hauteur-max.-768-1.jpg?fit=640%2C435\" \/><\/p>\n<p class=\"wp-caption-text\">Place de l\u2019Ermitage, mai 2017<\/p>\n<\/div>\n<p>Mai 2017<\/p>\n<p>Voil\u00e0 pr\u00e8s de dix ans que je n\u2019\u00e9tais pas revenu en Russie. Le pays m\u2019a longtemps attir\u00e9 mais je n\u2019ai jamais r\u00e9ussi \u00e0 l\u2019aimer. Les vents m\u2019y ont souvent \u00e9t\u00e9 contraires et, avant-hier encore, alors que je visitais la forteresse Pierre et Paul, j\u2019ai r\u00e9ussi \u00e0 me faire d\u00e9trousser par quelque pickpocket noy\u00e9 dans la horde des touristes dont j\u2019\u00e9tais. Portefeuille, carte d\u2019identit\u00e9, permis de conduire, cartes de presse, de cr\u00e9dit, d\u2019assurance-maladie. Et plusieurs centaines d\u2019euros. M\u00e9chant d\u00e9but de voyage.<\/p>\n<div id=\"attachment_6367\" class=\"wp-caption aligncenter\">\n<p><img loading=\"lazy\" class=\"wp-image-6367 size-full\" src=\"https:\/\/i0.wp.com\/s169196779.onlinehome.fr\/wp-content\/uploads\/2017\/05\/20170518_170036-Largeur-max.-1024-Hauteur-max.-768.jpg?resize=558%2C768\" sizes=\"(max-width: 558px) 100vw, 558px\" srcset=\"https:\/\/i0.wp.com\/s169196779.onlinehome.fr\/wp-content\/uploads\/2017\/05\/20170518_170036-Largeur-max.-1024-Hauteur-max.-768.jpg?w=558 558w, https:\/\/i0.wp.com\/s169196779.onlinehome.fr\/wp-content\/uploads\/2017\/05\/20170518_170036-Largeur-max.-1024-Hauteur-max.-768.jpg?resize=218%2C300 218w\" alt=\"\" width=\"558\" height=\"768\" data-attachment-id=\"6367\" data-permalink=\"http:\/\/s169196779.onlinehome.fr\/?attachment_id=6367\" data-orig-file=\"https:\/\/i0.wp.com\/s169196779.onlinehome.fr\/wp-content\/uploads\/2017\/05\/20170518_170036-Largeur-max.-1024-Hauteur-max.-768.jpg?fit=558%2C768\" data-orig-size=\"558,768\" data-comments-opened=\"1\" data-image-meta=\"{&quot;aperture&quot;:&quot;0&quot;,&quot;credit&quot;:&quot;&quot;,&quot;camera&quot;:&quot;&quot;,&quot;caption&quot;:&quot;&quot;,&quot;created_timestamp&quot;:&quot;0&quot;,&quot;copyright&quot;:&quot;&quot;,&quot;focal_length&quot;:&quot;0&quot;,&quot;iso&quot;:&quot;0&quot;,&quot;shutter_speed&quot;:&quot;0&quot;,&quot;title&quot;:&quot;&quot;,&quot;orientation&quot;:&quot;0&quot;}\" data-image-title=\"20170518_170036 [Largeur max. 1024 Hauteur max. 768]\" data-image-description=\"\" data-medium-file=\"https:\/\/i0.wp.com\/s169196779.onlinehome.fr\/wp-content\/uploads\/2017\/05\/20170518_170036-Largeur-max.-1024-Hauteur-max.-768.jpg?fit=218%2C300\" data-large-file=\"https:\/\/i0.wp.com\/s169196779.onlinehome.fr\/wp-content\/uploads\/2017\/05\/20170518_170036-Largeur-max.-1024-Hauteur-max.-768.jpg?fit=558%2C768\" \/><\/p>\n<p class=\"wp-caption-text\">Sans commentaire\u2026<\/p>\n<\/div>\n<p>Ma premi\u00e8re visite remonte \u00e0 1971. Bient\u00f4t un demi-si\u00e8cle et, pourtant, je crois n\u2019en avoir rien oubli\u00e9, du L\u00e9nine de carton-p\u00e2te appliqu\u00e9 sur une fa\u00e7ade enti\u00e8re de l\u2019Ermitage aux glaces sonores du Lac Ladoga se bousculant en chantant sous les arches des ponts de la N\u00e9va, en passant par la p\u00e9rilleuse visite \u00e0 une famille juive en butte aux pers\u00e9cutions politiques, puis la nuit savamment et d\u00e9lib\u00e9r\u00e9ment alcoolis\u00e9e, histoire de v\u00e9rifier que nous n\u2019\u00e9tions pas des taupes du KGB, dans l\u2019appartement vide d\u2019un couple d\u2019artistes non figuratifs en rupture de communisme.<\/p>\n<div id=\"attachment_6373\" class=\"wp-caption aligncenter\">\n<p><img loading=\"lazy\" class=\"wp-image-6373 size-full\" src=\"https:\/\/i2.wp.com\/s169196779.onlinehome.fr\/wp-content\/uploads\/2017\/05\/Dia022.0032-Largeur-max.-1024-Hauteur-max.-768.jpg?resize=640%2C621\" sizes=\"(max-width: 640px) 100vw, 640px\" srcset=\"https:\/\/i2.wp.com\/s169196779.onlinehome.fr\/wp-content\/uploads\/2017\/05\/Dia022.0032-Largeur-max.-1024-Hauteur-max.-768.jpg?w=791 791w, https:\/\/i2.wp.com\/s169196779.onlinehome.fr\/wp-content\/uploads\/2017\/05\/Dia022.0032-Largeur-max.-1024-Hauteur-max.-768.jpg?resize=300%2C291 300w, https:\/\/i2.wp.com\/s169196779.onlinehome.fr\/wp-content\/uploads\/2017\/05\/Dia022.0032-Largeur-max.-1024-Hauteur-max.-768.jpg?resize=768%2C746 768w, https:\/\/i2.wp.com\/s169196779.onlinehome.fr\/wp-content\/uploads\/2017\/05\/Dia022.0032-Largeur-max.-1024-Hauteur-max.-768.jpg?resize=600%2C583 600w\" alt=\"\" width=\"622\" height=\"604\" data-attachment-id=\"6373\" data-permalink=\"http:\/\/s169196779.onlinehome.fr\/?attachment_id=6373\" data-orig-file=\"https:\/\/i2.wp.com\/s169196779.onlinehome.fr\/wp-content\/uploads\/2017\/05\/Dia022.0032-Largeur-max.-1024-Hauteur-max.-768.jpg?fit=791%2C768\" data-orig-size=\"791,768\" data-comments-opened=\"1\" data-image-meta=\"{&quot;aperture&quot;:&quot;0&quot;,&quot;credit&quot;:&quot;&quot;,&quot;camera&quot;:&quot;&quot;,&quot;caption&quot;:&quot;&quot;,&quot;created_timestamp&quot;:&quot;0&quot;,&quot;copyright&quot;:&quot;&quot;,&quot;focal_length&quot;:&quot;0&quot;,&quot;iso&quot;:&quot;0&quot;,&quot;shutter_speed&quot;:&quot;0&quot;,&quot;title&quot;:&quot;&quot;,&quot;orientation&quot;:&quot;0&quot;}\" data-image-title=\"Dia022.0032 [Largeur max. 1024 Hauteur max. 768]\" data-image-description=\"\" data-medium-file=\"https:\/\/i2.wp.com\/s169196779.onlinehome.fr\/wp-content\/uploads\/2017\/05\/Dia022.0032-Largeur-max.-1024-Hauteur-max.-768.jpg?fit=300%2C291\" data-large-file=\"https:\/\/i2.wp.com\/s169196779.onlinehome.fr\/wp-content\/uploads\/2017\/05\/Dia022.0032-Largeur-max.-1024-Hauteur-max.-768.jpg?fit=640%2C621\" \/><\/p>\n<p class=\"wp-caption-text\">Place de l\u2019Ermitage, 1971. L\u00e9nine is watching you.<\/p>\n<\/div>\n<p>A cette \u00e9poque, Leningrad fut aussi pour nous (une amie russophone m\u2019accompagnait) le d\u00e9but d\u2019une interminable\u00a0 partie de cache-cache avec les sbires du KGB. L\u2019aventure se termina dans la peur froide, \u00e0 Moscou, mais c\u2019est une autre affaire. Retour \u00e0 Leningrad, redevenue Saint P\u00e9tersbourg apr\u00e8s 70 ans de p\u00e9riode glaciaire.<\/p>\n<p><a href=\"http:\/\/s169196779.onlinehome.fr\/?page_id=6352\">Lire la suite\u2026<\/a><\/p>\n<\/div>\n<\/div>\n<\/div>\n<\/div>\n<\/div>\n<\/div>\n","protected":false},"excerpt":{"rendered":"<p>Place de l\u2019Ermitage, mai 2017 Mai 2017 Voil\u00e0 pr\u00e8s de dix ans que je n\u2019\u00e9tais pas revenu en Russie. Le pays m\u2019a longtemps attir\u00e9 mais je n\u2019ai jamais r\u00e9ussi \u00e0 l\u2019aimer. Les vents m\u2019y ont souvent \u00e9t\u00e9 contraires et, avant-hier &hellip; <a href=\"http:\/\/www.presstourism.ch\/?page_id=3938\">Continuer la lecture <span class=\"meta-nav\">&rarr;<\/span><\/a><\/p>\n","protected":false},"author":1,"featured_media":0,"parent":331,"menu_order":0,"comment_status":"closed","ping_status":"closed","template":"","meta":{"ngg_post_thumbnail":0,"spay_email":""},"jetpack_sharing_enabled":true,"jetpack_shortlink":"https:\/\/wp.me\/P468TV-11w","_links":{"self":[{"href":"http:\/\/www.presstourism.ch\/index.php?rest_route=\/wp\/v2\/pages\/3938"}],"collection":[{"href":"http:\/\/www.presstourism.ch\/index.php?rest_route=\/wp\/v2\/pages"}],"about":[{"href":"http:\/\/www.presstourism.ch\/index.php?rest_route=\/wp\/v2\/types\/page"}],"author":[{"embeddable":true,"href":"http:\/\/www.presstourism.ch\/index.php?rest_route=\/wp\/v2\/users\/1"}],"replies":[{"embeddable":true,"href":"http:\/\/www.presstourism.ch\/index.php?rest_route=%2Fwp%2Fv2%2Fcomments&post=3938"}],"version-history":[{"count":1,"href":"http:\/\/www.presstourism.ch\/index.php?rest_route=\/wp\/v2\/pages\/3938\/revisions"}],"predecessor-version":[{"id":3939,"href":"http:\/\/www.presstourism.ch\/index.php?rest_route=\/wp\/v2\/pages\/3938\/revisions\/3939"}],"up":[{"embeddable":true,"href":"http:\/\/www.presstourism.ch\/index.php?rest_route=\/wp\/v2\/pages\/331"}],"wp:attachment":[{"href":"http:\/\/www.presstourism.ch\/index.php?rest_route=%2Fwp%2Fv2%2Fmedia&parent=3938"}],"curies":[{"name":"wp","href":"https:\/\/api.w.org\/{rel}","templated":true}]}}