{"id":3859,"date":"2017-06-05T18:49:19","date_gmt":"2017-06-05T17:49:19","guid":{"rendered":"http:\/\/www.presstourism.ch\/WP_ALEX\/?page_id=3859"},"modified":"2017-06-16T05:43:41","modified_gmt":"2017-06-16T04:43:41","slug":"du-fort-de-pre-giroud-a-juraparc","status":"publish","type":"page","link":"http:\/\/www.presstourism.ch\/?page_id=3859","title":{"rendered":"Du Fort de Pr\u00e9-Giroud \u00e0 Juraparc"},"content":{"rendered":"<div id=\"attachment_3862\" style=\"width: 650px\" class=\"wp-caption alignnone\"><a href=\"https:\/\/i0.wp.com\/www.presstourism.ch\/WP_ALEX\/wp-content\/uploads\/2017\/06\/1BaladeVallorbePr\u00e9Gi1-Largeur-max.-1024-Hauteur-max.-768.jpg\"><img aria-describedby=\"caption-attachment-3862\" loading=\"lazy\" class=\"size-large wp-image-3862\" src=\"https:\/\/i1.wp.com\/www.presstourism.ch\/WP_ALEX\/wp-content\/uploads\/2017\/06\/1BaladeVallorbePr\u00e9Gi1-Largeur-max.-1024-Hauteur-max.-768-1024x682.jpg?resize=584%2C389\" alt=\"Au Pr\u00e9-Giroud, sous l'apparence d'un chalet suisse et d'autres camouflages se dissimule un incroyable ouvrage d'artillerie.\" width=\"584\" height=\"389\" srcset=\"https:\/\/i1.wp.com\/www.presstourism.ch\/wp-content\/uploads\/2017\/06\/1BaladeVallorbePr\u00e9Gi1-Largeur-max.-1024-Hauteur-max.-768.jpg?w=1024 1024w, https:\/\/i1.wp.com\/www.presstourism.ch\/wp-content\/uploads\/2017\/06\/1BaladeVallorbePr\u00e9Gi1-Largeur-max.-1024-Hauteur-max.-768.jpg?resize=300%2C200 300w, https:\/\/i1.wp.com\/www.presstourism.ch\/wp-content\/uploads\/2017\/06\/1BaladeVallorbePr\u00e9Gi1-Largeur-max.-1024-Hauteur-max.-768.jpg?resize=768%2C512 768w, https:\/\/i1.wp.com\/www.presstourism.ch\/wp-content\/uploads\/2017\/06\/1BaladeVallorbePr\u00e9Gi1-Largeur-max.-1024-Hauteur-max.-768.jpg?resize=600%2C400 600w\" sizes=\"(max-width: 584px) 100vw, 584px\" data-recalc-dims=\"1\" \/><\/a><p id=\"caption-attachment-3862\" class=\"wp-caption-text\">Au Pr\u00e9-Giroud, sous l&rsquo;apparence d&rsquo;un chalet suisse et d&rsquo;autres camouflages se dissimule un incroyable ouvrage d&rsquo;artillerie.<\/p><\/div>\n<p>VALLORBE &#8211; C&rsquo;est le bon moment pour aller voir les sites touristiques de la Cit\u00e9 du fer. Le Fort de Pr\u00e9-Giroud a rouvert ses \u00ab\u00a0entrailles\u00a0\u00bb pour accueillir de nombreux visiteurs et les animaux de Juraparc tiennent la vedette.<\/p>\n<p>Monument t\u00e9moin de la guerre de 1939-1945, le Fort de Pr\u00e9-Giroud a ouvert sa saison de visites guid\u00e9es 2017 le week-end dernier et a accueilli de nombreux visiteurs. A l&rsquo;\u00e9poque, ce sont des milliers de soldats qui parcouraient ses galeries, y compris ceux qui y ont fait des cours de r\u00e9p\u00e9tition apr\u00e8s le conflit. Gr\u00e2ce \u00e0 deux syndics vallorbiers de l&rsquo;\u00e9poque, Andr\u00e9 Jaillet et Philippe Mamie, et avec l&rsquo;accord du DMF, Pr\u00e9-Giroud a \u00e9t\u00e9 ouvert au public en 1988, ce qui constituait une premi\u00e8re pour ce genre de lieu en Suisse romande.<\/p>\n<div id=\"attachment_3864\" style=\"width: 650px\" class=\"wp-caption alignnone\"><a href=\"https:\/\/i2.wp.com\/www.presstourism.ch\/WP_ALEX\/wp-content\/uploads\/2017\/06\/3BaladeVallorbeJuraP3-Largeur-max.-1024-Hauteur-max.-768-1.jpg\"><img aria-describedby=\"caption-attachment-3864\" loading=\"lazy\" class=\"size-large wp-image-3864\" src=\"https:\/\/i2.wp.com\/www.presstourism.ch\/WP_ALEX\/wp-content\/uploads\/2017\/06\/3BaladeVallorbeJuraP3-Largeur-max.-1024-Hauteur-max.-768-1-1024x682.jpg?resize=584%2C389\" alt=\"Un petit ours dans les arbres et d'autres animaux sauvages dans un cadre verdoyant de Juraparc...\" width=\"584\" height=\"389\" srcset=\"https:\/\/i2.wp.com\/www.presstourism.ch\/wp-content\/uploads\/2017\/06\/3BaladeVallorbeJuraP3-Largeur-max.-1024-Hauteur-max.-768-1.jpg?w=1024 1024w, https:\/\/i2.wp.com\/www.presstourism.ch\/wp-content\/uploads\/2017\/06\/3BaladeVallorbeJuraP3-Largeur-max.-1024-Hauteur-max.-768-1.jpg?resize=300%2C200 300w, https:\/\/i2.wp.com\/www.presstourism.ch\/wp-content\/uploads\/2017\/06\/3BaladeVallorbeJuraP3-Largeur-max.-1024-Hauteur-max.-768-1.jpg?resize=768%2C512 768w, https:\/\/i2.wp.com\/www.presstourism.ch\/wp-content\/uploads\/2017\/06\/3BaladeVallorbeJuraP3-Largeur-max.-1024-Hauteur-max.-768-1.jpg?resize=600%2C400 600w\" sizes=\"(max-width: 584px) 100vw, 584px\" data-recalc-dims=\"1\" \/><\/a><p id=\"caption-attachment-3864\" class=\"wp-caption-text\">Un petit ours dans les arbres et d&rsquo;autres animaux sauvages dans un cadre verdoyant de Juraparc&#8230;<\/p><\/div>\n<div id=\"attachment_3865\" style=\"width: 650px\" class=\"wp-caption alignnone\"><a href=\"https:\/\/i2.wp.com\/www.presstourism.ch\/WP_ALEX\/wp-content\/uploads\/2017\/06\/4BaladeVallorbeJuraP3-Largeur-max.-1024-Hauteur-max.-768.jpg\"><img aria-describedby=\"caption-attachment-3865\" loading=\"lazy\" class=\"size-large wp-image-3865\" src=\"https:\/\/i2.wp.com\/www.presstourism.ch\/WP_ALEX\/wp-content\/uploads\/2017\/06\/4BaladeVallorbeJuraP3-Largeur-max.-1024-Hauteur-max.-768-1024x682.jpg?resize=584%2C389\" alt=\"... le papa ours qui vous salue.\" width=\"584\" height=\"389\" srcset=\"https:\/\/i2.wp.com\/www.presstourism.ch\/wp-content\/uploads\/2017\/06\/4BaladeVallorbeJuraP3-Largeur-max.-1024-Hauteur-max.-768.jpg?w=1024 1024w, https:\/\/i2.wp.com\/www.presstourism.ch\/wp-content\/uploads\/2017\/06\/4BaladeVallorbeJuraP3-Largeur-max.-1024-Hauteur-max.-768.jpg?resize=300%2C200 300w, https:\/\/i2.wp.com\/www.presstourism.ch\/wp-content\/uploads\/2017\/06\/4BaladeVallorbeJuraP3-Largeur-max.-1024-Hauteur-max.-768.jpg?resize=768%2C512 768w, https:\/\/i2.wp.com\/www.presstourism.ch\/wp-content\/uploads\/2017\/06\/4BaladeVallorbeJuraP3-Largeur-max.-1024-Hauteur-max.-768.jpg?resize=600%2C400 600w\" sizes=\"(max-width: 584px) 100vw, 584px\" data-recalc-dims=\"1\" \/><\/a><p id=\"caption-attachment-3865\" class=\"wp-caption-text\">&#8230; le papa ours qui vous salue.<\/p><\/div>\n<p>Son chalet \u00ab\u00a0trompe l&rsquo;oeil\u00a0\u00bb et d&rsquo;autres ouvrages en contrebas repr\u00e9sentent la partie \u00e9merg\u00e9e du bunker. \u00c0 l\u2019int\u00e9rieur, apr\u00e8s une porte blind\u00e9e, on arrive \u00e0 l&rsquo;ascenseur qui vous conduit vers plus de 500 m\u00e8tres de galeries souterraines, les postes d&rsquo;observations, les magasins de munition, les diveses salles, etc. Avec des reconstitutions historiques \u00e0 la cl\u00e9, on se retrouve dans un v\u00e9ritable camp retranch\u00e9, qui \u00e9tait \u00e9quip\u00e9 pour la vie de 130 militaires.<\/p>\n<div id=\"attachment_3866\" style=\"width: 650px\" class=\"wp-caption alignnone\"><a href=\"https:\/\/i2.wp.com\/www.presstourism.ch\/WP_ALEX\/wp-content\/uploads\/2017\/06\/5LamaJuraparcVallorbe-Largeur-max.-1024-Hauteur-max.-768.jpg\"><img aria-describedby=\"caption-attachment-3866\" loading=\"lazy\" class=\"size-large wp-image-3866\" src=\"https:\/\/i1.wp.com\/www.presstourism.ch\/WP_ALEX\/wp-content\/uploads\/2017\/06\/5LamaJuraparcVallorbe-Largeur-max.-1024-Hauteur-max.-768-1024x696.jpg?resize=584%2C397\" alt=\"... les lamas qui vous approchent d\u00e8s l'entr\u00e9e du parc...\" width=\"584\" height=\"397\" srcset=\"https:\/\/i1.wp.com\/www.presstourism.ch\/wp-content\/uploads\/2017\/06\/5LamaJuraparcVallorbe-Largeur-max.-1024-Hauteur-max.-768.jpg?w=1024 1024w, https:\/\/i1.wp.com\/www.presstourism.ch\/wp-content\/uploads\/2017\/06\/5LamaJuraparcVallorbe-Largeur-max.-1024-Hauteur-max.-768.jpg?resize=300%2C204 300w, https:\/\/i1.wp.com\/www.presstourism.ch\/wp-content\/uploads\/2017\/06\/5LamaJuraparcVallorbe-Largeur-max.-1024-Hauteur-max.-768.jpg?resize=768%2C522 768w, https:\/\/i1.wp.com\/www.presstourism.ch\/wp-content\/uploads\/2017\/06\/5LamaJuraparcVallorbe-Largeur-max.-1024-Hauteur-max.-768.jpg?resize=600%2C408 600w\" sizes=\"(max-width: 584px) 100vw, 584px\" data-recalc-dims=\"1\" \/><\/a><p id=\"caption-attachment-3866\" class=\"wp-caption-text\">&#8230; les lamas qui vous approchent d\u00e8s l&rsquo;entr\u00e9e du parc&#8230;<\/p><\/div>\n<p><strong>Fascinant spectacle<\/strong><\/p>\n<p>Vallorbe peut aussi s&rsquo;enorgueillir de son attrayant Mus\u00e9e du fer, dont <em> <\/em>vient de pr\u00e9senter ses soir\u00e9es o\u00f9 se m\u00ealent culture et go\u00fbt (\u00e9dition du mardi 16 mai). Et, bien entendu, de ses fameuses grottes, les plus grandes de Suisse. La visite se d\u00e9roule dans un d\u00e9cor grandiose de stalagmites, stalactites, draperies et colonnes. On traverse les galeries avec le bruit de l&rsquo;Orbe tant\u00f4t calme, tant\u00f4t grondante dans son parcours souterrain. Quant \u00e0 la Cath\u00e9drale, elle propose un fascinant spectacle son et lumi\u00e8re.<\/p>\n<p>Enfin, il est impossible de manquer Juraparc, au Mont d&rsquo;Orzeires, avec ses bisons, les ours, les loups, les lamas, les cerfs et des lynx, qu&rsquo;il est possible de voir avec un peu de patience. Un super but de balade dans un cadre rupestre et verdoyant. C&rsquo;est magnifique!<\/p>\n<p><strong>Textes et photos: Roger Juillerat<\/strong><\/p>\n<p>&nbsp;<\/p>\n<p><strong>Infos pratiques<\/strong><\/p>\n<div id=\"attachment_3867\" style=\"width: 565px\" class=\"wp-caption aligncenter\"><a href=\"https:\/\/i2.wp.com\/www.presstourism.ch\/WP_ALEX\/wp-content\/uploads\/2017\/06\/7BaladeVallorbeGrottes-Largeur-max.-1024-Hauteur-max.-768.jpg\"><img aria-describedby=\"caption-attachment-3867\" loading=\"lazy\" class=\"size-full wp-image-3867\" src=\"https:\/\/i2.wp.com\/www.presstourism.ch\/WP_ALEX\/wp-content\/uploads\/2017\/06\/7BaladeVallorbeGrottes-Largeur-max.-1024-Hauteur-max.-768.jpg?resize=555%2C768\" alt=\"Dans les galeries des grottes de Vallorbe.\" width=\"555\" height=\"768\" srcset=\"https:\/\/i0.wp.com\/www.presstourism.ch\/wp-content\/uploads\/2017\/06\/7BaladeVallorbeGrottes-Largeur-max.-1024-Hauteur-max.-768.jpg?w=555 555w, https:\/\/i0.wp.com\/www.presstourism.ch\/wp-content\/uploads\/2017\/06\/7BaladeVallorbeGrottes-Largeur-max.-1024-Hauteur-max.-768.jpg?resize=217%2C300 217w\" sizes=\"(max-width: 555px) 100vw, 555px\" data-recalc-dims=\"1\" \/><\/a><p id=\"caption-attachment-3867\" class=\"wp-caption-text\">Dans les galeries des grottes de Vallorbe.<\/p><\/div>\n<p><strong>Mais aussi:<\/strong> aux grottes, possibilit\u00e9 de charger l&rsquo;audioguide sur votre t\u00e9l\u00e9phone et de visiter la cave \u00e0 fromage, o\u00f9 est affin\u00e9 le Vallgrotte. A Juraparc, place de jeux s\u00e9curis\u00e9e pour les enfants et possibilit\u00e9 de d\u00e9guster les sp\u00e9cialit\u00e9s de bisons au restaurant.<\/p>\n<div id=\"attachment_3868\" style=\"width: 564px\" class=\"wp-caption aligncenter\"><a href=\"https:\/\/i2.wp.com\/www.presstourism.ch\/WP_ALEX\/wp-content\/uploads\/2017\/06\/6BaladeVallorbeJuraP4-Largeur-max.-1024-Hauteur-max.-768.jpg\"><img aria-describedby=\"caption-attachment-3868\" loading=\"lazy\" class=\"size-full wp-image-3868\" src=\"https:\/\/i2.wp.com\/www.presstourism.ch\/WP_ALEX\/wp-content\/uploads\/2017\/06\/6BaladeVallorbeJuraP4-Largeur-max.-1024-Hauteur-max.-768.jpg?resize=554%2C768\" alt=\"... un petit bison n\u00e9 il y a quelques jours avec sa m\u00e8re...\" width=\"554\" height=\"768\" srcset=\"https:\/\/i1.wp.com\/www.presstourism.ch\/wp-content\/uploads\/2017\/06\/6BaladeVallorbeJuraP4-Largeur-max.-1024-Hauteur-max.-768.jpg?w=554 554w, https:\/\/i1.wp.com\/www.presstourism.ch\/wp-content\/uploads\/2017\/06\/6BaladeVallorbeJuraP4-Largeur-max.-1024-Hauteur-max.-768.jpg?resize=216%2C300 216w\" sizes=\"(max-width: 554px) 100vw, 554px\" data-recalc-dims=\"1\" \/><\/a><p id=\"caption-attachment-3868\" class=\"wp-caption-text\">&#8230; un petit bison n\u00e9 il y a quelques jours avec sa m\u00e8re&#8230;<\/p><\/div>\n<p><strong>Se renseigner:<\/strong> toutes les d\u00e9tails sur les sites: www.grottesdevallorbe.ch, museedufer.ch, juraparc.ch et pre-giroud.ch, ainsi que vallorbe-tourisme.ch. Plusieurs itin\u00e9raires p\u00e9destres ou \u00e0 v\u00e9lo dans la r\u00e9gion, dont celle qui conduit au Fort de Pr\u00e9-Giroud.<\/p>\n<div id=\"attachment_3869\" style=\"width: 522px\" class=\"wp-caption aligncenter\"><a href=\"https:\/\/i2.wp.com\/www.presstourism.ch\/WP_ALEX\/wp-content\/uploads\/2017\/06\/8VallorbeMus\u00e9eFer-Largeur-max.-1024-Hauteur-max.-768.jpg\"><img aria-describedby=\"caption-attachment-3869\" loading=\"lazy\" class=\"size-full wp-image-3869\" src=\"https:\/\/i2.wp.com\/www.presstourism.ch\/WP_ALEX\/wp-content\/uploads\/2017\/06\/8VallorbeMus\u00e9eFer-Largeur-max.-1024-Hauteur-max.-768.jpg?resize=512%2C768\" alt=\"Le Mus\u00e9e du Fer et du Chemin de fer pr\u00e9sente l'histoire du patrimoine vallorbier.\" width=\"512\" height=\"768\" srcset=\"https:\/\/i1.wp.com\/www.presstourism.ch\/wp-content\/uploads\/2017\/06\/8VallorbeMus\u00e9eFer-Largeur-max.-1024-Hauteur-max.-768.jpg?w=512 512w, https:\/\/i1.wp.com\/www.presstourism.ch\/wp-content\/uploads\/2017\/06\/8VallorbeMus\u00e9eFer-Largeur-max.-1024-Hauteur-max.-768.jpg?resize=200%2C300 200w\" sizes=\"(max-width: 512px) 100vw, 512px\" data-recalc-dims=\"1\" \/><\/a><p id=\"caption-attachment-3869\" class=\"wp-caption-text\">Le Mus\u00e9e du Fer et du Chemin de fer pr\u00e9sente l&rsquo;histoire du patrimoine vallorbier.<\/p><\/div>\n<p><strong>Couverts:<\/strong> l\u2019Office du tourisme propose aux groupes une visite d\u2019un ou plusieurs des sites touristiques, suivie d\u2019un d\u00e9licieux menu dans l\u2019un des restaurants de la ville, dont les truites de Vallorbe.<\/p>\n<p><a href=\"http:\/\/www.presstourism.ch\/WP_ALEX\/wp-content\/uploads\/2017\/06\/NVT_190517_wBalade-Vallorbe4sites-copie.pdf\">Lire ou t\u00e9l\u00e9charger l&rsquo;article de presse&#8230;<\/a><\/p>\n<div id='contact-form-3859'>\n<form action='http:\/\/www.presstourism.ch\/?page_id=3859#contact-form-3859' method='post' class='contact-form commentsblock'>\n<script>\n\t\t\t( function () {\n\t\t\t\tconst contact_forms = document.getElementsByClassName('contact-form');\n\n\t\t\t\tfor ( const form of contact_forms ) {\n\t\t\t\t\tform.onsubmit = function() {\n\t\t\t\t\t\tconst buttons = form.getElementsByTagName('button');\n\n\t\t\t\t\t\tfor( const button of buttons ) {\n\t\t\t\t\t\t\tbutton.setAttribute('disabled', true);\n\t\t\t\t\t\t}\n\t\t\t\t\t}\n\t\t\t\t}\n\t\t\t} )();\n\t\t<\/script>\n<div class='grunion-field-wrap grunion-field-name-wrap'  >\n<label\n\t\t\t\tfor='g3859-nom'\n\t\t\t\tclass='grunion-field-label name'\n\t\t\t\t>Nom<span>(obligatoire)<\/span><\/label>\n<input\n\t\t\t\t\ttype='text'\n\t\t\t\t\tname='g3859-nom'\n\t\t\t\t\tid='g3859-nom'\n\t\t\t\t\tvalue=''\n\t\t\t\t\tclass='name' \n\t\t\t\t\trequired aria-required='true'\n\t\t\t\t\/>\n\t<\/div>\n\n<div class='grunion-field-wrap grunion-field-email-wrap'  >\n<label\n\t\t\t\tfor='g3859-email'\n\t\t\t\tclass='grunion-field-label email'\n\t\t\t\t>E-mail<span>(obligatoire)<\/span><\/label>\n<input\n\t\t\t\t\ttype='email'\n\t\t\t\t\tname='g3859-email'\n\t\t\t\t\tid='g3859-email'\n\t\t\t\t\tvalue=''\n\t\t\t\t\tclass='email' \n\t\t\t\t\trequired aria-required='true'\n\t\t\t\t\/>\n\t<\/div>\n\n<div class='grunion-field-wrap grunion-field-url-wrap'  >\n<label\n\t\t\t\tfor='g3859-siteweb'\n\t\t\t\tclass='grunion-field-label url'\n\t\t\t\t>Site Web<\/label>\n<input\n\t\t\t\t\ttype='url'\n\t\t\t\t\tname='g3859-siteweb'\n\t\t\t\t\tid='g3859-siteweb'\n\t\t\t\t\tvalue=''\n\t\t\t\t\tclass='url' \n\t\t\t\t\t\n\t\t\t\t\/>\n\t<\/div>\n\n<div class='grunion-field-wrap grunion-field-textarea-wrap'  >\n<label\n\t\t\t\tfor='contact-form-comment-g3859-commentaire'\n\t\t\t\tclass='grunion-field-label textarea'\n\t\t\t\t>Commentaire<span>(obligatoire)<\/span><\/label>\n<textarea\n\t\t                name='g3859-commentaire'\n\t\t                id='contact-form-comment-g3859-commentaire'\n\t\t                rows='20' class='textarea'  required aria-required='true'><\/textarea>\n\t<\/div>\n\t<p class='contact-submit'>\n\t\t<button type='submit' class='pushbutton-wide'>Envoyer<\/button>\t\t<input type='hidden' name='contact-form-id' value='3859' \/>\n\t\t<input type='hidden' name='action' value='grunion-contact-form' \/>\n\t\t<input type='hidden' name='contact-form-hash' value='b30f35eeb46e1c3b972963d932d7672af7152a48' \/>\n\t<\/p>\n<p style=\"display: none !important;\" class=\"akismet-fields-container\" data-prefix=\"ak_\"><label>&#916;<textarea name=\"ak_hp_textarea\" cols=\"45\" rows=\"8\" maxlength=\"100\"><\/textarea><\/label><input type=\"hidden\" id=\"ak_js_1\" name=\"ak_js\" value=\"124\"\/><script>document.getElementById( \"ak_js_1\" ).setAttribute( \"value\", ( new Date() ).getTime() );<\/script><\/p><\/form>\n<\/div>\n","protected":false},"excerpt":{"rendered":"<p>VALLORBE &#8211; C&rsquo;est le bon moment pour aller voir les sites touristiques de la Cit\u00e9 du fer. Le Fort de Pr\u00e9-Giroud a rouvert ses \u00ab\u00a0entrailles\u00a0\u00bb pour accueillir de nombreux visiteurs et les animaux de Juraparc tiennent la vedette. Monument t\u00e9moin &hellip; <a href=\"http:\/\/www.presstourism.ch\/?page_id=3859\">Continuer la lecture <span class=\"meta-nav\">&rarr;<\/span><\/a><\/p>\n","protected":false},"author":1,"featured_media":0,"parent":341,"menu_order":0,"comment_status":"closed","ping_status":"closed","template":"","meta":{"ngg_post_thumbnail":0,"spay_email":""},"jetpack_sharing_enabled":true,"jetpack_shortlink":"https:\/\/wp.me\/P468TV-10f","_links":{"self":[{"href":"http:\/\/www.presstourism.ch\/index.php?rest_route=\/wp\/v2\/pages\/3859"}],"collection":[{"href":"http:\/\/www.presstourism.ch\/index.php?rest_route=\/wp\/v2\/pages"}],"about":[{"href":"http:\/\/www.presstourism.ch\/index.php?rest_route=\/wp\/v2\/types\/page"}],"author":[{"embeddable":true,"href":"http:\/\/www.presstourism.ch\/index.php?rest_route=\/wp\/v2\/users\/1"}],"replies":[{"embeddable":true,"href":"http:\/\/www.presstourism.ch\/index.php?rest_route=%2Fwp%2Fv2%2Fcomments&post=3859"}],"version-history":[{"count":5,"href":"http:\/\/www.presstourism.ch\/index.php?rest_route=\/wp\/v2\/pages\/3859\/revisions"}],"predecessor-version":[{"id":3913,"href":"http:\/\/www.presstourism.ch\/index.php?rest_route=\/wp\/v2\/pages\/3859\/revisions\/3913"}],"up":[{"embeddable":true,"href":"http:\/\/www.presstourism.ch\/index.php?rest_route=\/wp\/v2\/pages\/341"}],"wp:attachment":[{"href":"http:\/\/www.presstourism.ch\/index.php?rest_route=%2Fwp%2Fv2%2Fmedia&parent=3859"}],"curies":[{"name":"wp","href":"https:\/\/api.w.org\/{rel}","templated":true}]}}