{"id":383,"date":"2013-11-16T18:10:06","date_gmt":"2013-11-16T17:10:06","guid":{"rendered":"http:\/\/www.presstourism.ch\/WP_ALEX\/?page_id=383"},"modified":"2022-03-15T16:51:22","modified_gmt":"2022-03-15T15:51:22","slug":"chypre-2","status":"publish","type":"page","link":"http:\/\/www.presstourism.ch\/?page_id=383","title":{"rendered":"Chypre"},"content":{"rendered":"<p><a> <img class=\"aligncenter\" style=\"display: block;\" title=\"Plan Chypre : cliquez sur la carte Chypre pour l'agrandir\" src=\"https:\/\/i0.wp.com\/www.routard.com\/images_contenu\/partir\/destination\/chypre\/carte\/chypre.gif?w=584\" alt=\"Plan Chypre : cliquez sur la carte Chypre pour l'agrandir\" border=\"0\" data-recalc-dims=\"1\"><\/a><\/p>\n<p><strong><a href=\"http:\/\/www.jepars.ch\/magazine\/?p=1205\">Chypre nord, un secret bien gard\u00e9 \/ G\u00e9rard Blanc<\/a><\/strong><\/p>\n<p><strong><a title=\"Lien permanent vers Chypre: le dialogue Nord-Sud l\u00e0 o\u00f9 le tourisme enjambe les conflits\" href=\"http:\/\/www.jepars.ch\/magazine\/?p=6774\" rel=\"bookmark\"> Le tourisme enjambe les conflits \/ G\u00e9rard Blanc <\/a><\/strong><\/p>\n<p>Le tourisme \u00e0 Chypre d\u00e9passe les clivages politiques. Un voyagiste lausannois prouve qu\u2019il est possible de visiter les deux r\u00e9gions lors d\u2019un m\u00eame s\u00e9jour.<\/p>\n<p><strong><a href=\"http:\/\/www.presstourism.ch\/attachments\/File\/BRISSOTEvasion-Chypre.pdf\">Chypre \/ Nina Brissot<\/a><\/strong><\/p>\n<p><strong><a href=\"http:\/\/www.presstourism.ch\/WP_ALEX\/wp-content\/uploads\/2013\/11\/Chypre-c-de-lucia.pdf\">Chypre \/ Colette de Lucia<\/a><\/strong><\/p>\n<p><strong><a href=\"http:\/\/www.presstourism.ch\/attachments\/File\/AD_Nouveaux_20120806\/Morzier_-_CHYPRE.pdf\">Chypre du Nord et du Sud \/ J. Morzier<\/a><\/strong><\/p>\n<div>\n<div>\n<p dir=\"ltr\" data-angle=\"0\" data-font-name=\"g_font_21_0\" data-canvas-width=\"305.20699684906015\">Troisi\u00e8me de la M\u00e9diterran\u00e9e en superficie, \u00eele aux tr\u00e9sors multiples, Chypre vit aujourd\u2019hui divis\u00e9e par une \u00abligne verte\u00bb surveill\u00e9e par les casques bleus de l\u2019ONU. Moins connue, la partie nord de l\u2019\u00eele est turque. Une visite s\u2019imposait \u00e0 l\u2019heure o\u00f9 le tourisme se d\u00e9veloppe.<\/p>\n<p dir=\"ltr\" data-angle=\"0\" data-font-name=\"g_font_21_0\" data-canvas-width=\"305.20699684906015\"><strong><a href=\"http:\/\/sb4-1.infomaniak.ch\/sites\/c4\/c493c95f91125629724acfd1fee9774f\/attachments\/File\/AD_Nouveaux_20120806\/mermouds20120328chypre__v__nementpdf.pdf\">Par-del\u00e0 la fronti\u00e8re \/ Sonya Mermoud<\/a><\/strong><\/p>\n<p class=\"post-title\"><strong><a title=\"L\u2019\u00eele de Chypre du nord au sud\" href=\"http:\/\/www.presstourism.ch\/WP_ALEX\/?page_id=1501\">L\u2019\u00eele de Chypre du nord au sud \/ Roger Juillerat<\/a><\/strong><\/p>\n<\/div>\n<\/div>\n<p><strong><a href=\"Du 11 au 18 ao\u00fbt 2010 - N0526 -www.leregional.ch32EVASIONChypre, l\u2019\u00eele qui a donn\u00e9 son nomau cuivre et vu na\u00eetre Aphrodite\">Chypre, l\u2019\u00eele qui a donn\u00e9 son nom au cuivre et vu na\u00eetre Aphrodite \/ Nina Brissot<\/a><\/strong><\/p>\n<p>&nbsp;<\/p>\n","protected":false},"excerpt":{"rendered":"<p>Chypre nord, un secret bien gard\u00e9 \/ G\u00e9rard Blanc Le tourisme enjambe les conflits \/ G\u00e9rard Blanc Le tourisme \u00e0 Chypre d\u00e9passe les clivages politiques. Un voyagiste lausannois prouve qu\u2019il est possible de visiter les deux r\u00e9gions lors d\u2019un m\u00eame &hellip; <a href=\"http:\/\/www.presstourism.ch\/?page_id=383\">Continuer la lecture <span class=\"meta-nav\">&rarr;<\/span><\/a><\/p>\n","protected":false},"author":1,"featured_media":0,"parent":2161,"menu_order":0,"comment_status":"open","ping_status":"open","template":"","meta":{"ngg_post_thumbnail":0,"spay_email":""},"jetpack_sharing_enabled":true,"jetpack_shortlink":"https:\/\/wp.me\/P468TV-6b","_links":{"self":[{"href":"http:\/\/www.presstourism.ch\/index.php?rest_route=\/wp\/v2\/pages\/383"}],"collection":[{"href":"http:\/\/www.presstourism.ch\/index.php?rest_route=\/wp\/v2\/pages"}],"about":[{"href":"http:\/\/www.presstourism.ch\/index.php?rest_route=\/wp\/v2\/types\/page"}],"author":[{"embeddable":true,"href":"http:\/\/www.presstourism.ch\/index.php?rest_route=\/wp\/v2\/users\/1"}],"replies":[{"embeddable":true,"href":"http:\/\/www.presstourism.ch\/index.php?rest_route=%2Fwp%2Fv2%2Fcomments&post=383"}],"version-history":[{"count":4,"href":"http:\/\/www.presstourism.ch\/index.php?rest_route=\/wp\/v2\/pages\/383\/revisions"}],"predecessor-version":[{"id":8326,"href":"http:\/\/www.presstourism.ch\/index.php?rest_route=\/wp\/v2\/pages\/383\/revisions\/8326"}],"up":[{"embeddable":true,"href":"http:\/\/www.presstourism.ch\/index.php?rest_route=\/wp\/v2\/pages\/2161"}],"wp:attachment":[{"href":"http:\/\/www.presstourism.ch\/index.php?rest_route=%2Fwp%2Fv2%2Fmedia&parent=383"}],"curies":[{"name":"wp","href":"https:\/\/api.w.org\/{rel}","templated":true}]}}