{"id":3829,"date":"2017-05-29T08:13:49","date_gmt":"2017-05-29T07:13:49","guid":{"rendered":"http:\/\/www.presstourism.ch\/WP_ALEX\/?page_id=3829"},"modified":"2024-04-12T19:49:54","modified_gmt":"2024-04-12T17:49:54","slug":"sur-lijsselmeer-damsterdam-a-lemmer","status":"publish","type":"page","link":"http:\/\/www.presstourism.ch\/?page_id=3829","title":{"rendered":"Sur l&rsquo;Ijsselmeer d&rsquo;Amsterdam \u00e0 Lemmer"},"content":{"rendered":"<div id=\"attachment_3830\" style=\"width: 522px\" class=\"wp-caption aligncenter\"><a href=\"https:\/\/i0.wp.com\/www.presstourism.ch\/WP_ALEX\/wp-content\/uploads\/2017\/05\/5MoulinsPolders-Ijsselmeer-Largeur-max.-1024-Hauteur-max.-768.jpg\"><img aria-describedby=\"caption-attachment-3830\" loading=\"lazy\" class=\"size-full wp-image-3830\" src=\"https:\/\/i0.wp.com\/www.presstourism.ch\/WP_ALEX\/wp-content\/uploads\/2017\/05\/5MoulinsPolders-Ijsselmeer-Largeur-max.-1024-Hauteur-max.-768.jpg?resize=512%2C768\" alt=\"Les moulins, v\u00e9ritables cartes de visite de la Hollande.\" width=\"512\" height=\"768\" srcset=\"https:\/\/i1.wp.com\/www.presstourism.ch\/wp-content\/uploads\/2017\/05\/5MoulinsPolders-Ijsselmeer-Largeur-max.-1024-Hauteur-max.-768.jpg?w=512 512w, https:\/\/i1.wp.com\/www.presstourism.ch\/wp-content\/uploads\/2017\/05\/5MoulinsPolders-Ijsselmeer-Largeur-max.-1024-Hauteur-max.-768.jpg?resize=200%2C300 200w\" sizes=\"(max-width: 512px) 100vw, 512px\" data-recalc-dims=\"1\" \/><\/a><p id=\"caption-attachment-3830\" class=\"wp-caption-text\">Les moulins, v\u00e9ritables cartes de visite de la Hollande.<\/p><\/div>\n<p>PAYS-BAS &#8211; Rien de plus attrayant qu&rsquo;une croisi\u00e8re pour rallier quelques jolis ports de p\u00eache et d\u00e9couvrir les atouts de plusieurs villes caract\u00e9ristiques de cet accueillant plat pays et de ses polders.<\/p>\n<div id=\"attachment_3831\" style=\"width: 650px\" class=\"wp-caption alignnone\"><a href=\"https:\/\/i1.wp.com\/www.presstourism.ch\/WP_ALEX\/wp-content\/uploads\/2017\/05\/1HoornPortsur-Ijsselmeer-Largeur-max.-1024-Hauteur-max.-768.jpg\"><img aria-describedby=\"caption-attachment-3831\" loading=\"lazy\" class=\"size-large wp-image-3831\" src=\"https:\/\/i1.wp.com\/www.presstourism.ch\/WP_ALEX\/wp-content\/uploads\/2017\/05\/1HoornPortsur-Ijsselmeer-Largeur-max.-1024-Hauteur-max.-768-1024x682.jpg?resize=584%2C389\" alt=\"La jolie ville d'Hoorn, qui a donn\u00e9 son nom au Cap Horn gr\u00e2ce \u00e0 un de ses c\u00e9l\u00e8bres marins.\" width=\"584\" height=\"389\" srcset=\"https:\/\/i0.wp.com\/www.presstourism.ch\/wp-content\/uploads\/2017\/05\/1HoornPortsur-Ijsselmeer-Largeur-max.-1024-Hauteur-max.-768.jpg?w=1024 1024w, https:\/\/i0.wp.com\/www.presstourism.ch\/wp-content\/uploads\/2017\/05\/1HoornPortsur-Ijsselmeer-Largeur-max.-1024-Hauteur-max.-768.jpg?resize=300%2C200 300w, https:\/\/i0.wp.com\/www.presstourism.ch\/wp-content\/uploads\/2017\/05\/1HoornPortsur-Ijsselmeer-Largeur-max.-1024-Hauteur-max.-768.jpg?resize=768%2C512 768w, https:\/\/i0.wp.com\/www.presstourism.ch\/wp-content\/uploads\/2017\/05\/1HoornPortsur-Ijsselmeer-Largeur-max.-1024-Hauteur-max.-768.jpg?resize=600%2C400 600w\" sizes=\"(max-width: 584px) 100vw, 584px\" data-recalc-dims=\"1\" \/><\/a><p id=\"caption-attachment-3831\" class=\"wp-caption-text\">La jolie ville d&rsquo;Hoorn, qui a donn\u00e9 son nom au Cap Horn gr\u00e2ce \u00e0 un de ses c\u00e9l\u00e8bres marins.<\/p><\/div>\n<p>Au d\u00e9part, il y a les canaux, les fameux mus\u00e9es et les lieux insolites d&rsquo;Amsterdam, sur laquelle <em>La R\u00e9gion<\/em> aura une fois l&rsquo;occasion de revenir. Mais depuis la capitale, il est captivant de se lancer dans une croisi\u00e8re sur l&rsquo;Ijsselmeer, qui est en fait le plus grand lac du pays, et de s&rsquo;en aller ainsi d\u00e9couvrir quelques ports et des petites villes pleines de charme et au caract\u00e8re n\u00e9erlandais bien tremp\u00e9s.<\/p>\n<div id=\"attachment_3832\" style=\"width: 586px\" class=\"wp-caption alignnone\"><a href=\"https:\/\/i2.wp.com\/www.presstourism.ch\/WP_ALEX\/wp-content\/uploads\/2017\/05\/2HoornHoofdtoren-PortIjjseelmeer-Largeur-max.-1024-Hauteur-max.-768.jpg\"><img aria-describedby=\"caption-attachment-3832\" loading=\"lazy\" class=\"size-full wp-image-3832\" src=\"https:\/\/i2.wp.com\/www.presstourism.ch\/WP_ALEX\/wp-content\/uploads\/2017\/05\/2HoornHoofdtoren-PortIjjseelmeer-Largeur-max.-1024-Hauteur-max.-768.jpg?resize=576%2C768\" alt=\"La Tour de forteresse du port d'Hoorn date de 1532 et renferme aujourd'hui un restaurant.\" width=\"576\" height=\"768\" srcset=\"https:\/\/i1.wp.com\/www.presstourism.ch\/wp-content\/uploads\/2017\/05\/2HoornHoofdtoren-PortIjjseelmeer-Largeur-max.-1024-Hauteur-max.-768.jpg?w=576 576w, https:\/\/i1.wp.com\/www.presstourism.ch\/wp-content\/uploads\/2017\/05\/2HoornHoofdtoren-PortIjjseelmeer-Largeur-max.-1024-Hauteur-max.-768.jpg?resize=225%2C300 225w\" sizes=\"(max-width: 576px) 100vw, 576px\" data-recalc-dims=\"1\" \/><\/a><p id=\"caption-attachment-3832\" class=\"wp-caption-text\">La Tour de forteresse du port d&rsquo;Hoorn date de 1532 et renferme aujourd&rsquo;hui un restaurant.<\/p><\/div>\n<p>C&rsquo;est le cas de Hoorn avec son superbe vieux quartier et son quai \u00e0 parcourir \u00e0 pied ou \u00e0 v\u00e9lo pour ceux et celles qui d\u00e9sirent aussi se lancer ensuite dans une excursion \u00e0 pied ou \u00e0 v\u00e9lo sur les polders, ces \u00e9tendues gagn\u00e9es sur l&rsquo;eau. Il vaut peut-\u00eatre aussi la peine \u2013 cela fait partie des offres de la compagnie \u2013 d&rsquo;aller visiter Alkmaar, ville historique aux 400 monuments et connue pour son fameux march\u00e9 aux fromage.<\/p>\n<div id=\"attachment_3833\" style=\"width: 650px\" class=\"wp-caption alignnone\"><a href=\"https:\/\/i1.wp.com\/www.presstourism.ch\/WP_ALEX\/wp-content\/uploads\/2017\/05\/3EnkhuisenMus\u00e9e-Zuiderzee-Largeur-max.-1024-Hauteur-max.-768.jpg\"><img aria-describedby=\"caption-attachment-3833\" loading=\"lazy\" class=\"size-large wp-image-3833\" src=\"https:\/\/i1.wp.com\/www.presstourism.ch\/WP_ALEX\/wp-content\/uploads\/2017\/05\/3EnkhuisenMus\u00e9e-Zuiderzee-Largeur-max.-1024-Hauteur-max.-768-1024x767.jpg?resize=584%2C437\" alt=\"Une partie du Mus\u00e9e en plein air Zuiderzee, le Ballenberg des Pays-Bas, \u00e0 Enkhuisen.\" width=\"584\" height=\"437\" srcset=\"https:\/\/i1.wp.com\/www.presstourism.ch\/wp-content\/uploads\/2017\/05\/3EnkhuisenMus\u00e9e-Zuiderzee-Largeur-max.-1024-Hauteur-max.-768.jpg?w=1024 1024w, https:\/\/i1.wp.com\/www.presstourism.ch\/wp-content\/uploads\/2017\/05\/3EnkhuisenMus\u00e9e-Zuiderzee-Largeur-max.-1024-Hauteur-max.-768.jpg?resize=300%2C225 300w, https:\/\/i1.wp.com\/www.presstourism.ch\/wp-content\/uploads\/2017\/05\/3EnkhuisenMus\u00e9e-Zuiderzee-Largeur-max.-1024-Hauteur-max.-768.jpg?resize=768%2C575 768w, https:\/\/i1.wp.com\/www.presstourism.ch\/wp-content\/uploads\/2017\/05\/3EnkhuisenMus\u00e9e-Zuiderzee-Largeur-max.-1024-Hauteur-max.-768.jpg?resize=600%2C449 600w\" sizes=\"(max-width: 584px) 100vw, 584px\" data-recalc-dims=\"1\" \/><\/a><p id=\"caption-attachment-3833\" class=\"wp-caption-text\">Une partie du Mus\u00e9e en plein air Zuiderzee, le Ballenberg des Pays-Bas, \u00e0 Enkhuisen.<\/p><\/div>\n<p>Le Monet \u2013 c&rsquo;est le nom du bateau \u2013 vous emm\u00e8ne ensuite \u00e0 Enkhuisen (62 km d&rsquo;Amsterdam), qui fut une des villes les plus prosp\u00e8res de Hollande et qui est id\u00e9ale pour la promenade. L&rsquo;occasion de rejoindre le Mus\u00e9e en plein air du Zuiderzee, qui fait penser \u00e0 un petit Ballenberg helv\u00e9tique. Il \u00e9voque la vie quotidienne dans les anciens ports de p\u00eache et on y retrouve tous les m\u00e9tiers manuels et commerciaux d&rsquo;autrefois, dans un superbe d\u00e9cor naturel en bord de mer.<\/p>\n<div id=\"attachment_3834\" style=\"width: 650px\" class=\"wp-caption alignnone\"><a href=\"https:\/\/i2.wp.com\/www.presstourism.ch\/WP_ALEX\/wp-content\/uploads\/2017\/05\/9CanalVilleLemmer-Ijjselmeer-Largeur-max.-1024-Hauteur-max.-768.jpg\"><img aria-describedby=\"caption-attachment-3834\" loading=\"lazy\" class=\"size-large wp-image-3834\" src=\"https:\/\/i2.wp.com\/www.presstourism.ch\/WP_ALEX\/wp-content\/uploads\/2017\/05\/9CanalVilleLemmer-Ijjselmeer-Largeur-max.-1024-Hauteur-max.-768-1024x767.jpg?resize=584%2C437\" alt=\"Le canal qui traverse le centre-ville et les rues commer\u00e7antes de Lemmer est une v\u00e9ritable attraction.\" width=\"584\" height=\"437\" srcset=\"https:\/\/i1.wp.com\/www.presstourism.ch\/wp-content\/uploads\/2017\/05\/9CanalVilleLemmer-Ijjselmeer-Largeur-max.-1024-Hauteur-max.-768.jpg?w=1024 1024w, https:\/\/i1.wp.com\/www.presstourism.ch\/wp-content\/uploads\/2017\/05\/9CanalVilleLemmer-Ijjselmeer-Largeur-max.-1024-Hauteur-max.-768.jpg?resize=300%2C225 300w, https:\/\/i1.wp.com\/www.presstourism.ch\/wp-content\/uploads\/2017\/05\/9CanalVilleLemmer-Ijjselmeer-Largeur-max.-1024-Hauteur-max.-768.jpg?resize=768%2C575 768w, https:\/\/i1.wp.com\/www.presstourism.ch\/wp-content\/uploads\/2017\/05\/9CanalVilleLemmer-Ijjselmeer-Largeur-max.-1024-Hauteur-max.-768.jpg?resize=600%2C449 600w\" sizes=\"(max-width: 584px) 100vw, 584px\" data-recalc-dims=\"1\" \/><\/a><p id=\"caption-attachment-3834\" class=\"wp-caption-text\">Le canal qui traverse le centre-ville et les rues commer\u00e7antes de Lemmer est une v\u00e9ritable attraction.<\/p><\/div>\n<p>Escale enfin \u00e0 Lemmer avec son canal qui traverse le centre commer\u00e7ant. Une accueillante petite ville, qui compte un des plus beaux et des plus innovants monuments de Hollande, la station de pompage Woudagemaal, construite en 1920 et inscrite au patrimoine mondial. Dans un beau b\u00e2timent inspir\u00e9 par le style de l\u2019\u00e9cole d&rsquo;Amsterdam, c&rsquo;est la seule station de pompage \u00e0 vapeur du monde. Envie de vacances ou de s\u00e9jours dans le nord, c&rsquo;est le bon moment de rejoindre l&rsquo;Ijsselmeer.<\/p>\n<p style=\"text-align: right;\"><strong>Textes et photos: Roger Juillerat<\/strong><\/p>\n<div id=\"attachment_3835\" style=\"width: 660px\" class=\"wp-caption aligncenter\"><a href=\"https:\/\/i1.wp.com\/www.presstourism.ch\/WP_ALEX\/wp-content\/uploads\/2017\/05\/4BataviaNavire-Ijsselmeer-Largeur-max.-1024-Hauteur-max.-768.jpg\"><img aria-describedby=\"caption-attachment-3835\" loading=\"lazy\" class=\"size-full wp-image-3835\" src=\"https:\/\/i1.wp.com\/www.presstourism.ch\/WP_ALEX\/wp-content\/uploads\/2017\/05\/4BataviaNavire-Ijsselmeer-Largeur-max.-1024-Hauteur-max.-768.jpg?resize=584%2C690\" alt=\"Le Batavia est une figure marquante de l'histoire du pays.\" width=\"584\" height=\"690\" srcset=\"https:\/\/i0.wp.com\/www.presstourism.ch\/wp-content\/uploads\/2017\/05\/4BataviaNavire-Ijsselmeer-Largeur-max.-1024-Hauteur-max.-768.jpg?w=650 650w, https:\/\/i0.wp.com\/www.presstourism.ch\/wp-content\/uploads\/2017\/05\/4BataviaNavire-Ijsselmeer-Largeur-max.-1024-Hauteur-max.-768.jpg?resize=254%2C300 254w, https:\/\/i0.wp.com\/www.presstourism.ch\/wp-content\/uploads\/2017\/05\/4BataviaNavire-Ijsselmeer-Largeur-max.-1024-Hauteur-max.-768.jpg?resize=600%2C709 600w\" sizes=\"(max-width: 584px) 100vw, 584px\" data-recalc-dims=\"1\" \/><\/a><p id=\"caption-attachment-3835\" class=\"wp-caption-text\">Le Batavia est une figure marquante de l&rsquo;histoire du pays.<\/p><\/div>\n<p><strong><span style=\"text-decoration: underline;\">Infos pratiques<\/span><\/strong><\/p>\n<div id=\"attachment_3838\" style=\"width: 650px\" class=\"wp-caption alignnone\"><a href=\"https:\/\/i1.wp.com\/www.presstourism.ch\/WP_ALEX\/wp-content\/uploads\/2017\/05\/10BateauMonetCroisi-EuropeIjjselmeer-Largeur-max.-1024-Hauteur-max.-768.jpg\"><img aria-describedby=\"caption-attachment-3838\" loading=\"lazy\" class=\"size-large wp-image-3838\" src=\"https:\/\/i2.wp.com\/www.presstourism.ch\/WP_ALEX\/wp-content\/uploads\/2017\/05\/10BateauMonetCroisi-EuropeIjjselmeer-Largeur-max.-1024-Hauteur-max.-768-1024x543.jpg?resize=584%2C309\" alt=\"Le bateau Monet de CroisiEurope avec lequel la navigation sur l'Ijjselmeer constitue une croisi\u00e8re int\u00e9ressante.\" width=\"584\" height=\"309\" srcset=\"https:\/\/i1.wp.com\/www.presstourism.ch\/wp-content\/uploads\/2017\/05\/10BateauMonetCroisi-EuropeIjjselmeer-Largeur-max.-1024-Hauteur-max.-768.jpg?w=1024 1024w, https:\/\/i1.wp.com\/www.presstourism.ch\/wp-content\/uploads\/2017\/05\/10BateauMonetCroisi-EuropeIjjselmeer-Largeur-max.-1024-Hauteur-max.-768.jpg?resize=300%2C159 300w, https:\/\/i1.wp.com\/www.presstourism.ch\/wp-content\/uploads\/2017\/05\/10BateauMonetCroisi-EuropeIjjselmeer-Largeur-max.-1024-Hauteur-max.-768.jpg?resize=768%2C407 768w, https:\/\/i1.wp.com\/www.presstourism.ch\/wp-content\/uploads\/2017\/05\/10BateauMonetCroisi-EuropeIjjselmeer-Largeur-max.-1024-Hauteur-max.-768.jpg?resize=600%2C318 600w\" sizes=\"(max-width: 584px) 100vw, 584px\" data-recalc-dims=\"1\" \/><\/a><p id=\"caption-attachment-3838\" class=\"wp-caption-text\">Le bateau Monet de CroisiEurope avec lequel la navigation sur l&rsquo;Ijjselmeer constitue une croisi\u00e8re int\u00e9ressante.<\/p><\/div>\n<p><strong>Y aller:<\/strong> On peut d\u00e9couvrir ces ports et ces villes en participant \u00e0 la \u00ab\u00a0Croisi\u00e8re sur l&rsquo;Ijsselmeer\u00a0\u00bb, de la compagnie CroisiEurope, entre Amsterdam et Lemmer, y compris les excursions dans les villes, <a href=\"http:\/\/www.croisieurope.ch\">www.croisieurope.ch<\/a><\/p>\n<div id=\"attachment_3837\" style=\"width: 650px\" class=\"wp-caption alignnone\"><a href=\"https:\/\/i0.wp.com\/www.presstourism.ch\/WP_ALEX\/wp-content\/uploads\/2017\/05\/6Les\u00e9oliennes-Ijsselmeer-Largeur-max.-1024-Hauteur-max.-768.jpg\"><img aria-describedby=\"caption-attachment-3837\" loading=\"lazy\" class=\"size-large wp-image-3837\" src=\"https:\/\/i1.wp.com\/www.presstourism.ch\/WP_ALEX\/wp-content\/uploads\/2017\/05\/6Les\u00e9oliennes-Ijsselmeer-Largeur-max.-1024-Hauteur-max.-768-1024x768.jpg?resize=584%2C438\" alt=\"Les \u00e9oliennes, dont les pales tournent \u00e0 la folie, jaillissent de toute part dans l'Ijsselmeer.\" width=\"584\" height=\"438\" srcset=\"https:\/\/i2.wp.com\/www.presstourism.ch\/wp-content\/uploads\/2017\/05\/6Les\u00e9oliennes-Ijsselmeer-Largeur-max.-1024-Hauteur-max.-768.jpg?w=1024 1024w, https:\/\/i2.wp.com\/www.presstourism.ch\/wp-content\/uploads\/2017\/05\/6Les\u00e9oliennes-Ijsselmeer-Largeur-max.-1024-Hauteur-max.-768.jpg?resize=300%2C225 300w, https:\/\/i2.wp.com\/www.presstourism.ch\/wp-content\/uploads\/2017\/05\/6Les\u00e9oliennes-Ijsselmeer-Largeur-max.-1024-Hauteur-max.-768.jpg?resize=768%2C576 768w, https:\/\/i2.wp.com\/www.presstourism.ch\/wp-content\/uploads\/2017\/05\/6Les\u00e9oliennes-Ijsselmeer-Largeur-max.-1024-Hauteur-max.-768.jpg?resize=600%2C450 600w\" sizes=\"(max-width: 584px) 100vw, 584px\" data-recalc-dims=\"1\" \/><\/a><p id=\"caption-attachment-3837\" class=\"wp-caption-text\">Les \u00e9oliennes, dont les pales tournent \u00e0 la folie, jaillissent de toute part dans l&rsquo;Ijsselmeer.<\/p><\/div>\n<p><strong>Mais aussi:<\/strong> le parcours offre d&rsquo;autres attraits, notamment l&rsquo;\u00e9cluse de Krabbergast (120 m de long et 12 m de large). Elle a la particularit\u00e9 d&rsquo;\u00eatre perch\u00e9e au-dessus d&rsquo;une autoroute vers la digue de Houtribdijk, qui relie Enkhuizen et Lelystrad. Dans le port de cette ville, on peut admirer une reconstitution grandeur nature du fameux navire Batavia, qui a tout une histoire \u00e0 lui tout seul (voir sur Wikipedia). Et n&rsquo;oublions pas ces centaines d&rsquo;\u00e9oliennes qui jaillissent aussi de la mer ou des polders.<\/p>\n<div id=\"attachment_3839\" style=\"width: 650px\" class=\"wp-caption alignnone\"><a href=\"https:\/\/i2.wp.com\/www.presstourism.ch\/WP_ALEX\/wp-content\/uploads\/2017\/05\/7AlkmaarTourPoidsPublic-Ijsselmeerjpg-Largeur-max.-1024-Hauteur-max.-768-1.jpg\"><img aria-describedby=\"caption-attachment-3839\" loading=\"lazy\" class=\"size-large wp-image-3839\" src=\"https:\/\/i1.wp.com\/www.presstourism.ch\/WP_ALEX\/wp-content\/uploads\/2017\/05\/7AlkmaarTourPoidsPublic-Ijsselmeerjpg-Largeur-max.-1024-Hauteur-max.-768-1-1024x682.jpg?resize=584%2C389\" alt=\"La Tour du poids public \u00e0 Alkmaar depuis l'un des canaux principal de la cit\u00e9. Devant ce b\u00e2timent a lieu le fameux march\u00e9 au fromages.\" width=\"584\" height=\"389\" srcset=\"https:\/\/i2.wp.com\/www.presstourism.ch\/wp-content\/uploads\/2017\/05\/7AlkmaarTourPoidsPublic-Ijsselmeerjpg-Largeur-max.-1024-Hauteur-max.-768-1.jpg?w=1024 1024w, https:\/\/i2.wp.com\/www.presstourism.ch\/wp-content\/uploads\/2017\/05\/7AlkmaarTourPoidsPublic-Ijsselmeerjpg-Largeur-max.-1024-Hauteur-max.-768-1.jpg?resize=300%2C200 300w, https:\/\/i2.wp.com\/www.presstourism.ch\/wp-content\/uploads\/2017\/05\/7AlkmaarTourPoidsPublic-Ijsselmeerjpg-Largeur-max.-1024-Hauteur-max.-768-1.jpg?resize=768%2C512 768w, https:\/\/i2.wp.com\/www.presstourism.ch\/wp-content\/uploads\/2017\/05\/7AlkmaarTourPoidsPublic-Ijsselmeerjpg-Largeur-max.-1024-Hauteur-max.-768-1.jpg?resize=600%2C400 600w\" sizes=\"(max-width: 584px) 100vw, 584px\" data-recalc-dims=\"1\" \/><\/a><p id=\"caption-attachment-3839\" class=\"wp-caption-text\">La Tour du poids public \u00e0 Alkmaar depuis l&rsquo;un des canaux principal de la cit\u00e9. Devant ce b\u00e2timent a lieu le fameux march\u00e9 au fromages.<\/p><\/div>\n<p><strong>Se renseigner: <\/strong><a href=\"http:\/\/www.holland.com\">www.holland.com<\/a>, le guide touristique Pays-Bas du Petit Fut\u00e9.<\/p>\n<div id=\"attachment_3840\" style=\"width: 650px\" class=\"wp-caption alignnone\"><a href=\"https:\/\/i2.wp.com\/www.presstourism.ch\/WP_ALEX\/wp-content\/uploads\/2017\/05\/8FromageHollande-Alkmaar-Largeur-max.-1024-Hauteur-max.-768.jpg\"><img aria-describedby=\"caption-attachment-3840\" loading=\"lazy\" class=\"size-large wp-image-3840\" src=\"https:\/\/i0.wp.com\/www.presstourism.ch\/WP_ALEX\/wp-content\/uploads\/2017\/05\/8FromageHollande-Alkmaar-Largeur-max.-1024-Hauteur-max.-768-1024x682.jpg?resize=584%2C389\" alt=\"Un commerce r\u00e9v\u00e9lateur \u00e0 Alkmaar avec les fromages du pays, mais aussi d'Europe dont notamment le Gruy\u00e8re et d'autres sp\u00e9cialit\u00e9s suisses.\" width=\"584\" height=\"389\" srcset=\"https:\/\/i1.wp.com\/www.presstourism.ch\/wp-content\/uploads\/2017\/05\/8FromageHollande-Alkmaar-Largeur-max.-1024-Hauteur-max.-768.jpg?w=1024 1024w, https:\/\/i1.wp.com\/www.presstourism.ch\/wp-content\/uploads\/2017\/05\/8FromageHollande-Alkmaar-Largeur-max.-1024-Hauteur-max.-768.jpg?resize=300%2C200 300w, https:\/\/i1.wp.com\/www.presstourism.ch\/wp-content\/uploads\/2017\/05\/8FromageHollande-Alkmaar-Largeur-max.-1024-Hauteur-max.-768.jpg?resize=768%2C512 768w, https:\/\/i1.wp.com\/www.presstourism.ch\/wp-content\/uploads\/2017\/05\/8FromageHollande-Alkmaar-Largeur-max.-1024-Hauteur-max.-768.jpg?resize=600%2C400 600w\" sizes=\"(max-width: 584px) 100vw, 584px\" data-recalc-dims=\"1\" \/><\/a><p id=\"caption-attachment-3840\" class=\"wp-caption-text\">Un commerce r\u00e9v\u00e9lateur \u00e0 Alkmaar avec les fromages du pays, mais aussi d&rsquo;Europe dont notamment le Gruy\u00e8re et d&rsquo;autres sp\u00e9cialit\u00e9s suisses.<\/p><\/div>\n<p><a href=\"http:\/\/www.presstourism.ch\/wp-content\/uploads\/2017\/05\/NVT_Vendredi050517_w-PaysBasCroisiEurope3.pdf\">Lire ou t\u00e9l\u00e9charger l&rsquo;article de presse&#8230;<\/a><\/p>\n<hr>\n<p>R\u00e9agissez et publiez un commentaire:<\/p>\n<div id='contact-form-3829'>\n<form action='http:\/\/www.presstourism.ch\/?page_id=3829#contact-form-3829' method='post' class='contact-form commentsblock'>\n<script>\n\t\t\t( function () {\n\t\t\t\tconst contact_forms = document.getElementsByClassName('contact-form');\n\n\t\t\t\tfor ( const form of contact_forms ) {\n\t\t\t\t\tform.onsubmit = function() {\n\t\t\t\t\t\tconst buttons = form.getElementsByTagName('button');\n\n\t\t\t\t\t\tfor( const button of buttons ) {\n\t\t\t\t\t\t\tbutton.setAttribute('disabled', true);\n\t\t\t\t\t\t}\n\t\t\t\t\t}\n\t\t\t\t}\n\t\t\t} )();\n\t\t<\/script>\n<div class='grunion-field-wrap grunion-field-name-wrap'  >\n<label\n\t\t\t\tfor='g3829-nom'\n\t\t\t\tclass='grunion-field-label name'\n\t\t\t\t>Nom<span>(obligatoire)<\/span><\/label>\n<input\n\t\t\t\t\ttype='text'\n\t\t\t\t\tname='g3829-nom'\n\t\t\t\t\tid='g3829-nom'\n\t\t\t\t\tvalue=''\n\t\t\t\t\tclass='name' \n\t\t\t\t\trequired aria-required='true'\n\t\t\t\t\/>\n\t<\/div>\n\n<div class='grunion-field-wrap grunion-field-email-wrap'  >\n<label\n\t\t\t\tfor='g3829-email'\n\t\t\t\tclass='grunion-field-label email'\n\t\t\t\t>E-mail<span>(obligatoire)<\/span><\/label>\n<input\n\t\t\t\t\ttype='email'\n\t\t\t\t\tname='g3829-email'\n\t\t\t\t\tid='g3829-email'\n\t\t\t\t\tvalue=''\n\t\t\t\t\tclass='email' \n\t\t\t\t\trequired aria-required='true'\n\t\t\t\t\/>\n\t<\/div>\n\n<div class='grunion-field-wrap grunion-field-url-wrap'  >\n<label\n\t\t\t\tfor='g3829-siteweb'\n\t\t\t\tclass='grunion-field-label url'\n\t\t\t\t>Site Web<\/label>\n<input\n\t\t\t\t\ttype='url'\n\t\t\t\t\tname='g3829-siteweb'\n\t\t\t\t\tid='g3829-siteweb'\n\t\t\t\t\tvalue=''\n\t\t\t\t\tclass='url' \n\t\t\t\t\t\n\t\t\t\t\/>\n\t<\/div>\n\n<div class='grunion-field-wrap grunion-field-textarea-wrap'  >\n<label\n\t\t\t\tfor='contact-form-comment-g3829-commentaire'\n\t\t\t\tclass='grunion-field-label textarea'\n\t\t\t\t>Commentaire<span>(obligatoire)<\/span><\/label>\n<textarea\n\t\t                name='g3829-commentaire'\n\t\t                id='contact-form-comment-g3829-commentaire'\n\t\t                rows='20' class='textarea'  required aria-required='true'><\/textarea>\n\t<\/div>\n\t<p class='contact-submit'>\n\t\t<button type='submit' class='pushbutton-wide'>Envoyer<\/button>\t\t<input type='hidden' name='contact-form-id' value='3829' \/>\n\t\t<input type='hidden' name='action' value='grunion-contact-form' \/>\n\t\t<input type='hidden' name='contact-form-hash' value='b30f35eeb46e1c3b972963d932d7672af7152a48' \/>\n\t<\/p>\n<p style=\"display: none !important;\" class=\"akismet-fields-container\" data-prefix=\"ak_\"><label>&#916;<textarea name=\"ak_hp_textarea\" cols=\"45\" rows=\"8\" maxlength=\"100\"><\/textarea><\/label><input type=\"hidden\" id=\"ak_js_1\" name=\"ak_js\" value=\"233\"\/><script>document.getElementById( \"ak_js_1\" ).setAttribute( \"value\", ( new Date() ).getTime() );<\/script><\/p><\/form>\n<\/div>\n","protected":false},"excerpt":{"rendered":"<p>PAYS-BAS &#8211; Rien de plus attrayant qu&rsquo;une croisi\u00e8re pour rallier quelques jolis ports de p\u00eache et d\u00e9couvrir les atouts de plusieurs villes caract\u00e9ristiques de cet accueillant plat pays et de ses polders. Au d\u00e9part, il y a les canaux, les &hellip; <a href=\"http:\/\/www.presstourism.ch\/?page_id=3829\">Continuer la lecture <span class=\"meta-nav\">&rarr;<\/span><\/a><\/p>\n","protected":false},"author":1,"featured_media":0,"parent":3766,"menu_order":0,"comment_status":"closed","ping_status":"closed","template":"","meta":{"ngg_post_thumbnail":0,"spay_email":""},"jetpack_sharing_enabled":true,"jetpack_shortlink":"https:\/\/wp.me\/P468TV-ZL","_links":{"self":[{"href":"http:\/\/www.presstourism.ch\/index.php?rest_route=\/wp\/v2\/pages\/3829"}],"collection":[{"href":"http:\/\/www.presstourism.ch\/index.php?rest_route=\/wp\/v2\/pages"}],"about":[{"href":"http:\/\/www.presstourism.ch\/index.php?rest_route=\/wp\/v2\/types\/page"}],"author":[{"embeddable":true,"href":"http:\/\/www.presstourism.ch\/index.php?rest_route=\/wp\/v2\/users\/1"}],"replies":[{"embeddable":true,"href":"http:\/\/www.presstourism.ch\/index.php?rest_route=%2Fwp%2Fv2%2Fcomments&post=3829"}],"version-history":[{"count":6,"href":"http:\/\/www.presstourism.ch\/index.php?rest_route=\/wp\/v2\/pages\/3829\/revisions"}],"predecessor-version":[{"id":9332,"href":"http:\/\/www.presstourism.ch\/index.php?rest_route=\/wp\/v2\/pages\/3829\/revisions\/9332"}],"up":[{"embeddable":true,"href":"http:\/\/www.presstourism.ch\/index.php?rest_route=\/wp\/v2\/pages\/3766"}],"wp:attachment":[{"href":"http:\/\/www.presstourism.ch\/index.php?rest_route=%2Fwp%2Fv2%2Fmedia&parent=3829"}],"curies":[{"name":"wp","href":"https:\/\/api.w.org\/{rel}","templated":true}]}}