{"id":3792,"date":"2017-05-02T08:34:34","date_gmt":"2017-05-02T07:34:34","guid":{"rendered":"http:\/\/www.presstourism.ch\/WP_ALEX\/?page_id=3792"},"modified":"2017-05-02T09:47:51","modified_gmt":"2017-05-02T08:47:51","slug":"valais-20-chiots-saint-bernard-a-martigny","status":"publish","type":"page","link":"http:\/\/www.presstourism.ch\/?page_id=3792","title":{"rendered":"Valais: 20 chiots Saint-Bernard \u00e0 Martigny"},"content":{"rendered":"<div id=\"content\">\n<div class=\"region region-content\">\n<div id=\"block-system-main\" class=\"block block-system block-odd block-content block-count-8\">\n<div class=\"content\">\n<div id=\"node-2361\" class=\"node node-mediennews fr node-view\">\n<div class=\"node-inner clearfix\">\n<div class=\"node-content\">\n<div class=\"field field-name-field-mediennews-image field-type-image field-label-hidden\">\n<div class=\"field-item even\"><a class=\"lightbox-processed\" title=\"20 chiots Saint-Bernard \u00e0 Martigny\" href=\"https:\/\/i2.wp.com\/www.fondation-barry.ch\/sites\/default\/files\/Mediennews\/Chiots_2.jpg\" rel=\"lightbox[field_mediennews_image][20 chiots Saint-Bernard \u00e0 Martigny]\"><img loading=\"lazy\" class=\"aligncenter\" title=\"20 chiots Saint-Bernard \u00e0 Martigny\" src=\"https:\/\/i1.wp.com\/www.fondation-barry.ch\/sites\/default\/files\/styles\/bild-gross\/public\/Mediennews\/Chiots_2.jpg?resize=558%2C300\" alt=\"Chiots Saint-Bernard\" width=\"558\" height=\"300\" data-recalc-dims=\"1\" \/><\/a><\/div>\n<\/div>\n<div class=\"field field-name-body field-type-text-with-summary field-label-hidden\">\n<div class=\"field-item even\">\n<p style=\"text-align: center;\"><strong>Fin mars, la Fondation Barry a eu la joie d\u2019accueillir deux port\u00e9es de Saint-Bernard. On peut rendre visite aux adorables chiots Saint-Bernard du 4 mai au 4 juin au \u00abBarryland \u2013 Mus\u00e9e et Chiens du Saint-Bernard\u00bb \u00e0 Martigny.<\/strong><\/p>\n<p><a href=\"https:\/\/i2.wp.com\/www.presstourism.ch\/WP_ALEX\/wp-content\/uploads\/2017\/05\/Joy_1-Largeur-max.-1024-Hauteur-max.-768.jpg\"><img loading=\"lazy\" class=\"size-large wp-image-3794 aligncenter\" src=\"https:\/\/i2.wp.com\/www.presstourism.ch\/WP_ALEX\/wp-content\/uploads\/2017\/05\/Joy_1-Largeur-max.-1024-Hauteur-max.-768-1024x682.jpg?resize=584%2C389\" alt=\"Joy_1 [Largeur max. 1024 Hauteur max. 768]\" width=\"584\" height=\"389\" srcset=\"https:\/\/i0.wp.com\/www.presstourism.ch\/wp-content\/uploads\/2017\/05\/Joy_1-Largeur-max.-1024-Hauteur-max.-768.jpg?w=1024 1024w, https:\/\/i0.wp.com\/www.presstourism.ch\/wp-content\/uploads\/2017\/05\/Joy_1-Largeur-max.-1024-Hauteur-max.-768.jpg?resize=300%2C200 300w, https:\/\/i0.wp.com\/www.presstourism.ch\/wp-content\/uploads\/2017\/05\/Joy_1-Largeur-max.-1024-Hauteur-max.-768.jpg?resize=768%2C512 768w, https:\/\/i0.wp.com\/www.presstourism.ch\/wp-content\/uploads\/2017\/05\/Joy_1-Largeur-max.-1024-Hauteur-max.-768.jpg?resize=600%2C400 600w\" sizes=\"(max-width: 584px) 100vw, 584px\" data-recalc-dims=\"1\" \/><\/a>La chienne \u00e0 poils courts \u00abJoy du Grand St-Bernard\u00bb et le m\u00e2le \u00e0 poils courts \u00abZoltan du Grand St-Bernard\u00bb sont devenus le 22 mars 2017 parents de neuf b\u00e9b\u00e9s chiens turbulents, dont les noms commencent tous par un S. Et seulement trois jours plus tard, le 25 mars, onze ravissants chiots aux noms en T ont vu le jour chez les parents \u00e0 poils courts \u00abZaskia du Grand St-Bernard\u00bb et \u00abJackson des Princes de Savoie\u00bb.<\/p>\n<p><a href=\"https:\/\/i1.wp.com\/www.presstourism.ch\/WP_ALEX\/wp-content\/uploads\/2017\/05\/Joy_2-Largeur-max.-1024-Hauteur-max.-768.jpg\"><img loading=\"lazy\" class=\"alignnone size-large wp-image-3796\" src=\"https:\/\/i2.wp.com\/www.presstourism.ch\/WP_ALEX\/wp-content\/uploads\/2017\/05\/Joy_2-Largeur-max.-1024-Hauteur-max.-768-1024x682.jpg?resize=584%2C389\" alt=\"Joy_2 [Largeur max. 1024 Hauteur max. 768]\" width=\"584\" height=\"389\" srcset=\"https:\/\/i1.wp.com\/www.presstourism.ch\/wp-content\/uploads\/2017\/05\/Joy_2-Largeur-max.-1024-Hauteur-max.-768.jpg?w=1024 1024w, https:\/\/i1.wp.com\/www.presstourism.ch\/wp-content\/uploads\/2017\/05\/Joy_2-Largeur-max.-1024-Hauteur-max.-768.jpg?resize=300%2C200 300w, https:\/\/i1.wp.com\/www.presstourism.ch\/wp-content\/uploads\/2017\/05\/Joy_2-Largeur-max.-1024-Hauteur-max.-768.jpg?resize=768%2C512 768w, https:\/\/i1.wp.com\/www.presstourism.ch\/wp-content\/uploads\/2017\/05\/Joy_2-Largeur-max.-1024-Hauteur-max.-768.jpg?resize=600%2C400 600w\" sizes=\"(max-width: 584px) 100vw, 584px\" data-recalc-dims=\"1\" \/><\/a>Pour Joy, qui est devenue maman pour la premi\u00e8re fois, les deux premi\u00e8res semaines ont constitu\u00e9 un v\u00e9ritable d\u00e9fi et elle \u00e9tait contente lorsque les gardiennes remettaient de l\u2019ordre dans l\u2019agitation autour des mamelles.<\/p>\n<p><a href=\"https:\/\/i2.wp.com\/www.presstourism.ch\/WP_ALEX\/wp-content\/uploads\/2017\/05\/Zaskia_1-Largeur-max.-1024-Hauteur-max.-768.jpg\"><img loading=\"lazy\" class=\"alignnone size-large wp-image-3797\" src=\"https:\/\/i1.wp.com\/www.presstourism.ch\/WP_ALEX\/wp-content\/uploads\/2017\/05\/Zaskia_1-Largeur-max.-1024-Hauteur-max.-768-1024x682.jpg?resize=584%2C389\" alt=\"Zaskia_1 [Largeur max. 1024 Hauteur max. 768]\" width=\"584\" height=\"389\" srcset=\"https:\/\/i2.wp.com\/www.presstourism.ch\/wp-content\/uploads\/2017\/05\/Zaskia_1-Largeur-max.-1024-Hauteur-max.-768.jpg?w=1024 1024w, https:\/\/i2.wp.com\/www.presstourism.ch\/wp-content\/uploads\/2017\/05\/Zaskia_1-Largeur-max.-1024-Hauteur-max.-768.jpg?resize=300%2C200 300w, https:\/\/i2.wp.com\/www.presstourism.ch\/wp-content\/uploads\/2017\/05\/Zaskia_1-Largeur-max.-1024-Hauteur-max.-768.jpg?resize=768%2C512 768w, https:\/\/i2.wp.com\/www.presstourism.ch\/wp-content\/uploads\/2017\/05\/Zaskia_1-Largeur-max.-1024-Hauteur-max.-768.jpg?resize=600%2C400 600w\" sizes=\"(max-width: 584px) 100vw, 584px\" data-recalc-dims=\"1\" \/><\/a>Zaskia, quant \u00e0 elle, est d\u00e9j\u00e0 une maman exp\u00e9riment\u00e9e, qui conserve toujours son calme. Toutes deux ont cependant un point commun: elles s\u2019occupent de leur prog\u00e9niture avec amour. La marmaille se d\u00e9veloppe merveilleusement bien et les progr\u00e8s peuvent \u00eatre observ\u00e9s chaque jour sur le site Internet <a href=\"http:\/\/fondation-barry.ch\">http:\/\/fondation-barry.ch<\/a>.<\/p>\n<p><a href=\"https:\/\/i0.wp.com\/www.presstourism.ch\/WP_ALEX\/wp-content\/uploads\/2017\/05\/Zaskia_2-Largeur-max.-1024-Hauteur-max.-768.jpg\"><img loading=\"lazy\" class=\"alignnone size-large wp-image-3798\" src=\"https:\/\/i1.wp.com\/www.presstourism.ch\/WP_ALEX\/wp-content\/uploads\/2017\/05\/Zaskia_2-Largeur-max.-1024-Hauteur-max.-768-1024x682.jpg?resize=584%2C389\" alt=\"Zaskia_2 [Largeur max. 1024 Hauteur max. 768]\" width=\"584\" height=\"389\" srcset=\"https:\/\/i2.wp.com\/www.presstourism.ch\/wp-content\/uploads\/2017\/05\/Zaskia_2-Largeur-max.-1024-Hauteur-max.-768.jpg?w=1024 1024w, https:\/\/i2.wp.com\/www.presstourism.ch\/wp-content\/uploads\/2017\/05\/Zaskia_2-Largeur-max.-1024-Hauteur-max.-768.jpg?resize=300%2C200 300w, https:\/\/i2.wp.com\/www.presstourism.ch\/wp-content\/uploads\/2017\/05\/Zaskia_2-Largeur-max.-1024-Hauteur-max.-768.jpg?resize=768%2C512 768w, https:\/\/i2.wp.com\/www.presstourism.ch\/wp-content\/uploads\/2017\/05\/Zaskia_2-Largeur-max.-1024-Hauteur-max.-768.jpg?resize=600%2C400 600w\" sizes=\"(max-width: 584px) 100vw, 584px\" data-recalc-dims=\"1\" \/><\/a>\u00c0 partir du 4 mai, il sera en outre possible de rendre visite aux chiots Saint-Bernard tous les jours de 10 \u00e0 18 heures au mus\u00e9e Barryland \u00e0 Martigny. \u00c0 partir du 4 juin, les jeunes chiots, qui p\u00e8seront environ 12 kg, nous quitteront pour d\u00e9couvrir le monde en compagnie de leurs nouvelles familles.<\/p>\n<p>\u00abC\u2019est tr\u00e8s difficile pour nous les gardiennes surtout de nous s\u00e9parer des petits chiens, mais heureusement, les nouveaux propri\u00e9taires viennent de temps en temps nous rendre visite ou nous envoient des photos pour que nous puissions suivre les progr\u00e8s des petits diables\u00bb, raconte Aur\u00e9lie Schillaci, qui s\u2019est occup\u00e9e intensivement au cours des six derni\u00e8res semaines du d\u00e9veloppement et de la sensibilisation des chiots.<\/p>\n<p>Un temps fort de cette ann\u00e9e sera la mont\u00e9e au col accompagn\u00e9e de 14 de nos chiens au Grand-Saint-Bernard le 14 juillet 2017. En raison des travaux de transformation n\u00e9cessaires depuis longtemps et d\u00e9sormais enfin r\u00e9alis\u00e9s, la saison d\u2019\u00e9t\u00e9 au col commencera donc environ un mois plus tard que d\u2019habitude. Nos Saint-Bernard sont certainement d\u00e9j\u00e0 impatients de savoir qui pourra se rendre cette ann\u00e9e \u00e0 la r\u00e9sidence d\u2019\u00e9t\u00e9 et qui les y accompagnera. Si vous souhaitez participer, vous trouverez de plus amples informations sur le programme sur le site <a href=\"http:\/\/www.fondation-barry.ch\">www.fondation-barry.ch<\/a>.<\/p>\n<p><strong>Randonn\u00e9es au col avec des Saint-Bernard<\/strong><\/p>\n<p>Du 15 juillet au 17 septembre 2017, la Fondation Barry offre chaque jour aux visiteurs la possibilit\u00e9 d\u2019accompagner les chiens pour une randonn\u00e9e en montagne d\u2019une heure et demi au col du Grand-St-Bernard.<\/p>\n<\/div>\n<\/div>\n<\/div>\n<\/div>\n<\/div>\n<\/div>\n<\/div>\n<\/div>\n<\/div>\n","protected":false},"excerpt":{"rendered":"<p>Fin mars, la Fondation Barry a eu la joie d\u2019accueillir deux port\u00e9es de Saint-Bernard. On peut rendre visite aux adorables chiots Saint-Bernard du 4 mai au 4 juin au \u00abBarryland \u2013 Mus\u00e9e et Chiens du Saint-Bernard\u00bb \u00e0 Martigny. La chienne &hellip; <a href=\"http:\/\/www.presstourism.ch\/?page_id=3792\">Continuer la lecture <span class=\"meta-nav\">&rarr;<\/span><\/a><\/p>\n","protected":false},"author":1,"featured_media":0,"parent":341,"menu_order":0,"comment_status":"closed","ping_status":"closed","template":"","meta":{"ngg_post_thumbnail":0,"spay_email":""},"jetpack_sharing_enabled":true,"jetpack_shortlink":"https:\/\/wp.me\/P468TV-Za","_links":{"self":[{"href":"http:\/\/www.presstourism.ch\/index.php?rest_route=\/wp\/v2\/pages\/3792"}],"collection":[{"href":"http:\/\/www.presstourism.ch\/index.php?rest_route=\/wp\/v2\/pages"}],"about":[{"href":"http:\/\/www.presstourism.ch\/index.php?rest_route=\/wp\/v2\/types\/page"}],"author":[{"embeddable":true,"href":"http:\/\/www.presstourism.ch\/index.php?rest_route=\/wp\/v2\/users\/1"}],"replies":[{"embeddable":true,"href":"http:\/\/www.presstourism.ch\/index.php?rest_route=%2Fwp%2Fv2%2Fcomments&post=3792"}],"version-history":[{"count":4,"href":"http:\/\/www.presstourism.ch\/index.php?rest_route=\/wp\/v2\/pages\/3792\/revisions"}],"predecessor-version":[{"id":3800,"href":"http:\/\/www.presstourism.ch\/index.php?rest_route=\/wp\/v2\/pages\/3792\/revisions\/3800"}],"up":[{"embeddable":true,"href":"http:\/\/www.presstourism.ch\/index.php?rest_route=\/wp\/v2\/pages\/341"}],"wp:attachment":[{"href":"http:\/\/www.presstourism.ch\/index.php?rest_route=%2Fwp%2Fv2%2Fmedia&parent=3792"}],"curies":[{"name":"wp","href":"https:\/\/api.w.org\/{rel}","templated":true}]}}