{"id":3754,"date":"2017-04-29T16:07:57","date_gmt":"2017-04-29T15:07:57","guid":{"rendered":"http:\/\/www.presstourism.ch\/WP_ALEX\/?page_id=3754"},"modified":"2024-04-12T20:09:19","modified_gmt":"2024-04-12T18:09:19","slug":"pays-bas-un-tresor-floral-sous-toutes-ses-formes","status":"publish","type":"page","link":"http:\/\/www.presstourism.ch\/?page_id=3754","title":{"rendered":"Pays-Bas: un tr\u00e9sor floral sous toutes ses formes"},"content":{"rendered":"<div id=\"attachment_3755\" style=\"width: 650px\" class=\"wp-caption alignnone\"><a href=\"https:\/\/i0.wp.com\/www.presstourism.ch\/WP_ALEX\/wp-content\/uploads\/2017\/04\/1HollandTulipChamps-Largeur-max.-1024-Hauteur-max.-768.jpg\"><img aria-describedby=\"caption-attachment-3755\" loading=\"lazy\" class=\"size-large wp-image-3755\" src=\"https:\/\/i2.wp.com\/www.presstourism.ch\/WP_ALEX\/wp-content\/uploads\/2017\/04\/1HollandTulipChamps-Largeur-max.-1024-Hauteur-max.-768-1024x674.jpg?resize=584%2C384\" alt=\"Des champs de tulipes \u00e0 perte de vue dans la campagne hollandaise et les alentours de Keukenhof.\" width=\"584\" height=\"384\" srcset=\"https:\/\/i1.wp.com\/www.presstourism.ch\/wp-content\/uploads\/2017\/04\/1HollandTulipChamps-Largeur-max.-1024-Hauteur-max.-768.jpg?w=1024 1024w, https:\/\/i1.wp.com\/www.presstourism.ch\/wp-content\/uploads\/2017\/04\/1HollandTulipChamps-Largeur-max.-1024-Hauteur-max.-768.jpg?resize=300%2C197 300w, https:\/\/i1.wp.com\/www.presstourism.ch\/wp-content\/uploads\/2017\/04\/1HollandTulipChamps-Largeur-max.-1024-Hauteur-max.-768.jpg?resize=768%2C506 768w, https:\/\/i1.wp.com\/www.presstourism.ch\/wp-content\/uploads\/2017\/04\/1HollandTulipChamps-Largeur-max.-1024-Hauteur-max.-768.jpg?resize=600%2C395 600w\" sizes=\"(max-width: 584px) 100vw, 584px\" data-recalc-dims=\"1\" \/><\/a><p id=\"caption-attachment-3755\" class=\"wp-caption-text\">Des champs de tulipes \u00e0 perte de vue dans la campagne hollandaise et les alentours de Keukenhof.<\/p><\/div>\n<p>La tulipe est la reine de ce plat pays et on lui voue un v\u00e9ritable culte au parc du Keukenhof, pas loin d&rsquo;Amsterdam, o\u00f9 des milliers de touristes se pressent chaque jour pour en admirer des millions de fleurs.<\/p>\n<p><div id=\"attachment_3756\" style=\"width: 650px\" class=\"wp-caption alignnone\"><a href=\"https:\/\/i0.wp.com\/www.presstourism.ch\/WP_ALEX\/wp-content\/uploads\/2017\/04\/2HollandTulipMonde-Largeur-max.-1024-Hauteur-max.-768.jpg\"><img aria-describedby=\"caption-attachment-3756\" loading=\"lazy\" class=\"wp-image-3756 size-large\" src=\"https:\/\/i0.wp.com\/www.presstourism.ch\/WP_ALEX\/wp-content\/uploads\/2017\/04\/2HollandTulipMonde-Largeur-max.-1024-Hauteur-max.-768-1024x682.jpg?resize=584%2C389\" alt=\"2HollandTulipMonde [Largeur max. 1024 Hauteur max. 768]\" width=\"584\" height=\"389\" srcset=\"https:\/\/i0.wp.com\/www.presstourism.ch\/wp-content\/uploads\/2017\/04\/2HollandTulipMonde-Largeur-max.-1024-Hauteur-max.-768.jpg?w=1024 1024w, https:\/\/i0.wp.com\/www.presstourism.ch\/wp-content\/uploads\/2017\/04\/2HollandTulipMonde-Largeur-max.-1024-Hauteur-max.-768.jpg?resize=300%2C200 300w, https:\/\/i0.wp.com\/www.presstourism.ch\/wp-content\/uploads\/2017\/04\/2HollandTulipMonde-Largeur-max.-1024-Hauteur-max.-768.jpg?resize=768%2C512 768w, https:\/\/i0.wp.com\/www.presstourism.ch\/wp-content\/uploads\/2017\/04\/2HollandTulipMonde-Largeur-max.-1024-Hauteur-max.-768.jpg?resize=600%2C400 600w\" sizes=\"(max-width: 584px) 100vw, 584px\" data-recalc-dims=\"1\" \/><\/a><p id=\"caption-attachment-3756\" class=\"wp-caption-text\">La grande foule se presse tous les jours dans le grand parc floral.<\/p><\/div>D&rsquo;heure en heure, le Keukenhof ne d\u00e9semplit pas. C&rsquo;est par milliers, des quatre coins de l&rsquo;Europe, de Chine, du Japon, des Etats-Unis, de Suisse et d&rsquo;ailleurs que les touristes affluent chaque jour dans le plus grand et le plus beau parc printanier du monde. L\u2019occasion de d\u00e9couvrir sous toutes ses formes cette fleur symbole de la Hollande. Un spectacle color\u00e9, parfum\u00e9, magique et inoubliable \u00e0 trente minutes d\u2019Amsterdam! Le parc a ouvert ses portes le 23 mars et, comme la fleur est \u00e9ph\u00e9m\u00e8re, il les fermera le 21 mai prochain. Sur 32 hectares, les visiteurs peuvent y admirer quelque sept millions de fleurs, y compris des jacinthes, narcisses, roses, orchid\u00e9es et des lys.<\/p>\n<div id=\"attachment_3757\" style=\"width: 650px\" class=\"wp-caption alignnone\"><a href=\"https:\/\/i2.wp.com\/www.presstourism.ch\/WP_ALEX\/wp-content\/uploads\/2017\/04\/3HollandTulipePhotos-Largeur-max.-1024-Hauteur-max.-768.jpg\"><img aria-describedby=\"caption-attachment-3757\" loading=\"lazy\" class=\"size-large wp-image-3757\" src=\"https:\/\/i1.wp.com\/www.presstourism.ch\/WP_ALEX\/wp-content\/uploads\/2017\/04\/3HollandTulipePhotos-Largeur-max.-1024-Hauteur-max.-768-1024x682.jpg?resize=584%2C389\" alt=\"La bonne occasion pour faire des selfies color\u00e9s entre amies.\" width=\"584\" height=\"389\" srcset=\"https:\/\/i0.wp.com\/www.presstourism.ch\/wp-content\/uploads\/2017\/04\/3HollandTulipePhotos-Largeur-max.-1024-Hauteur-max.-768.jpg?w=1024 1024w, https:\/\/i0.wp.com\/www.presstourism.ch\/wp-content\/uploads\/2017\/04\/3HollandTulipePhotos-Largeur-max.-1024-Hauteur-max.-768.jpg?resize=300%2C200 300w, https:\/\/i0.wp.com\/www.presstourism.ch\/wp-content\/uploads\/2017\/04\/3HollandTulipePhotos-Largeur-max.-1024-Hauteur-max.-768.jpg?resize=768%2C512 768w, https:\/\/i0.wp.com\/www.presstourism.ch\/wp-content\/uploads\/2017\/04\/3HollandTulipePhotos-Largeur-max.-1024-Hauteur-max.-768.jpg?resize=600%2C400 600w\" sizes=\"(max-width: 584px) 100vw, 584px\" data-recalc-dims=\"1\" \/><\/a><p id=\"caption-attachment-3757\" class=\"wp-caption-text\">La bonne occasion pour faire des selfies color\u00e9s entre amies.<\/p><\/div>\n<p>Depuis 68 ans, ce jardin du Keukenhof sert de vitrine aux fleurs de nonante producteurs n\u00e9erlandais. Le th\u00e8me de cette ann\u00e9e est justement le Design du pays. Il se caract\u00e9rise par la sobri\u00e9t\u00e9, combin\u00e9e \u00e0 des solutions innovantes et pragmatiques et il est le fruit du travail d&rsquo;horticulteurs et paysagistes de renom, pour lesquels des artistes c\u00e9l\u00e8bres et cr\u00e9ateurs tels que Mondrian et Rietveld ont servi de base \u00e0 l&rsquo;am\u00e9nagement et la pr\u00e9sentation.<\/p>\n<div id=\"attachment_3758\" style=\"width: 650px\" class=\"wp-caption alignnone\"><a href=\"https:\/\/i2.wp.com\/www.presstourism.ch\/WP_ALEX\/wp-content\/uploads\/2017\/04\/4HollandTulipPhotos-Largeur-max.-1024-Hauteur-max.-768.jpg\"><img aria-describedby=\"caption-attachment-3758\" loading=\"lazy\" class=\"size-large wp-image-3758\" src=\"https:\/\/i2.wp.com\/www.presstourism.ch\/WP_ALEX\/wp-content\/uploads\/2017\/04\/4HollandTulipPhotos-Largeur-max.-1024-Hauteur-max.-768-1024x682.jpg?resize=584%2C389\" alt=\"Une vitrine aux fleurs pour nonante producteurs n\u00e9erlandais.\" width=\"584\" height=\"389\" srcset=\"https:\/\/i0.wp.com\/www.presstourism.ch\/wp-content\/uploads\/2017\/04\/4HollandTulipPhotos-Largeur-max.-1024-Hauteur-max.-768.jpg?w=1024 1024w, https:\/\/i0.wp.com\/www.presstourism.ch\/wp-content\/uploads\/2017\/04\/4HollandTulipPhotos-Largeur-max.-1024-Hauteur-max.-768.jpg?resize=300%2C200 300w, https:\/\/i0.wp.com\/www.presstourism.ch\/wp-content\/uploads\/2017\/04\/4HollandTulipPhotos-Largeur-max.-1024-Hauteur-max.-768.jpg?resize=768%2C512 768w, https:\/\/i0.wp.com\/www.presstourism.ch\/wp-content\/uploads\/2017\/04\/4HollandTulipPhotos-Largeur-max.-1024-Hauteur-max.-768.jpg?resize=600%2C400 600w\" sizes=\"(max-width: 584px) 100vw, 584px\" data-recalc-dims=\"1\" \/><\/a><p id=\"caption-attachment-3758\" class=\"wp-caption-text\">Une vitrine aux fleurs pour nonante producteurs n\u00e9erlandais.<\/p><\/div>\n<p>Avec pr\u00e8s d&rsquo;un million de visiteurs l&rsquo;an dernier, l&rsquo;int\u00e9r\u00eat a encore grandi et une nouvelle entr\u00e9e a \u00e9t\u00e9 mise en service pour un meilleur accueil des visiteurs, cet immense parc ayant aussi le don d&rsquo;\u00eatre une bonne source d&rsquo;inspiration. Gr\u00e2ce \u00e0 ses printemps longs et ses nuits fra\u00eeches, la Hollande est le pays parfait pour cultiver les tulipes. A cette \u00e9poque de l\u2019ann\u00e9e, la campagne ainsi que les parcs et les bacs des villes sont abondamment fleuris de cette reine du pays.<\/p>\n<div id=\"attachment_3759\" style=\"width: 650px\" class=\"wp-caption alignnone\"><a href=\"https:\/\/i1.wp.com\/www.presstourism.ch\/WP_ALEX\/wp-content\/uploads\/2017\/04\/5HollandTulipe-Largeur-max.-1024-Hauteur-max.-768.jpg\"><img aria-describedby=\"caption-attachment-3759\" loading=\"lazy\" class=\"size-large wp-image-3759\" src=\"https:\/\/i2.wp.com\/www.presstourism.ch\/WP_ALEX\/wp-content\/uploads\/2017\/04\/5HollandTulipe-Largeur-max.-1024-Hauteur-max.-768-1024x682.jpg?resize=584%2C389\" alt=\"Passer de fleurs en fleurs sous les yeux du... penseur.\" width=\"584\" height=\"389\" srcset=\"https:\/\/i1.wp.com\/www.presstourism.ch\/wp-content\/uploads\/2017\/04\/5HollandTulipe-Largeur-max.-1024-Hauteur-max.-768.jpg?w=1024 1024w, https:\/\/i1.wp.com\/www.presstourism.ch\/wp-content\/uploads\/2017\/04\/5HollandTulipe-Largeur-max.-1024-Hauteur-max.-768.jpg?resize=300%2C200 300w, https:\/\/i1.wp.com\/www.presstourism.ch\/wp-content\/uploads\/2017\/04\/5HollandTulipe-Largeur-max.-1024-Hauteur-max.-768.jpg?resize=768%2C512 768w, https:\/\/i1.wp.com\/www.presstourism.ch\/wp-content\/uploads\/2017\/04\/5HollandTulipe-Largeur-max.-1024-Hauteur-max.-768.jpg?resize=600%2C400 600w\" sizes=\"(max-width: 584px) 100vw, 584px\" data-recalc-dims=\"1\" \/><\/a><p id=\"caption-attachment-3759\" class=\"wp-caption-text\">Passer de fleurs en fleurs sous les yeux du&#8230; penseur.<\/p><\/div>\n<p><strong>Texte et photos: Roger Juillerat<\/strong><\/p>\n<div id=\"attachment_3760\" style=\"width: 650px\" class=\"wp-caption alignnone\"><a href=\"https:\/\/i2.wp.com\/www.presstourism.ch\/WP_ALEX\/wp-content\/uploads\/2017\/04\/6HollandTulipMus\u00e9e-Largeur-max.-1024-Hauteur-max.-768.jpg\"><img aria-describedby=\"caption-attachment-3760\" loading=\"lazy\" class=\"size-large wp-image-3760\" src=\"https:\/\/i1.wp.com\/www.presstourism.ch\/WP_ALEX\/wp-content\/uploads\/2017\/04\/6HollandTulipMus\u00e9e-Largeur-max.-1024-Hauteur-max.-768-1024x682.jpg?resize=584%2C389\" alt=\"Avec son bassin orn\u00e9 de tulipes, le mus\u00e9e national d'Amsterdam renferme la collection d'art la plus importante du pays.\" width=\"584\" height=\"389\" srcset=\"https:\/\/i1.wp.com\/www.presstourism.ch\/wp-content\/uploads\/2017\/04\/6HollandTulipMus\u00e9e-Largeur-max.-1024-Hauteur-max.-768.jpg?w=1024 1024w, https:\/\/i1.wp.com\/www.presstourism.ch\/wp-content\/uploads\/2017\/04\/6HollandTulipMus\u00e9e-Largeur-max.-1024-Hauteur-max.-768.jpg?resize=300%2C200 300w, https:\/\/i1.wp.com\/www.presstourism.ch\/wp-content\/uploads\/2017\/04\/6HollandTulipMus\u00e9e-Largeur-max.-1024-Hauteur-max.-768.jpg?resize=768%2C512 768w, https:\/\/i1.wp.com\/www.presstourism.ch\/wp-content\/uploads\/2017\/04\/6HollandTulipMus\u00e9e-Largeur-max.-1024-Hauteur-max.-768.jpg?resize=600%2C400 600w\" sizes=\"(max-width: 584px) 100vw, 584px\" data-recalc-dims=\"1\" \/><\/a><p id=\"caption-attachment-3760\" class=\"wp-caption-text\">Avec son bassin orn\u00e9 de tulipes, le mus\u00e9e national d&rsquo;Amsterdam renferme la collection d&rsquo;art la plus importante du pays.<\/p><\/div>\n<p><strong>Infos pratiques<\/strong><\/p>\n<div id=\"attachment_3761\" style=\"width: 650px\" class=\"wp-caption alignnone\"><a href=\"https:\/\/i1.wp.com\/www.presstourism.ch\/WP_ALEX\/wp-content\/uploads\/2017\/04\/7AuMarch\u00e9Tulipe-Largeur-max.-1024-Hauteur-max.-768.jpg\"><img aria-describedby=\"caption-attachment-3761\" loading=\"lazy\" class=\"size-large wp-image-3761\" src=\"https:\/\/i0.wp.com\/www.presstourism.ch\/WP_ALEX\/wp-content\/uploads\/2017\/04\/7AuMarch\u00e9Tulipe-Largeur-max.-1024-Hauteur-max.-768-1024x682.jpg?resize=584%2C389\" alt=\"Au march\u00e9 des plantes \u00e0 Amsterdam, il y a aussi les tulipes en bois.\" width=\"584\" height=\"389\" srcset=\"https:\/\/i1.wp.com\/www.presstourism.ch\/wp-content\/uploads\/2017\/04\/7AuMarch\u00e9Tulipe-Largeur-max.-1024-Hauteur-max.-768.jpg?w=1024 1024w, https:\/\/i1.wp.com\/www.presstourism.ch\/wp-content\/uploads\/2017\/04\/7AuMarch\u00e9Tulipe-Largeur-max.-1024-Hauteur-max.-768.jpg?resize=300%2C200 300w, https:\/\/i1.wp.com\/www.presstourism.ch\/wp-content\/uploads\/2017\/04\/7AuMarch\u00e9Tulipe-Largeur-max.-1024-Hauteur-max.-768.jpg?resize=768%2C512 768w, https:\/\/i1.wp.com\/www.presstourism.ch\/wp-content\/uploads\/2017\/04\/7AuMarch\u00e9Tulipe-Largeur-max.-1024-Hauteur-max.-768.jpg?resize=600%2C400 600w\" sizes=\"(max-width: 584px) 100vw, 584px\" data-recalc-dims=\"1\" \/><\/a><p id=\"caption-attachment-3761\" class=\"wp-caption-text\">Au march\u00e9 des plantes \u00e0 Amsterdam, il y a aussi les tulipes en bois et en soie.<\/p><\/div>\n<p><strong>Y aller:<\/strong> lors de sa croisi\u00e8re sur L&rsquo;Ijsselmeer, entre Amsterdam et Lemmer, en passant par Hoorn et Alkmaar, la compagnie de navigation CroisiEurope organise des excursions dans la campagne et \u00e0 Keukenhof pour d\u00e9couvrir les tulipes, www.croisieurope.ch<\/p>\n<p><strong>Keukenhof:<\/strong> sur la commune de Lisse, pas loin d&rsquo;Amsterdam, le parc floral est ouvert tous les jours jusqu&rsquo;au 21 mai inclus. Des balades en bateau ou \u00e0 v\u00e9lo permettent de sillonner les canaux traversant les champs de tulipes.<\/p>\n<p><strong>Se renseigner:<\/strong> www.holland.com et www.keukenhof.nl<\/p>\n<div id=\"attachment_3762\" style=\"width: 522px\" class=\"wp-caption alignnone\"><a href=\"https:\/\/i2.wp.com\/www.presstourism.ch\/WP_ALEX\/wp-content\/uploads\/2017\/04\/8HollandEnfants-Largeur-max.-1024-Hauteur-max.-768.jpg\"><img aria-describedby=\"caption-attachment-3762\" loading=\"lazy\" class=\"size-full wp-image-3762\" src=\"https:\/\/i2.wp.com\/www.presstourism.ch\/WP_ALEX\/wp-content\/uploads\/2017\/04\/8HollandEnfants-Largeur-max.-1024-Hauteur-max.-768.jpg?resize=512%2C768\" alt=\"Deux petites Hollandaises en costumes typiques du pays.\" width=\"512\" height=\"768\" srcset=\"https:\/\/i2.wp.com\/www.presstourism.ch\/wp-content\/uploads\/2017\/04\/8HollandEnfants-Largeur-max.-1024-Hauteur-max.-768.jpg?w=512 512w, https:\/\/i2.wp.com\/www.presstourism.ch\/wp-content\/uploads\/2017\/04\/8HollandEnfants-Largeur-max.-1024-Hauteur-max.-768.jpg?resize=200%2C300 200w\" sizes=\"(max-width: 512px) 100vw, 512px\" data-recalc-dims=\"1\" \/><\/a><p id=\"caption-attachment-3762\" class=\"wp-caption-text\">Deux petites Hollandaises en costumes typiques du pays.<\/p><\/div>\n<p><a href=\"http:\/\/www.presstourism.ch\/wp-content\/uploads\/2017\/04\/NVT_210417_w-BaladeKeukenhof5.pdf\">Lire ou t\u00e9l\u00e9charger l&rsquo;article publi\u00e9 dans La R\u00e9gion&#8230;<\/a><\/p>\n","protected":false},"excerpt":{"rendered":"<p>La tulipe est la reine de ce plat pays et on lui voue un v\u00e9ritable culte au parc du Keukenhof, pas loin d&rsquo;Amsterdam, o\u00f9 des milliers de touristes se pressent chaque jour pour en admirer des millions de fleurs. D&rsquo;heure &hellip; <a href=\"http:\/\/www.presstourism.ch\/?page_id=3754\">Continuer la lecture <span class=\"meta-nav\">&rarr;<\/span><\/a><\/p>\n","protected":false},"author":1,"featured_media":0,"parent":3766,"menu_order":0,"comment_status":"closed","ping_status":"closed","template":"","meta":{"ngg_post_thumbnail":0,"spay_email":""},"jetpack_sharing_enabled":true,"jetpack_shortlink":"https:\/\/wp.me\/P468TV-Yy","_links":{"self":[{"href":"http:\/\/www.presstourism.ch\/index.php?rest_route=\/wp\/v2\/pages\/3754"}],"collection":[{"href":"http:\/\/www.presstourism.ch\/index.php?rest_route=\/wp\/v2\/pages"}],"about":[{"href":"http:\/\/www.presstourism.ch\/index.php?rest_route=\/wp\/v2\/types\/page"}],"author":[{"embeddable":true,"href":"http:\/\/www.presstourism.ch\/index.php?rest_route=\/wp\/v2\/users\/1"}],"replies":[{"embeddable":true,"href":"http:\/\/www.presstourism.ch\/index.php?rest_route=%2Fwp%2Fv2%2Fcomments&post=3754"}],"version-history":[{"count":3,"href":"http:\/\/www.presstourism.ch\/index.php?rest_route=\/wp\/v2\/pages\/3754\/revisions"}],"predecessor-version":[{"id":9343,"href":"http:\/\/www.presstourism.ch\/index.php?rest_route=\/wp\/v2\/pages\/3754\/revisions\/9343"}],"up":[{"embeddable":true,"href":"http:\/\/www.presstourism.ch\/index.php?rest_route=\/wp\/v2\/pages\/3766"}],"wp:attachment":[{"href":"http:\/\/www.presstourism.ch\/index.php?rest_route=%2Fwp%2Fv2%2Fmedia&parent=3754"}],"curies":[{"name":"wp","href":"https:\/\/api.w.org\/{rel}","templated":true}]}}