{"id":3737,"date":"2017-04-29T15:47:37","date_gmt":"2017-04-29T14:47:37","guid":{"rendered":"http:\/\/www.presstourism.ch\/WP_ALEX\/?page_id=3737"},"modified":"2024-04-12T19:51:10","modified_gmt":"2024-04-12T17:51:10","slug":"grandson-la-cite-dothon-en-mode-patrimoine","status":"publish","type":"page","link":"http:\/\/www.presstourism.ch\/?page_id=3737","title":{"rendered":"Grandson: la cit\u00e9 d&rsquo;Othon en mode patrimoine"},"content":{"rendered":"<div id=\"attachment_3739\" style=\"width: 650px\" class=\"wp-caption alignnone\"><a href=\"https:\/\/i1.wp.com\/www.presstourism.ch\/WP_ALEX\/wp-content\/uploads\/2017\/04\/4MaisonObservatoire-Largeur-max.-1024-Hauteur-max.-768.jpg\"><img aria-describedby=\"caption-attachment-3739\" loading=\"lazy\" class=\"size-large wp-image-3739\" src=\"https:\/\/i0.wp.com\/www.presstourism.ch\/WP_ALEX\/wp-content\/uploads\/2017\/04\/4MaisonObservatoire-Largeur-max.-1024-Hauteur-max.-768-1024x682.jpg?resize=584%2C389\" alt=\"La Tour de Gex et celle des Cordeliers depuis les bords du lac.\" width=\"584\" height=\"389\" srcset=\"https:\/\/i2.wp.com\/www.presstourism.ch\/wp-content\/uploads\/2017\/04\/4MaisonObservatoire-Largeur-max.-1024-Hauteur-max.-768.jpg?w=1024 1024w, https:\/\/i2.wp.com\/www.presstourism.ch\/wp-content\/uploads\/2017\/04\/4MaisonObservatoire-Largeur-max.-1024-Hauteur-max.-768.jpg?resize=300%2C200 300w, https:\/\/i2.wp.com\/www.presstourism.ch\/wp-content\/uploads\/2017\/04\/4MaisonObservatoire-Largeur-max.-1024-Hauteur-max.-768.jpg?resize=768%2C512 768w, https:\/\/i2.wp.com\/www.presstourism.ch\/wp-content\/uploads\/2017\/04\/4MaisonObservatoire-Largeur-max.-1024-Hauteur-max.-768.jpg?resize=600%2C400 600w\" sizes=\"(max-width: 584px) 100vw, 584px\" data-recalc-dims=\"1\" \/><\/a><p id=\"caption-attachment-3739\" class=\"wp-caption-text\">La Tour de Gex et celle des Cordeliers depuis les bords du lac.<\/p><\/div>\n<p>Parmi les plus beaux villages de Suisse, la bourgade m\u00e9di\u00e9vale est une v\u00e9ritable le\u00e7on d&rsquo;histoire et il fait bon la parcourir pour admirer ses nombreux monuments. En partant de son fameux&nbsp; ch\u00e2teau.<\/p>\n<p><div id=\"attachment_3741\" style=\"width: 650px\" class=\"wp-caption alignnone\"><a href=\"https:\/\/i1.wp.com\/www.presstourism.ch\/WP_ALEX\/wp-content\/uploads\/2017\/04\/2PlacedesContes-Largeur-max.-1024-Hauteur-max.-768.jpg\"><img aria-describedby=\"caption-attachment-3741\" loading=\"lazy\" class=\"wp-image-3741 size-large\" src=\"https:\/\/i0.wp.com\/www.presstourism.ch\/WP_ALEX\/wp-content\/uploads\/2017\/04\/2PlacedesContes-Largeur-max.-1024-Hauteur-max.-768-1024x682.jpg?resize=584%2C389\" alt=\"2PlacedesContes [Largeur max. 1024 Hauteur max. 768]\" width=\"584\" height=\"389\" srcset=\"https:\/\/i0.wp.com\/www.presstourism.ch\/wp-content\/uploads\/2017\/04\/2PlacedesContes-Largeur-max.-1024-Hauteur-max.-768.jpg?w=1024 1024w, https:\/\/i0.wp.com\/www.presstourism.ch\/wp-content\/uploads\/2017\/04\/2PlacedesContes-Largeur-max.-1024-Hauteur-max.-768.jpg?resize=300%2C200 300w, https:\/\/i0.wp.com\/www.presstourism.ch\/wp-content\/uploads\/2017\/04\/2PlacedesContes-Largeur-max.-1024-Hauteur-max.-768.jpg?resize=768%2C512 768w, https:\/\/i0.wp.com\/www.presstourism.ch\/wp-content\/uploads\/2017\/04\/2PlacedesContes-Largeur-max.-1024-Hauteur-max.-768.jpg?resize=600%2C400 600w\" sizes=\"(max-width: 584px) 100vw, 584px\" data-recalc-dims=\"1\" \/><\/a><p id=\"caption-attachment-3741\" class=\"wp-caption-text\">La place des Contes sur la ruelle de Montagny, entre les rues Haute et Basse.<\/p><\/div>Si le printemps est propice aux excursions dans la nature, c&rsquo;est sympathique aussi de red\u00e9couvrir nos jolis bourgs de la r\u00e9gion. Apr\u00e8s Orbe l&rsquo;automne dernier, une balade \u00e0 Grandson s&rsquo;imposait donc autour des richesses de son patrimoine. D&rsquo;autant plus que la Cit\u00e9 d&rsquo;Othon est sans doute celle qui a le plus d&rsquo;aura dans ce domaine.<\/p>\n<div id=\"attachment_3742\" style=\"width: 650px\" class=\"wp-caption alignnone\"><a href=\"https:\/\/i0.wp.com\/www.presstourism.ch\/WP_ALEX\/wp-content\/uploads\/2017\/04\/3QuartierBerfoillet-Largeur-max.-1024-Hauteur-max.-768.jpg\"><img aria-describedby=\"caption-attachment-3742\" loading=\"lazy\" class=\"size-large wp-image-3742\" src=\"https:\/\/i0.wp.com\/www.presstourism.ch\/WP_ALEX\/wp-content\/uploads\/2017\/04\/3QuartierBerfoillet-Largeur-max.-1024-Hauteur-max.-768-1024x682.jpg?resize=584%2C389\" alt=\"Dans le quartier de Berfoillet et son ancien puits devenu une fontaine.\" width=\"584\" height=\"389\" srcset=\"https:\/\/i1.wp.com\/www.presstourism.ch\/wp-content\/uploads\/2017\/04\/3QuartierBerfoillet-Largeur-max.-1024-Hauteur-max.-768.jpg?w=1024 1024w, https:\/\/i1.wp.com\/www.presstourism.ch\/wp-content\/uploads\/2017\/04\/3QuartierBerfoillet-Largeur-max.-1024-Hauteur-max.-768.jpg?resize=300%2C200 300w, https:\/\/i1.wp.com\/www.presstourism.ch\/wp-content\/uploads\/2017\/04\/3QuartierBerfoillet-Largeur-max.-1024-Hauteur-max.-768.jpg?resize=768%2C512 768w, https:\/\/i1.wp.com\/www.presstourism.ch\/wp-content\/uploads\/2017\/04\/3QuartierBerfoillet-Largeur-max.-1024-Hauteur-max.-768.jpg?resize=600%2C400 600w\" sizes=\"(max-width: 584px) 100vw, 584px\" data-recalc-dims=\"1\" \/><\/a><p id=\"caption-attachment-3742\" class=\"wp-caption-text\">Dans le quartier de Berfoillet et son ancien puits devenu une fontaine.<\/p><\/div>\n<p>Elle le doit tout d&rsquo;abord \u00e0 son majestueux et incontournable ch\u00e2teau savoyard, qui renferme, entre autres, une superbe collection d&rsquo;armes anciennes, mais aussi bon nombre d&rsquo;autres merveilles jalonnant ses diff\u00e9rentes salles, en commen\u00e7ant par celle des chevaliers. Depuis la place situ\u00e9e au pied du monument, on rejoint la rue Haute, qui a conserv\u00e9 beaucoup de cachet. Plan en main, on passera entre autres devant la Maison du Bailli au No 11 (18e si\u00e8cle), celle de l&rsquo;ancienne pr\u00e9fecture (No 32), tr\u00e8s belle avec sa fa\u00e7ade gothique tardive, l&rsquo;\u00e9glise Saint-Jean-Baptiste, renomm\u00e9e pour ses chapiteaux sculpt\u00e9s et, \u00e0 l&rsquo;arri\u00e8re, l&rsquo;ancien clo\u00eetre et l&rsquo;ancien H\u00f4tel de Ville.<\/p>\n<div id=\"attachment_3743\" style=\"width: 650px\" class=\"wp-caption alignnone\"><a href=\"https:\/\/i1.wp.com\/www.presstourism.ch\/WP_ALEX\/wp-content\/uploads\/2017\/04\/4MaisonObservatoire-Largeur-max.-1024-Hauteur-max.-768-1.jpg\"><img aria-describedby=\"caption-attachment-3743\" loading=\"lazy\" class=\"size-large wp-image-3743\" src=\"https:\/\/i0.wp.com\/www.presstourism.ch\/WP_ALEX\/wp-content\/uploads\/2017\/04\/4MaisonObservatoire-Largeur-max.-1024-Hauteur-max.-768-1-1024x682.jpg?resize=584%2C389\" alt=\"La belle maison de l'Observatoire avec sa coupole carat\u00e9ristique. \" width=\"584\" height=\"389\" srcset=\"https:\/\/i2.wp.com\/www.presstourism.ch\/wp-content\/uploads\/2017\/04\/4MaisonObservatoire-Largeur-max.-1024-Hauteur-max.-768-1.jpg?w=1024 1024w, https:\/\/i2.wp.com\/www.presstourism.ch\/wp-content\/uploads\/2017\/04\/4MaisonObservatoire-Largeur-max.-1024-Hauteur-max.-768-1.jpg?resize=300%2C200 300w, https:\/\/i2.wp.com\/www.presstourism.ch\/wp-content\/uploads\/2017\/04\/4MaisonObservatoire-Largeur-max.-1024-Hauteur-max.-768-1.jpg?resize=768%2C512 768w, https:\/\/i2.wp.com\/www.presstourism.ch\/wp-content\/uploads\/2017\/04\/4MaisonObservatoire-Largeur-max.-1024-Hauteur-max.-768-1.jpg?resize=600%2C400 600w\" sizes=\"(max-width: 584px) 100vw, 584px\" data-recalc-dims=\"1\" \/><\/a><p id=\"caption-attachment-3743\" class=\"wp-caption-text\">La belle maison de l&rsquo;Observatoire avec sa coupole carat\u00e9ristique.<\/p><\/div>\n<p>D&rsquo;autres demeures m\u00e9ritent le coup d&rsquo;oeil sur les rues des Remparts et Jean-Lecomte, et c&rsquo;est d&rsquo;ailleurs en faisant une telle balade et en s&rsquo;attardant un peu qu&rsquo;on se rend compte combien Grandson se r\u00e9v\u00e8le comme un des plus beaux villages de Suisse. En empruntant l&rsquo;\u00e9troite ruelle de Montagny et sa petite place des Contes, on se retrouve \u00e0 la rue Basse, qui ne manque pas non plus d&rsquo;attraits avec, tout en bas c\u00f4t\u00e9 gare, sa fameuse Tour des Cordeliers, et tout en haut, c\u00f4t\u00e9 ch\u00e2teau, cette belle maison du 15e si\u00e8cle (No&nbsp;2), qui fut autrefois un h\u00f4pital.<\/p>\n<p><div id=\"attachment_3740\" style=\"width: 522px\" class=\"wp-caption alignnone\"><a href=\"https:\/\/i0.wp.com\/www.presstourism.ch\/WP_ALEX\/wp-content\/uploads\/2017\/04\/5MaisonAncPr\u00e9fecture-Largeur-max.-1024-Hauteur-max.-768.jpg\"><img aria-describedby=\"caption-attachment-3740\" loading=\"lazy\" class=\"wp-image-3740 size-full\" src=\"https:\/\/i0.wp.com\/www.presstourism.ch\/WP_ALEX\/wp-content\/uploads\/2017\/04\/5MaisonAncPr\u00e9fecture-Largeur-max.-1024-Hauteur-max.-768.jpg?resize=512%2C768\" alt=\"5MaisonAncPr\u00e9fecture [Largeur max. 1024 Hauteur max. 768]\" width=\"512\" height=\"768\" srcset=\"https:\/\/i2.wp.com\/www.presstourism.ch\/wp-content\/uploads\/2017\/04\/5MaisonAncPr\u00e9fecture-Largeur-max.-1024-Hauteur-max.-768.jpg?w=512 512w, https:\/\/i2.wp.com\/www.presstourism.ch\/wp-content\/uploads\/2017\/04\/5MaisonAncPr\u00e9fecture-Largeur-max.-1024-Hauteur-max.-768.jpg?resize=200%2C300 200w\" sizes=\"(max-width: 512px) 100vw, 512px\" data-recalc-dims=\"1\" \/><\/a><p id=\"caption-attachment-3740\" class=\"wp-caption-text\">La demeure du No 32 de la rue Haute abritait l&rsquo;ancienne pr\u00e9fecture.<\/p><\/div>En-dessous de la rue Basse, on d\u00e9couvrira notamment la Tour de Gex, la maison de l&rsquo;Observatoire et le quartier de Berfoillet, moins connu mais tellement charmant. Un adjectif qui colle parfaitement avec Grandson.<\/p>\n<div id=\"attachment_3744\" style=\"width: 522px\" class=\"wp-caption alignnone\"><a href=\"https:\/\/i2.wp.com\/www.presstourism.ch\/WP_ALEX\/wp-content\/uploads\/2017\/04\/6EgliseStJeanBaptiste-Largeur-max.-1024-Hauteur-max.-768.jpg\"><img aria-describedby=\"caption-attachment-3744\" loading=\"lazy\" class=\"size-full wp-image-3744\" src=\"https:\/\/i2.wp.com\/www.presstourism.ch\/WP_ALEX\/wp-content\/uploads\/2017\/04\/6EgliseStJeanBaptiste-Largeur-max.-1024-Hauteur-max.-768.jpg?resize=512%2C768\" alt=\"L'\u00e9glise Saint-Jean-Baptiste et une partie de l'ancien H\u00f4tel de Ville.\" width=\"512\" height=\"768\" srcset=\"https:\/\/i0.wp.com\/www.presstourism.ch\/wp-content\/uploads\/2017\/04\/6EgliseStJeanBaptiste-Largeur-max.-1024-Hauteur-max.-768.jpg?w=512 512w, https:\/\/i0.wp.com\/www.presstourism.ch\/wp-content\/uploads\/2017\/04\/6EgliseStJeanBaptiste-Largeur-max.-1024-Hauteur-max.-768.jpg?resize=200%2C300 200w\" sizes=\"(max-width: 512px) 100vw, 512px\" data-recalc-dims=\"1\" \/><\/a><p id=\"caption-attachment-3744\" class=\"wp-caption-text\">L&rsquo;\u00e9glise Saint-Jean-Baptiste et une partie de l&rsquo;ancien H\u00f4tel de Ville.<\/p><\/div>\n<p><strong>Texte et photos: Roger Juillerat<\/strong><\/p>\n<div id=\"attachment_3745\" style=\"width: 551px\" class=\"wp-caption alignnone\"><a href=\"https:\/\/i2.wp.com\/www.presstourism.ch\/WP_ALEX\/wp-content\/uploads\/2017\/04\/7TourdeGex-Largeur-max.-1024-Hauteur-max.-768.jpg\"><img aria-describedby=\"caption-attachment-3745\" loading=\"lazy\" class=\"size-full wp-image-3745\" src=\"https:\/\/i2.wp.com\/www.presstourism.ch\/WP_ALEX\/wp-content\/uploads\/2017\/04\/7TourdeGex-Largeur-max.-1024-Hauteur-max.-768.jpg?resize=541%2C768\" alt=\"La Tour de Gex remonte \u00e0 la seconde moiti\u00e9 du 14e si\u00e8cle.\" width=\"541\" height=\"768\" srcset=\"https:\/\/i0.wp.com\/www.presstourism.ch\/wp-content\/uploads\/2017\/04\/7TourdeGex-Largeur-max.-1024-Hauteur-max.-768.jpg?w=541 541w, https:\/\/i0.wp.com\/www.presstourism.ch\/wp-content\/uploads\/2017\/04\/7TourdeGex-Largeur-max.-1024-Hauteur-max.-768.jpg?resize=211%2C300 211w\" sizes=\"(max-width: 541px) 100vw, 541px\" data-recalc-dims=\"1\" \/><\/a><p id=\"caption-attachment-3745\" class=\"wp-caption-text\">La Tour de Gex remonte \u00e0 la seconde moiti\u00e9 du 14e si\u00e8cle.<\/p><\/div>\n<hr>\n<p><strong>Mais aussi:<\/strong> la balade sensorielle, qui permet de partir \u00e0 la d\u00e9couverte de l&rsquo;environnement sur un parcours divertissant \u00e0 faire en famille (choix entre 2 et 4&nbsp;km), avec ses postes amusants et ses panneaux didactiques. Flyer descriptif et brochure explicative \u00e0 la Maison des Terroirs (024 445 60 60 &#8211; www.terroirs-region-grandson.ch), et au ch\u00e2teau. On peut bien entendu aussi faire de jolies randonn\u00e9es en direction de Concise et d&rsquo;Yverdon, en longeant le lac, ou encore en direction de Fiez ou de Giez.<\/p>\n<div id=\"attachment_3746\" style=\"width: 650px\" class=\"wp-caption alignnone\"><a href=\"https:\/\/i0.wp.com\/www.presstourism.ch\/WP_ALEX\/wp-content\/uploads\/2017\/04\/8RueHauteGrandson-Largeur-max.-1024-Hauteur-max.-768.jpg\"><img aria-describedby=\"caption-attachment-3746\" loading=\"lazy\" class=\"size-large wp-image-3746\" src=\"https:\/\/i2.wp.com\/www.presstourism.ch\/WP_ALEX\/wp-content\/uploads\/2017\/04\/8RueHauteGrandson-Largeur-max.-1024-Hauteur-max.-768-1024x682.jpg?resize=584%2C389\" alt=\"La fontaine octogonale de la rue Haute est une des plus vieilles du canton.\" width=\"584\" height=\"389\" srcset=\"https:\/\/i2.wp.com\/www.presstourism.ch\/wp-content\/uploads\/2017\/04\/8RueHauteGrandson-Largeur-max.-1024-Hauteur-max.-768.jpg?w=1024 1024w, https:\/\/i2.wp.com\/www.presstourism.ch\/wp-content\/uploads\/2017\/04\/8RueHauteGrandson-Largeur-max.-1024-Hauteur-max.-768.jpg?resize=300%2C200 300w, https:\/\/i2.wp.com\/www.presstourism.ch\/wp-content\/uploads\/2017\/04\/8RueHauteGrandson-Largeur-max.-1024-Hauteur-max.-768.jpg?resize=768%2C512 768w, https:\/\/i2.wp.com\/www.presstourism.ch\/wp-content\/uploads\/2017\/04\/8RueHauteGrandson-Largeur-max.-1024-Hauteur-max.-768.jpg?resize=600%2C400 600w\" sizes=\"(max-width: 584px) 100vw, 584px\" data-recalc-dims=\"1\" \/><\/a><p id=\"caption-attachment-3746\" class=\"wp-caption-text\">La fontaine octogonale de la rue Haute est une des plus vieilles du canton.<\/p><\/div>\n<p><strong>S&rsquo;informer:<\/strong> www.grandson-tourisme.ch, www.chateau-grandson.ch<\/p>\n<p><a href=\"http:\/\/www.presstourism.ch\/wp-content\/uploads\/2017\/04\/NVT_070417_w-BaladeGrandson5.pdf\">Lire ou t\u00e9l\u00e9charger l&rsquo;article publi\u00e9 dans La R\u00e9gion<\/a><\/p>\n","protected":false},"excerpt":{"rendered":"<p>Parmi les plus beaux villages de Suisse, la bourgade m\u00e9di\u00e9vale est une v\u00e9ritable le\u00e7on d&rsquo;histoire et il fait bon la parcourir pour admirer ses nombreux monuments. En partant de son fameux&nbsp; ch\u00e2teau. Si le printemps est propice aux excursions dans &hellip; <a href=\"http:\/\/www.presstourism.ch\/?page_id=3737\">Continuer la lecture <span class=\"meta-nav\">&rarr;<\/span><\/a><\/p>\n","protected":false},"author":1,"featured_media":0,"parent":341,"menu_order":0,"comment_status":"closed","ping_status":"closed","template":"","meta":{"ngg_post_thumbnail":0,"spay_email":""},"jetpack_sharing_enabled":true,"jetpack_shortlink":"https:\/\/wp.me\/P468TV-Yh","_links":{"self":[{"href":"http:\/\/www.presstourism.ch\/index.php?rest_route=\/wp\/v2\/pages\/3737"}],"collection":[{"href":"http:\/\/www.presstourism.ch\/index.php?rest_route=\/wp\/v2\/pages"}],"about":[{"href":"http:\/\/www.presstourism.ch\/index.php?rest_route=\/wp\/v2\/types\/page"}],"author":[{"embeddable":true,"href":"http:\/\/www.presstourism.ch\/index.php?rest_route=\/wp\/v2\/users\/1"}],"replies":[{"embeddable":true,"href":"http:\/\/www.presstourism.ch\/index.php?rest_route=%2Fwp%2Fv2%2Fcomments&post=3737"}],"version-history":[{"count":2,"href":"http:\/\/www.presstourism.ch\/index.php?rest_route=\/wp\/v2\/pages\/3737\/revisions"}],"predecessor-version":[{"id":9333,"href":"http:\/\/www.presstourism.ch\/index.php?rest_route=\/wp\/v2\/pages\/3737\/revisions\/9333"}],"up":[{"embeddable":true,"href":"http:\/\/www.presstourism.ch\/index.php?rest_route=\/wp\/v2\/pages\/341"}],"wp:attachment":[{"href":"http:\/\/www.presstourism.ch\/index.php?rest_route=%2Fwp%2Fv2%2Fmedia&parent=3737"}],"curies":[{"name":"wp","href":"https:\/\/api.w.org\/{rel}","templated":true}]}}