{"id":3727,"date":"2017-04-11T14:30:44","date_gmt":"2017-04-11T13:30:44","guid":{"rendered":"http:\/\/www.presstourism.ch\/WP_ALEX\/?page_id=3727"},"modified":"2017-04-11T14:36:25","modified_gmt":"2017-04-11T13:36:25","slug":"adieu-jacques","status":"publish","type":"page","link":"http:\/\/www.presstourism.ch\/?page_id=3727","title":{"rendered":"Adieu Jacques"},"content":{"rendered":"<p><a href=\"https:\/\/i1.wp.com\/www.presstourism.ch\/WP_ALEX\/wp-content\/uploads\/2017\/04\/Morzier-RJs-1-Largeur-max.-1024-Hauteur-max.-768.jpg\"><img loading=\"lazy\" class=\"alignnone size-large wp-image-3728\" src=\"https:\/\/i0.wp.com\/www.presstourism.ch\/WP_ALEX\/wp-content\/uploads\/2017\/04\/Morzier-RJs-1-Largeur-max.-1024-Hauteur-max.-768-1024x692.jpg?resize=584%2C395\" alt=\"Morzier RJs 1 [Largeur max. 1024 Hauteur max. 768]\" width=\"584\" height=\"395\" srcset=\"https:\/\/i0.wp.com\/www.presstourism.ch\/wp-content\/uploads\/2017\/04\/Morzier-RJs-1-Largeur-max.-1024-Hauteur-max.-768.jpg?w=1024 1024w, https:\/\/i0.wp.com\/www.presstourism.ch\/wp-content\/uploads\/2017\/04\/Morzier-RJs-1-Largeur-max.-1024-Hauteur-max.-768.jpg?resize=300%2C203 300w, https:\/\/i0.wp.com\/www.presstourism.ch\/wp-content\/uploads\/2017\/04\/Morzier-RJs-1-Largeur-max.-1024-Hauteur-max.-768.jpg?resize=768%2C519 768w, https:\/\/i0.wp.com\/www.presstourism.ch\/wp-content\/uploads\/2017\/04\/Morzier-RJs-1-Largeur-max.-1024-Hauteur-max.-768.jpg?resize=600%2C405 600w\" sizes=\"(max-width: 584px) 100vw, 584px\" data-recalc-dims=\"1\" \/><\/a>Jacques Morzier, notre ami et compagnon de route, vient de nous quitter de mani\u00e8re particuli\u00e8rement abrupte, lors d&rsquo;un voyage humanitaire au N\u00e9pal. Bien avant qu&rsquo;il ne rejoigne Presstourism, je l&rsquo;avais rencontr\u00e9 \u00e0 la T\u00e9l\u00e9vision suisse o\u00f9 nous avons r\u00e9guli\u00e8rement partag\u00e9 notre passion commune pour le monde et son actualit\u00e9, lui comme monteur de films, moi comme journaliste.<\/p>\n<p>Trois mots pourraient r\u00e9sumer cette \u00e9poque: curiosit\u00e9, exigence, bienveillance. Il avait alors \u00e9t\u00e9 le seul \u00e0 accepter de monter mes premiers reportages vid\u00e9o, essais imparfaits d&rsquo;un d\u00e9butant de l&rsquo;image. D&rsquo;autres l&rsquo;ont suivi mais il fut le premier. Merci Jacques !<\/p>\n<p>Chacun est alors reparti sur ses propres routes et c&rsquo;est finalement au sein de Presstourism que nous nous sommes retrouv\u00e9s et que nous avons r\u00e9appris \u00e0 nous appr\u00e9cier et \u00e0 nous \u00e9pauler. Jacques \u00e9tait un homme chaleureux et profond, fid\u00e8le en amiti\u00e9, attentif au sort d&rsquo;autrui bien plus qu&rsquo;au sien propre.<\/p>\n<p>C&rsquo;est ainsi qu&rsquo;il s&rsquo;est consacr\u00e9, aux c\u00f4t\u00e9s de notre amie V\u00e9ronique Coppey, aux peines et aux espoirs des \u00e9coliers n\u00e9palais soutenus par l&rsquo;association valaisanne <a href=\"http:\/\/www.luklass.ch\">luklass.ch<\/a> . Et c&rsquo;est au N\u00e9pal, justement, que la mort vient de le rattraper.<\/p>\n<p>Dans l&rsquo;\u00e9quipe de Presstourism, d&rsquo;autres ont partag\u00e9 avec Jacques de beaux moments de fraternit\u00e9. Je leur c\u00e8de volontiers la plume pour compl\u00e9ter son portrait mais je tenais ici, d\u00e8s que la nouvelle m&rsquo;est parvenue, \u00e0 dire \u00e0 tous ceux qui l&rsquo;ont aim\u00e9 que je m&rsquo;honore d&rsquo;en avoir fait partie.<\/p>\n<p>Alex D\u00e9cotte.<\/p>\n<div id=\"attachment_3729\" style=\"width: 783px\" class=\"wp-caption alignnone\"><a href=\"https:\/\/i2.wp.com\/www.presstourism.ch\/WP_ALEX\/wp-content\/uploads\/2017\/04\/DSCN0088s-Largeur-max.-1024-Hauteur-max.-768.jpg\"><img aria-describedby=\"caption-attachment-3729\" loading=\"lazy\" class=\"size-full wp-image-3729\" src=\"https:\/\/i2.wp.com\/www.presstourism.ch\/WP_ALEX\/wp-content\/uploads\/2017\/04\/DSCN0088s-Largeur-max.-1024-Hauteur-max.-768.jpg?resize=584%2C580\" alt=\"Avec Roger Juillerat \u00e0 Interlaken en 2014\" width=\"584\" height=\"580\" srcset=\"https:\/\/i1.wp.com\/www.presstourism.ch\/wp-content\/uploads\/2017\/04\/DSCN0088s-Largeur-max.-1024-Hauteur-max.-768.jpg?w=773 773w, https:\/\/i1.wp.com\/www.presstourism.ch\/wp-content\/uploads\/2017\/04\/DSCN0088s-Largeur-max.-1024-Hauteur-max.-768.jpg?resize=150%2C150 150w, https:\/\/i1.wp.com\/www.presstourism.ch\/wp-content\/uploads\/2017\/04\/DSCN0088s-Largeur-max.-1024-Hauteur-max.-768.jpg?resize=300%2C298 300w, https:\/\/i1.wp.com\/www.presstourism.ch\/wp-content\/uploads\/2017\/04\/DSCN0088s-Largeur-max.-1024-Hauteur-max.-768.jpg?resize=768%2C763 768w, https:\/\/i1.wp.com\/www.presstourism.ch\/wp-content\/uploads\/2017\/04\/DSCN0088s-Largeur-max.-1024-Hauteur-max.-768.jpg?resize=600%2C596 600w\" sizes=\"(max-width: 584px) 100vw, 584px\" data-recalc-dims=\"1\" \/><\/a><p id=\"caption-attachment-3729\" class=\"wp-caption-text\">Avec Roger Juillerat \u00e0 Interlaken en 2014<\/p><\/div>\n<hr \/>\n<p><strong>T\u00e9moigage de Roger \u00ab\u00a0Juju\u00a0\u00bb Juillerat<\/strong><\/p>\n<p>Notre membre et ami Jacques Morzier est d\u00e9c\u00e9d\u00e9 au N\u00e9pal \u00e0 la suite d\u2019une crise cardiaque. Il \u00e9tait retourn\u00e9 l\u00e0-bas pour l\u2019action qu\u2019il m\u00e8ne avec V\u00e9ronique Coppey dans le cadre de Luklass-Chaurikharka, l\u2019association pour le soutien de la scolarisation des enfants et le d\u00e9veloppement durable de la r\u00e9gion Lukla. J\u2019ai eu l\u2019occasion, le 18 f\u00e9vrier dernier, de participer \u00e0 l\u2019assembl\u00e9e g\u00e9n\u00e9rale de cette association \u00e0 Martigny et j\u2019avais pu voir le magnifique film qu\u2019il avait tourn\u00e9 l\u00e0-bas dans le cadre de la reconstruction des \u00e9coles, suite aux s\u00e9ismes d\u2019avril 2015 au N\u00e9pal. J\u2019ai pu me rendre compte aussi combien le soutien des personnes membres de cette association est pr\u00e9cieux pour ces enfants.<\/p>\n<p>Je ne trouve pas vraiment les mots pour vous dire combien Jacques, avec qui j\u2019ai eu l\u2019occasion de faire des reportages et bon nombre de rencontres amicales, m\u2019\u00e9tait cher. Comme \u00e0 vous, d\u2019ailleurs, qui l\u2019avez c\u00f4toy\u00e9 lors de voyages de presse ou lors de nos assembl\u00e9es g\u00e9n\u00e9rales.<\/p>\n<p>Avant ce partir pour la Tha\u00eflande puis le N\u00e9pal, il m\u2019avait dit : \u00abNe t\u2019en fais pas Roger, je serai l\u00e0, tu peux m\u2019inscrire pour l\u2019Assembl\u00e9e g\u00e9n\u00e9rale \u00e0 Andorre, je serai de retour le 15 avril\u2026\u00a0\u00bb<\/p>\n<p>Jacques est parti faire une petite randonn\u00e9e aux alentours de Lukla, apr\u00e8s avoir pass\u00e9 un bon moment avec les enfants des \u00e9coles, quand il eu un malaise suivi de cet infarctus. C\u2019est V\u00e9ronique Coppey, dynamique pr\u00e9sidente de l&rsquo;association Luklass, qui m\u2019a appel\u00e9 depuis l\u00e0-bas pour me tenir au courant. J\u2019en suis vraiment tr\u00e8s triste.<\/p>\n<p><a href=\"https:\/\/i0.wp.com\/www.presstourism.ch\/WP_ALEX\/wp-content\/uploads\/2017\/04\/Morzier-RJ-3s-Largeur-max.-1024-Hauteur-max.-768.jpg\"><img loading=\"lazy\" class=\"size-full wp-image-3730 aligncenter\" src=\"https:\/\/i0.wp.com\/www.presstourism.ch\/WP_ALEX\/wp-content\/uploads\/2017\/04\/Morzier-RJ-3s-Largeur-max.-1024-Hauteur-max.-768.jpg?resize=529%2C768\" alt=\"Morzier RJ 3s [Largeur max. 1024 Hauteur max. 768]\" width=\"529\" height=\"768\" srcset=\"https:\/\/i2.wp.com\/www.presstourism.ch\/wp-content\/uploads\/2017\/04\/Morzier-RJ-3s-Largeur-max.-1024-Hauteur-max.-768.jpg?w=529 529w, https:\/\/i2.wp.com\/www.presstourism.ch\/wp-content\/uploads\/2017\/04\/Morzier-RJ-3s-Largeur-max.-1024-Hauteur-max.-768.jpg?resize=207%2C300 207w\" sizes=\"(max-width: 529px) 100vw, 529px\" data-recalc-dims=\"1\" \/><\/a><\/p>\n<hr \/>\n<p><a href=\"https:\/\/i0.wp.com\/www.presstourism.ch\/WP_ALEX\/wp-content\/uploads\/2017\/04\/Morzier-RJ-2s-Largeur-max.-1024-Hauteur-max.-768.jpg\"><img loading=\"lazy\" class=\"alignnone size-large wp-image-3731\" src=\"https:\/\/i1.wp.com\/www.presstourism.ch\/WP_ALEX\/wp-content\/uploads\/2017\/04\/Morzier-RJ-2s-Largeur-max.-1024-Hauteur-max.-768-1024x597.jpg?resize=584%2C340\" alt=\"Morzier RJ 2s [Largeur max. 1024 Hauteur max. 768]\" width=\"584\" height=\"340\" srcset=\"https:\/\/i1.wp.com\/www.presstourism.ch\/wp-content\/uploads\/2017\/04\/Morzier-RJ-2s-Largeur-max.-1024-Hauteur-max.-768.jpg?w=1024 1024w, https:\/\/i1.wp.com\/www.presstourism.ch\/wp-content\/uploads\/2017\/04\/Morzier-RJ-2s-Largeur-max.-1024-Hauteur-max.-768.jpg?resize=300%2C175 300w, https:\/\/i1.wp.com\/www.presstourism.ch\/wp-content\/uploads\/2017\/04\/Morzier-RJ-2s-Largeur-max.-1024-Hauteur-max.-768.jpg?resize=768%2C448 768w, https:\/\/i1.wp.com\/www.presstourism.ch\/wp-content\/uploads\/2017\/04\/Morzier-RJ-2s-Largeur-max.-1024-Hauteur-max.-768.jpg?resize=600%2C350 600w\" sizes=\"(max-width: 584px) 100vw, 584px\" data-recalc-dims=\"1\" \/><\/a><\/p>\n","protected":false},"excerpt":{"rendered":"<p>Jacques Morzier, notre ami et compagnon de route, vient de nous quitter de mani\u00e8re particuli\u00e8rement abrupte, lors d&rsquo;un voyage humanitaire au N\u00e9pal. Bien avant qu&rsquo;il ne rejoigne Presstourism, je l&rsquo;avais rencontr\u00e9 \u00e0 la T\u00e9l\u00e9vision suisse o\u00f9 nous avons r\u00e9guli\u00e8rement partag\u00e9 &hellip; <a href=\"http:\/\/www.presstourism.ch\/?page_id=3727\">Continuer la lecture <span class=\"meta-nav\">&rarr;<\/span><\/a><\/p>\n","protected":false},"author":1,"featured_media":0,"parent":136,"menu_order":0,"comment_status":"closed","ping_status":"closed","template":"","meta":{"ngg_post_thumbnail":0,"spay_email":""},"jetpack_sharing_enabled":true,"jetpack_shortlink":"https:\/\/wp.me\/P468TV-Y7","_links":{"self":[{"href":"http:\/\/www.presstourism.ch\/index.php?rest_route=\/wp\/v2\/pages\/3727"}],"collection":[{"href":"http:\/\/www.presstourism.ch\/index.php?rest_route=\/wp\/v2\/pages"}],"about":[{"href":"http:\/\/www.presstourism.ch\/index.php?rest_route=\/wp\/v2\/types\/page"}],"author":[{"embeddable":true,"href":"http:\/\/www.presstourism.ch\/index.php?rest_route=\/wp\/v2\/users\/1"}],"replies":[{"embeddable":true,"href":"http:\/\/www.presstourism.ch\/index.php?rest_route=%2Fwp%2Fv2%2Fcomments&post=3727"}],"version-history":[{"count":2,"href":"http:\/\/www.presstourism.ch\/index.php?rest_route=\/wp\/v2\/pages\/3727\/revisions"}],"predecessor-version":[{"id":3735,"href":"http:\/\/www.presstourism.ch\/index.php?rest_route=\/wp\/v2\/pages\/3727\/revisions\/3735"}],"up":[{"embeddable":true,"href":"http:\/\/www.presstourism.ch\/index.php?rest_route=\/wp\/v2\/pages\/136"}],"wp:attachment":[{"href":"http:\/\/www.presstourism.ch\/index.php?rest_route=%2Fwp%2Fv2%2Fmedia&parent=3727"}],"curies":[{"name":"wp","href":"https:\/\/api.w.org\/{rel}","templated":true}]}}