{"id":372,"date":"2013-11-16T17:53:59","date_gmt":"2013-11-16T16:53:59","guid":{"rendered":"http:\/\/www.presstourism.ch\/WP_ALEX\/?page_id=372"},"modified":"2014-10-28T09:18:59","modified_gmt":"2014-10-28T08:18:59","slug":"outre-mer","status":"publish","type":"page","link":"http:\/\/www.presstourism.ch\/?page_id=372","title":{"rendered":"Outre-Mer"},"content":{"rendered":"<p><a href=\"http:\/\/www.presstourism.ch\/WP_ALEX\/wp-content\/uploads\/2013\/11\/Art-11-BASE-F-corrig\u00e9-pour-mail.pdf\">Martinique \/ Robert Sirdey<\/a><\/p>\n<p><a href=\"https:\/\/i0.wp.com\/www.presstourism.ch\/WP_ALEX\/wp-content\/uploads\/2013\/11\/Art-11-BASE-F-corrig\u00e9-pour-mail-1.jpg\"><img loading=\"lazy\" class=\"wp-image-1468 size-medium aligncenter\" src=\"https:\/\/i1.wp.com\/www.presstourism.ch\/WP_ALEX\/wp-content\/uploads\/2013\/11\/Art-11-BASE-F-corrig\u00e9-pour-mail-1-248x300.jpg?resize=248%2C300\" alt=\"Art 11 BASE F corrig\u00e9 pour mail-1\" width=\"248\" height=\"300\" srcset=\"https:\/\/i2.wp.com\/www.presstourism.ch\/wp-content\/uploads\/2013\/11\/Art-11-BASE-F-corrig\u00e9-pour-mail-1.jpg?resize=248%2C300 248w, https:\/\/i2.wp.com\/www.presstourism.ch\/wp-content\/uploads\/2013\/11\/Art-11-BASE-F-corrig\u00e9-pour-mail-1.jpg?resize=600%2C723 600w, https:\/\/i2.wp.com\/www.presstourism.ch\/wp-content\/uploads\/2013\/11\/Art-11-BASE-F-corrig\u00e9-pour-mail-1.jpg?w=637 637w\" sizes=\"(max-width: 248px) 100vw, 248px\" data-recalc-dims=\"1\" \/><\/a><\/p>\n<p>&nbsp;<\/p>\n<hr \/>\n<p>&nbsp;<\/p>\n<p><strong><a title=\"Lien permanent vers Saint-Barth\u00e9lemy: La discr\u00e8te des Cara\u00efbes\" href=\"http:\/\/www.jepars.ch\/magazine\/?p=5783\" rel=\"bookmark\">Saint-Barth\u00e9lemy: La discr\u00e8te des Cara\u00efbes <\/a><\/strong><\/p>\n<p>Thierry Porchet<\/p>\n<p>Dans l\u2019arc des Cara\u00efbes, \u00e0 proximit\u00e9 de l\u2019\u00eele de Saint\u2013Martin, Saint-Barth\u00e9lemy faisait partie entre 1878 et 2007 du d\u00e9partement fran\u00e7ais d\u2019outre-mer (DOM) de la Guadeloupe. A cette derni\u00e8re date, elle devint une collectivit\u00e9 d\u2019outre-mer. Le principal avantage de ce statut est une ind\u00e9pendance douani\u00e8re et fiscale qui lui permet de vendre librement des produits hors-taxe (de marques de luxe de pr\u00e9f\u00e9rence), source de revenu non n\u00e9gligeable et, avec le tourisme, plus rentable que la r\u00e9colte du sel, la petite agriculture familiale, la p\u00eache ou le tressage de la paille qui \u00e9taient ses activit\u00e9s d\u2019origine.<\/p>\n<p style=\"text-align: center;\"><a href=\"http:\/\/www.jepars.ch\/magazine\/?p=5783\"><img loading=\"lazy\" src=\"https:\/\/i0.wp.com\/www.jepars.ch\/magazine\/wp-content\/uploads\/2011\/12\/Saline_3550-455x302.jpg?resize=455%2C302\" alt=\"Saline ST-BARTH\" width=\"455\" height=\"302\" data-recalc-dims=\"1\" \/><\/a><\/p>\n<p>&nbsp;<\/p>\n<hr \/>\n<p>&nbsp;<\/p>\n<p><strong><a title=\"Lien permanent vers Les Ilets de la Plage \u00e0 Saint-Barth\u00e9lemy\" href=\"http:\/\/www.jepars.ch\/magazine\/?p=5773\" rel=\"bookmark\">Les Ilets de la Plage \u00e0 Saint-Barth\u00e9lemy <\/a><\/strong><\/p>\n<p>Thierry Porchet<\/p>\n<p>Les h\u00f4tels de Saint-Barth\u00e9lemy sont nombreux, surtout les h\u00f4tels de grand luxe. Pour ma part, j\u2019aime bien me sentir \u00e0 l\u2019aise et ne pas \u00eatre astreint \u00e0 une attitude guind\u00e9e. J\u2019ai trouv\u00e9 dans l\u2019h\u00f4tel des Ilets de la Plage un \u00e9tablissement \u00e0 dimension humaine qui r\u00e9unit le calme, la simplicit\u00e9, la d\u00e9coration dans un style couleur locale et, pardessus tout, une plage de sable blanc telle que, venant de Suisse o\u00f9 nous en serions plut\u00f4t priv\u00e9s, on ne puisse r\u00eaver plus beau.<\/p>\n<p><img loading=\"lazy\" class=\"aligncenter\" src=\"https:\/\/i2.wp.com\/www.jepars.ch\/magazine\/wp-content\/uploads\/2011\/11\/Les_ilets_3325+-455x455.jpg?resize=374%2C374\" alt=\"Les_Ilets \u00a9 Thierry Porchet\" width=\"374\" height=\"374\" data-recalc-dims=\"1\" \/><\/p>\n<p>&nbsp;<\/p>\n<hr \/>\n<p>&nbsp;<\/p>\n<p><strong><a href=\"http:\/\/sb4-1.infomaniak.ch\/sites\/c4\/c493c95f91125629724acfd1fee9774f\/attachments\/File\/BRISSOTREG473-PP40-41Guyane.pdf\">Guyane, la France sur Equateur \/ Nina Brissot<\/a><\/strong><\/p>\n<p>&nbsp;<\/p>\n<hr \/>\n<p>&nbsp;<\/p>\n","protected":false},"excerpt":{"rendered":"<p>Martinique \/ Robert Sirdey &nbsp; &nbsp; Saint-Barth\u00e9lemy: La discr\u00e8te des Cara\u00efbes Thierry Porchet Dans l\u2019arc des Cara\u00efbes, \u00e0 proximit\u00e9 de l\u2019\u00eele de Saint\u2013Martin, Saint-Barth\u00e9lemy faisait partie entre 1878 et 2007 du d\u00e9partement fran\u00e7ais d\u2019outre-mer (DOM) de la Guadeloupe. A cette &hellip; <a href=\"http:\/\/www.presstourism.ch\/?page_id=372\">Continuer la lecture <span class=\"meta-nav\">&rarr;<\/span><\/a><\/p>\n","protected":false},"author":1,"featured_media":0,"parent":279,"menu_order":0,"comment_status":"open","ping_status":"open","template":"","meta":{"ngg_post_thumbnail":0,"spay_email":""},"jetpack_sharing_enabled":true,"jetpack_shortlink":"https:\/\/wp.me\/P468TV-60","_links":{"self":[{"href":"http:\/\/www.presstourism.ch\/index.php?rest_route=\/wp\/v2\/pages\/372"}],"collection":[{"href":"http:\/\/www.presstourism.ch\/index.php?rest_route=\/wp\/v2\/pages"}],"about":[{"href":"http:\/\/www.presstourism.ch\/index.php?rest_route=\/wp\/v2\/types\/page"}],"author":[{"embeddable":true,"href":"http:\/\/www.presstourism.ch\/index.php?rest_route=\/wp\/v2\/users\/1"}],"replies":[{"embeddable":true,"href":"http:\/\/www.presstourism.ch\/index.php?rest_route=%2Fwp%2Fv2%2Fcomments&post=372"}],"version-history":[{"count":5,"href":"http:\/\/www.presstourism.ch\/index.php?rest_route=\/wp\/v2\/pages\/372\/revisions"}],"predecessor-version":[{"id":1470,"href":"http:\/\/www.presstourism.ch\/index.php?rest_route=\/wp\/v2\/pages\/372\/revisions\/1470"}],"up":[{"embeddable":true,"href":"http:\/\/www.presstourism.ch\/index.php?rest_route=\/wp\/v2\/pages\/279"}],"wp:attachment":[{"href":"http:\/\/www.presstourism.ch\/index.php?rest_route=%2Fwp%2Fv2%2Fmedia&parent=372"}],"curies":[{"name":"wp","href":"https:\/\/api.w.org\/{rel}","templated":true}]}}