{"id":3714,"date":"2017-04-10T18:44:24","date_gmt":"2017-04-10T17:44:24","guid":{"rendered":"http:\/\/www.presstourism.ch\/WP_ALEX\/?page_id=3714"},"modified":"2017-04-10T19:18:37","modified_gmt":"2017-04-10T18:18:37","slug":"2017-reunions-du-comite","status":"publish","type":"page","link":"http:\/\/www.presstourism.ch\/?page_id=3714","title":{"rendered":"2017 R\u00e9unions du comit\u00e9"},"content":{"rendered":"<h1 class=\"entry-title\"><a href=\"http:\/\/www.presstourism.ch\/WP_ALEX\/?page_id=3629\">2017.01.12 Comit\u00e9 PV<\/a><\/h1>\n<h1 class=\"entry-title\"><a href=\"http:\/\/www.presstourism.ch\/WP_ALEX\/?page_id=3658\">2017.02.09 Comit\u00e9 PV<\/a><\/h1>\n<h1 class=\"entry-title\"><a href=\"http:\/\/www.presstourism.ch\/WP_ALEX\/?page_id=3698\">2017.04.06 Comit\u00e9 PV<\/a><\/h1>\n<p>&nbsp;<\/p>\n<p>&nbsp;<\/p>\n","protected":false},"excerpt":{"rendered":"<p>2017.01.12 Comit\u00e9 PV 2017.02.09 Comit\u00e9 PV 2017.04.06 Comit\u00e9 PV &nbsp; &nbsp;<\/p>\n","protected":false},"author":1,"featured_media":0,"parent":487,"menu_order":0,"comment_status":"closed","ping_status":"closed","template":"","meta":{"ngg_post_thumbnail":0,"spay_email":""},"jetpack_sharing_enabled":true,"jetpack_shortlink":"https:\/\/wp.me\/P468TV-XU","_links":{"self":[{"href":"http:\/\/www.presstourism.ch\/index.php?rest_route=\/wp\/v2\/pages\/3714"}],"collection":[{"href":"http:\/\/www.presstourism.ch\/index.php?rest_route=\/wp\/v2\/pages"}],"about":[{"href":"http:\/\/www.presstourism.ch\/index.php?rest_route=\/wp\/v2\/types\/page"}],"author":[{"embeddable":true,"href":"http:\/\/www.presstourism.ch\/index.php?rest_route=\/wp\/v2\/users\/1"}],"replies":[{"embeddable":true,"href":"http:\/\/www.presstourism.ch\/index.php?rest_route=%2Fwp%2Fv2%2Fcomments&post=3714"}],"version-history":[{"count":6,"href":"http:\/\/www.presstourism.ch\/index.php?rest_route=\/wp\/v2\/pages\/3714\/revisions"}],"predecessor-version":[{"id":3724,"href":"http:\/\/www.presstourism.ch\/index.php?rest_route=\/wp\/v2\/pages\/3714\/revisions\/3724"}],"up":[{"embeddable":true,"href":"http:\/\/www.presstourism.ch\/index.php?rest_route=\/wp\/v2\/pages\/487"}],"wp:attachment":[{"href":"http:\/\/www.presstourism.ch\/index.php?rest_route=%2Fwp%2Fv2%2Fmedia&parent=3714"}],"curies":[{"name":"wp","href":"https:\/\/api.w.org\/{rel}","templated":true}]}}