{"id":3680,"date":"2017-04-02T13:35:15","date_gmt":"2017-04-02T12:35:15","guid":{"rendered":"http:\/\/www.presstourism.ch\/WP_ALEX\/?page_id=3680"},"modified":"2017-04-02T15:30:07","modified_gmt":"2017-04-02T14:30:07","slug":"les-suisses-tiennent-a-leurs-vacances-estivales","status":"publish","type":"page","link":"http:\/\/www.presstourism.ch\/?page_id=3680","title":{"rendered":"Les Suisses tiennent \u00e0 leurs vacances estivales!"},"content":{"rendered":"<p>&nbsp;<\/p>\n<p><strong><a href=\"https:\/\/i2.wp.com\/www.presstourism.ch\/WP_ALEX\/wp-content\/uploads\/2017\/04\/Chypre.jpg\"><img loading=\"lazy\" class=\"alignnone size-large wp-image-3687\" src=\"https:\/\/i0.wp.com\/www.presstourism.ch\/WP_ALEX\/wp-content\/uploads\/2017\/04\/Chypre-1024x768.jpg?resize=584%2C438\" alt=\"Chypre\" width=\"584\" height=\"438\" srcset=\"https:\/\/i0.wp.com\/www.presstourism.ch\/wp-content\/uploads\/2017\/04\/Chypre.jpg?w=1024 1024w, https:\/\/i0.wp.com\/www.presstourism.ch\/wp-content\/uploads\/2017\/04\/Chypre.jpg?resize=300%2C225 300w, https:\/\/i0.wp.com\/www.presstourism.ch\/wp-content\/uploads\/2017\/04\/Chypre.jpg?resize=768%2C576 768w, https:\/\/i0.wp.com\/www.presstourism.ch\/wp-content\/uploads\/2017\/04\/Chypre.jpg?resize=600%2C450 600w\" sizes=\"(max-width: 584px) 100vw, 584px\" data-recalc-dims=\"1\" \/><\/a><\/strong><\/p>\n<p><strong>Selon les principaux tour-op\u00e9rateurs et agences de voyages membres de la F\u00e9d\u00e9ration suisse du voyage (FSV), les ventes de vacances estivales devraient cro\u00eetre de 5 \u00e0 10% cette ann\u00e9e par rapport \u00e0 l\u2019\u00e9t\u00e9 2016. Le pourtour m\u00e9diterran\u00e9en, Turquie except\u00e9e, est largement pl\u00e9biscit\u00e9.<\/strong><\/p>\n<p>Les destinations les plus demand\u00e9es sont la Gr\u00e8ce, Chypre (en tr\u00e8s forte progression depuis deux ans), l\u2019Espagne, le Portugal, la Sardaigne, la Croatie, la Corse, la Scandinavie au sens large et, plus loin, le Canada, les Etats-Unis (l\u2019\u00e9lection de Donald Trump ne joue pour l\u2019heure aucun r\u00f4le) et l\u2019Afrique du Sud.<\/p>\n<p><a href=\"https:\/\/i0.wp.com\/www.presstourism.ch\/WP_ALEX\/wp-content\/uploads\/2017\/04\/Cap-Vert.png\"><img loading=\"lazy\" class=\"size-full wp-image-3690 aligncenter\" src=\"https:\/\/i0.wp.com\/www.presstourism.ch\/WP_ALEX\/wp-content\/uploads\/2017\/04\/Cap-Vert.png?resize=500%2C498\" alt=\"Cap-Vert\" width=\"500\" height=\"498\" srcset=\"https:\/\/i0.wp.com\/www.presstourism.ch\/wp-content\/uploads\/2017\/04\/Cap-Vert.png?w=500 500w, https:\/\/i0.wp.com\/www.presstourism.ch\/wp-content\/uploads\/2017\/04\/Cap-Vert.png?resize=150%2C150 150w, https:\/\/i0.wp.com\/www.presstourism.ch\/wp-content\/uploads\/2017\/04\/Cap-Vert.png?resize=300%2C300 300w\" sizes=\"(max-width: 500px) 100vw, 500px\" data-recalc-dims=\"1\" \/><\/a>Les croisi\u00e8res tiennent \u00e9galement la corde, dont plus de 25 millions de passagers sont attendus cette ann\u00e9e dans le monde&#8230; La popularit\u00e9 actuelle de ce produit, autrefois consid\u00e9r\u00e9 comme \u00e9litaire et des tarifs attractifs en raison du nombre consid\u00e9rable de bateaux en activit\u00e9 sans compter ceux en construction, expliquent ce boom.<\/p>\n<p>De mani\u00e8re g\u00e9n\u00e9rale, le succ\u00e8s d\u2019une destination d\u00e9pend aussi de ses\u00a0 dessertes a\u00e9riennes. Par exemple, les vols directs d\u2019Edelweiss Air vers l\u2019Islande ou le Costa Rica dopent la demande.<\/p>\n<p>\u00abEn raison du succ\u00e8s probable de certaines destinations estivales, les \u00eeles Bal\u00e9ares et Canaries en t\u00eate, je recommande des r\u00e9servations anticip\u00e9es\u00bb, souligne Walter Kunz, directeur de la F\u00e9d\u00e9ration suisse du voyage. En effet, ces \u00eeles disposent de capacit\u00e9s a\u00e9riennes et h\u00f4teli\u00e8res limit\u00e9es.<\/p>\n<p><strong>La Turquie aux abonn\u00e9s absents<\/strong><\/p>\n<p><a href=\"https:\/\/i1.wp.com\/www.presstourism.ch\/WP_ALEX\/wp-content\/uploads\/2017\/04\/VSOE-01-087-Largeur-max.-1024-Hauteur-max.-768.jpg\"><img loading=\"lazy\" class=\"alignnone size-large wp-image-3691\" src=\"https:\/\/i1.wp.com\/www.presstourism.ch\/WP_ALEX\/wp-content\/uploads\/2017\/04\/VSOE-01-087-Largeur-max.-1024-Hauteur-max.-768-1024x768.jpg?resize=584%2C438\" alt=\"VSOE 01 087 [Largeur max. 1024 Hauteur max. 768]\" width=\"584\" height=\"438\" srcset=\"https:\/\/i1.wp.com\/www.presstourism.ch\/wp-content\/uploads\/2017\/04\/VSOE-01-087-Largeur-max.-1024-Hauteur-max.-768.jpg?w=1024 1024w, https:\/\/i1.wp.com\/www.presstourism.ch\/wp-content\/uploads\/2017\/04\/VSOE-01-087-Largeur-max.-1024-Hauteur-max.-768.jpg?resize=300%2C225 300w, https:\/\/i1.wp.com\/www.presstourism.ch\/wp-content\/uploads\/2017\/04\/VSOE-01-087-Largeur-max.-1024-Hauteur-max.-768.jpg?resize=768%2C576 768w, https:\/\/i1.wp.com\/www.presstourism.ch\/wp-content\/uploads\/2017\/04\/VSOE-01-087-Largeur-max.-1024-Hauteur-max.-768.jpg?resize=600%2C450 600w\" sizes=\"(max-width: 584px) 100vw, 584px\" data-recalc-dims=\"1\" \/><\/a><\/p>\n<p>La Turquie s\u2019effondre litt\u00e9ralement. Elle entra\u00eene dans son sillage, m\u00eame si la chute est moins marqu\u00e9e, la Tunisie. Le Maroc demeure stable m\u00eame s\u2019il subit le contrecoup de la d\u00e9saffection de la client\u00e8le pour la Tunisie. L\u2019Egypte, avec ses diff\u00e9rentes offres, baln\u00e9aire et de plong\u00e9e, culturelle, de croisi\u00e8res, demeure \u00e0 un niveau de demande relativement bas, mais qui pourrait augmenter ces prochains mois si aucune actualit\u00e9 n\u00e9gative la concernant ne fait la une des m\u00e9dias.<\/p>\n<p>L\u2019oc\u00e9an Indien (\u00eele Maurice, R\u00e9union, Seychelles) est sollicit\u00e9. Idem pour les \u00eeles du Cap-Vert, en progression notable depuis plusieurs ann\u00e9es. Toutefois, le volume de client\u00e8le qu\u2019elles g\u00e9n\u00e8rent ne saurait compenser celui perdu sur la Turquie.<\/p>\n<p>Les voyages en Asie sont en plein essor \u00e0 cause ou gr\u00e2ce \u00e0 la guerre tarifaire que se livrent les compagnies a\u00e9riennes. \u00abOn peut passer une semaine en Tha\u00eflande pour 1000 fr. seulement, vol compris\u00bb, souligne Walter Kunz.<\/p>\n<p><strong>Les petites villes privil\u00e9gi\u00e9es<\/strong><\/p>\n<p>Ins\u00e9curit\u00e9 li\u00e9e au terrorisme et heurts (g\u00e9o-)politiques s\u2019accommodent mal avec le tourisme, m\u00eame si la croissance attendue des vacances estivales prouve que nos compatriotes continuent d\u2019avoir envie de voyager. Cependant, ils choisissent diff\u00e9remment leur destination en fonction de ces crit\u00e8res.<\/p>\n<p><a href=\"https:\/\/i0.wp.com\/www.presstourism.ch\/WP_ALEX\/wp-content\/uploads\/2017\/04\/Edimbourg.jpg\"><img loading=\"lazy\" class=\"alignnone size-large wp-image-3689\" src=\"https:\/\/i2.wp.com\/www.presstourism.ch\/WP_ALEX\/wp-content\/uploads\/2017\/04\/Edimbourg-1024x683.jpg?resize=584%2C390\" alt=\"Edimbourg\" width=\"584\" height=\"390\" srcset=\"https:\/\/i0.wp.com\/www.presstourism.ch\/wp-content\/uploads\/2017\/04\/Edimbourg.jpg?resize=1024%2C683 1024w, https:\/\/i0.wp.com\/www.presstourism.ch\/wp-content\/uploads\/2017\/04\/Edimbourg.jpg?resize=300%2C200 300w, https:\/\/i0.wp.com\/www.presstourism.ch\/wp-content\/uploads\/2017\/04\/Edimbourg.jpg?resize=768%2C512 768w, https:\/\/i0.wp.com\/www.presstourism.ch\/wp-content\/uploads\/2017\/04\/Edimbourg.jpg?resize=600%2C400 600w, https:\/\/i0.wp.com\/www.presstourism.ch\/wp-content\/uploads\/2017\/04\/Edimbourg.jpg?w=1920 1920w, https:\/\/i0.wp.com\/www.presstourism.ch\/wp-content\/uploads\/2017\/04\/Edimbourg.jpg?w=1168 1168w, https:\/\/i0.wp.com\/www.presstourism.ch\/wp-content\/uploads\/2017\/04\/Edimbourg.jpg?w=1752 1752w\" sizes=\"(max-width: 584px) 100vw, 584px\" data-recalc-dims=\"1\" \/><\/a><\/p>\n<p>\u00abLa s\u00e9curit\u00e9 s\u2019agissant du choix d\u2019un lieu de vill\u00e9giature est pr\u00e9pond\u00e9rante, confirme le directeur de la FSV. Pour les voyages intervilles, les capitales europ\u00e9ennes sont ainsi \u00e9cart\u00e9es au profit de villes plus petites comme Dublin ou Edinbourg. C\u2019est une chance pour les agents de voyages, dont les clients cherchent de nouveau les conseils pour passer un s\u00e9jour agr\u00e9able en lieu s\u00fbr.\u00bb<\/p>\n<p>Mais la majorit\u00e9 des clients continue de passer par Internet pour r\u00e9server un voyage simple comprenant un vol et un h\u00f4tel.<\/p>\n<p style=\"text-align: right;\">Didier Walzer<\/p>\n","protected":false},"excerpt":{"rendered":"<p>&nbsp; Selon les principaux tour-op\u00e9rateurs et agences de voyages membres de la F\u00e9d\u00e9ration suisse du voyage (FSV), les ventes de vacances estivales devraient cro\u00eetre de 5 \u00e0 10% cette ann\u00e9e par rapport \u00e0 l\u2019\u00e9t\u00e9 2016. Le pourtour m\u00e9diterran\u00e9en, Turquie except\u00e9e, &hellip; <a href=\"http:\/\/www.presstourism.ch\/?page_id=3680\">Continuer la lecture <span class=\"meta-nav\">&rarr;<\/span><\/a><\/p>\n","protected":false},"author":1,"featured_media":0,"parent":341,"menu_order":0,"comment_status":"closed","ping_status":"closed","template":"","meta":{"ngg_post_thumbnail":0,"spay_email":""},"jetpack_sharing_enabled":true,"jetpack_shortlink":"https:\/\/wp.me\/P468TV-Xm","_links":{"self":[{"href":"http:\/\/www.presstourism.ch\/index.php?rest_route=\/wp\/v2\/pages\/3680"}],"collection":[{"href":"http:\/\/www.presstourism.ch\/index.php?rest_route=\/wp\/v2\/pages"}],"about":[{"href":"http:\/\/www.presstourism.ch\/index.php?rest_route=\/wp\/v2\/types\/page"}],"author":[{"embeddable":true,"href":"http:\/\/www.presstourism.ch\/index.php?rest_route=\/wp\/v2\/users\/1"}],"replies":[{"embeddable":true,"href":"http:\/\/www.presstourism.ch\/index.php?rest_route=%2Fwp%2Fv2%2Fcomments&post=3680"}],"version-history":[{"count":3,"href":"http:\/\/www.presstourism.ch\/index.php?rest_route=\/wp\/v2\/pages\/3680\/revisions"}],"predecessor-version":[{"id":3692,"href":"http:\/\/www.presstourism.ch\/index.php?rest_route=\/wp\/v2\/pages\/3680\/revisions\/3692"}],"up":[{"embeddable":true,"href":"http:\/\/www.presstourism.ch\/index.php?rest_route=\/wp\/v2\/pages\/341"}],"wp:attachment":[{"href":"http:\/\/www.presstourism.ch\/index.php?rest_route=%2Fwp%2Fv2%2Fmedia&parent=3680"}],"curies":[{"name":"wp","href":"https:\/\/api.w.org\/{rel}","templated":true}]}}