{"id":3670,"date":"2017-04-02T13:15:27","date_gmt":"2017-04-02T12:15:27","guid":{"rendered":"http:\/\/www.presstourism.ch\/WP_ALEX\/?page_id=3670"},"modified":"2017-04-02T13:15:27","modified_gmt":"2017-04-02T12:15:27","slug":"disneyland-paris-fete-ses-25-ans-en-2017","status":"publish","type":"page","link":"http:\/\/www.presstourism.ch\/?page_id=3670","title":{"rendered":"Disneyland Paris f\u00eate ses 25 ans en 2017"},"content":{"rendered":"<div id=\"attachment_3672\" style=\"width: 521px\" class=\"wp-caption aligncenter\"><a href=\"https:\/\/i2.wp.com\/www.presstourism.ch\/WP_ALEX\/wp-content\/uploads\/2017\/04\/Disneyland-Paris_25.Geburtstag_Disney-Stars-on-Parade-2-Largeur-max.-1024-Hauteur-max.-768.jpg\"><img aria-describedby=\"caption-attachment-3672\" loading=\"lazy\" class=\"size-full wp-image-3672\" src=\"https:\/\/i2.wp.com\/www.presstourism.ch\/WP_ALEX\/wp-content\/uploads\/2017\/04\/Disneyland-Paris_25.Geburtstag_Disney-Stars-on-Parade-2-Largeur-max.-1024-Hauteur-max.-768.jpg?resize=511%2C768\" alt=\"La parade du 25e anniversaire \u2013 Disney Stars on Parade \u2013 avec un dragon cracheur de feu!  \" width=\"511\" height=\"768\" srcset=\"https:\/\/i1.wp.com\/www.presstourism.ch\/wp-content\/uploads\/2017\/04\/Disneyland-Paris_25.Geburtstag_Disney-Stars-on-Parade-2-Largeur-max.-1024-Hauteur-max.-768.jpg?w=511 511w, https:\/\/i1.wp.com\/www.presstourism.ch\/wp-content\/uploads\/2017\/04\/Disneyland-Paris_25.Geburtstag_Disney-Stars-on-Parade-2-Largeur-max.-1024-Hauteur-max.-768.jpg?resize=200%2C300 200w\" sizes=\"(max-width: 511px) 100vw, 511px\" data-recalc-dims=\"1\" \/><\/a><p id=\"caption-attachment-3672\" class=\"wp-caption-text\">La parade du 25e anniversaire \u2013 Disney Stars on Parade \u2013 avec un dragon cracheur de feu!<\/p><\/div>\n<p>Par Didier Walzer<\/p>\n<p><strong>M\u00eame si elle a v\u00e9cu une ann\u00e9e difficile en 2016 en termes d\u2019entr\u00e9es et de chiffre d\u2019affaires, la premi\u00e8re destination touristique europ\u00e9enne reprend des couleurs en ce d\u00e9but d\u2019exercice anniversaire.<\/strong><\/p>\n<p>La belle histoire a tr\u00e8s pr\u00e9cis\u00e9ment commenc\u00e9 le 24 mars 1987. Plusieurs sites \u00e9taient en concurrence avec celui de Paris (Marne-la-Vall\u00e9e). \u00abCe qui a fait pencher la balance en sa faveur, c\u2019est que Walt Disney est originaire d\u2019Isigny-sur-Mer, en Normandie\u00bb, souligne Jonathan Rabeute, charg\u00e9 de communication interne et digitale pour Disneyland Paris, un parc finalement ouvert en 1992.<\/p>\n<p>Exactement 25 ans et quelque 320 millions de visites uniques plus tard, le site est devenu la premi\u00e8re destination touristique europ\u00e9enne (environ 15 millions de visiteurs par an).<\/p>\n<p>Bien s\u00fbr, il a connu une baisse de son chiffre d\u2019affaires en 2016 (-7%) et du nombre de clients, cons\u00e9quences du terrorisme, des r\u00e9sultats cependant compens\u00e9s, selon Catherine Frangeul, responsable des march\u00e9s suisse, allemand et autrichien, par les d\u00e9penses moyennes, en augmentation, des visiteurs. \u00abDepuis le lancement des ventes estivales, en novembre pour les march\u00e9s lointains et voici quelques jours pour ceux de proximit\u00e9, dont la Suisse, ainsi que la promotion faite autour du 25<sup>e<\/sup> anniversaire, nous constatons une r\u00e9ponse de la client\u00e8le assez forte\u00bb, se r\u00e9jouit Catherine Frangeul.<\/p>\n<p><strong>Star Wars \u00e0 l\u2019honneur<\/strong><\/p>\n<p>Cette saison particuli\u00e8re est \u00e9videmment frapp\u00e9e du sceau de la nouveaut\u00e9 avec notamment l\u2019univers de Star Wars qui a pris possession \u00e0 la fois de Disneyland Paris et des Walt Disney Studios, \u00e0 l\u2019enseigne de <em>La Saison de la Force<\/em>. Dans ces derniers, <em>La C\u00e9l\u00e9bration Galactique<\/em> utilise la Tour de la Terreur comme \u00e9cran g\u00e9ant et une v\u00e9ritable sc\u00e8ne accueille simultan\u00e9ment les h\u00e9ros de la s\u00e9rie.<\/p>\n<div id=\"attachment_3673\" style=\"width: 650px\" class=\"wp-caption alignnone\"><a href=\"https:\/\/i0.wp.com\/www.presstourism.ch\/WP_ALEX\/wp-content\/uploads\/2017\/04\/Disneyland-Paris_25.Geburtstag_Star-Tours-Largeur-max.-1024-Hauteur-max.-768.jpg\"><img aria-describedby=\"caption-attachment-3673\" loading=\"lazy\" class=\"size-large wp-image-3673\" src=\"https:\/\/i0.wp.com\/www.presstourism.ch\/WP_ALEX\/wp-content\/uploads\/2017\/04\/Disneyland-Paris_25.Geburtstag_Star-Tours-Largeur-max.-1024-Hauteur-max.-768-1024x570.jpg?resize=584%2C325\" alt=\"L\u2019univers de Star Wars a pris, pour la premi\u00e8re fois, possession de Disneyland Paris. Ici, l\u2019attraction Star Tours.\" width=\"584\" height=\"325\" srcset=\"https:\/\/i1.wp.com\/www.presstourism.ch\/wp-content\/uploads\/2017\/04\/Disneyland-Paris_25.Geburtstag_Star-Tours-Largeur-max.-1024-Hauteur-max.-768.jpg?w=1024 1024w, https:\/\/i1.wp.com\/www.presstourism.ch\/wp-content\/uploads\/2017\/04\/Disneyland-Paris_25.Geburtstag_Star-Tours-Largeur-max.-1024-Hauteur-max.-768.jpg?resize=300%2C167 300w, https:\/\/i1.wp.com\/www.presstourism.ch\/wp-content\/uploads\/2017\/04\/Disneyland-Paris_25.Geburtstag_Star-Tours-Largeur-max.-1024-Hauteur-max.-768.jpg?resize=768%2C428 768w, https:\/\/i1.wp.com\/www.presstourism.ch\/wp-content\/uploads\/2017\/04\/Disneyland-Paris_25.Geburtstag_Star-Tours-Largeur-max.-1024-Hauteur-max.-768.jpg?resize=600%2C334 600w\" sizes=\"(max-width: 584px) 100vw, 584px\" data-recalc-dims=\"1\" \/><\/a><p id=\"caption-attachment-3673\" class=\"wp-caption-text\">L\u2019univers de Star Wars a pris, pour la premi\u00e8re fois, possession de Disneyland Paris. Ici, l\u2019attraction Star Tours.<\/p><\/div>\n<p>Dans le m\u00eame registre et dans le parc principal, l\u2019aventure continue \u00e0 <em>Star Tours<\/em>. Avec plus de 70 combinaisons de missions diff\u00e9rentes, les voyages vers les destinations de l\u2019univers de la <em>Guerre des Etoiles<\/em> de Jakku, Tatooine, l\u2019Etoile de la Mort, etc., promettent un voyage en 3D mouvement\u00e9 et riche en surprises.<\/p>\n<p>Une nouvelle parade \u2013 <em>Disney Stars on Parade<\/em> \u2013 a parall\u00e8lement \u00e9t\u00e9 cr\u00e9\u00e9e pour cette ann\u00e9e anniversaire avec des chars in\u00e9dits et un dragon cracheur de feu.<\/p>\n<p>Deux spectacles jamais vus, <em>Joyeux Anniversaire Disneyland Paris<\/em> et <em>l\u2019Etincelante Valse des Princesses<\/em> s\u2019y ajoutent. Sans oublier <em>Disney Illuminations<\/em>, un nouveau show \u00e9motionnel et pyrotechnique sur le Ch\u00e2teau de la Belle au Bois Dormant.<\/p>\n<div id=\"attachment_3671\" style=\"width: 650px\" class=\"wp-caption alignnone\"><a href=\"https:\/\/i0.wp.com\/www.presstourism.ch\/WP_ALEX\/wp-content\/uploads\/2017\/04\/Disney-Illuminations-Pirates-Largeur-max.-1024-Hauteur-max.-768.jpg\"><img aria-describedby=\"caption-attachment-3671\" loading=\"lazy\" class=\"size-large wp-image-3671\" src=\"https:\/\/i0.wp.com\/www.presstourism.ch\/WP_ALEX\/wp-content\/uploads\/2017\/04\/Disney-Illuminations-Pirates-Largeur-max.-1024-Hauteur-max.-768-1024x682.jpg?resize=584%2C389\" alt=\"Disney Illuminations, un spectacle projet\u00e9 sur le Ch\u00e2teau de la Belle au Bois Dormant.\" width=\"584\" height=\"389\" srcset=\"https:\/\/i1.wp.com\/www.presstourism.ch\/wp-content\/uploads\/2017\/04\/Disney-Illuminations-Pirates-Largeur-max.-1024-Hauteur-max.-768.jpg?w=1024 1024w, https:\/\/i1.wp.com\/www.presstourism.ch\/wp-content\/uploads\/2017\/04\/Disney-Illuminations-Pirates-Largeur-max.-1024-Hauteur-max.-768.jpg?resize=300%2C200 300w, https:\/\/i1.wp.com\/www.presstourism.ch\/wp-content\/uploads\/2017\/04\/Disney-Illuminations-Pirates-Largeur-max.-1024-Hauteur-max.-768.jpg?resize=768%2C512 768w, https:\/\/i1.wp.com\/www.presstourism.ch\/wp-content\/uploads\/2017\/04\/Disney-Illuminations-Pirates-Largeur-max.-1024-Hauteur-max.-768.jpg?resize=600%2C400 600w\" sizes=\"(max-width: 584px) 100vw, 584px\" data-recalc-dims=\"1\" \/><\/a><p id=\"caption-attachment-3671\" class=\"wp-caption-text\">Disney Illuminations, un spectacle projet\u00e9 sur le Ch\u00e2teau de la Belle au Bois Dormant.<\/p><\/div>\n<hr \/>\n<p><strong>La magie de Disneyland Paris dans les stations de ski al\u00e9maniques<\/strong><\/p>\n<p>Quelque 30&rsquo;000 Suisses sont venus \u00e0 Disneyland Paris en 2016, se r\u00e9partissant \u00e0 parit\u00e9 entre Al\u00e9maniques et Romands. Ils restent en moyenne un peu plus de deux jours (2,18 jours). C\u2019est davantage que les Allemands, les Italiens et les Belges, par exemple. \u00abCinquante pour cent des r\u00e9servations helv\u00e9tiques se font via notre site Internet, pr\u00e9cise Catherine Frangeul, responsable des march\u00e9s suisse, allemand et autrichien. Mais nous continuons bien s\u00fbr parall\u00e8lement de travailler avec les agents de voyages, dont nos partenaires historiques Hotelplan et Railtour.\u00bb<\/p>\n<p>Si l\u2019on peut consid\u00e9rer, pour une question de langue et de proximit\u00e9, que le march\u00e9 romand est \u00e0 maturit\u00e9, ce n\u2019est pas le cas de celui d\u2019outre-Sarine, o\u00f9 la r\u00e9serve de croissance est consid\u00e9r\u00e9e comme importante. \u00abC\u2019est pourquoi nous allons mettre en place un partenariat avec des stations de ski al\u00e9maniques l\u2019hiver prochain sous forme de promotion pour notre destination\u00bb, r\u00e9v\u00e8le notre interlocutrice.<\/p>\n","protected":false},"excerpt":{"rendered":"<p>Par Didier Walzer M\u00eame si elle a v\u00e9cu une ann\u00e9e difficile en 2016 en termes d\u2019entr\u00e9es et de chiffre d\u2019affaires, la premi\u00e8re destination touristique europ\u00e9enne reprend des couleurs en ce d\u00e9but d\u2019exercice anniversaire. La belle histoire a tr\u00e8s pr\u00e9cis\u00e9ment commenc\u00e9 &hellip; <a href=\"http:\/\/www.presstourism.ch\/?page_id=3670\">Continuer la lecture <span class=\"meta-nav\">&rarr;<\/span><\/a><\/p>\n","protected":false},"author":1,"featured_media":0,"parent":2857,"menu_order":0,"comment_status":"closed","ping_status":"closed","template":"","meta":{"ngg_post_thumbnail":0,"spay_email":""},"jetpack_sharing_enabled":true,"jetpack_shortlink":"https:\/\/wp.me\/P468TV-Xc","_links":{"self":[{"href":"http:\/\/www.presstourism.ch\/index.php?rest_route=\/wp\/v2\/pages\/3670"}],"collection":[{"href":"http:\/\/www.presstourism.ch\/index.php?rest_route=\/wp\/v2\/pages"}],"about":[{"href":"http:\/\/www.presstourism.ch\/index.php?rest_route=\/wp\/v2\/types\/page"}],"author":[{"embeddable":true,"href":"http:\/\/www.presstourism.ch\/index.php?rest_route=\/wp\/v2\/users\/1"}],"replies":[{"embeddable":true,"href":"http:\/\/www.presstourism.ch\/index.php?rest_route=%2Fwp%2Fv2%2Fcomments&post=3670"}],"version-history":[{"count":1,"href":"http:\/\/www.presstourism.ch\/index.php?rest_route=\/wp\/v2\/pages\/3670\/revisions"}],"predecessor-version":[{"id":3674,"href":"http:\/\/www.presstourism.ch\/index.php?rest_route=\/wp\/v2\/pages\/3670\/revisions\/3674"}],"up":[{"embeddable":true,"href":"http:\/\/www.presstourism.ch\/index.php?rest_route=\/wp\/v2\/pages\/2857"}],"wp:attachment":[{"href":"http:\/\/www.presstourism.ch\/index.php?rest_route=%2Fwp%2Fv2%2Fmedia&parent=3670"}],"curies":[{"name":"wp","href":"https:\/\/api.w.org\/{rel}","templated":true}]}}