{"id":361,"date":"2013-11-16T17:25:30","date_gmt":"2013-11-16T16:25:30","guid":{"rendered":"http:\/\/www.presstourism.ch\/WP_ALEX\/?page_id=361"},"modified":"2016-03-03T16:39:57","modified_gmt":"2016-03-03T15:39:57","slug":"malte","status":"publish","type":"page","link":"http:\/\/www.presstourism.ch\/?page_id=361","title":{"rendered":"Malte"},"content":{"rendered":"<p><a> <img class=\"aligncenter\" style=\"display: block;\" title=\"Plan Malte : cliquez sur la carte Malte pour l'agrandir\" src=\"https:\/\/i2.wp.com\/www.routard.com\/images_contenu\/partir\/destination\/malte\/carte\/malte.gif?w=584\" alt=\"Plan Malte : cliquez sur la carte Malte pour l'agrandir\" border=\"0\" data-recalc-dims=\"1\" \/><\/a><\/p>\n<p><strong><a title=\"Lien permanent vers Malte sur le pouce\" href=\"http:\/\/www.jepars.ch\/magazine\/?p=7615\" rel=\"bookmark\"> Malte sur le pouce <\/a><\/strong><\/p>\n<p>Colette de Lucia<\/p>\n<p>Sur l\u2019archipel de Malte, le plus petit Etat insulaire de l\u2019Union europ\u00e9enne, r\u00e8gne une douceur de vivre que leurs proches voisins leur envient. La cuisine du terroir y occupe la premi\u00e8re place, offrant des parfums aux chaudes couleurs de la M\u00e9diterran\u00e9e.<\/p>\n<p><a title=\"Malte sur le pouce\" href=\"http:\/\/www.jepars.ch\/magazine\/?p=7615\"><img loading=\"lazy\" class=\"aligncenter\" title=\"Malte sur le pouce\" src=\"https:\/\/i2.wp.com\/www.jepars.ch\/magazine\/wp-content\/uploads\/2013\/01\/paysage-copie-455x304.jpg?resize=455%2C304\" alt=\"\" width=\"455\" height=\"304\" data-recalc-dims=\"1\" \/><\/a><\/p>\n<p dir=\"ltr\" data-angle=\"0\" data-font-name=\"g_font_29_0\" data-canvas-width=\"479.81114790344253\"><strong><a href=\"http:\/\/sb4-1.infomaniak.ch\/sites\/c4\/c493c95f91125629724acfd1fee9774f\/attachments\/File\/BRISSOTMalte.pdf\">Malte, un archipel de contrastes \/ Nina Brissot<\/a><\/strong><\/p>\n<p dir=\"ltr\" data-angle=\"0\" data-font-name=\"g_font_29_0\" data-canvas-width=\"479.81114790344253\"><strong><a href=\"http:\/\/sb4-1.infomaniak.ch\/sites\/c4\/c493c95f91125629724acfd1fee9774f\/attachments\/File\/ulmanngmalte.pdf\">Malte, \u00eele citadelle \/ G\u00e9rard Uhlmann<\/a><\/strong><\/p>\n<p>&nbsp;<\/p>\n","protected":false},"excerpt":{"rendered":"<p>Malte sur le pouce Colette de Lucia Sur l\u2019archipel de Malte, le plus petit Etat insulaire de l\u2019Union europ\u00e9enne, r\u00e8gne une douceur de vivre que leurs proches voisins leur envient. La cuisine du terroir y occupe la premi\u00e8re place, offrant &hellip; <a href=\"http:\/\/www.presstourism.ch\/?page_id=361\">Continuer la lecture <span class=\"meta-nav\">&rarr;<\/span><\/a><\/p>\n","protected":false},"author":1,"featured_media":0,"parent":2161,"menu_order":0,"comment_status":"open","ping_status":"open","template":"","meta":{"ngg_post_thumbnail":0,"spay_email":""},"jetpack_sharing_enabled":true,"jetpack_shortlink":"https:\/\/wp.me\/P468TV-5P","_links":{"self":[{"href":"http:\/\/www.presstourism.ch\/index.php?rest_route=\/wp\/v2\/pages\/361"}],"collection":[{"href":"http:\/\/www.presstourism.ch\/index.php?rest_route=\/wp\/v2\/pages"}],"about":[{"href":"http:\/\/www.presstourism.ch\/index.php?rest_route=\/wp\/v2\/types\/page"}],"author":[{"embeddable":true,"href":"http:\/\/www.presstourism.ch\/index.php?rest_route=\/wp\/v2\/users\/1"}],"replies":[{"embeddable":true,"href":"http:\/\/www.presstourism.ch\/index.php?rest_route=%2Fwp%2Fv2%2Fcomments&post=361"}],"version-history":[{"count":5,"href":"http:\/\/www.presstourism.ch\/index.php?rest_route=\/wp\/v2\/pages\/361\/revisions"}],"predecessor-version":[{"id":2243,"href":"http:\/\/www.presstourism.ch\/index.php?rest_route=\/wp\/v2\/pages\/361\/revisions\/2243"}],"up":[{"embeddable":true,"href":"http:\/\/www.presstourism.ch\/index.php?rest_route=\/wp\/v2\/pages\/2161"}],"wp:attachment":[{"href":"http:\/\/www.presstourism.ch\/index.php?rest_route=%2Fwp%2Fv2%2Fmedia&parent=361"}],"curies":[{"name":"wp","href":"https:\/\/api.w.org\/{rel}","templated":true}]}}