{"id":358,"date":"2013-11-16T17:21:15","date_gmt":"2013-11-16T16:21:15","guid":{"rendered":"http:\/\/www.presstourism.ch\/WP_ALEX\/?page_id=358"},"modified":"2016-03-03T16:35:22","modified_gmt":"2016-03-03T15:35:22","slug":"indonesie","status":"publish","type":"page","link":"http:\/\/www.presstourism.ch\/?page_id=358","title":{"rendered":"Indon\u00e9sie"},"content":{"rendered":"<p><a> <img class=\"aligncenter\" style=\"display: block;\" title=\"Plan Indon\u00e9sie : cliquez sur la carte Indon\u00e9sie pour l'agrandir\" src=\"https:\/\/i1.wp.com\/www.routard.com\/images_contenu\/partir\/destination\/indonesie\/carte\/indonesie.gif?w=584\" alt=\"Plan Indon\u00e9sie : cliquez sur la carte Indon\u00e9sie pour l'agrandir\" border=\"0\" data-recalc-dims=\"1\" \/><\/a><\/p>\n<p><strong><a title=\"Lien permanent vers Indon\u00e9sie : Les Balinais de l\u2019Ouest\" href=\"http:\/\/www.jepars.ch\/magazine\/?p=3859\" rel=\"bookmark\"> Indon\u00e9sie : Les Balinais de l\u2019Ouest <\/a><\/strong><\/p>\n<p>G\u00e9rard Blanc<\/p>\n<p>Dans une Indon\u00e9sie meurtrie par la d\u00e9tresse de Banda Aceh, on imagine mal, depuis la Suisse, les kilom\u00e8tres carr\u00e9s heureusement \u00e9pargn\u00e9s par le Tsunami, tant au sud de Sumatra qu\u2019\u00e0 Java, Irian Jaya, Born\u00e9o, les Moluques ou les C\u00e9l\u00e8bes. Joyaux parmi toutes les \u00eeles de l\u2019archipel, Bali ne d\u00e9m\u00e9rite pas de sa r\u00e9putation enchanteresse, mais mieux encore est de sortir des grandes agglom\u00e9rations pour d\u00e9couvrir une r\u00e9gion aux coutumes locales \u00e9pargn\u00e9es.<\/p>\n<p style=\"text-align: center;\"><a href=\"http:\/\/www.jepars.ch\/magazine\/?p=3859\"><img loading=\"lazy\" src=\"https:\/\/i2.wp.com\/www.jepars.ch\/magazine\/wp-content\/uploads\/2005\/05\/JEPBAL161-455x303.jpg?resize=455%2C303\" alt=\"Course d'attelage \u00e0 Bali\" width=\"455\" height=\"303\" data-recalc-dims=\"1\" \/><\/a><\/p>\n","protected":false},"excerpt":{"rendered":"<p>Indon\u00e9sie : Les Balinais de l\u2019Ouest G\u00e9rard Blanc Dans une Indon\u00e9sie meurtrie par la d\u00e9tresse de Banda Aceh, on imagine mal, depuis la Suisse, les kilom\u00e8tres carr\u00e9s heureusement \u00e9pargn\u00e9s par le Tsunami, tant au sud de Sumatra qu\u2019\u00e0 Java, Irian &hellip; <a href=\"http:\/\/www.presstourism.ch\/?page_id=358\">Continuer la lecture <span class=\"meta-nav\">&rarr;<\/span><\/a><\/p>\n","protected":false},"author":1,"featured_media":0,"parent":2222,"menu_order":0,"comment_status":"open","ping_status":"open","template":"","meta":{"ngg_post_thumbnail":0,"spay_email":""},"jetpack_sharing_enabled":true,"jetpack_shortlink":"https:\/\/wp.me\/P468TV-5M","_links":{"self":[{"href":"http:\/\/www.presstourism.ch\/index.php?rest_route=\/wp\/v2\/pages\/358"}],"collection":[{"href":"http:\/\/www.presstourism.ch\/index.php?rest_route=\/wp\/v2\/pages"}],"about":[{"href":"http:\/\/www.presstourism.ch\/index.php?rest_route=\/wp\/v2\/types\/page"}],"author":[{"embeddable":true,"href":"http:\/\/www.presstourism.ch\/index.php?rest_route=\/wp\/v2\/users\/1"}],"replies":[{"embeddable":true,"href":"http:\/\/www.presstourism.ch\/index.php?rest_route=%2Fwp%2Fv2%2Fcomments&post=358"}],"version-history":[{"count":3,"href":"http:\/\/www.presstourism.ch\/index.php?rest_route=\/wp\/v2\/pages\/358\/revisions"}],"predecessor-version":[{"id":2239,"href":"http:\/\/www.presstourism.ch\/index.php?rest_route=\/wp\/v2\/pages\/358\/revisions\/2239"}],"up":[{"embeddable":true,"href":"http:\/\/www.presstourism.ch\/index.php?rest_route=\/wp\/v2\/pages\/2222"}],"wp:attachment":[{"href":"http:\/\/www.presstourism.ch\/index.php?rest_route=%2Fwp%2Fv2%2Fmedia&parent=358"}],"curies":[{"name":"wp","href":"https:\/\/api.w.org\/{rel}","templated":true}]}}