{"id":3571,"date":"2017-03-25T19:26:58","date_gmt":"2017-03-25T18:26:58","guid":{"rendered":"http:\/\/www.presstourism.ch\/WP_ALEX\/?page_id=3571"},"modified":"2017-03-25T19:34:19","modified_gmt":"2017-03-25T18:34:19","slug":"saint-alurent","status":"publish","type":"page","link":"http:\/\/www.presstourism.ch\/?page_id=3571","title":{"rendered":"Le Qu\u00e9bec au fil du Saint-Laurent"},"content":{"rendered":"<p><strong><a href=\"https:\/\/i1.wp.com\/www.presstourism.ch\/WP_ALEX\/wp-content\/uploads\/2017\/03\/chien.jpg\"><img loading=\"lazy\" class=\"size-full wp-image-3576 aligncenter\" src=\"https:\/\/i1.wp.com\/www.presstourism.ch\/WP_ALEX\/wp-content\/uploads\/2017\/03\/chien.jpg?resize=477%2C336\" alt=\"chien\" width=\"477\" height=\"336\" srcset=\"https:\/\/i2.wp.com\/www.presstourism.ch\/wp-content\/uploads\/2017\/03\/chien.jpg?w=477 477w, https:\/\/i2.wp.com\/www.presstourism.ch\/wp-content\/uploads\/2017\/03\/chien.jpg?resize=300%2C211 300w\" sizes=\"(max-width: 477px) 100vw, 477px\" data-recalc-dims=\"1\" \/><\/a>Par Saskia Galitch<\/strong><\/p>\n<div>\n<p>Suivre les caprices du fleuve, art\u00e8re vitale de la Belle Province, c\u2019est s\u2019offrir un voyage riche en d\u00e9paysement et en petits bonheurs. Petite escapade de quelques jours en suivant l\u2019itin\u00e9raire du fleuve, au d\u00e9part de Montr\u00e9al.<\/p>\n<\/div>\n<p><a href=\"http:\/\/www.femina.ch\/loisirs\/voyages\/le-quebec-au-fil-du-saint-laurent\">Lire la suite&#8230;<\/a><\/p>\n","protected":false},"excerpt":{"rendered":"<p>Par Saskia Galitch Suivre les caprices du fleuve, art\u00e8re vitale de la Belle Province, c\u2019est s\u2019offrir un voyage riche en d\u00e9paysement et en petits bonheurs. Petite escapade de quelques jours en suivant l\u2019itin\u00e9raire du fleuve, au d\u00e9part de Montr\u00e9al. Lire &hellip; <a href=\"http:\/\/www.presstourism.ch\/?page_id=3571\">Continuer la lecture <span class=\"meta-nav\">&rarr;<\/span><\/a><\/p>\n","protected":false},"author":1,"featured_media":0,"parent":195,"menu_order":0,"comment_status":"closed","ping_status":"closed","template":"","meta":{"ngg_post_thumbnail":0,"spay_email":""},"jetpack_sharing_enabled":true,"jetpack_shortlink":"https:\/\/wp.me\/P468TV-VB","_links":{"self":[{"href":"http:\/\/www.presstourism.ch\/index.php?rest_route=\/wp\/v2\/pages\/3571"}],"collection":[{"href":"http:\/\/www.presstourism.ch\/index.php?rest_route=\/wp\/v2\/pages"}],"about":[{"href":"http:\/\/www.presstourism.ch\/index.php?rest_route=\/wp\/v2\/types\/page"}],"author":[{"embeddable":true,"href":"http:\/\/www.presstourism.ch\/index.php?rest_route=\/wp\/v2\/users\/1"}],"replies":[{"embeddable":true,"href":"http:\/\/www.presstourism.ch\/index.php?rest_route=%2Fwp%2Fv2%2Fcomments&post=3571"}],"version-history":[{"count":4,"href":"http:\/\/www.presstourism.ch\/index.php?rest_route=\/wp\/v2\/pages\/3571\/revisions"}],"predecessor-version":[{"id":3577,"href":"http:\/\/www.presstourism.ch\/index.php?rest_route=\/wp\/v2\/pages\/3571\/revisions\/3577"}],"up":[{"embeddable":true,"href":"http:\/\/www.presstourism.ch\/index.php?rest_route=\/wp\/v2\/pages\/195"}],"wp:attachment":[{"href":"http:\/\/www.presstourism.ch\/index.php?rest_route=%2Fwp%2Fv2%2Fmedia&parent=3571"}],"curies":[{"name":"wp","href":"https:\/\/api.w.org\/{rel}","templated":true}]}}