{"id":356,"date":"2013-11-16T16:20:11","date_gmt":"2013-11-16T15:20:11","guid":{"rendered":"http:\/\/www.presstourism.ch\/WP_ALEX\/?page_id=356"},"modified":"2016-03-03T17:07:07","modified_gmt":"2016-03-03T16:07:07","slug":"vietnam","status":"publish","type":"page","link":"http:\/\/www.presstourism.ch\/?page_id=356","title":{"rendered":"Vietnam"},"content":{"rendered":"<p><a> <img class=\"aligncenter\" style=\"display: block;\" title=\"Plan Vietnam nord : cliquez sur la carte Vietnam nord pour l'agrandir\" src=\"https:\/\/i2.wp.com\/www.routard.com\/images_contenu\/partir\/destination\/vietnam\/carte\/vietnamnord.gif?w=584\" alt=\"Plan Vietnam nord : cliquez sur la carte Vietnam nord pour l'agrandir\" border=\"0\" data-recalc-dims=\"1\" \/><\/a><\/p>\n<p><strong><a title=\"Lien permanent vers Saigon et Hano\u00ef, deux s\u0153urs, deux cultures\" href=\"http:\/\/www.jepars.ch\/magazine\/?p=8435\" rel=\"bookmark\">Saigon et Hano\u00ef, deux s\u0153urs, deux cultures <\/a><\/strong><\/p>\n<div>\n<div>\n<div>\n<div>\n<p>Erika Bodmer \/ G\u00e9rard Blanc<\/p>\n<p>L\u2019arriv\u00e9e au Vietnam en provenance de l\u2019Europe se fait immanquablement dans l\u2019une des deux grandes m\u00e9tropoles que sont Hano\u00ef, la capitale administrative et Ho Chi Minh-Ville (ou plut\u00f4t Saigon, comme l\u2019appelle toujours une partie de ses habitants), celle des affaires.<\/p>\n<div id=\"post-8435\" style=\"text-align: center;\"><a title=\"Saigon et Hano\u00ef, deux s\u0153urs, deux cultures\" href=\"http:\/\/www.jepars.ch\/magazine\/?p=8435\"><img loading=\"lazy\" title=\"Saigon et Hano\u00ef, deux s\u0153urs, deux cultures\" src=\"https:\/\/i2.wp.com\/www.jepars.ch\/magazine\/wp-content\/uploads\/2013\/04\/saigon_01-455x303.jpg?resize=455%2C303\" alt=\"\" width=\"455\" height=\"303\" data-recalc-dims=\"1\" \/><\/a><\/div>\n<div style=\"text-align: center;\"><\/div>\n<\/div>\n<\/div>\n<\/div>\n<\/div>\n<p><strong><a title=\"Lien permanent vers Faire ou ne pas faire au Vietnam\" href=\"http:\/\/www.jepars.ch\/magazine\/?p=5147\" rel=\"bookmark\"> Faire ou ne pas faire au Vietnam <\/a><\/strong><\/p>\n<p>L\u2019une des pr\u00e9occupations d\u2019un visiteur au Vietnam est de savoir comment se comporter lors de la visite d\u2019un lieu de culte. En entrant dans un temple bouddhiste, conduisez-vous comme si vous entriez dans une \u00e9glise catholique de chez nous. Seule diff\u00e9rence: il faut se d\u00e9chausser. Madame, n\u2019entrez pas en short et couvrez-vous d\u2019un foulard sur les \u00e9paules ou portez un sarong local; Monsieur, n\u2019entrez pas en \u00abmarcel \u00bb. Pas n\u00e9cessaire de se d\u00e9chausser dans les temples ta\u00f4istes, mais un don au gardien est bienvenu.<\/p>\n","protected":false},"excerpt":{"rendered":"<p>Saigon et Hano\u00ef, deux s\u0153urs, deux cultures Erika Bodmer \/ G\u00e9rard Blanc L\u2019arriv\u00e9e au Vietnam en provenance de l\u2019Europe se fait immanquablement dans l\u2019une des deux grandes m\u00e9tropoles que sont Hano\u00ef, la capitale administrative et Ho Chi Minh-Ville (ou plut\u00f4t &hellip; <a href=\"http:\/\/www.presstourism.ch\/?page_id=356\">Continuer la lecture <span class=\"meta-nav\">&rarr;<\/span><\/a><\/p>\n","protected":false},"author":1,"featured_media":0,"parent":2222,"menu_order":0,"comment_status":"open","ping_status":"open","template":"","meta":{"ngg_post_thumbnail":0,"spay_email":""},"jetpack_sharing_enabled":true,"jetpack_shortlink":"https:\/\/wp.me\/P468TV-5K","_links":{"self":[{"href":"http:\/\/www.presstourism.ch\/index.php?rest_route=\/wp\/v2\/pages\/356"}],"collection":[{"href":"http:\/\/www.presstourism.ch\/index.php?rest_route=\/wp\/v2\/pages"}],"about":[{"href":"http:\/\/www.presstourism.ch\/index.php?rest_route=\/wp\/v2\/types\/page"}],"author":[{"embeddable":true,"href":"http:\/\/www.presstourism.ch\/index.php?rest_route=\/wp\/v2\/users\/1"}],"replies":[{"embeddable":true,"href":"http:\/\/www.presstourism.ch\/index.php?rest_route=%2Fwp%2Fv2%2Fcomments&post=356"}],"version-history":[{"count":4,"href":"http:\/\/www.presstourism.ch\/index.php?rest_route=\/wp\/v2\/pages\/356\/revisions"}],"predecessor-version":[{"id":2256,"href":"http:\/\/www.presstourism.ch\/index.php?rest_route=\/wp\/v2\/pages\/356\/revisions\/2256"}],"up":[{"embeddable":true,"href":"http:\/\/www.presstourism.ch\/index.php?rest_route=\/wp\/v2\/pages\/2222"}],"wp:attachment":[{"href":"http:\/\/www.presstourism.ch\/index.php?rest_route=%2Fwp%2Fv2%2Fmedia&parent=356"}],"curies":[{"name":"wp","href":"https:\/\/api.w.org\/{rel}","templated":true}]}}