{"id":3559,"date":"2017-03-25T19:08:19","date_gmt":"2017-03-25T18:08:19","guid":{"rendered":"http:\/\/www.presstourism.ch\/WP_ALEX\/?page_id=3559"},"modified":"2017-03-25T19:20:12","modified_gmt":"2017-03-25T18:20:12","slug":"rallye-aerien-au-canada-2007","status":"publish","type":"page","link":"http:\/\/www.presstourism.ch\/?page_id=3559","title":{"rendered":"Rallye a\u00e9rien 2007"},"content":{"rendered":"<p><strong>Par Robert Sirdey<\/strong><\/p>\n<p>Chaque ann\u00e9e, le Rallye A\u00e9rien International explore les r\u00e9gions peu connues ou peu accessibles du Canada. R\u00e9guli\u00e8rement, des Europ\u00e9ens participent \u00e0 cette joyeuse \u00ab \u00e9cole \u00bb de pilotage de brousse en conditions r\u00e9elles. Le rallye affirme une g\u00e9n\u00e9reuse vocation en faveur des jeunes pilotes.<\/p>\n<p><a href=\"http:\/\/i1.wp.com\/www.presstourism.ch\/WP_ALEX\/wp-content\/uploads\/2013\/11\/Capture-can.jpg\"><img loading=\"lazy\" class=\"aligncenter wp-image-697 size-full\" src=\"https:\/\/i0.wp.com\/www.presstourism.ch\/WP_ALEX\/wp-content\/uploads\/2013\/11\/Capture-can.jpg?resize=255%2C148\" alt=\"Capture can\" width=\"255\" height=\"148\" data-recalc-dims=\"1\" \/><\/a><a href=\"http:\/\/www.presstourism.ch\/WP_ALEX\/wp-content\/uploads\/2014\/04\/Rallye-a%C3%A9rien-au-Canada.pdf\">Lire la suite&#8230;<\/a><\/p>\n","protected":false},"excerpt":{"rendered":"<p>Par Robert Sirdey Chaque ann\u00e9e, le Rallye A\u00e9rien International explore les r\u00e9gions peu connues ou peu accessibles du Canada. R\u00e9guli\u00e8rement, des Europ\u00e9ens participent \u00e0 cette joyeuse \u00ab \u00e9cole \u00bb de pilotage de brousse en conditions r\u00e9elles. Le rallye affirme une &hellip; <a href=\"http:\/\/www.presstourism.ch\/?page_id=3559\">Continuer la lecture <span class=\"meta-nav\">&rarr;<\/span><\/a><\/p>\n","protected":false},"author":1,"featured_media":0,"parent":195,"menu_order":0,"comment_status":"closed","ping_status":"closed","template":"","meta":{"ngg_post_thumbnail":0,"spay_email":""},"jetpack_sharing_enabled":true,"jetpack_shortlink":"https:\/\/wp.me\/P468TV-Vp","_links":{"self":[{"href":"http:\/\/www.presstourism.ch\/index.php?rest_route=\/wp\/v2\/pages\/3559"}],"collection":[{"href":"http:\/\/www.presstourism.ch\/index.php?rest_route=\/wp\/v2\/pages"}],"about":[{"href":"http:\/\/www.presstourism.ch\/index.php?rest_route=\/wp\/v2\/types\/page"}],"author":[{"embeddable":true,"href":"http:\/\/www.presstourism.ch\/index.php?rest_route=\/wp\/v2\/users\/1"}],"replies":[{"embeddable":true,"href":"http:\/\/www.presstourism.ch\/index.php?rest_route=%2Fwp%2Fv2%2Fcomments&post=3559"}],"version-history":[{"count":2,"href":"http:\/\/www.presstourism.ch\/index.php?rest_route=\/wp\/v2\/pages\/3559\/revisions"}],"predecessor-version":[{"id":3562,"href":"http:\/\/www.presstourism.ch\/index.php?rest_route=\/wp\/v2\/pages\/3559\/revisions\/3562"}],"up":[{"embeddable":true,"href":"http:\/\/www.presstourism.ch\/index.php?rest_route=\/wp\/v2\/pages\/195"}],"wp:attachment":[{"href":"http:\/\/www.presstourism.ch\/index.php?rest_route=%2Fwp%2Fv2%2Fmedia&parent=3559"}],"curies":[{"name":"wp","href":"https:\/\/api.w.org\/{rel}","templated":true}]}}