{"id":3533,"date":"2017-03-05T15:28:20","date_gmt":"2017-03-05T14:28:20","guid":{"rendered":"http:\/\/www.presstourism.ch\/WP_ALEX\/?page_id=3533"},"modified":"2024-04-12T16:45:12","modified_gmt":"2024-04-12T14:45:12","slug":"moudon-une-remarquable-architecture-medievale","status":"publish","type":"page","link":"http:\/\/www.presstourism.ch\/?page_id=3533","title":{"rendered":"Moudon, une remarquable architecture m\u00e9di\u00e9vale"},"content":{"rendered":"<div id=\"attachment_3539\" style=\"width: 650px\" class=\"wp-caption alignnone\"><a href=\"https:\/\/i0.wp.com\/www.presstourism.ch\/WP_ALEX\/wp-content\/uploads\/2017\/03\/1MoudonVilleHaute-Largeur-max.-1024-Hauteur-max.-768.jpg\"><img aria-describedby=\"caption-attachment-3539\" loading=\"lazy\" class=\"size-large wp-image-3539\" src=\"https:\/\/i0.wp.com\/www.presstourism.ch\/WP_ALEX\/wp-content\/uploads\/2017\/03\/1MoudonVilleHaute-Largeur-max.-1024-Hauteur-max.-768-1024x682.jpg?resize=584%2C389\" alt=\"Les maisons color\u00e9es de la rue du Bourg avec au fond la tour de Carrouge.\" width=\"584\" height=\"389\" srcset=\"https:\/\/i2.wp.com\/www.presstourism.ch\/wp-content\/uploads\/2017\/03\/1MoudonVilleHaute-Largeur-max.-1024-Hauteur-max.-768.jpg?w=1024 1024w, https:\/\/i2.wp.com\/www.presstourism.ch\/wp-content\/uploads\/2017\/03\/1MoudonVilleHaute-Largeur-max.-1024-Hauteur-max.-768.jpg?resize=300%2C200 300w, https:\/\/i2.wp.com\/www.presstourism.ch\/wp-content\/uploads\/2017\/03\/1MoudonVilleHaute-Largeur-max.-1024-Hauteur-max.-768.jpg?resize=768%2C512 768w, https:\/\/i2.wp.com\/www.presstourism.ch\/wp-content\/uploads\/2017\/03\/1MoudonVilleHaute-Largeur-max.-1024-Hauteur-max.-768.jpg?resize=600%2C400 600w\" sizes=\"(max-width: 584px) 100vw, 584px\" data-recalc-dims=\"1\" \/><\/a><p id=\"caption-attachment-3539\" class=\"wp-caption-text\">Les maisons color\u00e9es de la rue du Bourg avec au fond la tour de Carrouge.<\/p><\/div>\n<p>\u00c0 mi-chemin entre le Jorat et la vall\u00e9e de la Broye, l&rsquo;ancienne capitale du Pays de Vaud savoyard s\u00e9duit par le cachet unique de sa Ville Haute. Ses fameux Brandons sont annonc\u00e9s pour mi-mars.<\/p>\n<div id=\"attachment_3534\" style=\"width: 650px\" class=\"wp-caption alignnone\"><a href=\"https:\/\/i1.wp.com\/www.presstourism.ch\/WP_ALEX\/wp-content\/uploads\/2017\/03\/2VieuxBourgEnBas-Largeur-max.-1024-Hauteur-max.-768.jpg\"><img aria-describedby=\"caption-attachment-3534\" loading=\"lazy\" class=\"size-large wp-image-3534\" src=\"https:\/\/i1.wp.com\/www.presstourism.ch\/WP_ALEX\/wp-content\/uploads\/2017\/03\/2VieuxBourgEnBas-Largeur-max.-1024-Hauteur-max.-768-1024x682.jpg?resize=584%2C389\" alt=\"Une partie de la Ville Haute et ses caves \u00e0 \u00e9tages accroch\u00e9es sur son \u00e9peron rocheux.\" width=\"584\" height=\"389\" srcset=\"https:\/\/i0.wp.com\/www.presstourism.ch\/wp-content\/uploads\/2017\/03\/2VieuxBourgEnBas-Largeur-max.-1024-Hauteur-max.-768.jpg?w=1024 1024w, https:\/\/i0.wp.com\/www.presstourism.ch\/wp-content\/uploads\/2017\/03\/2VieuxBourgEnBas-Largeur-max.-1024-Hauteur-max.-768.jpg?resize=300%2C200 300w, https:\/\/i0.wp.com\/www.presstourism.ch\/wp-content\/uploads\/2017\/03\/2VieuxBourgEnBas-Largeur-max.-1024-Hauteur-max.-768.jpg?resize=768%2C512 768w, https:\/\/i0.wp.com\/www.presstourism.ch\/wp-content\/uploads\/2017\/03\/2VieuxBourgEnBas-Largeur-max.-1024-Hauteur-max.-768.jpg?resize=600%2C400 600w\" sizes=\"(max-width: 584px) 100vw, 584px\" data-recalc-dims=\"1\" \/><\/a><p id=\"caption-attachment-3534\" class=\"wp-caption-text\">Une partie de la Ville Haute et ses caves \u00e0 \u00e9tages accroch\u00e9es sur son \u00e9peron rocheux.<\/p><\/div>\n<p>\u00c0 Moudon, il faut toujours attendre les Brandons pour vraiment dire au-revoir \u00e0 l&rsquo;hiver. Parmi les plus renomm\u00e9s de Suisse, ces derniers conna\u00eetront \u00e0 nouveau une folle animation du 15 au 19 mars prochain. Mais comme les jours plus cl\u00e9ments sont d\u00e9j\u00e0 revenus, pourquoi n&rsquo;iriez-vous pas red\u00e9couvrir l&rsquo;histoire de cette cit\u00e9, qui fut la capitale du Pays de Vaud savoyard au XIIIe si\u00e8cle?<\/p>\n<div id=\"attachment_3535\" style=\"width: 522px\" class=\"wp-caption aligncenter\"><a href=\"https:\/\/i2.wp.com\/www.presstourism.ch\/WP_ALEX\/wp-content\/uploads\/2017\/03\/3MoudonPanoEglise-Largeur-max.-1024-Hauteur-max.-768.jpg\"><img aria-describedby=\"caption-attachment-3535\" loading=\"lazy\" class=\"size-full wp-image-3535\" src=\"https:\/\/i2.wp.com\/www.presstourism.ch\/WP_ALEX\/wp-content\/uploads\/2017\/03\/3MoudonPanoEglise-Largeur-max.-1024-Hauteur-max.-768.jpg?resize=512%2C768\" alt=\"Vue panoramique sur la cit\u00e9 avec l'Eglise Saint-Etienne depuis le ch\u00e2teau de Carrouge.\" width=\"512\" height=\"768\" srcset=\"https:\/\/i0.wp.com\/www.presstourism.ch\/wp-content\/uploads\/2017\/03\/3MoudonPanoEglise-Largeur-max.-1024-Hauteur-max.-768.jpg?w=512 512w, https:\/\/i0.wp.com\/www.presstourism.ch\/wp-content\/uploads\/2017\/03\/3MoudonPanoEglise-Largeur-max.-1024-Hauteur-max.-768.jpg?resize=200%2C300 200w\" sizes=\"(max-width: 512px) 100vw, 512px\" data-recalc-dims=\"1\" \/><\/a><p id=\"caption-attachment-3535\" class=\"wp-caption-text\">Vue panoramique sur la cit\u00e9 avec l&rsquo;Eglise Saint-Etienne depuis le ch\u00e2teau de Carrouge.<\/p><\/div>\n<p>Tant il est vrai que Moudon poss\u00e8de un patrimoine b\u00e2ti d&rsquo;une grande richesse d\u00e8s qu&rsquo;on arpente les ruelles de sa Ville Haute, dont l&rsquo;architecture m\u00e9di\u00e9vale est l&rsquo;une des mieux conserv\u00e9es du canton. Impossible de ne pas tomber sous le charme de ces b\u00e2tisses tr\u00e8s bien r\u00e9nov\u00e9es et color\u00e9es, de la Maison des Etats jusqu&rsquo;au bout de la rue du Bourg, en passant par les Maisons bernoise et Perrier, ainsi que le ch\u00e2teau de Carrouge.<\/p>\n<div id=\"attachment_3536\" style=\"width: 490px\" class=\"wp-caption aligncenter\"><a href=\"https:\/\/i2.wp.com\/www.presstourism.ch\/WP_ALEX\/wp-content\/uploads\/2017\/03\/4FontaineJusticeMoudon-Largeur-max.-1024-Hauteur-max.-768.jpg\"><img aria-describedby=\"caption-attachment-3536\" loading=\"lazy\" class=\"size-full wp-image-3536\" src=\"https:\/\/i2.wp.com\/www.presstourism.ch\/WP_ALEX\/wp-content\/uploads\/2017\/03\/4FontaineJusticeMoudon-Largeur-max.-1024-Hauteur-max.-768.jpg?resize=480%2C768\" alt=\"Inspir\u00e9e de mod\u00e8les bernois, la fontaine de la Justice date de 1559.\" width=\"480\" height=\"768\" srcset=\"https:\/\/i1.wp.com\/www.presstourism.ch\/wp-content\/uploads\/2017\/03\/4FontaineJusticeMoudon-Largeur-max.-1024-Hauteur-max.-768.jpg?w=480 480w, https:\/\/i1.wp.com\/www.presstourism.ch\/wp-content\/uploads\/2017\/03\/4FontaineJusticeMoudon-Largeur-max.-1024-Hauteur-max.-768.jpg?resize=188%2C300 188w\" sizes=\"(max-width: 480px) 100vw, 480px\" data-recalc-dims=\"1\" \/><\/a><p id=\"caption-attachment-3536\" class=\"wp-caption-text\">Inspir\u00e9e de mod\u00e8les bernois, la fontaine de la Justice date de 1559.<\/p><\/div>\n<p>Un circuit historique balis\u00e9 permet de marcher \u00e0 son rythme (\u00e7a grimpe!) et de suivre les panneaux qui donnent les infos n\u00e9cessaires. On est pris au jeu de ce circuit et on a envie d&rsquo;en savoir encore plus sur ce vieux bourg perch\u00e9 en m\u00eame temps qu&rsquo;agripp\u00e9 sur une falaise de molasse. Il faut aussi aller le d\u00e9couvrir depuis en bas, au bord de la Broye (\u00e0 proximit\u00e9 du terrain de foot) pour constater que les maisons ont des caves construites sur deux ou trois \u00e9tages.<\/p>\n<div id=\"attachment_3537\" style=\"width: 650px\" class=\"wp-caption alignnone\"><a href=\"https:\/\/i0.wp.com\/www.presstourism.ch\/WP_ALEX\/wp-content\/uploads\/2017\/03\/5Muse\u0301eVieuxMoudon-copie-Largeur-max.-1024-Hauteur-max.-768.jpg\"><img aria-describedby=\"caption-attachment-3537\" loading=\"lazy\" class=\"size-large wp-image-3537\" src=\"https:\/\/i0.wp.com\/www.presstourism.ch\/WP_ALEX\/wp-content\/uploads\/2017\/03\/5Muse\u0301eVieuxMoudon-copie-Largeur-max.-1024-Hauteur-max.-768-1024x682.jpg?resize=584%2C389\" alt=\"Le Mus\u00e9e du Vieux-Moudon, install\u00e9 dans la Maison Rochefort, s'\u00e9l\u00e8ve fi\u00e8rement au sommet de la cit\u00e9.\" width=\"584\" height=\"389\" srcset=\"https:\/\/i0.wp.com\/www.presstourism.ch\/wp-content\/uploads\/2017\/03\/5Muse\u0301eVieuxMoudon-copie-Largeur-max.-1024-Hauteur-max.-768.jpg?w=1024 1024w, https:\/\/i0.wp.com\/www.presstourism.ch\/wp-content\/uploads\/2017\/03\/5Muse\u0301eVieuxMoudon-copie-Largeur-max.-1024-Hauteur-max.-768.jpg?resize=300%2C200 300w, https:\/\/i0.wp.com\/www.presstourism.ch\/wp-content\/uploads\/2017\/03\/5Muse\u0301eVieuxMoudon-copie-Largeur-max.-1024-Hauteur-max.-768.jpg?resize=768%2C512 768w, https:\/\/i0.wp.com\/www.presstourism.ch\/wp-content\/uploads\/2017\/03\/5Muse\u0301eVieuxMoudon-copie-Largeur-max.-1024-Hauteur-max.-768.jpg?resize=600%2C400 600w\" sizes=\"(max-width: 584px) 100vw, 584px\" data-recalc-dims=\"1\" \/><\/a><p id=\"caption-attachment-3537\" class=\"wp-caption-text\">Le Mus\u00e9e du Vieux-Moudon, install\u00e9 dans la Maison Rochefort, s&rsquo;\u00e9l\u00e8ve fi\u00e8rement au sommet de la cit\u00e9.<\/p><\/div>\n<p>Au passage, il ne faut pas non plus manquer les Mus\u00e9es du Vieux-Moudon, qui abrite une importante collection d\u2019objets illustrant l\u2019histoire de la ville, et celui d&rsquo;Eug\u00e8ne Burnand, qui expose une centaine d\u2019\u0153uvres du c\u00e9l\u00e8bre peintre d\u2019origine moudonnoise. Enfin, dans la rue du Temple, il y a le passage oblig\u00e9 de l&rsquo;Eglise Saint-Etienne. Remontant au XIIIe si\u00e8cle, cet important \u00e9difice gothique abrite le plus ancien orgue du canton de Vaud.<\/p>\n<p><strong>Textes et photos: Roger Juillerat<\/strong><\/p>\n<div id=\"attachment_3538\" style=\"width: 650px\" class=\"wp-caption alignnone\"><a href=\"https:\/\/i2.wp.com\/www.presstourism.ch\/WP_ALEX\/wp-content\/uploads\/2017\/03\/6MoudonCha\u0302teau-Largeur-max.-1024-Hauteur-max.-768.jpg\"><img aria-describedby=\"caption-attachment-3538\" loading=\"lazy\" class=\"size-large wp-image-3538\" src=\"https:\/\/i0.wp.com\/www.presstourism.ch\/WP_ALEX\/wp-content\/uploads\/2017\/03\/6MoudonCha\u0302teau-Largeur-max.-1024-Hauteur-max.-768-1024x682.jpg?resize=584%2C389\" alt=\"Dans la rue qui porte son nom, la muraille qui reste du ch\u00e2teau m\u00e9di\u00e9val et une jolie demeure.\" width=\"584\" height=\"389\" srcset=\"https:\/\/i1.wp.com\/www.presstourism.ch\/wp-content\/uploads\/2017\/03\/6MoudonCha\u0302teau-Largeur-max.-1024-Hauteur-max.-768.jpg?w=1024 1024w, https:\/\/i1.wp.com\/www.presstourism.ch\/wp-content\/uploads\/2017\/03\/6MoudonCha\u0302teau-Largeur-max.-1024-Hauteur-max.-768.jpg?resize=300%2C200 300w, https:\/\/i1.wp.com\/www.presstourism.ch\/wp-content\/uploads\/2017\/03\/6MoudonCha\u0302teau-Largeur-max.-1024-Hauteur-max.-768.jpg?resize=768%2C512 768w, https:\/\/i1.wp.com\/www.presstourism.ch\/wp-content\/uploads\/2017\/03\/6MoudonCha\u0302teau-Largeur-max.-1024-Hauteur-max.-768.jpg?resize=600%2C400 600w\" sizes=\"(max-width: 584px) 100vw, 584px\" data-recalc-dims=\"1\" \/><\/a><p id=\"caption-attachment-3538\" class=\"wp-caption-text\">Dans la rue qui porte son nom, la muraille qui reste du ch\u00e2teau m\u00e9di\u00e9val et une jolie demeure.<\/p><\/div>\n<p><strong>Infos pratiques<\/strong><\/p>\n<p><strong>Y aller: <\/strong>suivre les panneaux qui indiquent Ville Haute et laisser sa voiture dans un des deux parkings au pied de celle-ci.<\/p>\n<p><strong>Mais aussi:<\/strong> divers circuits p\u00e9destres et cyclistes raviront \u00e9galement les randonneurs et amoureux de la nature dans les environs de Moudon, o\u00f9 divers march\u00e9s artisanaux ainsi qu\u2019une saison culturelle riche et vari\u00e9e animent la ville au fil des saisons.<\/p>\n<p><strong>Se renseigner:<\/strong> Moudon R\u00e9gion Tourisme, Grand&rsquo;Rue 25-27, au pied de la Ville Haute, en bas de la rue du Ch\u00e2teau, 021 905&nbsp;88&nbsp;66, <a href=\"mailto:office.tourisme@moudon.ch\">office.tourisme@moudon.ch<\/a>, <a href=\"http:\/\/www.moudon.ch\">www.moudon.ch<\/a>. Pour les Brandons: <a href=\"http:\/\/www.presstourism.ch\/WP_ALEX\/wp-content\/uploads\/2017\/03\/nvt-Vendredi240217-w-BaladeMoudon3.pdf\">www.brandons.ch<\/a><\/p>\n<p><a href=\"http:\/\/www.presstourism.ch\/wp-content\/uploads\/2017\/03\/nvt-Vendredi240217-w-BaladeMoudon3.pdf\">Lire l&rsquo;article publi\u00e9 dans La-R\u00e9gion-Nord-Vaudois<\/a><\/p>\n\n\n<p><\/p>\n","protected":false},"excerpt":{"rendered":"<p>\u00c0 mi-chemin entre le Jorat et la vall\u00e9e de la Broye, l&rsquo;ancienne capitale du Pays de Vaud savoyard s\u00e9duit par le cachet unique de sa Ville Haute. Ses fameux Brandons sont annonc\u00e9s pour mi-mars. \u00c0 Moudon, il faut toujours attendre &hellip; <a href=\"http:\/\/www.presstourism.ch\/?page_id=3533\">Continuer la lecture <span class=\"meta-nav\">&rarr;<\/span><\/a><\/p>\n","protected":false},"author":1,"featured_media":0,"parent":341,"menu_order":0,"comment_status":"closed","ping_status":"closed","template":"","meta":{"ngg_post_thumbnail":0,"spay_email":""},"jetpack_sharing_enabled":true,"jetpack_shortlink":"https:\/\/wp.me\/P468TV-UZ","_links":{"self":[{"href":"http:\/\/www.presstourism.ch\/index.php?rest_route=\/wp\/v2\/pages\/3533"}],"collection":[{"href":"http:\/\/www.presstourism.ch\/index.php?rest_route=\/wp\/v2\/pages"}],"about":[{"href":"http:\/\/www.presstourism.ch\/index.php?rest_route=\/wp\/v2\/types\/page"}],"author":[{"embeddable":true,"href":"http:\/\/www.presstourism.ch\/index.php?rest_route=\/wp\/v2\/users\/1"}],"replies":[{"embeddable":true,"href":"http:\/\/www.presstourism.ch\/index.php?rest_route=%2Fwp%2Fv2%2Fcomments&post=3533"}],"version-history":[{"count":2,"href":"http:\/\/www.presstourism.ch\/index.php?rest_route=\/wp\/v2\/pages\/3533\/revisions"}],"predecessor-version":[{"id":9320,"href":"http:\/\/www.presstourism.ch\/index.php?rest_route=\/wp\/v2\/pages\/3533\/revisions\/9320"}],"up":[{"embeddable":true,"href":"http:\/\/www.presstourism.ch\/index.php?rest_route=\/wp\/v2\/pages\/341"}],"wp:attachment":[{"href":"http:\/\/www.presstourism.ch\/index.php?rest_route=%2Fwp%2Fv2%2Fmedia&parent=3533"}],"curies":[{"name":"wp","href":"https:\/\/api.w.org\/{rel}","templated":true}]}}