{"id":3516,"date":"2017-03-05T09:29:32","date_gmt":"2017-03-05T08:29:32","guid":{"rendered":"http:\/\/www.presstourism.ch\/WP_ALEX\/?page_id=3516"},"modified":"2024-04-12T19:48:46","modified_gmt":"2024-04-12T17:48:46","slug":"pleiade-dexcursions-autour-de-lauberson","status":"publish","type":"page","link":"http:\/\/www.presstourism.ch\/?page_id=3516","title":{"rendered":"Pl\u00e9iade d&rsquo;excursions autour de L&rsquo;Auberson"},"content":{"rendered":"<div id=\"attachment_3523\" style=\"width: 650px\" class=\"wp-caption alignnone\"><a href=\"https:\/\/i0.wp.com\/www.presstourism.ch\/WP_ALEX\/wp-content\/uploads\/2017\/03\/1_PlateauGrangesFond-Largeur-max.-1024-Hauteur-max.-768.jpg\"><img aria-describedby=\"caption-attachment-3523\" loading=\"lazy\" class=\"size-large wp-image-3523\" src=\"https:\/\/i0.wp.com\/www.presstourism.ch\/WP_ALEX\/wp-content\/uploads\/2017\/03\/1_PlateauGrangesFond-Largeur-max.-1024-Hauteur-max.-768-1024x682.jpg?resize=584%2C389\" alt=\"Des pistes de fond magnifiques sur le plateau des Granges avec notamment un d\u00e9part pr\u00e8s de la halle de gym de L'Auberson. Photos: Roger Juillerat\" width=\"584\" height=\"389\" srcset=\"https:\/\/i0.wp.com\/www.presstourism.ch\/wp-content\/uploads\/2017\/03\/1_PlateauGrangesFond-Largeur-max.-1024-Hauteur-max.-768.jpg?w=1024 1024w, https:\/\/i0.wp.com\/www.presstourism.ch\/wp-content\/uploads\/2017\/03\/1_PlateauGrangesFond-Largeur-max.-1024-Hauteur-max.-768.jpg?resize=300%2C200 300w, https:\/\/i0.wp.com\/www.presstourism.ch\/wp-content\/uploads\/2017\/03\/1_PlateauGrangesFond-Largeur-max.-1024-Hauteur-max.-768.jpg?resize=768%2C512 768w, https:\/\/i0.wp.com\/www.presstourism.ch\/wp-content\/uploads\/2017\/03\/1_PlateauGrangesFond-Largeur-max.-1024-Hauteur-max.-768.jpg?resize=600%2C400 600w\" sizes=\"(max-width: 584px) 100vw, 584px\" data-recalc-dims=\"1\" \/><\/a><p id=\"caption-attachment-3523\" class=\"wp-caption-text\">Des pistes de fond magnifiques sur le plateau des Granges avec notamment un d\u00e9part pr\u00e8s de la halle de gym de L&rsquo;Auberson. Photos: Roger Juillerat<\/p><\/div>\n<p>PLATEAU DES GRANGES &#8211; La neige offre toujours de nombreuses possibilit\u00e9s d&rsquo;excursions depuis les Grangettes jusqu&rsquo;aux Fourgs. A ski de fond, en raquettes \u00e0 neige ou simplement \u00e0 pied dans cette belle contr\u00e9e sans fronti\u00e8re.<\/p>\n<div id=\"attachment_3524\" style=\"width: 650px\" class=\"wp-caption alignnone\"><a href=\"https:\/\/i0.wp.com\/www.presstourism.ch\/WP_ALEX\/wp-content\/uploads\/2017\/03\/2_PlateauGrangesChevaux-Largeur-max.-1024-Hauteur-max.-768.jpg\"><img aria-describedby=\"caption-attachment-3524\" loading=\"lazy\" class=\"size-large wp-image-3524\" src=\"https:\/\/i2.wp.com\/www.presstourism.ch\/WP_ALEX\/wp-content\/uploads\/2017\/03\/2_PlateauGrangesChevaux-Largeur-max.-1024-Hauteur-max.-768-1024x682.jpg?resize=584%2C389\" alt=\"En raquettes \u00e0 neige ou \u00e0 pied du c\u00f4t\u00e9 des Grangettes (1118 m.), on est salu\u00e9 par la plus noble conqu\u00eate de l'homme.\" width=\"584\" height=\"389\" srcset=\"https:\/\/i0.wp.com\/www.presstourism.ch\/wp-content\/uploads\/2017\/03\/2_PlateauGrangesChevaux-Largeur-max.-1024-Hauteur-max.-768.jpg?w=1024 1024w, https:\/\/i0.wp.com\/www.presstourism.ch\/wp-content\/uploads\/2017\/03\/2_PlateauGrangesChevaux-Largeur-max.-1024-Hauteur-max.-768.jpg?resize=300%2C200 300w, https:\/\/i0.wp.com\/www.presstourism.ch\/wp-content\/uploads\/2017\/03\/2_PlateauGrangesChevaux-Largeur-max.-1024-Hauteur-max.-768.jpg?resize=768%2C512 768w, https:\/\/i0.wp.com\/www.presstourism.ch\/wp-content\/uploads\/2017\/03\/2_PlateauGrangesChevaux-Largeur-max.-1024-Hauteur-max.-768.jpg?resize=600%2C400 600w\" sizes=\"(max-width: 584px) 100vw, 584px\" data-recalc-dims=\"1\" \/><\/a><p id=\"caption-attachment-3524\" class=\"wp-caption-text\">En raquettes \u00e0 neige ou \u00e0 pied du c\u00f4t\u00e9 des Grangettes (1118 m.), on est salu\u00e9 par la plus noble conqu\u00eate de l&rsquo;homme.<\/p><\/div>\n<p>En \u00e9t\u00e9 comme en hiver, il est lumineusement accueillant le plateau des Granges, pr\u00e8s de L&rsquo;Auberson, sur la commune de Sainte-Croix (VD). En tout cas lorsque le soleil est au rendez-vous, comme cela a souvent \u00e9t\u00e9 le cas cet hiver, alors que le brouillard recouvrait la plaine. On peut donc y faire de gratifiantes et revigorantes balades.<\/p>\n<div id=\"attachment_3525\" style=\"width: 650px\" class=\"wp-caption alignnone\"><a href=\"https:\/\/i0.wp.com\/www.presstourism.ch\/WP_ALEX\/wp-content\/uploads\/2017\/03\/3_PlateauGrangesFourgs-Largeur-max.-1024-Hauteur-max.-768.jpg\"><img aria-describedby=\"caption-attachment-3525\" loading=\"lazy\" class=\"size-large wp-image-3525\" src=\"https:\/\/i1.wp.com\/www.presstourism.ch\/WP_ALEX\/wp-content\/uploads\/2017\/03\/3_PlateauGrangesFourgs-Largeur-max.-1024-Hauteur-max.-768-1024x682.jpg?resize=584%2C389\" alt=\"Aux Fourgs, en France voisine, il y a aussi de nombreuses possibilit\u00e9s de se lancer dans les loisirs hivernaux.\" width=\"584\" height=\"389\" srcset=\"https:\/\/i2.wp.com\/www.presstourism.ch\/wp-content\/uploads\/2017\/03\/3_PlateauGrangesFourgs-Largeur-max.-1024-Hauteur-max.-768.jpg?w=1024 1024w, https:\/\/i2.wp.com\/www.presstourism.ch\/wp-content\/uploads\/2017\/03\/3_PlateauGrangesFourgs-Largeur-max.-1024-Hauteur-max.-768.jpg?resize=300%2C200 300w, https:\/\/i2.wp.com\/www.presstourism.ch\/wp-content\/uploads\/2017\/03\/3_PlateauGrangesFourgs-Largeur-max.-1024-Hauteur-max.-768.jpg?resize=768%2C512 768w, https:\/\/i2.wp.com\/www.presstourism.ch\/wp-content\/uploads\/2017\/03\/3_PlateauGrangesFourgs-Largeur-max.-1024-Hauteur-max.-768.jpg?resize=600%2C400 600w\" sizes=\"(max-width: 584px) 100vw, 584px\" data-recalc-dims=\"1\" \/><\/a><p id=\"caption-attachment-3525\" class=\"wp-caption-text\">Aux Fourgs, en France voisine, il y a aussi de nombreuses possibilit\u00e9s de se lancer dans les loisirs hivernaux.<\/p><\/div>\n<p>Il n&rsquo;y a pas moins de 25 km de pistes de fond et des liaisons directes avec les pistes des Fourgs, en France voisine, celles de la C\u00f4te-aux-F\u00e9es (NE) et du Mont-des-Cerfs. Avec l&rsquo;assurance de pouvoir observer des traces d&rsquo;animaux et d&rsquo;autres curiosit\u00e9s de la nature propres au massif jurassien. En partant derri\u00e8re la salle de gym au centre de L&rsquo;Auberson et en traversant les p\u00e2turages de la Grand&rsquo;Borne, sur le Plateau des Granges, on peut rejoindre le nouveau refuge de la Combette Verte, o\u00f9 d&rsquo;autres pistes se croisent. Il y a d&rsquo;ailleurs aussi une piste pour les marcheurs et les adeptes des raquettes \u00e0 neige sur ce plateau, et une autre depuis le Chemin du Cr\u00eat, en direction de la douane.<\/p>\n<div id=\"attachment_3518\" style=\"width: 650px\" class=\"wp-caption alignnone\"><a href=\"https:\/\/i0.wp.com\/www.presstourism.ch\/WP_ALEX\/wp-content\/uploads\/2017\/03\/4_PlateauGrangesBeaute\u0301-Largeur-max.-1024-Hauteur-max.-768.jpg\"><img aria-describedby=\"caption-attachment-3518\" loading=\"lazy\" class=\"size-large wp-image-3518\" src=\"https:\/\/i2.wp.com\/www.presstourism.ch\/WP_ALEX\/wp-content\/uploads\/2017\/03\/4_PlateauGrangesBeaute\u0301-Largeur-max.-1024-Hauteur-max.-768-1024x682.jpg?resize=584%2C389\" alt=\"La nature r\u00e9serve par beau temps de belles images dans toute cette r\u00e9gion du Balcon du Jura.\" width=\"584\" height=\"389\" srcset=\"https:\/\/i2.wp.com\/www.presstourism.ch\/wp-content\/uploads\/2017\/03\/4_PlateauGrangesBeaute\u0301-Largeur-max.-1024-Hauteur-max.-768.jpg?w=1024 1024w, https:\/\/i2.wp.com\/www.presstourism.ch\/wp-content\/uploads\/2017\/03\/4_PlateauGrangesBeaute\u0301-Largeur-max.-1024-Hauteur-max.-768.jpg?resize=300%2C200 300w, https:\/\/i2.wp.com\/www.presstourism.ch\/wp-content\/uploads\/2017\/03\/4_PlateauGrangesBeaute\u0301-Largeur-max.-1024-Hauteur-max.-768.jpg?resize=768%2C512 768w, https:\/\/i2.wp.com\/www.presstourism.ch\/wp-content\/uploads\/2017\/03\/4_PlateauGrangesBeaute\u0301-Largeur-max.-1024-Hauteur-max.-768.jpg?resize=600%2C400 600w\" sizes=\"(max-width: 584px) 100vw, 584px\" data-recalc-dims=\"1\" \/><\/a><p id=\"caption-attachment-3518\" class=\"wp-caption-text\">La nature r\u00e9serve par beau temps de belles images dans toute cette r\u00e9gion du Balcon du Jura.<\/p><\/div>\n<p>Sans oublier le grand parcours raquettes balis\u00e9 depuis le Col des Etroits en direction de L\u2019Auberson, la Vraconnaz, Noirvaux-dessus et retour au Col des Etroits. Ce dernier a une longueur de 9&nbsp;km et il faut compter au moins 3 heures pour le r\u00e9aliser dans son ensemble, en contournant le village de La Chaux. Mais on peut bien entendu n&rsquo;en effectuer qu&rsquo;une partie.<\/p>\n<div id=\"attachment_3519\" style=\"width: 650px\" class=\"wp-caption alignnone\"><a href=\"https:\/\/i0.wp.com\/www.presstourism.ch\/WP_ALEX\/wp-content\/uploads\/2017\/03\/5_PlateauGrangesLaChaux-Largeur-max.-1024-Hauteur-max.-768.jpg\"><img aria-describedby=\"caption-attachment-3519\" loading=\"lazy\" class=\"size-large wp-image-3519\" src=\"https:\/\/i1.wp.com\/www.presstourism.ch\/WP_ALEX\/wp-content\/uploads\/2017\/03\/5_PlateauGrangesLaChaux-Largeur-max.-1024-Hauteur-max.-768-1024x682.jpg?resize=584%2C389\" alt=\"Suivant le parcours emprunt\u00e9, le village de La Chaux vous fera un petit clin d'oeil.\" width=\"584\" height=\"389\" srcset=\"https:\/\/i1.wp.com\/www.presstourism.ch\/wp-content\/uploads\/2017\/03\/5_PlateauGrangesLaChaux-Largeur-max.-1024-Hauteur-max.-768.jpg?w=1024 1024w, https:\/\/i1.wp.com\/www.presstourism.ch\/wp-content\/uploads\/2017\/03\/5_PlateauGrangesLaChaux-Largeur-max.-1024-Hauteur-max.-768.jpg?resize=300%2C200 300w, https:\/\/i1.wp.com\/www.presstourism.ch\/wp-content\/uploads\/2017\/03\/5_PlateauGrangesLaChaux-Largeur-max.-1024-Hauteur-max.-768.jpg?resize=768%2C512 768w, https:\/\/i1.wp.com\/www.presstourism.ch\/wp-content\/uploads\/2017\/03\/5_PlateauGrangesLaChaux-Largeur-max.-1024-Hauteur-max.-768.jpg?resize=600%2C400 600w\" sizes=\"(max-width: 584px) 100vw, 584px\" data-recalc-dims=\"1\" \/><\/a><p id=\"caption-attachment-3519\" class=\"wp-caption-text\">Suivant le parcours emprunt\u00e9, le village de La Chaux vous fera un petit clin d&rsquo;oeil.<\/p><\/div>\n<p>En France voisine, la station des Fourgs est \u00e9galement propice au ski de fond et autres randonn\u00e9es (raquettes et marches). Le ski alpin \u00e9galement, en particulier pour les enfants sur son petit t\u00e9l\u00e9ski qu&rsquo;on trouve \u00e0 gauche avant d&rsquo;arriver au village. Une chose est s\u00fbre, entre for\u00eats et p\u00e2turages, le plateau des Granges est un petit paradis pour les loisirs hivernaux.<\/p>\n<p><strong>Roger Juillerat<\/strong><\/p>\n<div id=\"attachment_3520\" style=\"width: 650px\" class=\"wp-caption alignnone\"><a href=\"https:\/\/i0.wp.com\/www.presstourism.ch\/WP_ALEX\/wp-content\/uploads\/2017\/03\/6_PlateauGrangesAuberson-Largeur-max.-1024-Hauteur-max.-768.jpg\"><img aria-describedby=\"caption-attachment-3520\" loading=\"lazy\" class=\"size-large wp-image-3520\" src=\"https:\/\/i1.wp.com\/www.presstourism.ch\/WP_ALEX\/wp-content\/uploads\/2017\/03\/6_PlateauGrangesAuberson-Largeur-max.-1024-Hauteur-max.-768-1024x682.jpg?resize=584%2C389\" alt=\"L'Auberson, commune de Sainte-Croix, le dernier village helv\u00e9tique avant la douane et la France.\" width=\"584\" height=\"389\" srcset=\"https:\/\/i2.wp.com\/www.presstourism.ch\/wp-content\/uploads\/2017\/03\/6_PlateauGrangesAuberson-Largeur-max.-1024-Hauteur-max.-768.jpg?w=1024 1024w, https:\/\/i2.wp.com\/www.presstourism.ch\/wp-content\/uploads\/2017\/03\/6_PlateauGrangesAuberson-Largeur-max.-1024-Hauteur-max.-768.jpg?resize=300%2C200 300w, https:\/\/i2.wp.com\/www.presstourism.ch\/wp-content\/uploads\/2017\/03\/6_PlateauGrangesAuberson-Largeur-max.-1024-Hauteur-max.-768.jpg?resize=768%2C512 768w, https:\/\/i2.wp.com\/www.presstourism.ch\/wp-content\/uploads\/2017\/03\/6_PlateauGrangesAuberson-Largeur-max.-1024-Hauteur-max.-768.jpg?resize=600%2C400 600w\" sizes=\"(max-width: 584px) 100vw, 584px\" data-recalc-dims=\"1\" \/><\/a><p id=\"caption-attachment-3520\" class=\"wp-caption-text\">L&rsquo;Auberson, commune de Sainte-Croix, le dernier village helv\u00e9tique avant la douane et la France.<\/p><\/div>\n<p>&nbsp;<\/p>\n<p><strong>Infos pratiques<\/strong><\/p>\n<p><strong>Se renseigner:<\/strong> sur le site de la soci\u00e9t\u00e9 de d\u00e9veloppement de L&rsquo;Auberson, <em>lauberson.ch<\/em> L\u2019Office du tourisme de Sainte-Croix &#8211; Les Rasses, rue Neuve 10, 024 455 41 42, propose des sorties \u00e0 th\u00e8me en hiver comme en \u00e9t\u00e9, <em>www.sainte-croix-les-rasses-tourisme.ch<\/em> En France voisine: <em>www.ski-jura.com<\/em>, <em>www.les-fourgs.com<\/em><\/p>\n<p><strong>Couettes et couverts: <\/strong>des plats originaux (gamelle du douanier, fondue du soldat, etc.) au restaurant de la Grand\u2019Borne, <em>www.lagrandborne.ch <\/em><\/p>\n<p>Un h\u00f4tel accueillant et une bonne cuisine \u00e0 l&rsquo;H\u00f4tel de France \u00e0 Sainte-Croix, <em>www.hotelfrance.ch<\/em> Possibilit\u00e9 de louer des raquettes chez Joseph Sports \u00e0 l\u2019Auberson.<\/p>\n<div id=\"attachment_3521\" style=\"width: 650px\" class=\"wp-caption alignnone\"><a href=\"https:\/\/i0.wp.com\/www.presstourism.ch\/WP_ALEX\/wp-content\/uploads\/2017\/03\/7_PlateauGrangesTrai\u0302neau-Largeur-max.-1024-Hauteur-max.-768.jpg\"><img aria-describedby=\"caption-attachment-3521\" loading=\"lazy\" class=\"size-large wp-image-3521\" src=\"https:\/\/i2.wp.com\/www.presstourism.ch\/WP_ALEX\/wp-content\/uploads\/2017\/03\/7_PlateauGrangesTrai\u0302neau-Largeur-max.-1024-Hauteur-max.-768-1024x682.jpg?resize=584%2C389\" alt=\"Un petit tour en tra\u00eeneau sur le Balcon du Jura, c'est vraiment gratifiant.\" width=\"584\" height=\"389\" srcset=\"https:\/\/i1.wp.com\/www.presstourism.ch\/wp-content\/uploads\/2017\/03\/7_PlateauGrangesTrai\u0302neau-Largeur-max.-1024-Hauteur-max.-768.jpg?w=1024 1024w, https:\/\/i1.wp.com\/www.presstourism.ch\/wp-content\/uploads\/2017\/03\/7_PlateauGrangesTrai\u0302neau-Largeur-max.-1024-Hauteur-max.-768.jpg?resize=300%2C200 300w, https:\/\/i1.wp.com\/www.presstourism.ch\/wp-content\/uploads\/2017\/03\/7_PlateauGrangesTrai\u0302neau-Largeur-max.-1024-Hauteur-max.-768.jpg?resize=768%2C512 768w, https:\/\/i1.wp.com\/www.presstourism.ch\/wp-content\/uploads\/2017\/03\/7_PlateauGrangesTrai\u0302neau-Largeur-max.-1024-Hauteur-max.-768.jpg?resize=600%2C400 600w\" sizes=\"(max-width: 584px) 100vw, 584px\" data-recalc-dims=\"1\" \/><\/a><p id=\"caption-attachment-3521\" class=\"wp-caption-text\">Un petit tour en tra\u00eeneau sur le Balcon du Jura, c&rsquo;est vraiment gratifiant.<\/p><\/div>\n<div id=\"attachment_3522\" style=\"width: 650px\" class=\"wp-caption alignnone\"><a href=\"https:\/\/i1.wp.com\/www.presstourism.ch\/WP_ALEX\/wp-content\/uploads\/2017\/03\/8_PlateauGranges-Largeur-max.-1024-Hauteur-max.-768.jpg\"><img aria-describedby=\"caption-attachment-3522\" loading=\"lazy\" class=\"size-large wp-image-3522\" src=\"https:\/\/i0.wp.com\/www.presstourism.ch\/WP_ALEX\/wp-content\/uploads\/2017\/03\/8_PlateauGranges-Largeur-max.-1024-Hauteur-max.-768-1024x682.jpg?resize=584%2C389\" alt=\"La r\u00e9gion offre de nombreuses possibilit\u00e9s pour les excursions.\" width=\"584\" height=\"389\" srcset=\"https:\/\/i2.wp.com\/www.presstourism.ch\/wp-content\/uploads\/2017\/03\/8_PlateauGranges-Largeur-max.-1024-Hauteur-max.-768.jpg?w=1024 1024w, https:\/\/i2.wp.com\/www.presstourism.ch\/wp-content\/uploads\/2017\/03\/8_PlateauGranges-Largeur-max.-1024-Hauteur-max.-768.jpg?resize=300%2C200 300w, https:\/\/i2.wp.com\/www.presstourism.ch\/wp-content\/uploads\/2017\/03\/8_PlateauGranges-Largeur-max.-1024-Hauteur-max.-768.jpg?resize=768%2C512 768w, https:\/\/i2.wp.com\/www.presstourism.ch\/wp-content\/uploads\/2017\/03\/8_PlateauGranges-Largeur-max.-1024-Hauteur-max.-768.jpg?resize=600%2C400 600w\" sizes=\"(max-width: 584px) 100vw, 584px\" data-recalc-dims=\"1\" \/><\/a><p id=\"caption-attachment-3522\" class=\"wp-caption-text\">La r\u00e9gion offre de nombreuses possibilit\u00e9s pour les excursions.<\/p><\/div>\n<p><a href=\"http:\/\/www.presstourism.ch\/wp-content\/uploads\/2017\/03\/nvt-Vendredi100217-w-LAubersonGranges2.pdf\">Lire l&rsquo;article publi\u00e9 dans le Nord Vaudois<\/a><\/p>\n<p>&nbsp;<\/p>\n","protected":false},"excerpt":{"rendered":"<p>PLATEAU DES GRANGES &#8211; La neige offre toujours de nombreuses possibilit\u00e9s d&rsquo;excursions depuis les Grangettes jusqu&rsquo;aux Fourgs. A ski de fond, en raquettes \u00e0 neige ou simplement \u00e0 pied dans cette belle contr\u00e9e sans fronti\u00e8re. En \u00e9t\u00e9 comme en hiver, &hellip; <a href=\"http:\/\/www.presstourism.ch\/?page_id=3516\">Continuer la lecture <span class=\"meta-nav\">&rarr;<\/span><\/a><\/p>\n","protected":false},"author":1,"featured_media":0,"parent":341,"menu_order":0,"comment_status":"closed","ping_status":"closed","template":"","meta":{"ngg_post_thumbnail":0,"spay_email":""},"jetpack_sharing_enabled":true,"jetpack_shortlink":"https:\/\/wp.me\/P468TV-UI","_links":{"self":[{"href":"http:\/\/www.presstourism.ch\/index.php?rest_route=\/wp\/v2\/pages\/3516"}],"collection":[{"href":"http:\/\/www.presstourism.ch\/index.php?rest_route=\/wp\/v2\/pages"}],"about":[{"href":"http:\/\/www.presstourism.ch\/index.php?rest_route=\/wp\/v2\/types\/page"}],"author":[{"embeddable":true,"href":"http:\/\/www.presstourism.ch\/index.php?rest_route=\/wp\/v2\/users\/1"}],"replies":[{"embeddable":true,"href":"http:\/\/www.presstourism.ch\/index.php?rest_route=%2Fwp%2Fv2%2Fcomments&post=3516"}],"version-history":[{"count":3,"href":"http:\/\/www.presstourism.ch\/index.php?rest_route=\/wp\/v2\/pages\/3516\/revisions"}],"predecessor-version":[{"id":9331,"href":"http:\/\/www.presstourism.ch\/index.php?rest_route=\/wp\/v2\/pages\/3516\/revisions\/9331"}],"up":[{"embeddable":true,"href":"http:\/\/www.presstourism.ch\/index.php?rest_route=\/wp\/v2\/pages\/341"}],"wp:attachment":[{"href":"http:\/\/www.presstourism.ch\/index.php?rest_route=%2Fwp%2Fv2%2Fmedia&parent=3516"}],"curies":[{"name":"wp","href":"https:\/\/api.w.org\/{rel}","templated":true}]}}