{"id":3491,"date":"2017-01-30T22:58:26","date_gmt":"2017-01-30T21:58:26","guid":{"rendered":"http:\/\/www.presstourism.ch\/WP_ALEX\/?page_id=3491"},"modified":"2024-04-11T11:01:52","modified_gmt":"2024-04-11T09:01:52","slug":"antsirabe-une-ville-thermale-ou-le-pousse-pousse-est-roi","status":"publish","type":"page","link":"http:\/\/www.presstourism.ch\/?page_id=3491","title":{"rendered":"Antsirabe, une ville thermale o\u00f9 le pousse-pousse est roi"},"content":{"rendered":"<div id=\"attachment_3492\" style=\"width: 650px\" class=\"wp-caption alignnone\"><a href=\"https:\/\/i0.wp.com\/www.presstourism.ch\/WP_ALEX\/wp-content\/uploads\/2017\/01\/1AntsirabePoussePousse-Largeur-max.-1024-Hauteur-max.-768.jpg\"><img aria-describedby=\"caption-attachment-3492\" loading=\"lazy\" class=\"size-large wp-image-3492\" src=\"https:\/\/i2.wp.com\/www.presstourism.ch\/WP_ALEX\/wp-content\/uploads\/2017\/01\/1AntsirabePoussePousse-Largeur-max.-1024-Hauteur-max.-768-1024x682.jpg?resize=584%2C389\" alt=\"Les pousse-pousse d'Antsirabe sont une attraction et bien pratiques pour visiter la ville.\" width=\"584\" height=\"389\" srcset=\"https:\/\/i2.wp.com\/www.presstourism.ch\/wp-content\/uploads\/2017\/01\/1AntsirabePoussePousse-Largeur-max.-1024-Hauteur-max.-768.jpg?w=1024 1024w, https:\/\/i2.wp.com\/www.presstourism.ch\/wp-content\/uploads\/2017\/01\/1AntsirabePoussePousse-Largeur-max.-1024-Hauteur-max.-768.jpg?resize=300%2C200 300w, https:\/\/i2.wp.com\/www.presstourism.ch\/wp-content\/uploads\/2017\/01\/1AntsirabePoussePousse-Largeur-max.-1024-Hauteur-max.-768.jpg?resize=768%2C512 768w, https:\/\/i2.wp.com\/www.presstourism.ch\/wp-content\/uploads\/2017\/01\/1AntsirabePoussePousse-Largeur-max.-1024-Hauteur-max.-768.jpg?resize=600%2C400 600w\" sizes=\"(max-width: 584px) 100vw, 584px\" data-recalc-dims=\"1\" \/><\/a><p id=\"caption-attachment-3492\" class=\"wp-caption-text\">Les pousse-pousse d&rsquo;Antsirabe sont une attraction et bien pratiques pour visiter la ville.<\/p><\/div>\n<p>MADAGASCAR &#8211; Ville d&rsquo;eau comme Yverdon-les-Bains, Antsirabe r\u00e9serve de belles surprises, ses environs aussi. On peut bien s\u00fbr la parcourir \u00e0 pied, mais ce serait faire offense \u00e0 ses taxis uniques au monde.<\/p>\n<div id=\"attachment_3498\" style=\"width: 650px\" class=\"wp-caption aligncenter\"><a href=\"https:\/\/i0.wp.com\/www.presstourism.ch\/WP_ALEX\/wp-content\/uploads\/2017\/01\/7AntsirabeGare-Largeur-max.-1024-Hauteur-max.-768.jpg\"><img aria-describedby=\"caption-attachment-3498\" loading=\"lazy\" class=\"wp-image-3498 size-large\" src=\"https:\/\/i0.wp.com\/www.presstourism.ch\/WP_ALEX\/wp-content\/uploads\/2017\/01\/7AntsirabeGare-Largeur-max.-1024-Hauteur-max.-768-1024x682.jpg?resize=584%2C389\" alt=\"La Gare et son architecture coloniale; elle ne sert plus qu'aux trains de marchandises.\" width=\"584\" height=\"389\" srcset=\"https:\/\/i1.wp.com\/www.presstourism.ch\/wp-content\/uploads\/2017\/01\/7AntsirabeGare-Largeur-max.-1024-Hauteur-max.-768.jpg?w=1024 1024w, https:\/\/i1.wp.com\/www.presstourism.ch\/wp-content\/uploads\/2017\/01\/7AntsirabeGare-Largeur-max.-1024-Hauteur-max.-768.jpg?resize=300%2C200 300w, https:\/\/i1.wp.com\/www.presstourism.ch\/wp-content\/uploads\/2017\/01\/7AntsirabeGare-Largeur-max.-1024-Hauteur-max.-768.jpg?resize=768%2C512 768w, https:\/\/i1.wp.com\/www.presstourism.ch\/wp-content\/uploads\/2017\/01\/7AntsirabeGare-Largeur-max.-1024-Hauteur-max.-768.jpg?resize=600%2C400 600w\" sizes=\"(max-width: 584px) 100vw, 584px\" data-recalc-dims=\"1\" \/><\/a><p id=\"caption-attachment-3498\" class=\"wp-caption-text\">La Gare et son architecture coloniale; elle ne sert plus qu&rsquo;aux trains de marchandises.<\/p><\/div>\n<p><strong>Texte et photos: Roger Juillerat<\/strong><\/p>\n<div id=\"attachment_3497\" style=\"width: 586px\" class=\"wp-caption aligncenter\"><a href=\"https:\/\/i1.wp.com\/www.presstourism.ch\/WP_ALEX\/wp-content\/uploads\/2017\/01\/6AntsirabeSt\u00e8le-Largeur-max.-1024-Hauteur-max.-768.jpg\"><img aria-describedby=\"caption-attachment-3497\" loading=\"lazy\" class=\"size-full wp-image-3497\" src=\"https:\/\/i1.wp.com\/www.presstourism.ch\/WP_ALEX\/wp-content\/uploads\/2017\/01\/6AntsirabeSt\u00e8le-Largeur-max.-1024-Hauteur-max.-768.jpg?resize=576%2C768\" alt=\"La st\u00e8le de l'ind\u00e9pendance avec l'inscription de toutes les ethnies.\" width=\"576\" height=\"768\" srcset=\"https:\/\/i0.wp.com\/www.presstourism.ch\/wp-content\/uploads\/2017\/01\/6AntsirabeSt\u00e8le-Largeur-max.-1024-Hauteur-max.-768.jpg?w=576 576w, https:\/\/i0.wp.com\/www.presstourism.ch\/wp-content\/uploads\/2017\/01\/6AntsirabeSt\u00e8le-Largeur-max.-1024-Hauteur-max.-768.jpg?resize=225%2C300 225w\" sizes=\"(max-width: 576px) 100vw, 576px\" data-recalc-dims=\"1\" \/><\/a><p id=\"caption-attachment-3497\" class=\"wp-caption-text\">La st\u00e8le de l&rsquo;ind\u00e9pendance avec l&rsquo;inscription de toutes les ethnies.<\/p><\/div>\n<p>Apr\u00e8s une riche excursion parmi les attraits du sud-ouest de l&rsquo;\u00eele <em>( du vendredi 13 janvier)<\/em>, nous faisons route cette semaine dans l&rsquo;accueillante ville d&rsquo;Antsirabe. C&rsquo;est la troisi\u00e8me du pays avec ses 260&nbsp;000 habitants et elle est situ\u00e9e \u00e0 170&nbsp;km de la capitale Antananarivo. On la surnomme la capitale des pousse-pousse, qui sont uniques au monde et un moyen de locomotion bien pratique pour la d\u00e9couvrir.<\/p>\n<div id=\"attachment_3493\" style=\"width: 650px\" class=\"wp-caption alignnone\"><a href=\"https:\/\/i2.wp.com\/www.presstourism.ch\/WP_ALEX\/wp-content\/uploads\/2017\/01\/2AntsirabeThermes1-Largeur-max.-1024-Hauteur-max.-768.jpg\"><img aria-describedby=\"caption-attachment-3493\" loading=\"lazy\" class=\"size-large wp-image-3493\" src=\"https:\/\/i1.wp.com\/www.presstourism.ch\/WP_ALEX\/wp-content\/uploads\/2017\/01\/2AntsirabeThermes1-Largeur-max.-1024-Hauteur-max.-768-1024x682.jpg?resize=584%2C389\" alt=\"L'h\u00f4tel des Thermes, patrimoine de l'\u00eele dans une r\u00e9gion riches en sources.\" width=\"584\" height=\"389\" srcset=\"https:\/\/i1.wp.com\/www.presstourism.ch\/wp-content\/uploads\/2017\/01\/2AntsirabeThermes1-Largeur-max.-1024-Hauteur-max.-768.jpg?w=1024 1024w, https:\/\/i1.wp.com\/www.presstourism.ch\/wp-content\/uploads\/2017\/01\/2AntsirabeThermes1-Largeur-max.-1024-Hauteur-max.-768.jpg?resize=300%2C200 300w, https:\/\/i1.wp.com\/www.presstourism.ch\/wp-content\/uploads\/2017\/01\/2AntsirabeThermes1-Largeur-max.-1024-Hauteur-max.-768.jpg?resize=768%2C512 768w, https:\/\/i1.wp.com\/www.presstourism.ch\/wp-content\/uploads\/2017\/01\/2AntsirabeThermes1-Largeur-max.-1024-Hauteur-max.-768.jpg?resize=600%2C400 600w\" sizes=\"(max-width: 584px) 100vw, 584px\" data-recalc-dims=\"1\" \/><\/a><p id=\"caption-attachment-3493\" class=\"wp-caption-text\">L&rsquo;h\u00f4tel des Thermes, patrimoine de l&rsquo;\u00eele dans une r\u00e9gion riches en sources.<\/p><\/div>\n<p>Antsirabe fait un effort tout particulier pour l&rsquo;accueil des touristes avec son animation culturelle et son parc h\u00f4telier. En t\u00eate de ce dernier et patrimoine national, l&rsquo;h\u00f4tel des Thermes, le plus vieux de Madagascar. Car \u00e0 l&rsquo;instar d&rsquo;Yverdon-les-Bains, Antsirabe est reconnue pour ses ressources en eau thermale. D\u00e9couverte en 1878 par un missionnaire norv\u00e9gien, la \u00ab\u00a0Grande Source\u00a0\u00bb a d&rsquo;ailleurs les m\u00eames propri\u00e9t\u00e9s que celle d&rsquo;Yverdon et le Centre thermal vaut bien entendu le d\u00e9tour pour des cures de remise en forme, des soins et des massages.<\/p>\n<p>Mais reprenons notre pousse-pousse pour rejoindre, entre autres, la gare et sa belle architecture coloniale, la st\u00e8le de l&rsquo;ind\u00e9pendance avec l&rsquo;inscription de tous les noms des ethnies malgaches et une jolie cath\u00e9drale catholique. Il ne faut pas manquer non plus le march\u00e9 de sabotsy (du samedi).<\/p>\n<p><strong>Un lac sacr\u00e9<\/strong><\/p>\n<div id=\"attachment_3495\" style=\"width: 522px\" class=\"wp-caption aligncenter\"><a href=\"https:\/\/i2.wp.com\/www.presstourism.ch\/WP_ALEX\/wp-content\/uploads\/2017\/01\/4AntsirabeLacSacr\u00e9-Largeur-max.-1024-Hauteur-max.-768.jpg\"><img aria-describedby=\"caption-attachment-3495\" loading=\"lazy\" class=\"size-full wp-image-3495\" src=\"https:\/\/i2.wp.com\/www.presstourism.ch\/WP_ALEX\/wp-content\/uploads\/2017\/01\/4AntsirabeLacSacr\u00e9-Largeur-max.-1024-Hauteur-max.-768.jpg?resize=512%2C768\" alt=\"Le lac sacr\u00e9 de Tritriva a une profondeur de 150 m\u00e8tres.\" width=\"512\" height=\"768\" srcset=\"https:\/\/i2.wp.com\/www.presstourism.ch\/wp-content\/uploads\/2017\/01\/4AntsirabeLacSacr\u00e9-Largeur-max.-1024-Hauteur-max.-768.jpg?w=512 512w, https:\/\/i2.wp.com\/www.presstourism.ch\/wp-content\/uploads\/2017\/01\/4AntsirabeLacSacr\u00e9-Largeur-max.-1024-Hauteur-max.-768.jpg?resize=200%2C300 200w\" sizes=\"(max-width: 512px) 100vw, 512px\" data-recalc-dims=\"1\" \/><\/a><p id=\"caption-attachment-3495\" class=\"wp-caption-text\">Le lac sacr\u00e9 de Tritriva a une profondeur de 150 m\u00e8tres.<\/p><\/div>\n<p>Dans les environs de la cit\u00e9 thermale, la visite de Betafo s&rsquo;impose avec le tombeau du roi Andriantomponitany (!), avant d&rsquo;aller admirer les chutes d&rsquo;Antafoto et le lac Tatamarina. Mais aussi et surtout celui de Tritriva, volcanique et consid\u00e9r\u00e9 comme un lac sacr\u00e9, d&rsquo;une profondeur de plus de 150 m\u00e8tres. Ses rives dessinent le contour de Madagascar et il renferme l&rsquo;histoire des Rabeniomby et Ravolahanta, les Rom\u00e9o et Juliette malagasy.<\/p>\n<div id=\"attachment_3494\" style=\"width: 650px\" class=\"wp-caption alignnone\"><a href=\"https:\/\/i1.wp.com\/www.presstourism.ch\/WP_ALEX\/wp-content\/uploads\/2017\/01\/3AntsirabeCentreThermal-Largeur-max.-1024-Hauteur-max.-768.jpg\"><img aria-describedby=\"caption-attachment-3494\" loading=\"lazy\" class=\"size-large wp-image-3494\" src=\"https:\/\/i0.wp.com\/www.presstourism.ch\/WP_ALEX\/wp-content\/uploads\/2017\/01\/3AntsirabeCentreThermal-Largeur-max.-1024-Hauteur-max.-768-1024x682.jpg?resize=584%2C389\" alt=\"Au Centre thermal, l'eau d'une source chaude \u00e0 33 degr\u00e9s qui a les m\u00eames propri\u00e9t\u00e9s que celle d'Yverdon-les-Bains. \" width=\"584\" height=\"389\" srcset=\"https:\/\/i0.wp.com\/www.presstourism.ch\/wp-content\/uploads\/2017\/01\/3AntsirabeCentreThermal-Largeur-max.-1024-Hauteur-max.-768.jpg?w=1024 1024w, https:\/\/i0.wp.com\/www.presstourism.ch\/wp-content\/uploads\/2017\/01\/3AntsirabeCentreThermal-Largeur-max.-1024-Hauteur-max.-768.jpg?resize=300%2C200 300w, https:\/\/i0.wp.com\/www.presstourism.ch\/wp-content\/uploads\/2017\/01\/3AntsirabeCentreThermal-Largeur-max.-1024-Hauteur-max.-768.jpg?resize=768%2C512 768w, https:\/\/i0.wp.com\/www.presstourism.ch\/wp-content\/uploads\/2017\/01\/3AntsirabeCentreThermal-Largeur-max.-1024-Hauteur-max.-768.jpg?resize=600%2C400 600w\" sizes=\"(max-width: 584px) 100vw, 584px\" data-recalc-dims=\"1\" \/><\/a><p id=\"caption-attachment-3494\" class=\"wp-caption-text\">Au Centre thermal, l&rsquo;eau d&rsquo;une source chaude \u00e0 33 degr\u00e9s qui a les m\u00eames propri\u00e9t\u00e9s que celle d&rsquo;Yverdon-les-Bains.<\/p><\/div>\n<p><strong>Infos pratiques<\/strong><\/p>\n<div id=\"attachment_3496\" style=\"width: 591px\" class=\"wp-caption aligncenter\"><a href=\"https:\/\/i1.wp.com\/www.presstourism.ch\/WP_ALEX\/wp-content\/uploads\/2017\/01\/5AntsirabeEnvirons-Largeur-max.-1024-Hauteur-max.-768.jpg\"><img aria-describedby=\"caption-attachment-3496\" loading=\"lazy\" class=\"size-full wp-image-3496\" src=\"https:\/\/i1.wp.com\/www.presstourism.ch\/WP_ALEX\/wp-content\/uploads\/2017\/01\/5AntsirabeEnvirons-Largeur-max.-1024-Hauteur-max.-768.jpg?resize=581%2C768\" alt=\"Des enfants souriants qui font face \u00e0 la pauvret\u00e9.\" width=\"581\" height=\"768\" srcset=\"https:\/\/i2.wp.com\/www.presstourism.ch\/wp-content\/uploads\/2017\/01\/5AntsirabeEnvirons-Largeur-max.-1024-Hauteur-max.-768.jpg?w=581 581w, https:\/\/i2.wp.com\/www.presstourism.ch\/wp-content\/uploads\/2017\/01\/5AntsirabeEnvirons-Largeur-max.-1024-Hauteur-max.-768.jpg?resize=227%2C300 227w\" sizes=\"(max-width: 581px) 100vw, 581px\" data-recalc-dims=\"1\" \/><\/a><p id=\"caption-attachment-3496\" class=\"wp-caption-text\">Des enfants souriants qui font face \u00e0 la pauvret\u00e9.<\/p><\/div>\n<p><strong>Y aller:<\/strong> depuis la capitale Antananarivo, on rejoint Antsirabe en prenant la route du sud. Sur le parcours, s&rsquo;arr\u00eater \u00e0 Behenjy pour go\u00fbter le foie gras malgache, et \u00e0 Anbatolampy, celui de la fabrique artisanale des marmites. Il y a aussi les artisans des petites voitures en bois, expos\u00e9es sur les bords de la route.<\/p>\n<p><strong>S&rsquo;informer:<\/strong> <a href=\"http:\/\/www.antsirabe-tourisme.com\">www.antsirabe-tourisme.com<\/a> pour tout savoir sur la cit\u00e9 thermale. Office du tourisme de Madagascar, <a href=\"http:\/\/www.madagascar-tourisme.com\">www.madagascar-tourisme.com<\/a> (e-mail: <a href=\"mailto:ontm@moov.mg\">ontm@moov.mg<\/a>). Sympa \u00e0 Antsirabe, la R\u00e9sidence des Hauts-Plateaux, le charme de ses chambres et son mus\u00e9e \u00ab\u00a0Jadis et Nagu\u00e8re\u00a0\u00bb, <a href=\"http:\/\/www.residence-sociale-antsirabe.mg\">www.residence-sociale-antsirabe.mg<\/a><\/p>\n<div id=\"attachment_3499\" style=\"width: 650px\" class=\"wp-caption alignnone\"><a href=\"https:\/\/i1.wp.com\/www.presstourism.ch\/WP_ALEX\/wp-content\/uploads\/2017\/01\/8AntsirabeR\u00e9gion-Largeur-max.-1024-Hauteur-max.-768.jpg\"><img aria-describedby=\"caption-attachment-3499\" loading=\"lazy\" class=\"size-large wp-image-3499\" src=\"https:\/\/i1.wp.com\/www.presstourism.ch\/WP_ALEX\/wp-content\/uploads\/2017\/01\/8AntsirabeR\u00e9gion-Largeur-max.-1024-Hauteur-max.-768-1024x682.jpg?resize=584%2C389\" alt=\"Des rizi\u00e8res \u00e0 perte de vue dans la r\u00e9gion d'Antsirabe en diection des trois lacs.\" width=\"584\" height=\"389\" srcset=\"https:\/\/i1.wp.com\/www.presstourism.ch\/wp-content\/uploads\/2017\/01\/8AntsirabeR\u00e9gion-Largeur-max.-1024-Hauteur-max.-768.jpg?w=1024 1024w, https:\/\/i1.wp.com\/www.presstourism.ch\/wp-content\/uploads\/2017\/01\/8AntsirabeR\u00e9gion-Largeur-max.-1024-Hauteur-max.-768.jpg?resize=300%2C200 300w, https:\/\/i1.wp.com\/www.presstourism.ch\/wp-content\/uploads\/2017\/01\/8AntsirabeR\u00e9gion-Largeur-max.-1024-Hauteur-max.-768.jpg?resize=768%2C512 768w, https:\/\/i1.wp.com\/www.presstourism.ch\/wp-content\/uploads\/2017\/01\/8AntsirabeR\u00e9gion-Largeur-max.-1024-Hauteur-max.-768.jpg?resize=600%2C400 600w\" sizes=\"(max-width: 584px) 100vw, 584px\" data-recalc-dims=\"1\" \/><\/a><p id=\"caption-attachment-3499\" class=\"wp-caption-text\">Des rizi\u00e8res \u00e0 perte de vue dans la r\u00e9gion d&rsquo;Antsirabe en diection des trois lacs.<\/p><\/div>\n<p><a href=\"http:\/\/www.presstourism.ch\/wp-content\/uploads\/2017\/01\/NVT_Vendredi270117_w-Madagascar23.pdf\">Lire ou t\u00e9l\u00e9charger l&rsquo;article de presse&#8230;<\/a><\/p>\n","protected":false},"excerpt":{"rendered":"<p>MADAGASCAR &#8211; Ville d&rsquo;eau comme Yverdon-les-Bains, Antsirabe r\u00e9serve de belles surprises, ses environs aussi. On peut bien s\u00fbr la parcourir \u00e0 pied, mais ce serait faire offense \u00e0 ses taxis uniques au monde. Texte et photos: Roger Juillerat Apr\u00e8s une &hellip; <a href=\"http:\/\/www.presstourism.ch\/?page_id=3491\">Continuer la lecture <span class=\"meta-nav\">&rarr;<\/span><\/a><\/p>\n","protected":false},"author":1,"featured_media":0,"parent":3469,"menu_order":0,"comment_status":"closed","ping_status":"closed","template":"","meta":{"ngg_post_thumbnail":0,"spay_email":""},"jetpack_sharing_enabled":true,"jetpack_shortlink":"https:\/\/wp.me\/P468TV-Uj","_links":{"self":[{"href":"http:\/\/www.presstourism.ch\/index.php?rest_route=\/wp\/v2\/pages\/3491"}],"collection":[{"href":"http:\/\/www.presstourism.ch\/index.php?rest_route=\/wp\/v2\/pages"}],"about":[{"href":"http:\/\/www.presstourism.ch\/index.php?rest_route=\/wp\/v2\/types\/page"}],"author":[{"embeddable":true,"href":"http:\/\/www.presstourism.ch\/index.php?rest_route=\/wp\/v2\/users\/1"}],"replies":[{"embeddable":true,"href":"http:\/\/www.presstourism.ch\/index.php?rest_route=%2Fwp%2Fv2%2Fcomments&post=3491"}],"version-history":[{"count":4,"href":"http:\/\/www.presstourism.ch\/index.php?rest_route=\/wp\/v2\/pages\/3491\/revisions"}],"predecessor-version":[{"id":9306,"href":"http:\/\/www.presstourism.ch\/index.php?rest_route=\/wp\/v2\/pages\/3491\/revisions\/9306"}],"up":[{"embeddable":true,"href":"http:\/\/www.presstourism.ch\/index.php?rest_route=\/wp\/v2\/pages\/3469"}],"wp:attachment":[{"href":"http:\/\/www.presstourism.ch\/index.php?rest_route=%2Fwp%2Fv2%2Fmedia&parent=3491"}],"curies":[{"name":"wp","href":"https:\/\/api.w.org\/{rel}","templated":true}]}}