{"id":348,"date":"2013-11-16T15:48:08","date_gmt":"2013-11-16T14:48:08","guid":{"rendered":"http:\/\/www.presstourism.ch\/WP_ALEX\/?page_id=348"},"modified":"2022-03-15T16:57:13","modified_gmt":"2022-03-15T15:57:13","slug":"tchequie","status":"publish","type":"page","link":"http:\/\/www.presstourism.ch\/?page_id=348","title":{"rendered":"Tch\u00e9quie"},"content":{"rendered":"<p><a> <img class=\"aligncenter\" style=\"display: block;\" title=\"Plan R\u00e9publique Tch\u00e8que : cliquez sur la carte R\u00e9publique Tch\u00e8que pour l'agrandir\" src=\"https:\/\/i0.wp.com\/www.routard.com\/images_contenu\/partir\/destination\/republique_tcheque\/carte\/reptcheque.gif?w=584\" alt=\"Plan R\u00e9publique Tch\u00e8que : cliquez sur la carte R\u00e9publique Tch\u00e8que pour l'agrandir\" border=\"0\" data-recalc-dims=\"1\"><\/a><\/p>\n<p><strong><a href=\"http:\/\/www.jepars.ch\/magazine\/?p=4002\">Boh\u00eame-Moravie, l\u2019autre face de la R\u00e9publique Tch\u00e8que \/ Erika Bodmer<\/a><\/strong><\/p>\n<div>\n<p><strong><a title=\"Lien permanent vers Carlsbad et Marienbad, les grandes villes thermales de la Tch\u00e9quie\" href=\"http:\/\/www.jepars.ch\/magazine\/?p=5790\" rel=\"bookmark\"> Carlsbad et Marienbad, les grandes villes thermales de la Tch\u00e9quie <\/a><\/strong><\/p>\n<p>Erika Bodmer \/ G\u00e9rard Blanc<\/p>\n<p>En d\u00e9barquant \u00e0 Marienbad, je m\u2019\u00e9tais imagin\u00e9 arriver dans le lieu o\u00f9 avait \u00e9t\u00e9 tourn\u00e9 le film d\u2019Alain Resnais l\u2019Ann\u00e9e derni\u00e8re \u00e0 Mariendbad. Ne m\u2019y retrouvant pas vraiment, j\u2019ai d\u00e9couvert par la suite que cette oeuvre avait \u00e9t\u00e9 film\u00e9e dans un ch\u00e2teau proche de Munich.<\/p>\n<p><img loading=\"lazy\" class=\"aligncenter\" title=\"Carlsbad et Marienbad, les grandes villes thermales de la Tch\u00e9quie\" src=\"https:\/\/i2.wp.com\/www.jepars.ch\/magazine\/wp-content\/uploads\/2011\/11\/MG_0187-455x299.jpg?resize=455%2C299\" alt=\"\" width=\"455\" height=\"299\"  data-recalc-dims=\"1\"><\/p>\n<\/div>\n","protected":false},"excerpt":{"rendered":"<p>Boh\u00eame-Moravie, l\u2019autre face de la R\u00e9publique Tch\u00e8que \/ Erika Bodmer Carlsbad et Marienbad, les grandes villes thermales de la Tch\u00e9quie Erika Bodmer \/ G\u00e9rard Blanc En d\u00e9barquant \u00e0 Marienbad, je m\u2019\u00e9tais imagin\u00e9 arriver dans le lieu o\u00f9 avait \u00e9t\u00e9 tourn\u00e9 &hellip; <a href=\"http:\/\/www.presstourism.ch\/?page_id=348\">Continuer la lecture <span class=\"meta-nav\">&rarr;<\/span><\/a><\/p>\n","protected":false},"author":1,"featured_media":0,"parent":2161,"menu_order":0,"comment_status":"open","ping_status":"open","template":"","meta":{"ngg_post_thumbnail":0,"spay_email":""},"jetpack_sharing_enabled":true,"jetpack_shortlink":"https:\/\/wp.me\/P468TV-5C","_links":{"self":[{"href":"http:\/\/www.presstourism.ch\/index.php?rest_route=\/wp\/v2\/pages\/348"}],"collection":[{"href":"http:\/\/www.presstourism.ch\/index.php?rest_route=\/wp\/v2\/pages"}],"about":[{"href":"http:\/\/www.presstourism.ch\/index.php?rest_route=\/wp\/v2\/types\/page"}],"author":[{"embeddable":true,"href":"http:\/\/www.presstourism.ch\/index.php?rest_route=\/wp\/v2\/users\/1"}],"replies":[{"embeddable":true,"href":"http:\/\/www.presstourism.ch\/index.php?rest_route=%2Fwp%2Fv2%2Fcomments&post=348"}],"version-history":[{"count":5,"href":"http:\/\/www.presstourism.ch\/index.php?rest_route=\/wp\/v2\/pages\/348\/revisions"}],"predecessor-version":[{"id":8329,"href":"http:\/\/www.presstourism.ch\/index.php?rest_route=\/wp\/v2\/pages\/348\/revisions\/8329"}],"up":[{"embeddable":true,"href":"http:\/\/www.presstourism.ch\/index.php?rest_route=\/wp\/v2\/pages\/2161"}],"wp:attachment":[{"href":"http:\/\/www.presstourism.ch\/index.php?rest_route=%2Fwp%2Fv2%2Fmedia&parent=348"}],"curies":[{"name":"wp","href":"https:\/\/api.w.org\/{rel}","templated":true}]}}