{"id":3452,"date":"2017-01-20T14:22:00","date_gmt":"2017-01-20T13:22:00","guid":{"rendered":"http:\/\/www.presstourism.ch\/WP_ALEX\/?page_id=3452"},"modified":"2017-01-20T14:27:49","modified_gmt":"2017-01-20T13:27:49","slug":"madagascar-paradis-vivant-et-explosion-de-couleurs","status":"publish","type":"page","link":"http:\/\/www.presstourism.ch\/?page_id=3452","title":{"rendered":"Madagascar: paradis vivant et explosion de couleurs"},"content":{"rendered":"<p><div id=\"attachment_3453\" style=\"width: 650px\" class=\"wp-caption alignnone\"><a href=\"https:\/\/i2.wp.com\/www.presstourism.ch\/WP_ALEX\/wp-content\/uploads\/2017\/01\/1FortDauphinVilleBaie-Largeur-max.-1024-Hauteur-max.-768.jpg\"><img aria-describedby=\"caption-attachment-3453\" loading=\"lazy\" class=\"wp-image-3453 size-large\" src=\"https:\/\/i2.wp.com\/www.presstourism.ch\/WP_ALEX\/wp-content\/uploads\/2017\/01\/1FortDauphinVilleBaie-Largeur-max.-1024-Hauteur-max.-768-1024x682.jpg?resize=584%2C389\" alt=\"1FortDauphinVilleBaie [Largeur max. 1024 Hauteur max. 768]\" width=\"584\" height=\"389\" srcset=\"https:\/\/i0.wp.com\/www.presstourism.ch\/wp-content\/uploads\/2017\/01\/1FortDauphinVilleBaie-Largeur-max.-1024-Hauteur-max.-768.jpg?w=1024 1024w, https:\/\/i0.wp.com\/www.presstourism.ch\/wp-content\/uploads\/2017\/01\/1FortDauphinVilleBaie-Largeur-max.-1024-Hauteur-max.-768.jpg?resize=300%2C200 300w, https:\/\/i0.wp.com\/www.presstourism.ch\/wp-content\/uploads\/2017\/01\/1FortDauphinVilleBaie-Largeur-max.-1024-Hauteur-max.-768.jpg?resize=768%2C512 768w, https:\/\/i0.wp.com\/www.presstourism.ch\/wp-content\/uploads\/2017\/01\/1FortDauphinVilleBaie-Largeur-max.-1024-Hauteur-max.-768.jpg?resize=600%2C400 600w\" sizes=\"(max-width: 584px) 100vw, 584px\" data-recalc-dims=\"1\" \/><\/a><p id=\"caption-attachment-3453\" class=\"wp-caption-text\">Au sud-est, Fort-Dauphin se trouve sur l&rsquo;une des plus belles c\u00f4tes et offre de super panoramas.<\/p><\/div>L&rsquo;\u00eele a repris son avenir touristique en mains et ne manque pas de fasciner sur ses hauts plateaux, le long de ses c\u00f4tes et dans ses sanctuaires naturels, o\u00f9 vivent les merveilles de la faune et de la flore.<\/p>\n<p><div id=\"attachment_3454\" style=\"width: 650px\" class=\"wp-caption alignnone\"><a href=\"https:\/\/i1.wp.com\/www.presstourism.ch\/WP_ALEX\/wp-content\/uploads\/2017\/01\/2B_L\u00e9muriensBerenty-FDauphin-Largeur-max.-1024-Hauteur-max.-768.jpg\"><img aria-describedby=\"caption-attachment-3454\" loading=\"lazy\" class=\"wp-image-3454 size-large\" src=\"https:\/\/i2.wp.com\/www.presstourism.ch\/WP_ALEX\/wp-content\/uploads\/2017\/01\/2B_L\u00e9muriensBerenty-FDauphin-Largeur-max.-1024-Hauteur-max.-768-1024x682.jpg?resize=584%2C389\" alt=\"2B_L\u00e9muriensBerenty FDauphin [Largeur max. 1024 Hauteur max. 768]\" width=\"584\" height=\"389\" srcset=\"https:\/\/i2.wp.com\/www.presstourism.ch\/wp-content\/uploads\/2017\/01\/2B_L\u00e9muriensBerenty-FDauphin-Largeur-max.-1024-Hauteur-max.-768.jpg?w=1024 1024w, https:\/\/i2.wp.com\/www.presstourism.ch\/wp-content\/uploads\/2017\/01\/2B_L\u00e9muriensBerenty-FDauphin-Largeur-max.-1024-Hauteur-max.-768.jpg?resize=300%2C200 300w, https:\/\/i2.wp.com\/www.presstourism.ch\/wp-content\/uploads\/2017\/01\/2B_L\u00e9muriensBerenty-FDauphin-Largeur-max.-1024-Hauteur-max.-768.jpg?resize=768%2C512 768w, https:\/\/i2.wp.com\/www.presstourism.ch\/wp-content\/uploads\/2017\/01\/2B_L\u00e9muriensBerenty-FDauphin-Largeur-max.-1024-Hauteur-max.-768.jpg?resize=600%2C400 600w\" sizes=\"(max-width: 584px) 100vw, 584px\" data-recalc-dims=\"1\" \/><\/a><p id=\"caption-attachment-3454\" class=\"wp-caption-text\">Les l\u00e9muriens, mammif\u00e8res f\u00e9tiches de l&rsquo;\u00eele, sont les vedettes de la r\u00e9serve de Berenty.<\/p><\/div>Alors que la Suisse a enfin retrouv\u00e9 un hiver presque digne de ce nom, un appel au voyage, pour ne pas dire une petite aventure \u00e0 Madagascar, a le don de vous redonner de l&rsquo;ardeur et du plaisir. Car l&rsquo;\u00eele Tr\u00e9sors, telle qu&rsquo;on la surnomme, a l&rsquo;art d&rsquo;\u00e9veiller nos d\u00e9sirs d&rsquo;inconnus et de d\u00e9couvertes, nos besoins d&rsquo;\u00e9vasion et de rencontres.<\/p>\n<p><div id=\"attachment_3455\" style=\"width: 650px\" class=\"wp-caption alignnone\"><a href=\"https:\/\/i1.wp.com\/www.presstourism.ch\/WP_ALEX\/wp-content\/uploads\/2017\/01\/10CrepusculeVinanibe-Largeur-max.-1024-Hauteur-max.-768.jpg\"><img aria-describedby=\"caption-attachment-3455\" loading=\"lazy\" class=\"wp-image-3455 size-large\" src=\"https:\/\/i2.wp.com\/www.presstourism.ch\/WP_ALEX\/wp-content\/uploads\/2017\/01\/10CrepusculeVinanibe-Largeur-max.-1024-Hauteur-max.-768-1024x682.jpg?resize=584%2C389\" alt=\"10CrepusculeVinanibe [Largeur max. 1024 Hauteur max. 768]\" width=\"584\" height=\"389\" srcset=\"https:\/\/i2.wp.com\/www.presstourism.ch\/wp-content\/uploads\/2017\/01\/10CrepusculeVinanibe-Largeur-max.-1024-Hauteur-max.-768.jpg?w=1024 1024w, https:\/\/i2.wp.com\/www.presstourism.ch\/wp-content\/uploads\/2017\/01\/10CrepusculeVinanibe-Largeur-max.-1024-Hauteur-max.-768.jpg?resize=300%2C200 300w, https:\/\/i2.wp.com\/www.presstourism.ch\/wp-content\/uploads\/2017\/01\/10CrepusculeVinanibe-Largeur-max.-1024-Hauteur-max.-768.jpg?resize=768%2C512 768w, https:\/\/i2.wp.com\/www.presstourism.ch\/wp-content\/uploads\/2017\/01\/10CrepusculeVinanibe-Largeur-max.-1024-Hauteur-max.-768.jpg?resize=600%2C400 600w\" sizes=\"(max-width: 584px) 100vw, 584px\" data-recalc-dims=\"1\" \/><\/a><p id=\"caption-attachment-3455\" class=\"wp-caption-text\">Dans la lagune de la plage de Vinanibe alors que le soleil vient de se coucher.<\/p><\/div>G\u00e9ographiquement, l&rsquo;\u00eele se trouve au sud-est de l&rsquo;Afrique, dans l&rsquo;Oc\u00e9an indien. Elle a une distance de 1600 km du nord au sud et compte 4800 km de c\u00f4tes. Ecrin magique, c&rsquo;est une explosion de couleurs, de formes et de sons que l&rsquo;on ne croise nulle part ailleurs, et elle laisse sans doute \u00e0 tous ses visiteurs une trace qui ne s&rsquo;effacera jamais.<\/p>\n<p><div id=\"attachment_3456\" style=\"width: 650px\" class=\"wp-caption alignnone\"><a href=\"https:\/\/i2.wp.com\/www.presstourism.ch\/WP_ALEX\/wp-content\/uploads\/2017\/01\/9FortDauphinP\u00eacheur-Largeur-max.-1024-Hauteur-max.-768.jpg\"><img aria-describedby=\"caption-attachment-3456\" loading=\"lazy\" class=\"wp-image-3456 size-large\" src=\"https:\/\/i0.wp.com\/www.presstourism.ch\/WP_ALEX\/wp-content\/uploads\/2017\/01\/9FortDauphinP\u00eacheur-Largeur-max.-1024-Hauteur-max.-768-1024x682.jpg?resize=584%2C389\" alt=\"9FortDauphinP\u00eacheur [Largeur max. 1024 Hauteur max. 768]\" width=\"584\" height=\"389\" srcset=\"https:\/\/i1.wp.com\/www.presstourism.ch\/wp-content\/uploads\/2017\/01\/9FortDauphinP\u00eacheur-Largeur-max.-1024-Hauteur-max.-768.jpg?w=1024 1024w, https:\/\/i1.wp.com\/www.presstourism.ch\/wp-content\/uploads\/2017\/01\/9FortDauphinP\u00eacheur-Largeur-max.-1024-Hauteur-max.-768.jpg?resize=300%2C200 300w, https:\/\/i1.wp.com\/www.presstourism.ch\/wp-content\/uploads\/2017\/01\/9FortDauphinP\u00eacheur-Largeur-max.-1024-Hauteur-max.-768.jpg?resize=768%2C512 768w, https:\/\/i1.wp.com\/www.presstourism.ch\/wp-content\/uploads\/2017\/01\/9FortDauphinP\u00eacheur-Largeur-max.-1024-Hauteur-max.-768.jpg?resize=600%2C400 600w\" sizes=\"(max-width: 584px) 100vw, 584px\" data-recalc-dims=\"1\" \/><\/a><p id=\"caption-attachment-3456\" class=\"wp-caption-text\">Le retour de la p\u00eache pour un habitant d&rsquo;un des villages autour de Fort Dauphin.<\/p><\/div>La zone du sud-est de Madagascar, soit Fort-Dauphin et ses alentours, compte parmi les r\u00e9gions les plus diversifi\u00e9es entre ses paysages \u00e0 la fois verdoyants, d\u00e9sertiques et montagneux. La ville est blottie sur un bout de littoral \u00e9troit, bord\u00e9 d&rsquo;un c\u00f4t\u00e9 par une v\u00e9g\u00e9tation luxuriante et de l&rsquo;autre par des baies et des plages \u00e0 l&rsquo;infini. Avec ses rouleaux, la mer y est une ar\u00e8ne renomm\u00e9e pour les kitesurfers et les adeptes d&rsquo;autres sports et loisirs aquatiques.<\/p>\n<p><div id=\"attachment_3461\" style=\"width: 522px\" class=\"wp-caption aligncenter\"><a href=\"https:\/\/i2.wp.com\/www.presstourism.ch\/WP_ALEX\/wp-content\/uploads\/2017\/01\/4BerentyBaobab-Largeur-max.-1024-Hauteur-max.-768.jpg\"><img aria-describedby=\"caption-attachment-3461\" loading=\"lazy\" class=\"wp-image-3461 size-full\" src=\"https:\/\/i2.wp.com\/www.presstourism.ch\/WP_ALEX\/wp-content\/uploads\/2017\/01\/4BerentyBaobab-Largeur-max.-1024-Hauteur-max.-768.jpg?resize=512%2C768\" alt=\"4BerentyBaobab [Largeur max. 1024 Hauteur max. 768]\" width=\"512\" height=\"768\" srcset=\"https:\/\/i2.wp.com\/www.presstourism.ch\/wp-content\/uploads\/2017\/01\/4BerentyBaobab-Largeur-max.-1024-Hauteur-max.-768.jpg?w=512 512w, https:\/\/i2.wp.com\/www.presstourism.ch\/wp-content\/uploads\/2017\/01\/4BerentyBaobab-Largeur-max.-1024-Hauteur-max.-768.jpg?resize=200%2C300 200w\" sizes=\"(max-width: 512px) 100vw, 512px\" data-recalc-dims=\"1\" \/><\/a><p id=\"caption-attachment-3461\" class=\"wp-caption-text\">Le baobab, arbre embl\u00e9matique de Madagascar.<\/p><\/div>Mais le sud a une autre corde \u00e0 son arc avec son sanctuaire de Berenty pour les l\u00e9muriens, ces mammif\u00e8res embl\u00e9matiques de l&rsquo;\u00eele. Vous les d\u00e9couvrirez un peu partout dans la for\u00eat, qu&rsquo;il faut parcourir avec un guide. On y trouve aussi une multitude de reptiles, des plus petits au plus grands, des tortues sympas, une diversit\u00e9 de chauves-souris propres \u00e0 la r\u00e9gion, plusieurs esp\u00e8ces d&rsquo;oiseaux aux mille couleurs, y compris des hiboux qui vont se cacher dans l&rsquo;\u00e9corce des arbres. Car si le peuple malgache est accueillant, sa faune et sa flore sont d&rsquo;une richesse inou\u00efe.<\/p>\n<p><strong>Textes et photos: Roger Juillerat<\/strong><\/p>\n<p><a href=\"http:\/\/www.presstourism.ch\/WP_ALEX\/wp-content\/uploads\/2017\/01\/NVT_Vendredi130117_w-Madagascar13.pdf\">Lire ou t\u00e9l\u00e9charger l&rsquo;article original&#8230;<\/a><\/p>\n<div id=\"attachment_3458\" style=\"width: 650px\" class=\"wp-caption alignnone\"><a href=\"https:\/\/i1.wp.com\/www.presstourism.ch\/WP_ALEX\/wp-content\/uploads\/2017\/01\/8FortDauphinZ\u00e9bus-Largeur-max.-1024-Hauteur-max.-768.jpg\"><img aria-describedby=\"caption-attachment-3458\" loading=\"lazy\" class=\"wp-image-3458 size-large\" src=\"https:\/\/i0.wp.com\/www.presstourism.ch\/WP_ALEX\/wp-content\/uploads\/2017\/01\/8FortDauphinZ\u00e9bus-Largeur-max.-1024-Hauteur-max.-768-1024x682.jpg?resize=584%2C389\" alt=\"8FortDauphinZ\u00e9bus [Largeur max. 1024 Hauteur max. 768]\" width=\"584\" height=\"389\" srcset=\"https:\/\/i0.wp.com\/www.presstourism.ch\/wp-content\/uploads\/2017\/01\/8FortDauphinZ\u00e9bus-Largeur-max.-1024-Hauteur-max.-768.jpg?w=1024 1024w, https:\/\/i0.wp.com\/www.presstourism.ch\/wp-content\/uploads\/2017\/01\/8FortDauphinZ\u00e9bus-Largeur-max.-1024-Hauteur-max.-768.jpg?resize=300%2C200 300w, https:\/\/i0.wp.com\/www.presstourism.ch\/wp-content\/uploads\/2017\/01\/8FortDauphinZ\u00e9bus-Largeur-max.-1024-Hauteur-max.-768.jpg?resize=768%2C512 768w, https:\/\/i0.wp.com\/www.presstourism.ch\/wp-content\/uploads\/2017\/01\/8FortDauphinZ\u00e9bus-Largeur-max.-1024-Hauteur-max.-768.jpg?resize=600%2C400 600w\" sizes=\"(max-width: 584px) 100vw, 584px\" data-recalc-dims=\"1\" \/><\/a><p id=\"caption-attachment-3458\" class=\"wp-caption-text\">Un jeune berger et un petit troupeau de z\u00e9bus. Les enfants gardent souvent les b\u00eates des \u00e9leveurs des environs.<\/p><\/div>\n<hr \/>\n<p><strong>Infos pratiques<\/strong><\/p>\n<p><strong>Y aller:<\/strong> le plus court, c&rsquo;est de rejoindre l&rsquo;a\u00e9roport Charles-de-Gaulle, \u00e0 Paris, depuis Cointrin, et prendre le vol direct pour Tananarive avec Air Madagascar ou Air-France (10 heures d&rsquo;avion). Sur les routes, qui sont en g\u00e9n\u00e9ral en mauvais \u00e9tat, le v\u00e9hicule 4&#215;4 s&rsquo;impose.<\/p>\n<p><strong>S&rsquo;informer:<\/strong> \u00e0 l&rsquo;Office du tourisme de Madagascar, <a href=\"http:\/\/www.madagascar-tourisme.com\">www.madagascar-tourisme.com<\/a> , e-mail: ontm@moov.mg, avec les possibilit\u00e9s de s\u00e9jours et de d\u00e9placements, ainsi que la mise \u00e0 disposition d&rsquo;un guide. Pour tout savoir sur Fort-Dauphin et la r\u00e9serve de Berenty: <a href=\"http:\/\/www.fort-dauphin.org\">www.fort-dauphin.org <\/a>et <a href=\"http:\/\/www.madagascar-resorts.com\">www.madagascar-resorts.com<\/a><\/p>\n<p><a href=\"https:\/\/i0.wp.com\/www.presstourism.ch\/WP_ALEX\/wp-content\/uploads\/2017\/01\/2A_L\u00e9muriensFDauphin-Berenty-Largeur-max.-1024-Hauteur-max.-768.jpg\"><img loading=\"lazy\" class=\"size-full wp-image-3459 aligncenter\" src=\"https:\/\/i0.wp.com\/www.presstourism.ch\/WP_ALEX\/wp-content\/uploads\/2017\/01\/2A_L\u00e9muriensFDauphin-Berenty-Largeur-max.-1024-Hauteur-max.-768.jpg?resize=512%2C768\" alt=\"2A_L\u00e9muriensFDauphin Berenty [Largeur max. 1024 Hauteur max. 768]\" width=\"512\" height=\"768\" srcset=\"https:\/\/i1.wp.com\/www.presstourism.ch\/wp-content\/uploads\/2017\/01\/2A_L\u00e9muriensFDauphin-Berenty-Largeur-max.-1024-Hauteur-max.-768.jpg?w=512 512w, https:\/\/i1.wp.com\/www.presstourism.ch\/wp-content\/uploads\/2017\/01\/2A_L\u00e9muriensFDauphin-Berenty-Largeur-max.-1024-Hauteur-max.-768.jpg?resize=200%2C300 200w\" sizes=\"(max-width: 512px) 100vw, 512px\" data-recalc-dims=\"1\" \/><\/a><\/p>\n<div id=\"attachment_3460\" style=\"width: 650px\" class=\"wp-caption alignnone\"><a href=\"https:\/\/i0.wp.com\/www.presstourism.ch\/WP_ALEX\/wp-content\/uploads\/2017\/01\/3FortDauphinLitchi-Largeur-max.-1024-Hauteur-max.-768.jpg\"><img aria-describedby=\"caption-attachment-3460\" loading=\"lazy\" class=\"wp-image-3460 size-large\" src=\"https:\/\/i1.wp.com\/www.presstourism.ch\/WP_ALEX\/wp-content\/uploads\/2017\/01\/3FortDauphinLitchi-Largeur-max.-1024-Hauteur-max.-768-1024x682.jpg?resize=584%2C389\" alt=\"3FortDauphinLitchi [Largeur max. 1024 Hauteur max. 768]\" width=\"584\" height=\"389\" srcset=\"https:\/\/i2.wp.com\/www.presstourism.ch\/wp-content\/uploads\/2017\/01\/3FortDauphinLitchi-Largeur-max.-1024-Hauteur-max.-768.jpg?w=1024 1024w, https:\/\/i2.wp.com\/www.presstourism.ch\/wp-content\/uploads\/2017\/01\/3FortDauphinLitchi-Largeur-max.-1024-Hauteur-max.-768.jpg?resize=300%2C200 300w, https:\/\/i2.wp.com\/www.presstourism.ch\/wp-content\/uploads\/2017\/01\/3FortDauphinLitchi-Largeur-max.-1024-Hauteur-max.-768.jpg?resize=768%2C512 768w, https:\/\/i2.wp.com\/www.presstourism.ch\/wp-content\/uploads\/2017\/01\/3FortDauphinLitchi-Largeur-max.-1024-Hauteur-max.-768.jpg?resize=600%2C400 600w\" sizes=\"(max-width: 584px) 100vw, 584px\" data-recalc-dims=\"1\" \/><\/a><p id=\"caption-attachment-3460\" class=\"wp-caption-text\">Au temps de la cueillette des litchis, qui sont vendus sur les bords des routes.<\/p><\/div>\n<p><div id=\"attachment_3462\" style=\"width: 650px\" class=\"wp-caption alignnone\"><a href=\"https:\/\/i2.wp.com\/www.presstourism.ch\/WP_ALEX\/wp-content\/uploads\/2017\/01\/5FordDauphinEnfantsP\u00eache-Largeur-max.-1024-Hauteur-max.-768.jpg\"><img aria-describedby=\"caption-attachment-3462\" loading=\"lazy\" class=\"wp-image-3462 size-large\" src=\"https:\/\/i0.wp.com\/www.presstourism.ch\/WP_ALEX\/wp-content\/uploads\/2017\/01\/5FordDauphinEnfantsP\u00eache-Largeur-max.-1024-Hauteur-max.-768-1024x682.jpg?resize=584%2C389\" alt=\"5FordDauphinEnfantsP\u00eache [Largeur max. 1024 Hauteur max. 768]\" width=\"584\" height=\"389\" srcset=\"https:\/\/i1.wp.com\/www.presstourism.ch\/wp-content\/uploads\/2017\/01\/5FordDauphinEnfantsP\u00eache-Largeur-max.-1024-Hauteur-max.-768.jpg?w=1024 1024w, https:\/\/i1.wp.com\/www.presstourism.ch\/wp-content\/uploads\/2017\/01\/5FordDauphinEnfantsP\u00eache-Largeur-max.-1024-Hauteur-max.-768.jpg?resize=300%2C200 300w, https:\/\/i1.wp.com\/www.presstourism.ch\/wp-content\/uploads\/2017\/01\/5FordDauphinEnfantsP\u00eache-Largeur-max.-1024-Hauteur-max.-768.jpg?resize=768%2C512 768w, https:\/\/i1.wp.com\/www.presstourism.ch\/wp-content\/uploads\/2017\/01\/5FordDauphinEnfantsP\u00eache-Largeur-max.-1024-Hauteur-max.-768.jpg?resize=600%2C400 600w\" sizes=\"(max-width: 584px) 100vw, 584px\" data-recalc-dims=\"1\" \/><\/a><p id=\"caption-attachment-3462\" class=\"wp-caption-text\">Des enfants \u00e0 la p\u00eache dans les ruisseaux des environs de la ville&#8230;<\/p><\/div><div id=\"attachment_3463\" style=\"width: 650px\" class=\"wp-caption alignnone\"><a href=\"https:\/\/i0.wp.com\/www.presstourism.ch\/WP_ALEX\/wp-content\/uploads\/2017\/01\/6FortDauphinEnfants-Largeur-max.-1024-Hauteur-max.-768.jpg\"><img aria-describedby=\"caption-attachment-3463\" loading=\"lazy\" class=\"wp-image-3463 size-large\" src=\"https:\/\/i0.wp.com\/www.presstourism.ch\/WP_ALEX\/wp-content\/uploads\/2017\/01\/6FortDauphinEnfants-Largeur-max.-1024-Hauteur-max.-768-1024x682.jpg?resize=584%2C389\" alt=\"6FortDauphinEnfants [Largeur max. 1024 Hauteur max. 768]\" width=\"584\" height=\"389\" srcset=\"https:\/\/i0.wp.com\/www.presstourism.ch\/wp-content\/uploads\/2017\/01\/6FortDauphinEnfants-Largeur-max.-1024-Hauteur-max.-768.jpg?w=1024 1024w, https:\/\/i0.wp.com\/www.presstourism.ch\/wp-content\/uploads\/2017\/01\/6FortDauphinEnfants-Largeur-max.-1024-Hauteur-max.-768.jpg?resize=300%2C200 300w, https:\/\/i0.wp.com\/www.presstourism.ch\/wp-content\/uploads\/2017\/01\/6FortDauphinEnfants-Largeur-max.-1024-Hauteur-max.-768.jpg?resize=768%2C512 768w, https:\/\/i0.wp.com\/www.presstourism.ch\/wp-content\/uploads\/2017\/01\/6FortDauphinEnfants-Largeur-max.-1024-Hauteur-max.-768.jpg?resize=600%2C400 600w\" sizes=\"(max-width: 584px) 100vw, 584px\" data-recalc-dims=\"1\" \/><\/a><p id=\"caption-attachment-3463\" class=\"wp-caption-text\">&#8230; ou sur les routes pour vous vendre quelques mangues&#8230;<\/p><\/div><div id=\"attachment_3457\" style=\"width: 650px\" class=\"wp-caption alignnone\"><a href=\"https:\/\/i2.wp.com\/www.presstourism.ch\/WP_ALEX\/wp-content\/uploads\/2017\/01\/7FortDauphinEnfants-Largeur-max.-1024-Hauteur-max.-768.jpg\"><img aria-describedby=\"caption-attachment-3457\" loading=\"lazy\" class=\"wp-image-3457 size-large\" src=\"https:\/\/i2.wp.com\/www.presstourism.ch\/WP_ALEX\/wp-content\/uploads\/2017\/01\/7FortDauphinEnfants-Largeur-max.-1024-Hauteur-max.-768-1024x682.jpg?resize=584%2C389\" alt=\"7FortDauphinEnfants [Largeur max. 1024 Hauteur max. 768]\" width=\"584\" height=\"389\" srcset=\"https:\/\/i0.wp.com\/www.presstourism.ch\/wp-content\/uploads\/2017\/01\/7FortDauphinEnfants-Largeur-max.-1024-Hauteur-max.-768.jpg?w=1024 1024w, https:\/\/i0.wp.com\/www.presstourism.ch\/wp-content\/uploads\/2017\/01\/7FortDauphinEnfants-Largeur-max.-1024-Hauteur-max.-768.jpg?resize=300%2C200 300w, https:\/\/i0.wp.com\/www.presstourism.ch\/wp-content\/uploads\/2017\/01\/7FortDauphinEnfants-Largeur-max.-1024-Hauteur-max.-768.jpg?resize=768%2C512 768w, https:\/\/i0.wp.com\/www.presstourism.ch\/wp-content\/uploads\/2017\/01\/7FortDauphinEnfants-Largeur-max.-1024-Hauteur-max.-768.jpg?resize=600%2C400 600w\" sizes=\"(max-width: 584px) 100vw, 584px\" data-recalc-dims=\"1\" \/><\/a><p id=\"caption-attachment-3457\" class=\"wp-caption-text\">&#8230; ou encore heureux et souriants \u00e0 votre passage.<\/p><\/div>&nbsp;<\/p>\n","protected":false},"excerpt":{"rendered":"<p>L&rsquo;\u00eele a repris son avenir touristique en mains et ne manque pas de fasciner sur ses hauts plateaux, le long de ses c\u00f4tes et dans ses sanctuaires naturels, o\u00f9 vivent les merveilles de la faune et de la flore. Alors &hellip; <a href=\"http:\/\/www.presstourism.ch\/?page_id=3452\">Continuer la lecture <span class=\"meta-nav\">&rarr;<\/span><\/a><\/p>\n","protected":false},"author":1,"featured_media":0,"parent":3469,"menu_order":0,"comment_status":"closed","ping_status":"closed","template":"","meta":{"ngg_post_thumbnail":0,"spay_email":""},"jetpack_sharing_enabled":true,"jetpack_shortlink":"https:\/\/wp.me\/P468TV-TG","_links":{"self":[{"href":"http:\/\/www.presstourism.ch\/index.php?rest_route=\/wp\/v2\/pages\/3452"}],"collection":[{"href":"http:\/\/www.presstourism.ch\/index.php?rest_route=\/wp\/v2\/pages"}],"about":[{"href":"http:\/\/www.presstourism.ch\/index.php?rest_route=\/wp\/v2\/types\/page"}],"author":[{"embeddable":true,"href":"http:\/\/www.presstourism.ch\/index.php?rest_route=\/wp\/v2\/users\/1"}],"replies":[{"embeddable":true,"href":"http:\/\/www.presstourism.ch\/index.php?rest_route=%2Fwp%2Fv2%2Fcomments&post=3452"}],"version-history":[{"count":1,"href":"http:\/\/www.presstourism.ch\/index.php?rest_route=\/wp\/v2\/pages\/3452\/revisions"}],"predecessor-version":[{"id":3466,"href":"http:\/\/www.presstourism.ch\/index.php?rest_route=\/wp\/v2\/pages\/3452\/revisions\/3466"}],"up":[{"embeddable":true,"href":"http:\/\/www.presstourism.ch\/index.php?rest_route=\/wp\/v2\/pages\/3469"}],"wp:attachment":[{"href":"http:\/\/www.presstourism.ch\/index.php?rest_route=%2Fwp%2Fv2%2Fmedia&parent=3452"}],"curies":[{"name":"wp","href":"https:\/\/api.w.org\/{rel}","templated":true}]}}