{"id":3439,"date":"2016-12-19T10:37:08","date_gmt":"2016-12-19T09:37:08","guid":{"rendered":"http:\/\/www.presstourism.ch\/WP_ALEX\/?page_id=3439"},"modified":"2016-12-19T10:38:20","modified_gmt":"2016-12-19T09:38:20","slug":"au-royaume-du-pere-noel","status":"publish","type":"page","link":"http:\/\/www.presstourism.ch\/?page_id=3439","title":{"rendered":"Au royaume du P\u00e8re No\u00ebl"},"content":{"rendered":"<div id=\"attachment_3442\" style=\"width: 650px\" class=\"wp-caption alignnone\"><a href=\"https:\/\/i2.wp.com\/www.presstourism.ch\/WP_ALEX\/wp-content\/uploads\/2016\/12\/Finlande.3-Largeur-max.-1024-Hauteur-max.-768.jpg\"><img aria-describedby=\"caption-attachment-3442\" loading=\"lazy\" class=\"size-large wp-image-3442\" src=\"https:\/\/i2.wp.com\/www.presstourism.ch\/WP_ALEX\/wp-content\/uploads\/2016\/12\/Finlande.3-Largeur-max.-1024-Hauteur-max.-768-1024x682.jpg?resize=584%2C389\" alt=\"Un monde de carte postale, gel\u00e9 et enneig\u00e9, voici la Finlande en cette saison. photo dw\" width=\"584\" height=\"389\" srcset=\"https:\/\/i2.wp.com\/www.presstourism.ch\/wp-content\/uploads\/2016\/12\/Finlande.3-Largeur-max.-1024-Hauteur-max.-768.jpg?w=1024 1024w, https:\/\/i2.wp.com\/www.presstourism.ch\/wp-content\/uploads\/2016\/12\/Finlande.3-Largeur-max.-1024-Hauteur-max.-768.jpg?resize=300%2C200 300w, https:\/\/i2.wp.com\/www.presstourism.ch\/wp-content\/uploads\/2016\/12\/Finlande.3-Largeur-max.-1024-Hauteur-max.-768.jpg?resize=768%2C512 768w, https:\/\/i2.wp.com\/www.presstourism.ch\/wp-content\/uploads\/2016\/12\/Finlande.3-Largeur-max.-1024-Hauteur-max.-768.jpg?resize=600%2C400 600w\" sizes=\"(max-width: 584px) 100vw, 584px\" data-recalc-dims=\"1\" \/><\/a><p id=\"caption-attachment-3442\" class=\"wp-caption-text\">Un monde de carte postale, gel\u00e9 et enneig\u00e9, voici la Finlande en cette saison. photo dw<\/p><\/div>\n<p><strong>Nature brute et pr\u00e9serv\u00e9e. C\u2019est ainsi que se pr\u00e9sente la Laponie finlandaise. Une sorte de carte postale tout ce qu\u2019il y a de plus r\u00e9elle. C\u2019est l\u00e0-bas, \u00e0 Rovaniemi pr\u00e9cis\u00e9ment, que le \u00abvrai\u00bb P\u00e8re No\u00ebl a pos\u00e9 son tra\u00eeneau. Reportage.<\/strong><\/p>\n<p>Des \u00e9tendues de neige immacul\u00e9e \u00e0 perte de vue. Une temp\u00e9rature de -10 degr\u00e9s Celsius la journ\u00e9e (qui peut d\u00e9j\u00e0 fr\u00f4ler les -20 la nuit). L\u2019arriv\u00e9e en Finlande, en ce d\u00e9but de saison \u00abfroide\u00bb, est telle qu\u2019imagin\u00e9e: elle ressemble en tous points \u00e0 nos hivers en plaine de jadis, o\u00f9 l\u2019or blanc restait plusieurs semaines. Les enfants en profitaient pour confectionner, entre autres joyeuset\u00e9s, des bonshommes, qui ne fondaient pas sous le coup d\u2019un r\u00e9chauffement subit!<\/p>\n<p>Nous venons d\u2019atterrir \u00e0 Rovaniemi, capitale de la Laponie finlandaise et, surtout, connue dans le monde entier comme celle du P\u00e8re No\u00ebl. L\u2019a\u00e9roport est situ\u00e9 \u00e0 8 km seulement de la ville. Les bouchons y sont inexistants. Sa population r\u00e9duite (30&rsquo;000 habitants, 60&rsquo;000 pour l\u2019agglom\u00e9ration) la rapproche consid\u00e9rablement de la nature. Tant et si bien, d\u2019ailleurs, que l\u2019on peut commencer toute activit\u00e9 ext\u00e9rieure d\u00e8s la porte de son h\u00f4tel franchie.<\/p>\n<p><strong>Une horloge qui freine le temps<\/strong><\/p>\n<p>Rendons-nous vers l\u2019attraction principale de la cit\u00e9, le village du P\u00e8re No\u00ebl. Un portail, plusieurs chalets joliment illumin\u00e9s, des guirlandes, constituent en quelque sorte le comit\u00e9 d\u2019accueil. Le Saint des Saints, au centre, est plus grand et encore plus \u00e9clair\u00e9. Pour ne pas le rater. A l\u2019int\u00e9rieur, un parcours, si pas initiatique, du moins th\u00e9matique, donne un peu l\u2019impression de se promener dans le ciel. L\u2019on passe devant une gigantesque horloge qui freine le temps afin de laisser suffisamment de latitude \u00e0 l\u2019h\u00f4te des lieux pour distribuer ses cadeaux aux enfants des quatre coins de la plan\u00e8te.<\/p>\n<p>Au bout d\u2019une passerelle, la porte d\u2019un bureau et, derri\u00e8re, l\u2019homme en rouge nous attend. C\u2019est, para\u00eet-il, un privil\u00e8ge de le rencontrer \u00e0 cet endroit pr\u00e9cis. Il arbore, comme dans nos souvenirs d\u2019enfance, longue barbe blanche, bonnet, lunettes, jovialit\u00e9, charisme, tra\u00eeneau\u2026 Rien ne manque.<\/p>\n<p>L\u2019idole des petits et des grands nous accueille \u00e0 bras ouverts. Il ne rechigne pas \u00e0 l\u00e2cher quelques bons mots, ce qui le rend imm\u00e9diatement encore plus sympathique.<\/p>\n<div id=\"attachment_3440\" style=\"width: 650px\" class=\"wp-caption alignnone\"><a href=\"https:\/\/i2.wp.com\/www.presstourism.ch\/WP_ALEX\/wp-content\/uploads\/2016\/12\/Finlande.1-Largeur-max.-1024-Hauteur-max.-768.jpg\"><img aria-describedby=\"caption-attachment-3440\" loading=\"lazy\" class=\"size-large wp-image-3440\" src=\"https:\/\/i2.wp.com\/www.presstourism.ch\/WP_ALEX\/wp-content\/uploads\/2016\/12\/Finlande.1-Largeur-max.-1024-Hauteur-max.-768-1024x682.jpg?resize=584%2C389\" alt=\"Le P\u00e8re No\u00ebl, bien cach\u00e9, dans son repaire de Rovaniemi. photo dw\" width=\"584\" height=\"389\" srcset=\"https:\/\/i2.wp.com\/www.presstourism.ch\/wp-content\/uploads\/2016\/12\/Finlande.1-Largeur-max.-1024-Hauteur-max.-768.jpg?w=1024 1024w, https:\/\/i2.wp.com\/www.presstourism.ch\/wp-content\/uploads\/2016\/12\/Finlande.1-Largeur-max.-1024-Hauteur-max.-768.jpg?resize=300%2C200 300w, https:\/\/i2.wp.com\/www.presstourism.ch\/wp-content\/uploads\/2016\/12\/Finlande.1-Largeur-max.-1024-Hauteur-max.-768.jpg?resize=768%2C512 768w, https:\/\/i2.wp.com\/www.presstourism.ch\/wp-content\/uploads\/2016\/12\/Finlande.1-Largeur-max.-1024-Hauteur-max.-768.jpg?resize=600%2C400 600w\" sizes=\"(max-width: 584px) 100vw, 584px\" data-recalc-dims=\"1\" \/><\/a><p id=\"caption-attachment-3440\" class=\"wp-caption-text\">Le P\u00e8re No\u00ebl, bien cach\u00e9, dans son repaire de Rovaniemi. photo dw<\/p><\/div>\n<p>En d\u00e9cembre 2015, 80&rsquo;000 visiteurs en provenance de 102 pays sont venus lui dire bonjour. Et il y en aura encore davantage cette ann\u00e9e\u2026<\/p>\n<p>Un peu plus loin, au parc du P\u00e8re No\u00ebl, ce sont des elfes qui nous accompagnent \u00e0 la d\u00e9couverte d\u2019une grotte pleine de surprises, dont une galerie de statues d\u2019animaux en glace et des spectacles. Apr\u00e8s y avoir franchi symboliquement le cercle polaire, l\u2019on apprend \u00e0 d\u00e9corer des pains d\u2019\u00e9pices et \u00e0 glisser les cadeaux dans les chaussettes.<\/p>\n<p><strong>Plongeon dans le Grand Nord<\/strong><\/p>\n<p>La v\u00e9ritable immersion dans le Grand Nord se fait \u00e0 Ruka, \u00e0 quelque 200 km de Rovaniemi, o\u00f9 les rennes (qui vivent en libert\u00e9 l\u2019\u00e9t\u00e9) traversent la route avec nonchalance, o\u00f9 les lacs gel\u00e9s constituent d\u2019immenses patinoires \u00e0 ciel ouvert, o\u00f9 les aurores bor\u00e9ales impriment les nuits de leurs fantasmagories verd\u00e2tres et mouvantes, o\u00f9 les for\u00eats de pins, de sapins et de bouleaux (organiques \u00e0 98%) semblent sans fin.<\/p>\n<div id=\"attachment_3444\" style=\"width: 572px\" class=\"wp-caption alignnone\"><a href=\"https:\/\/i0.wp.com\/www.presstourism.ch\/WP_ALEX\/wp-content\/uploads\/2016\/12\/Finlande.5-Largeur-max.-1024-Hauteur-max.-768.jpg\"><img aria-describedby=\"caption-attachment-3444\" loading=\"lazy\" class=\"size-full wp-image-3444\" src=\"https:\/\/i0.wp.com\/www.presstourism.ch\/WP_ALEX\/wp-content\/uploads\/2016\/12\/Finlande.5-Largeur-max.-1024-Hauteur-max.-768.jpg?resize=562%2C768\" alt=\"Balade en tra\u00eeneau tir\u00e9 par des huskies, une attraction reine. \" width=\"562\" height=\"768\" srcset=\"https:\/\/i1.wp.com\/www.presstourism.ch\/wp-content\/uploads\/2016\/12\/Finlande.5-Largeur-max.-1024-Hauteur-max.-768.jpg?w=562 562w, https:\/\/i1.wp.com\/www.presstourism.ch\/wp-content\/uploads\/2016\/12\/Finlande.5-Largeur-max.-1024-Hauteur-max.-768.jpg?resize=220%2C300 220w\" sizes=\"(max-width: 562px) 100vw, 562px\" data-recalc-dims=\"1\" \/><\/a><p id=\"caption-attachment-3444\" class=\"wp-caption-text\">Balade en tra\u00eeneau tir\u00e9 par des huskies, une attraction reine.<\/p><\/div>\n<p>Ici, \u00e0 une quarantaine de kilom\u00e8tres seulement de la fronti\u00e8re russe, les balades en tra\u00eeneau tir\u00e9 par des huskies sont l\u2019attraction reine. L\u2019occasion d\u2019un grand bol d\u2019air (tr\u00e8s) frais dans des paysages\u2026 \u00e0 couper le souffle. Dans ces bois touffus, qui abritent parfois des loups et des ours, difficile de retrouver son chemin. Pour l\u2019anecdote, si l\u2019on demande justement \u00e0 un Finlandais qui semble perdu en for\u00eat comment il fait pour revenir chez lui, il r\u00e9pond simplement: \u00abJe rentre \u00e0 la maison.\u00bb Tellement les autochtones connaissent leur environnement sur le bout des pieds.<\/p>\n<p>Pour se r\u00e9chauffer apr\u00e8s une sortie, rien de tel qu\u2019un bon sauna, qui a une v\u00e9ritable vocation sociale en Finlande. L\u2019on s\u2019y retrouve en famille pour se relaxer, entre ami(e)s pour bavarder, en couple pour se rapprocher, etc. La preuve qu\u2019il est indispensable et appartient au patrimoine culturel finlandais, sur 5,5 millions d\u2019habitants, l\u2019on compte trois millions de saunas. Authentique!<\/p>\n<p><strong>\u00a0\u00a0\u00a0\u00a0\u00a0\u00a0\u00a0\u00a0\u00a0\u00a0\u00a0\u00a0\u00a0\u00a0\u00a0\u00a0\u00a0\u00a0\u00a0\u00a0\u00a0\u00a0\u00a0\u00a0\u00a0\u00a0\u00a0\u00a0\u00a0\u00a0\u00a0\u00a0\u00a0\u00a0\u00a0\u00a0\u00a0\u00a0\u00a0\u00a0\u00a0\u00a0\u00a0\u00a0\u00a0\u00a0\u00a0\u00a0\u00a0\u00a0\u00a0\u00a0\u00a0\u00a0\u00a0\u00a0\u00a0\u00a0\u00a0\u00a0\u00a0\u00a0\u00a0\u00a0\u00a0 Didier Walzer, Rovaniemi<\/strong><\/p>\n<p>&nbsp;<\/p>\n<div id=\"attachment_3443\" style=\"width: 586px\" class=\"wp-caption alignnone\"><a href=\"https:\/\/i1.wp.com\/www.presstourism.ch\/WP_ALEX\/wp-content\/uploads\/2016\/12\/Finlande.4-Largeur-max.-1024-Hauteur-max.-768.jpg\"><img aria-describedby=\"caption-attachment-3443\" loading=\"lazy\" class=\"wp-image-3443 size-full\" src=\"https:\/\/i1.wp.com\/www.presstourism.ch\/WP_ALEX\/wp-content\/uploads\/2016\/12\/Finlande.4-Largeur-max.-1024-Hauteur-max.-768.jpg?resize=576%2C768\" alt=\"Finlande.4 [Largeur max. 1024 Hauteur max. 768]\" width=\"576\" height=\"768\" srcset=\"https:\/\/i2.wp.com\/www.presstourism.ch\/wp-content\/uploads\/2016\/12\/Finlande.4-Largeur-max.-1024-Hauteur-max.-768.jpg?w=576 576w, https:\/\/i2.wp.com\/www.presstourism.ch\/wp-content\/uploads\/2016\/12\/Finlande.4-Largeur-max.-1024-Hauteur-max.-768.jpg?resize=225%2C300 225w\" sizes=\"(max-width: 576px) 100vw, 576px\" data-recalc-dims=\"1\" \/><\/a><p id=\"caption-attachment-3443\" class=\"wp-caption-text\">L\u2019aurore bor\u00e9ale, comme une signature c\u00e9leste.<\/p><\/div>\n<div id=\"attachment_3441\" style=\"width: 650px\" class=\"wp-caption alignnone\"><a href=\"https:\/\/i1.wp.com\/www.presstourism.ch\/WP_ALEX\/wp-content\/uploads\/2016\/12\/Finlande.2-Largeur-max.-1024-Hauteur-max.-768.jpg\"><img aria-describedby=\"caption-attachment-3441\" loading=\"lazy\" class=\"size-large wp-image-3441\" src=\"https:\/\/i0.wp.com\/www.presstourism.ch\/WP_ALEX\/wp-content\/uploads\/2016\/12\/Finlande.2-Largeur-max.-1024-Hauteur-max.-768-1024x682.jpg?resize=584%2C389\" alt=\"Une Laponne v\u00eatue de mani\u00e8re traditionnelle et la \u00abstar\u00bb du pays, le renne. photo dw\" width=\"584\" height=\"389\" srcset=\"https:\/\/i0.wp.com\/www.presstourism.ch\/wp-content\/uploads\/2016\/12\/Finlande.2-Largeur-max.-1024-Hauteur-max.-768.jpg?w=1024 1024w, https:\/\/i0.wp.com\/www.presstourism.ch\/wp-content\/uploads\/2016\/12\/Finlande.2-Largeur-max.-1024-Hauteur-max.-768.jpg?resize=300%2C200 300w, https:\/\/i0.wp.com\/www.presstourism.ch\/wp-content\/uploads\/2016\/12\/Finlande.2-Largeur-max.-1024-Hauteur-max.-768.jpg?resize=768%2C512 768w, https:\/\/i0.wp.com\/www.presstourism.ch\/wp-content\/uploads\/2016\/12\/Finlande.2-Largeur-max.-1024-Hauteur-max.-768.jpg?resize=600%2C400 600w\" sizes=\"(max-width: 584px) 100vw, 584px\" data-recalc-dims=\"1\" \/><\/a><p id=\"caption-attachment-3441\" class=\"wp-caption-text\">Une Laponne v\u00eatue de mani\u00e8re traditionnelle et la \u00abstar\u00bb du pays, le renne. photo dw<\/p><\/div>\n<p><strong>Les Suisses toujours plus nombreux en Scandinavie<\/strong><\/p>\n<p>Il semblerait que le P\u00e8re No\u00ebl soit davantage pl\u00e9biscit\u00e9 par les Romands que les Al\u00e9maniques, si l\u2019on en croit Philipp Jordi, directeur du tour-op\u00e9rateur b\u00e2lois Glur, sp\u00e9cialiste de la Finlande et des contr\u00e9es nordiques: \u00abNos statistiques sur Rovaniemi sont en effet claires \u00e0 ce sujet. Le pays dans son ensemble est \u00e9galement plus pris\u00e9 dans la partie francophone qu\u2019outre-Sarine et notamment par les familles, logiquement, \u00e0 cette p\u00e9riode de l\u2019ann\u00e9e.\u00bb<\/p>\n<p>La soci\u00e9t\u00e9 b\u00e2loise, qui emploie plusieurs agents de voyages parlant fran\u00e7ais, constate, de mani\u00e8re g\u00e9n\u00e9rale, une augmentation de ses ventes, jusqu\u2019\u00e0 20% actuellement, pour la Scandinavie. \u00abUne des raisons tient \u00e0 l\u2019attractivit\u00e9 de l\u2019euro par rapport au franc suisse. Et aussi au fait que cette zone g\u00e9ographique est consid\u00e9r\u00e9e comme tr\u00e8s s\u00fbre en comparaison avec les pays frapp\u00e9s par le terrorisme ces derniers mois. Il y a donc un report de client\u00e8le\u00bb, analyse Philipp Jordi.<\/p>\n<p>C\u2019est pour surfer sur cette vague \u00e0 succ\u00e8s que la compagnie a\u00e9rienne Germania propose, deux fois par semaine \u2013 mercredi et dimanche \u2013, un vol au d\u00e9part de Zurich sur Rovaniemi tout au long de l\u2019hiver (d\u2019une dur\u00e9e de trois heures environ), qui achemine directement les passagers aupr\u00e8s du P\u00e8re No\u00ebl.<\/p>\n","protected":false},"excerpt":{"rendered":"<p>Nature brute et pr\u00e9serv\u00e9e. C\u2019est ainsi que se pr\u00e9sente la Laponie finlandaise. Une sorte de carte postale tout ce qu\u2019il y a de plus r\u00e9elle. C\u2019est l\u00e0-bas, \u00e0 Rovaniemi pr\u00e9cis\u00e9ment, que le \u00abvrai\u00bb P\u00e8re No\u00ebl a pos\u00e9 son tra\u00eeneau. Reportage. &hellip; <a href=\"http:\/\/www.presstourism.ch\/?page_id=3439\">Continuer la lecture <span class=\"meta-nav\">&rarr;<\/span><\/a><\/p>\n","protected":false},"author":1,"featured_media":0,"parent":3436,"menu_order":0,"comment_status":"closed","ping_status":"closed","template":"","meta":{"ngg_post_thumbnail":0,"spay_email":""},"jetpack_sharing_enabled":true,"jetpack_shortlink":"https:\/\/wp.me\/P468TV-Tt","_links":{"self":[{"href":"http:\/\/www.presstourism.ch\/index.php?rest_route=\/wp\/v2\/pages\/3439"}],"collection":[{"href":"http:\/\/www.presstourism.ch\/index.php?rest_route=\/wp\/v2\/pages"}],"about":[{"href":"http:\/\/www.presstourism.ch\/index.php?rest_route=\/wp\/v2\/types\/page"}],"author":[{"embeddable":true,"href":"http:\/\/www.presstourism.ch\/index.php?rest_route=\/wp\/v2\/users\/1"}],"replies":[{"embeddable":true,"href":"http:\/\/www.presstourism.ch\/index.php?rest_route=%2Fwp%2Fv2%2Fcomments&post=3439"}],"version-history":[{"count":1,"href":"http:\/\/www.presstourism.ch\/index.php?rest_route=\/wp\/v2\/pages\/3439\/revisions"}],"predecessor-version":[{"id":3446,"href":"http:\/\/www.presstourism.ch\/index.php?rest_route=\/wp\/v2\/pages\/3439\/revisions\/3446"}],"up":[{"embeddable":true,"href":"http:\/\/www.presstourism.ch\/index.php?rest_route=\/wp\/v2\/pages\/3436"}],"wp:attachment":[{"href":"http:\/\/www.presstourism.ch\/index.php?rest_route=%2Fwp%2Fv2%2Fmedia&parent=3439"}],"curies":[{"name":"wp","href":"https:\/\/api.w.org\/{rel}","templated":true}]}}